{"id":992,"date":"2014-10-10T09:00:11","date_gmt":"2014-10-10T07:00:11","guid":{"rendered":"http:\/\/www.driel-polen.nl\/?page_id=992"},"modified":"2021-01-13T19:12:11","modified_gmt":"2021-01-13T18:12:11","slug":"2008-toespraken-burgemeester","status":"publish","type":"page","link":"https:\/\/www.driel-polen.nl\/pl\/herdenkingen\/herdenkingen-2005-2014\/2008-toespraken-burgemeester\/","title":{"rendered":"2008-toespraken-burgemeester"},"content":{"rendered":"<p><span style=\"color: #ff0000; font-size: large;\">Toespraak burgemeester, mevr. E. Tuijnman<img loading=\"lazy\" decoding=\"async\" class=\"alignleft size-full wp-image-3135\" src=\"https:\/\/www.driel-polen.nl\/wordpress\/wp-content\/uploads\/2018\/10\/Fotos-toespraken-2008-Tuijnman.jpg\" alt=\"\" width=\"175\" height=\"250\" \/><br \/>\n<\/span>\u00a0Drodzy Weterani, Panie i Panowie,<\/p>\n<p>W tym roku chcia\u0142abym rozpocz\u0105\u0107 kilkoma strofami wiersza \u201eJacy\u015b ludzie\u201d polskiej poetki i laureatki Nagrody Nobla Wis\u0142awy Szymborskiej.<\/p>\n<p>\u201eJacy\u015b ludzie w ucieczce przed jakimi\u015b lud\u017ami.<br \/>\nW jakim\u015b kraju pod s\u0142o\u0144cem i niekt\u00f3rymi chmurami.<\/p>\n<p>Zostawiaj\u0105 za sob\u0105 jakie\u015b swoje wszystko,<br \/>\nobsiane pola, jakie\u015b kury, psy, lusterka, w kt\u00f3rych w\u0142a\u015bnie przegl\u0105da si\u0119 ogie\u0144.<\/p>\n<p>Maj\u0105 na plecach dzbanki i tobo\u0142ki,<br \/>\nim bardziej puste, tym z dnia na dzie\u0144 ci\u0119\u017csze.\u201d<\/p>\n<p>I dalej:<\/p>\n<p>\u201ePrzed nimi jaka\u015b wci\u0105\u017c nie t\u0119dy droga,<br \/>\nnie ten, co trzeba most<br \/>\nnad rzek\u0105 dziwnie r\u00f3\u017cow\u0105.<br \/>\nDoko\u0142a jakie\u015b strza\u0142y, raz bli\u017cej, raz dalej,<br \/>\nw g\u00f3rze samolot troch\u0119 ko\u0142uj\u0105cy.\u201d<\/p>\n<p>Przed nimi jaka\u015b wci\u0105\u017c nie t\u0119dy droga,<br \/>\nnie ten, co trzeba most\u2026\u2026\u2026..<\/p>\n<p>Co my\u015bleli ci m\u0142odzi ch\u0142opcy z polskiej 1. Samodzielnej Brygady Spadochronowej, kiedy we wrze\u015bniowe dni 1944 roku usi\u0142owali odwr\u00f3ci\u0107 bieg wydarze\u0144, wyprze\u0107 wroga z zaj\u0119tych ziem?<br \/>\nCo my\u015bla\u0142 Genera\u0142 Sosabowski, zagrzewaj\u0105c ich do walki?<br \/>\nTeraz, 64 lata p\u00f3\u017aniej, w Driel, kt\u00f3rego losy s\u0105 tak \u015bci\u015ble splecione z \u201enaszymi Polakami\u201d, gdzie wspominamy naszych Polak\u00f3w, ale i wszystkich innych, kt\u00f3rzy polegli, aby przywr\u00f3ci\u0107 nam wolno\u015b\u0107, uderzy\u0142y mnie te s\u0142owa: \u201ewci\u0105\u017c (\u2026) nie ten, co trzeba most\u201d.<\/p>\n<p>Wtedy by\u0142 to nie ten, co trzeba most, jeden most za daleko.<br \/>\nLecz wyrz\u0105dziliby\u015bmy wielk\u0105 krzywd\u0119 tym wszystkim \u017co\u0142nierzom, gdyby\u015bmy nie starli si\u0119 przekaza\u0107 przes\u0142ania tego mostu nast\u0119pnym pokoleniem.<br \/>\nPoniewa\u017c ta potrzeba jest wci\u0105\u017c tak przejmuj\u0105co aktualna, o czym \u015bwiadcz\u0105 liczne obrazy wojny, kt\u00f3re niemal codziennie s\u0105 nam serwowane przez media.<br \/>\nDlatego te\u017c ciesz\u0119 si\u0119, \u017ce ponownie wa\u017cn\u0105 cz\u0119\u015bci\u0105 obchod\u00f3w rocznicowych Airborne jest skupienie si\u0119 w tych dniach m\u0142odzie\u017cy z naszego kraju i z naszych gmin partnerskich nad tematem pokoju, wolno\u015bci i demokracji.<br \/>\nTo na nich wkr\u00f3tce spoczywa\u0107 b\u0119dzie odpowiedzialno\u015b\u0107 za pami\u0119tanie, \u017ce ka\u017cdy cz\u0142owiek, gdziekolwiek na \u015bwiecie, ma prawo do wolno\u015bci i demokracji.<br \/>\nPrawo do bezpiecze\u0144stwa i po\u017cywienia. Prawo do nauki.<\/p>\n<p>Wci\u0105\u017c nie ten, co trzeba most, jeden most za daleko. A mo\u017ce jednak most do przysz\u0142o\u015bci&#8230;<br \/>\nJakkolwiek trudne by to nie by\u0142o, mamy obowi\u0105zek nieustannie nad tym pracowa\u0107.<br \/>\nAby zapewni\u0107 naszym dzieciom i wnukom na ca\u0142ym \u015bwiecie to, do czego ka\u017cde ludzkie dziecko ma prawo.<br \/>\nZ przes\u0142aniem, \u017ce wysi\u0142ki wielu, cz\u0119sto bardzo m\u0142odych ludzi we wrze\u015bniu 1944 roku nie posz\u0142y na darmo.<br \/>\nZ wdzi\u0119czno\u015bci, bo pami\u0119tamy, \u017ce walczyli o nasz\u0105 wolno\u015b\u0107.<\/p>","protected":false},"excerpt":{"rendered":"<p>Toespraak burgemeester, mevr. E. Tuijnman \u00a0Drodzy Weterani, Panie i Panowie, W tym roku chcia\u0142abym rozpocz\u0105\u0107 kilkoma strofami wiersza \u201eJacy\u015b ludzie\u201d polskiej poetki i laureatki Nagrody Nobla Wis\u0142awy Szymborskiej. \u201eJacy\u015b ludzie w ucieczce przed jakimi\u015b lud\u017ami. W jakim\u015b kraju pod s\u0142o\u0144cem <span class=\"excerpt-dots\">&hellip;<\/span> <a class=\"more-link\" href=\"https:\/\/www.driel-polen.nl\/pl\/herdenkingen\/herdenkingen-2005-2014\/2008-toespraken-burgemeester\/\"><span class=\"more-msg\"><img decoding=\"async\" src=\"https:\/\/www.driel-polen.nl\/downloads\/lees-meer3.jpg\"><\/p>\n<hr class=\"wvrx-expand-full\" style=\"margin:0\"><\/span><\/a><\/p>\n","protected":false},"author":17,"featured_media":0,"parent":5637,"menu_order":6,"comment_status":"closed","ping_status":"open","template":"","meta":{"_monsterinsights_skip_tracking":false,"_monsterinsights_sitenote_active":false,"_monsterinsights_sitenote_note":"","_monsterinsights_sitenote_category":0,"ngg_post_thumbnail":0,"footnotes":""},"class_list":["post-992","page","type-page","status-publish","hentry"],"yoast_head":"<!-- This site is optimized with the Yoast SEO plugin v27.4 - https:\/\/yoast.com\/product\/yoast-seo-wordpress\/ -->\n<title>2008-toespraken-burgemeester - Stichting Driel-Polen<\/title>\n<meta name=\"robots\" content=\"index, follow, max-snippet:-1, max-image-preview:large, max-video-preview:-1\" \/>\n<link rel=\"canonical\" href=\"https:\/\/www.driel-polen.nl\/herdenkingen\/herdenkingen-2005-2014\/2008-toespraken-burgemeester\/\" \/>\n<meta property=\"og:locale\" content=\"pl_PL\" \/>\n<meta property=\"og:type\" content=\"article\" \/>\n<meta property=\"og:title\" content=\"2008-toespraken-burgemeester - Stichting Driel-Polen\" \/>\n<meta property=\"og:description\" content=\"Toespraak burgemeester, mevr. E. Tuijnman \u00a0Drodzy Weterani, Panie i Panowie, W tym roku chcia\u0142abym rozpocz\u0105\u0107 kilkoma strofami wiersza \u201eJacy\u015b ludzie\u201d polskiej poetki i laureatki Nagrody Nobla Wis\u0142awy Szymborskiej. \u201eJacy\u015b ludzie w ucieczce przed jakimi\u015b lud\u017ami. W jakim\u015b kraju pod s\u0142o\u0144cem &hellip;\" \/>\n<meta property=\"og:url\" content=\"https:\/\/www.driel-polen.nl\/herdenkingen\/herdenkingen-2005-2014\/2008-toespraken-burgemeester\/\" \/>\n<meta property=\"og:site_name\" content=\"Stichting Driel-Polen\" \/>\n<meta property=\"article:modified_time\" content=\"2021-01-13T18:12:11+00:00\" \/>\n<meta property=\"og:image\" content=\"https:\/\/www.driel-polen.nl\/wordpress\/wp-content\/uploads\/2018\/10\/Fotos-toespraken-2008-Tuijnman.jpg\" \/>\n<meta name=\"twitter:label1\" content=\"Szacowany czas czytania\" \/>\n\t<meta name=\"twitter:data1\" content=\"7 minut\" \/>\n<script type=\"application\/ld+json\" class=\"yoast-schema-graph\">{\"@context\":\"https:\\\/\\\/schema.org\",\"@graph\":[{\"@type\":\"WebPage\",\"@id\":\"https:\\\/\\\/www.driel-polen.nl\\\/herdenkingen\\\/herdenkingen-2005-2014\\\/2008-toespraken-burgemeester\\\/\",\"url\":\"https:\\\/\\\/www.driel-polen.nl\\\/herdenkingen\\\/herdenkingen-2005-2014\\\/2008-toespraken-burgemeester\\\/\",\"name\":\"2008-toespraken-burgemeester - Stichting Driel-Polen\",\"isPartOf\":{\"@id\":\"https:\\\/\\\/www.driel-polen.nl\\\/nl\\\/#website\"},\"primaryImageOfPage\":{\"@id\":\"https:\\\/\\\/www.driel-polen.nl\\\/herdenkingen\\\/herdenkingen-2005-2014\\\/2008-toespraken-burgemeester\\\/#primaryimage\"},\"image\":{\"@id\":\"https:\\\/\\\/www.driel-polen.nl\\\/herdenkingen\\\/herdenkingen-2005-2014\\\/2008-toespraken-burgemeester\\\/#primaryimage\"},\"thumbnailUrl\":\"https:\\\/\\\/www.driel-polen.nl\\\/wordpress\\\/wp-content\\\/uploads\\\/2018\\\/10\\\/Fotos-toespraken-2008-Tuijnman.jpg\",\"datePublished\":\"2014-10-10T07:00:11+00:00\",\"dateModified\":\"2021-01-13T18:12:11+00:00\",\"breadcrumb\":{\"@id\":\"https:\\\/\\\/www.driel-polen.nl\\\/herdenkingen\\\/herdenkingen-2005-2014\\\/2008-toespraken-burgemeester\\\/#breadcrumb\"},\"inLanguage\":\"pl-PL\",\"potentialAction\":[{\"@type\":\"ReadAction\",\"target\":[\"https:\\\/\\\/www.driel-polen.nl\\\/herdenkingen\\\/herdenkingen-2005-2014\\\/2008-toespraken-burgemeester\\\/\"]}]},{\"@type\":\"ImageObject\",\"inLanguage\":\"pl-PL\",\"@id\":\"https:\\\/\\\/www.driel-polen.nl\\\/herdenkingen\\\/herdenkingen-2005-2014\\\/2008-toespraken-burgemeester\\\/#primaryimage\",\"url\":\"https:\\\/\\\/www.driel-polen.nl\\\/wordpress\\\/wp-content\\\/uploads\\\/2018\\\/10\\\/Fotos-toespraken-2008-Tuijnman.jpg\",\"contentUrl\":\"https:\\\/\\\/www.driel-polen.nl\\\/wordpress\\\/wp-content\\\/uploads\\\/2018\\\/10\\\/Fotos-toespraken-2008-Tuijnman.jpg\"},{\"@type\":\"BreadcrumbList\",\"@id\":\"https:\\\/\\\/www.driel-polen.nl\\\/herdenkingen\\\/herdenkingen-2005-2014\\\/2008-toespraken-burgemeester\\\/#breadcrumb\",\"itemListElement\":[{\"@type\":\"ListItem\",\"position\":1,\"name\":\"Herdenkingen\",\"item\":\"https:\\\/\\\/www.driel-polen.nl\\\/herdenkingen\\\/\"},{\"@type\":\"ListItem\",\"position\":2,\"name\":\"Herdenkingen 2005-2014\",\"item\":\"https:\\\/\\\/www.driel-polen.nl\\\/herdenkingen\\\/herdenkingen-2005-2014\\\/\"},{\"@type\":\"ListItem\",\"position\":3,\"name\":\"2008-toespraken-burgemeester\"}]},{\"@type\":\"WebSite\",\"@id\":\"https:\\\/\\\/www.driel-polen.nl\\\/nl\\\/#website\",\"url\":\"https:\\\/\\\/www.driel-polen.nl\\\/nl\\\/\",\"name\":\"Stichting Driel-Polen\",\"description\":\"General St. Sosabowski\",\"potentialAction\":[{\"@type\":\"SearchAction\",\"target\":{\"@type\":\"EntryPoint\",\"urlTemplate\":\"https:\\\/\\\/www.driel-polen.nl\\\/nl\\\/?s={search_term_string}\"},\"query-input\":{\"@type\":\"PropertyValueSpecification\",\"valueRequired\":true,\"valueName\":\"search_term_string\"}}],\"inLanguage\":\"pl-PL\"}]}<\/script>\n<!-- \/ Yoast SEO plugin. -->","yoast_head_json":{"title":"2008-toespraken-burgemeester - Stichting Driel-Polen","robots":{"index":"index","follow":"follow","max-snippet":"max-snippet:-1","max-image-preview":"max-image-preview:large","max-video-preview":"max-video-preview:-1"},"canonical":"https:\/\/www.driel-polen.nl\/herdenkingen\/herdenkingen-2005-2014\/2008-toespraken-burgemeester\/","og_locale":"pl_PL","og_type":"article","og_title":"2008-toespraken-burgemeester - Stichting Driel-Polen","og_description":"Toespraak burgemeester, mevr. E. Tuijnman \u00a0Drodzy Weterani, Panie i Panowie, W tym roku chcia\u0142abym rozpocz\u0105\u0107 kilkoma strofami wiersza \u201eJacy\u015b ludzie\u201d polskiej poetki i laureatki Nagrody Nobla Wis\u0142awy Szymborskiej. \u201eJacy\u015b ludzie w ucieczce przed jakimi\u015b lud\u017ami. W jakim\u015b kraju pod s\u0142o\u0144cem &hellip;","og_url":"https:\/\/www.driel-polen.nl\/herdenkingen\/herdenkingen-2005-2014\/2008-toespraken-burgemeester\/","og_site_name":"Stichting Driel-Polen","article_modified_time":"2021-01-13T18:12:11+00:00","og_image":[{"url":"https:\/\/www.driel-polen.nl\/wordpress\/wp-content\/uploads\/2018\/10\/Fotos-toespraken-2008-Tuijnman.jpg","type":"","width":"","height":""}],"twitter_misc":{"Szacowany czas czytania":"7 minut"},"schema":{"@context":"https:\/\/schema.org","@graph":[{"@type":"WebPage","@id":"https:\/\/www.driel-polen.nl\/herdenkingen\/herdenkingen-2005-2014\/2008-toespraken-burgemeester\/","url":"https:\/\/www.driel-polen.nl\/herdenkingen\/herdenkingen-2005-2014\/2008-toespraken-burgemeester\/","name":"2008-toespraken-burgemeester - Stichting Driel-Polen","isPartOf":{"@id":"https:\/\/www.driel-polen.nl\/nl\/#website"},"primaryImageOfPage":{"@id":"https:\/\/www.driel-polen.nl\/herdenkingen\/herdenkingen-2005-2014\/2008-toespraken-burgemeester\/#primaryimage"},"image":{"@id":"https:\/\/www.driel-polen.nl\/herdenkingen\/herdenkingen-2005-2014\/2008-toespraken-burgemeester\/#primaryimage"},"thumbnailUrl":"https:\/\/www.driel-polen.nl\/wordpress\/wp-content\/uploads\/2018\/10\/Fotos-toespraken-2008-Tuijnman.jpg","datePublished":"2014-10-10T07:00:11+00:00","dateModified":"2021-01-13T18:12:11+00:00","breadcrumb":{"@id":"https:\/\/www.driel-polen.nl\/herdenkingen\/herdenkingen-2005-2014\/2008-toespraken-burgemeester\/#breadcrumb"},"inLanguage":"pl-PL","potentialAction":[{"@type":"ReadAction","target":["https:\/\/www.driel-polen.nl\/herdenkingen\/herdenkingen-2005-2014\/2008-toespraken-burgemeester\/"]}]},{"@type":"ImageObject","inLanguage":"pl-PL","@id":"https:\/\/www.driel-polen.nl\/herdenkingen\/herdenkingen-2005-2014\/2008-toespraken-burgemeester\/#primaryimage","url":"https:\/\/www.driel-polen.nl\/wordpress\/wp-content\/uploads\/2018\/10\/Fotos-toespraken-2008-Tuijnman.jpg","contentUrl":"https:\/\/www.driel-polen.nl\/wordpress\/wp-content\/uploads\/2018\/10\/Fotos-toespraken-2008-Tuijnman.jpg"},{"@type":"BreadcrumbList","@id":"https:\/\/www.driel-polen.nl\/herdenkingen\/herdenkingen-2005-2014\/2008-toespraken-burgemeester\/#breadcrumb","itemListElement":[{"@type":"ListItem","position":1,"name":"Herdenkingen","item":"https:\/\/www.driel-polen.nl\/herdenkingen\/"},{"@type":"ListItem","position":2,"name":"Herdenkingen 2005-2014","item":"https:\/\/www.driel-polen.nl\/herdenkingen\/herdenkingen-2005-2014\/"},{"@type":"ListItem","position":3,"name":"2008-toespraken-burgemeester"}]},{"@type":"WebSite","@id":"https:\/\/www.driel-polen.nl\/nl\/#website","url":"https:\/\/www.driel-polen.nl\/nl\/","name":"Stichting Driel-Polen","description":"General St. Sosabowski","potentialAction":[{"@type":"SearchAction","target":{"@type":"EntryPoint","urlTemplate":"https:\/\/www.driel-polen.nl\/nl\/?s={search_term_string}"},"query-input":{"@type":"PropertyValueSpecification","valueRequired":true,"valueName":"search_term_string"}}],"inLanguage":"pl-PL"}]}},"_links":{"self":[{"href":"https:\/\/www.driel-polen.nl\/pl\/wp-json\/wp\/v2\/pages\/992","targetHints":{"allow":["GET"]}}],"collection":[{"href":"https:\/\/www.driel-polen.nl\/pl\/wp-json\/wp\/v2\/pages"}],"about":[{"href":"https:\/\/www.driel-polen.nl\/pl\/wp-json\/wp\/v2\/types\/page"}],"author":[{"embeddable":true,"href":"https:\/\/www.driel-polen.nl\/pl\/wp-json\/wp\/v2\/users\/17"}],"replies":[{"embeddable":true,"href":"https:\/\/www.driel-polen.nl\/pl\/wp-json\/wp\/v2\/comments?post=992"}],"version-history":[{"count":2,"href":"https:\/\/www.driel-polen.nl\/pl\/wp-json\/wp\/v2\/pages\/992\/revisions"}],"predecessor-version":[{"id":3137,"href":"https:\/\/www.driel-polen.nl\/pl\/wp-json\/wp\/v2\/pages\/992\/revisions\/3137"}],"up":[{"embeddable":true,"href":"https:\/\/www.driel-polen.nl\/pl\/wp-json\/wp\/v2\/pages\/5637"}],"wp:attachment":[{"href":"https:\/\/www.driel-polen.nl\/pl\/wp-json\/wp\/v2\/media?parent=992"}],"curies":[{"name":"wp","href":"https:\/\/api.w.org\/{rel}","templated":true}]}}