{"id":989,"date":"2014-10-10T08:56:21","date_gmt":"2014-10-10T06:56:21","guid":{"rendered":"http:\/\/www.driel-polen.nl\/?page_id=989"},"modified":"2021-01-13T19:11:42","modified_gmt":"2021-01-13T18:11:42","slug":"2008-toespraken-voorzitter","status":"publish","type":"page","link":"https:\/\/www.driel-polen.nl\/pl\/herdenkingen\/herdenkingen-2005-2014\/2008-toespraken-voorzitter\/","title":{"rendered":"2008-toespraken-voorzitter"},"content":{"rendered":"<p><span style=\"color: #ff0000; font-size: large;\">Toespraak vz. Stichting Driel-Polen, dhr. A. Baltussen<\/span><br \/>\n<img loading=\"lazy\" decoding=\"async\" class=\"alignleft size-full wp-image-3131\" src=\"https:\/\/www.driel-polen.nl\/wordpress\/wp-content\/uploads\/2018\/10\/Fotos-toespraken-2008-ArnoBaltussen.jpg\" alt=\"\" width=\"175\" height=\"250\" \/>Szanowne Panie, Szanowni Panowie, dziewcz\u0119ta i ch\u0142opcy!<\/p>\n<p>Serdecznie witam Was na uroczysto\u015bciach po\u015bwi\u0119conych pami\u0119ci Pierwszej Samodzielnej Brygady Spadochronowej i jej uczestnictwu w bitwie pod Arnhem.<\/p>\n<p>Rok temu polska dziennikarka, pani Joanna Pieciukiewicz zwr\u00f3ci\u0142a si\u0119 do swoich koleg\u00f3w z portalu Polonia.NL Polonii Holenderskiej z pro\u015bb\u0105 o pomoc. Chcia\u0142a uzyska\u0107 wi\u0119cej informacji na temat przyznania najwy\u017cszych holenderskich odznacze\u0144 wojskowych: Medalu Br\u0105zowego Lwa genera\u0142owi Sosabowskiemu, oraz Order Wojskowy Kr\u00f3la Wilhelma spadkobiercom tradycji Pierwszej Samodzielnej Brygady Spadochronowej. Mia\u0142a zamiar nakr\u0119ci\u0107 film dokumentalny na temat stara\u0144 Holendr\u00f3w o rehabilitacj\u0119 genera\u0142a i jego brygady. Szczeg\u00f3\u0142y udzia\u0142u Polak\u00f3w w bitwie pod Arnhem we wrze\u015bniu 1944 roku nie by\u0142y dobrze znane w samej Polsce.<\/p>\n<p>Poradzono jej, \u017ceby natychmiast przyjecha\u0142a do Holandii i wzi\u0119\u0142a udzia\u0142 w obchodach rocznicy bitwy tutaj w Driel.<\/p>\n<p>Jak sama p\u00f3\u017aniej opowiada\u0142a, by\u0142a zaskoczona zaanga\u017cowaniem mieszka\u0144c\u00f3w Driel w polsk\u0105 spraw\u0119. W listopadzie wr\u00f3ci\u0142a do Driel razem z ekip\u0105 telewizyjn\u0105. Spotka\u0142a si\u0119 z osobami bezpo\u015brednio zaanga\u017cowanymi w proces rehabilitacji Genera\u0142a i Jego Brygady.<\/p>\n<p>Powsta\u0142 film dokumentalny, kt\u00f3rego premiera odby\u0142a si\u0119 w czerwcu tego roku na antenie TV Polonia. Film zdoby\u0142 du\u017c\u0105 popularno\u015b\u0107 i uznanie w\u015br\u00f3d polskich widz\u00f3w. Wzros\u0142o zainteresowanie histori\u0105 genera\u0142a i brygady i r\u00f3wnie\u017c zainteresowanie obchodami tych wydarze\u0144. Dowodzi tego na przyk\u0142ad obecno\u015b\u0107 prawie 50 os\u00f3b z Trzci\u0144ska Zdroju, przyby\u0142ych wraz z przedstawicielami gminy Graft-de Rijp, partnerskiej gminy Trzci\u0144ska. Po po\u0142udniu spodziewamy si\u0119 wyst\u0119pu ch\u00f3ru Gorce z Nowego Targu. Jego cz\u0142onkowie byli na wyst\u0119pach w Brukseli i w drodze powrotnej postanowili przyjecha\u0107 na uroczysto\u015bci do Driel i nagroby \u017co\u0142nierzy.<\/p>\n<p>Wczoraj w Hadze ambasada RP zorganizowa\u0142a pokaz filmu dla specjalnie zaproszonych go\u015bci. Dzisiaj b\u0119dzie mo\u017cna go zobaczy\u0107 o godz. 17 w centrum Oldenburg.<br \/>\nRelacja filmowa z dzisiejszych uroczysto\u015bci b\u0119dzie pokazana w Polsce w najbli\u017cszych dniach.<\/p>\n<p>Zamiarem Cory Baltussen by\u0142o rozpowszechnienie w Polsce wiedzy o historii Pierwszej Samodzielnej Brygady Spadochronowej i generale Stanis\u0142awie Sosabowskim. Za jej \u017cycia to marzenie spe\u0142ni\u0142o si\u0119 tylko cz\u0119\u015bciowo. Pewnie nigdy nie przypuszcza\u0142a, \u017ce wkr\u00f3tce po jej \u015bmierci historia Brygady tak szybko stanie si\u0119 znana.<\/p>\n<p>Jeste\u015bmy przekonani, \u017ce w przysz\u0142o\u015bci Polacy b\u0119d\u0105 wykazywali coraz wi\u0119ksze zainteresowanie tymi obchodami. Z rado\u015bci\u0105 powitamy ich w Driel.<\/p>\n<p>(t\u0142um. z niderlandzkiego M. Bos-Karczewska) &#8211; www.polonia.nl<\/p>","protected":false},"excerpt":{"rendered":"<p>Toespraak vz. Stichting Driel-Polen, dhr. A. Baltussen Szanowne Panie, Szanowni Panowie, dziewcz\u0119ta i ch\u0142opcy! Serdecznie witam Was na uroczysto\u015bciach po\u015bwi\u0119conych pami\u0119ci Pierwszej Samodzielnej Brygady Spadochronowej i jej uczestnictwu w bitwie pod Arnhem. Rok temu polska dziennikarka, pani Joanna Pieciukiewicz zwr\u00f3ci\u0142a <span class=\"excerpt-dots\">&hellip;<\/span> <a class=\"more-link\" href=\"https:\/\/www.driel-polen.nl\/pl\/herdenkingen\/herdenkingen-2005-2014\/2008-toespraken-voorzitter\/\"><span class=\"more-msg\"><img decoding=\"async\" src=\"https:\/\/www.driel-polen.nl\/downloads\/lees-meer3.jpg\"><\/p>\n<hr class=\"wvrx-expand-full\" style=\"margin:0\"><\/span><\/a><\/p>\n","protected":false},"author":17,"featured_media":0,"parent":5637,"menu_order":5,"comment_status":"closed","ping_status":"open","template":"","meta":{"_monsterinsights_skip_tracking":false,"_monsterinsights_sitenote_active":false,"_monsterinsights_sitenote_note":"","_monsterinsights_sitenote_category":0,"ngg_post_thumbnail":0,"footnotes":""},"class_list":["post-989","page","type-page","status-publish","hentry"],"yoast_head":"<!-- This site is optimized with the Yoast SEO plugin v27.4 - https:\/\/yoast.com\/product\/yoast-seo-wordpress\/ -->\n<title>2008-toespraken-voorzitter - Stichting Driel-Polen<\/title>\n<meta name=\"robots\" content=\"index, follow, max-snippet:-1, max-image-preview:large, max-video-preview:-1\" \/>\n<link rel=\"canonical\" href=\"https:\/\/www.driel-polen.nl\/herdenkingen\/herdenkingen-2005-2014\/2008-toespraken-voorzitter\/\" \/>\n<meta property=\"og:locale\" content=\"pl_PL\" \/>\n<meta property=\"og:type\" content=\"article\" \/>\n<meta property=\"og:title\" content=\"2008-toespraken-voorzitter - Stichting Driel-Polen\" \/>\n<meta property=\"og:description\" content=\"Toespraak vz. Stichting Driel-Polen, dhr. A. Baltussen Szanowne Panie, Szanowni Panowie, dziewcz\u0119ta i ch\u0142opcy! Serdecznie witam Was na uroczysto\u015bciach po\u015bwi\u0119conych pami\u0119ci Pierwszej Samodzielnej Brygady Spadochronowej i jej uczestnictwu w bitwie pod Arnhem. Rok temu polska dziennikarka, pani Joanna Pieciukiewicz zwr\u00f3ci\u0142a &hellip;\" \/>\n<meta property=\"og:url\" content=\"https:\/\/www.driel-polen.nl\/herdenkingen\/herdenkingen-2005-2014\/2008-toespraken-voorzitter\/\" \/>\n<meta property=\"og:site_name\" content=\"Stichting Driel-Polen\" \/>\n<meta property=\"article:modified_time\" content=\"2021-01-13T18:11:42+00:00\" \/>\n<meta property=\"og:image\" content=\"https:\/\/www.driel-polen.nl\/wordpress\/wp-content\/uploads\/2018\/10\/Fotos-toespraken-2008-ArnoBaltussen.jpg\" \/>\n<meta name=\"twitter:label1\" content=\"Szacowany czas czytania\" \/>\n\t<meta name=\"twitter:data1\" content=\"9 minut\" \/>\n<script type=\"application\/ld+json\" class=\"yoast-schema-graph\">{\"@context\":\"https:\\\/\\\/schema.org\",\"@graph\":[{\"@type\":\"WebPage\",\"@id\":\"https:\\\/\\\/www.driel-polen.nl\\\/herdenkingen\\\/herdenkingen-2005-2014\\\/2008-toespraken-voorzitter\\\/\",\"url\":\"https:\\\/\\\/www.driel-polen.nl\\\/herdenkingen\\\/herdenkingen-2005-2014\\\/2008-toespraken-voorzitter\\\/\",\"name\":\"2008-toespraken-voorzitter - Stichting Driel-Polen\",\"isPartOf\":{\"@id\":\"https:\\\/\\\/www.driel-polen.nl\\\/nl\\\/#website\"},\"primaryImageOfPage\":{\"@id\":\"https:\\\/\\\/www.driel-polen.nl\\\/herdenkingen\\\/herdenkingen-2005-2014\\\/2008-toespraken-voorzitter\\\/#primaryimage\"},\"image\":{\"@id\":\"https:\\\/\\\/www.driel-polen.nl\\\/herdenkingen\\\/herdenkingen-2005-2014\\\/2008-toespraken-voorzitter\\\/#primaryimage\"},\"thumbnailUrl\":\"https:\\\/\\\/www.driel-polen.nl\\\/wordpress\\\/wp-content\\\/uploads\\\/2018\\\/10\\\/Fotos-toespraken-2008-ArnoBaltussen.jpg\",\"datePublished\":\"2014-10-10T06:56:21+00:00\",\"dateModified\":\"2021-01-13T18:11:42+00:00\",\"breadcrumb\":{\"@id\":\"https:\\\/\\\/www.driel-polen.nl\\\/herdenkingen\\\/herdenkingen-2005-2014\\\/2008-toespraken-voorzitter\\\/#breadcrumb\"},\"inLanguage\":\"pl-PL\",\"potentialAction\":[{\"@type\":\"ReadAction\",\"target\":[\"https:\\\/\\\/www.driel-polen.nl\\\/herdenkingen\\\/herdenkingen-2005-2014\\\/2008-toespraken-voorzitter\\\/\"]}]},{\"@type\":\"ImageObject\",\"inLanguage\":\"pl-PL\",\"@id\":\"https:\\\/\\\/www.driel-polen.nl\\\/herdenkingen\\\/herdenkingen-2005-2014\\\/2008-toespraken-voorzitter\\\/#primaryimage\",\"url\":\"https:\\\/\\\/www.driel-polen.nl\\\/wordpress\\\/wp-content\\\/uploads\\\/2018\\\/10\\\/Fotos-toespraken-2008-ArnoBaltussen.jpg\",\"contentUrl\":\"https:\\\/\\\/www.driel-polen.nl\\\/wordpress\\\/wp-content\\\/uploads\\\/2018\\\/10\\\/Fotos-toespraken-2008-ArnoBaltussen.jpg\"},{\"@type\":\"BreadcrumbList\",\"@id\":\"https:\\\/\\\/www.driel-polen.nl\\\/herdenkingen\\\/herdenkingen-2005-2014\\\/2008-toespraken-voorzitter\\\/#breadcrumb\",\"itemListElement\":[{\"@type\":\"ListItem\",\"position\":1,\"name\":\"Herdenkingen\",\"item\":\"https:\\\/\\\/www.driel-polen.nl\\\/herdenkingen\\\/\"},{\"@type\":\"ListItem\",\"position\":2,\"name\":\"Herdenkingen 2005-2014\",\"item\":\"https:\\\/\\\/www.driel-polen.nl\\\/herdenkingen\\\/herdenkingen-2005-2014\\\/\"},{\"@type\":\"ListItem\",\"position\":3,\"name\":\"2008-toespraken-voorzitter\"}]},{\"@type\":\"WebSite\",\"@id\":\"https:\\\/\\\/www.driel-polen.nl\\\/nl\\\/#website\",\"url\":\"https:\\\/\\\/www.driel-polen.nl\\\/nl\\\/\",\"name\":\"Stichting Driel-Polen\",\"description\":\"General St. Sosabowski\",\"potentialAction\":[{\"@type\":\"SearchAction\",\"target\":{\"@type\":\"EntryPoint\",\"urlTemplate\":\"https:\\\/\\\/www.driel-polen.nl\\\/nl\\\/?s={search_term_string}\"},\"query-input\":{\"@type\":\"PropertyValueSpecification\",\"valueRequired\":true,\"valueName\":\"search_term_string\"}}],\"inLanguage\":\"pl-PL\"}]}<\/script>\n<!-- \/ Yoast SEO plugin. -->","yoast_head_json":{"title":"2008-toespraken-voorzitter - Stichting Driel-Polen","robots":{"index":"index","follow":"follow","max-snippet":"max-snippet:-1","max-image-preview":"max-image-preview:large","max-video-preview":"max-video-preview:-1"},"canonical":"https:\/\/www.driel-polen.nl\/herdenkingen\/herdenkingen-2005-2014\/2008-toespraken-voorzitter\/","og_locale":"pl_PL","og_type":"article","og_title":"2008-toespraken-voorzitter - Stichting Driel-Polen","og_description":"Toespraak vz. Stichting Driel-Polen, dhr. A. Baltussen Szanowne Panie, Szanowni Panowie, dziewcz\u0119ta i ch\u0142opcy! Serdecznie witam Was na uroczysto\u015bciach po\u015bwi\u0119conych pami\u0119ci Pierwszej Samodzielnej Brygady Spadochronowej i jej uczestnictwu w bitwie pod Arnhem. Rok temu polska dziennikarka, pani Joanna Pieciukiewicz zwr\u00f3ci\u0142a &hellip;","og_url":"https:\/\/www.driel-polen.nl\/herdenkingen\/herdenkingen-2005-2014\/2008-toespraken-voorzitter\/","og_site_name":"Stichting Driel-Polen","article_modified_time":"2021-01-13T18:11:42+00:00","og_image":[{"url":"https:\/\/www.driel-polen.nl\/wordpress\/wp-content\/uploads\/2018\/10\/Fotos-toespraken-2008-ArnoBaltussen.jpg","type":"","width":"","height":""}],"twitter_misc":{"Szacowany czas czytania":"9 minut"},"schema":{"@context":"https:\/\/schema.org","@graph":[{"@type":"WebPage","@id":"https:\/\/www.driel-polen.nl\/herdenkingen\/herdenkingen-2005-2014\/2008-toespraken-voorzitter\/","url":"https:\/\/www.driel-polen.nl\/herdenkingen\/herdenkingen-2005-2014\/2008-toespraken-voorzitter\/","name":"2008-toespraken-voorzitter - Stichting Driel-Polen","isPartOf":{"@id":"https:\/\/www.driel-polen.nl\/nl\/#website"},"primaryImageOfPage":{"@id":"https:\/\/www.driel-polen.nl\/herdenkingen\/herdenkingen-2005-2014\/2008-toespraken-voorzitter\/#primaryimage"},"image":{"@id":"https:\/\/www.driel-polen.nl\/herdenkingen\/herdenkingen-2005-2014\/2008-toespraken-voorzitter\/#primaryimage"},"thumbnailUrl":"https:\/\/www.driel-polen.nl\/wordpress\/wp-content\/uploads\/2018\/10\/Fotos-toespraken-2008-ArnoBaltussen.jpg","datePublished":"2014-10-10T06:56:21+00:00","dateModified":"2021-01-13T18:11:42+00:00","breadcrumb":{"@id":"https:\/\/www.driel-polen.nl\/herdenkingen\/herdenkingen-2005-2014\/2008-toespraken-voorzitter\/#breadcrumb"},"inLanguage":"pl-PL","potentialAction":[{"@type":"ReadAction","target":["https:\/\/www.driel-polen.nl\/herdenkingen\/herdenkingen-2005-2014\/2008-toespraken-voorzitter\/"]}]},{"@type":"ImageObject","inLanguage":"pl-PL","@id":"https:\/\/www.driel-polen.nl\/herdenkingen\/herdenkingen-2005-2014\/2008-toespraken-voorzitter\/#primaryimage","url":"https:\/\/www.driel-polen.nl\/wordpress\/wp-content\/uploads\/2018\/10\/Fotos-toespraken-2008-ArnoBaltussen.jpg","contentUrl":"https:\/\/www.driel-polen.nl\/wordpress\/wp-content\/uploads\/2018\/10\/Fotos-toespraken-2008-ArnoBaltussen.jpg"},{"@type":"BreadcrumbList","@id":"https:\/\/www.driel-polen.nl\/herdenkingen\/herdenkingen-2005-2014\/2008-toespraken-voorzitter\/#breadcrumb","itemListElement":[{"@type":"ListItem","position":1,"name":"Herdenkingen","item":"https:\/\/www.driel-polen.nl\/herdenkingen\/"},{"@type":"ListItem","position":2,"name":"Herdenkingen 2005-2014","item":"https:\/\/www.driel-polen.nl\/herdenkingen\/herdenkingen-2005-2014\/"},{"@type":"ListItem","position":3,"name":"2008-toespraken-voorzitter"}]},{"@type":"WebSite","@id":"https:\/\/www.driel-polen.nl\/nl\/#website","url":"https:\/\/www.driel-polen.nl\/nl\/","name":"Stichting Driel-Polen","description":"General St. Sosabowski","potentialAction":[{"@type":"SearchAction","target":{"@type":"EntryPoint","urlTemplate":"https:\/\/www.driel-polen.nl\/nl\/?s={search_term_string}"},"query-input":{"@type":"PropertyValueSpecification","valueRequired":true,"valueName":"search_term_string"}}],"inLanguage":"pl-PL"}]}},"_links":{"self":[{"href":"https:\/\/www.driel-polen.nl\/pl\/wp-json\/wp\/v2\/pages\/989","targetHints":{"allow":["GET"]}}],"collection":[{"href":"https:\/\/www.driel-polen.nl\/pl\/wp-json\/wp\/v2\/pages"}],"about":[{"href":"https:\/\/www.driel-polen.nl\/pl\/wp-json\/wp\/v2\/types\/page"}],"author":[{"embeddable":true,"href":"https:\/\/www.driel-polen.nl\/pl\/wp-json\/wp\/v2\/users\/17"}],"replies":[{"embeddable":true,"href":"https:\/\/www.driel-polen.nl\/pl\/wp-json\/wp\/v2\/comments?post=989"}],"version-history":[{"count":2,"href":"https:\/\/www.driel-polen.nl\/pl\/wp-json\/wp\/v2\/pages\/989\/revisions"}],"predecessor-version":[{"id":3133,"href":"https:\/\/www.driel-polen.nl\/pl\/wp-json\/wp\/v2\/pages\/989\/revisions\/3133"}],"up":[{"embeddable":true,"href":"https:\/\/www.driel-polen.nl\/pl\/wp-json\/wp\/v2\/pages\/5637"}],"wp:attachment":[{"href":"https:\/\/www.driel-polen.nl\/pl\/wp-json\/wp\/v2\/media?parent=989"}],"curies":[{"name":"wp","href":"https:\/\/api.w.org\/{rel}","templated":true}]}}