{"id":974,"date":"2014-10-09T23:29:42","date_gmt":"2014-10-09T21:29:42","guid":{"rendered":"http:\/\/www.driel-polen.nl\/?page_id=974"},"modified":"2021-01-13T18:56:10","modified_gmt":"2021-01-13T17:56:10","slug":"2009-toespraken-gedicht","status":"publish","type":"page","link":"https:\/\/www.driel-polen.nl\/pl\/herdenkingen\/herdenkingen-2005-2014\/2009-toespraken-gedicht\/","title":{"rendered":"2009-toespraken-gedicht"},"content":{"rendered":"<p><span style=\"color: #ff0000; font-size: large;\">Recytacja wiersza \u201cSurge Polonia\u201d Tadeusza S. Roy-Rojewskiego<\/span><br \/>\nprzez 3 uczestnik\u00f3w konferencji Airborne International Youth Conference na koniec ceremonii sk\u0142adania wie\u0144c\u00f3w<br \/>\npo polsku David Pola\u0144ski<br \/>\npo angielsku Brianna Horton (Canada)<br \/>\npo niderlandzku Marjolijn Hulsbos<\/p>\n<p>SURGE POLONIA!<\/p>\n<p>(W dwudziestolecie bitwy pod Arnhem)<\/p>\n<p>P\u00f3l bezkresnych r\u00f3wniny w mgielk\u0119 oprawione,<br \/>\nOb\u0142y grzbiet prz\u0119s\u0142a most w horyzont wpina,<br \/>\nRzeka swobodnym lotem granice przecina \u2013<br \/>\nNiepomna, \u017ce jej wolno\u015b\u0107 to b\u0119dzie przewina,<br \/>\n\u017be j\u0105 okie\u0142zna\u0107 zechc\u0105, \u017ce wart\u0119 postawi\u0105,<br \/>\nWacht am Rhein krzycze\u0107 b\u0119d\u0105 k\u0142amstwem omamione<br \/>\nMistrze nieczystych bitew, w cudzych zawsze progach,<br \/>\nRamiona krzy\u017ca z\u0142ami\u0105, okalecz\u0105 Boga \u2013<br \/>\nA\u017c si\u0119 s\u0119dziowie zbiegn\u0105 i pod s\u0105d postawi\u0105,<br \/>\nNa pokutnych im ka\u017c\u0105 \u0142aski szuka\u0107 drogach.<\/p>\n<p>Arnhem i geografi\u0119 i histori\u0119 spaja,<br \/>\nWymow\u0119 ma brzemienn\u0105 i znak drogowskazu,<br \/>\nPola przestronne daje jako t\u0142o w pejza\u017cu<br \/>\nDla cmentarzy, co wrzesie\u0144 tak godnie przystraja.<br \/>\nW Holandii inn\u0105 nieco wystawiaj\u0105 wart\u0119<br \/>\nKa\u017c\u0105c m\u0142odzi na groby kwiecie k\u0142a\u015b\u0107 co roku,<br \/>\nKa\u017c\u0105 jej mie\u0107 w pami\u0119ci dzieje tego skoku,<br \/>\nCo ni\u00f3s\u0142 wolno\u015b\u0107 Europie i has\u0142o uparte:<br \/>\nSURGE POLONIA!<\/p>\n<p>Te dzieci, ta ich m\u0142odo\u015b\u0107, te serdeczne kwiaty<br \/>\nTo jest dziedzictwo \u017cywe, nieprzebrane mienie:<br \/>\nDzieci\u0119 prostot\u0105 jasne, a nie rycerz w glorii,<br \/>\nTrzyma przej\u015bcie na Renie, pomost dla historii.<\/p>","protected":false},"excerpt":{"rendered":"<p>Recytacja wiersza \u201cSurge Polonia\u201d Tadeusza S. Roy-Rojewskiego przez 3 uczestnik\u00f3w konferencji Airborne International Youth Conference na koniec ceremonii sk\u0142adania wie\u0144c\u00f3w po polsku David Pola\u0144ski po angielsku Brianna Horton (Canada) po niderlandzku Marjolijn Hulsbos SURGE POLONIA! (W dwudziestolecie bitwy pod Arnhem) <span class=\"excerpt-dots\">&hellip;<\/span> <a class=\"more-link\" href=\"https:\/\/www.driel-polen.nl\/pl\/herdenkingen\/herdenkingen-2005-2014\/2009-toespraken-gedicht\/\"><span class=\"more-msg\"><img decoding=\"async\" src=\"https:\/\/www.driel-polen.nl\/downloads\/lees-meer3.jpg\"><\/p>\n<hr class=\"wvrx-expand-full\" style=\"margin:0\"><\/span><\/a><\/p>\n","protected":false},"author":17,"featured_media":0,"parent":5637,"menu_order":0,"comment_status":"closed","ping_status":"open","template":"","meta":{"_monsterinsights_skip_tracking":false,"_monsterinsights_sitenote_active":false,"_monsterinsights_sitenote_note":"","_monsterinsights_sitenote_category":0,"ngg_post_thumbnail":0,"footnotes":""},"class_list":["post-974","page","type-page","status-publish","hentry"],"yoast_head":"<!-- This site is optimized with the Yoast SEO plugin v27.4 - https:\/\/yoast.com\/product\/yoast-seo-wordpress\/ -->\n<title>2009-toespraken-gedicht - Stichting Driel-Polen<\/title>\n<meta name=\"robots\" content=\"index, follow, max-snippet:-1, max-image-preview:large, max-video-preview:-1\" \/>\n<link rel=\"canonical\" href=\"https:\/\/www.driel-polen.nl\/herdenkingen\/herdenkingen-2005-2014\/2009-toespraken-gedicht\/\" \/>\n<meta property=\"og:locale\" content=\"pl_PL\" \/>\n<meta property=\"og:type\" content=\"article\" \/>\n<meta property=\"og:title\" content=\"2009-toespraken-gedicht - Stichting Driel-Polen\" \/>\n<meta property=\"og:description\" content=\"Recytacja wiersza \u201cSurge Polonia\u201d Tadeusza S. Roy-Rojewskiego przez 3 uczestnik\u00f3w konferencji Airborne International Youth Conference na koniec ceremonii sk\u0142adania wie\u0144c\u00f3w po polsku David Pola\u0144ski po angielsku Brianna Horton (Canada) po niderlandzku Marjolijn Hulsbos SURGE POLONIA! (W dwudziestolecie bitwy pod Arnhem) &hellip;\" \/>\n<meta property=\"og:url\" content=\"https:\/\/www.driel-polen.nl\/herdenkingen\/herdenkingen-2005-2014\/2009-toespraken-gedicht\/\" \/>\n<meta property=\"og:site_name\" content=\"Stichting Driel-Polen\" \/>\n<meta property=\"article:modified_time\" content=\"2021-01-13T17:56:10+00:00\" \/>\n<meta name=\"twitter:label1\" content=\"Szacowany czas czytania\" \/>\n\t<meta name=\"twitter:data1\" content=\"3 minuty\" \/>\n<script type=\"application\/ld+json\" class=\"yoast-schema-graph\">{\"@context\":\"https:\\\/\\\/schema.org\",\"@graph\":[{\"@type\":\"WebPage\",\"@id\":\"https:\\\/\\\/www.driel-polen.nl\\\/herdenkingen\\\/herdenkingen-2005-2014\\\/2009-toespraken-gedicht\\\/\",\"url\":\"https:\\\/\\\/www.driel-polen.nl\\\/herdenkingen\\\/herdenkingen-2005-2014\\\/2009-toespraken-gedicht\\\/\",\"name\":\"2009-toespraken-gedicht - Stichting Driel-Polen\",\"isPartOf\":{\"@id\":\"https:\\\/\\\/www.driel-polen.nl\\\/nl\\\/#website\"},\"datePublished\":\"2014-10-09T21:29:42+00:00\",\"dateModified\":\"2021-01-13T17:56:10+00:00\",\"breadcrumb\":{\"@id\":\"https:\\\/\\\/www.driel-polen.nl\\\/herdenkingen\\\/herdenkingen-2005-2014\\\/2009-toespraken-gedicht\\\/#breadcrumb\"},\"inLanguage\":\"pl-PL\",\"potentialAction\":[{\"@type\":\"ReadAction\",\"target\":[\"https:\\\/\\\/www.driel-polen.nl\\\/herdenkingen\\\/herdenkingen-2005-2014\\\/2009-toespraken-gedicht\\\/\"]}]},{\"@type\":\"BreadcrumbList\",\"@id\":\"https:\\\/\\\/www.driel-polen.nl\\\/herdenkingen\\\/herdenkingen-2005-2014\\\/2009-toespraken-gedicht\\\/#breadcrumb\",\"itemListElement\":[{\"@type\":\"ListItem\",\"position\":1,\"name\":\"Herdenkingen\",\"item\":\"https:\\\/\\\/www.driel-polen.nl\\\/herdenkingen\\\/\"},{\"@type\":\"ListItem\",\"position\":2,\"name\":\"Herdenkingen 2005-2014\",\"item\":\"https:\\\/\\\/www.driel-polen.nl\\\/herdenkingen\\\/herdenkingen-2005-2014\\\/\"},{\"@type\":\"ListItem\",\"position\":3,\"name\":\"2009-toespraken-gedicht\"}]},{\"@type\":\"WebSite\",\"@id\":\"https:\\\/\\\/www.driel-polen.nl\\\/nl\\\/#website\",\"url\":\"https:\\\/\\\/www.driel-polen.nl\\\/nl\\\/\",\"name\":\"Stichting Driel-Polen\",\"description\":\"General St. Sosabowski\",\"potentialAction\":[{\"@type\":\"SearchAction\",\"target\":{\"@type\":\"EntryPoint\",\"urlTemplate\":\"https:\\\/\\\/www.driel-polen.nl\\\/nl\\\/?s={search_term_string}\"},\"query-input\":{\"@type\":\"PropertyValueSpecification\",\"valueRequired\":true,\"valueName\":\"search_term_string\"}}],\"inLanguage\":\"pl-PL\"}]}<\/script>\n<!-- \/ Yoast SEO plugin. -->","yoast_head_json":{"title":"2009-toespraken-gedicht - Stichting Driel-Polen","robots":{"index":"index","follow":"follow","max-snippet":"max-snippet:-1","max-image-preview":"max-image-preview:large","max-video-preview":"max-video-preview:-1"},"canonical":"https:\/\/www.driel-polen.nl\/herdenkingen\/herdenkingen-2005-2014\/2009-toespraken-gedicht\/","og_locale":"pl_PL","og_type":"article","og_title":"2009-toespraken-gedicht - Stichting Driel-Polen","og_description":"Recytacja wiersza \u201cSurge Polonia\u201d Tadeusza S. Roy-Rojewskiego przez 3 uczestnik\u00f3w konferencji Airborne International Youth Conference na koniec ceremonii sk\u0142adania wie\u0144c\u00f3w po polsku David Pola\u0144ski po angielsku Brianna Horton (Canada) po niderlandzku Marjolijn Hulsbos SURGE POLONIA! (W dwudziestolecie bitwy pod Arnhem) &hellip;","og_url":"https:\/\/www.driel-polen.nl\/herdenkingen\/herdenkingen-2005-2014\/2009-toespraken-gedicht\/","og_site_name":"Stichting Driel-Polen","article_modified_time":"2021-01-13T17:56:10+00:00","twitter_misc":{"Szacowany czas czytania":"3 minuty"},"schema":{"@context":"https:\/\/schema.org","@graph":[{"@type":"WebPage","@id":"https:\/\/www.driel-polen.nl\/herdenkingen\/herdenkingen-2005-2014\/2009-toespraken-gedicht\/","url":"https:\/\/www.driel-polen.nl\/herdenkingen\/herdenkingen-2005-2014\/2009-toespraken-gedicht\/","name":"2009-toespraken-gedicht - Stichting Driel-Polen","isPartOf":{"@id":"https:\/\/www.driel-polen.nl\/nl\/#website"},"datePublished":"2014-10-09T21:29:42+00:00","dateModified":"2021-01-13T17:56:10+00:00","breadcrumb":{"@id":"https:\/\/www.driel-polen.nl\/herdenkingen\/herdenkingen-2005-2014\/2009-toespraken-gedicht\/#breadcrumb"},"inLanguage":"pl-PL","potentialAction":[{"@type":"ReadAction","target":["https:\/\/www.driel-polen.nl\/herdenkingen\/herdenkingen-2005-2014\/2009-toespraken-gedicht\/"]}]},{"@type":"BreadcrumbList","@id":"https:\/\/www.driel-polen.nl\/herdenkingen\/herdenkingen-2005-2014\/2009-toespraken-gedicht\/#breadcrumb","itemListElement":[{"@type":"ListItem","position":1,"name":"Herdenkingen","item":"https:\/\/www.driel-polen.nl\/herdenkingen\/"},{"@type":"ListItem","position":2,"name":"Herdenkingen 2005-2014","item":"https:\/\/www.driel-polen.nl\/herdenkingen\/herdenkingen-2005-2014\/"},{"@type":"ListItem","position":3,"name":"2009-toespraken-gedicht"}]},{"@type":"WebSite","@id":"https:\/\/www.driel-polen.nl\/nl\/#website","url":"https:\/\/www.driel-polen.nl\/nl\/","name":"Stichting Driel-Polen","description":"General St. Sosabowski","potentialAction":[{"@type":"SearchAction","target":{"@type":"EntryPoint","urlTemplate":"https:\/\/www.driel-polen.nl\/nl\/?s={search_term_string}"},"query-input":{"@type":"PropertyValueSpecification","valueRequired":true,"valueName":"search_term_string"}}],"inLanguage":"pl-PL"}]}},"_links":{"self":[{"href":"https:\/\/www.driel-polen.nl\/pl\/wp-json\/wp\/v2\/pages\/974","targetHints":{"allow":["GET"]}}],"collection":[{"href":"https:\/\/www.driel-polen.nl\/pl\/wp-json\/wp\/v2\/pages"}],"about":[{"href":"https:\/\/www.driel-polen.nl\/pl\/wp-json\/wp\/v2\/types\/page"}],"author":[{"embeddable":true,"href":"https:\/\/www.driel-polen.nl\/pl\/wp-json\/wp\/v2\/users\/17"}],"replies":[{"embeddable":true,"href":"https:\/\/www.driel-polen.nl\/pl\/wp-json\/wp\/v2\/comments?post=974"}],"version-history":[{"count":2,"href":"https:\/\/www.driel-polen.nl\/pl\/wp-json\/wp\/v2\/pages\/974\/revisions"}],"predecessor-version":[{"id":3089,"href":"https:\/\/www.driel-polen.nl\/pl\/wp-json\/wp\/v2\/pages\/974\/revisions\/3089"}],"up":[{"embeddable":true,"href":"https:\/\/www.driel-polen.nl\/pl\/wp-json\/wp\/v2\/pages\/5637"}],"wp:attachment":[{"href":"https:\/\/www.driel-polen.nl\/pl\/wp-json\/wp\/v2\/media?parent=974"}],"curies":[{"name":"wp","href":"https:\/\/api.w.org\/{rel}","templated":true}]}}