{"id":967,"date":"2014-10-09T23:11:01","date_gmt":"2014-10-09T21:11:01","guid":{"rendered":"http:\/\/www.driel-polen.nl\/?page_id=967"},"modified":"2021-01-13T18:56:37","modified_gmt":"2021-01-13T17:56:37","slug":"2009-toespraken-premiernl","status":"publish","type":"page","link":"https:\/\/www.driel-polen.nl\/pl\/herdenkingen\/herdenkingen-2005-2014\/2009-toespraken-premiernl\/","title":{"rendered":"2009-toespraken-premier Nederland"},"content":{"rendered":"<p><span style=\"color: #ff0000; font-size: large;\">Premier Kr\u00f3lestwa Niderland\u00f3w: J.E. dr J. P. Balkenende<br \/>\n<\/span><img loading=\"lazy\" decoding=\"async\" class=\"alignleft size-full wp-image-3123\" src=\"https:\/\/www.driel-polen.nl\/wordpress\/wp-content\/uploads\/2018\/10\/Fotos-toespraken-2009-Balkenende.jpg\" alt=\"\" width=\"175\" height=\"250\" \/>Przem\u00f3wienie premiera Holandii Jana Petera Balkenende z okazji obchod\u00f3w<br \/>\n65. rocznicy Operacji Market Garden w Driel w dniu 19 wrze\u015bnia 2009 r.<\/p>\n<p>Premierze Tusk, Panie Sosabowski, Weterani, Pani Burmistrz, Panie Baltussen oraz Szanowni Pa\u0144stwo!<\/p>\n<p>Sze\u015b\u0107dziesi\u0105t pi\u0119\u0107 lat temu pojawili si\u0119 nagle na niebie, w\u0142a\u015bnie tu, w Driel \u017co\u0142nierze genera\u0142a Sosabowskiego, \u017co\u0142nierze 1. Samodzielnej Brygady Spadochronowej.<\/p>\n<p>Z dala od rodzinnego domu szybowali w powietrzu. Nios\u0105c wolno\u015b\u0107, byli pod ostrza\u0142em nieprzyjaciela. Towarzyszy\u0142o im napi\u0119cie zwi\u0105zane z walk\u0105, kt\u00f3r\u0105 mieli stoczy\u0107 na ziemi. Walczyli z pe\u0142nym oddaniem. Nieugi\u0119cie. Odwa\u017cnie. Zdecydowanie.<\/p>\n<p>Wiernie wzi\u0119li udzia\u0142 w Operacji Market Garden. Dzisiaj na Placu Polski wracamy<br \/>\npami\u0119ci\u0105 do tamtych walk. Z wdzi\u0119czno\u015bci\u0105 wspominamy polskich spadochroniarzy wraz z ich dow\u00f3dc\u0105, kt\u00f3rzy odwa\u017cnie stawiali czo\u0142a niebezpiecze\u0144stwu. Pe\u0142ni szacunku czcimy pami\u0119\u0107 \u017co\u0142nierzy polskich i alianckich, kt\u00f3rzy bitw\u0119 o Arnhem przyp\u0142acili \u017cyciem.<\/p>\n<p>Sze\u015b\u0107dziesi\u0105t pi\u0119\u0107 lat temu tu, na tym niebie nad Driel, pojawi\u0142y si\u0119 setki bohater\u00f3w. Bohater\u00f3w, kt\u00f3rzy d\u0142ugo musieli czeka\u0107 na uznanie swoich zas\u0142ug. Na szcz\u0119\u015bcie w roku 2006 sprawiedliwo\u015bci sta\u0142o si\u0119 zado\u015b\u0107. Order Wojskowy Wilhelma stanowi\u0142 zas\u0142u\u017cone uznanie dla polskiej brygady, za szczeg\u00f3lne m\u0119stwo na polu boju. Medal Br\u0105zowego Lwa, przyznany po\u015bmiertne genera\u0142owi Sosabowskiemu, by\u0142 osobistym uhonorowaniem jego ogromnych zas\u0142ug.<\/p>\n<p>Holandia zawdzi\u0119cza Polakom bardzo wiele. Polacy okazali nam solidarno\u015b\u0107 w najtrudniejszym okresie w historii naszego kraju. Nigdy nie wolno nam zapomnie\u0107, \u017ce to oni podarowali nam to, co najcenniejsze: wolno\u015b\u0107.<\/p>\n<p>Pierwszego wrze\u015bnia by\u0142em w Gda\u0144sku na Westerplatte. Wsp\u00f3lnie obchodzili\u015bmy tam 70. rocznic\u0119 wybuchu drugiej wojny \u015bwiatowej. Polski nar\u00f3d do\u015bwiadczy\u0142 ogromnych cierpie\u0144 w okresie, kt\u00f3ry potem nast\u0105pi\u0142. W czasie wojny, ale te\u017c przez wiele lat po jej zako\u0144czeniu. Tym bardziej bolesny jest fakt, \u017ce bohaterscy polscy \u017co\u0142nierze po powrocie do domu, nie mogli we w\u0142asnym kraju zazna\u0107 smaku wolno\u015bci. Okres ucisku, strachu i przemocy zako\u0144czy\u0142 si\u0119 w Polsce w 1989 roku. R\u00f3wnie\u017c o tym nigdy nie wolno nam zapomnie\u0107.<\/p>\n<p>Holenderska i polska walka o wolno\u015b\u0107 s\u0105 bowiem rozdzia\u0142ami z tej samej ksi\u0105\u017cki.<br \/>\nKsi\u0105\u017cki o wojnie i pokoju na tak zr\u00f3\u017cnicowanym kontynencie. Ksi\u0105\u017cki o Europie.<\/p>\n<p>Przez dziesi\u0105tki lat Europa by\u0142a podzielona, w dos\u0142ownym tego s\u0142owa znaczeniu. Dzi\u0119ki przyst\u0105pieniu Polski oraz innych kraj\u00f3w z Europy \u015arodkowej i Wschodniej do UE, Europa postawi\u0142a wielki krok ku jedno\u015bci. I dobrze, \u017ce tak si\u0119 sta\u0142o. A to dlatego, \u017ce tak wiele nas \u0142\u0105czy. Warto\u015bci takie jak: demokracja, wolno\u015b\u0107 i prawa cz\u0142owieka. A tak\u017ce tolerancja, sprawiedliwo\u015b\u0107 i solidarno\u015b\u0107.<\/p>\n<p>S\u0105 to warto\u015bci, o kt\u00f3re genera\u0142 Sosabowski i jego \u017co\u0142nierze walczyli 65 lat temu. Tu, w Driel, wracamy pami\u0119ci\u0105 do ich bohaterskich czyn\u00f3w.<br \/>\nCiesz\u0105c si\u0119 wolno\u015bci\u0105. I za to jeste\u015bmy im dozgonnie wdzi\u0119czni.<\/p>","protected":false},"excerpt":{"rendered":"<p>Premier Kr\u00f3lestwa Niderland\u00f3w: J.E. dr J. P. Balkenende Przem\u00f3wienie premiera Holandii Jana Petera Balkenende z okazji obchod\u00f3w 65. rocznicy Operacji Market Garden w Driel w dniu 19 wrze\u015bnia 2009 r. Premierze Tusk, Panie Sosabowski, Weterani, Pani Burmistrz, Panie Baltussen oraz <span class=\"excerpt-dots\">&hellip;<\/span> <a class=\"more-link\" href=\"https:\/\/www.driel-polen.nl\/pl\/herdenkingen\/herdenkingen-2005-2014\/2009-toespraken-premiernl\/\"><span class=\"more-msg\"><img decoding=\"async\" src=\"https:\/\/www.driel-polen.nl\/downloads\/lees-meer3.jpg\"><\/p>\n<hr class=\"wvrx-expand-full\" style=\"margin:0\"><\/span><\/a><\/p>\n","protected":false},"author":17,"featured_media":0,"parent":5637,"menu_order":0,"comment_status":"closed","ping_status":"open","template":"","meta":{"_monsterinsights_skip_tracking":false,"_monsterinsights_sitenote_active":false,"_monsterinsights_sitenote_note":"","_monsterinsights_sitenote_category":0,"ngg_post_thumbnail":0,"footnotes":""},"class_list":["post-967","page","type-page","status-publish","hentry"],"yoast_head":"<!-- This site is optimized with the Yoast SEO plugin v27.4 - https:\/\/yoast.com\/product\/yoast-seo-wordpress\/ -->\n<title>2009-toespraken-premier Nederland - Stichting Driel-Polen<\/title>\n<meta name=\"robots\" content=\"index, follow, max-snippet:-1, max-image-preview:large, max-video-preview:-1\" \/>\n<link rel=\"canonical\" href=\"https:\/\/www.driel-polen.nl\/herdenkingen\/herdenkingen-2005-2014\/2009-toespraken-premiernl\/\" \/>\n<meta property=\"og:locale\" content=\"pl_PL\" \/>\n<meta property=\"og:type\" content=\"article\" \/>\n<meta property=\"og:title\" content=\"2009-toespraken-premier Nederland - Stichting Driel-Polen\" \/>\n<meta property=\"og:description\" content=\"Premier Kr\u00f3lestwa Niderland\u00f3w: J.E. dr J. P. Balkenende Przem\u00f3wienie premiera Holandii Jana Petera Balkenende z okazji obchod\u00f3w 65. rocznicy Operacji Market Garden w Driel w dniu 19 wrze\u015bnia 2009 r. Premierze Tusk, Panie Sosabowski, Weterani, Pani Burmistrz, Panie Baltussen oraz &hellip;\" \/>\n<meta property=\"og:url\" content=\"https:\/\/www.driel-polen.nl\/herdenkingen\/herdenkingen-2005-2014\/2009-toespraken-premiernl\/\" \/>\n<meta property=\"og:site_name\" content=\"Stichting Driel-Polen\" \/>\n<meta property=\"article:modified_time\" content=\"2021-01-13T17:56:37+00:00\" \/>\n<meta property=\"og:image\" content=\"https:\/\/www.driel-polen.nl\/wordpress\/wp-content\/uploads\/2018\/10\/Fotos-toespraken-2009-Balkenende.jpg\" \/>\n<meta name=\"twitter:label1\" content=\"Szacowany czas czytania\" \/>\n\t<meta name=\"twitter:data1\" content=\"7 minut\" \/>\n<script type=\"application\/ld+json\" class=\"yoast-schema-graph\">{\"@context\":\"https:\\\/\\\/schema.org\",\"@graph\":[{\"@type\":\"WebPage\",\"@id\":\"https:\\\/\\\/www.driel-polen.nl\\\/herdenkingen\\\/herdenkingen-2005-2014\\\/2009-toespraken-premiernl\\\/\",\"url\":\"https:\\\/\\\/www.driel-polen.nl\\\/herdenkingen\\\/herdenkingen-2005-2014\\\/2009-toespraken-premiernl\\\/\",\"name\":\"2009-toespraken-premier Nederland - Stichting Driel-Polen\",\"isPartOf\":{\"@id\":\"https:\\\/\\\/www.driel-polen.nl\\\/nl\\\/#website\"},\"primaryImageOfPage\":{\"@id\":\"https:\\\/\\\/www.driel-polen.nl\\\/herdenkingen\\\/herdenkingen-2005-2014\\\/2009-toespraken-premiernl\\\/#primaryimage\"},\"image\":{\"@id\":\"https:\\\/\\\/www.driel-polen.nl\\\/herdenkingen\\\/herdenkingen-2005-2014\\\/2009-toespraken-premiernl\\\/#primaryimage\"},\"thumbnailUrl\":\"https:\\\/\\\/www.driel-polen.nl\\\/wordpress\\\/wp-content\\\/uploads\\\/2018\\\/10\\\/Fotos-toespraken-2009-Balkenende.jpg\",\"datePublished\":\"2014-10-09T21:11:01+00:00\",\"dateModified\":\"2021-01-13T17:56:37+00:00\",\"breadcrumb\":{\"@id\":\"https:\\\/\\\/www.driel-polen.nl\\\/herdenkingen\\\/herdenkingen-2005-2014\\\/2009-toespraken-premiernl\\\/#breadcrumb\"},\"inLanguage\":\"pl-PL\",\"potentialAction\":[{\"@type\":\"ReadAction\",\"target\":[\"https:\\\/\\\/www.driel-polen.nl\\\/herdenkingen\\\/herdenkingen-2005-2014\\\/2009-toespraken-premiernl\\\/\"]}]},{\"@type\":\"ImageObject\",\"inLanguage\":\"pl-PL\",\"@id\":\"https:\\\/\\\/www.driel-polen.nl\\\/herdenkingen\\\/herdenkingen-2005-2014\\\/2009-toespraken-premiernl\\\/#primaryimage\",\"url\":\"https:\\\/\\\/www.driel-polen.nl\\\/wordpress\\\/wp-content\\\/uploads\\\/2018\\\/10\\\/Fotos-toespraken-2009-Balkenende.jpg\",\"contentUrl\":\"https:\\\/\\\/www.driel-polen.nl\\\/wordpress\\\/wp-content\\\/uploads\\\/2018\\\/10\\\/Fotos-toespraken-2009-Balkenende.jpg\"},{\"@type\":\"BreadcrumbList\",\"@id\":\"https:\\\/\\\/www.driel-polen.nl\\\/herdenkingen\\\/herdenkingen-2005-2014\\\/2009-toespraken-premiernl\\\/#breadcrumb\",\"itemListElement\":[{\"@type\":\"ListItem\",\"position\":1,\"name\":\"Herdenkingen\",\"item\":\"https:\\\/\\\/www.driel-polen.nl\\\/herdenkingen\\\/\"},{\"@type\":\"ListItem\",\"position\":2,\"name\":\"Herdenkingen 2005-2014\",\"item\":\"https:\\\/\\\/www.driel-polen.nl\\\/herdenkingen\\\/herdenkingen-2005-2014\\\/\"},{\"@type\":\"ListItem\",\"position\":3,\"name\":\"2009-toespraken-premier Nederland\"}]},{\"@type\":\"WebSite\",\"@id\":\"https:\\\/\\\/www.driel-polen.nl\\\/nl\\\/#website\",\"url\":\"https:\\\/\\\/www.driel-polen.nl\\\/nl\\\/\",\"name\":\"Stichting Driel-Polen\",\"description\":\"General St. Sosabowski\",\"potentialAction\":[{\"@type\":\"SearchAction\",\"target\":{\"@type\":\"EntryPoint\",\"urlTemplate\":\"https:\\\/\\\/www.driel-polen.nl\\\/nl\\\/?s={search_term_string}\"},\"query-input\":{\"@type\":\"PropertyValueSpecification\",\"valueRequired\":true,\"valueName\":\"search_term_string\"}}],\"inLanguage\":\"pl-PL\"}]}<\/script>\n<!-- \/ Yoast SEO plugin. -->","yoast_head_json":{"title":"2009-toespraken-premier Nederland - Stichting Driel-Polen","robots":{"index":"index","follow":"follow","max-snippet":"max-snippet:-1","max-image-preview":"max-image-preview:large","max-video-preview":"max-video-preview:-1"},"canonical":"https:\/\/www.driel-polen.nl\/herdenkingen\/herdenkingen-2005-2014\/2009-toespraken-premiernl\/","og_locale":"pl_PL","og_type":"article","og_title":"2009-toespraken-premier Nederland - Stichting Driel-Polen","og_description":"Premier Kr\u00f3lestwa Niderland\u00f3w: J.E. dr J. P. Balkenende Przem\u00f3wienie premiera Holandii Jana Petera Balkenende z okazji obchod\u00f3w 65. rocznicy Operacji Market Garden w Driel w dniu 19 wrze\u015bnia 2009 r. Premierze Tusk, Panie Sosabowski, Weterani, Pani Burmistrz, Panie Baltussen oraz &hellip;","og_url":"https:\/\/www.driel-polen.nl\/herdenkingen\/herdenkingen-2005-2014\/2009-toespraken-premiernl\/","og_site_name":"Stichting Driel-Polen","article_modified_time":"2021-01-13T17:56:37+00:00","og_image":[{"url":"https:\/\/www.driel-polen.nl\/wordpress\/wp-content\/uploads\/2018\/10\/Fotos-toespraken-2009-Balkenende.jpg","type":"","width":"","height":""}],"twitter_misc":{"Szacowany czas czytania":"7 minut"},"schema":{"@context":"https:\/\/schema.org","@graph":[{"@type":"WebPage","@id":"https:\/\/www.driel-polen.nl\/herdenkingen\/herdenkingen-2005-2014\/2009-toespraken-premiernl\/","url":"https:\/\/www.driel-polen.nl\/herdenkingen\/herdenkingen-2005-2014\/2009-toespraken-premiernl\/","name":"2009-toespraken-premier Nederland - Stichting Driel-Polen","isPartOf":{"@id":"https:\/\/www.driel-polen.nl\/nl\/#website"},"primaryImageOfPage":{"@id":"https:\/\/www.driel-polen.nl\/herdenkingen\/herdenkingen-2005-2014\/2009-toespraken-premiernl\/#primaryimage"},"image":{"@id":"https:\/\/www.driel-polen.nl\/herdenkingen\/herdenkingen-2005-2014\/2009-toespraken-premiernl\/#primaryimage"},"thumbnailUrl":"https:\/\/www.driel-polen.nl\/wordpress\/wp-content\/uploads\/2018\/10\/Fotos-toespraken-2009-Balkenende.jpg","datePublished":"2014-10-09T21:11:01+00:00","dateModified":"2021-01-13T17:56:37+00:00","breadcrumb":{"@id":"https:\/\/www.driel-polen.nl\/herdenkingen\/herdenkingen-2005-2014\/2009-toespraken-premiernl\/#breadcrumb"},"inLanguage":"pl-PL","potentialAction":[{"@type":"ReadAction","target":["https:\/\/www.driel-polen.nl\/herdenkingen\/herdenkingen-2005-2014\/2009-toespraken-premiernl\/"]}]},{"@type":"ImageObject","inLanguage":"pl-PL","@id":"https:\/\/www.driel-polen.nl\/herdenkingen\/herdenkingen-2005-2014\/2009-toespraken-premiernl\/#primaryimage","url":"https:\/\/www.driel-polen.nl\/wordpress\/wp-content\/uploads\/2018\/10\/Fotos-toespraken-2009-Balkenende.jpg","contentUrl":"https:\/\/www.driel-polen.nl\/wordpress\/wp-content\/uploads\/2018\/10\/Fotos-toespraken-2009-Balkenende.jpg"},{"@type":"BreadcrumbList","@id":"https:\/\/www.driel-polen.nl\/herdenkingen\/herdenkingen-2005-2014\/2009-toespraken-premiernl\/#breadcrumb","itemListElement":[{"@type":"ListItem","position":1,"name":"Herdenkingen","item":"https:\/\/www.driel-polen.nl\/herdenkingen\/"},{"@type":"ListItem","position":2,"name":"Herdenkingen 2005-2014","item":"https:\/\/www.driel-polen.nl\/herdenkingen\/herdenkingen-2005-2014\/"},{"@type":"ListItem","position":3,"name":"2009-toespraken-premier Nederland"}]},{"@type":"WebSite","@id":"https:\/\/www.driel-polen.nl\/nl\/#website","url":"https:\/\/www.driel-polen.nl\/nl\/","name":"Stichting Driel-Polen","description":"General St. Sosabowski","potentialAction":[{"@type":"SearchAction","target":{"@type":"EntryPoint","urlTemplate":"https:\/\/www.driel-polen.nl\/nl\/?s={search_term_string}"},"query-input":{"@type":"PropertyValueSpecification","valueRequired":true,"valueName":"search_term_string"}}],"inLanguage":"pl-PL"}]}},"_links":{"self":[{"href":"https:\/\/www.driel-polen.nl\/pl\/wp-json\/wp\/v2\/pages\/967","targetHints":{"allow":["GET"]}}],"collection":[{"href":"https:\/\/www.driel-polen.nl\/pl\/wp-json\/wp\/v2\/pages"}],"about":[{"href":"https:\/\/www.driel-polen.nl\/pl\/wp-json\/wp\/v2\/types\/page"}],"author":[{"embeddable":true,"href":"https:\/\/www.driel-polen.nl\/pl\/wp-json\/wp\/v2\/users\/17"}],"replies":[{"embeddable":true,"href":"https:\/\/www.driel-polen.nl\/pl\/wp-json\/wp\/v2\/comments?post=967"}],"version-history":[{"count":3,"href":"https:\/\/www.driel-polen.nl\/pl\/wp-json\/wp\/v2\/pages\/967\/revisions"}],"predecessor-version":[{"id":3125,"href":"https:\/\/www.driel-polen.nl\/pl\/wp-json\/wp\/v2\/pages\/967\/revisions\/3125"}],"up":[{"embeddable":true,"href":"https:\/\/www.driel-polen.nl\/pl\/wp-json\/wp\/v2\/pages\/5637"}],"wp:attachment":[{"href":"https:\/\/www.driel-polen.nl\/pl\/wp-json\/wp\/v2\/media?parent=967"}],"curies":[{"name":"wp","href":"https:\/\/api.w.org\/{rel}","templated":true}]}}