{"id":961,"date":"2014-10-09T23:01:10","date_gmt":"2014-10-09T21:01:10","guid":{"rendered":"http:\/\/www.driel-polen.nl\/?page_id=961"},"modified":"2021-01-13T18:58:02","modified_gmt":"2021-01-13T17:58:02","slug":"2009-toespraken-voorzitter","status":"publish","type":"page","link":"https:\/\/www.driel-polen.nl\/pl\/herdenkingen\/herdenkingen-2005-2014\/2009-toespraken-voorzitter\/","title":{"rendered":"2009-toespraken-voorzitter"},"content":{"rendered":"<p><span style=\"color: #ff0000; font-size: large;\">Prezes Fundacji Driel-Polen: A.J.M. Baltussen<br \/>\n<\/span><img loading=\"lazy\" decoding=\"async\" class=\"alignleft size-full wp-image-3115\" src=\"https:\/\/www.driel-polen.nl\/wordpress\/wp-content\/uploads\/2018\/10\/Fotos-toespraken-2009-ArnoBaltussen.jpg\" alt=\"\" width=\"175\" height=\"250\" \/>Panie i Panowie!<\/p>\n<p>W imieniu Fundacji Driel\u2013Polska pragn\u0119 przywita\u0107 wszystkich obecnych na obchodach, upami\u0119tni\u0105j\u0105cych udzia\u01421. Samodzielnej Brygady Spadochronowej w bitwie pod Arnhem sze\u015b\u0107dziesi\u0105t pi\u0119\u0107 lat temu.<\/p>\n<p>Szczeg\u00f3lnie gor\u0105co chcia\u0142bym przywita\u0107:<\/p>\n<p>szesnastu polskich weteran\u00f3w, przybyli z Polski, Wielkiej Brytanii, Kanady, USA i Holandii oraz Pana Forda, pilota samolotu, kt\u00f3rym we wrze\u015bniu 1944 roku niekt\u00f3rzy z nich przylecieli nad Driel.<\/p>\n<p>R\u00f3wnie\u017c witam wdowy po polskich weteranach, pani\u0105 z Kanady, trzy z Polski oraz kilka z Holandii.<br \/>\nJego Ekscelencjo, Panie Premierze Balkenende i Jego Ekscelencjo, Panie Premierze Tusk, witamy serdecznie w Driel. Bardzo doceniamy, \u017ce znale\u017ali\u015bcie Panowie czas, by sp\u0119dzi\u0107 z nami dzisiejsze popo\u0142udnie.<\/p>\n<p>Witam Ministra Obrony Wielkiej Brytanii, Pana Boba Ainswortha i Pani\u0105 Ainsworth, Ambasador\u00f3w Rzeczypospolitej Polskiej i Wielkiej Brytanii, przedstawicieli USA i Kanady, Komisarza Jej Kr\u00f3lewskiej Mo\u015bci naszej prowincji, Pana Cornielje, Burmistrz tej gminy, Pani\u0105 Tuijnman, Zast\u0119pc\u0119 Dow\u00f3dcy 6. Brygady Powietrznodesantowej, Pu\u0142kownika Piekarskiego cz\u0142onk\u00f3w rodziny Sosabowskich, Przedstawicieli weteran\u00f3w brytyjskich, Sir Jamesa Cleminsona i Lady Cleminson.<\/p>\n<p>Burmistrz\u00f3w gmin partnerskich Overbetuwe w Niemczech i w Polsce:<br \/>\nPana Drexeliusa z Usingen w Niemczech,<br \/>\nPani\u0105 Gerdeman z Zulpich w Niemczech oraz<br \/>\nPana Wo\u017aniaka z Boleszkowic oraz,<\/p>\n<p>Wszystkich brytyjskich weteran\u00f3w.<\/p>\n<p>Wszyscy zapewne pami\u0119taj\u0105 s\u0142owa Martina Luthera Kinga: \u201eI had a dream\u201d.<br \/>\nW wieloletniej walce Cory Baltussen o zapewnienie gen. Sosabowskiemu i jego brygadzie nale\u017cnego im miejsca w historii towarzyszy\u0142o marzenie, aby historia genera\u0142a sta\u0142a si\u0119 znana w Polsce. Dzisiaj jeste\u015bmy \u015bwiadkami skutk\u00f3w, jakie przynios\u0142o przywr\u00f3cenie mu chwa\u0142y bohatera w Holandii.<\/p>\n<p>Wszyscy mamy jeszcze \u015bwie\u017co w pami\u0119ci uroczysto\u015b\u0107 wr\u0119czenia w Hadze w 2006 roku<br \/>\n1. Samodzielnej Brygadzie Spadochronowej &#8211; Wojskowego Orderu Wilhelma, a genera\u0142owi<br \/>\nSosabowskiemu po\u015bmiertnie &#8211; medalu Br\u0105zowego Lwa.<\/p>\n<p>We wrze\u015bniu 2006 roku jego towarzysze broni, brytyjscy weterani, uczestnicy bitwy pod Arnhem ufundowali pomnik, kt\u00f3ry stoi tutaj przed nami. Wznie\u015bli go jako dow\u00f3d wielkiego uznania dla charyzmatycznego dow\u00f3dcy, nieustraszonego wojownika o wolno\u015b\u0107 i wielkiego polskiego bohatera. Rok p\u00f3\u017aniej na pomniku umieszczono tablic\u0119 pami\u0105tkow\u0105 opisuj\u0105c\u0105 czyny genera\u0142a i jego brygady oraz przypominaj\u0105c\u0105 krzywd\u0119, jak\u0105 mu uczyniono .<\/p>\n<p>Film dokumentalny \u201eHonor genera\u0142a\u201d, dzie\u0142o polskiej dziennikarki Joanny Pieciukiewicz, wyemitowany w czerwcu 2008 r. przez telewizj\u0119 polsk\u0105, przyczyni\u0142 si\u0119 do upowszechnienia historii genera\u0142a w Polsce. Ju\u017c podczas uroczysto\u015bci w zesz\u0142ym roku mogli\u015bmy zauwa\u017cy\u0107 zwi\u0119kszone zainteresowanie Polak\u00f3w obchodami bitwy pod Arnhem w naszej miejscowo\u015bci.<br \/>\nW tym roku wytrwa\u0142o\u015b\u0107 mieszka\u0144c\u00f3w naszego Driel, kt\u00f3rzy od 1946 roku corocznie goszcz\u0105 \u017co\u0142nierzy Brygady Spadochronowej, aby wsp\u00f3lnie czci\u0107 pami\u0119\u0107 poleg\u0142ych towarzyszy broni<br \/>\njest ukoronowana obecno\u015bci\u0105 premiera Polski, pana Donalda Tuska i premiera Holandii, pana Jana Petera Balkenende, obecno\u015bci\u0105 wielu Polak\u00f3w z Holandii i kraj\u00f3w s\u0105siedzkich oraz rodak\u00f3w przyby\u0142ych specjalnie z Polski.<\/p>\n<p>Siedemnastu weteran\u00f3w obecnych na dzisiejszych uroczysto\u015bciach jest \u015bwiadkiem tak wielkiego zainteresowania. To ich utwierdza w przekonaniu, \u017ce historia ich genera\u0142a i ich brygady nie zostanie zapomniana.<br \/>\nM\u0142odzi ludzie z Polski wraz z kolegami z Niemiec, Anglii i wielu innych kraj\u00f3w mog\u0105 zachowa\u0107 pami\u0119\u0107 tamtych wydarze\u0144, dzi\u0119ki udzia\u0142owi w corocznych spotkaniach Airborne International Youth Conference.<br \/>\nMam nadziej\u0119, \u017ce nawi\u0105zane wcze\u015bniej przez mieszka\u0144c\u00f3w Driel i gminy Overbetuwe kontakty z Polakami, przetrwaj\u0105 jako ju\u017c nierozerwalne wi\u0119zi \u0142\u0105cz\u0105ce Polsk\u0119 i Holandi\u0119.<\/p>","protected":false},"excerpt":{"rendered":"<p>Prezes Fundacji Driel-Polen: A.J.M. Baltussen Panie i Panowie! W imieniu Fundacji Driel\u2013Polska pragn\u0119 przywita\u0107 wszystkich obecnych na obchodach, upami\u0119tni\u0105j\u0105cych udzia\u01421. Samodzielnej Brygady Spadochronowej w bitwie pod Arnhem sze\u015b\u0107dziesi\u0105t pi\u0119\u0107 lat temu. Szczeg\u00f3lnie gor\u0105co chcia\u0142bym przywita\u0107: szesnastu polskich weteran\u00f3w, przybyli z <span class=\"excerpt-dots\">&hellip;<\/span> <a class=\"more-link\" href=\"https:\/\/www.driel-polen.nl\/pl\/herdenkingen\/herdenkingen-2005-2014\/2009-toespraken-voorzitter\/\"><span class=\"more-msg\"><img decoding=\"async\" src=\"https:\/\/www.driel-polen.nl\/downloads\/lees-meer3.jpg\"><\/p>\n<hr class=\"wvrx-expand-full\" style=\"margin:0\"><\/span><\/a><\/p>\n","protected":false},"author":17,"featured_media":0,"parent":5637,"menu_order":0,"comment_status":"closed","ping_status":"open","template":"","meta":{"_monsterinsights_skip_tracking":false,"_monsterinsights_sitenote_active":false,"_monsterinsights_sitenote_note":"","_monsterinsights_sitenote_category":0,"ngg_post_thumbnail":0,"footnotes":""},"class_list":["post-961","page","type-page","status-publish","hentry"],"yoast_head":"<!-- This site is optimized with the Yoast SEO plugin v27.4 - https:\/\/yoast.com\/product\/yoast-seo-wordpress\/ -->\n<title>2009-toespraken-voorzitter - Stichting Driel-Polen<\/title>\n<meta name=\"robots\" content=\"index, follow, max-snippet:-1, max-image-preview:large, max-video-preview:-1\" \/>\n<link rel=\"canonical\" href=\"https:\/\/www.driel-polen.nl\/herdenkingen\/herdenkingen-2005-2014\/2009-toespraken-voorzitter\/\" \/>\n<meta property=\"og:locale\" content=\"pl_PL\" \/>\n<meta property=\"og:type\" content=\"article\" \/>\n<meta property=\"og:title\" content=\"2009-toespraken-voorzitter - Stichting Driel-Polen\" \/>\n<meta property=\"og:description\" content=\"Prezes Fundacji Driel-Polen: A.J.M. Baltussen Panie i Panowie! W imieniu Fundacji Driel\u2013Polska pragn\u0119 przywita\u0107 wszystkich obecnych na obchodach, upami\u0119tni\u0105j\u0105cych udzia\u01421. Samodzielnej Brygady Spadochronowej w bitwie pod Arnhem sze\u015b\u0107dziesi\u0105t pi\u0119\u0107 lat temu. Szczeg\u00f3lnie gor\u0105co chcia\u0142bym przywita\u0107: szesnastu polskich weteran\u00f3w, przybyli z &hellip;\" \/>\n<meta property=\"og:url\" content=\"https:\/\/www.driel-polen.nl\/herdenkingen\/herdenkingen-2005-2014\/2009-toespraken-voorzitter\/\" \/>\n<meta property=\"og:site_name\" content=\"Stichting Driel-Polen\" \/>\n<meta property=\"article:modified_time\" content=\"2021-01-13T17:58:02+00:00\" \/>\n<meta property=\"og:image\" content=\"https:\/\/www.driel-polen.nl\/wordpress\/wp-content\/uploads\/2018\/10\/Fotos-toespraken-2009-ArnoBaltussen.jpg\" \/>\n<meta name=\"twitter:label1\" content=\"Szacowany czas czytania\" \/>\n\t<meta name=\"twitter:data1\" content=\"10 minut\" \/>\n<script type=\"application\/ld+json\" class=\"yoast-schema-graph\">{\"@context\":\"https:\\\/\\\/schema.org\",\"@graph\":[{\"@type\":\"WebPage\",\"@id\":\"https:\\\/\\\/www.driel-polen.nl\\\/herdenkingen\\\/herdenkingen-2005-2014\\\/2009-toespraken-voorzitter\\\/\",\"url\":\"https:\\\/\\\/www.driel-polen.nl\\\/herdenkingen\\\/herdenkingen-2005-2014\\\/2009-toespraken-voorzitter\\\/\",\"name\":\"2009-toespraken-voorzitter - Stichting Driel-Polen\",\"isPartOf\":{\"@id\":\"https:\\\/\\\/www.driel-polen.nl\\\/nl\\\/#website\"},\"primaryImageOfPage\":{\"@id\":\"https:\\\/\\\/www.driel-polen.nl\\\/herdenkingen\\\/herdenkingen-2005-2014\\\/2009-toespraken-voorzitter\\\/#primaryimage\"},\"image\":{\"@id\":\"https:\\\/\\\/www.driel-polen.nl\\\/herdenkingen\\\/herdenkingen-2005-2014\\\/2009-toespraken-voorzitter\\\/#primaryimage\"},\"thumbnailUrl\":\"https:\\\/\\\/www.driel-polen.nl\\\/wordpress\\\/wp-content\\\/uploads\\\/2018\\\/10\\\/Fotos-toespraken-2009-ArnoBaltussen.jpg\",\"datePublished\":\"2014-10-09T21:01:10+00:00\",\"dateModified\":\"2021-01-13T17:58:02+00:00\",\"breadcrumb\":{\"@id\":\"https:\\\/\\\/www.driel-polen.nl\\\/herdenkingen\\\/herdenkingen-2005-2014\\\/2009-toespraken-voorzitter\\\/#breadcrumb\"},\"inLanguage\":\"pl-PL\",\"potentialAction\":[{\"@type\":\"ReadAction\",\"target\":[\"https:\\\/\\\/www.driel-polen.nl\\\/herdenkingen\\\/herdenkingen-2005-2014\\\/2009-toespraken-voorzitter\\\/\"]}]},{\"@type\":\"ImageObject\",\"inLanguage\":\"pl-PL\",\"@id\":\"https:\\\/\\\/www.driel-polen.nl\\\/herdenkingen\\\/herdenkingen-2005-2014\\\/2009-toespraken-voorzitter\\\/#primaryimage\",\"url\":\"https:\\\/\\\/www.driel-polen.nl\\\/wordpress\\\/wp-content\\\/uploads\\\/2018\\\/10\\\/Fotos-toespraken-2009-ArnoBaltussen.jpg\",\"contentUrl\":\"https:\\\/\\\/www.driel-polen.nl\\\/wordpress\\\/wp-content\\\/uploads\\\/2018\\\/10\\\/Fotos-toespraken-2009-ArnoBaltussen.jpg\"},{\"@type\":\"BreadcrumbList\",\"@id\":\"https:\\\/\\\/www.driel-polen.nl\\\/herdenkingen\\\/herdenkingen-2005-2014\\\/2009-toespraken-voorzitter\\\/#breadcrumb\",\"itemListElement\":[{\"@type\":\"ListItem\",\"position\":1,\"name\":\"Herdenkingen\",\"item\":\"https:\\\/\\\/www.driel-polen.nl\\\/herdenkingen\\\/\"},{\"@type\":\"ListItem\",\"position\":2,\"name\":\"Herdenkingen 2005-2014\",\"item\":\"https:\\\/\\\/www.driel-polen.nl\\\/herdenkingen\\\/herdenkingen-2005-2014\\\/\"},{\"@type\":\"ListItem\",\"position\":3,\"name\":\"2009-toespraken-voorzitter\"}]},{\"@type\":\"WebSite\",\"@id\":\"https:\\\/\\\/www.driel-polen.nl\\\/nl\\\/#website\",\"url\":\"https:\\\/\\\/www.driel-polen.nl\\\/nl\\\/\",\"name\":\"Stichting Driel-Polen\",\"description\":\"General St. Sosabowski\",\"potentialAction\":[{\"@type\":\"SearchAction\",\"target\":{\"@type\":\"EntryPoint\",\"urlTemplate\":\"https:\\\/\\\/www.driel-polen.nl\\\/nl\\\/?s={search_term_string}\"},\"query-input\":{\"@type\":\"PropertyValueSpecification\",\"valueRequired\":true,\"valueName\":\"search_term_string\"}}],\"inLanguage\":\"pl-PL\"}]}<\/script>\n<!-- \/ Yoast SEO plugin. -->","yoast_head_json":{"title":"2009-toespraken-voorzitter - Stichting Driel-Polen","robots":{"index":"index","follow":"follow","max-snippet":"max-snippet:-1","max-image-preview":"max-image-preview:large","max-video-preview":"max-video-preview:-1"},"canonical":"https:\/\/www.driel-polen.nl\/herdenkingen\/herdenkingen-2005-2014\/2009-toespraken-voorzitter\/","og_locale":"pl_PL","og_type":"article","og_title":"2009-toespraken-voorzitter - Stichting Driel-Polen","og_description":"Prezes Fundacji Driel-Polen: A.J.M. Baltussen Panie i Panowie! W imieniu Fundacji Driel\u2013Polska pragn\u0119 przywita\u0107 wszystkich obecnych na obchodach, upami\u0119tni\u0105j\u0105cych udzia\u01421. Samodzielnej Brygady Spadochronowej w bitwie pod Arnhem sze\u015b\u0107dziesi\u0105t pi\u0119\u0107 lat temu. Szczeg\u00f3lnie gor\u0105co chcia\u0142bym przywita\u0107: szesnastu polskich weteran\u00f3w, przybyli z &hellip;","og_url":"https:\/\/www.driel-polen.nl\/herdenkingen\/herdenkingen-2005-2014\/2009-toespraken-voorzitter\/","og_site_name":"Stichting Driel-Polen","article_modified_time":"2021-01-13T17:58:02+00:00","og_image":[{"url":"https:\/\/www.driel-polen.nl\/wordpress\/wp-content\/uploads\/2018\/10\/Fotos-toespraken-2009-ArnoBaltussen.jpg","type":"","width":"","height":""}],"twitter_misc":{"Szacowany czas czytania":"10 minut"},"schema":{"@context":"https:\/\/schema.org","@graph":[{"@type":"WebPage","@id":"https:\/\/www.driel-polen.nl\/herdenkingen\/herdenkingen-2005-2014\/2009-toespraken-voorzitter\/","url":"https:\/\/www.driel-polen.nl\/herdenkingen\/herdenkingen-2005-2014\/2009-toespraken-voorzitter\/","name":"2009-toespraken-voorzitter - Stichting Driel-Polen","isPartOf":{"@id":"https:\/\/www.driel-polen.nl\/nl\/#website"},"primaryImageOfPage":{"@id":"https:\/\/www.driel-polen.nl\/herdenkingen\/herdenkingen-2005-2014\/2009-toespraken-voorzitter\/#primaryimage"},"image":{"@id":"https:\/\/www.driel-polen.nl\/herdenkingen\/herdenkingen-2005-2014\/2009-toespraken-voorzitter\/#primaryimage"},"thumbnailUrl":"https:\/\/www.driel-polen.nl\/wordpress\/wp-content\/uploads\/2018\/10\/Fotos-toespraken-2009-ArnoBaltussen.jpg","datePublished":"2014-10-09T21:01:10+00:00","dateModified":"2021-01-13T17:58:02+00:00","breadcrumb":{"@id":"https:\/\/www.driel-polen.nl\/herdenkingen\/herdenkingen-2005-2014\/2009-toespraken-voorzitter\/#breadcrumb"},"inLanguage":"pl-PL","potentialAction":[{"@type":"ReadAction","target":["https:\/\/www.driel-polen.nl\/herdenkingen\/herdenkingen-2005-2014\/2009-toespraken-voorzitter\/"]}]},{"@type":"ImageObject","inLanguage":"pl-PL","@id":"https:\/\/www.driel-polen.nl\/herdenkingen\/herdenkingen-2005-2014\/2009-toespraken-voorzitter\/#primaryimage","url":"https:\/\/www.driel-polen.nl\/wordpress\/wp-content\/uploads\/2018\/10\/Fotos-toespraken-2009-ArnoBaltussen.jpg","contentUrl":"https:\/\/www.driel-polen.nl\/wordpress\/wp-content\/uploads\/2018\/10\/Fotos-toespraken-2009-ArnoBaltussen.jpg"},{"@type":"BreadcrumbList","@id":"https:\/\/www.driel-polen.nl\/herdenkingen\/herdenkingen-2005-2014\/2009-toespraken-voorzitter\/#breadcrumb","itemListElement":[{"@type":"ListItem","position":1,"name":"Herdenkingen","item":"https:\/\/www.driel-polen.nl\/herdenkingen\/"},{"@type":"ListItem","position":2,"name":"Herdenkingen 2005-2014","item":"https:\/\/www.driel-polen.nl\/herdenkingen\/herdenkingen-2005-2014\/"},{"@type":"ListItem","position":3,"name":"2009-toespraken-voorzitter"}]},{"@type":"WebSite","@id":"https:\/\/www.driel-polen.nl\/nl\/#website","url":"https:\/\/www.driel-polen.nl\/nl\/","name":"Stichting Driel-Polen","description":"General St. Sosabowski","potentialAction":[{"@type":"SearchAction","target":{"@type":"EntryPoint","urlTemplate":"https:\/\/www.driel-polen.nl\/nl\/?s={search_term_string}"},"query-input":{"@type":"PropertyValueSpecification","valueRequired":true,"valueName":"search_term_string"}}],"inLanguage":"pl-PL"}]}},"_links":{"self":[{"href":"https:\/\/www.driel-polen.nl\/pl\/wp-json\/wp\/v2\/pages\/961","targetHints":{"allow":["GET"]}}],"collection":[{"href":"https:\/\/www.driel-polen.nl\/pl\/wp-json\/wp\/v2\/pages"}],"about":[{"href":"https:\/\/www.driel-polen.nl\/pl\/wp-json\/wp\/v2\/types\/page"}],"author":[{"embeddable":true,"href":"https:\/\/www.driel-polen.nl\/pl\/wp-json\/wp\/v2\/users\/17"}],"replies":[{"embeddable":true,"href":"https:\/\/www.driel-polen.nl\/pl\/wp-json\/wp\/v2\/comments?post=961"}],"version-history":[{"count":4,"href":"https:\/\/www.driel-polen.nl\/pl\/wp-json\/wp\/v2\/pages\/961\/revisions"}],"predecessor-version":[{"id":3117,"href":"https:\/\/www.driel-polen.nl\/pl\/wp-json\/wp\/v2\/pages\/961\/revisions\/3117"}],"up":[{"embeddable":true,"href":"https:\/\/www.driel-polen.nl\/pl\/wp-json\/wp\/v2\/pages\/5637"}],"wp:attachment":[{"href":"https:\/\/www.driel-polen.nl\/pl\/wp-json\/wp\/v2\/media?parent=961"}],"curies":[{"name":"wp","href":"https:\/\/api.w.org\/{rel}","templated":true}]}}