{"id":946,"date":"2014-10-09T13:28:36","date_gmt":"2014-10-09T11:28:36","guid":{"rendered":"http:\/\/www.driel-polen.nl\/?page_id=946"},"modified":"2021-01-12T20:21:00","modified_gmt":"2021-01-12T19:21:00","slug":"2010-toespraken-gedicht","status":"publish","type":"page","link":"https:\/\/www.driel-polen.nl\/pl\/herdenkingen\/herdenkingen-2005-2014\/2010-toespraken-gedicht\/","title":{"rendered":"2010-toespraken-gedicht"},"content":{"rendered":"<p><span style=\"color: #ff0000; font-size: large;\">Recytacja wiersza \u201cRocznica\u201d Tadeusza S. Roy-Rojewskiego<\/span><\/p>\n<p>&nbsp;<br \/>\nprzez 3 uczestnik\u00f3w konferencji Airborne International Youth Conference na koniec ceremonii sk\u0142adania wie\u0144c\u00f3w<br \/>\n po polsku Karolina Pieniawska<br \/>\n po angielsku Jasper Hekking<br \/>\n po niderlandzku Steve Zwarts<\/p>\n<p> \u201cROCZNICA\u201d<\/p>\n<p> Nam te rocznice s\u0105 tyle dro\u017csze,<br \/>\n Im nam do kresu bli\u017cej\u2026<br \/>\n W pami\u0119ci mamy Arnhemskie krzy\u017ce,<br \/>\n Nasz up\u00f3r wielki, nasze zmagania \u2013<br \/>\n I cho\u0107 czas biegnie, nic nie przes\u0142ania<br \/>\n Tamtych dni trudnych, lecz tak tre\u015bciwych,<br \/>\n Nadziej\u0105 grzesznych, odwetu chciwych,<br \/>\n Gdy w sercach ciep\u0142em \u017cywym zago\u015bci\u0142<br \/>\n U\u015bmiech \u017co\u0142nierskiej prostej mi\u0142o\u015bci<br \/>\n I b\u0142yska\u0142 z\u0142otem, jak l\u015bni\u0105c\u0105 szpad\u0105<br \/>\n Opromieniaj\u0105c tamt\u0105 Brygad\u0119 .<\/p>\n<p> Do nas, w\u015br\u00f3d takich blask\u00f3w promiennych<br \/>\n Nie ma dost\u0119pu bies \u201c\u015bwiate\u0142 ciemnych\u201d,<br \/>\n \u017badna z\u0142a wola nam nie odbierze<br \/>\n Uczynk\u00f3w czystych, bo my \u017co\u0142nierze<br \/>\n K\u0142adli\u015bmy \u017cycia m\u0142ode na szal\u0119<br \/>\n Nie deklamuj\u0105c o wielkiej chwale,<br \/>\n Lecz na Arnhemskie skacz\u0105c zakola<br \/>\n Mieli\u015bmy w oczach rozleg\u0142e pola<br \/>\n Naszej ojczyzny. W bitwy \u0142oskotach<br \/>\n Chcieli\u015bmy znale\u017a\u0107 drog\u0119 powrotu.<\/p>\n<p> Dzi\u015b \u015bwi\u0119c\u0105c nasz\u0105 wielk\u0105 rocznic\u0119 ,<br \/>\n Niech kielich b\u0142y\u015bnie w\u015br\u00f3d towarzyszy,<br \/>\n Wspomnijmy czule minut\u0105 ciszy<br \/>\n Tego, co hardo nosi\u0142 przy\u0142bic\u0119<br \/>\n I szed\u0142 po grudach a nie w pochwa\u0142ach \u2013<br \/>\n Zwr\u00f3\u0107my swe serca do Genera\u0142a<br \/>\n I z\u0142\u00f3\u017cmy szepty my\u015bli skrzydlatych<br \/>\n Na Jego grobie \u2013 wdzi\u0119czno\u015bci kwiaty!<\/p>\n<p> Bracia! \u2013 rocznica. C\u00f3\u017c \u017ce\u015bmy starzy \u2013<br \/>\n Nam dalszych rocznic szereg si\u0119 marzy!<\/p>\n<p> Tadeusz S.Roy-Rojewski<br \/>\n<\/p>","protected":false},"excerpt":{"rendered":"<p>Recytacja wiersza \u201cRocznica\u201d Tadeusza S. Roy-Rojewskiego &nbsp; przez 3 uczestnik\u00f3w konferencji Airborne International Youth Conference na koniec ceremonii sk\u0142adania wie\u0144c\u00f3w po polsku Karolina Pieniawska po angielsku Jasper Hekking po niderlandzku Steve Zwarts \u201cROCZNICA\u201d Nam te rocznice s\u0105 tyle dro\u017csze, Im <span class=\"excerpt-dots\">&hellip;<\/span> <a class=\"more-link\" href=\"https:\/\/www.driel-polen.nl\/pl\/herdenkingen\/herdenkingen-2005-2014\/2010-toespraken-gedicht\/\"><span class=\"more-msg\"><img decoding=\"async\" src=\"https:\/\/www.driel-polen.nl\/downloads\/lees-meer3.jpg\"><\/p>\n<hr class=\"wvrx-expand-full\" style=\"margin:0\"><\/span><\/a><\/p>\n","protected":false},"author":17,"featured_media":0,"parent":5637,"menu_order":5,"comment_status":"closed","ping_status":"open","template":"","meta":{"_monsterinsights_skip_tracking":false,"_monsterinsights_sitenote_active":false,"_monsterinsights_sitenote_note":"","_monsterinsights_sitenote_category":0,"ngg_post_thumbnail":0,"footnotes":""},"class_list":["post-946","page","type-page","status-publish","hentry"],"yoast_head":"<!-- This site is optimized with the Yoast SEO plugin v27.4 - https:\/\/yoast.com\/product\/yoast-seo-wordpress\/ -->\n<title>2010-toespraken-gedicht - Stichting Driel-Polen<\/title>\n<meta name=\"robots\" content=\"index, follow, max-snippet:-1, max-image-preview:large, max-video-preview:-1\" \/>\n<link rel=\"canonical\" href=\"https:\/\/www.driel-polen.nl\/herdenkingen\/herdenkingen-2005-2014\/2010-toespraken-gedicht\/\" \/>\n<meta property=\"og:locale\" content=\"pl_PL\" \/>\n<meta property=\"og:type\" content=\"article\" \/>\n<meta property=\"og:title\" content=\"2010-toespraken-gedicht - Stichting Driel-Polen\" \/>\n<meta property=\"og:description\" content=\"Recytacja wiersza \u201cRocznica\u201d Tadeusza S. Roy-Rojewskiego &nbsp; przez 3 uczestnik\u00f3w konferencji Airborne International Youth Conference na koniec ceremonii sk\u0142adania wie\u0144c\u00f3w po polsku Karolina Pieniawska po angielsku Jasper Hekking po niderlandzku Steve Zwarts \u201cROCZNICA\u201d Nam te rocznice s\u0105 tyle dro\u017csze, Im &hellip;\" \/>\n<meta property=\"og:url\" content=\"https:\/\/www.driel-polen.nl\/herdenkingen\/herdenkingen-2005-2014\/2010-toespraken-gedicht\/\" \/>\n<meta property=\"og:site_name\" content=\"Stichting Driel-Polen\" \/>\n<meta property=\"article:modified_time\" content=\"2021-01-12T19:21:00+00:00\" \/>\n<meta name=\"twitter:label1\" content=\"Szacowany czas czytania\" \/>\n\t<meta name=\"twitter:data1\" content=\"4 minuty\" \/>\n<script type=\"application\/ld+json\" class=\"yoast-schema-graph\">{\"@context\":\"https:\\\/\\\/schema.org\",\"@graph\":[{\"@type\":\"WebPage\",\"@id\":\"https:\\\/\\\/www.driel-polen.nl\\\/herdenkingen\\\/herdenkingen-2005-2014\\\/2010-toespraken-gedicht\\\/\",\"url\":\"https:\\\/\\\/www.driel-polen.nl\\\/herdenkingen\\\/herdenkingen-2005-2014\\\/2010-toespraken-gedicht\\\/\",\"name\":\"2010-toespraken-gedicht - Stichting Driel-Polen\",\"isPartOf\":{\"@id\":\"https:\\\/\\\/www.driel-polen.nl\\\/nl\\\/#website\"},\"datePublished\":\"2014-10-09T11:28:36+00:00\",\"dateModified\":\"2021-01-12T19:21:00+00:00\",\"breadcrumb\":{\"@id\":\"https:\\\/\\\/www.driel-polen.nl\\\/herdenkingen\\\/herdenkingen-2005-2014\\\/2010-toespraken-gedicht\\\/#breadcrumb\"},\"inLanguage\":\"pl-PL\",\"potentialAction\":[{\"@type\":\"ReadAction\",\"target\":[\"https:\\\/\\\/www.driel-polen.nl\\\/herdenkingen\\\/herdenkingen-2005-2014\\\/2010-toespraken-gedicht\\\/\"]}]},{\"@type\":\"BreadcrumbList\",\"@id\":\"https:\\\/\\\/www.driel-polen.nl\\\/herdenkingen\\\/herdenkingen-2005-2014\\\/2010-toespraken-gedicht\\\/#breadcrumb\",\"itemListElement\":[{\"@type\":\"ListItem\",\"position\":1,\"name\":\"Herdenkingen\",\"item\":\"https:\\\/\\\/www.driel-polen.nl\\\/herdenkingen\\\/\"},{\"@type\":\"ListItem\",\"position\":2,\"name\":\"Herdenkingen 2005-2014\",\"item\":\"https:\\\/\\\/www.driel-polen.nl\\\/herdenkingen\\\/herdenkingen-2005-2014\\\/\"},{\"@type\":\"ListItem\",\"position\":3,\"name\":\"2010-toespraken-gedicht\"}]},{\"@type\":\"WebSite\",\"@id\":\"https:\\\/\\\/www.driel-polen.nl\\\/nl\\\/#website\",\"url\":\"https:\\\/\\\/www.driel-polen.nl\\\/nl\\\/\",\"name\":\"Stichting Driel-Polen\",\"description\":\"General St. Sosabowski\",\"potentialAction\":[{\"@type\":\"SearchAction\",\"target\":{\"@type\":\"EntryPoint\",\"urlTemplate\":\"https:\\\/\\\/www.driel-polen.nl\\\/nl\\\/?s={search_term_string}\"},\"query-input\":{\"@type\":\"PropertyValueSpecification\",\"valueRequired\":true,\"valueName\":\"search_term_string\"}}],\"inLanguage\":\"pl-PL\"}]}<\/script>\n<!-- \/ Yoast SEO plugin. -->","yoast_head_json":{"title":"2010-toespraken-gedicht - Stichting Driel-Polen","robots":{"index":"index","follow":"follow","max-snippet":"max-snippet:-1","max-image-preview":"max-image-preview:large","max-video-preview":"max-video-preview:-1"},"canonical":"https:\/\/www.driel-polen.nl\/herdenkingen\/herdenkingen-2005-2014\/2010-toespraken-gedicht\/","og_locale":"pl_PL","og_type":"article","og_title":"2010-toespraken-gedicht - Stichting Driel-Polen","og_description":"Recytacja wiersza \u201cRocznica\u201d Tadeusza S. Roy-Rojewskiego &nbsp; przez 3 uczestnik\u00f3w konferencji Airborne International Youth Conference na koniec ceremonii sk\u0142adania wie\u0144c\u00f3w po polsku Karolina Pieniawska po angielsku Jasper Hekking po niderlandzku Steve Zwarts \u201cROCZNICA\u201d Nam te rocznice s\u0105 tyle dro\u017csze, Im &hellip;","og_url":"https:\/\/www.driel-polen.nl\/herdenkingen\/herdenkingen-2005-2014\/2010-toespraken-gedicht\/","og_site_name":"Stichting Driel-Polen","article_modified_time":"2021-01-12T19:21:00+00:00","twitter_misc":{"Szacowany czas czytania":"4 minuty"},"schema":{"@context":"https:\/\/schema.org","@graph":[{"@type":"WebPage","@id":"https:\/\/www.driel-polen.nl\/herdenkingen\/herdenkingen-2005-2014\/2010-toespraken-gedicht\/","url":"https:\/\/www.driel-polen.nl\/herdenkingen\/herdenkingen-2005-2014\/2010-toespraken-gedicht\/","name":"2010-toespraken-gedicht - Stichting Driel-Polen","isPartOf":{"@id":"https:\/\/www.driel-polen.nl\/nl\/#website"},"datePublished":"2014-10-09T11:28:36+00:00","dateModified":"2021-01-12T19:21:00+00:00","breadcrumb":{"@id":"https:\/\/www.driel-polen.nl\/herdenkingen\/herdenkingen-2005-2014\/2010-toespraken-gedicht\/#breadcrumb"},"inLanguage":"pl-PL","potentialAction":[{"@type":"ReadAction","target":["https:\/\/www.driel-polen.nl\/herdenkingen\/herdenkingen-2005-2014\/2010-toespraken-gedicht\/"]}]},{"@type":"BreadcrumbList","@id":"https:\/\/www.driel-polen.nl\/herdenkingen\/herdenkingen-2005-2014\/2010-toespraken-gedicht\/#breadcrumb","itemListElement":[{"@type":"ListItem","position":1,"name":"Herdenkingen","item":"https:\/\/www.driel-polen.nl\/herdenkingen\/"},{"@type":"ListItem","position":2,"name":"Herdenkingen 2005-2014","item":"https:\/\/www.driel-polen.nl\/herdenkingen\/herdenkingen-2005-2014\/"},{"@type":"ListItem","position":3,"name":"2010-toespraken-gedicht"}]},{"@type":"WebSite","@id":"https:\/\/www.driel-polen.nl\/nl\/#website","url":"https:\/\/www.driel-polen.nl\/nl\/","name":"Stichting Driel-Polen","description":"General St. Sosabowski","potentialAction":[{"@type":"SearchAction","target":{"@type":"EntryPoint","urlTemplate":"https:\/\/www.driel-polen.nl\/nl\/?s={search_term_string}"},"query-input":{"@type":"PropertyValueSpecification","valueRequired":true,"valueName":"search_term_string"}}],"inLanguage":"pl-PL"}]}},"_links":{"self":[{"href":"https:\/\/www.driel-polen.nl\/pl\/wp-json\/wp\/v2\/pages\/946","targetHints":{"allow":["GET"]}}],"collection":[{"href":"https:\/\/www.driel-polen.nl\/pl\/wp-json\/wp\/v2\/pages"}],"about":[{"href":"https:\/\/www.driel-polen.nl\/pl\/wp-json\/wp\/v2\/types\/page"}],"author":[{"embeddable":true,"href":"https:\/\/www.driel-polen.nl\/pl\/wp-json\/wp\/v2\/users\/17"}],"replies":[{"embeddable":true,"href":"https:\/\/www.driel-polen.nl\/pl\/wp-json\/wp\/v2\/comments?post=946"}],"version-history":[{"count":1,"href":"https:\/\/www.driel-polen.nl\/pl\/wp-json\/wp\/v2\/pages\/946\/revisions"}],"predecessor-version":[{"id":2881,"href":"https:\/\/www.driel-polen.nl\/pl\/wp-json\/wp\/v2\/pages\/946\/revisions\/2881"}],"up":[{"embeddable":true,"href":"https:\/\/www.driel-polen.nl\/pl\/wp-json\/wp\/v2\/pages\/5637"}],"wp:attachment":[{"href":"https:\/\/www.driel-polen.nl\/pl\/wp-json\/wp\/v2\/media?parent=946"}],"curies":[{"name":"wp","href":"https:\/\/api.w.org\/{rel}","templated":true}]}}