{"id":940,"date":"2014-10-09T13:19:28","date_gmt":"2014-10-09T11:19:28","guid":{"rendered":"http:\/\/www.driel-polen.nl\/?page_id=940"},"modified":"2021-01-12T20:19:28","modified_gmt":"2021-01-12T19:19:28","slug":"2010-toespraken-burgemeester","status":"publish","type":"page","link":"https:\/\/www.driel-polen.nl\/pl\/herdenkingen\/herdenkingen-2005-2014\/2010-toespraken-burgemeester\/","title":{"rendered":"2010-toespraken-burgemeester"},"content":{"rendered":"<p><span style=\"color: #ff0000; font-size: large;\">Burmistrz gminy Overbetuwe: Pani E. Tuijnman<\/span><br \/>\n<img loading=\"lazy\" decoding=\"async\" class=\"alignleft size-full wp-image-3041\" src=\"https:\/\/www.driel-polen.nl\/wordpress\/wp-content\/uploads\/2018\/10\/Fotos-toespraken-2010-Tuijnman.jpg\" alt=\"\" width=\"175\" height=\"250\" \/>Szanowni weterani, panie i panowie,<\/p>\n<p>Dzi\u015b rano bra\u0142am udzia\u0142 w uroczysto\u015bciach wspomnieniowych na wrzosowiskach Ginkel, w miejscowo\u015bci Ede. Jak co roku, z samolot\u00f3w wyskoczy\u0142y setki spadochroniarzy, wi\u0119kszo\u015b\u0107 z nich wyposa\u017cona w najnowocze\u015bniejszy, doskonale sterowny sprz\u0119t.<br \/>\nJednak zawsze pojawiaj\u0105 si\u0119 w\u015br\u00f3d nich takie same p\u00f3\u0142okr\u0105g\u0142e p\u0142achty, z jakimi we wrze\u015bniu 1944 roku skoczyli w niebo \u017co\u0142nierze Pierwszej Polskiej Samodzielnej Brygady Spadochronowej, dowodzonej przez genera\u0142a Sosabowskiego.<br \/>\nZastanawia\u0142am si\u0119, co musieli my\u015ble\u0107 ci ludzie, wyskakuj\u0105c ze wzgl\u0119dnego schronienia samolot\u00f3w Dakota. Bez nowoczesnej aparatury komunikacyjnej, kt\u00f3r\u0105 dzisiaj posiadamy i dzi\u0119ki kt\u00f3rej ich zadanie by\u0142oby o wiele \u0142atwiejsze.<br \/>\nZale\u017cni od wiatru, zapatrzeni w chmury, pod kt\u00f3rymi czeka\u0142 na nich nieznany kraj, z sercem pe\u0142nym trwogi i strachu przed wrogiem. Bez \u017cadnej mo\u017cliwo\u015bci odwrotu.<br \/>\nJak \u017cywe tarcze.<br \/>\nTutaj, nad t\u0105 wsi\u0105.<\/p>\n<p>Cz\u0142owiek pr\u00f3buje to sobie wyobrazi\u0107, jednocze\u015bnie zdaj\u0105c sobie spraw\u0119, \u017ce po\u015bwi\u0119cenie to by\u0142o niemal\u017ce niemo\u017cliwe.<br \/>\nBrygada by\u0142a przecie\u017c szkolona w innym celu, mia\u0142a wyzwoli\u0107 Polsk\u0119.<br \/>\nPodj\u0119to jednak za nich inn\u0105 decyzj\u0119.<br \/>\nWszyscy doskonale wiemy, jak potoczy\u0142y si\u0119 wydarzenia i gdybym zako\u0144czy\u0142a niniejsze przem\u00f3wienie przypominaj\u0105c je, pope\u0142ni\u0142abym ogromny nietakt w stosunku do tych w wi\u0119kszo\u015bci bardzo m\u0142odych ludzi, kt\u00f3rzy w\u0142o\u017cyli tyle odwagi i serca w wyzwolenie obcego kraju i obcych ludzi, m\u00f3wi\u0105cych nieznanym im j\u0119zykiem.<br \/>\nTo jednak nie by\u0142o tak.<br \/>\nTo by\u0142a walka z bezprawiem i opresj\u0105, z g\u0142odem i wyczerpaniem, ze z\u0142amaniem ducha i z szale\u0144cz\u0105 gr\u0105 o w\u0142adz\u0119, niemaj\u0105c\u0105 nic wsp\u00f3lnego z warto\u015bci\u0105 ludzkiego \u017cycia.<\/p>\n<p>Gdyby rezultatem ich po\u015bwi\u0119cenia mia\u0142by by\u0107 wieczny pok\u00f3j, czuliby\u015bmy si\u0119 dzi\u015b oszukani.<br \/>\nDzi\u015b bowiem, nieca\u0142e 70 lat p\u00f3\u017aniej, gdy wci\u0105\u017c \u017cyj\u0105 \u015bwiadkowie tamtych wydarze\u0144, m\u0142odzi ludzie ponownie udaj\u0105 si\u0119 na wojn\u0119 z niepokojem, opresj\u0105 i bied\u0105. P\u0142yn\u0105ca z tego nauka, \u017ce warto jest anga\u017cowa\u0107 si\u0119 w walk\u0119 o wolno\u015b\u0107, jest by\u0107 mo\u017ce s\u0142ab\u0105 pociech\u0105, jednak pozostaje ona podstaw\u0105 naszego istnienia.<br \/>\nWielu pragnie tego, co my otrzymali\u015bmy dzi\u0119ki po\u015bwi\u0119ceniu tych m\u0119\u017cczyzn, \u017co\u0142nierzy Pierwszej Polskiej Samodzielnej Brygady Spadochronowej, zrzuconych z samolot\u00f3w nad nieznan\u0105 ziemi\u0105, nad Driel.<br \/>\nDzisiejsze gesty, gdy po\u015bwi\u0119camy im nasze my\u015bli i w ciszy podziwiamy ich odwag\u0119, to najmniej, co mo\u017cemy dla nich zrobi\u0107. I co wci\u0105\u017c b\u0119dziemy robi\u0107.<br \/>\nCzym oddajemy im cze\u015b\u0107 i okazujemy nasz\u0105 dozgonn\u0105 wdzi\u0119czno\u015b\u0107 za ich walk\u0119 w imi\u0119 naszej wolno\u015bci i demokracji.<\/p>","protected":false},"excerpt":{"rendered":"<p>Burmistrz gminy Overbetuwe: Pani E. Tuijnman Szanowni weterani, panie i panowie, Dzi\u015b rano bra\u0142am udzia\u0142 w uroczysto\u015bciach wspomnieniowych na wrzosowiskach Ginkel, w miejscowo\u015bci Ede. Jak co roku, z samolot\u00f3w wyskoczy\u0142y setki spadochroniarzy, wi\u0119kszo\u015b\u0107 z nich wyposa\u017cona w najnowocze\u015bniejszy, doskonale sterowny <span class=\"excerpt-dots\">&hellip;<\/span> <a class=\"more-link\" href=\"https:\/\/www.driel-polen.nl\/pl\/herdenkingen\/herdenkingen-2005-2014\/2010-toespraken-burgemeester\/\"><span class=\"more-msg\"><img decoding=\"async\" src=\"https:\/\/www.driel-polen.nl\/downloads\/lees-meer3.jpg\"><\/p>\n<hr class=\"wvrx-expand-full\" style=\"margin:0\"><\/span><\/a><\/p>\n","protected":false},"author":17,"featured_media":0,"parent":5637,"menu_order":2,"comment_status":"closed","ping_status":"open","template":"","meta":{"_monsterinsights_skip_tracking":false,"_monsterinsights_sitenote_active":false,"_monsterinsights_sitenote_note":"","_monsterinsights_sitenote_category":0,"ngg_post_thumbnail":0,"footnotes":""},"class_list":["post-940","page","type-page","status-publish","hentry"],"yoast_head":"<!-- This site is optimized with the Yoast SEO plugin v27.4 - https:\/\/yoast.com\/product\/yoast-seo-wordpress\/ -->\n<title>2010-toespraken-burgemeester - Stichting Driel-Polen<\/title>\n<meta name=\"robots\" content=\"index, follow, max-snippet:-1, max-image-preview:large, max-video-preview:-1\" \/>\n<link rel=\"canonical\" href=\"https:\/\/www.driel-polen.nl\/herdenkingen\/herdenkingen-2005-2014\/2010-toespraken-burgemeester\/\" \/>\n<meta property=\"og:locale\" content=\"pl_PL\" \/>\n<meta property=\"og:type\" content=\"article\" \/>\n<meta property=\"og:title\" content=\"2010-toespraken-burgemeester - Stichting Driel-Polen\" \/>\n<meta property=\"og:description\" content=\"Burmistrz gminy Overbetuwe: Pani E. Tuijnman Szanowni weterani, panie i panowie, Dzi\u015b rano bra\u0142am udzia\u0142 w uroczysto\u015bciach wspomnieniowych na wrzosowiskach Ginkel, w miejscowo\u015bci Ede. Jak co roku, z samolot\u00f3w wyskoczy\u0142y setki spadochroniarzy, wi\u0119kszo\u015b\u0107 z nich wyposa\u017cona w najnowocze\u015bniejszy, doskonale sterowny &hellip;\" \/>\n<meta property=\"og:url\" content=\"https:\/\/www.driel-polen.nl\/herdenkingen\/herdenkingen-2005-2014\/2010-toespraken-burgemeester\/\" \/>\n<meta property=\"og:site_name\" content=\"Stichting Driel-Polen\" \/>\n<meta property=\"article:modified_time\" content=\"2021-01-12T19:19:28+00:00\" \/>\n<meta property=\"og:image\" content=\"https:\/\/www.driel-polen.nl\/wordpress\/wp-content\/uploads\/2018\/10\/Fotos-toespraken-2010-Tuijnman.jpg\" \/>\n<meta name=\"twitter:label1\" content=\"Szacowany czas czytania\" \/>\n\t<meta name=\"twitter:data1\" content=\"7 minut\" \/>\n<script type=\"application\/ld+json\" class=\"yoast-schema-graph\">{\"@context\":\"https:\\\/\\\/schema.org\",\"@graph\":[{\"@type\":\"WebPage\",\"@id\":\"https:\\\/\\\/www.driel-polen.nl\\\/herdenkingen\\\/herdenkingen-2005-2014\\\/2010-toespraken-burgemeester\\\/\",\"url\":\"https:\\\/\\\/www.driel-polen.nl\\\/herdenkingen\\\/herdenkingen-2005-2014\\\/2010-toespraken-burgemeester\\\/\",\"name\":\"2010-toespraken-burgemeester - Stichting Driel-Polen\",\"isPartOf\":{\"@id\":\"https:\\\/\\\/www.driel-polen.nl\\\/nl\\\/#website\"},\"primaryImageOfPage\":{\"@id\":\"https:\\\/\\\/www.driel-polen.nl\\\/herdenkingen\\\/herdenkingen-2005-2014\\\/2010-toespraken-burgemeester\\\/#primaryimage\"},\"image\":{\"@id\":\"https:\\\/\\\/www.driel-polen.nl\\\/herdenkingen\\\/herdenkingen-2005-2014\\\/2010-toespraken-burgemeester\\\/#primaryimage\"},\"thumbnailUrl\":\"https:\\\/\\\/www.driel-polen.nl\\\/wordpress\\\/wp-content\\\/uploads\\\/2018\\\/10\\\/Fotos-toespraken-2010-Tuijnman.jpg\",\"datePublished\":\"2014-10-09T11:19:28+00:00\",\"dateModified\":\"2021-01-12T19:19:28+00:00\",\"breadcrumb\":{\"@id\":\"https:\\\/\\\/www.driel-polen.nl\\\/herdenkingen\\\/herdenkingen-2005-2014\\\/2010-toespraken-burgemeester\\\/#breadcrumb\"},\"inLanguage\":\"pl-PL\",\"potentialAction\":[{\"@type\":\"ReadAction\",\"target\":[\"https:\\\/\\\/www.driel-polen.nl\\\/herdenkingen\\\/herdenkingen-2005-2014\\\/2010-toespraken-burgemeester\\\/\"]}]},{\"@type\":\"ImageObject\",\"inLanguage\":\"pl-PL\",\"@id\":\"https:\\\/\\\/www.driel-polen.nl\\\/herdenkingen\\\/herdenkingen-2005-2014\\\/2010-toespraken-burgemeester\\\/#primaryimage\",\"url\":\"https:\\\/\\\/www.driel-polen.nl\\\/wordpress\\\/wp-content\\\/uploads\\\/2018\\\/10\\\/Fotos-toespraken-2010-Tuijnman.jpg\",\"contentUrl\":\"https:\\\/\\\/www.driel-polen.nl\\\/wordpress\\\/wp-content\\\/uploads\\\/2018\\\/10\\\/Fotos-toespraken-2010-Tuijnman.jpg\"},{\"@type\":\"BreadcrumbList\",\"@id\":\"https:\\\/\\\/www.driel-polen.nl\\\/herdenkingen\\\/herdenkingen-2005-2014\\\/2010-toespraken-burgemeester\\\/#breadcrumb\",\"itemListElement\":[{\"@type\":\"ListItem\",\"position\":1,\"name\":\"Herdenkingen\",\"item\":\"https:\\\/\\\/www.driel-polen.nl\\\/herdenkingen\\\/\"},{\"@type\":\"ListItem\",\"position\":2,\"name\":\"Herdenkingen 2005-2014\",\"item\":\"https:\\\/\\\/www.driel-polen.nl\\\/herdenkingen\\\/herdenkingen-2005-2014\\\/\"},{\"@type\":\"ListItem\",\"position\":3,\"name\":\"2010-toespraken-burgemeester\"}]},{\"@type\":\"WebSite\",\"@id\":\"https:\\\/\\\/www.driel-polen.nl\\\/nl\\\/#website\",\"url\":\"https:\\\/\\\/www.driel-polen.nl\\\/nl\\\/\",\"name\":\"Stichting Driel-Polen\",\"description\":\"General St. Sosabowski\",\"potentialAction\":[{\"@type\":\"SearchAction\",\"target\":{\"@type\":\"EntryPoint\",\"urlTemplate\":\"https:\\\/\\\/www.driel-polen.nl\\\/nl\\\/?s={search_term_string}\"},\"query-input\":{\"@type\":\"PropertyValueSpecification\",\"valueRequired\":true,\"valueName\":\"search_term_string\"}}],\"inLanguage\":\"pl-PL\"}]}<\/script>\n<!-- \/ Yoast SEO plugin. -->","yoast_head_json":{"title":"2010-toespraken-burgemeester - Stichting Driel-Polen","robots":{"index":"index","follow":"follow","max-snippet":"max-snippet:-1","max-image-preview":"max-image-preview:large","max-video-preview":"max-video-preview:-1"},"canonical":"https:\/\/www.driel-polen.nl\/herdenkingen\/herdenkingen-2005-2014\/2010-toespraken-burgemeester\/","og_locale":"pl_PL","og_type":"article","og_title":"2010-toespraken-burgemeester - Stichting Driel-Polen","og_description":"Burmistrz gminy Overbetuwe: Pani E. Tuijnman Szanowni weterani, panie i panowie, Dzi\u015b rano bra\u0142am udzia\u0142 w uroczysto\u015bciach wspomnieniowych na wrzosowiskach Ginkel, w miejscowo\u015bci Ede. Jak co roku, z samolot\u00f3w wyskoczy\u0142y setki spadochroniarzy, wi\u0119kszo\u015b\u0107 z nich wyposa\u017cona w najnowocze\u015bniejszy, doskonale sterowny &hellip;","og_url":"https:\/\/www.driel-polen.nl\/herdenkingen\/herdenkingen-2005-2014\/2010-toespraken-burgemeester\/","og_site_name":"Stichting Driel-Polen","article_modified_time":"2021-01-12T19:19:28+00:00","og_image":[{"url":"https:\/\/www.driel-polen.nl\/wordpress\/wp-content\/uploads\/2018\/10\/Fotos-toespraken-2010-Tuijnman.jpg","type":"","width":"","height":""}],"twitter_misc":{"Szacowany czas czytania":"7 minut"},"schema":{"@context":"https:\/\/schema.org","@graph":[{"@type":"WebPage","@id":"https:\/\/www.driel-polen.nl\/herdenkingen\/herdenkingen-2005-2014\/2010-toespraken-burgemeester\/","url":"https:\/\/www.driel-polen.nl\/herdenkingen\/herdenkingen-2005-2014\/2010-toespraken-burgemeester\/","name":"2010-toespraken-burgemeester - Stichting Driel-Polen","isPartOf":{"@id":"https:\/\/www.driel-polen.nl\/nl\/#website"},"primaryImageOfPage":{"@id":"https:\/\/www.driel-polen.nl\/herdenkingen\/herdenkingen-2005-2014\/2010-toespraken-burgemeester\/#primaryimage"},"image":{"@id":"https:\/\/www.driel-polen.nl\/herdenkingen\/herdenkingen-2005-2014\/2010-toespraken-burgemeester\/#primaryimage"},"thumbnailUrl":"https:\/\/www.driel-polen.nl\/wordpress\/wp-content\/uploads\/2018\/10\/Fotos-toespraken-2010-Tuijnman.jpg","datePublished":"2014-10-09T11:19:28+00:00","dateModified":"2021-01-12T19:19:28+00:00","breadcrumb":{"@id":"https:\/\/www.driel-polen.nl\/herdenkingen\/herdenkingen-2005-2014\/2010-toespraken-burgemeester\/#breadcrumb"},"inLanguage":"pl-PL","potentialAction":[{"@type":"ReadAction","target":["https:\/\/www.driel-polen.nl\/herdenkingen\/herdenkingen-2005-2014\/2010-toespraken-burgemeester\/"]}]},{"@type":"ImageObject","inLanguage":"pl-PL","@id":"https:\/\/www.driel-polen.nl\/herdenkingen\/herdenkingen-2005-2014\/2010-toespraken-burgemeester\/#primaryimage","url":"https:\/\/www.driel-polen.nl\/wordpress\/wp-content\/uploads\/2018\/10\/Fotos-toespraken-2010-Tuijnman.jpg","contentUrl":"https:\/\/www.driel-polen.nl\/wordpress\/wp-content\/uploads\/2018\/10\/Fotos-toespraken-2010-Tuijnman.jpg"},{"@type":"BreadcrumbList","@id":"https:\/\/www.driel-polen.nl\/herdenkingen\/herdenkingen-2005-2014\/2010-toespraken-burgemeester\/#breadcrumb","itemListElement":[{"@type":"ListItem","position":1,"name":"Herdenkingen","item":"https:\/\/www.driel-polen.nl\/herdenkingen\/"},{"@type":"ListItem","position":2,"name":"Herdenkingen 2005-2014","item":"https:\/\/www.driel-polen.nl\/herdenkingen\/herdenkingen-2005-2014\/"},{"@type":"ListItem","position":3,"name":"2010-toespraken-burgemeester"}]},{"@type":"WebSite","@id":"https:\/\/www.driel-polen.nl\/nl\/#website","url":"https:\/\/www.driel-polen.nl\/nl\/","name":"Stichting Driel-Polen","description":"General St. Sosabowski","potentialAction":[{"@type":"SearchAction","target":{"@type":"EntryPoint","urlTemplate":"https:\/\/www.driel-polen.nl\/nl\/?s={search_term_string}"},"query-input":{"@type":"PropertyValueSpecification","valueRequired":true,"valueName":"search_term_string"}}],"inLanguage":"pl-PL"}]}},"_links":{"self":[{"href":"https:\/\/www.driel-polen.nl\/pl\/wp-json\/wp\/v2\/pages\/940","targetHints":{"allow":["GET"]}}],"collection":[{"href":"https:\/\/www.driel-polen.nl\/pl\/wp-json\/wp\/v2\/pages"}],"about":[{"href":"https:\/\/www.driel-polen.nl\/pl\/wp-json\/wp\/v2\/types\/page"}],"author":[{"embeddable":true,"href":"https:\/\/www.driel-polen.nl\/pl\/wp-json\/wp\/v2\/users\/17"}],"replies":[{"embeddable":true,"href":"https:\/\/www.driel-polen.nl\/pl\/wp-json\/wp\/v2\/comments?post=940"}],"version-history":[{"count":2,"href":"https:\/\/www.driel-polen.nl\/pl\/wp-json\/wp\/v2\/pages\/940\/revisions"}],"predecessor-version":[{"id":3043,"href":"https:\/\/www.driel-polen.nl\/pl\/wp-json\/wp\/v2\/pages\/940\/revisions\/3043"}],"up":[{"embeddable":true,"href":"https:\/\/www.driel-polen.nl\/pl\/wp-json\/wp\/v2\/pages\/5637"}],"wp:attachment":[{"href":"https:\/\/www.driel-polen.nl\/pl\/wp-json\/wp\/v2\/media?parent=940"}],"curies":[{"name":"wp","href":"https:\/\/api.w.org\/{rel}","templated":true}]}}