{"id":938,"date":"2014-10-09T13:16:27","date_gmt":"2014-10-09T11:16:27","guid":{"rendered":"http:\/\/www.driel-polen.nl\/?page_id=938"},"modified":"2021-01-12T20:18:57","modified_gmt":"2021-01-12T19:18:57","slug":"2010-toespraken-voorzitter","status":"publish","type":"page","link":"https:\/\/www.driel-polen.nl\/pl\/herdenkingen\/herdenkingen-2005-2014\/2010-toespraken-voorzitter\/","title":{"rendered":"2010-toespraken-voorzitter"},"content":{"rendered":"<p><span style=\"color: #ff0000; font-size: large;\">Prezes Fundacji Driel-Polen: A.J.M. Baltussen<\/span><br \/>\n<img loading=\"lazy\" decoding=\"async\" class=\"alignleft size-full wp-image-3037\" src=\"https:\/\/www.driel-polen.nl\/wordpress\/wp-content\/uploads\/2018\/10\/Fotos-toespraken-2010-ArnoBaltussen.jpg\" alt=\"\" width=\"175\" height=\"250\" \/>Panie i Panowie<\/p>\n<p>W imieniu Fundacji Driel-Polen pragn\u0119 powita\u0107 Pa\u0144stwa na niniejszych obchodach, podczas kt\u00f3rych po\u015bwi\u0119cimy szczeg\u00f3ln\u0105 uwag\u0119 wk\u0142adowi Pierwszej Polskiej Samodzielnej Brygady Spadochronowej w Bitw\u0119 o Arnhem przed 66 laty.<br \/>\nSzczeg\u00f3lnie serdecznie pragn\u0119 powita\u0107<br \/>\nDziewi\u0119ciu polskich weteran\u00f3w, kt\u00f3rzy przybyli do Driel ze swoich dom\u00f3w w Wielkiej Brytanii, Kanadzie, USA i Holandii<br \/>\nA tak\u017ce wdowy po polskich weteranach, z kt\u00f3rych jedna przyby\u0142a z Polski a dwie z Holandii<br \/>\nAmbasadora Rzeczypospolitej Polskiej, jego ekscelencj\u0119 pana Sta\u0144czyka<br \/>\nPana Jacka Saryusza-Wolskiego, reprezentuj\u0105cego Polsk\u0119 w Parlamencie Europejskim, cz\u0142onka Komitetu Spraw Zagranicznych przy Parlamencie Europejskim<br \/>\nAmbasadora Wielkiej Brytanii oraz przedstawicieli z Kanady i ze Stan\u00f3w Zjednoczonych Ameryki P\u00f3\u0142nocnej<br \/>\nKr\u00f3lewskiego Komisarza naszej prowincji, pana Cornielje<br \/>\nBurmistrza naszej gminy, pani\u0105 Tuijnman<br \/>\nDow\u00f3dc\u0119 6 Brygady powietrzno-desantowej Genera\u0142a Brygady S.F. Sosabowskiego &#8211; Genera\u0142a Brygady Knapa<br \/>\nPrzedstawicieli rodziny genera\u0142a Sosabowskiego, pani\u0105 S\u0142aw\u0119 Tomczyk \u2013 Sosabowsk\u0105<br \/>\nGeorge\u2019a Cholewczy\u0144skiego, autora licznych ksi\u0105\u017cek o generale Sosabowskim i jego Brygadzie<br \/>\nPrzedstawiciela weteran\u00f3w brytyjskich, pana Wilkinsona<br \/>\nBurmistrz\u00f3w gmin partnerskich:<br \/>\nOverbetuwe w Niemczech,<br \/>\nPana Wernarda z Usingen w Niemczech,<br \/>\nPani\u0105 Wallraff z Zulpich w Niemczech<br \/>\nOraz pana Wo\u017aniaka z Boleszkowic w Polsce<br \/>\nWszystkich obecnych dzisiaj brytyjskich weteran\u00f3w<\/p>\n<p>W ubieg\u0142ym roku w obchodach uczestniczy\u0142o 16 polskich weteran\u00f3w. Wzi\u0105wszy pod uwag\u0119 ich wiek, by\u0142a to bardzo du\u017ca liczba. W tym roku go\u015bcimy dziewi\u0119ciu z nich. To wci\u0105\u017c bardzo wiele, zw\u0142aszcza, \u017ce do dzi\u015b \u017cyje jeszcze oko\u0142o 90 weteran\u00f3w z Pierwszej Polskiej Samodzielnej Brygady Spadochronowej i ka\u017cdy z nich ma obecnie oko\u0142o dziewi\u0119\u0107dziesi\u0119ciu lat.<br \/>\nJu\u017c w 1945 roku powr\u00f3cili do Driel odwiedzi\u0107 poleg\u0142ych towarzyszy i zobaczy\u0107 to, co pozosta\u0142o po straszliwej bitwie, w kt\u00f3rej brali udzia\u0142. Ka\u017cdego roku we wrze\u015bniu kilku z nich przybywa tutaj z wizyt\u0105.<\/p>\n<p>Na pewno cieszy ich rosn\u0105ce zainteresowanie ze strony ich rodak\u00f3w i m\u0142odzie\u017cy. Po z\u0142o\u017ceniu wie\u0144c\u00f3w m\u0142odzie\u017c, bior\u0105ca udzia\u0142 w Mi\u0119dzynarodowej konferencji M\u0142odzie\u017cy w Arnhem, odczyta wiersz napisany tu\u017c po wojnie przez jednego z \u017co\u0142nierzy Brygady. Ko\u0144czy si\u0119 on s\u0142owami: \u201eW miar\u0119, jak stajemy si\u0119 starsi, marzymy o kolejnych rocznicach\u201d.<br \/>\nDzi\u015b weterani s\u0105 \u015bwiadkami naszych uroczysto\u015bci wspomnieniowych i ogromnego nimi zainteresowania. Widz\u0105c m\u0142odzie\u017c, bior\u0105c\u0105 udzia\u0142 w uroczysto\u015bciach, mog\u0105 by\u0107 pewni, \u017ce ta pami\u0119\u0107 tak \u0142atwo nie przeminie. Mamy nadziej\u0119, \u017ce w kolejnych latach b\u0119d\u0105 zaszczyca\u0107 nas swoj\u0105 obecno\u015bci\u0105.<\/p>\n<p>W ubieg\u0142ych dniach oko\u0142o 90 m\u0142odych ludzi wzi\u0119\u0142o udzia\u0142 w Mi\u0119dzynarodowej Konferencji M\u0142odzie\u017cy w Arnhem, zorganizowanej pod has\u0142em \u201eWykszta\u0142cenie \u2013 bro\u0144 pokojowa\u201d. Pojawili si\u0119 ch\u0142opcy i dziewcz\u0119ta z 14 kraj\u00f3w, w tym dziesi\u0119\u0107 os\u00f3b z r\u00f3\u017cnych cz\u0119\u015bci Polski. Konferencja ta powinna mie\u0107 zapewnione coraz wa\u017cniejsze miejsce w uroczysto\u015bciach wspomnieniowych w tym regionie.<br \/>\nPocz\u0105wszy od pierwszych obchod\u00f3w w Driel w 1946 roku, m\u0142odzie\u017c odgrywa\u0142a w nich bardzo wa\u017cn\u0105 rol\u0119. R\u00f3wnie\u017c w tym roku mo\u017cemy liczy\u0107 na obecno\u015b\u0107 ch\u00f3ru m\u0142odzie\u017cowego, w sk\u0142ad kt\u00f3rego wchodz\u0105 uczniowie trzech szk\u00f3\u0142 podstawowych z Driel. Od wielu lat towarzyszy im orkiestra, sk\u0142adaj\u0105ca si\u0119 z ich r\u00f3wie\u015bnik\u00f3w z Krakowa &#8211; Promyki Krakowa. Wsp\u00f3lnie wykonaj\u0105 oni dla nas polsk\u0105 pie\u015b\u0144 \u201ePi\u0119nkna nasza Polska ca\u0142a\u201d.<\/p>","protected":false},"excerpt":{"rendered":"<p>Prezes Fundacji Driel-Polen: A.J.M. Baltussen Panie i Panowie W imieniu Fundacji Driel-Polen pragn\u0119 powita\u0107 Pa\u0144stwa na niniejszych obchodach, podczas kt\u00f3rych po\u015bwi\u0119cimy szczeg\u00f3ln\u0105 uwag\u0119 wk\u0142adowi Pierwszej Polskiej Samodzielnej Brygady Spadochronowej w Bitw\u0119 o Arnhem przed 66 laty. Szczeg\u00f3lnie serdecznie pragn\u0119 powita\u0107 <span class=\"excerpt-dots\">&hellip;<\/span> <a class=\"more-link\" href=\"https:\/\/www.driel-polen.nl\/pl\/herdenkingen\/herdenkingen-2005-2014\/2010-toespraken-voorzitter\/\"><span class=\"more-msg\"><img decoding=\"async\" src=\"https:\/\/www.driel-polen.nl\/downloads\/lees-meer3.jpg\"><\/p>\n<hr class=\"wvrx-expand-full\" style=\"margin:0\"><\/span><\/a><\/p>\n","protected":false},"author":17,"featured_media":0,"parent":5637,"menu_order":1,"comment_status":"closed","ping_status":"open","template":"","meta":{"_monsterinsights_skip_tracking":false,"_monsterinsights_sitenote_active":false,"_monsterinsights_sitenote_note":"","_monsterinsights_sitenote_category":0,"ngg_post_thumbnail":0,"footnotes":""},"class_list":["post-938","page","type-page","status-publish","hentry"],"yoast_head":"<!-- This site is optimized with the Yoast SEO plugin v27.4 - https:\/\/yoast.com\/product\/yoast-seo-wordpress\/ -->\n<title>2010-toespraken-voorzitter - Stichting Driel-Polen<\/title>\n<meta name=\"robots\" content=\"index, follow, max-snippet:-1, max-image-preview:large, max-video-preview:-1\" \/>\n<link rel=\"canonical\" href=\"https:\/\/www.driel-polen.nl\/herdenkingen\/herdenkingen-2005-2014\/2010-toespraken-voorzitter\/\" \/>\n<meta property=\"og:locale\" content=\"pl_PL\" \/>\n<meta property=\"og:type\" content=\"article\" \/>\n<meta property=\"og:title\" content=\"2010-toespraken-voorzitter - Stichting Driel-Polen\" \/>\n<meta property=\"og:description\" content=\"Prezes Fundacji Driel-Polen: A.J.M. Baltussen Panie i Panowie W imieniu Fundacji Driel-Polen pragn\u0119 powita\u0107 Pa\u0144stwa na niniejszych obchodach, podczas kt\u00f3rych po\u015bwi\u0119cimy szczeg\u00f3ln\u0105 uwag\u0119 wk\u0142adowi Pierwszej Polskiej Samodzielnej Brygady Spadochronowej w Bitw\u0119 o Arnhem przed 66 laty. Szczeg\u00f3lnie serdecznie pragn\u0119 powita\u0107 &hellip;\" \/>\n<meta property=\"og:url\" content=\"https:\/\/www.driel-polen.nl\/herdenkingen\/herdenkingen-2005-2014\/2010-toespraken-voorzitter\/\" \/>\n<meta property=\"og:site_name\" content=\"Stichting Driel-Polen\" \/>\n<meta property=\"article:modified_time\" content=\"2021-01-12T19:18:57+00:00\" \/>\n<meta property=\"og:image\" content=\"https:\/\/www.driel-polen.nl\/wordpress\/wp-content\/uploads\/2018\/10\/Fotos-toespraken-2010-ArnoBaltussen.jpg\" \/>\n<meta name=\"twitter:label1\" content=\"Szacowany czas czytania\" \/>\n\t<meta name=\"twitter:data1\" content=\"9 minut\" \/>\n<script type=\"application\/ld+json\" class=\"yoast-schema-graph\">{\"@context\":\"https:\\\/\\\/schema.org\",\"@graph\":[{\"@type\":\"WebPage\",\"@id\":\"https:\\\/\\\/www.driel-polen.nl\\\/herdenkingen\\\/herdenkingen-2005-2014\\\/2010-toespraken-voorzitter\\\/\",\"url\":\"https:\\\/\\\/www.driel-polen.nl\\\/herdenkingen\\\/herdenkingen-2005-2014\\\/2010-toespraken-voorzitter\\\/\",\"name\":\"2010-toespraken-voorzitter - Stichting Driel-Polen\",\"isPartOf\":{\"@id\":\"https:\\\/\\\/www.driel-polen.nl\\\/nl\\\/#website\"},\"primaryImageOfPage\":{\"@id\":\"https:\\\/\\\/www.driel-polen.nl\\\/herdenkingen\\\/herdenkingen-2005-2014\\\/2010-toespraken-voorzitter\\\/#primaryimage\"},\"image\":{\"@id\":\"https:\\\/\\\/www.driel-polen.nl\\\/herdenkingen\\\/herdenkingen-2005-2014\\\/2010-toespraken-voorzitter\\\/#primaryimage\"},\"thumbnailUrl\":\"https:\\\/\\\/www.driel-polen.nl\\\/wordpress\\\/wp-content\\\/uploads\\\/2018\\\/10\\\/Fotos-toespraken-2010-ArnoBaltussen.jpg\",\"datePublished\":\"2014-10-09T11:16:27+00:00\",\"dateModified\":\"2021-01-12T19:18:57+00:00\",\"breadcrumb\":{\"@id\":\"https:\\\/\\\/www.driel-polen.nl\\\/herdenkingen\\\/herdenkingen-2005-2014\\\/2010-toespraken-voorzitter\\\/#breadcrumb\"},\"inLanguage\":\"pl-PL\",\"potentialAction\":[{\"@type\":\"ReadAction\",\"target\":[\"https:\\\/\\\/www.driel-polen.nl\\\/herdenkingen\\\/herdenkingen-2005-2014\\\/2010-toespraken-voorzitter\\\/\"]}]},{\"@type\":\"ImageObject\",\"inLanguage\":\"pl-PL\",\"@id\":\"https:\\\/\\\/www.driel-polen.nl\\\/herdenkingen\\\/herdenkingen-2005-2014\\\/2010-toespraken-voorzitter\\\/#primaryimage\",\"url\":\"https:\\\/\\\/www.driel-polen.nl\\\/wordpress\\\/wp-content\\\/uploads\\\/2018\\\/10\\\/Fotos-toespraken-2010-ArnoBaltussen.jpg\",\"contentUrl\":\"https:\\\/\\\/www.driel-polen.nl\\\/wordpress\\\/wp-content\\\/uploads\\\/2018\\\/10\\\/Fotos-toespraken-2010-ArnoBaltussen.jpg\"},{\"@type\":\"BreadcrumbList\",\"@id\":\"https:\\\/\\\/www.driel-polen.nl\\\/herdenkingen\\\/herdenkingen-2005-2014\\\/2010-toespraken-voorzitter\\\/#breadcrumb\",\"itemListElement\":[{\"@type\":\"ListItem\",\"position\":1,\"name\":\"Herdenkingen\",\"item\":\"https:\\\/\\\/www.driel-polen.nl\\\/herdenkingen\\\/\"},{\"@type\":\"ListItem\",\"position\":2,\"name\":\"Herdenkingen 2005-2014\",\"item\":\"https:\\\/\\\/www.driel-polen.nl\\\/herdenkingen\\\/herdenkingen-2005-2014\\\/\"},{\"@type\":\"ListItem\",\"position\":3,\"name\":\"2010-toespraken-voorzitter\"}]},{\"@type\":\"WebSite\",\"@id\":\"https:\\\/\\\/www.driel-polen.nl\\\/nl\\\/#website\",\"url\":\"https:\\\/\\\/www.driel-polen.nl\\\/nl\\\/\",\"name\":\"Stichting Driel-Polen\",\"description\":\"General St. Sosabowski\",\"potentialAction\":[{\"@type\":\"SearchAction\",\"target\":{\"@type\":\"EntryPoint\",\"urlTemplate\":\"https:\\\/\\\/www.driel-polen.nl\\\/nl\\\/?s={search_term_string}\"},\"query-input\":{\"@type\":\"PropertyValueSpecification\",\"valueRequired\":true,\"valueName\":\"search_term_string\"}}],\"inLanguage\":\"pl-PL\"}]}<\/script>\n<!-- \/ Yoast SEO plugin. -->","yoast_head_json":{"title":"2010-toespraken-voorzitter - Stichting Driel-Polen","robots":{"index":"index","follow":"follow","max-snippet":"max-snippet:-1","max-image-preview":"max-image-preview:large","max-video-preview":"max-video-preview:-1"},"canonical":"https:\/\/www.driel-polen.nl\/herdenkingen\/herdenkingen-2005-2014\/2010-toespraken-voorzitter\/","og_locale":"pl_PL","og_type":"article","og_title":"2010-toespraken-voorzitter - Stichting Driel-Polen","og_description":"Prezes Fundacji Driel-Polen: A.J.M. Baltussen Panie i Panowie W imieniu Fundacji Driel-Polen pragn\u0119 powita\u0107 Pa\u0144stwa na niniejszych obchodach, podczas kt\u00f3rych po\u015bwi\u0119cimy szczeg\u00f3ln\u0105 uwag\u0119 wk\u0142adowi Pierwszej Polskiej Samodzielnej Brygady Spadochronowej w Bitw\u0119 o Arnhem przed 66 laty. Szczeg\u00f3lnie serdecznie pragn\u0119 powita\u0107 &hellip;","og_url":"https:\/\/www.driel-polen.nl\/herdenkingen\/herdenkingen-2005-2014\/2010-toespraken-voorzitter\/","og_site_name":"Stichting Driel-Polen","article_modified_time":"2021-01-12T19:18:57+00:00","og_image":[{"url":"https:\/\/www.driel-polen.nl\/wordpress\/wp-content\/uploads\/2018\/10\/Fotos-toespraken-2010-ArnoBaltussen.jpg","type":"","width":"","height":""}],"twitter_misc":{"Szacowany czas czytania":"9 minut"},"schema":{"@context":"https:\/\/schema.org","@graph":[{"@type":"WebPage","@id":"https:\/\/www.driel-polen.nl\/herdenkingen\/herdenkingen-2005-2014\/2010-toespraken-voorzitter\/","url":"https:\/\/www.driel-polen.nl\/herdenkingen\/herdenkingen-2005-2014\/2010-toespraken-voorzitter\/","name":"2010-toespraken-voorzitter - Stichting Driel-Polen","isPartOf":{"@id":"https:\/\/www.driel-polen.nl\/nl\/#website"},"primaryImageOfPage":{"@id":"https:\/\/www.driel-polen.nl\/herdenkingen\/herdenkingen-2005-2014\/2010-toespraken-voorzitter\/#primaryimage"},"image":{"@id":"https:\/\/www.driel-polen.nl\/herdenkingen\/herdenkingen-2005-2014\/2010-toespraken-voorzitter\/#primaryimage"},"thumbnailUrl":"https:\/\/www.driel-polen.nl\/wordpress\/wp-content\/uploads\/2018\/10\/Fotos-toespraken-2010-ArnoBaltussen.jpg","datePublished":"2014-10-09T11:16:27+00:00","dateModified":"2021-01-12T19:18:57+00:00","breadcrumb":{"@id":"https:\/\/www.driel-polen.nl\/herdenkingen\/herdenkingen-2005-2014\/2010-toespraken-voorzitter\/#breadcrumb"},"inLanguage":"pl-PL","potentialAction":[{"@type":"ReadAction","target":["https:\/\/www.driel-polen.nl\/herdenkingen\/herdenkingen-2005-2014\/2010-toespraken-voorzitter\/"]}]},{"@type":"ImageObject","inLanguage":"pl-PL","@id":"https:\/\/www.driel-polen.nl\/herdenkingen\/herdenkingen-2005-2014\/2010-toespraken-voorzitter\/#primaryimage","url":"https:\/\/www.driel-polen.nl\/wordpress\/wp-content\/uploads\/2018\/10\/Fotos-toespraken-2010-ArnoBaltussen.jpg","contentUrl":"https:\/\/www.driel-polen.nl\/wordpress\/wp-content\/uploads\/2018\/10\/Fotos-toespraken-2010-ArnoBaltussen.jpg"},{"@type":"BreadcrumbList","@id":"https:\/\/www.driel-polen.nl\/herdenkingen\/herdenkingen-2005-2014\/2010-toespraken-voorzitter\/#breadcrumb","itemListElement":[{"@type":"ListItem","position":1,"name":"Herdenkingen","item":"https:\/\/www.driel-polen.nl\/herdenkingen\/"},{"@type":"ListItem","position":2,"name":"Herdenkingen 2005-2014","item":"https:\/\/www.driel-polen.nl\/herdenkingen\/herdenkingen-2005-2014\/"},{"@type":"ListItem","position":3,"name":"2010-toespraken-voorzitter"}]},{"@type":"WebSite","@id":"https:\/\/www.driel-polen.nl\/nl\/#website","url":"https:\/\/www.driel-polen.nl\/nl\/","name":"Stichting Driel-Polen","description":"General St. Sosabowski","potentialAction":[{"@type":"SearchAction","target":{"@type":"EntryPoint","urlTemplate":"https:\/\/www.driel-polen.nl\/nl\/?s={search_term_string}"},"query-input":{"@type":"PropertyValueSpecification","valueRequired":true,"valueName":"search_term_string"}}],"inLanguage":"pl-PL"}]}},"_links":{"self":[{"href":"https:\/\/www.driel-polen.nl\/pl\/wp-json\/wp\/v2\/pages\/938","targetHints":{"allow":["GET"]}}],"collection":[{"href":"https:\/\/www.driel-polen.nl\/pl\/wp-json\/wp\/v2\/pages"}],"about":[{"href":"https:\/\/www.driel-polen.nl\/pl\/wp-json\/wp\/v2\/types\/page"}],"author":[{"embeddable":true,"href":"https:\/\/www.driel-polen.nl\/pl\/wp-json\/wp\/v2\/users\/17"}],"replies":[{"embeddable":true,"href":"https:\/\/www.driel-polen.nl\/pl\/wp-json\/wp\/v2\/comments?post=938"}],"version-history":[{"count":2,"href":"https:\/\/www.driel-polen.nl\/pl\/wp-json\/wp\/v2\/pages\/938\/revisions"}],"predecessor-version":[{"id":3039,"href":"https:\/\/www.driel-polen.nl\/pl\/wp-json\/wp\/v2\/pages\/938\/revisions\/3039"}],"up":[{"embeddable":true,"href":"https:\/\/www.driel-polen.nl\/pl\/wp-json\/wp\/v2\/pages\/5637"}],"wp:attachment":[{"href":"https:\/\/www.driel-polen.nl\/pl\/wp-json\/wp\/v2\/media?parent=938"}],"curies":[{"name":"wp","href":"https:\/\/api.w.org\/{rel}","templated":true}]}}