{"id":931,"date":"2014-10-09T10:56:10","date_gmt":"2014-10-09T08:56:10","guid":{"rendered":"http:\/\/www.driel-polen.nl\/?page_id=931"},"modified":"2021-01-12T20:12:38","modified_gmt":"2021-01-12T19:12:38","slug":"2011-toespraken-gedicht","status":"publish","type":"page","link":"https:\/\/www.driel-polen.nl\/pl\/herdenkingen\/herdenkingen-2005-2014\/2011-toespraken-gedicht\/","title":{"rendered":"2011-toespraken-gedicht"},"content":{"rendered":"<p><span style=\"color: #ff0000; font-size: large;\">Recytacja wiersza<\/span><\/p>\n<p>&nbsp;<br \/>\nJAK SPADOCHRONIARZ\u2026<br \/>\n Jan Zbigniew Raschk\u00e9<br \/>\n (Fragment z bitwy pod Arnhem)<\/p>\n<p> Pociski mo\u017adierzowe<br \/>\n Jak osy rozj\u0105trzone \u2013<br \/>\n K\u0142u\u0142y \u017c\u0105d\u0142ami \u015bmierci.<br \/>\n Po ka\u017cdej salwie<br \/>\n Le\u017ca\u0142y martwe snopki<br \/>\n \u017bo\u0142nierskich mundur\u00f3w\u2026<br \/>\n Podszytych krwi czerwieni\u0105 .<\/p>\n<p> Zachodz\u0105ce rumie\u0144cem s\u0142o\u0144ce<br \/>\n Ze wstydem \u2013 chowa\u0142o si\u0119 \u2013<br \/>\n Poza konarami wyszarpanych drzew.<br \/>\n Bo \u2013 ca\u0142y dzie\u0144 pomazany by\u0142<br \/>\n Purpur\u0105 krwi\u2026<\/p>\n<p> W okopie dw\u00f3ch Polak\u00f3w<br \/>\n Go\u015bcinno\u015b\u0107 znalaz\u0142<br \/>\n Barczysty \u201cCzerwony Diabe\u0142 \u201c.<br \/>\n Schroni\u0142 si\u0119, przed \u2013 jeszcze jednym<br \/>\n Z niezliczonych atak\u00f3w niemieckich,<br \/>\n Gdy\u017c uprzednio rozdawa\u0142 \u2013<br \/>\n Zg\u0142odzonej braci \u017co\u0142nierskiej jab\u0142ka,<br \/>\n Te holenderskie, zerwane w nocy,<br \/>\n W s\u0105siaduj\u0105cym z laskiem \u2013 ogrodzie.<\/p>\n<p> Nad schronem dw\u00f3ch Polak\u00f3w<br \/>\n Powietrze z trzaskiem zawy\u0142o,<br \/>\n Jak gdyby \u2013 piekielne podworza,<br \/>\n Chichotem tysi\u0105ca szatan\u00f3w<br \/>\n Otwiera\u0142y swe inferno.<br \/>\n I \u2013 chwilk\u0119 p\u00f3\u017aniej nast\u0105pi\u0142a<br \/>\n Ta \u2013 kr\u00f3tka, niepewna cisza,<br \/>\n Przerywana bolesnym j\u0119kiem.<\/p>\n<p> Podskoczyli\u015bmy z Frankiem,<br \/>\n By na miejscu zbada\u0107 sytuacj\u0119 \u2013<br \/>\n \u201cCzerwony Diabe\u0142\u201c w zsuni\u0119tym<br \/>\n Na oczy berecie,<br \/>\n Bole\u015bnie si\u0119 u\u015bmiechn\u0105\u0142 &#8211;<br \/>\n I \u2013 wargi lekko rozwar\u0142,<br \/>\n Jakby chcia\u0142 co\u015b wyszepta\u0107\u2026<br \/>\n Lecz, s\u0142owa mu nie przesz\u0142y<br \/>\n Przez zranion\u0105 \u2013 pier\u015b.<br \/>\n Zakrztusiwszy si\u0119 krwi\u0105 &#8211;<br \/>\n Na r\u0119kach nam skona\u0142 \u2026<\/p>\n<p> \u201cCzerwony Diabe\u0142 \u201c \u2013 \u201cRed Devil\u201d \u2013 popularna nazwa bryt. Spadochroniarzy, nosz\u0105cych czerwone berety.<br \/>\n \u017bo\u0142nierze pol. 1 Sam. Bryg. Spad. nosili berety koloru jasno popielatego<br \/>\n<\/p>","protected":false},"excerpt":{"rendered":"<p>Recytacja wiersza &nbsp; JAK SPADOCHRONIARZ\u2026 Jan Zbigniew Raschk\u00e9 (Fragment z bitwy pod Arnhem) Pociski mo\u017adierzowe Jak osy rozj\u0105trzone \u2013 K\u0142u\u0142y \u017c\u0105d\u0142ami \u015bmierci. Po ka\u017cdej salwie Le\u017ca\u0142y martwe snopki \u017bo\u0142nierskich mundur\u00f3w\u2026 Podszytych krwi czerwieni\u0105 . Zachodz\u0105ce rumie\u0144cem s\u0142o\u0144ce Ze wstydem \u2013 <span class=\"excerpt-dots\">&hellip;<\/span> <a class=\"more-link\" href=\"https:\/\/www.driel-polen.nl\/pl\/herdenkingen\/herdenkingen-2005-2014\/2011-toespraken-gedicht\/\"><span class=\"more-msg\"><img decoding=\"async\" src=\"https:\/\/www.driel-polen.nl\/downloads\/lees-meer3.jpg\"><\/p>\n<hr class=\"wvrx-expand-full\" style=\"margin:0\"><\/span><\/a><\/p>\n","protected":false},"author":17,"featured_media":0,"parent":5637,"menu_order":4,"comment_status":"closed","ping_status":"open","template":"","meta":{"_monsterinsights_skip_tracking":false,"_monsterinsights_sitenote_active":false,"_monsterinsights_sitenote_note":"","_monsterinsights_sitenote_category":0,"ngg_post_thumbnail":0,"footnotes":""},"class_list":["post-931","page","type-page","status-publish","hentry"],"yoast_head":"<!-- This site is optimized with the Yoast SEO plugin v27.4 - https:\/\/yoast.com\/product\/yoast-seo-wordpress\/ -->\n<title>Polen Herdenking Driel 2011<\/title>\n<meta name=\"robots\" content=\"index, follow, max-snippet:-1, max-image-preview:large, max-video-preview:-1\" \/>\n<link rel=\"canonical\" href=\"https:\/\/www.driel-polen.nl\/herdenkingen\/herdenkingen-2005-2014\/2011-toespraken-gedicht\/\" \/>\n<meta property=\"og:locale\" content=\"pl_PL\" \/>\n<meta property=\"og:type\" content=\"article\" \/>\n<meta property=\"og:title\" content=\"Polen Herdenking Driel 2011\" \/>\n<meta property=\"og:description\" content=\"Recytacja wiersza &nbsp; JAK SPADOCHRONIARZ\u2026 Jan Zbigniew Raschk\u00e9 (Fragment z bitwy pod Arnhem) Pociski mo\u017adierzowe Jak osy rozj\u0105trzone \u2013 K\u0142u\u0142y \u017c\u0105d\u0142ami \u015bmierci. Po ka\u017cdej salwie Le\u017ca\u0142y martwe snopki \u017bo\u0142nierskich mundur\u00f3w\u2026 Podszytych krwi czerwieni\u0105 . Zachodz\u0105ce rumie\u0144cem s\u0142o\u0144ce Ze wstydem \u2013 &hellip;\" \/>\n<meta property=\"og:url\" content=\"https:\/\/www.driel-polen.nl\/herdenkingen\/herdenkingen-2005-2014\/2011-toespraken-gedicht\/\" \/>\n<meta property=\"og:site_name\" content=\"Stichting Driel-Polen\" \/>\n<meta property=\"article:modified_time\" content=\"2021-01-12T19:12:38+00:00\" \/>\n<meta name=\"twitter:label1\" content=\"Szacowany czas czytania\" \/>\n\t<meta name=\"twitter:data1\" content=\"3 minuty\" \/>\n<script type=\"application\/ld+json\" class=\"yoast-schema-graph\">{\"@context\":\"https:\\\/\\\/schema.org\",\"@graph\":[{\"@type\":\"WebPage\",\"@id\":\"https:\\\/\\\/www.driel-polen.nl\\\/herdenkingen\\\/herdenkingen-2005-2014\\\/2011-toespraken-gedicht\\\/\",\"url\":\"https:\\\/\\\/www.driel-polen.nl\\\/herdenkingen\\\/herdenkingen-2005-2014\\\/2011-toespraken-gedicht\\\/\",\"name\":\"Polen Herdenking Driel 2011\",\"isPartOf\":{\"@id\":\"https:\\\/\\\/www.driel-polen.nl\\\/nl\\\/#website\"},\"datePublished\":\"2014-10-09T08:56:10+00:00\",\"dateModified\":\"2021-01-12T19:12:38+00:00\",\"breadcrumb\":{\"@id\":\"https:\\\/\\\/www.driel-polen.nl\\\/herdenkingen\\\/herdenkingen-2005-2014\\\/2011-toespraken-gedicht\\\/#breadcrumb\"},\"inLanguage\":\"pl-PL\",\"potentialAction\":[{\"@type\":\"ReadAction\",\"target\":[\"https:\\\/\\\/www.driel-polen.nl\\\/herdenkingen\\\/herdenkingen-2005-2014\\\/2011-toespraken-gedicht\\\/\"]}]},{\"@type\":\"BreadcrumbList\",\"@id\":\"https:\\\/\\\/www.driel-polen.nl\\\/herdenkingen\\\/herdenkingen-2005-2014\\\/2011-toespraken-gedicht\\\/#breadcrumb\",\"itemListElement\":[{\"@type\":\"ListItem\",\"position\":1,\"name\":\"Herdenkingen\",\"item\":\"https:\\\/\\\/www.driel-polen.nl\\\/herdenkingen\\\/\"},{\"@type\":\"ListItem\",\"position\":2,\"name\":\"Herdenkingen 2005-2014\",\"item\":\"https:\\\/\\\/www.driel-polen.nl\\\/herdenkingen\\\/herdenkingen-2005-2014\\\/\"},{\"@type\":\"ListItem\",\"position\":3,\"name\":\"2011-toespraken-gedicht\"}]},{\"@type\":\"WebSite\",\"@id\":\"https:\\\/\\\/www.driel-polen.nl\\\/nl\\\/#website\",\"url\":\"https:\\\/\\\/www.driel-polen.nl\\\/nl\\\/\",\"name\":\"Stichting Driel-Polen\",\"description\":\"General St. Sosabowski\",\"potentialAction\":[{\"@type\":\"SearchAction\",\"target\":{\"@type\":\"EntryPoint\",\"urlTemplate\":\"https:\\\/\\\/www.driel-polen.nl\\\/nl\\\/?s={search_term_string}\"},\"query-input\":{\"@type\":\"PropertyValueSpecification\",\"valueRequired\":true,\"valueName\":\"search_term_string\"}}],\"inLanguage\":\"pl-PL\"}]}<\/script>\n<!-- \/ Yoast SEO plugin. -->","yoast_head_json":{"title":"Polen Herdenking Driel 2011","robots":{"index":"index","follow":"follow","max-snippet":"max-snippet:-1","max-image-preview":"max-image-preview:large","max-video-preview":"max-video-preview:-1"},"canonical":"https:\/\/www.driel-polen.nl\/herdenkingen\/herdenkingen-2005-2014\/2011-toespraken-gedicht\/","og_locale":"pl_PL","og_type":"article","og_title":"Polen Herdenking Driel 2011","og_description":"Recytacja wiersza &nbsp; JAK SPADOCHRONIARZ\u2026 Jan Zbigniew Raschk\u00e9 (Fragment z bitwy pod Arnhem) Pociski mo\u017adierzowe Jak osy rozj\u0105trzone \u2013 K\u0142u\u0142y \u017c\u0105d\u0142ami \u015bmierci. Po ka\u017cdej salwie Le\u017ca\u0142y martwe snopki \u017bo\u0142nierskich mundur\u00f3w\u2026 Podszytych krwi czerwieni\u0105 . Zachodz\u0105ce rumie\u0144cem s\u0142o\u0144ce Ze wstydem \u2013 &hellip;","og_url":"https:\/\/www.driel-polen.nl\/herdenkingen\/herdenkingen-2005-2014\/2011-toespraken-gedicht\/","og_site_name":"Stichting Driel-Polen","article_modified_time":"2021-01-12T19:12:38+00:00","twitter_misc":{"Szacowany czas czytania":"3 minuty"},"schema":{"@context":"https:\/\/schema.org","@graph":[{"@type":"WebPage","@id":"https:\/\/www.driel-polen.nl\/herdenkingen\/herdenkingen-2005-2014\/2011-toespraken-gedicht\/","url":"https:\/\/www.driel-polen.nl\/herdenkingen\/herdenkingen-2005-2014\/2011-toespraken-gedicht\/","name":"Polen Herdenking Driel 2011","isPartOf":{"@id":"https:\/\/www.driel-polen.nl\/nl\/#website"},"datePublished":"2014-10-09T08:56:10+00:00","dateModified":"2021-01-12T19:12:38+00:00","breadcrumb":{"@id":"https:\/\/www.driel-polen.nl\/herdenkingen\/herdenkingen-2005-2014\/2011-toespraken-gedicht\/#breadcrumb"},"inLanguage":"pl-PL","potentialAction":[{"@type":"ReadAction","target":["https:\/\/www.driel-polen.nl\/herdenkingen\/herdenkingen-2005-2014\/2011-toespraken-gedicht\/"]}]},{"@type":"BreadcrumbList","@id":"https:\/\/www.driel-polen.nl\/herdenkingen\/herdenkingen-2005-2014\/2011-toespraken-gedicht\/#breadcrumb","itemListElement":[{"@type":"ListItem","position":1,"name":"Herdenkingen","item":"https:\/\/www.driel-polen.nl\/herdenkingen\/"},{"@type":"ListItem","position":2,"name":"Herdenkingen 2005-2014","item":"https:\/\/www.driel-polen.nl\/herdenkingen\/herdenkingen-2005-2014\/"},{"@type":"ListItem","position":3,"name":"2011-toespraken-gedicht"}]},{"@type":"WebSite","@id":"https:\/\/www.driel-polen.nl\/nl\/#website","url":"https:\/\/www.driel-polen.nl\/nl\/","name":"Stichting Driel-Polen","description":"General St. Sosabowski","potentialAction":[{"@type":"SearchAction","target":{"@type":"EntryPoint","urlTemplate":"https:\/\/www.driel-polen.nl\/nl\/?s={search_term_string}"},"query-input":{"@type":"PropertyValueSpecification","valueRequired":true,"valueName":"search_term_string"}}],"inLanguage":"pl-PL"}]}},"_links":{"self":[{"href":"https:\/\/www.driel-polen.nl\/pl\/wp-json\/wp\/v2\/pages\/931","targetHints":{"allow":["GET"]}}],"collection":[{"href":"https:\/\/www.driel-polen.nl\/pl\/wp-json\/wp\/v2\/pages"}],"about":[{"href":"https:\/\/www.driel-polen.nl\/pl\/wp-json\/wp\/v2\/types\/page"}],"author":[{"embeddable":true,"href":"https:\/\/www.driel-polen.nl\/pl\/wp-json\/wp\/v2\/users\/17"}],"replies":[{"embeddable":true,"href":"https:\/\/www.driel-polen.nl\/pl\/wp-json\/wp\/v2\/comments?post=931"}],"version-history":[{"count":2,"href":"https:\/\/www.driel-polen.nl\/pl\/wp-json\/wp\/v2\/pages\/931\/revisions"}],"predecessor-version":[{"id":2823,"href":"https:\/\/www.driel-polen.nl\/pl\/wp-json\/wp\/v2\/pages\/931\/revisions\/2823"}],"up":[{"embeddable":true,"href":"https:\/\/www.driel-polen.nl\/pl\/wp-json\/wp\/v2\/pages\/5637"}],"wp:attachment":[{"href":"https:\/\/www.driel-polen.nl\/pl\/wp-json\/wp\/v2\/media?parent=931"}],"curies":[{"name":"wp","href":"https:\/\/api.w.org\/{rel}","templated":true}]}}