{"id":929,"date":"2014-10-09T10:52:33","date_gmt":"2014-10-09T08:52:33","guid":{"rendered":"http:\/\/www.driel-polen.nl\/?page_id=929"},"modified":"2021-01-12T20:11:01","modified_gmt":"2021-01-12T19:11:01","slug":"2011-toespraken-ambassadeur","status":"publish","type":"page","link":"https:\/\/www.driel-polen.nl\/pl\/herdenkingen\/herdenkingen-2005-2014\/2011-toespraken-ambassadeur\/","title":{"rendered":"2011-toespraken-ambassadeur"},"content":{"rendered":"<p><span style=\"color: #ff0000; font-size: large;\">Wyst\u0105pienie Ambasadora RP, dra Janusza Sta\u0144czyka<\/span><br \/>\n<img loading=\"lazy\" decoding=\"async\" class=\"alignleft size-full wp-image-3061\" src=\"https:\/\/www.driel-polen.nl\/wordpress\/wp-content\/uploads\/2018\/10\/Fotos-toespraken-2011-JanuzStanczyk.jpg\" alt=\"\" width=\"175\" height=\"250\" \/>Szanowna Pani Burmistrz, Ekscelencje,<br \/>\nCzcigodni weterani,<br \/>\nSzanowni cz\u0142onkowie rodziny genera\u0142a Sosabowskiego i rodziny Cory Baltussen,<br \/>\nPanie i Panowie,<br \/>\n67 lat temu, 17 wrze\u015bnia 1944 r., w okolicach Arnhem w Holandii rozpocz\u0119\u0142a si\u0119 najwi\u0119ksza operacja wojsk powietrznodesantowych II Wojny \u015awiatowej o kryptonimie Market-Garden. Udzia\u0142 w niej wzi\u0119\u0142o 40 tys. ameryka\u0144skich, brytyjskich i polskich spadochroniarzy i \u017co\u0142nierzy piechoty szybowcowej. Dzi\u015b, jak co roku, spotykamy si\u0119 w Driel, \u017ceby przypomnie\u0107 o tamtych wydarzeniach i odda\u0107 ho\u0142d zmar\u0142ym i \u017cyj\u0105cym bohaterom Bitwy o Arnhem.<br \/>\nUczestnicy i \u015bwiadkowie tamtych dni odchodz\u0105, z ka\u017cdym rokiem jest ich coraz mniej, ale pami\u0119\u0107 o nich jest wci\u0105\u017c \u017cywa. Bohaterstwo polskich spadochroniarzy i ofiarno\u015b\u0107 holenderskiej ludno\u015bci cywilnej pozostaje \u017cywa w \u015bwiadomo\u015bci kolejnych pokole\u0144 Polak\u00f3w i Holendr\u00f3w. To dobrze! Bo dzi\u0119ki piel\u0119gnowaniu pami\u0119ci o heroizmie i po\u015bwi\u0119ceniu \u017co\u0142nierzy spod Arnhem, dzi\u0119ki piel\u0119gnowaniu pami\u0119ci, \u017ce \u201ewolno\u015b\u0107 krzy\u017cami si\u0119 mierzy\u201d (freedom is measured in crosses), powinni\u015bmy bardziej docenia\u0107 i piel\u0119gnowa\u0107 \u017cycie w pokoju, wolno\u015bci i demokracji, jakie sta\u0142o si\u0119 naszym udzia\u0142em. Polska ju\u017c od przesz\u0142o 20 lat mo\u017ce cieszy\u0107 si\u0119 wolno\u015bci\u0105, tak jak zaraz po wojnie wolno\u015bci\u0105 mog\u0142a si\u0119 cieszy\u0107 Europa wyzwolona przez Zachodnich Aliant\u00f3w. Dzi\u0119ki do\u015bwiadczeniu p\u00f3\u0142wiecza komunizmu my Polacy wiemy, jak cenn\u0105 warto\u015bci\u0105 jest wolno\u015b\u0107 i demokracja i jak wielkim osi\u0105gni\u0119ciem jest Unia Europejska, dzi\u0119ki kt\u00f3rej narody Europy mog\u0105 \u017cy\u0107 od wielu pokole\u0144 w pokoju i dobrobycie.<br \/>\nDrodzy weterani,<br \/>\nSamodzielna Brygada Spadochronowa w bitwie pod Arnhem wype\u0142ni\u0142a swe zadanie, cho\u0107 by\u0142o ono trudne, prawie niemo\u017cliwe. Z walki wysz\u0142a niepokonana, cho\u0107 operacja Market-Garden zako\u0144czy\u0142a si\u0119 kl\u0119sk\u0105. Danina krwi \u017co\u0142nierzy Brygady by\u0142a wysoka i si\u0119gn\u0119\u0142a ponad 20% stanu osobowego. Mimo to Brygada zachowa\u0142a do ko\u0144ca wysok\u0105 warto\u015b\u0107 bojow\u0105. Pod komend\u0105 swego dow\u00f3dcy genera\u0142a Stanis\u0142awa Sosabowskiego pokaza\u0142a najwy\u017csze przymioty \u017co\u0142nierza: dyscyplin\u0119, m\u0119stwo i gotowo\u015b\u0107 do po\u015bwi\u0119ce\u0144. Zapisa\u0142a si\u0119 w historii jako pierwsza polska jednostka spadochronowa bior\u0105ca udzia\u0142 w walce.<br \/>\nW zesz\u0142ym roku w tym miejscu powiedzia\u0142em do Was czcigodni kombatanci, \u017ce \u201e\u017co\u0142nierzowi polskiemu, pomimo bohaterstwa i po\u015bwi\u0119cenia na polu bitwy, odebrano prawo do dumy i czci za wk\u0142ad w walk\u0119. A honor Genera\u0142a pr\u00f3bowano okry\u0107 nies\u0142aw\u0105\u201d. S\u0142owa te niech wybrzmi\u0105 i w tym roku. Niech brzmi\u0105 dop\u00f3ty, dop\u00f3ki z kart historii nie zniknie pokutuj\u0105ca od lat niesprawiedliwa dla Polak\u00f3w ocena, jakoby niekompetencja a nawet niewystarczaj\u0105ca waleczno\u015b\u0107 \u017co\u0142nierzy I Samodzielnej Brygady Spadochronowej i jej dow\u00f3dcy, genera\u0142a Sosabowskiego, przyczyni\u0142y si\u0119 do kl\u0119ski Aliant\u00f3w. Niech historycy odpowiedz\u0105 ostatecznie na pytanie, dlaczego dobre imi\u0119 Genera\u0142a Sosabowskiego pr\u00f3bowano zszarga\u0107, plasuj\u0105c go w\u015br\u00f3d odpowiedzialnych za przegran\u0105 pod Arnhem.<br \/>\nCzcigodni polscy kombatanci,<br \/>\n1 Samodzielna Brygada Spadochronowa pod dow\u00f3dztwem gen. Sosabowskiego zapisa\u0142a chlubn\u0105 kart\u0119 historii polskiego or\u0119\u017ca. Chyl\u0119 czo\u0142a przed Wami za Wasz\u0105 bezprzyk\u0142adn\u0105 odwag\u0119, patriotyzm i determinacj\u0119. To dzi\u0119ki Wam mo\u017cemy \u017cy\u0107 w pokoju i demokracji. Maj\u0105c woln\u0105 Polsk\u0119 mo\u017cemy budowa\u0107 wsp\u00f3ln\u0105 Europ\u0119 \u2013 bez granic, uprzedze\u0144 i nienawi\u015bci.<br \/>\nDrodzy holenderscy przyjaciele,<br \/>\nDzi\u0119kuj\u0119 Wam za kultywowanie pami\u0119ci i wdzi\u0119czno\u015b\u0107. Dzi\u0119kuj\u0119 mieszka\u0144com Driel i innych miejscowo\u015bci, gdzie walczyli Polacy, dzi\u0119kuj\u0119 narodowi holenderskiemu. Kilka dni temu w Pa\u0142acu Pokoju w Hadze bra\u0142em udzia\u0142 w obchodach 65 rocznicy powstania Fundacji Grob\u00f3w Wojennych. W czasie uroczysto\u015bci jeden z m\u00f3wc\u00f3w \u2013 profesor historii Jay Winter z uniwersytetu w Yale \u2013 powiedzia\u0142, \u017ce od kilkudziesi\u0119ciu lat w \u015bwiecie Zachodu panuje moda na histori\u0119, panuje \u201ememory boom\u201d. Tak rzeczywi\u015bcie jest. Ale pami\u0119\u0107 i wdzi\u0119czno\u015b\u0107 Holendr\u00f3w nie jest koniunkturalna, nie wynika z mody, a z potrzeby dochowania wierno\u015bci prawdzie historycznej, potrzeby dochowania wierno\u015bci g\u0142osowi serca.<br \/>\nNiech mi wolno b\u0119dzie odda\u0107 chwa\u0142\u0119 Corze Baltussen, za\u0142o\u017cycielce fundacji Driel-Polen, jej rodzinie i wszystkim, kt\u00f3rzy kultywuj\u0105 w Niderlandach pami\u0119\u0107 o \u017co\u0142nierzach genera\u0142a Sosabowskiego. Na wspomnianych ju\u017c obchodach rocznicowych Fundacji Grob\u00f3w Wojennych Jej Wysoko\u015b\u0107 Kr\u00f3lowa Beatrix powiedzia\u0142a do delegacji polskiej o polskich uczestnikach walk w Niderlandach: \u201eteraz ju\u017c wszystkie polskie gorby zosta\u0142y docenione\u201d. Tak, od 31 maja 2006 r. sztandar 6 Brygady Desantowo-Szturmowej, dziedziczki tradycji 1 Samodzielnej Brygady Spadochronowej, zdobi Krzy\u017c Kawalerski Orderu Wilhelma, a genera\u0142 Stanis\u0142aw Sosabowski jest Kawalerem Orderu Br\u0105zowego Lwa.<br \/>\nDzi\u015b pragn\u0119 odda\u0107 cze\u015b\u0107 zar\u00f3wno \u017co\u0142nierzom-bohaterom spod Arnhem i innych p\u00f3l bitewnych Holandii, jak i mieszka\u0144com tych ziem, Holendrom, bojownikom o pami\u0119\u0107 i prawd\u0119. To dzi\u0119ki Wam oddano Genera\u0142owi i jego \u017co\u0142nierzom szacunek i honor, nale\u017cne miejsce na kartach historii. W imieniu W\u0142adz Rzeczypospolitej Polskiej i narodu polskiego dzi\u0119kuj\u0119 Wam Holendrzy!<\/p>","protected":false},"excerpt":{"rendered":"<p>Wyst\u0105pienie Ambasadora RP, dra Janusza Sta\u0144czyka Szanowna Pani Burmistrz, Ekscelencje, Czcigodni weterani, Szanowni cz\u0142onkowie rodziny genera\u0142a Sosabowskiego i rodziny Cory Baltussen, Panie i Panowie, 67 lat temu, 17 wrze\u015bnia 1944 r., w okolicach Arnhem w Holandii rozpocz\u0119\u0142a si\u0119 najwi\u0119ksza operacja <span class=\"excerpt-dots\">&hellip;<\/span> <a class=\"more-link\" href=\"https:\/\/www.driel-polen.nl\/pl\/herdenkingen\/herdenkingen-2005-2014\/2011-toespraken-ambassadeur\/\"><span class=\"more-msg\"><img decoding=\"async\" src=\"https:\/\/www.driel-polen.nl\/downloads\/lees-meer3.jpg\"><\/p>\n<hr class=\"wvrx-expand-full\" style=\"margin:0\"><\/span><\/a><\/p>\n","protected":false},"author":17,"featured_media":0,"parent":5637,"menu_order":3,"comment_status":"closed","ping_status":"open","template":"","meta":{"_monsterinsights_skip_tracking":false,"_monsterinsights_sitenote_active":false,"_monsterinsights_sitenote_note":"","_monsterinsights_sitenote_category":0,"ngg_post_thumbnail":0,"footnotes":""},"class_list":["post-929","page","type-page","status-publish","hentry"],"yoast_head":"<!-- This site is optimized with the Yoast SEO plugin v27.4 - https:\/\/yoast.com\/product\/yoast-seo-wordpress\/ -->\n<title>2011-toespraken-ambassadeur - Stichting Driel-Polen<\/title>\n<meta name=\"robots\" content=\"index, follow, max-snippet:-1, max-image-preview:large, max-video-preview:-1\" \/>\n<link rel=\"canonical\" href=\"https:\/\/www.driel-polen.nl\/herdenkingen\/herdenkingen-2005-2014\/2011-toespraken-ambassadeur\/\" \/>\n<meta property=\"og:locale\" content=\"pl_PL\" \/>\n<meta property=\"og:type\" content=\"article\" \/>\n<meta property=\"og:title\" content=\"2011-toespraken-ambassadeur - Stichting Driel-Polen\" \/>\n<meta property=\"og:description\" content=\"Wyst\u0105pienie Ambasadora RP, dra Janusza Sta\u0144czyka Szanowna Pani Burmistrz, Ekscelencje, Czcigodni weterani, Szanowni cz\u0142onkowie rodziny genera\u0142a Sosabowskiego i rodziny Cory Baltussen, Panie i Panowie, 67 lat temu, 17 wrze\u015bnia 1944 r., w okolicach Arnhem w Holandii rozpocz\u0119\u0142a si\u0119 najwi\u0119ksza operacja &hellip;\" \/>\n<meta property=\"og:url\" content=\"https:\/\/www.driel-polen.nl\/herdenkingen\/herdenkingen-2005-2014\/2011-toespraken-ambassadeur\/\" \/>\n<meta property=\"og:site_name\" content=\"Stichting Driel-Polen\" \/>\n<meta property=\"article:modified_time\" content=\"2021-01-12T19:11:01+00:00\" \/>\n<meta property=\"og:image\" content=\"https:\/\/www.driel-polen.nl\/wordpress\/wp-content\/uploads\/2018\/10\/Fotos-toespraken-2011-JanuzStanczyk.jpg\" \/>\n<meta name=\"twitter:label1\" content=\"Szacowany czas czytania\" \/>\n\t<meta name=\"twitter:data1\" content=\"12 minut\" \/>\n<script type=\"application\/ld+json\" class=\"yoast-schema-graph\">{\"@context\":\"https:\\\/\\\/schema.org\",\"@graph\":[{\"@type\":\"WebPage\",\"@id\":\"https:\\\/\\\/www.driel-polen.nl\\\/herdenkingen\\\/herdenkingen-2005-2014\\\/2011-toespraken-ambassadeur\\\/\",\"url\":\"https:\\\/\\\/www.driel-polen.nl\\\/herdenkingen\\\/herdenkingen-2005-2014\\\/2011-toespraken-ambassadeur\\\/\",\"name\":\"2011-toespraken-ambassadeur - Stichting Driel-Polen\",\"isPartOf\":{\"@id\":\"https:\\\/\\\/www.driel-polen.nl\\\/nl\\\/#website\"},\"primaryImageOfPage\":{\"@id\":\"https:\\\/\\\/www.driel-polen.nl\\\/herdenkingen\\\/herdenkingen-2005-2014\\\/2011-toespraken-ambassadeur\\\/#primaryimage\"},\"image\":{\"@id\":\"https:\\\/\\\/www.driel-polen.nl\\\/herdenkingen\\\/herdenkingen-2005-2014\\\/2011-toespraken-ambassadeur\\\/#primaryimage\"},\"thumbnailUrl\":\"https:\\\/\\\/www.driel-polen.nl\\\/wordpress\\\/wp-content\\\/uploads\\\/2018\\\/10\\\/Fotos-toespraken-2011-JanuzStanczyk.jpg\",\"datePublished\":\"2014-10-09T08:52:33+00:00\",\"dateModified\":\"2021-01-12T19:11:01+00:00\",\"breadcrumb\":{\"@id\":\"https:\\\/\\\/www.driel-polen.nl\\\/herdenkingen\\\/herdenkingen-2005-2014\\\/2011-toespraken-ambassadeur\\\/#breadcrumb\"},\"inLanguage\":\"pl-PL\",\"potentialAction\":[{\"@type\":\"ReadAction\",\"target\":[\"https:\\\/\\\/www.driel-polen.nl\\\/herdenkingen\\\/herdenkingen-2005-2014\\\/2011-toespraken-ambassadeur\\\/\"]}]},{\"@type\":\"ImageObject\",\"inLanguage\":\"pl-PL\",\"@id\":\"https:\\\/\\\/www.driel-polen.nl\\\/herdenkingen\\\/herdenkingen-2005-2014\\\/2011-toespraken-ambassadeur\\\/#primaryimage\",\"url\":\"https:\\\/\\\/www.driel-polen.nl\\\/wordpress\\\/wp-content\\\/uploads\\\/2018\\\/10\\\/Fotos-toespraken-2011-JanuzStanczyk.jpg\",\"contentUrl\":\"https:\\\/\\\/www.driel-polen.nl\\\/wordpress\\\/wp-content\\\/uploads\\\/2018\\\/10\\\/Fotos-toespraken-2011-JanuzStanczyk.jpg\"},{\"@type\":\"BreadcrumbList\",\"@id\":\"https:\\\/\\\/www.driel-polen.nl\\\/herdenkingen\\\/herdenkingen-2005-2014\\\/2011-toespraken-ambassadeur\\\/#breadcrumb\",\"itemListElement\":[{\"@type\":\"ListItem\",\"position\":1,\"name\":\"Herdenkingen\",\"item\":\"https:\\\/\\\/www.driel-polen.nl\\\/herdenkingen\\\/\"},{\"@type\":\"ListItem\",\"position\":2,\"name\":\"Herdenkingen 2005-2014\",\"item\":\"https:\\\/\\\/www.driel-polen.nl\\\/herdenkingen\\\/herdenkingen-2005-2014\\\/\"},{\"@type\":\"ListItem\",\"position\":3,\"name\":\"2011-toespraken-ambassadeur\"}]},{\"@type\":\"WebSite\",\"@id\":\"https:\\\/\\\/www.driel-polen.nl\\\/nl\\\/#website\",\"url\":\"https:\\\/\\\/www.driel-polen.nl\\\/nl\\\/\",\"name\":\"Stichting Driel-Polen\",\"description\":\"General St. Sosabowski\",\"potentialAction\":[{\"@type\":\"SearchAction\",\"target\":{\"@type\":\"EntryPoint\",\"urlTemplate\":\"https:\\\/\\\/www.driel-polen.nl\\\/nl\\\/?s={search_term_string}\"},\"query-input\":{\"@type\":\"PropertyValueSpecification\",\"valueRequired\":true,\"valueName\":\"search_term_string\"}}],\"inLanguage\":\"pl-PL\"}]}<\/script>\n<!-- \/ Yoast SEO plugin. -->","yoast_head_json":{"title":"2011-toespraken-ambassadeur - Stichting Driel-Polen","robots":{"index":"index","follow":"follow","max-snippet":"max-snippet:-1","max-image-preview":"max-image-preview:large","max-video-preview":"max-video-preview:-1"},"canonical":"https:\/\/www.driel-polen.nl\/herdenkingen\/herdenkingen-2005-2014\/2011-toespraken-ambassadeur\/","og_locale":"pl_PL","og_type":"article","og_title":"2011-toespraken-ambassadeur - Stichting Driel-Polen","og_description":"Wyst\u0105pienie Ambasadora RP, dra Janusza Sta\u0144czyka Szanowna Pani Burmistrz, Ekscelencje, Czcigodni weterani, Szanowni cz\u0142onkowie rodziny genera\u0142a Sosabowskiego i rodziny Cory Baltussen, Panie i Panowie, 67 lat temu, 17 wrze\u015bnia 1944 r., w okolicach Arnhem w Holandii rozpocz\u0119\u0142a si\u0119 najwi\u0119ksza operacja &hellip;","og_url":"https:\/\/www.driel-polen.nl\/herdenkingen\/herdenkingen-2005-2014\/2011-toespraken-ambassadeur\/","og_site_name":"Stichting Driel-Polen","article_modified_time":"2021-01-12T19:11:01+00:00","og_image":[{"url":"https:\/\/www.driel-polen.nl\/wordpress\/wp-content\/uploads\/2018\/10\/Fotos-toespraken-2011-JanuzStanczyk.jpg","type":"","width":"","height":""}],"twitter_misc":{"Szacowany czas czytania":"12 minut"},"schema":{"@context":"https:\/\/schema.org","@graph":[{"@type":"WebPage","@id":"https:\/\/www.driel-polen.nl\/herdenkingen\/herdenkingen-2005-2014\/2011-toespraken-ambassadeur\/","url":"https:\/\/www.driel-polen.nl\/herdenkingen\/herdenkingen-2005-2014\/2011-toespraken-ambassadeur\/","name":"2011-toespraken-ambassadeur - Stichting Driel-Polen","isPartOf":{"@id":"https:\/\/www.driel-polen.nl\/nl\/#website"},"primaryImageOfPage":{"@id":"https:\/\/www.driel-polen.nl\/herdenkingen\/herdenkingen-2005-2014\/2011-toespraken-ambassadeur\/#primaryimage"},"image":{"@id":"https:\/\/www.driel-polen.nl\/herdenkingen\/herdenkingen-2005-2014\/2011-toespraken-ambassadeur\/#primaryimage"},"thumbnailUrl":"https:\/\/www.driel-polen.nl\/wordpress\/wp-content\/uploads\/2018\/10\/Fotos-toespraken-2011-JanuzStanczyk.jpg","datePublished":"2014-10-09T08:52:33+00:00","dateModified":"2021-01-12T19:11:01+00:00","breadcrumb":{"@id":"https:\/\/www.driel-polen.nl\/herdenkingen\/herdenkingen-2005-2014\/2011-toespraken-ambassadeur\/#breadcrumb"},"inLanguage":"pl-PL","potentialAction":[{"@type":"ReadAction","target":["https:\/\/www.driel-polen.nl\/herdenkingen\/herdenkingen-2005-2014\/2011-toespraken-ambassadeur\/"]}]},{"@type":"ImageObject","inLanguage":"pl-PL","@id":"https:\/\/www.driel-polen.nl\/herdenkingen\/herdenkingen-2005-2014\/2011-toespraken-ambassadeur\/#primaryimage","url":"https:\/\/www.driel-polen.nl\/wordpress\/wp-content\/uploads\/2018\/10\/Fotos-toespraken-2011-JanuzStanczyk.jpg","contentUrl":"https:\/\/www.driel-polen.nl\/wordpress\/wp-content\/uploads\/2018\/10\/Fotos-toespraken-2011-JanuzStanczyk.jpg"},{"@type":"BreadcrumbList","@id":"https:\/\/www.driel-polen.nl\/herdenkingen\/herdenkingen-2005-2014\/2011-toespraken-ambassadeur\/#breadcrumb","itemListElement":[{"@type":"ListItem","position":1,"name":"Herdenkingen","item":"https:\/\/www.driel-polen.nl\/herdenkingen\/"},{"@type":"ListItem","position":2,"name":"Herdenkingen 2005-2014","item":"https:\/\/www.driel-polen.nl\/herdenkingen\/herdenkingen-2005-2014\/"},{"@type":"ListItem","position":3,"name":"2011-toespraken-ambassadeur"}]},{"@type":"WebSite","@id":"https:\/\/www.driel-polen.nl\/nl\/#website","url":"https:\/\/www.driel-polen.nl\/nl\/","name":"Stichting Driel-Polen","description":"General St. Sosabowski","potentialAction":[{"@type":"SearchAction","target":{"@type":"EntryPoint","urlTemplate":"https:\/\/www.driel-polen.nl\/nl\/?s={search_term_string}"},"query-input":{"@type":"PropertyValueSpecification","valueRequired":true,"valueName":"search_term_string"}}],"inLanguage":"pl-PL"}]}},"_links":{"self":[{"href":"https:\/\/www.driel-polen.nl\/pl\/wp-json\/wp\/v2\/pages\/929","targetHints":{"allow":["GET"]}}],"collection":[{"href":"https:\/\/www.driel-polen.nl\/pl\/wp-json\/wp\/v2\/pages"}],"about":[{"href":"https:\/\/www.driel-polen.nl\/pl\/wp-json\/wp\/v2\/types\/page"}],"author":[{"embeddable":true,"href":"https:\/\/www.driel-polen.nl\/pl\/wp-json\/wp\/v2\/users\/17"}],"replies":[{"embeddable":true,"href":"https:\/\/www.driel-polen.nl\/pl\/wp-json\/wp\/v2\/comments?post=929"}],"version-history":[{"count":3,"href":"https:\/\/www.driel-polen.nl\/pl\/wp-json\/wp\/v2\/pages\/929\/revisions"}],"predecessor-version":[{"id":3063,"href":"https:\/\/www.driel-polen.nl\/pl\/wp-json\/wp\/v2\/pages\/929\/revisions\/3063"}],"up":[{"embeddable":true,"href":"https:\/\/www.driel-polen.nl\/pl\/wp-json\/wp\/v2\/pages\/5637"}],"wp:attachment":[{"href":"https:\/\/www.driel-polen.nl\/pl\/wp-json\/wp\/v2\/media?parent=929"}],"curies":[{"name":"wp","href":"https:\/\/api.w.org\/{rel}","templated":true}]}}