{"id":927,"date":"2014-10-09T10:48:29","date_gmt":"2014-10-09T08:48:29","guid":{"rendered":"http:\/\/www.driel-polen.nl\/?page_id=927"},"modified":"2021-01-12T20:06:45","modified_gmt":"2021-01-12T19:06:45","slug":"2011-toespraken-burgemeester","status":"publish","type":"page","link":"https:\/\/www.driel-polen.nl\/pl\/herdenkingen\/herdenkingen-2005-2014\/2011-toespraken-burgemeester\/","title":{"rendered":"2011-toespraken-burgemeester"},"content":{"rendered":"<p><span style=\"color: #ff0000; font-size: large;\">Burmistrz gminy Overbetuwe: Pani E. Tuijnman<\/span><br \/>\n<img loading=\"lazy\" decoding=\"async\" class=\"alignleft size-full wp-image-3057\" src=\"https:\/\/www.driel-polen.nl\/wordpress\/wp-content\/uploads\/2018\/10\/Fotos-toespraken-2011-Tuijnman.jpg\" alt=\"\" width=\"175\" height=\"250\" \/>Drodzy weterani, Panie i Panowie,<\/p>\n<p>We wrze\u015bniu 1945 roku pierwsi polscy \u017co\u0142nierze powr\u00f3cili do Driel.<br \/>\nOdwiedzili groby swoich nie\u017cyj\u0105cych wsp\u00f3\u0142towarzyszy i wzruszyli si\u0119, widz\u0105c, \u017ce ju\u017c po roku wzniesiony zosta\u0142 pomnik upami\u0119tniaj\u0105cy ich walk\u0119.<br \/>\nWalk\u0119 1. Polskiej Samodzielnej Brygady Spadochronowej pod dow\u00f3dztwem genera\u0142a Sosabowskiego.<\/p>\n<p>Co roku wracali, natomiast ich dzieci, a potem ich wnuki osi\u0105ga\u0142y wiek, w kt\u00f3rym oni l\u0105dowali w tej wiosce w owe wrze\u015bniowe dni 1944 roku.<br \/>\nPomi\u0119dzy Polakami a mieszka\u0144cami Driel nawi\u0105za\u0142y si\u0119 przyja\u017anie, kt\u00f3re przetrwa\u0142y do dnia dzisiejszego.<\/p>\n<p>Co roku weterani przyje\u017cd\u017caj\u0105 na uroczysto\u015bci upami\u0119tniaj\u0105ce w Driel.<br \/>\nNie tylko z Polski, ale z r\u00f3\u017cnych zak\u0105tk\u00f3w \u015bwiata przybywaj\u0105 po to, by wsp\u00f3lnie z nami przypomnie\u0107 sobie o \u00f3wczesnych wydarzeniach.<br \/>\nO w\u0105tpliwo\u015bciach, niepewno\u015bci, a tak\u017ce strachu przed tym, co ich czeka\u0142o.<\/p>\n<p>Co roku ich liczba maleje i nadejdzie taki dzie\u0144, \u017ce nie b\u0119dzie ju\u017c weteran\u00f3w, kt\u00f3rzy nosz\u0105 w pami\u0119ci przegran\u0105 walk\u0119 z wrze\u015bnia 1944 roku.<br \/>\nCzy to oznacza, \u017ce nie musimy ju\u017c wraca\u0107 do tego my\u015blami?<br \/>\nBynajmniej.<br \/>\nPoniewa\u017c wspominanie to nie tylko pami\u0119\u0107 o tym, co by\u0142o, nasza wdzi\u0119czno\u015b\u0107 za zwr\u00f3cenie nam naszej wolno\u015bci kosztem tego, co najcenniejsze: \u017cycia,<br \/>\nto tak\u017ce przerzucenie mostu na przysz\u0142o\u015b\u0107.<\/p>\n<p>Czytaj\u0105c codzienne gazety, ogl\u0105daj\u0105c wiadomo\u015bci, mo\u017cna utraci\u0107 wiar\u0119 w istnienie \u015bwiata bez wojny, przemocy, g\u0142odu i strachu.<br \/>\nCzasem jeste\u015bmy lekko zdruzgotani wszystkimi nieszcz\u0119\u015bciami.<br \/>\nTracimy wiar\u0119 w to, \u017ce mo\u017cna i trzeba \u017cy\u0107 inaczej.<br \/>\nLecz je\u015bli si\u0119 z tym pogodzimy, przegramy razem t\u0119 wojn\u0119.<\/p>\n<p>Dlatego jest niezwykle wa\u017cne i stosowne, aby co roku podczas Mi\u0119dzynarodowej Konferencji M\u0142odzie\u017cowej Airborne m\u0142odzie\u017c z r\u00f3\u017cnych kraj\u00f3w zajmowa\u0142a si\u0119 takimi zagadnieniami jak wolno\u015b\u0107 i demokracja.<br \/>\nTo przecie\u017c oni musz\u0105 w przysz\u0142o\u015bci g\u0142osi\u0107 owo przes\u0142anie, to oni b\u0119d\u0105 budowa\u0107 most do przysz\u0142o\u015bci.<br \/>\nPrzes\u0142anie, kt\u00f3re poznali\u015bmy dzi\u0119ki zaanga\u017cowaniu naszych weteran\u00f3w.<br \/>\nWolno\u015b\u0107 \u2013 bez wzgl\u0119du na to jak ci\u0119\u017cko wywalczona \u2013 by\u0142a, jest i wci\u0105\u017c b\u0119dzie warta tego, by o ni\u0105 walczy\u0107.<\/p>\n<p>Rozmy\u015blamy dzisiaj o wielu m\u0119\u017cczyznach,<br \/>\nniejednokrotnie m\u0142odych ch\u0142opcach,<br \/>\nz 1. Polskiej Samodzielnej Brygady Spadochronowej,<br \/>\nsk\u0142adaj\u0105c im ho\u0142d i wyrazy wdzi\u0119czno\u015bci za ich zaanga\u017cowanie.<\/p>","protected":false},"excerpt":{"rendered":"<p>Burmistrz gminy Overbetuwe: Pani E. Tuijnman Drodzy weterani, Panie i Panowie, We wrze\u015bniu 1945 roku pierwsi polscy \u017co\u0142nierze powr\u00f3cili do Driel. Odwiedzili groby swoich nie\u017cyj\u0105cych wsp\u00f3\u0142towarzyszy i wzruszyli si\u0119, widz\u0105c, \u017ce ju\u017c po roku wzniesiony zosta\u0142 pomnik upami\u0119tniaj\u0105cy ich walk\u0119. <span class=\"excerpt-dots\">&hellip;<\/span> <a class=\"more-link\" href=\"https:\/\/www.driel-polen.nl\/pl\/herdenkingen\/herdenkingen-2005-2014\/2011-toespraken-burgemeester\/\"><span class=\"more-msg\"><img decoding=\"async\" src=\"https:\/\/www.driel-polen.nl\/downloads\/lees-meer3.jpg\"><\/p>\n<hr class=\"wvrx-expand-full\" style=\"margin:0\"><\/span><\/a><\/p>\n","protected":false},"author":17,"featured_media":0,"parent":5637,"menu_order":2,"comment_status":"closed","ping_status":"open","template":"","meta":{"_monsterinsights_skip_tracking":false,"_monsterinsights_sitenote_active":false,"_monsterinsights_sitenote_note":"","_monsterinsights_sitenote_category":0,"ngg_post_thumbnail":0,"footnotes":""},"class_list":["post-927","page","type-page","status-publish","hentry"],"yoast_head":"<!-- This site is optimized with the Yoast SEO plugin v27.4 - https:\/\/yoast.com\/product\/yoast-seo-wordpress\/ -->\n<title>2011-toespraken-burgemeester - Stichting Driel-Polen<\/title>\n<meta name=\"robots\" content=\"index, follow, max-snippet:-1, max-image-preview:large, max-video-preview:-1\" \/>\n<link rel=\"canonical\" href=\"https:\/\/www.driel-polen.nl\/herdenkingen\/herdenkingen-2005-2014\/2011-toespraken-burgemeester\/\" \/>\n<meta property=\"og:locale\" content=\"pl_PL\" \/>\n<meta property=\"og:type\" content=\"article\" \/>\n<meta property=\"og:title\" content=\"2011-toespraken-burgemeester - Stichting Driel-Polen\" \/>\n<meta property=\"og:description\" content=\"Burmistrz gminy Overbetuwe: Pani E. Tuijnman Drodzy weterani, Panie i Panowie, We wrze\u015bniu 1945 roku pierwsi polscy \u017co\u0142nierze powr\u00f3cili do Driel. Odwiedzili groby swoich nie\u017cyj\u0105cych wsp\u00f3\u0142towarzyszy i wzruszyli si\u0119, widz\u0105c, \u017ce ju\u017c po roku wzniesiony zosta\u0142 pomnik upami\u0119tniaj\u0105cy ich walk\u0119. &hellip;\" \/>\n<meta property=\"og:url\" content=\"https:\/\/www.driel-polen.nl\/herdenkingen\/herdenkingen-2005-2014\/2011-toespraken-burgemeester\/\" \/>\n<meta property=\"og:site_name\" content=\"Stichting Driel-Polen\" \/>\n<meta property=\"article:modified_time\" content=\"2021-01-12T19:06:45+00:00\" \/>\n<meta property=\"og:image\" content=\"https:\/\/www.driel-polen.nl\/wordpress\/wp-content\/uploads\/2018\/10\/Fotos-toespraken-2011-Tuijnman.jpg\" \/>\n<meta name=\"twitter:label1\" content=\"Szacowany czas czytania\" \/>\n\t<meta name=\"twitter:data1\" content=\"6 minut\" \/>\n<script type=\"application\/ld+json\" class=\"yoast-schema-graph\">{\"@context\":\"https:\\\/\\\/schema.org\",\"@graph\":[{\"@type\":\"WebPage\",\"@id\":\"https:\\\/\\\/www.driel-polen.nl\\\/herdenkingen\\\/herdenkingen-2005-2014\\\/2011-toespraken-burgemeester\\\/\",\"url\":\"https:\\\/\\\/www.driel-polen.nl\\\/herdenkingen\\\/herdenkingen-2005-2014\\\/2011-toespraken-burgemeester\\\/\",\"name\":\"2011-toespraken-burgemeester - Stichting Driel-Polen\",\"isPartOf\":{\"@id\":\"https:\\\/\\\/www.driel-polen.nl\\\/nl\\\/#website\"},\"primaryImageOfPage\":{\"@id\":\"https:\\\/\\\/www.driel-polen.nl\\\/herdenkingen\\\/herdenkingen-2005-2014\\\/2011-toespraken-burgemeester\\\/#primaryimage\"},\"image\":{\"@id\":\"https:\\\/\\\/www.driel-polen.nl\\\/herdenkingen\\\/herdenkingen-2005-2014\\\/2011-toespraken-burgemeester\\\/#primaryimage\"},\"thumbnailUrl\":\"https:\\\/\\\/www.driel-polen.nl\\\/wordpress\\\/wp-content\\\/uploads\\\/2018\\\/10\\\/Fotos-toespraken-2011-Tuijnman.jpg\",\"datePublished\":\"2014-10-09T08:48:29+00:00\",\"dateModified\":\"2021-01-12T19:06:45+00:00\",\"breadcrumb\":{\"@id\":\"https:\\\/\\\/www.driel-polen.nl\\\/herdenkingen\\\/herdenkingen-2005-2014\\\/2011-toespraken-burgemeester\\\/#breadcrumb\"},\"inLanguage\":\"pl-PL\",\"potentialAction\":[{\"@type\":\"ReadAction\",\"target\":[\"https:\\\/\\\/www.driel-polen.nl\\\/herdenkingen\\\/herdenkingen-2005-2014\\\/2011-toespraken-burgemeester\\\/\"]}]},{\"@type\":\"ImageObject\",\"inLanguage\":\"pl-PL\",\"@id\":\"https:\\\/\\\/www.driel-polen.nl\\\/herdenkingen\\\/herdenkingen-2005-2014\\\/2011-toespraken-burgemeester\\\/#primaryimage\",\"url\":\"https:\\\/\\\/www.driel-polen.nl\\\/wordpress\\\/wp-content\\\/uploads\\\/2018\\\/10\\\/Fotos-toespraken-2011-Tuijnman.jpg\",\"contentUrl\":\"https:\\\/\\\/www.driel-polen.nl\\\/wordpress\\\/wp-content\\\/uploads\\\/2018\\\/10\\\/Fotos-toespraken-2011-Tuijnman.jpg\"},{\"@type\":\"BreadcrumbList\",\"@id\":\"https:\\\/\\\/www.driel-polen.nl\\\/herdenkingen\\\/herdenkingen-2005-2014\\\/2011-toespraken-burgemeester\\\/#breadcrumb\",\"itemListElement\":[{\"@type\":\"ListItem\",\"position\":1,\"name\":\"Herdenkingen\",\"item\":\"https:\\\/\\\/www.driel-polen.nl\\\/herdenkingen\\\/\"},{\"@type\":\"ListItem\",\"position\":2,\"name\":\"Herdenkingen 2005-2014\",\"item\":\"https:\\\/\\\/www.driel-polen.nl\\\/herdenkingen\\\/herdenkingen-2005-2014\\\/\"},{\"@type\":\"ListItem\",\"position\":3,\"name\":\"2011-toespraken-burgemeester\"}]},{\"@type\":\"WebSite\",\"@id\":\"https:\\\/\\\/www.driel-polen.nl\\\/nl\\\/#website\",\"url\":\"https:\\\/\\\/www.driel-polen.nl\\\/nl\\\/\",\"name\":\"Stichting Driel-Polen\",\"description\":\"General St. Sosabowski\",\"potentialAction\":[{\"@type\":\"SearchAction\",\"target\":{\"@type\":\"EntryPoint\",\"urlTemplate\":\"https:\\\/\\\/www.driel-polen.nl\\\/nl\\\/?s={search_term_string}\"},\"query-input\":{\"@type\":\"PropertyValueSpecification\",\"valueRequired\":true,\"valueName\":\"search_term_string\"}}],\"inLanguage\":\"pl-PL\"}]}<\/script>\n<!-- \/ Yoast SEO plugin. -->","yoast_head_json":{"title":"2011-toespraken-burgemeester - Stichting Driel-Polen","robots":{"index":"index","follow":"follow","max-snippet":"max-snippet:-1","max-image-preview":"max-image-preview:large","max-video-preview":"max-video-preview:-1"},"canonical":"https:\/\/www.driel-polen.nl\/herdenkingen\/herdenkingen-2005-2014\/2011-toespraken-burgemeester\/","og_locale":"pl_PL","og_type":"article","og_title":"2011-toespraken-burgemeester - Stichting Driel-Polen","og_description":"Burmistrz gminy Overbetuwe: Pani E. Tuijnman Drodzy weterani, Panie i Panowie, We wrze\u015bniu 1945 roku pierwsi polscy \u017co\u0142nierze powr\u00f3cili do Driel. Odwiedzili groby swoich nie\u017cyj\u0105cych wsp\u00f3\u0142towarzyszy i wzruszyli si\u0119, widz\u0105c, \u017ce ju\u017c po roku wzniesiony zosta\u0142 pomnik upami\u0119tniaj\u0105cy ich walk\u0119. &hellip;","og_url":"https:\/\/www.driel-polen.nl\/herdenkingen\/herdenkingen-2005-2014\/2011-toespraken-burgemeester\/","og_site_name":"Stichting Driel-Polen","article_modified_time":"2021-01-12T19:06:45+00:00","og_image":[{"url":"https:\/\/www.driel-polen.nl\/wordpress\/wp-content\/uploads\/2018\/10\/Fotos-toespraken-2011-Tuijnman.jpg","type":"","width":"","height":""}],"twitter_misc":{"Szacowany czas czytania":"6 minut"},"schema":{"@context":"https:\/\/schema.org","@graph":[{"@type":"WebPage","@id":"https:\/\/www.driel-polen.nl\/herdenkingen\/herdenkingen-2005-2014\/2011-toespraken-burgemeester\/","url":"https:\/\/www.driel-polen.nl\/herdenkingen\/herdenkingen-2005-2014\/2011-toespraken-burgemeester\/","name":"2011-toespraken-burgemeester - Stichting Driel-Polen","isPartOf":{"@id":"https:\/\/www.driel-polen.nl\/nl\/#website"},"primaryImageOfPage":{"@id":"https:\/\/www.driel-polen.nl\/herdenkingen\/herdenkingen-2005-2014\/2011-toespraken-burgemeester\/#primaryimage"},"image":{"@id":"https:\/\/www.driel-polen.nl\/herdenkingen\/herdenkingen-2005-2014\/2011-toespraken-burgemeester\/#primaryimage"},"thumbnailUrl":"https:\/\/www.driel-polen.nl\/wordpress\/wp-content\/uploads\/2018\/10\/Fotos-toespraken-2011-Tuijnman.jpg","datePublished":"2014-10-09T08:48:29+00:00","dateModified":"2021-01-12T19:06:45+00:00","breadcrumb":{"@id":"https:\/\/www.driel-polen.nl\/herdenkingen\/herdenkingen-2005-2014\/2011-toespraken-burgemeester\/#breadcrumb"},"inLanguage":"pl-PL","potentialAction":[{"@type":"ReadAction","target":["https:\/\/www.driel-polen.nl\/herdenkingen\/herdenkingen-2005-2014\/2011-toespraken-burgemeester\/"]}]},{"@type":"ImageObject","inLanguage":"pl-PL","@id":"https:\/\/www.driel-polen.nl\/herdenkingen\/herdenkingen-2005-2014\/2011-toespraken-burgemeester\/#primaryimage","url":"https:\/\/www.driel-polen.nl\/wordpress\/wp-content\/uploads\/2018\/10\/Fotos-toespraken-2011-Tuijnman.jpg","contentUrl":"https:\/\/www.driel-polen.nl\/wordpress\/wp-content\/uploads\/2018\/10\/Fotos-toespraken-2011-Tuijnman.jpg"},{"@type":"BreadcrumbList","@id":"https:\/\/www.driel-polen.nl\/herdenkingen\/herdenkingen-2005-2014\/2011-toespraken-burgemeester\/#breadcrumb","itemListElement":[{"@type":"ListItem","position":1,"name":"Herdenkingen","item":"https:\/\/www.driel-polen.nl\/herdenkingen\/"},{"@type":"ListItem","position":2,"name":"Herdenkingen 2005-2014","item":"https:\/\/www.driel-polen.nl\/herdenkingen\/herdenkingen-2005-2014\/"},{"@type":"ListItem","position":3,"name":"2011-toespraken-burgemeester"}]},{"@type":"WebSite","@id":"https:\/\/www.driel-polen.nl\/nl\/#website","url":"https:\/\/www.driel-polen.nl\/nl\/","name":"Stichting Driel-Polen","description":"General St. Sosabowski","potentialAction":[{"@type":"SearchAction","target":{"@type":"EntryPoint","urlTemplate":"https:\/\/www.driel-polen.nl\/nl\/?s={search_term_string}"},"query-input":{"@type":"PropertyValueSpecification","valueRequired":true,"valueName":"search_term_string"}}],"inLanguage":"pl-PL"}]}},"_links":{"self":[{"href":"https:\/\/www.driel-polen.nl\/pl\/wp-json\/wp\/v2\/pages\/927","targetHints":{"allow":["GET"]}}],"collection":[{"href":"https:\/\/www.driel-polen.nl\/pl\/wp-json\/wp\/v2\/pages"}],"about":[{"href":"https:\/\/www.driel-polen.nl\/pl\/wp-json\/wp\/v2\/types\/page"}],"author":[{"embeddable":true,"href":"https:\/\/www.driel-polen.nl\/pl\/wp-json\/wp\/v2\/users\/17"}],"replies":[{"embeddable":true,"href":"https:\/\/www.driel-polen.nl\/pl\/wp-json\/wp\/v2\/comments?post=927"}],"version-history":[{"count":2,"href":"https:\/\/www.driel-polen.nl\/pl\/wp-json\/wp\/v2\/pages\/927\/revisions"}],"predecessor-version":[{"id":3059,"href":"https:\/\/www.driel-polen.nl\/pl\/wp-json\/wp\/v2\/pages\/927\/revisions\/3059"}],"up":[{"embeddable":true,"href":"https:\/\/www.driel-polen.nl\/pl\/wp-json\/wp\/v2\/pages\/5637"}],"wp:attachment":[{"href":"https:\/\/www.driel-polen.nl\/pl\/wp-json\/wp\/v2\/media?parent=927"}],"curies":[{"name":"wp","href":"https:\/\/api.w.org\/{rel}","templated":true}]}}