{"id":911,"date":"2014-10-08T19:58:21","date_gmt":"2014-10-08T17:58:21","guid":{"rendered":"http:\/\/www.driel-polen.nl\/?page_id=911"},"modified":"2021-01-12T19:23:25","modified_gmt":"2021-01-12T18:23:25","slug":"2014-toespraken-minister","status":"publish","type":"page","link":"https:\/\/www.driel-polen.nl\/pl\/herdenkingen\/herdenkingen-2005-2014\/2014-toespraken-minister\/","title":{"rendered":"2014-toespraken-minister"},"content":{"rendered":"<p><\/p>\n<p style=\"text-align: left;\" align=\"center\"><span style=\"color: #ff0000; font-size: large;\">Przem\u00f3wienie minister obrony, pani J.A. Hennis-Plasschaert<\/span><br \/>\n<img loading=\"lazy\" decoding=\"async\" class=\"alignleft size-full wp-image-3023\" src=\"https:\/\/www.driel-polen.nl\/wordpress\/wp-content\/uploads\/2018\/10\/Fotos-toespraken-2014-Hennis.jpg\" alt=\"\" width=\"175\" height=\"250\" \/>z okazji 70. obchod\u00f3w upami\u0119tniaj\u0105cych udzia\u0142 1 Samodzielnej Brygady Spadochronowej Operacji Market Garden<br \/>\nDriel, 20 wrze\u015bnia 2014 roku<\/p>\n<p>Wasza Wysoko\u015b\u0107, Panie Prezydencie, Wasze Ekscelencje, Panie i Panowie,<br \/>\nPrzede wszystkim pragn\u0119 serdecznie powita\u0107 Pana, Panie Prezydencie, oraz zebranych dzi\u015b tu z nami weteran\u00f3w.<br \/>\nWasza obecno\u015b\u0107 znaczy dla nas bardzo wiele.<br \/>\nWasza odwaga i po\u015bwi\u0119cenie le\u017c\u0105 u podstaw naszego dziedzictwa i wolno\u015bci.<br \/>\nJeste\u015bmy Wam za to ogromnie wdzi\u0119czni!<br \/>\nTo Wasz\u0105 histori\u0119 dzi\u015b wspominamy.<br \/>\nNiezwyk\u0142\u0105 t\u0119 histori\u0119 pozwol\u0119 sobie przytoczy\u0107 w j\u0119zyku niderlandzkim<i><span style=\"font-family: Calibri;\">.<\/span><\/i><\/p>\n<p>Panie i Panowie,<br \/>\nTo mia\u0142a by\u0107 rozstrzygaj\u0105ca bitwa. Operacja Market Garden&#8230;<br \/>\nCofnijmy si\u0119 o 70 lat.<br \/>\nAmbitny plan doprowadzenia do upadku re\u017cimu nazistowskiego &#8211; <i>jeszcze przed Bo\u017cym Narodzeniem 1944 roku<\/i>.<br \/>\nPo\u0142udniowa cz\u0119\u015b\u0107 Niderland\u00f3w cieszy si\u0119 ju\u017c wolno\u015bci\u0105.<br \/>\nJednak na p\u00f3\u0142noc od Renu operacja trafia na przeszkod\u0119.<br \/>\nOp\u00f3r niemieckiego przeciwnika okazuje si\u0119 tyle\u017c gwa\u0142towny, co niespodziewany.<br \/>\nDu\u017ca cz\u0119\u015b\u0107 wojsk powietrznodesantowych zostaje odci\u0119ta w okolicach Oosterbeek.<br \/>\nOpieraj\u0105 si\u0119 dzielnie, zaledwie 2000 krok\u00f3w st\u0105d, ale przewaga wroga jest zbyt wielka.<br \/>\nAmunicja, \u017cywno\u015b\u0107 i woda s\u0105 na wyczerpaniu. Z godziny na godzin\u0119 sytuacja staje si\u0119 coraz bardziej krytyczna, a upragnione od wielu dni oczekiwane posi\u0142ki z po\u0142udnia kraju, nie nadchodz\u0105.<\/p>\n<p>Weterani Pierwszej Polskiej Samodzielnej Brygady Spadochronowej,<br \/>\n21 wrze\u015bnia 1944 roku, pi\u0105tego dnia operacji Market Garden, zostali\u015bcie zrzuceni nad \u0142\u0105kami i sadami Driel.<br \/>\nInaczej to sobie wyobra\u017cali\u015bcie.<br \/>\nPo napa\u015bci na Polsk\u0119 w 1939 roku opu\u015bcili\u015bcie ojczyzn\u0119 i trafili\u015bcie do szkockiego Fife.<br \/>\nPod dow\u00f3dztwem genera\u0142a brygady Stanis\u0142awa Sosabowskiego, w trzy lata utworzyli\u015bcie sp\u00f3jn\u0105 i wysoce wykwalifikowan\u0105 brygad\u0119 spadochronow\u0105, maj\u0105c przed oczami jeden cel: wyzwolenie Polski.<br \/>\nWalczyli\u015bcie jednak tutaj. I to w czasie, gdy <i>1600 kilometr\u00f3w dalej<\/i> Warszawa sta\u0142a w ogniu.<br \/>\nWalczyli\u015bcie w innym kraju, za wolno\u015b\u0107 innego narodu.<br \/>\nOtrzymawszy zadanie nie do wykonania: przekroczy\u0107 rzek\u0119 i wzmocni\u0107 lini\u0119 w Oosterbeek.<br \/>\nPo przybyciu okaza\u0142o si\u0119, \u017ce prom w Driel znikn\u0105\u0142 bez \u015bladu.<br \/>\nZastali\u015bcie jedynie kilka ma\u0142ych gumowych \u0142odzi, bez wiose\u0142.<br \/>\nWi\u0119cej nic.<br \/>\nZa wios\u0142a maj\u0105c \u0142opaty, kolby karabin\u00f3w, a nawet w\u0142asne d\u0142onie, uda\u0142o si\u0119 Wam dotrze\u0107 na drugi brzeg rzeki.<br \/>\n<i>A tam&#8230; Pistolety maszynowe<\/i> przeciwko artylerii i czo\u0142gom.<br \/>\nToczyli\u015bcie nier\u00f3wn\u0105 walk\u0119, ponosz\u0105c ogromne straty.<br \/>\nNale\u017cy pami\u0119ta\u0107, \u017ce Wasze pojawienie si\u0119 stanowi\u0142o wielki impuls moralny dla pozosta\u0142ych spadochroniarzy.<br \/>\nPonadto przez cztery dni tworzyli\u015bcie tu w Driel przycz\u00f3\u0142ek, co pozwoli\u0142o na ewakuacj\u0119 licznych sojusznik\u00f3w przez dolny odcinek Renu.<br \/>\nGdyby nie Wasza niez\u0142omno\u015b\u0107, byliby straceni.<br \/>\nWszystko to zawdzi\u0119czamy Wam.<br \/>\nJak i wiele wi\u0119cej.<br \/>\nOsi\u0105gn\u0119li\u015bcie maksimum, maj\u0105c do dyspozycji minimalne \u015brodki!<br \/>\nSiedemdziesi\u0105t lat p\u00f3\u017aniej wci\u0105\u017c inspiruje nas Wasza odwaga, determinacja i niezr\u00f3wnana si\u0142a przetrwania.<br \/>\nPo wojnie jednak czeka\u0142o Was w ojczy\u017anie wyj\u0105tkowo ch\u0142odne przyj\u0119cie.<br \/>\nSta\u0142o si\u0119 co\u015b niewyobra\u017calnego.<br \/>\nW Polsce grozi\u0142y Wam prze\u015bladowania.<br \/>\nBo walczyli\u015bcie po stronie aliant\u00f3w, na <i>Zachodzie<\/i>. Rehabilitacja mia\u0142a nast\u0105pi\u0107 dopiero wiele lat p\u00f3\u017aniej.<\/p>\n<p>&nbsp;<\/p>\n<p>Panie Prezydencie,<br \/>\nDzi\u015b Polska i Kr\u00f3lestwo Niderland\u00f3w utrzymuj\u0105 bliskie stosunki polityczne, gospodarcze i kulturalne, jeste\u015bmy lojalnymi sojusznikami zar\u00f3wno w NATO jak i w Unii Europejskiej.<br \/>\nStosunki te musimy starannie piel\u0119gnowa\u0107.<br \/>\nWydarzenia ostatnich sze\u015bciu miesi\u0119cy potwierdzi\u0142y, \u017ce nasza wolno\u015b\u0107 nigdy nie b\u0119dzie warto\u015bci\u0105 oczywist\u0105.\u00a0 <span style=\"font-size: small;\">Zorganizowany na pocz\u0105tku wrze\u015bnia szczyt NATO tak\u017ce stanowi\u0142 istotny element programu bezpiecze\u0144stwa obszaru transatlantyckiego.<br \/>\nWyja\u015bnijmy to sobie raz na zawsze: bezpiecze\u0144stwo i stabilno\u015b\u0107 pa\u0144stw sojuszu le\u017cy w interesie nas wszystkich.<br \/>\nRami\u0119 przy ramieniu. Dla siebie nawzajem. Razem.<\/span><\/p>\n<p>&nbsp;<\/p>\n<p>Obecni dzi\u015b z nami Weterani,<br \/>\nSiedemdziesi\u0105t lat temu po\u0142o\u017cyli\u015bcie kamie\u0144 w\u0119gielny pod nasz\u0105 dzisiejsz\u0105 wolno\u015b\u0107.<br \/>\nI dali\u015bcie z siebie absolutnie wszystko.<br \/>\nJeden z naocznych \u015bwiadk\u00f3w m\u00f3wi\u0142 p\u00f3\u017aniej, cytuj\u0119:<br \/>\n\u201c<i>Walczyli tak d\u0142ugo, a\u017c nie mieli ju\u017c czym walczy\u0107 \u2013 i nawet \u00a0wtedy jeszcze walczyli.<\/i>\u201c<br \/>\nHolandia jest niezmiernie wdzi\u0119czna polskim bohaterom z tamtych lat!<br \/>\nTo my jeste\u015bmy Wam niezmiernie wdzi\u0119czni!<span style=\"font-size: small;\">Teraz ka\u017cdego dnia na nowo musimy udowadnia\u0107, \u017ce jeste\u015bmy warci tej wolno\u015bci.<br \/>\nWolno\u015bci, za kt\u00f3r\u0105 walczyli\u015bcie.<\/span><\/p>\n<p>&nbsp;<\/p>\n<p>Naszej wdzi\u0119czno\u015bci nie ma ko\u0144ca!<br \/>\nDzi\u0119kuj\u0119 bardzo!<\/p>","protected":false},"excerpt":{"rendered":"<p>Przem\u00f3wienie minister obrony, pani J.A. Hennis-Plasschaert z okazji 70. obchod\u00f3w upami\u0119tniaj\u0105cych udzia\u0142 1 Samodzielnej Brygady Spadochronowej Operacji Market Garden Driel, 20 wrze\u015bnia 2014 roku Wasza Wysoko\u015b\u0107, Panie Prezydencie, Wasze Ekscelencje, Panie i Panowie, Przede wszystkim pragn\u0119 serdecznie powita\u0107 Pana, Panie <span class=\"excerpt-dots\">&hellip;<\/span> <a class=\"more-link\" href=\"https:\/\/www.driel-polen.nl\/pl\/herdenkingen\/herdenkingen-2005-2014\/2014-toespraken-minister\/\"><span class=\"more-msg\"><img decoding=\"async\" src=\"https:\/\/www.driel-polen.nl\/downloads\/lees-meer3.jpg\"><\/p>\n<hr class=\"wvrx-expand-full\" style=\"margin:0\"><\/span><\/a><\/p>\n","protected":false},"author":17,"featured_media":0,"parent":5637,"menu_order":12,"comment_status":"closed","ping_status":"open","template":"","meta":{"_monsterinsights_skip_tracking":false,"_monsterinsights_sitenote_active":false,"_monsterinsights_sitenote_note":"","_monsterinsights_sitenote_category":0,"ngg_post_thumbnail":0,"footnotes":""},"class_list":["post-911","page","type-page","status-publish","hentry"],"yoast_head":"<!-- This site is optimized with the Yoast SEO plugin v27.4 - https:\/\/yoast.com\/product\/yoast-seo-wordpress\/ -->\n<title>2014-toespraken-minister - Stichting Driel-Polen<\/title>\n<meta name=\"robots\" content=\"index, follow, max-snippet:-1, max-image-preview:large, max-video-preview:-1\" \/>\n<link rel=\"canonical\" href=\"https:\/\/www.driel-polen.nl\/herdenkingen\/herdenkingen-2005-2014\/2014-toespraken-minister\/\" \/>\n<meta property=\"og:locale\" content=\"pl_PL\" \/>\n<meta property=\"og:type\" content=\"article\" \/>\n<meta property=\"og:title\" content=\"2014-toespraken-minister - Stichting Driel-Polen\" \/>\n<meta property=\"og:description\" content=\"Przem\u00f3wienie minister obrony, pani J.A. Hennis-Plasschaert z okazji 70. obchod\u00f3w upami\u0119tniaj\u0105cych udzia\u0142 1 Samodzielnej Brygady Spadochronowej Operacji Market Garden Driel, 20 wrze\u015bnia 2014 roku Wasza Wysoko\u015b\u0107, Panie Prezydencie, Wasze Ekscelencje, Panie i Panowie, Przede wszystkim pragn\u0119 serdecznie powita\u0107 Pana, Panie &hellip;\" \/>\n<meta property=\"og:url\" content=\"https:\/\/www.driel-polen.nl\/herdenkingen\/herdenkingen-2005-2014\/2014-toespraken-minister\/\" \/>\n<meta property=\"og:site_name\" content=\"Stichting Driel-Polen\" \/>\n<meta property=\"article:modified_time\" content=\"2021-01-12T18:23:25+00:00\" \/>\n<meta property=\"og:image\" content=\"https:\/\/www.driel-polen.nl\/wordpress\/wp-content\/uploads\/2018\/10\/Fotos-toespraken-2014-Hennis.jpg\" \/>\n<meta name=\"twitter:label1\" content=\"Szacowany czas czytania\" \/>\n\t<meta name=\"twitter:data1\" content=\"11 minut\" \/>\n<script type=\"application\/ld+json\" class=\"yoast-schema-graph\">{\"@context\":\"https:\\\/\\\/schema.org\",\"@graph\":[{\"@type\":\"WebPage\",\"@id\":\"https:\\\/\\\/www.driel-polen.nl\\\/herdenkingen\\\/herdenkingen-2005-2014\\\/2014-toespraken-minister\\\/\",\"url\":\"https:\\\/\\\/www.driel-polen.nl\\\/herdenkingen\\\/herdenkingen-2005-2014\\\/2014-toespraken-minister\\\/\",\"name\":\"2014-toespraken-minister - Stichting Driel-Polen\",\"isPartOf\":{\"@id\":\"https:\\\/\\\/www.driel-polen.nl\\\/nl\\\/#website\"},\"primaryImageOfPage\":{\"@id\":\"https:\\\/\\\/www.driel-polen.nl\\\/herdenkingen\\\/herdenkingen-2005-2014\\\/2014-toespraken-minister\\\/#primaryimage\"},\"image\":{\"@id\":\"https:\\\/\\\/www.driel-polen.nl\\\/herdenkingen\\\/herdenkingen-2005-2014\\\/2014-toespraken-minister\\\/#primaryimage\"},\"thumbnailUrl\":\"https:\\\/\\\/www.driel-polen.nl\\\/wordpress\\\/wp-content\\\/uploads\\\/2018\\\/10\\\/Fotos-toespraken-2014-Hennis.jpg\",\"datePublished\":\"2014-10-08T17:58:21+00:00\",\"dateModified\":\"2021-01-12T18:23:25+00:00\",\"breadcrumb\":{\"@id\":\"https:\\\/\\\/www.driel-polen.nl\\\/herdenkingen\\\/herdenkingen-2005-2014\\\/2014-toespraken-minister\\\/#breadcrumb\"},\"inLanguage\":\"pl-PL\",\"potentialAction\":[{\"@type\":\"ReadAction\",\"target\":[\"https:\\\/\\\/www.driel-polen.nl\\\/herdenkingen\\\/herdenkingen-2005-2014\\\/2014-toespraken-minister\\\/\"]}]},{\"@type\":\"ImageObject\",\"inLanguage\":\"pl-PL\",\"@id\":\"https:\\\/\\\/www.driel-polen.nl\\\/herdenkingen\\\/herdenkingen-2005-2014\\\/2014-toespraken-minister\\\/#primaryimage\",\"url\":\"https:\\\/\\\/www.driel-polen.nl\\\/wordpress\\\/wp-content\\\/uploads\\\/2018\\\/10\\\/Fotos-toespraken-2014-Hennis.jpg\",\"contentUrl\":\"https:\\\/\\\/www.driel-polen.nl\\\/wordpress\\\/wp-content\\\/uploads\\\/2018\\\/10\\\/Fotos-toespraken-2014-Hennis.jpg\"},{\"@type\":\"BreadcrumbList\",\"@id\":\"https:\\\/\\\/www.driel-polen.nl\\\/herdenkingen\\\/herdenkingen-2005-2014\\\/2014-toespraken-minister\\\/#breadcrumb\",\"itemListElement\":[{\"@type\":\"ListItem\",\"position\":1,\"name\":\"Herdenkingen\",\"item\":\"https:\\\/\\\/www.driel-polen.nl\\\/herdenkingen\\\/\"},{\"@type\":\"ListItem\",\"position\":2,\"name\":\"Herdenkingen 2005-2014\",\"item\":\"https:\\\/\\\/www.driel-polen.nl\\\/herdenkingen\\\/herdenkingen-2005-2014\\\/\"},{\"@type\":\"ListItem\",\"position\":3,\"name\":\"2014-toespraken-minister\"}]},{\"@type\":\"WebSite\",\"@id\":\"https:\\\/\\\/www.driel-polen.nl\\\/nl\\\/#website\",\"url\":\"https:\\\/\\\/www.driel-polen.nl\\\/nl\\\/\",\"name\":\"Stichting Driel-Polen\",\"description\":\"General St. Sosabowski\",\"potentialAction\":[{\"@type\":\"SearchAction\",\"target\":{\"@type\":\"EntryPoint\",\"urlTemplate\":\"https:\\\/\\\/www.driel-polen.nl\\\/nl\\\/?s={search_term_string}\"},\"query-input\":{\"@type\":\"PropertyValueSpecification\",\"valueRequired\":true,\"valueName\":\"search_term_string\"}}],\"inLanguage\":\"pl-PL\"}]}<\/script>\n<!-- \/ Yoast SEO plugin. -->","yoast_head_json":{"title":"2014-toespraken-minister - Stichting Driel-Polen","robots":{"index":"index","follow":"follow","max-snippet":"max-snippet:-1","max-image-preview":"max-image-preview:large","max-video-preview":"max-video-preview:-1"},"canonical":"https:\/\/www.driel-polen.nl\/herdenkingen\/herdenkingen-2005-2014\/2014-toespraken-minister\/","og_locale":"pl_PL","og_type":"article","og_title":"2014-toespraken-minister - Stichting Driel-Polen","og_description":"Przem\u00f3wienie minister obrony, pani J.A. Hennis-Plasschaert z okazji 70. obchod\u00f3w upami\u0119tniaj\u0105cych udzia\u0142 1 Samodzielnej Brygady Spadochronowej Operacji Market Garden Driel, 20 wrze\u015bnia 2014 roku Wasza Wysoko\u015b\u0107, Panie Prezydencie, Wasze Ekscelencje, Panie i Panowie, Przede wszystkim pragn\u0119 serdecznie powita\u0107 Pana, Panie &hellip;","og_url":"https:\/\/www.driel-polen.nl\/herdenkingen\/herdenkingen-2005-2014\/2014-toespraken-minister\/","og_site_name":"Stichting Driel-Polen","article_modified_time":"2021-01-12T18:23:25+00:00","og_image":[{"url":"https:\/\/www.driel-polen.nl\/wordpress\/wp-content\/uploads\/2018\/10\/Fotos-toespraken-2014-Hennis.jpg","type":"","width":"","height":""}],"twitter_misc":{"Szacowany czas czytania":"11 minut"},"schema":{"@context":"https:\/\/schema.org","@graph":[{"@type":"WebPage","@id":"https:\/\/www.driel-polen.nl\/herdenkingen\/herdenkingen-2005-2014\/2014-toespraken-minister\/","url":"https:\/\/www.driel-polen.nl\/herdenkingen\/herdenkingen-2005-2014\/2014-toespraken-minister\/","name":"2014-toespraken-minister - Stichting Driel-Polen","isPartOf":{"@id":"https:\/\/www.driel-polen.nl\/nl\/#website"},"primaryImageOfPage":{"@id":"https:\/\/www.driel-polen.nl\/herdenkingen\/herdenkingen-2005-2014\/2014-toespraken-minister\/#primaryimage"},"image":{"@id":"https:\/\/www.driel-polen.nl\/herdenkingen\/herdenkingen-2005-2014\/2014-toespraken-minister\/#primaryimage"},"thumbnailUrl":"https:\/\/www.driel-polen.nl\/wordpress\/wp-content\/uploads\/2018\/10\/Fotos-toespraken-2014-Hennis.jpg","datePublished":"2014-10-08T17:58:21+00:00","dateModified":"2021-01-12T18:23:25+00:00","breadcrumb":{"@id":"https:\/\/www.driel-polen.nl\/herdenkingen\/herdenkingen-2005-2014\/2014-toespraken-minister\/#breadcrumb"},"inLanguage":"pl-PL","potentialAction":[{"@type":"ReadAction","target":["https:\/\/www.driel-polen.nl\/herdenkingen\/herdenkingen-2005-2014\/2014-toespraken-minister\/"]}]},{"@type":"ImageObject","inLanguage":"pl-PL","@id":"https:\/\/www.driel-polen.nl\/herdenkingen\/herdenkingen-2005-2014\/2014-toespraken-minister\/#primaryimage","url":"https:\/\/www.driel-polen.nl\/wordpress\/wp-content\/uploads\/2018\/10\/Fotos-toespraken-2014-Hennis.jpg","contentUrl":"https:\/\/www.driel-polen.nl\/wordpress\/wp-content\/uploads\/2018\/10\/Fotos-toespraken-2014-Hennis.jpg"},{"@type":"BreadcrumbList","@id":"https:\/\/www.driel-polen.nl\/herdenkingen\/herdenkingen-2005-2014\/2014-toespraken-minister\/#breadcrumb","itemListElement":[{"@type":"ListItem","position":1,"name":"Herdenkingen","item":"https:\/\/www.driel-polen.nl\/herdenkingen\/"},{"@type":"ListItem","position":2,"name":"Herdenkingen 2005-2014","item":"https:\/\/www.driel-polen.nl\/herdenkingen\/herdenkingen-2005-2014\/"},{"@type":"ListItem","position":3,"name":"2014-toespraken-minister"}]},{"@type":"WebSite","@id":"https:\/\/www.driel-polen.nl\/nl\/#website","url":"https:\/\/www.driel-polen.nl\/nl\/","name":"Stichting Driel-Polen","description":"General St. Sosabowski","potentialAction":[{"@type":"SearchAction","target":{"@type":"EntryPoint","urlTemplate":"https:\/\/www.driel-polen.nl\/nl\/?s={search_term_string}"},"query-input":{"@type":"PropertyValueSpecification","valueRequired":true,"valueName":"search_term_string"}}],"inLanguage":"pl-PL"}]}},"_links":{"self":[{"href":"https:\/\/www.driel-polen.nl\/pl\/wp-json\/wp\/v2\/pages\/911","targetHints":{"allow":["GET"]}}],"collection":[{"href":"https:\/\/www.driel-polen.nl\/pl\/wp-json\/wp\/v2\/pages"}],"about":[{"href":"https:\/\/www.driel-polen.nl\/pl\/wp-json\/wp\/v2\/types\/page"}],"author":[{"embeddable":true,"href":"https:\/\/www.driel-polen.nl\/pl\/wp-json\/wp\/v2\/users\/17"}],"replies":[{"embeddable":true,"href":"https:\/\/www.driel-polen.nl\/pl\/wp-json\/wp\/v2\/comments?post=911"}],"version-history":[{"count":3,"href":"https:\/\/www.driel-polen.nl\/pl\/wp-json\/wp\/v2\/pages\/911\/revisions"}],"predecessor-version":[{"id":3025,"href":"https:\/\/www.driel-polen.nl\/pl\/wp-json\/wp\/v2\/pages\/911\/revisions\/3025"}],"up":[{"embeddable":true,"href":"https:\/\/www.driel-polen.nl\/pl\/wp-json\/wp\/v2\/pages\/5637"}],"wp:attachment":[{"href":"https:\/\/www.driel-polen.nl\/pl\/wp-json\/wp\/v2\/media?parent=911"}],"curies":[{"name":"wp","href":"https:\/\/api.w.org\/{rel}","templated":true}]}}