{"id":8749,"date":"2025-11-06T18:56:23","date_gmt":"2025-11-06T17:56:23","guid":{"rendered":"https:\/\/www.driel-polen.nl\/?page_id=8749"},"modified":"2025-11-06T18:56:23","modified_gmt":"2025-11-06T17:56:23","slug":"2025-toespraak-staatssecretaris-wziatek","status":"publish","type":"page","link":"https:\/\/www.driel-polen.nl\/pl\/herdenkingen\/herdenkingen-2025-2034\/2025-toespraak-staatssecretaris-wziatek\/","title":{"rendered":"2025 Toespraak Staatssecretaris Wzi\u0105tek"},"content":{"rendered":"<p>Pami\u0119\u0107 to otwarte okno, przez kt\u00f3re widzimy wszystkich tych, kt\u00f3rych mamy w naszych sercach.<\/p>\n<p>Panowie Ministrowie, Ekscelencje, Pani Burmistrz, Panowie Genera\u0142owie, Oficerowie, Szanowni Pa\u0144stwo.<\/p>\n<p>W naszych sercach i w naszej pami\u0119ci pozostaj\u0105 bohaterowie walcz\u0105cy o wolno\u015b\u0107 wasz\u0105 i nasz\u0105.<\/p>\n<p>S\u0105 nasz\u0105 dum\u0105 okre\u015blaj\u0105c\u0105 nasz\u0105 to\u017csamo\u015b\u0107 i potrzeb\u0119 budowania \u015bwiata warto\u015bci, \u015bwiata wolno\u015bci, niepodleg\u0142o\u015bci i samostanowienia.<\/p>\n<p>To z takich bohaterskich czyn\u00f3w jak te zwi\u0105zane z operacj\u0105 Market Garden czerpiemy wzorce do budowania si\u0142y sojuszniczego dzia\u0142ania.<\/p>\n<p>Ta operacja zajmuje wyj\u0105tkowe miejsce w dziejach drugiej wojny \u015bwiatowej.<\/p>\n<p>To tu, na tej ziemi, wojska powietrzno-desantowe mia\u0142y przy\u015bpieszy\u0107 zako\u0144czenie wojny. W operacji bra\u0142a udzia\u0142 pierwsza w historii Polskiej Armii elitarna jednostka powietrzno-desantowa \u2013 1 Samodzielna Brygada Spadochronowa, kt\u00f3r\u0105 dowodzi\u0142 brawurowo genera\u0142 Stanis\u0142aw Sosabowski.<\/p>\n<p>W walkach \u017cycie odda\u0142o 97 \u017co\u0142nierzy, zagin\u0119\u0142o 120 a 219 zosta\u0142o rannych. Nie od razu jednak wszyscy docenili profesjonalizm, odwag\u0119 i rol\u0119 Polak\u00f3w walcz\u0105cych w Operacji Market Garden. Potrzeba by\u0142o a\u017c 80 lat aby przywr\u00f3ci\u0107 miejsce genera\u0142a Sosabowskiego i jego \u017co\u0142nierzy w historii. Zaanga\u017cowanie spo\u0142ecze\u0144stwa, w tym zw\u0142aszcza Cory Baltussen i jej spadkobierc\u00f3w, jest nieocenione. W tym miejscu chcia\u0142bym te\u017c szczeg\u00f3lnie podzi\u0119kowa\u0107 holenderskim w\u0142adzom za dzia\u0142ania podj\u0119te w ostatnim czasie na rzecz uhonorowania osi\u0105gni\u0119\u0107 walcz\u0105cych tu Polak\u00f3w. Ods\u0142aniana dzi\u015b tablica pami\u0105tkowa jest efektem wsp\u00f3lnych d\u0105\u017ce\u0144 nie tylko nas tu obecnych ale i tych, kt\u00f3rzy ju\u017c odeszli.<\/p>\n<p>Jednocze\u015bnie chcia\u0142bym te\u017c podzi\u0119kowa\u0107 w\u0142adzom Kr\u00f3lestwa Niderland\u00f3w i mieszka\u0144com holenderskich miast, za kultywowanie spu\u015bcizny \u017co\u0142nierzy polskich, piel\u0119gnowanie ich etosu i opiek\u0119 nad miejscami upami\u0119tniaj\u0105cymi ich wojenne czyny.<\/p>\n<p>Szanowni Pa\u0144stwo,<\/p>\n<p>Spotykamy si\u0119 dzi\u015b podczas uroczysto\u015bci organizowanych na ziemi Holenderskiej aby wsp\u00f3lnie z w\u0142adzami Kr\u00f3lestwa Niderland\u00f3w, Wielkiej Brytanii i Polski, z udzia\u0142em&nbsp; \u017co\u0142nierzy reprezentuj\u0105cych brygady powietrznodesantowe z naszych kraj\u00f3w odda\u0107 ho\u0142d wszystkim \u017co\u0142nierzom polskim i alianckim poleg\u0142ym w ci\u0119\u017ckich walkach.<\/p>\n<p>Pami\u0119tamy i b\u0119dziemy pami\u0119ta\u0107<\/p>\n<p>Uroczysto\u015bci przywo\u0142uj\u0105ce wydarzenia z naszej wsp\u00f3lnej historii, przyczyniaj\u0105 si\u0119 do wzmocnienia wsp\u00f3\u0142pracy Rzeczypospolitej Polskiej i Kr\u00f3lestwa Niderland\u00f3w oraz pog\u0142\u0119bienia przyja\u017ani pomi\u0119dzy \u017co\u0142nierzami obydwu armii.<\/p>\n<p>Nie mog\u0119 tu nie przywo\u0142a\u0107 ostatnich wydarze\u0144, kt\u00f3re rozegra\u0142y si\u0119 na polskim niebie gdzie holenderskie F-35 pomog\u0142y odeprze\u0107 atak rosyjskich dron\u00f3w. Pierwszy raz w powojennej historii NATO zosta\u0142o wystawione na pr\u00f3b\u0119 i zda\u0142o ten egzamin.<\/p>\n<p>Dzi\u0119kuj\u0119 za braterstwo krwi, za sojusznicze wsparcie i budow\u0119 zdolno\u015bci do wsp\u00f3lnej obrony warto\u015bci wolno\u015bci i niepodleg\u0142o\u015bci.<\/p>\n<p>XXI wiek powinien by\u0107 czasem budowania pokoju, dba\u0142o\u015bci o cz\u0142owieka i jego potrzeby, ale niestety pojawia si\u0119 z\u0142o, stanowi\u0105ce powa\u017cne zagro\u017cenia bezpiecze\u0144stwa Europy i \u015bwiata.<\/p>\n<p>Przy granicy Rzeczypospolitej Polskiej i ca\u0142ego NATO toczy si\u0119 pe\u0142noskalowa wojna, dlatego musimy by\u0107 silni swoimi wojskowymi zdolno\u015bciami, hartem ducha i sojuszniczym wsp\u00f3\u0142dzia\u0142aniem.<\/p>\n<p>Nie po to aby prowadzi\u0107 wojn\u0119, ale po to aby nikt nie odwa\u017cy\u0142 si\u0119 nas zaatakowa\u0107.<\/p>\n<p>Dlatego dzi\u0119kuj\u0119 Wam Panowie Ministrowie. Dzi\u0119kuj\u0119 innym przedstawicielom sojusznik\u00f3w za gotowo\u015b\u0107 do wsp\u00f3\u0142pracy i bardzo konkretne wydzielenie si\u0142 i \u015brodk\u00f3w do wsp\u00f3lnej realizacji operacji NATO pod kryptonimem \u201eWschodnia Stra\u017c\u201d.<\/p>\n<p>Razem jeste\u015bmy silny, razem jeste\u015bmy bezpieczni, razem mo\u017cemy tworzy\u0107 lepszy \u015bwiat.<\/p>","protected":false},"excerpt":{"rendered":"<p>Pami\u0119\u0107 to otwarte okno, przez kt\u00f3re widzimy wszystkich tych, kt\u00f3rych mamy w naszych sercach. Panowie Ministrowie, Ekscelencje, Pani Burmistrz, Panowie Genera\u0142owie, Oficerowie, Szanowni Pa\u0144stwo. W naszych sercach i w naszej pami\u0119ci pozostaj\u0105 bohaterowie walcz\u0105cy o wolno\u015b\u0107 wasz\u0105 i nasz\u0105. S\u0105 <span class=\"excerpt-dots\">&hellip;<\/span> <a class=\"more-link\" href=\"https:\/\/www.driel-polen.nl\/pl\/herdenkingen\/herdenkingen-2025-2034\/2025-toespraak-staatssecretaris-wziatek\/\"><span class=\"more-msg\"><img decoding=\"async\" src=\"https:\/\/www.driel-polen.nl\/downloads\/lees-meer3.jpg\"><\/p>\n<hr class=\"wvrx-expand-full\" style=\"margin:0\"><\/span><\/a><\/p>\n","protected":false},"author":17,"featured_media":0,"parent":8745,"menu_order":0,"comment_status":"closed","ping_status":"closed","template":"","meta":{"_monsterinsights_skip_tracking":false,"_monsterinsights_sitenote_active":false,"_monsterinsights_sitenote_note":"","_monsterinsights_sitenote_category":0,"ngg_post_thumbnail":0,"footnotes":""},"class_list":["post-8749","page","type-page","status-publish","hentry"],"yoast_head":"<!-- This site is optimized with the Yoast SEO plugin v27.4 - https:\/\/yoast.com\/product\/yoast-seo-wordpress\/ -->\n<title>2025 Toespraak Staatssecretaris Wzi\u0105tek - Stichting Driel-Polen<\/title>\n<meta name=\"robots\" content=\"index, follow, max-snippet:-1, max-image-preview:large, max-video-preview:-1\" \/>\n<link rel=\"canonical\" href=\"https:\/\/www.driel-polen.nl\/herdenkingen\/herdenkingen-2025-2034\/2025-toespraak-staatssecretaris-wziatek\/\" \/>\n<meta property=\"og:locale\" content=\"pl_PL\" \/>\n<meta property=\"og:type\" content=\"article\" \/>\n<meta property=\"og:title\" content=\"2025 Toespraak Staatssecretaris Wzi\u0105tek - Stichting Driel-Polen\" \/>\n<meta property=\"og:description\" content=\"Pami\u0119\u0107 to otwarte okno, przez kt\u00f3re widzimy wszystkich tych, kt\u00f3rych mamy w naszych sercach. Panowie Ministrowie, Ekscelencje, Pani Burmistrz, Panowie Genera\u0142owie, Oficerowie, Szanowni Pa\u0144stwo. W naszych sercach i w naszej pami\u0119ci pozostaj\u0105 bohaterowie walcz\u0105cy o wolno\u015b\u0107 wasz\u0105 i nasz\u0105. S\u0105 &hellip;\" \/>\n<meta property=\"og:url\" content=\"https:\/\/www.driel-polen.nl\/herdenkingen\/herdenkingen-2025-2034\/2025-toespraak-staatssecretaris-wziatek\/\" \/>\n<meta property=\"og:site_name\" content=\"Stichting Driel-Polen\" \/>\n<meta name=\"twitter:label1\" content=\"Szacowany czas czytania\" \/>\n\t<meta name=\"twitter:data1\" content=\"4 minuty\" \/>\n<script type=\"application\/ld+json\" class=\"yoast-schema-graph\">{\"@context\":\"https:\\\/\\\/schema.org\",\"@graph\":[{\"@type\":\"WebPage\",\"@id\":\"https:\\\/\\\/www.driel-polen.nl\\\/herdenkingen\\\/herdenkingen-2025-2034\\\/2025-toespraak-staatssecretaris-wziatek\\\/\",\"url\":\"https:\\\/\\\/www.driel-polen.nl\\\/herdenkingen\\\/herdenkingen-2025-2034\\\/2025-toespraak-staatssecretaris-wziatek\\\/\",\"name\":\"2025 Toespraak Staatssecretaris Wzi\u0105tek - Stichting Driel-Polen\",\"isPartOf\":{\"@id\":\"https:\\\/\\\/www.driel-polen.nl\\\/nl\\\/#website\"},\"datePublished\":\"2025-11-06T17:56:23+00:00\",\"breadcrumb\":{\"@id\":\"https:\\\/\\\/www.driel-polen.nl\\\/herdenkingen\\\/herdenkingen-2025-2034\\\/2025-toespraak-staatssecretaris-wziatek\\\/#breadcrumb\"},\"inLanguage\":\"pl-PL\",\"potentialAction\":[{\"@type\":\"ReadAction\",\"target\":[\"https:\\\/\\\/www.driel-polen.nl\\\/herdenkingen\\\/herdenkingen-2025-2034\\\/2025-toespraak-staatssecretaris-wziatek\\\/\"]}]},{\"@type\":\"BreadcrumbList\",\"@id\":\"https:\\\/\\\/www.driel-polen.nl\\\/herdenkingen\\\/herdenkingen-2025-2034\\\/2025-toespraak-staatssecretaris-wziatek\\\/#breadcrumb\",\"itemListElement\":[{\"@type\":\"ListItem\",\"position\":1,\"name\":\"Herdenkingen\",\"item\":\"https:\\\/\\\/www.driel-polen.nl\\\/herdenkingen\\\/\"},{\"@type\":\"ListItem\",\"position\":2,\"name\":\"Herdenkingen 2025-2034\",\"item\":\"https:\\\/\\\/www.driel-polen.nl\\\/herdenkingen\\\/herdenkingen-2025-2034\\\/\"},{\"@type\":\"ListItem\",\"position\":3,\"name\":\"2025 Toespraak Staatssecretaris Wzi\u0105tek\"}]},{\"@type\":\"WebSite\",\"@id\":\"https:\\\/\\\/www.driel-polen.nl\\\/nl\\\/#website\",\"url\":\"https:\\\/\\\/www.driel-polen.nl\\\/nl\\\/\",\"name\":\"Stichting Driel-Polen\",\"description\":\"General St. Sosabowski\",\"potentialAction\":[{\"@type\":\"SearchAction\",\"target\":{\"@type\":\"EntryPoint\",\"urlTemplate\":\"https:\\\/\\\/www.driel-polen.nl\\\/nl\\\/?s={search_term_string}\"},\"query-input\":{\"@type\":\"PropertyValueSpecification\",\"valueRequired\":true,\"valueName\":\"search_term_string\"}}],\"inLanguage\":\"pl-PL\"}]}<\/script>\n<!-- \/ Yoast SEO plugin. -->","yoast_head_json":{"title":"2025 Toespraak Staatssecretaris Wzi\u0105tek - Stichting Driel-Polen","robots":{"index":"index","follow":"follow","max-snippet":"max-snippet:-1","max-image-preview":"max-image-preview:large","max-video-preview":"max-video-preview:-1"},"canonical":"https:\/\/www.driel-polen.nl\/herdenkingen\/herdenkingen-2025-2034\/2025-toespraak-staatssecretaris-wziatek\/","og_locale":"pl_PL","og_type":"article","og_title":"2025 Toespraak Staatssecretaris Wzi\u0105tek - Stichting Driel-Polen","og_description":"Pami\u0119\u0107 to otwarte okno, przez kt\u00f3re widzimy wszystkich tych, kt\u00f3rych mamy w naszych sercach. Panowie Ministrowie, Ekscelencje, Pani Burmistrz, Panowie Genera\u0142owie, Oficerowie, Szanowni Pa\u0144stwo. W naszych sercach i w naszej pami\u0119ci pozostaj\u0105 bohaterowie walcz\u0105cy o wolno\u015b\u0107 wasz\u0105 i nasz\u0105. S\u0105 &hellip;","og_url":"https:\/\/www.driel-polen.nl\/herdenkingen\/herdenkingen-2025-2034\/2025-toespraak-staatssecretaris-wziatek\/","og_site_name":"Stichting Driel-Polen","twitter_misc":{"Szacowany czas czytania":"4 minuty"},"schema":{"@context":"https:\/\/schema.org","@graph":[{"@type":"WebPage","@id":"https:\/\/www.driel-polen.nl\/herdenkingen\/herdenkingen-2025-2034\/2025-toespraak-staatssecretaris-wziatek\/","url":"https:\/\/www.driel-polen.nl\/herdenkingen\/herdenkingen-2025-2034\/2025-toespraak-staatssecretaris-wziatek\/","name":"2025 Toespraak Staatssecretaris Wzi\u0105tek - Stichting Driel-Polen","isPartOf":{"@id":"https:\/\/www.driel-polen.nl\/nl\/#website"},"datePublished":"2025-11-06T17:56:23+00:00","breadcrumb":{"@id":"https:\/\/www.driel-polen.nl\/herdenkingen\/herdenkingen-2025-2034\/2025-toespraak-staatssecretaris-wziatek\/#breadcrumb"},"inLanguage":"pl-PL","potentialAction":[{"@type":"ReadAction","target":["https:\/\/www.driel-polen.nl\/herdenkingen\/herdenkingen-2025-2034\/2025-toespraak-staatssecretaris-wziatek\/"]}]},{"@type":"BreadcrumbList","@id":"https:\/\/www.driel-polen.nl\/herdenkingen\/herdenkingen-2025-2034\/2025-toespraak-staatssecretaris-wziatek\/#breadcrumb","itemListElement":[{"@type":"ListItem","position":1,"name":"Herdenkingen","item":"https:\/\/www.driel-polen.nl\/herdenkingen\/"},{"@type":"ListItem","position":2,"name":"Herdenkingen 2025-2034","item":"https:\/\/www.driel-polen.nl\/herdenkingen\/herdenkingen-2025-2034\/"},{"@type":"ListItem","position":3,"name":"2025 Toespraak Staatssecretaris Wzi\u0105tek"}]},{"@type":"WebSite","@id":"https:\/\/www.driel-polen.nl\/nl\/#website","url":"https:\/\/www.driel-polen.nl\/nl\/","name":"Stichting Driel-Polen","description":"General St. Sosabowski","potentialAction":[{"@type":"SearchAction","target":{"@type":"EntryPoint","urlTemplate":"https:\/\/www.driel-polen.nl\/nl\/?s={search_term_string}"},"query-input":{"@type":"PropertyValueSpecification","valueRequired":true,"valueName":"search_term_string"}}],"inLanguage":"pl-PL"}]}},"_links":{"self":[{"href":"https:\/\/www.driel-polen.nl\/pl\/wp-json\/wp\/v2\/pages\/8749","targetHints":{"allow":["GET"]}}],"collection":[{"href":"https:\/\/www.driel-polen.nl\/pl\/wp-json\/wp\/v2\/pages"}],"about":[{"href":"https:\/\/www.driel-polen.nl\/pl\/wp-json\/wp\/v2\/types\/page"}],"author":[{"embeddable":true,"href":"https:\/\/www.driel-polen.nl\/pl\/wp-json\/wp\/v2\/users\/17"}],"replies":[{"embeddable":true,"href":"https:\/\/www.driel-polen.nl\/pl\/wp-json\/wp\/v2\/comments?post=8749"}],"version-history":[{"count":1,"href":"https:\/\/www.driel-polen.nl\/pl\/wp-json\/wp\/v2\/pages\/8749\/revisions"}],"predecessor-version":[{"id":8750,"href":"https:\/\/www.driel-polen.nl\/pl\/wp-json\/wp\/v2\/pages\/8749\/revisions\/8750"}],"up":[{"embeddable":true,"href":"https:\/\/www.driel-polen.nl\/pl\/wp-json\/wp\/v2\/pages\/8745"}],"wp:attachment":[{"href":"https:\/\/www.driel-polen.nl\/pl\/wp-json\/wp\/v2\/media?parent=8749"}],"curies":[{"name":"wp","href":"https:\/\/api.w.org\/{rel}","templated":true}]}}