{"id":8747,"date":"2025-11-06T18:52:11","date_gmt":"2025-11-06T17:52:11","guid":{"rendered":"https:\/\/www.driel-polen.nl\/?page_id=8747"},"modified":"2025-11-06T18:52:11","modified_gmt":"2025-11-06T17:52:11","slug":"2025-openingstoespraak-voorzitter-stichting-driel-polen-de-heer-f-boeijen","status":"publish","type":"page","link":"https:\/\/www.driel-polen.nl\/pl\/herdenkingen\/herdenkingen-2025-2034\/2025-openingstoespraak-voorzitter-stichting-driel-polen-de-heer-f-boeijen\/","title":{"rendered":"2025 Openingstoespraak voorzitter Stichting Driel-Polen de heer F. Boeijen"},"content":{"rendered":"<p>Szanowni Pa\u0144stwo,<\/p>\n<p>Witam serdecznie w imieniu Fundacji Driel-Polska. Szczeg\u00f3lne powitanie kieruj\u0119 do Waszych Ekscelencji: Ministra Obrony Brekelmansa, Lorda Coakera, Podsekretarza Stanu Wzi\u0105tka, obecnych ambasador\u00f3w \u2013 w szczeg\u00f3lno\u015bci Pani Kasangany z Rzeczypospolitej Polskiej oraz Pana Ramplinga z Wielkiej Brytanii \u2013 Komisarza Kr\u00f3la Pana Wigboldusa, Burmistrzyni Pani Hoytink-Roubos oraz wszystkich pozosta\u0142ych przedstawicieli i go\u015bci.<\/p>\n<p>Ta 81. rocznica przejdzie do historii jako kolejna wyj\u0105tkowa uroczysto\u015b\u0107.<\/p>\n<p>Min\u0119\u0142o wiele czasu, zanim Kr\u00f3lestwo Niderland\u00f3w uzna\u0142o rol\u0119 1. Samodzielnej Brygady Spadochronowej jako niezwykle odwa\u017cn\u0105 i odda\u0142o nale\u017cny ho\u0142d genera\u0142owi Sosabowskiemu oraz jego \u017co\u0142nierzom. Od pocz\u0105tku naszym celem by\u0142o r\u00f3wnie\u017c zwr\u00f3cenie si\u0119 do Wielkiej Brytanii z pro\u015bb\u0105 o ponowne rozwa\u017cenie historii tej brygady.<\/p>\n<p>W tym roku, tutaj w Driel, mo\u017cemy zobaczy\u0107 rezultat tych stara\u0144!<\/p>\n<p>Od dzi\u015b ka\u017cdy, kto odwiedzi Driel, dostrze\u017ce zgodno\u015b\u0107 pogl\u0105d\u00f3w co do wa\u017cnej roli polskich spadochroniarzy podczas operacji Market Garden.<\/p>\n<p>To wydarzenie szczeg\u00f3lne \u2013 w pe\u0142ni zas\u0142u\u017cone.<\/p>\n<p>Z przyjemno\u015bci\u0105 zapraszam Burmistrzyni\u0119 Gminy Overbetuwe do wyg\u0142oszenia przem\u00f3wienia.<\/p>","protected":false},"excerpt":{"rendered":"<p>Szanowni Pa\u0144stwo, Witam serdecznie w imieniu Fundacji Driel-Polska. Szczeg\u00f3lne powitanie kieruj\u0119 do Waszych Ekscelencji: Ministra Obrony Brekelmansa, Lorda Coakera, Podsekretarza Stanu Wzi\u0105tka, obecnych ambasador\u00f3w \u2013 w szczeg\u00f3lno\u015bci Pani Kasangany z Rzeczypospolitej Polskiej oraz Pana Ramplinga z Wielkiej Brytanii \u2013 Komisarza <span class=\"excerpt-dots\">&hellip;<\/span> <a class=\"more-link\" href=\"https:\/\/www.driel-polen.nl\/pl\/herdenkingen\/herdenkingen-2025-2034\/2025-openingstoespraak-voorzitter-stichting-driel-polen-de-heer-f-boeijen\/\"><span class=\"more-msg\"><img decoding=\"async\" src=\"https:\/\/www.driel-polen.nl\/downloads\/lees-meer3.jpg\"><\/p>\n<hr class=\"wvrx-expand-full\" style=\"margin:0\"><\/span><\/a><\/p>\n","protected":false},"author":17,"featured_media":0,"parent":8745,"menu_order":0,"comment_status":"closed","ping_status":"closed","template":"","meta":{"_monsterinsights_skip_tracking":false,"_monsterinsights_sitenote_active":false,"_monsterinsights_sitenote_note":"","_monsterinsights_sitenote_category":0,"ngg_post_thumbnail":0,"footnotes":""},"class_list":["post-8747","page","type-page","status-publish","hentry"],"yoast_head":"<!-- This site is optimized with the Yoast SEO plugin v27.4 - https:\/\/yoast.com\/product\/yoast-seo-wordpress\/ -->\n<title>2025 Openingstoespraak voorzitter Stichting Driel-Polen de heer F. Boeijen - Stichting Driel-Polen<\/title>\n<meta name=\"robots\" content=\"index, follow, max-snippet:-1, max-image-preview:large, max-video-preview:-1\" \/>\n<link rel=\"canonical\" href=\"https:\/\/www.driel-polen.nl\/herdenkingen\/herdenkingen-2025-2034\/2025-openingstoespraak-voorzitter-stichting-driel-polen-de-heer-f-boeijen\/\" \/>\n<meta property=\"og:locale\" content=\"pl_PL\" \/>\n<meta property=\"og:type\" content=\"article\" \/>\n<meta property=\"og:title\" content=\"2025 Openingstoespraak voorzitter Stichting Driel-Polen de heer F. Boeijen - Stichting Driel-Polen\" \/>\n<meta property=\"og:description\" content=\"Szanowni Pa\u0144stwo, Witam serdecznie w imieniu Fundacji Driel-Polska. Szczeg\u00f3lne powitanie kieruj\u0119 do Waszych Ekscelencji: Ministra Obrony Brekelmansa, Lorda Coakera, Podsekretarza Stanu Wzi\u0105tka, obecnych ambasador\u00f3w \u2013 w szczeg\u00f3lno\u015bci Pani Kasangany z Rzeczypospolitej Polskiej oraz Pana Ramplinga z Wielkiej Brytanii \u2013 Komisarza &hellip;\" \/>\n<meta property=\"og:url\" content=\"https:\/\/www.driel-polen.nl\/herdenkingen\/herdenkingen-2025-2034\/2025-openingstoespraak-voorzitter-stichting-driel-polen-de-heer-f-boeijen\/\" \/>\n<meta property=\"og:site_name\" content=\"Stichting Driel-Polen\" \/>\n<meta name=\"twitter:label1\" content=\"Szacowany czas czytania\" \/>\n\t<meta name=\"twitter:data1\" content=\"1 minuta\" \/>\n<script type=\"application\/ld+json\" class=\"yoast-schema-graph\">{\"@context\":\"https:\\\/\\\/schema.org\",\"@graph\":[{\"@type\":\"WebPage\",\"@id\":\"https:\\\/\\\/www.driel-polen.nl\\\/herdenkingen\\\/herdenkingen-2025-2034\\\/2025-openingstoespraak-voorzitter-stichting-driel-polen-de-heer-f-boeijen\\\/\",\"url\":\"https:\\\/\\\/www.driel-polen.nl\\\/herdenkingen\\\/herdenkingen-2025-2034\\\/2025-openingstoespraak-voorzitter-stichting-driel-polen-de-heer-f-boeijen\\\/\",\"name\":\"2025 Openingstoespraak voorzitter Stichting Driel-Polen de heer F. Boeijen - Stichting Driel-Polen\",\"isPartOf\":{\"@id\":\"https:\\\/\\\/www.driel-polen.nl\\\/nl\\\/#website\"},\"datePublished\":\"2025-11-06T17:52:11+00:00\",\"breadcrumb\":{\"@id\":\"https:\\\/\\\/www.driel-polen.nl\\\/herdenkingen\\\/herdenkingen-2025-2034\\\/2025-openingstoespraak-voorzitter-stichting-driel-polen-de-heer-f-boeijen\\\/#breadcrumb\"},\"inLanguage\":\"pl-PL\",\"potentialAction\":[{\"@type\":\"ReadAction\",\"target\":[\"https:\\\/\\\/www.driel-polen.nl\\\/herdenkingen\\\/herdenkingen-2025-2034\\\/2025-openingstoespraak-voorzitter-stichting-driel-polen-de-heer-f-boeijen\\\/\"]}]},{\"@type\":\"BreadcrumbList\",\"@id\":\"https:\\\/\\\/www.driel-polen.nl\\\/herdenkingen\\\/herdenkingen-2025-2034\\\/2025-openingstoespraak-voorzitter-stichting-driel-polen-de-heer-f-boeijen\\\/#breadcrumb\",\"itemListElement\":[{\"@type\":\"ListItem\",\"position\":1,\"name\":\"Herdenkingen\",\"item\":\"https:\\\/\\\/www.driel-polen.nl\\\/herdenkingen\\\/\"},{\"@type\":\"ListItem\",\"position\":2,\"name\":\"Herdenkingen 2025-2034\",\"item\":\"https:\\\/\\\/www.driel-polen.nl\\\/herdenkingen\\\/herdenkingen-2025-2034\\\/\"},{\"@type\":\"ListItem\",\"position\":3,\"name\":\"2025 Openingstoespraak voorzitter Stichting Driel-Polen de heer F. Boeijen\"}]},{\"@type\":\"WebSite\",\"@id\":\"https:\\\/\\\/www.driel-polen.nl\\\/nl\\\/#website\",\"url\":\"https:\\\/\\\/www.driel-polen.nl\\\/nl\\\/\",\"name\":\"Stichting Driel-Polen\",\"description\":\"General St. Sosabowski\",\"potentialAction\":[{\"@type\":\"SearchAction\",\"target\":{\"@type\":\"EntryPoint\",\"urlTemplate\":\"https:\\\/\\\/www.driel-polen.nl\\\/nl\\\/?s={search_term_string}\"},\"query-input\":{\"@type\":\"PropertyValueSpecification\",\"valueRequired\":true,\"valueName\":\"search_term_string\"}}],\"inLanguage\":\"pl-PL\"}]}<\/script>\n<!-- \/ Yoast SEO plugin. -->","yoast_head_json":{"title":"2025 Openingstoespraak voorzitter Stichting Driel-Polen de heer F. Boeijen - Stichting Driel-Polen","robots":{"index":"index","follow":"follow","max-snippet":"max-snippet:-1","max-image-preview":"max-image-preview:large","max-video-preview":"max-video-preview:-1"},"canonical":"https:\/\/www.driel-polen.nl\/herdenkingen\/herdenkingen-2025-2034\/2025-openingstoespraak-voorzitter-stichting-driel-polen-de-heer-f-boeijen\/","og_locale":"pl_PL","og_type":"article","og_title":"2025 Openingstoespraak voorzitter Stichting Driel-Polen de heer F. Boeijen - Stichting Driel-Polen","og_description":"Szanowni Pa\u0144stwo, Witam serdecznie w imieniu Fundacji Driel-Polska. Szczeg\u00f3lne powitanie kieruj\u0119 do Waszych Ekscelencji: Ministra Obrony Brekelmansa, Lorda Coakera, Podsekretarza Stanu Wzi\u0105tka, obecnych ambasador\u00f3w \u2013 w szczeg\u00f3lno\u015bci Pani Kasangany z Rzeczypospolitej Polskiej oraz Pana Ramplinga z Wielkiej Brytanii \u2013 Komisarza &hellip;","og_url":"https:\/\/www.driel-polen.nl\/herdenkingen\/herdenkingen-2025-2034\/2025-openingstoespraak-voorzitter-stichting-driel-polen-de-heer-f-boeijen\/","og_site_name":"Stichting Driel-Polen","twitter_misc":{"Szacowany czas czytania":"1 minuta"},"schema":{"@context":"https:\/\/schema.org","@graph":[{"@type":"WebPage","@id":"https:\/\/www.driel-polen.nl\/herdenkingen\/herdenkingen-2025-2034\/2025-openingstoespraak-voorzitter-stichting-driel-polen-de-heer-f-boeijen\/","url":"https:\/\/www.driel-polen.nl\/herdenkingen\/herdenkingen-2025-2034\/2025-openingstoespraak-voorzitter-stichting-driel-polen-de-heer-f-boeijen\/","name":"2025 Openingstoespraak voorzitter Stichting Driel-Polen de heer F. Boeijen - Stichting Driel-Polen","isPartOf":{"@id":"https:\/\/www.driel-polen.nl\/nl\/#website"},"datePublished":"2025-11-06T17:52:11+00:00","breadcrumb":{"@id":"https:\/\/www.driel-polen.nl\/herdenkingen\/herdenkingen-2025-2034\/2025-openingstoespraak-voorzitter-stichting-driel-polen-de-heer-f-boeijen\/#breadcrumb"},"inLanguage":"pl-PL","potentialAction":[{"@type":"ReadAction","target":["https:\/\/www.driel-polen.nl\/herdenkingen\/herdenkingen-2025-2034\/2025-openingstoespraak-voorzitter-stichting-driel-polen-de-heer-f-boeijen\/"]}]},{"@type":"BreadcrumbList","@id":"https:\/\/www.driel-polen.nl\/herdenkingen\/herdenkingen-2025-2034\/2025-openingstoespraak-voorzitter-stichting-driel-polen-de-heer-f-boeijen\/#breadcrumb","itemListElement":[{"@type":"ListItem","position":1,"name":"Herdenkingen","item":"https:\/\/www.driel-polen.nl\/herdenkingen\/"},{"@type":"ListItem","position":2,"name":"Herdenkingen 2025-2034","item":"https:\/\/www.driel-polen.nl\/herdenkingen\/herdenkingen-2025-2034\/"},{"@type":"ListItem","position":3,"name":"2025 Openingstoespraak voorzitter Stichting Driel-Polen de heer F. Boeijen"}]},{"@type":"WebSite","@id":"https:\/\/www.driel-polen.nl\/nl\/#website","url":"https:\/\/www.driel-polen.nl\/nl\/","name":"Stichting Driel-Polen","description":"General St. Sosabowski","potentialAction":[{"@type":"SearchAction","target":{"@type":"EntryPoint","urlTemplate":"https:\/\/www.driel-polen.nl\/nl\/?s={search_term_string}"},"query-input":{"@type":"PropertyValueSpecification","valueRequired":true,"valueName":"search_term_string"}}],"inLanguage":"pl-PL"}]}},"_links":{"self":[{"href":"https:\/\/www.driel-polen.nl\/pl\/wp-json\/wp\/v2\/pages\/8747","targetHints":{"allow":["GET"]}}],"collection":[{"href":"https:\/\/www.driel-polen.nl\/pl\/wp-json\/wp\/v2\/pages"}],"about":[{"href":"https:\/\/www.driel-polen.nl\/pl\/wp-json\/wp\/v2\/types\/page"}],"author":[{"embeddable":true,"href":"https:\/\/www.driel-polen.nl\/pl\/wp-json\/wp\/v2\/users\/17"}],"replies":[{"embeddable":true,"href":"https:\/\/www.driel-polen.nl\/pl\/wp-json\/wp\/v2\/comments?post=8747"}],"version-history":[{"count":1,"href":"https:\/\/www.driel-polen.nl\/pl\/wp-json\/wp\/v2\/pages\/8747\/revisions"}],"predecessor-version":[{"id":8748,"href":"https:\/\/www.driel-polen.nl\/pl\/wp-json\/wp\/v2\/pages\/8747\/revisions\/8748"}],"up":[{"embeddable":true,"href":"https:\/\/www.driel-polen.nl\/pl\/wp-json\/wp\/v2\/pages\/8745"}],"wp:attachment":[{"href":"https:\/\/www.driel-polen.nl\/pl\/wp-json\/wp\/v2\/media?parent=8747"}],"curies":[{"name":"wp","href":"https:\/\/api.w.org\/{rel}","templated":true}]}}