{"id":8610,"date":"2025-03-06T18:38:48","date_gmt":"2025-03-06T17:38:48","guid":{"rendered":"https:\/\/www.driel-polen.nl\/?page_id=8610"},"modified":"2025-03-18T20:21:07","modified_gmt":"2025-03-18T19:21:07","slug":"plaatjesboek-ah","status":"publish","type":"page","link":"https:\/\/www.driel-polen.nl\/pl\/plaatjesboek-ah\/","title":{"rendered":"Ksi\u0105\u017cka obrazkowa-AH"},"content":{"rendered":"<p>W 2024 r., w ramach przygotowa\u0144 do 80. rocznicy obchod\u00f3w Airborne, Albert Heijn Ger Koopman z Driel we wsp\u00f3\u0142pracy z Fundacj\u0105 opublikowa\u0142 pami\u0105tkow\u0105 ksi\u0105\u017ck\u0119 w formie kolekcjonerskiej ksi\u0105\u017cki obrazkowej.<br \/>\nWolontariusze Fundacji podj\u0119li si\u0119 tego zadania. W rezultacie powsta\u0142a pi\u0119kna ksi\u0105\u017cka, kt\u00f3ra s\u0142owami i obrazami ukazuje, co dzia\u0142o si\u0119 w Driel w okolicach desantu polskich \u017co\u0142nierzy.<\/p>\n<p>Kompilatory po\u0142\u0105czy\u0142y przesz\u0142o\u015b\u0107 z tera\u017aniejszo\u015bci\u0105, dzi\u0119ki czemu nie tylko mo\u017cna uzyska\u0107 wra\u017cenie historycznych lokalizacji, ale tak\u017ce da\u0107 wgl\u0105d w obecn\u0105 sytuacj\u0119 opisywanych lokalizacji. Zwr\u00f3cono uwag\u0119 na relacje, kt\u00f3re zosta\u0142y utworzone i zbudowane z Polakami.<\/p>\n<p><strong><a href=\"https:\/\/www.driel-polen.nl\/plaatjesboek\/\">Zobacz cyfrow\u0105 ksi\u0119g\u0119 kolekcji tutaj.<\/a><\/strong><\/p>\n<p>Zobacz cyfrow\u0105 ksi\u0119g\u0119 kolekcji tutaj Wskaz\u00f3wka dotycz\u0105c<\/p>","protected":false},"excerpt":{"rendered":"<p>W 2024 r., w ramach przygotowa\u0144 do 80. rocznicy obchod\u00f3w Airborne, Albert Heijn Ger Koopman z Driel we wsp\u00f3\u0142pracy z Fundacj\u0105 opublikowa\u0142 pami\u0105tkow\u0105 ksi\u0105\u017ck\u0119 w formie kolekcjonerskiej ksi\u0105\u017cki obrazkowej. Wolontariusze Fundacji podj\u0119li si\u0119 tego zadania. W rezultacie powsta\u0142a pi\u0119kna ksi\u0105\u017cka, <span class=\"excerpt-dots\">&hellip;<\/span> <a class=\"more-link\" href=\"https:\/\/www.driel-polen.nl\/pl\/plaatjesboek-ah\/\"><span class=\"more-msg\"><img decoding=\"async\" src=\"https:\/\/www.driel-polen.nl\/downloads\/lees-meer3.jpg\"><\/p>\n<hr class=\"wvrx-expand-full\" style=\"margin:0\"><\/span><\/a><\/p>\n","protected":false},"author":17,"featured_media":0,"parent":0,"menu_order":0,"comment_status":"closed","ping_status":"closed","template":"","meta":{"_monsterinsights_skip_tracking":false,"_monsterinsights_sitenote_active":false,"_monsterinsights_sitenote_note":"","_monsterinsights_sitenote_category":0,"ngg_post_thumbnail":0,"footnotes":""},"class_list":["post-8610","page","type-page","status-publish","hentry"],"yoast_head":"<!-- This site is optimized with the Yoast SEO plugin v27.4 - https:\/\/yoast.com\/product\/yoast-seo-wordpress\/ -->\n<title>Ksi\u0105\u017cka obrazkowa-AH - Stichting Driel-Polen<\/title>\n<meta name=\"robots\" content=\"index, follow, max-snippet:-1, max-image-preview:large, max-video-preview:-1\" \/>\n<link rel=\"canonical\" href=\"https:\/\/www.driel-polen.nl\/plaatjesboek-ah\/\" \/>\n<meta property=\"og:locale\" content=\"pl_PL\" \/>\n<meta property=\"og:type\" content=\"article\" \/>\n<meta property=\"og:title\" content=\"Ksi\u0105\u017cka obrazkowa-AH - Stichting Driel-Polen\" \/>\n<meta property=\"og:description\" content=\"W 2024 r., w ramach przygotowa\u0144 do 80. rocznicy obchod\u00f3w Airborne, Albert Heijn Ger Koopman z Driel we wsp\u00f3\u0142pracy z Fundacj\u0105 opublikowa\u0142 pami\u0105tkow\u0105 ksi\u0105\u017ck\u0119 w formie kolekcjonerskiej ksi\u0105\u017cki obrazkowej. Wolontariusze Fundacji podj\u0119li si\u0119 tego zadania. W rezultacie powsta\u0142a pi\u0119kna ksi\u0105\u017cka, &hellip;\" \/>\n<meta property=\"og:url\" content=\"https:\/\/www.driel-polen.nl\/plaatjesboek-ah\/\" \/>\n<meta property=\"og:site_name\" content=\"Stichting Driel-Polen\" \/>\n<meta property=\"article:modified_time\" content=\"2025-03-18T19:21:07+00:00\" \/>\n<meta name=\"twitter:label1\" content=\"Szacowany czas czytania\" \/>\n\t<meta name=\"twitter:data1\" content=\"1 minuta\" \/>\n<script type=\"application\/ld+json\" class=\"yoast-schema-graph\">{\"@context\":\"https:\\\/\\\/schema.org\",\"@graph\":[{\"@type\":\"WebPage\",\"@id\":\"https:\\\/\\\/www.driel-polen.nl\\\/plaatjesboek-ah\\\/\",\"url\":\"https:\\\/\\\/www.driel-polen.nl\\\/plaatjesboek-ah\\\/\",\"name\":\"Ksi\u0105\u017cka obrazkowa-AH - Stichting Driel-Polen\",\"isPartOf\":{\"@id\":\"https:\\\/\\\/www.driel-polen.nl\\\/nl\\\/#website\"},\"datePublished\":\"2025-03-06T17:38:48+00:00\",\"dateModified\":\"2025-03-18T19:21:07+00:00\",\"inLanguage\":\"pl-PL\",\"potentialAction\":[{\"@type\":\"ReadAction\",\"target\":[\"https:\\\/\\\/www.driel-polen.nl\\\/plaatjesboek-ah\\\/\"]}]},{\"@type\":\"WebSite\",\"@id\":\"https:\\\/\\\/www.driel-polen.nl\\\/nl\\\/#website\",\"url\":\"https:\\\/\\\/www.driel-polen.nl\\\/nl\\\/\",\"name\":\"Stichting Driel-Polen\",\"description\":\"General St. Sosabowski\",\"potentialAction\":[{\"@type\":\"SearchAction\",\"target\":{\"@type\":\"EntryPoint\",\"urlTemplate\":\"https:\\\/\\\/www.driel-polen.nl\\\/nl\\\/?s={search_term_string}\"},\"query-input\":{\"@type\":\"PropertyValueSpecification\",\"valueRequired\":true,\"valueName\":\"search_term_string\"}}],\"inLanguage\":\"pl-PL\"}]}<\/script>\n<!-- \/ Yoast SEO plugin. -->","yoast_head_json":{"title":"Ksi\u0105\u017cka obrazkowa-AH - Stichting Driel-Polen","robots":{"index":"index","follow":"follow","max-snippet":"max-snippet:-1","max-image-preview":"max-image-preview:large","max-video-preview":"max-video-preview:-1"},"canonical":"https:\/\/www.driel-polen.nl\/plaatjesboek-ah\/","og_locale":"pl_PL","og_type":"article","og_title":"Ksi\u0105\u017cka obrazkowa-AH - Stichting Driel-Polen","og_description":"W 2024 r., w ramach przygotowa\u0144 do 80. rocznicy obchod\u00f3w Airborne, Albert Heijn Ger Koopman z Driel we wsp\u00f3\u0142pracy z Fundacj\u0105 opublikowa\u0142 pami\u0105tkow\u0105 ksi\u0105\u017ck\u0119 w formie kolekcjonerskiej ksi\u0105\u017cki obrazkowej. Wolontariusze Fundacji podj\u0119li si\u0119 tego zadania. W rezultacie powsta\u0142a pi\u0119kna ksi\u0105\u017cka, &hellip;","og_url":"https:\/\/www.driel-polen.nl\/plaatjesboek-ah\/","og_site_name":"Stichting Driel-Polen","article_modified_time":"2025-03-18T19:21:07+00:00","twitter_misc":{"Szacowany czas czytania":"1 minuta"},"schema":{"@context":"https:\/\/schema.org","@graph":[{"@type":"WebPage","@id":"https:\/\/www.driel-polen.nl\/plaatjesboek-ah\/","url":"https:\/\/www.driel-polen.nl\/plaatjesboek-ah\/","name":"Ksi\u0105\u017cka obrazkowa-AH - Stichting Driel-Polen","isPartOf":{"@id":"https:\/\/www.driel-polen.nl\/nl\/#website"},"datePublished":"2025-03-06T17:38:48+00:00","dateModified":"2025-03-18T19:21:07+00:00","inLanguage":"pl-PL","potentialAction":[{"@type":"ReadAction","target":["https:\/\/www.driel-polen.nl\/plaatjesboek-ah\/"]}]},{"@type":"WebSite","@id":"https:\/\/www.driel-polen.nl\/nl\/#website","url":"https:\/\/www.driel-polen.nl\/nl\/","name":"Stichting Driel-Polen","description":"General St. Sosabowski","potentialAction":[{"@type":"SearchAction","target":{"@type":"EntryPoint","urlTemplate":"https:\/\/www.driel-polen.nl\/nl\/?s={search_term_string}"},"query-input":{"@type":"PropertyValueSpecification","valueRequired":true,"valueName":"search_term_string"}}],"inLanguage":"pl-PL"}]}},"_links":{"self":[{"href":"https:\/\/www.driel-polen.nl\/pl\/wp-json\/wp\/v2\/pages\/8610","targetHints":{"allow":["GET"]}}],"collection":[{"href":"https:\/\/www.driel-polen.nl\/pl\/wp-json\/wp\/v2\/pages"}],"about":[{"href":"https:\/\/www.driel-polen.nl\/pl\/wp-json\/wp\/v2\/types\/page"}],"author":[{"embeddable":true,"href":"https:\/\/www.driel-polen.nl\/pl\/wp-json\/wp\/v2\/users\/17"}],"replies":[{"embeddable":true,"href":"https:\/\/www.driel-polen.nl\/pl\/wp-json\/wp\/v2\/comments?post=8610"}],"version-history":[{"count":11,"href":"https:\/\/www.driel-polen.nl\/pl\/wp-json\/wp\/v2\/pages\/8610\/revisions"}],"predecessor-version":[{"id":8648,"href":"https:\/\/www.driel-polen.nl\/pl\/wp-json\/wp\/v2\/pages\/8610\/revisions\/8648"}],"wp:attachment":[{"href":"https:\/\/www.driel-polen.nl\/pl\/wp-json\/wp\/v2\/media?parent=8610"}],"curies":[{"name":"wp","href":"https:\/\/api.w.org\/{rel}","templated":true}]}}