{"id":8383,"date":"2024-09-25T18:58:35","date_gmt":"2024-09-25T16:58:35","guid":{"rendered":"https:\/\/www.driel-polen.nl\/?page_id=8383"},"modified":"2024-09-25T18:58:35","modified_gmt":"2024-09-25T16:58:35","slug":"2024-toespraak-minister-president-dick-schoof","status":"publish","type":"page","link":"https:\/\/www.driel-polen.nl\/pl\/herdenkingen\/herdenkingen-2015-2024\/2024-toespraak-minister-president-dick-schoof\/","title":{"rendered":"2024  Przem\u00f3wienie premiera Kr\u00f3lestwa Niderland\u00f3w Dicka Schoofa"},"content":{"rendered":"<p><strong>Przem\u00f3wienie premiera Kr\u00f3lestwa Niderland\u00f3w Dicka Schoofa, wyg\u0142oszone podczas 80. obchod\u00f3w upami\u0119tniaj\u0105cych udzia\u0142 polskiej 1 Samodzielnej Brygady Spadochronowej w operacji Market Garden<\/strong><br \/>\n<strong>Driel, 21wrze\u015bnia 2024<\/strong><\/p>\n<p>Szanowny Panie Premierze, Ekscelencje, Panie Baltussen, Weterani \u2013 Dawni \u017bo\u0142nierze,<br \/>\nPanie i Panowie,<\/p>\n<p>brytyjski autor H.G. Wells napisa\u0142 kiedy\u015b: \u201eThe truly brave man is not the man who does not feel fear, but the man who overcomes it\u201d\uf02a.<br \/>\nA zatem bohaterem nie jest kto\u015b, kto nie odczuwa strachu, lecz ten, kto go przezwyci\u0119\u017ca.<br \/>\nUwa\u017cam, \u017ce to prawda.<br \/>\nNiewielu ludzi jest pozbawionych l\u0119ku.<br \/>\nSzczeg\u00f3lnie podczas wojny, gdy \u017cycie i \u015bmier\u0107 s\u0105 tak blisko siebie.<br \/>\nDzielni \u017co\u0142nierze polskiej 1 Samodzielnej Brygady Spadochronowej bez w\u0105tpienia odczuwali strach, gdy 21 wrze\u015bnia 1944 roku skakali z samolotu.<br \/>\nJednak jako bohaterowie przezwyci\u0119\u017cyli go, aby walczy\u0107 o nasz\u0105 wolno\u015b\u0107.<br \/>\nWolno\u015b\u0107, kt\u00f3r\u0105 cieszymy si\u0119 ju\u017c od osiemdziesi\u0119ciu lat.<br \/>\nI kt\u00f3r\u0105 musimy piel\u0119gnowa\u0107 i chroni\u0107.<\/p>\n<p>Dzi\u015b upami\u0119tniamy wszystkich polskich i pozosta\u0142ych alianckich \u017co\u0142nierzy, kt\u00f3rzy w dniach bitwy o Arnhem z\u0142o\u017cyli najwy\u017csz\u0105 ofiar\u0119.<br \/>\nCzcimy ich pami\u0119\u0107.<br \/>\nI tutaj, w Driel, sk\u0142adamy specjalne podzi\u0119kowania wszystkim \u017co\u0142nierzom, kt\u00f3rzy pod dow\u00f3dztwem genera\u0142a brygady Stanis\u0142awa Sosabowskiego nara\u017cali swoje \u017cycie \u2013 dla ludzi, kt\u00f3rych nie znali, w kraju, kt\u00f3ry nie by\u0142 ich ojczyzn\u0105.<br \/>\nBardziej bezinteresowny czyn trudno sobie wyobrazi\u0107.<br \/>\nDlatego te\u017c przyznanie Brygadzie w 2006 roku Orderu Wojskowego Wilhelma by\u0142o po prostu aktem historycznej sprawiedliwo\u015bci.<\/p>\n<p>Uznajmy dzi\u015b ich przyk\u0142ad za zobowi\u0105zanie.<br \/>\nZobowi\u0105zanie, by tu i teraz sta\u0107 na stra\u017cy wolno\u015bci i warto\u015bci, o kt\u00f3re osiemdziesi\u0105t lat temu walczono z tak wielkim po\u015bwi\u0119ceniem i determinacj\u0105.<br \/>\nDla p\u00f3\u017aniejszych pokole\u0144 \u201ewojna\u201d d\u0142ugo by\u0142a s\u0142owem z odleg\u0142ych miejsc.<br \/>\nS\u0142owem z przesz\u0142o\u015bci.<br \/>\nCzym\u015b z dawno minionych czas\u00f3w.<br \/>\nTak mogli\u015bmy sobie i innym przynajmniej przez d\u0142ugi czas wmawia\u0107.<\/p>\n<p>Ale od czasu rosyjskiej inwazji na Ukrain\u0119 nasze postrzeganie rzeczywisto\u015bci si\u0119 zmieni\u0142o.<br \/>\nPrzemoc, terror, i \u2013 tak \u2013 tak\u017ce wojna \u2013 nagle wszystko to znowu jest bardzo blisko.<br \/>\nJak niedawno trafnie powiedzia\u0142 m\u00f3j kolega z Ministerstwa Obrony Ruben Brekelmans, kt\u00f3ry r\u00f3wnie\u017c jest tutaj obecny: \u201eTo nie jest wojna, ale nie jest to te\u017c pok\u00f3j\u201d.<br \/>\nTo w\u0142a\u015bnie sytuacja, w jakiej znajdujemy si\u0119 od rosyjskiej inwazji na Ukrain\u0119.<\/p>\n<p>W Polsce, ojczy\u017anie naszych wyzwolicieli, odczuwa si\u0119 to jeszcze bardziej bezpo\u015brednio ni\u017c tutaj.<br \/>\nDlatego tak istotne jest, aby Polska, Holandia i inne kraje wsp\u00f3\u0142dzia\u0142a\u0142y ze sob\u0105 i wzajemnie si\u0119 wspiera\u0142y, w NATO i w Europie.<br \/>\nDlatego tak wa\u017cne jest, aby\u015bmy zaj\u0119li wsp\u00f3lne stanowisko przeciwko agresji i bezprawiu.<br \/>\nI aby\u015bmy byli w tym niez\u0142omni i niestrudzeni.<br \/>\nTo konieczne.<br \/>\nTo konieczne, poniewa\u017c alternatywa jest niewyobra\u017calna.<\/p>\n<p>Szanowni Pa\u0144stwo, nie ma lepszego sposobu, ni\u017c ten, aby tu i teraz odda\u0107 ho\u0142d bohaterom tamtych dni.<br \/>\nOni stan\u0119li murem w obronie naszej wolno\u015bci.<br \/>\nA my musimy zrobi\u0107 to samo dla tych, kt\u00f3rzy przyjd\u0105 po nas.<br \/>\nMaj\u0105c we wdzi\u0119cznej pami\u0119ci wszystkich, kt\u00f3rzy przyczynili si\u0119 do tego, \u017ce dzi\u015b, ciesz\u0105c si\u0119 wolno\u015bci\u0105, mo\u017cemy odda\u0107 im ho\u0142d.<\/p>\n<p>Dzi\u0119kuj\u0119!<\/p>","protected":false},"excerpt":{"rendered":"<p>Przem\u00f3wienie premiera Kr\u00f3lestwa Niderland\u00f3w Dicka Schoofa, wyg\u0142oszone podczas 80. obchod\u00f3w upami\u0119tniaj\u0105cych udzia\u0142 polskiej 1 Samodzielnej Brygady Spadochronowej w operacji Market Garden Driel, 21wrze\u015bnia 2024 Szanowny Panie Premierze, Ekscelencje, Panie Baltussen, Weterani \u2013 Dawni \u017bo\u0142nierze, Panie i Panowie, brytyjski autor H.G. <span class=\"excerpt-dots\">&hellip;<\/span> <a class=\"more-link\" href=\"https:\/\/www.driel-polen.nl\/pl\/herdenkingen\/herdenkingen-2015-2024\/2024-toespraak-minister-president-dick-schoof\/\"><span class=\"more-msg\"><img decoding=\"async\" src=\"https:\/\/www.driel-polen.nl\/downloads\/lees-meer3.jpg\"><\/p>\n<hr class=\"wvrx-expand-full\" style=\"margin:0\"><\/span><\/a><\/p>\n","protected":false},"author":17,"featured_media":0,"parent":5633,"menu_order":0,"comment_status":"closed","ping_status":"closed","template":"","meta":{"_monsterinsights_skip_tracking":false,"_monsterinsights_sitenote_active":false,"_monsterinsights_sitenote_note":"","_monsterinsights_sitenote_category":0,"ngg_post_thumbnail":0,"footnotes":""},"class_list":["post-8383","page","type-page","status-publish","hentry"],"yoast_head":"<!-- This site is optimized with the Yoast SEO plugin v27.4 - https:\/\/yoast.com\/product\/yoast-seo-wordpress\/ -->\n<title>2024 Przem\u00f3wienie premiera Kr\u00f3lestwa Niderland\u00f3w Dicka Schoofa - Stichting Driel-Polen<\/title>\n<meta name=\"robots\" content=\"index, follow, max-snippet:-1, max-image-preview:large, max-video-preview:-1\" \/>\n<link rel=\"canonical\" href=\"https:\/\/www.driel-polen.nl\/herdenkingen\/herdenkingen-2015-2024\/2024-toespraak-minister-president-dick-schoof\/\" \/>\n<meta property=\"og:locale\" content=\"pl_PL\" \/>\n<meta property=\"og:type\" content=\"article\" \/>\n<meta property=\"og:title\" content=\"2024 Przem\u00f3wienie premiera Kr\u00f3lestwa Niderland\u00f3w Dicka Schoofa - Stichting Driel-Polen\" \/>\n<meta property=\"og:description\" content=\"Przem\u00f3wienie premiera Kr\u00f3lestwa Niderland\u00f3w Dicka Schoofa, wyg\u0142oszone podczas 80. obchod\u00f3w upami\u0119tniaj\u0105cych udzia\u0142 polskiej 1 Samodzielnej Brygady Spadochronowej w operacji Market Garden Driel, 21wrze\u015bnia 2024 Szanowny Panie Premierze, Ekscelencje, Panie Baltussen, Weterani \u2013 Dawni \u017bo\u0142nierze, Panie i Panowie, brytyjski autor H.G. &hellip;\" \/>\n<meta property=\"og:url\" content=\"https:\/\/www.driel-polen.nl\/herdenkingen\/herdenkingen-2015-2024\/2024-toespraak-minister-president-dick-schoof\/\" \/>\n<meta property=\"og:site_name\" content=\"Stichting Driel-Polen\" \/>\n<meta name=\"twitter:label1\" content=\"Szacowany czas czytania\" \/>\n\t<meta name=\"twitter:data1\" content=\"3 minuty\" \/>\n<script type=\"application\/ld+json\" class=\"yoast-schema-graph\">{\"@context\":\"https:\\\/\\\/schema.org\",\"@graph\":[{\"@type\":\"WebPage\",\"@id\":\"https:\\\/\\\/www.driel-polen.nl\\\/herdenkingen\\\/herdenkingen-2015-2024\\\/2024-toespraak-minister-president-dick-schoof\\\/\",\"url\":\"https:\\\/\\\/www.driel-polen.nl\\\/herdenkingen\\\/herdenkingen-2015-2024\\\/2024-toespraak-minister-president-dick-schoof\\\/\",\"name\":\"2024 Przem\u00f3wienie premiera Kr\u00f3lestwa Niderland\u00f3w Dicka Schoofa - Stichting Driel-Polen\",\"isPartOf\":{\"@id\":\"https:\\\/\\\/www.driel-polen.nl\\\/nl\\\/#website\"},\"datePublished\":\"2024-09-25T16:58:35+00:00\",\"breadcrumb\":{\"@id\":\"https:\\\/\\\/www.driel-polen.nl\\\/herdenkingen\\\/herdenkingen-2015-2024\\\/2024-toespraak-minister-president-dick-schoof\\\/#breadcrumb\"},\"inLanguage\":\"pl-PL\",\"potentialAction\":[{\"@type\":\"ReadAction\",\"target\":[\"https:\\\/\\\/www.driel-polen.nl\\\/herdenkingen\\\/herdenkingen-2015-2024\\\/2024-toespraak-minister-president-dick-schoof\\\/\"]}]},{\"@type\":\"BreadcrumbList\",\"@id\":\"https:\\\/\\\/www.driel-polen.nl\\\/herdenkingen\\\/herdenkingen-2015-2024\\\/2024-toespraak-minister-president-dick-schoof\\\/#breadcrumb\",\"itemListElement\":[{\"@type\":\"ListItem\",\"position\":1,\"name\":\"Herdenkingen\",\"item\":\"https:\\\/\\\/www.driel-polen.nl\\\/herdenkingen\\\/\"},{\"@type\":\"ListItem\",\"position\":2,\"name\":\"Herdenkingen 2015-2024\",\"item\":\"https:\\\/\\\/www.driel-polen.nl\\\/herdenkingen\\\/herdenkingen-2015-2024\\\/\"},{\"@type\":\"ListItem\",\"position\":3,\"name\":\"2024 Toespraak minister-president Dick Schoof\"}]},{\"@type\":\"WebSite\",\"@id\":\"https:\\\/\\\/www.driel-polen.nl\\\/nl\\\/#website\",\"url\":\"https:\\\/\\\/www.driel-polen.nl\\\/nl\\\/\",\"name\":\"Stichting Driel-Polen\",\"description\":\"General St. Sosabowski\",\"potentialAction\":[{\"@type\":\"SearchAction\",\"target\":{\"@type\":\"EntryPoint\",\"urlTemplate\":\"https:\\\/\\\/www.driel-polen.nl\\\/nl\\\/?s={search_term_string}\"},\"query-input\":{\"@type\":\"PropertyValueSpecification\",\"valueRequired\":true,\"valueName\":\"search_term_string\"}}],\"inLanguage\":\"pl-PL\"}]}<\/script>\n<!-- \/ Yoast SEO plugin. -->","yoast_head_json":{"title":"2024 Przem\u00f3wienie premiera Kr\u00f3lestwa Niderland\u00f3w Dicka Schoofa - Stichting Driel-Polen","robots":{"index":"index","follow":"follow","max-snippet":"max-snippet:-1","max-image-preview":"max-image-preview:large","max-video-preview":"max-video-preview:-1"},"canonical":"https:\/\/www.driel-polen.nl\/herdenkingen\/herdenkingen-2015-2024\/2024-toespraak-minister-president-dick-schoof\/","og_locale":"pl_PL","og_type":"article","og_title":"2024 Przem\u00f3wienie premiera Kr\u00f3lestwa Niderland\u00f3w Dicka Schoofa - Stichting Driel-Polen","og_description":"Przem\u00f3wienie premiera Kr\u00f3lestwa Niderland\u00f3w Dicka Schoofa, wyg\u0142oszone podczas 80. obchod\u00f3w upami\u0119tniaj\u0105cych udzia\u0142 polskiej 1 Samodzielnej Brygady Spadochronowej w operacji Market Garden Driel, 21wrze\u015bnia 2024 Szanowny Panie Premierze, Ekscelencje, Panie Baltussen, Weterani \u2013 Dawni \u017bo\u0142nierze, Panie i Panowie, brytyjski autor H.G. &hellip;","og_url":"https:\/\/www.driel-polen.nl\/herdenkingen\/herdenkingen-2015-2024\/2024-toespraak-minister-president-dick-schoof\/","og_site_name":"Stichting Driel-Polen","twitter_misc":{"Szacowany czas czytania":"3 minuty"},"schema":{"@context":"https:\/\/schema.org","@graph":[{"@type":"WebPage","@id":"https:\/\/www.driel-polen.nl\/herdenkingen\/herdenkingen-2015-2024\/2024-toespraak-minister-president-dick-schoof\/","url":"https:\/\/www.driel-polen.nl\/herdenkingen\/herdenkingen-2015-2024\/2024-toespraak-minister-president-dick-schoof\/","name":"2024 Przem\u00f3wienie premiera Kr\u00f3lestwa Niderland\u00f3w Dicka Schoofa - Stichting Driel-Polen","isPartOf":{"@id":"https:\/\/www.driel-polen.nl\/nl\/#website"},"datePublished":"2024-09-25T16:58:35+00:00","breadcrumb":{"@id":"https:\/\/www.driel-polen.nl\/herdenkingen\/herdenkingen-2015-2024\/2024-toespraak-minister-president-dick-schoof\/#breadcrumb"},"inLanguage":"pl-PL","potentialAction":[{"@type":"ReadAction","target":["https:\/\/www.driel-polen.nl\/herdenkingen\/herdenkingen-2015-2024\/2024-toespraak-minister-president-dick-schoof\/"]}]},{"@type":"BreadcrumbList","@id":"https:\/\/www.driel-polen.nl\/herdenkingen\/herdenkingen-2015-2024\/2024-toespraak-minister-president-dick-schoof\/#breadcrumb","itemListElement":[{"@type":"ListItem","position":1,"name":"Herdenkingen","item":"https:\/\/www.driel-polen.nl\/herdenkingen\/"},{"@type":"ListItem","position":2,"name":"Herdenkingen 2015-2024","item":"https:\/\/www.driel-polen.nl\/herdenkingen\/herdenkingen-2015-2024\/"},{"@type":"ListItem","position":3,"name":"2024 Toespraak minister-president Dick Schoof"}]},{"@type":"WebSite","@id":"https:\/\/www.driel-polen.nl\/nl\/#website","url":"https:\/\/www.driel-polen.nl\/nl\/","name":"Stichting Driel-Polen","description":"General St. Sosabowski","potentialAction":[{"@type":"SearchAction","target":{"@type":"EntryPoint","urlTemplate":"https:\/\/www.driel-polen.nl\/nl\/?s={search_term_string}"},"query-input":{"@type":"PropertyValueSpecification","valueRequired":true,"valueName":"search_term_string"}}],"inLanguage":"pl-PL"}]}},"_links":{"self":[{"href":"https:\/\/www.driel-polen.nl\/pl\/wp-json\/wp\/v2\/pages\/8383","targetHints":{"allow":["GET"]}}],"collection":[{"href":"https:\/\/www.driel-polen.nl\/pl\/wp-json\/wp\/v2\/pages"}],"about":[{"href":"https:\/\/www.driel-polen.nl\/pl\/wp-json\/wp\/v2\/types\/page"}],"author":[{"embeddable":true,"href":"https:\/\/www.driel-polen.nl\/pl\/wp-json\/wp\/v2\/users\/17"}],"replies":[{"embeddable":true,"href":"https:\/\/www.driel-polen.nl\/pl\/wp-json\/wp\/v2\/comments?post=8383"}],"version-history":[{"count":1,"href":"https:\/\/www.driel-polen.nl\/pl\/wp-json\/wp\/v2\/pages\/8383\/revisions"}],"predecessor-version":[{"id":8384,"href":"https:\/\/www.driel-polen.nl\/pl\/wp-json\/wp\/v2\/pages\/8383\/revisions\/8384"}],"up":[{"embeddable":true,"href":"https:\/\/www.driel-polen.nl\/pl\/wp-json\/wp\/v2\/pages\/5633"}],"wp:attachment":[{"href":"https:\/\/www.driel-polen.nl\/pl\/wp-json\/wp\/v2\/media?parent=8383"}],"curies":[{"name":"wp","href":"https:\/\/api.w.org\/{rel}","templated":true}]}}