{"id":8096,"date":"2023-11-06T19:34:16","date_gmt":"2023-11-06T18:34:16","guid":{"rendered":"https:\/\/www.driel-polen.nl\/?page_id=8096"},"modified":"2024-02-05T19:32:34","modified_gmt":"2024-02-05T18:32:34","slug":"2023-openingstoespraak-ambassadeur-m-kassangana","status":"publish","type":"page","link":"https:\/\/www.driel-polen.nl\/pl\/herdenkingen\/herdenkingen-2015-2024\/2023-openingstoespraak-ambassadeur-m-kassangana\/","title":{"rendered":"2023 Przem\u00f3wienie Pani Ambasador M. Kassangana"},"content":{"rendered":"<p><strong>Wyst\u0105pienie Ambasador Margarety Kassangana, Ambasador Rzeczypospolitej Polskiej w Kr\u00f3lestwie Niderland\u00f3w, podczas uroczysto\u015bci ponownego po\u015bwi\u0119cenia nagrobka plutonowego <\/strong><strong>Edwarda Morchonowicza, dnia 15 wrze\u015bnia 2023 r., Cmentarz Wojenny Airborne, Oosterbeek<\/strong><\/p>\n<p>Szanowni Pa\u0144stwo, Drodzy Go\u015bcie, Przyjaciele,<\/p>\n<p>Pragn\u0119 gor\u0105co podzi\u0119kowa\u0107 Pa\u0144stwu za obecno\u015b\u0107 podczas dzisiejszej uroczysto\u015bci przywr\u00f3cenia imienia i nazwiska na nagrobku polskiego \u017co\u0142nierza, plutonowego Edwarda Morchonowicza, na kt\u00f3rym do niedawna znajdowa\u0142 si\u0119 napis: \u201eNieznany Polski \u017bo\u0142nierz\u201d. Teraz, dzi\u0119ki panu Mateuszowi Mrozowi i jego pasji badawczej, uda\u0142o si\u0119 ustali\u0107, kto spoczywa w tym grobie.<\/p>\n<p>Plutonowy Edward Morchonowicz by\u0142 \u017co\u0142nierzem 1. Polskiej Samodzielnej Brygady Spadochronowej, kt\u00f3ry zgin\u0105\u0142 23 wrze\u015bnia 1944 roku podczas Operacji Market Garden. On i jego koledzy, pod inspiruj\u0105cym dow\u00f3dztwem gen. Stanis\u0142awa Sosabowskiego, stworzyli siln\u0105 i profesjonaln\u0105 jednostk\u0119 wojskow\u0105, kt\u00f3rej cel by\u0142 jeden: wyzwolenie Polski. Jednak wielu z nich zako\u0144czy\u0142o sw\u00f3j szlak bojowy tutaj, na holenderskiej ziemi, 1600 kilometr\u00f3w od Warszawy, walcz\u0105c \u201eza wolno\u015b\u0107 wasz\u0105 i nasz\u0105\u201d.<\/p>\n<p>79 lat temu plutonowy Edward Morchonowicz po\u0142o\u017cy\u0142 podwaliny pod wolno\u015b\u0107, kt\u00f3r\u0105 mo\u017cemy si\u0119 dzisiaj cieszy\u0107. Wraz z innymi \u017co\u0142nierzami alianckimi zap\u0142aci\u0142 za to najwy\u017csz\u0105 cen\u0119. Naoczny \u015bwiadek powiedzia\u0142 \u2013 cytuj\u0119: \u201eWalczyli, a\u017c nie by\u0142o ju\u017c o co walczy\u0107, a potem alczyli dalej\u201d. Nigdy nie mo\u017cemy zapomnie\u0107 o ich ofierze!<\/p>\n<p>Pami\u0119tamy, jak Edward Morchonowicz odpowiedzia\u0142 na wezwanie swojego narodu. S\u0142u\u017cy\u0142 z honorem i odda\u0142 swoje \u017cycie w s\u0142u\u017cbie innym.<\/p>\n<p>Ods\u0142aniaj\u0105c i ponownie po\u015bwi\u0119caj\u0105c ten nagrobek, nie tylko zapewniamy, \u017ce kolejny polski \u017co\u0142nierz odzyska\u0142 imi\u0119, a jego ofiara nie zosta\u0142a zapomniana, ale symbolicznie oddajemy cze\u015b\u0107 wszystkim nieznanym \u017co\u0142nierzom\u00a0 pochowanych na cmentarzach rozsianych w ca\u0142ej Europie.<\/p>\n<p>Obecne tragiczne wydarzenia w Europie, gdy ponownie kolejne pa\u0144stwo dokona\u0142o agresji wobec swojego s\u0105siada, stanowi\u0105 dla nas przypomnienie,<br \/>\n\u017ce nasza wolno\u015b\u0107 wcale nie jest czym\u015b oczywistym.<\/p>\n<p>Nasza wdzi\u0119czno\u015b\u0107 dla plutonowego Edwarda Morchonowicza i jego towarzyszy jest bezgraniczna!<\/p>\n<p>Pok\u00f3j wolno\u015b\u0107 i wolno\u015b\u0107 \u2013 musimy je podtrzymywa\u0107 i promowa\u0107 ka\u017cdego dnia, gdy\u017c wszystkie groby na tym cmentarzu stanowi\u0105 milcz\u0105ce \u015bwiadectwo ofiary tysi\u0119cy \u017co\u0142nierzy, kt\u00f3rzy ofiarowali swoje \u017cycie, walcz\u0105c za nasz\u0105 wolno\u015b\u0107.<br \/>\nNie wolno nam zapomina\u0107, \u017ce tak\u017ce wsp\u00f3\u0142cze\u015bnie, niemal na naszych oczach nadal wielu dzielnych \u017co\u0142nierzy toczy b\u00f3j o wolno\u015b\u0107 swoich kraj\u00f3w.<\/p>\n<p>Dzi\u0119kuj\u0119 bardzo za Pa\u0144stwa uwag\u0119!<\/p>","protected":false},"excerpt":{"rendered":"<p>Wyst\u0105pienie Ambasador Margarety Kassangana, Ambasador Rzeczypospolitej Polskiej w Kr\u00f3lestwie Niderland\u00f3w, podczas uroczysto\u015bci ponownego po\u015bwi\u0119cenia nagrobka plutonowego Edwarda Morchonowicza, dnia 15 wrze\u015bnia 2023 r., Cmentarz Wojenny Airborne, Oosterbeek Szanowni Pa\u0144stwo, Drodzy Go\u015bcie, Przyjaciele, Pragn\u0119 gor\u0105co podzi\u0119kowa\u0107 Pa\u0144stwu za obecno\u015b\u0107 podczas dzisiejszej <span class=\"excerpt-dots\">&hellip;<\/span> <a class=\"more-link\" href=\"https:\/\/www.driel-polen.nl\/pl\/herdenkingen\/herdenkingen-2015-2024\/2023-openingstoespraak-ambassadeur-m-kassangana\/\"><span class=\"more-msg\"><img decoding=\"async\" src=\"https:\/\/www.driel-polen.nl\/downloads\/lees-meer3.jpg\"><\/p>\n<hr class=\"wvrx-expand-full\" style=\"margin:0\"><\/span><\/a><\/p>\n","protected":false},"author":17,"featured_media":0,"parent":5633,"menu_order":0,"comment_status":"closed","ping_status":"closed","template":"","meta":{"_monsterinsights_skip_tracking":false,"_monsterinsights_sitenote_active":false,"_monsterinsights_sitenote_note":"","_monsterinsights_sitenote_category":0,"ngg_post_thumbnail":0,"footnotes":""},"class_list":["post-8096","page","type-page","status-publish","hentry"],"yoast_head":"<!-- This site is optimized with the Yoast SEO plugin v27.4 - https:\/\/yoast.com\/product\/yoast-seo-wordpress\/ -->\n<title>2023 Przem\u00f3wienie Pani Ambasador M. Kassangana - Stichting Driel-Polen<\/title>\n<meta name=\"description\" content=\"Wyst\u0105pienie Ambasador Rzeczypospolitej Polskiej, podczas ponownego po\u015bwi\u0119cenia nagrobka plutonowego Edwarda Morchonowicza\" \/>\n<meta name=\"robots\" content=\"index, follow, max-snippet:-1, max-image-preview:large, max-video-preview:-1\" \/>\n<link rel=\"canonical\" href=\"https:\/\/www.driel-polen.nl\/herdenkingen\/herdenkingen-2015-2024\/2023-openingstoespraak-ambassadeur-m-kassangana\/\" \/>\n<meta property=\"og:locale\" content=\"pl_PL\" \/>\n<meta property=\"og:type\" content=\"article\" \/>\n<meta property=\"og:title\" content=\"2023 Przem\u00f3wienie Pani Ambasador M. Kassangana - Stichting Driel-Polen\" \/>\n<meta property=\"og:description\" content=\"{:pl}Wyst\u0105pienie Ambasador Rzeczypospolitej Polskiej, podczas ponownego po\u015bwi\u0119cenia nagrobka plutonowego Edwarda Morchonowicza{:}\" \/>\n<meta property=\"og:url\" content=\"https:\/\/www.driel-polen.nl\/herdenkingen\/herdenkingen-2015-2024\/2023-openingstoespraak-ambassadeur-m-kassangana\/\" \/>\n<meta property=\"og:site_name\" content=\"Stichting Driel-Polen\" \/>\n<meta property=\"article:modified_time\" content=\"2024-02-05T18:32:34+00:00\" \/>\n<meta name=\"twitter:label1\" content=\"Szacowany czas czytania\" \/>\n\t<meta name=\"twitter:data1\" content=\"3 minuty\" \/>\n<script type=\"application\/ld+json\" class=\"yoast-schema-graph\">{\"@context\":\"https:\\\/\\\/schema.org\",\"@graph\":[{\"@type\":\"WebPage\",\"@id\":\"https:\\\/\\\/www.driel-polen.nl\\\/herdenkingen\\\/herdenkingen-2015-2024\\\/2023-openingstoespraak-ambassadeur-m-kassangana\\\/\",\"url\":\"https:\\\/\\\/www.driel-polen.nl\\\/herdenkingen\\\/herdenkingen-2015-2024\\\/2023-openingstoespraak-ambassadeur-m-kassangana\\\/\",\"name\":\"2023 Przem\u00f3wienie Pani Ambasador M. Kassangana - Stichting Driel-Polen\",\"isPartOf\":{\"@id\":\"https:\\\/\\\/www.driel-polen.nl\\\/nl\\\/#website\"},\"datePublished\":\"2023-11-06T18:34:16+00:00\",\"dateModified\":\"2024-02-05T18:32:34+00:00\",\"description\":\"{:pl}Wyst\u0105pienie Ambasador Rzeczypospolitej Polskiej, podczas ponownego po\u015bwi\u0119cenia nagrobka plutonowego Edwarda Morchonowicza{:}\",\"breadcrumb\":{\"@id\":\"https:\\\/\\\/www.driel-polen.nl\\\/herdenkingen\\\/herdenkingen-2015-2024\\\/2023-openingstoespraak-ambassadeur-m-kassangana\\\/#breadcrumb\"},\"inLanguage\":\"pl-PL\",\"potentialAction\":[{\"@type\":\"ReadAction\",\"target\":[\"https:\\\/\\\/www.driel-polen.nl\\\/herdenkingen\\\/herdenkingen-2015-2024\\\/2023-openingstoespraak-ambassadeur-m-kassangana\\\/\"]}]},{\"@type\":\"BreadcrumbList\",\"@id\":\"https:\\\/\\\/www.driel-polen.nl\\\/herdenkingen\\\/herdenkingen-2015-2024\\\/2023-openingstoespraak-ambassadeur-m-kassangana\\\/#breadcrumb\",\"itemListElement\":[{\"@type\":\"ListItem\",\"position\":1,\"name\":\"Herdenkingen\",\"item\":\"https:\\\/\\\/www.driel-polen.nl\\\/herdenkingen\\\/\"},{\"@type\":\"ListItem\",\"position\":2,\"name\":\"Herdenkingen 2015-2024\",\"item\":\"https:\\\/\\\/www.driel-polen.nl\\\/herdenkingen\\\/herdenkingen-2015-2024\\\/\"},{\"@type\":\"ListItem\",\"position\":3,\"name\":\"2023 Openingstoespraak Ambassadeur M. Kassangana\"}]},{\"@type\":\"WebSite\",\"@id\":\"https:\\\/\\\/www.driel-polen.nl\\\/nl\\\/#website\",\"url\":\"https:\\\/\\\/www.driel-polen.nl\\\/nl\\\/\",\"name\":\"Stichting Driel-Polen\",\"description\":\"General St. Sosabowski\",\"potentialAction\":[{\"@type\":\"SearchAction\",\"target\":{\"@type\":\"EntryPoint\",\"urlTemplate\":\"https:\\\/\\\/www.driel-polen.nl\\\/nl\\\/?s={search_term_string}\"},\"query-input\":{\"@type\":\"PropertyValueSpecification\",\"valueRequired\":true,\"valueName\":\"search_term_string\"}}],\"inLanguage\":\"pl-PL\"}]}<\/script>\n<!-- \/ Yoast SEO plugin. -->","yoast_head_json":{"title":"2023 Przem\u00f3wienie Pani Ambasador M. Kassangana - Stichting Driel-Polen","description":"Wyst\u0105pienie Ambasador Rzeczypospolitej Polskiej, podczas ponownego po\u015bwi\u0119cenia nagrobka plutonowego Edwarda Morchonowicza","robots":{"index":"index","follow":"follow","max-snippet":"max-snippet:-1","max-image-preview":"max-image-preview:large","max-video-preview":"max-video-preview:-1"},"canonical":"https:\/\/www.driel-polen.nl\/herdenkingen\/herdenkingen-2015-2024\/2023-openingstoespraak-ambassadeur-m-kassangana\/","og_locale":"pl_PL","og_type":"article","og_title":"2023 Przem\u00f3wienie Pani Ambasador M. Kassangana - Stichting Driel-Polen","og_description":"{:pl}Wyst\u0105pienie Ambasador Rzeczypospolitej Polskiej, podczas ponownego po\u015bwi\u0119cenia nagrobka plutonowego Edwarda Morchonowicza{:}","og_url":"https:\/\/www.driel-polen.nl\/herdenkingen\/herdenkingen-2015-2024\/2023-openingstoespraak-ambassadeur-m-kassangana\/","og_site_name":"Stichting Driel-Polen","article_modified_time":"2024-02-05T18:32:34+00:00","twitter_misc":{"Szacowany czas czytania":"3 minuty"},"schema":{"@context":"https:\/\/schema.org","@graph":[{"@type":"WebPage","@id":"https:\/\/www.driel-polen.nl\/herdenkingen\/herdenkingen-2015-2024\/2023-openingstoespraak-ambassadeur-m-kassangana\/","url":"https:\/\/www.driel-polen.nl\/herdenkingen\/herdenkingen-2015-2024\/2023-openingstoespraak-ambassadeur-m-kassangana\/","name":"2023 Przem\u00f3wienie Pani Ambasador M. Kassangana - Stichting Driel-Polen","isPartOf":{"@id":"https:\/\/www.driel-polen.nl\/nl\/#website"},"datePublished":"2023-11-06T18:34:16+00:00","dateModified":"2024-02-05T18:32:34+00:00","description":"{:pl}Wyst\u0105pienie Ambasador Rzeczypospolitej Polskiej, podczas ponownego po\u015bwi\u0119cenia nagrobka plutonowego Edwarda Morchonowicza{:}","breadcrumb":{"@id":"https:\/\/www.driel-polen.nl\/herdenkingen\/herdenkingen-2015-2024\/2023-openingstoespraak-ambassadeur-m-kassangana\/#breadcrumb"},"inLanguage":"pl-PL","potentialAction":[{"@type":"ReadAction","target":["https:\/\/www.driel-polen.nl\/herdenkingen\/herdenkingen-2015-2024\/2023-openingstoespraak-ambassadeur-m-kassangana\/"]}]},{"@type":"BreadcrumbList","@id":"https:\/\/www.driel-polen.nl\/herdenkingen\/herdenkingen-2015-2024\/2023-openingstoespraak-ambassadeur-m-kassangana\/#breadcrumb","itemListElement":[{"@type":"ListItem","position":1,"name":"Herdenkingen","item":"https:\/\/www.driel-polen.nl\/herdenkingen\/"},{"@type":"ListItem","position":2,"name":"Herdenkingen 2015-2024","item":"https:\/\/www.driel-polen.nl\/herdenkingen\/herdenkingen-2015-2024\/"},{"@type":"ListItem","position":3,"name":"2023 Openingstoespraak Ambassadeur M. Kassangana"}]},{"@type":"WebSite","@id":"https:\/\/www.driel-polen.nl\/nl\/#website","url":"https:\/\/www.driel-polen.nl\/nl\/","name":"Stichting Driel-Polen","description":"General St. Sosabowski","potentialAction":[{"@type":"SearchAction","target":{"@type":"EntryPoint","urlTemplate":"https:\/\/www.driel-polen.nl\/nl\/?s={search_term_string}"},"query-input":{"@type":"PropertyValueSpecification","valueRequired":true,"valueName":"search_term_string"}}],"inLanguage":"pl-PL"}]}},"_links":{"self":[{"href":"https:\/\/www.driel-polen.nl\/pl\/wp-json\/wp\/v2\/pages\/8096","targetHints":{"allow":["GET"]}}],"collection":[{"href":"https:\/\/www.driel-polen.nl\/pl\/wp-json\/wp\/v2\/pages"}],"about":[{"href":"https:\/\/www.driel-polen.nl\/pl\/wp-json\/wp\/v2\/types\/page"}],"author":[{"embeddable":true,"href":"https:\/\/www.driel-polen.nl\/pl\/wp-json\/wp\/v2\/users\/17"}],"replies":[{"embeddable":true,"href":"https:\/\/www.driel-polen.nl\/pl\/wp-json\/wp\/v2\/comments?post=8096"}],"version-history":[{"count":5,"href":"https:\/\/www.driel-polen.nl\/pl\/wp-json\/wp\/v2\/pages\/8096\/revisions"}],"predecessor-version":[{"id":8216,"href":"https:\/\/www.driel-polen.nl\/pl\/wp-json\/wp\/v2\/pages\/8096\/revisions\/8216"}],"up":[{"embeddable":true,"href":"https:\/\/www.driel-polen.nl\/pl\/wp-json\/wp\/v2\/pages\/5633"}],"wp:attachment":[{"href":"https:\/\/www.driel-polen.nl\/pl\/wp-json\/wp\/v2\/media?parent=8096"}],"curies":[{"name":"wp","href":"https:\/\/api.w.org\/{rel}","templated":true}]}}