{"id":7989,"date":"2023-09-20T18:39:32","date_gmt":"2023-09-20T16:39:32","guid":{"rendered":"https:\/\/www.driel-polen.nl\/?page_id=7989"},"modified":"2024-02-05T19:55:18","modified_gmt":"2024-02-05T18:55:18","slug":"2023-gedicht","status":"publish","type":"page","link":"https:\/\/www.driel-polen.nl\/pl\/herdenkingen\/herdenkingen-2015-2024\/2023-gedicht\/","title":{"rendered":"2023 Wiersz &#8222;Z drzewa nadziei&#8221;"},"content":{"rendered":"<p><strong>&#8222;Z drzewa nadziei&#8221;<\/strong><\/p>\n<p>Tamtej jesieni w Arnhem<br \/>\nWraz z li\u015b\u0107mi<br \/>\nNa ziemi\u0119 spad\u0142o co\u015b wi\u0119cej&#8230;<br \/>\nTysi\u0105ce nie\u015bwiadomych istnie\u0144<br \/>\nPrzepad\u0142o na zawsze<br \/>\nA nad holenderskim niebem<\/p>\n<p>Nie pojawi\u0142a si\u0119 nadzieja<br \/>\nNie<br \/>\nus\u0142yszeli<br \/>\nCzy m\u00f3wi\u0142 za cicho?<br \/>\nNie zobaczyli<br \/>\nCzy prawd\u0119 przys\u0142oni\u0142y ambicje?<br \/>\nMosty o krok od wolno\u015bci<br \/>\nOkaza\u0142y si\u0119 nie do przej\u015bcia<\/p>\n<p>Market Garden w Driel<br \/>\nBrzmia\u0142 zupe\u0142nie inaczej<br \/>\nOrkiestra powitalna ju\u017c nie gra\u0142a<br \/>\nP\u0142acz zag\u0142uszy\u0142 marzenia<\/p>\n<p>1.Samodzielna Brygada Spadochronowa<br \/>\nOdesz\u0142a<br \/>\nBez prawa do ostatniego s\u0142owa<br \/>\nBez prawa do po\u017cegnania<\/p>\n<p>Gdy Ren pop\u0142yn\u0105\u0142 krwi\u0105<br \/>\nRozpostarli ostatni spadochron<br \/>\nNie by\u0142o gdzie wyl\u0105dowa\u0107<\/p>\n<p>Tej jesieni w Arnhem<br \/>\nWraz z li\u015b\u0107mi<br \/>\nNa ziemi\u0119 niech spadnie co\u015b wi\u0119cej&#8230;<br \/>\nNiech nasza<br \/>\npami\u0119\u0107 nada sens<br \/>\nUtraconym istnieniom<\/p>\n<p>Zamie\u0107my li\u015bcie w Driel<br \/>\nNiech nic nie przys\u0142ania ziemi<br \/>\nKt\u00f3ra ju\u017c zawsze<br \/>\nwspomina\u0107 b\u0119dzie bohater\u00f3w<\/p>\n<p><em>16 wrzesie\u0144 2023 r.<\/em><br \/>\n<em>Ma\u0142gorzata Stanis\u0142awska, kl. 3c,<\/em><br \/>\n<em>I LO w Toruniu<\/em><\/p>","protected":false},"excerpt":{"rendered":"<p>&#8222;Z drzewa nadziei&#8221; Tamtej jesieni w Arnhem Wraz z li\u015b\u0107mi Na ziemi\u0119 spad\u0142o co\u015b wi\u0119cej&#8230; Tysi\u0105ce nie\u015bwiadomych istnie\u0144 Przepad\u0142o na zawsze A nad holenderskim niebem Nie pojawi\u0142a si\u0119 nadzieja Nie us\u0142yszeli Czy m\u00f3wi\u0142 za cicho? Nie zobaczyli Czy prawd\u0119 przys\u0142oni\u0142y <span class=\"excerpt-dots\">&hellip;<\/span> <a class=\"more-link\" href=\"https:\/\/www.driel-polen.nl\/pl\/herdenkingen\/herdenkingen-2015-2024\/2023-gedicht\/\"><span class=\"more-msg\"><img decoding=\"async\" src=\"https:\/\/www.driel-polen.nl\/downloads\/lees-meer3.jpg\"><\/p>\n<hr class=\"wvrx-expand-full\" style=\"margin:0\"><\/span><\/a><\/p>\n","protected":false},"author":17,"featured_media":0,"parent":5633,"menu_order":0,"comment_status":"closed","ping_status":"closed","template":"","meta":{"_monsterinsights_skip_tracking":false,"_monsterinsights_sitenote_active":false,"_monsterinsights_sitenote_note":"","_monsterinsights_sitenote_category":0,"ngg_post_thumbnail":0,"footnotes":""},"class_list":["post-7989","page","type-page","status-publish","hentry"],"yoast_head":"<!-- This site is optimized with the Yoast SEO plugin v27.4 - https:\/\/yoast.com\/product\/yoast-seo-wordpress\/ -->\n<title>2023 Wiersz &quot;Z drzewa nadziei&quot; - Stichting Driel-Polen<\/title>\n<meta name=\"robots\" content=\"index, follow, max-snippet:-1, max-image-preview:large, max-video-preview:-1\" \/>\n<link rel=\"canonical\" href=\"https:\/\/www.driel-polen.nl\/herdenkingen\/herdenkingen-2015-2024\/2023-gedicht\/\" \/>\n<meta property=\"og:locale\" content=\"pl_PL\" \/>\n<meta property=\"og:type\" content=\"article\" \/>\n<meta property=\"og:title\" content=\"2023 Wiersz &quot;Z drzewa nadziei&quot; - Stichting Driel-Polen\" \/>\n<meta property=\"og:description\" content=\"&#8222;Z drzewa nadziei&#8221; Tamtej jesieni w Arnhem Wraz z li\u015b\u0107mi Na ziemi\u0119 spad\u0142o co\u015b wi\u0119cej&#8230; Tysi\u0105ce nie\u015bwiadomych istnie\u0144 Przepad\u0142o na zawsze A nad holenderskim niebem Nie pojawi\u0142a si\u0119 nadzieja Nie us\u0142yszeli Czy m\u00f3wi\u0142 za cicho? Nie zobaczyli Czy prawd\u0119 przys\u0142oni\u0142y &hellip;\" \/>\n<meta property=\"og:url\" content=\"https:\/\/www.driel-polen.nl\/herdenkingen\/herdenkingen-2015-2024\/2023-gedicht\/\" \/>\n<meta property=\"og:site_name\" content=\"Stichting Driel-Polen\" \/>\n<meta property=\"article:modified_time\" content=\"2024-02-05T18:55:18+00:00\" \/>\n<meta name=\"twitter:label1\" content=\"Szacowany czas czytania\" \/>\n\t<meta name=\"twitter:data1\" content=\"1 minuta\" \/>\n<script type=\"application\/ld+json\" class=\"yoast-schema-graph\">{\"@context\":\"https:\\\/\\\/schema.org\",\"@graph\":[{\"@type\":\"WebPage\",\"@id\":\"https:\\\/\\\/www.driel-polen.nl\\\/herdenkingen\\\/herdenkingen-2015-2024\\\/2023-gedicht\\\/\",\"url\":\"https:\\\/\\\/www.driel-polen.nl\\\/herdenkingen\\\/herdenkingen-2015-2024\\\/2023-gedicht\\\/\",\"name\":\"2023 Wiersz \\\"Z drzewa nadziei\\\" - Stichting Driel-Polen\",\"isPartOf\":{\"@id\":\"https:\\\/\\\/www.driel-polen.nl\\\/nl\\\/#website\"},\"datePublished\":\"2023-09-20T16:39:32+00:00\",\"dateModified\":\"2024-02-05T18:55:18+00:00\",\"breadcrumb\":{\"@id\":\"https:\\\/\\\/www.driel-polen.nl\\\/herdenkingen\\\/herdenkingen-2015-2024\\\/2023-gedicht\\\/#breadcrumb\"},\"inLanguage\":\"pl-PL\",\"potentialAction\":[{\"@type\":\"ReadAction\",\"target\":[\"https:\\\/\\\/www.driel-polen.nl\\\/herdenkingen\\\/herdenkingen-2015-2024\\\/2023-gedicht\\\/\"]}]},{\"@type\":\"BreadcrumbList\",\"@id\":\"https:\\\/\\\/www.driel-polen.nl\\\/herdenkingen\\\/herdenkingen-2015-2024\\\/2023-gedicht\\\/#breadcrumb\",\"itemListElement\":[{\"@type\":\"ListItem\",\"position\":1,\"name\":\"Herdenkingen\",\"item\":\"https:\\\/\\\/www.driel-polen.nl\\\/herdenkingen\\\/\"},{\"@type\":\"ListItem\",\"position\":2,\"name\":\"Herdenkingen 2015-2024\",\"item\":\"https:\\\/\\\/www.driel-polen.nl\\\/herdenkingen\\\/herdenkingen-2015-2024\\\/\"},{\"@type\":\"ListItem\",\"position\":3,\"name\":\"2023 Gedicht &#8220;Van de boom der hoop&#8221;\"}]},{\"@type\":\"WebSite\",\"@id\":\"https:\\\/\\\/www.driel-polen.nl\\\/nl\\\/#website\",\"url\":\"https:\\\/\\\/www.driel-polen.nl\\\/nl\\\/\",\"name\":\"Stichting Driel-Polen\",\"description\":\"General St. Sosabowski\",\"potentialAction\":[{\"@type\":\"SearchAction\",\"target\":{\"@type\":\"EntryPoint\",\"urlTemplate\":\"https:\\\/\\\/www.driel-polen.nl\\\/nl\\\/?s={search_term_string}\"},\"query-input\":{\"@type\":\"PropertyValueSpecification\",\"valueRequired\":true,\"valueName\":\"search_term_string\"}}],\"inLanguage\":\"pl-PL\"}]}<\/script>\n<!-- \/ Yoast SEO plugin. -->","yoast_head_json":{"title":"2023 Wiersz \"Z drzewa nadziei\" - Stichting Driel-Polen","robots":{"index":"index","follow":"follow","max-snippet":"max-snippet:-1","max-image-preview":"max-image-preview:large","max-video-preview":"max-video-preview:-1"},"canonical":"https:\/\/www.driel-polen.nl\/herdenkingen\/herdenkingen-2015-2024\/2023-gedicht\/","og_locale":"pl_PL","og_type":"article","og_title":"2023 Wiersz \"Z drzewa nadziei\" - Stichting Driel-Polen","og_description":"&#8222;Z drzewa nadziei&#8221; Tamtej jesieni w Arnhem Wraz z li\u015b\u0107mi Na ziemi\u0119 spad\u0142o co\u015b wi\u0119cej&#8230; Tysi\u0105ce nie\u015bwiadomych istnie\u0144 Przepad\u0142o na zawsze A nad holenderskim niebem Nie pojawi\u0142a si\u0119 nadzieja Nie us\u0142yszeli Czy m\u00f3wi\u0142 za cicho? Nie zobaczyli Czy prawd\u0119 przys\u0142oni\u0142y &hellip;","og_url":"https:\/\/www.driel-polen.nl\/herdenkingen\/herdenkingen-2015-2024\/2023-gedicht\/","og_site_name":"Stichting Driel-Polen","article_modified_time":"2024-02-05T18:55:18+00:00","twitter_misc":{"Szacowany czas czytania":"1 minuta"},"schema":{"@context":"https:\/\/schema.org","@graph":[{"@type":"WebPage","@id":"https:\/\/www.driel-polen.nl\/herdenkingen\/herdenkingen-2015-2024\/2023-gedicht\/","url":"https:\/\/www.driel-polen.nl\/herdenkingen\/herdenkingen-2015-2024\/2023-gedicht\/","name":"2023 Wiersz \"Z drzewa nadziei\" - Stichting Driel-Polen","isPartOf":{"@id":"https:\/\/www.driel-polen.nl\/nl\/#website"},"datePublished":"2023-09-20T16:39:32+00:00","dateModified":"2024-02-05T18:55:18+00:00","breadcrumb":{"@id":"https:\/\/www.driel-polen.nl\/herdenkingen\/herdenkingen-2015-2024\/2023-gedicht\/#breadcrumb"},"inLanguage":"pl-PL","potentialAction":[{"@type":"ReadAction","target":["https:\/\/www.driel-polen.nl\/herdenkingen\/herdenkingen-2015-2024\/2023-gedicht\/"]}]},{"@type":"BreadcrumbList","@id":"https:\/\/www.driel-polen.nl\/herdenkingen\/herdenkingen-2015-2024\/2023-gedicht\/#breadcrumb","itemListElement":[{"@type":"ListItem","position":1,"name":"Herdenkingen","item":"https:\/\/www.driel-polen.nl\/herdenkingen\/"},{"@type":"ListItem","position":2,"name":"Herdenkingen 2015-2024","item":"https:\/\/www.driel-polen.nl\/herdenkingen\/herdenkingen-2015-2024\/"},{"@type":"ListItem","position":3,"name":"2023 Gedicht &#8220;Van de boom der hoop&#8221;"}]},{"@type":"WebSite","@id":"https:\/\/www.driel-polen.nl\/nl\/#website","url":"https:\/\/www.driel-polen.nl\/nl\/","name":"Stichting Driel-Polen","description":"General St. Sosabowski","potentialAction":[{"@type":"SearchAction","target":{"@type":"EntryPoint","urlTemplate":"https:\/\/www.driel-polen.nl\/nl\/?s={search_term_string}"},"query-input":{"@type":"PropertyValueSpecification","valueRequired":true,"valueName":"search_term_string"}}],"inLanguage":"pl-PL"}]}},"_links":{"self":[{"href":"https:\/\/www.driel-polen.nl\/pl\/wp-json\/wp\/v2\/pages\/7989","targetHints":{"allow":["GET"]}}],"collection":[{"href":"https:\/\/www.driel-polen.nl\/pl\/wp-json\/wp\/v2\/pages"}],"about":[{"href":"https:\/\/www.driel-polen.nl\/pl\/wp-json\/wp\/v2\/types\/page"}],"author":[{"embeddable":true,"href":"https:\/\/www.driel-polen.nl\/pl\/wp-json\/wp\/v2\/users\/17"}],"replies":[{"embeddable":true,"href":"https:\/\/www.driel-polen.nl\/pl\/wp-json\/wp\/v2\/comments?post=7989"}],"version-history":[{"count":14,"href":"https:\/\/www.driel-polen.nl\/pl\/wp-json\/wp\/v2\/pages\/7989\/revisions"}],"predecessor-version":[{"id":8231,"href":"https:\/\/www.driel-polen.nl\/pl\/wp-json\/wp\/v2\/pages\/7989\/revisions\/8231"}],"up":[{"embeddable":true,"href":"https:\/\/www.driel-polen.nl\/pl\/wp-json\/wp\/v2\/pages\/5633"}],"wp:attachment":[{"href":"https:\/\/www.driel-polen.nl\/pl\/wp-json\/wp\/v2\/media?parent=7989"}],"curies":[{"name":"wp","href":"https:\/\/api.w.org\/{rel}","templated":true}]}}