{"id":78,"date":"2013-05-29T17:48:56","date_gmt":"2013-05-29T16:48:56","guid":{"rendered":"http:\/\/www.driel-polen.nl\/wordpress\/?page_id=78"},"modified":"2023-10-24T21:44:51","modified_gmt":"2023-10-24T19:44:51","slug":"geschiedenis","status":"publish","type":"page","link":"https:\/\/www.driel-polen.nl\/pl\/stichting\/geschiedenis\/","title":{"rendered":"Historia Fundacji"},"content":{"rendered":"<p><img loading=\"lazy\" decoding=\"async\" class=\"alignright wp-image-5929 size-full\" src=\"https:\/\/www.driel-polen.nl\/wordpress\/wp-content\/uploads\/2021\/01\/wapen.jpg\" alt=\"\" width=\"132\" height=\"163\" \/>Dnia 21 wrze\u015bnia 1944 roku 1003 spadochroniarzy z 1. Polskiej Samodzielnej Brygady Spadochronowej wyl\u0105dowa\u0142o w Driel i okolicach, aby wzi\u0105\u0107 udzia\u0142 w Bitwie pod Arnhem.<br \/>\nRok p\u00f3\u017aniej za\u0142o\u017cono Komitet Driel \u2013 Polen (obecnie Fundacja Driel-Polen), kt\u00f3rego celem jest <i>kultywowanie pami\u0119ci udzia\u0142u 1. Polskiej Samodzielnej Brygady Spadochronowej w Bitwie pod Arnhem poprzez organizowanie corocznych uroczysto\u015bci upami\u0119tniaj\u0105cych desant, rozpowszechnianie informacji na temat udzia\u0142u polskich \u017co\u0142nierzy w Bitwie pod Arnhem oraz anga\u017cowanie mieszka\u0144c\u00f3w Driel w uroczysto\u015bci<\/i>.<\/p>\n<p>21 wrze\u015bnia 1945 roku mieszka\u0144cy Driel zaadoptowali groby poleg\u0142ych Polak\u00f3w. Rok p\u00f3\u017aniej zasadzono kwiaty na grobach polskich spadochroniarzy, kt\u00f3rych mogi\u0142y zosta\u0142y przeniesione na Cmentarz Wojskowy w Oosterbeek.<br \/>\nW grudniu 1946 roku m\u0142odzie\u017c szkolna wys\u0142a\u0142a \u017cyczenia \u015bwi\u0105teczne wszystkim spadochroniarzom, kt\u00f3rzy walczyli w Driel.<br \/>\nW lutym 1947 roku polscy spadochroniarze ofiarowali pieni\u0105dze na odbudow\u0119 szko\u0142y dla ch\u0142opc\u00f3w, kt\u00f3ra w czasie walk s\u0142u\u017cy\u0142a za szpital wojskowy. W maju 1949 roku odbudowanej szkole nadano imi\u0119 \u015bw. Stanis\u0142awa Kostki, ulica przy kt\u00f3rej mie\u015bci\u0142a si\u0119 szko\u0142a zosta\u0142a nazwana ulic\u0105 Kazimierza (<i>Casimirstraat<\/i>), natomiast \u00f3wczesny Dorpsplein nazwano placem genera\u0142a Sosabowskiego.<br \/>\nZarz\u0105d Gminy Heteren, do kt\u00f3rej w\u00f3wczas nale\u017ca\u0142 Driel, przyzna\u0142 w dniu 18 wrze\u015bnia 1954 roku honorowe obywatelstwo gminy genera\u0142owi S.F. Sosabowskiemu.<br \/>\nDnia 12 wrze\u015bnia 1959 roku mieszka\u0144cy Driel ofiarowali sztandar Zwi\u0105zkowi Weteran\u00f3w Spadochroniarzy Polskich.<\/p>\n<p><b>Obchody Rocznicowe<br \/>\n<\/b>Od 1946 roku w Driel organizowane s\u0105 we wrze\u015bniu uroczysto\u015bci dla uczczenia kolejnej rocznicy desantu. Od tego czasu wielu weteran\u00f3w w\u00a0r\u00f3\u017cnych rangach i pochodz\u0105cych z r\u00f3\u017cnych zak\u0105tk\u00f3w \u015bwiata odwiedzi\u0142o Driel i wzi\u0119\u0142o udzia\u0142 w tych uroczysto\u015bciach.<br \/>\nPierwszy tymczasowy polski pomnik wojenny w Driel zosta\u0142 ods\u0142oni\u0119ty dnia 21 wrze\u015bnia 1946 roku przez podpu\u0142kownika A. Szczerbo-Rawicza.<br \/>\nObecny pomnik d\u0142uta artysty rze\u017abiarza J. Vlasbloma z Rotterdamu stan\u0105\u0142 dnia 16 wrze\u015bnia 1961 roku. Ods\u0142oni\u0119cia dokona\u0142 genera\u0142 S.F.\u00a0 Sosabowski.<br \/>\nOpieka nad pomnikiem zosta\u0142a w\u00f3wczas powierzona Zarz\u0105dowi Gminy Heteren \u2013 od 1 stycznia 2001 roku b\u0119d\u0105ca gmin\u0105 Overbetuwe.<br \/>\nCok\u00f3\u0142 pomnika symbolizuje Nar\u00f3d Polski. W miejscu os\u0142oni\u0119tym od codziennego zgie\u0142ku umieszczono w nim ziemi\u0119 polsk\u0105. Z obu stron znajduj\u0105 si\u0119 herby Polski i Warszawy zwie\u0144czone god\u0142em polskiej brygady.<br \/>\nZ coko\u0142u wznosi si\u0119 betonowy element symbolizuj\u0105cy si\u0142\u0119 polskiego ducha i nieustraszon\u0105 odwag\u0119. Z przodu wy\u0142ania si\u0119 posta\u0107 przedstawiaj\u0105ca m\u0142odo\u015b\u0107 i przysz\u0142o\u015b\u0107, kt\u00f3ra trzyma w d\u0142oniach wolno\u015b\u0107 jak kosztowny klejnot.<br \/>\nW ciemno\u015bciach posta\u0107 wydaje si\u0119 znika\u0107, lecz to tylko pozory. Wolno\u015b\u0107 jest zawsze obecna i koncentruje si\u0119 na niez\u0142omnej sile narodu, dodaje Polakom odwagi oraz si\u0142y ducha i zawsze na nowo si\u0119 odradza.<br \/>\nWszyscy polscy weterani, kt\u00f3rzy walczyli w Driel, otrzymali 18 wrze\u015bnia 1969 roku medale pami\u0105tkowe.<br \/>\nOd 1979 roku Fundacja \u201eLest we Forget\u201d wspiera finansowo weteran\u00f3w zamieszka\u0142ych w Polsce, umo\u017cliwiaj\u0105c im wzi\u0119cie udzia\u0142u w uroczysto\u015bciach wrze\u015bniowych.<br \/>\nW 35. rocznic\u0119 desantu w Driel ustawione zosta\u0142y kolumny po obu stronach pomnika.<br \/>\nNa jednej z nich umieszczona jest pami\u0105tkowa tablica z nazwiskami wszystkich 94 poleg\u0142ych oficer\u00f3w i \u017co\u0142nierzy z 1. Polskiej Samodzielnej Brygady Spadochronowej.<br \/>\nNa drugiej kolumnie znajduje si\u0119 god\u0142o Polski oraz tablica pami\u0105tkowa, umieszczone wcze\u015bniej na tymczasowym pomniku.We wrze\u015bniu 1987 roku pomnik zosta\u0142 zaadoptowany przez dzieci z\u00a0trzech szk\u00f3\u0142 podstawowych w Driel.<br \/>\nLatem 1991 roku plac, na kt\u00f3rym stoi pomnik, zosta\u0142 zrekonstruowany. Otrzyma\u0142 nazw\u0119 Polenplein \u2013 Plac Polski.<\/p>\n<p><b>Przwr\u00f3cenie Chwa\u0142y<br \/>\n<\/b>9 grudnia 2005 roku rz\u0105d holenderski postanowi\u0142 przyzna\u0107 Order Wojskowy Wilhelma 1. Polskiej Samodzielnej Brygadzie Spadochronowej za godne najwy\u017cszego podziwu czyny odwagi, roztropno\u015bci i lojalno\u015bci okazane w czasie Bitwy pod Arnhem we wrze\u015bniu 1944 roku. Ponadto postanowiono po\u015bmiertnie odznaczy\u0107 medalem Br\u0105zowego Lwa genera\u0142a S.F. Sosabowskiego, kt\u00f3ry dowodzi\u0142 jednostk\u0105.<br \/>\n31 maja 2006 na dziedzi\u0144cu wewn\u0119trznym parlamentu w Hadze Jej Kr\u00f3lewska Wysoko\u015b\u0107 wr\u0119czy\u0142a Order Wojskowy Wilhelma, dekoruj\u0105c sztandar 6. Brygady Spadochronowo-Szturmowej z Krakowa, kt\u00f3ra kontynuuje tradycje 1. Polskiej Samodzielnej Brygady Spadochronowej. Kr\u00f3lowa Beatrix wr\u0119czy\u0142a wnukom genera\u0142a, w imieniu ich wielkiego dziadka, insygnia orderu Br\u0105zowego Lwa.<br \/>\nHistoria przyznania odznacze\u0144 zosta\u0142a szczeg\u00f3\u0142owo przedstawiona w filmie dokumentalnym \u201e<i>God Bless Montgomery \u2013 De vergeten Polen in de Slag om Arnhem\u201d <\/i>dziennikarza \u015bledczego, Geertjana Lassche, wyemitowanym przez stacj\u0119 Evangelische Omroep 14 wrze\u015bnia 2004 roku.<br \/>\nAutor zrobi\u0142 dokument w odpowiedzi na wywiad z Cor\u0105 Baltussen, kt\u00f3ra zdobywa\u0142a do\u015bwiadczenie jako piel\u0119gniarka w brygadzie Sosabowskiego i\u00a0ju\u017c w 1961 roku apelowa\u0142a o rehabilitacj\u0119 polskiej jednostki.<br \/>\nW filmie pokazano list od Kr\u00f3lowej Wilhelminy z roku 1946, zawieraj\u0105cy zgod\u0119 na odznaczenie kilkudziesi\u0119ciu cz\u0142onk\u00f3w brygady Sosabowskiego medalem za waleczno\u015b\u0107.<br \/>\n\u00d3w list oraz wywiad z Ksi\u0119ciem Bernhardem, w kt\u00f3rym wyra\u017ca on \u017cyczenie przyznania odznaczenia, stanowi\u0142y pow\u00f3d wyst\u0105pienia rz\u0105du z wnioskiem przyj\u0119tym przez ca\u0142\u0105 Drug\u0105 Izb\u0119 Stan\u00f3w Generalnych o zbadanie sprawy po\u015bmiertnego odznaczenia.<br \/>\nW grudniu 2004 roku Kapitu\u0142a Orderu Wojskowego Wilhelma otrzyma\u0142a polecenie przeprowadzenia procedury.<\/p>\n<p><b>Sosabowski Memorial Appeal<\/b><br \/>\n<img loading=\"lazy\" decoding=\"async\" class=\"alignleft wp-image-5911 size-full\" src=\"https:\/\/www.driel-polen.nl\/wordpress\/wp-content\/uploads\/2021\/01\/monument2.jpg\" alt=\"\" width=\"250\" height=\"374\" srcset=\"https:\/\/www.driel-polen.nl\/wordpress\/wp-content\/uploads\/2021\/01\/monument2.jpg 250w, https:\/\/www.driel-polen.nl\/wordpress\/wp-content\/uploads\/2021\/01\/monument2-201x300.jpg 201w\" sizes=\"auto, (max-width: 250px) 100vw, 250px\" \/>Weterani Pierwszej Brytyjskiej Dywizji Powietrznej oraz Stowarzyszenia Pu\u0142ku Spadochronowego wyrazili rado\u015b\u0107 z powodu rehabilitacji 1. Polskiej Samodzielnej Brygady Spadochronowej i za\u0142o\u017cyli komitet, kt\u00f3rego celem by\u0142o zebranie funduszy na wzniesienie pomnika na Placu Polskim \u2013 Polenplein w\u00a0Driel.<br \/>\nNa cokole umieszczona jest p\u0142yta pami\u0105tkowa, wykonana z br\u0105zu, z\u00a0p\u0142askorze\u017ab\u0105 genera\u0142a S.F. Sosabowskiego (zaprojektowana przez s\u0142awn\u0105 rze\u017abiark\u0119 Vivien Mallock); p\u0142yta to ho\u0142d dla ich drogich, polskich towarzyszy broni. Bez ich m\u0119stwa i ducha walki weterani Pierwszej Brytyjskiej Dywizji Powietrznej nie mieliby mo\u017cliwo\u015bci odwrotu.<br \/>\nPomnik zosta\u0142 ods\u0142oni\u0119ty podczas dorocznych uroczysto\u015bci rocznicowych 16 wrze\u015bnia 2006 roku przez dra M.H. Sosabowskiego, prawnuka genera\u0142a Sosabowskiego. W imieniu Jej Wysoko\u015bci w uroczysto\u015bci wzi\u0105\u0142 udzia\u0142 dow\u00f3dca Wojska Kr\u00f3lewskiego, genera\u0142 broni A.J.G.M. Blomjous.<br \/>\nReprezentuj\u0105c \u201eMajor General Stanislaw Sosabowski Memorial Appeal\u201d przybyli, opr\u00f3cz Sir Briana Urquharta KCMG MBE wraz z ma\u0142\u017conk\u0105, r\u00f3wnie\u017c Major A.J. Hibbert MC oraz kilku innych cz\u0142onk\u00f3w.<br \/>\nRok p\u00f3\u017aniej ods\u0142oni\u0119to tablic\u0119 pami\u0105tkow\u0105 wraz z tekstem (patrz z ty\u0142u niniejszej broszury).<\/p>\n<p><b>Przysz\u0142e Obchody<br \/>\n<\/b>Uroczysto\u015bci upami\u0119tniaj\u0105ce desant odbywaj\u0105 si\u0119 co roku we wrze\u015bniu. Co pi\u0119\u0107 lat obchody rocznicowe poprzedzaj\u0105 skoki spadochronowe polskich i holenderskich \u017co\u0142nierzy.<br \/>\nOd 1994 roku koordynacj\u0105 wszystkich uroczysto\u015bci zajmuje si\u0119 Fundacja Obchod\u00f3w Airborne (<i>Stichting Airborne Herdenkingen \u2013 SAH<\/i>). Komitet Driel-Polen wchodzi w sk\u0142ad tej fundacji.<br \/>\nOd 2001 roku do programu uroczysto\u015bci rocznicowych zosta\u0142 w\u0142\u0105czony project dla m\u0142odzie\u017cy: Airborne International Youth Conference (AIYC). Program ten stanowi uzupe\u0142nienie zadania SAH: \u201eMost ku przysz\u0142o\u015bci\u201d. M\u0142odzie\u017c bierze czynny udzia\u0142 w dorocznych uroczysto\u015bciach w Driel.<\/p>\n<p><b>Airborme Muzeum &#8222;Hartenstein&#8221;<br \/>\n<\/b>Airborne Museum, znajduj\u0105ce si\u0119 przy Utrechtseweg 232, 6862 AZ w\u00a0Oosterbeek, przedstawia pe\u0142ny obraz historii Bitwy pod Arnhem.<br \/>\nW o\u015brodku informacyjnym, kt\u00f3ry znajduje si\u0119 nieopodal mostu im. Johna Frosta w Arnhem (stanowi\u0105cym cz\u0119\u015b\u0107 Airborne Museum), znajduje si\u0119 natomiast skr\u00f3cony opis.<\/p>","protected":false},"excerpt":{"rendered":"<p>Dnia 21 wrze\u015bnia 1944 roku 1003 spadochroniarzy z 1. Polskiej Samodzielnej Brygady Spadochronowej wyl\u0105dowa\u0142o w Driel i okolicach, aby wzi\u0105\u0107 udzia\u0142 w Bitwie pod Arnhem. Rok p\u00f3\u017aniej za\u0142o\u017cono Komitet Driel \u2013 Polen (obecnie Fundacja Driel-Polen), kt\u00f3rego celem jest kultywowanie pami\u0119ci <span class=\"excerpt-dots\">&hellip;<\/span> <a class=\"more-link\" href=\"https:\/\/www.driel-polen.nl\/pl\/stichting\/geschiedenis\/\"><span class=\"more-msg\"><img decoding=\"async\" src=\"https:\/\/www.driel-polen.nl\/downloads\/lees-meer3.jpg\"><\/p>\n<hr class=\"wvrx-expand-full\" style=\"margin:0\"><\/span><\/a><\/p>\n","protected":false},"author":17,"featured_media":0,"parent":5,"menu_order":3,"comment_status":"closed","ping_status":"closed","template":"","meta":{"_monsterinsights_skip_tracking":false,"_monsterinsights_sitenote_active":false,"_monsterinsights_sitenote_note":"","_monsterinsights_sitenote_category":0,"ngg_post_thumbnail":0,"footnotes":""},"class_list":["post-78","page","type-page","status-publish","hentry"],"yoast_head":"<!-- This site is optimized with the Yoast SEO plugin v27.4 - https:\/\/yoast.com\/product\/yoast-seo-wordpress\/ -->\n<title>Historia Fundacji - Stichting Driel-Polen<\/title>\n<meta name=\"robots\" content=\"index, follow, max-snippet:-1, max-image-preview:large, max-video-preview:-1\" \/>\n<link rel=\"canonical\" href=\"https:\/\/www.driel-polen.nl\/stichting\/geschiedenis\/\" \/>\n<meta property=\"og:locale\" content=\"pl_PL\" \/>\n<meta property=\"og:type\" content=\"article\" \/>\n<meta property=\"og:title\" content=\"Historia Fundacji - Stichting Driel-Polen\" \/>\n<meta property=\"og:description\" content=\"Dnia 21 wrze\u015bnia 1944 roku 1003 spadochroniarzy z 1. Polskiej Samodzielnej Brygady Spadochronowej wyl\u0105dowa\u0142o w Driel i okolicach, aby wzi\u0105\u0107 udzia\u0142 w Bitwie pod Arnhem. Rok p\u00f3\u017aniej za\u0142o\u017cono Komitet Driel \u2013 Polen (obecnie Fundacja Driel-Polen), kt\u00f3rego celem jest kultywowanie pami\u0119ci &hellip;\" \/>\n<meta property=\"og:url\" content=\"https:\/\/www.driel-polen.nl\/stichting\/geschiedenis\/\" \/>\n<meta property=\"og:site_name\" content=\"Stichting Driel-Polen\" \/>\n<meta property=\"article:modified_time\" content=\"2023-10-24T19:44:51+00:00\" \/>\n<meta property=\"og:image\" content=\"https:\/\/www.driel-polen.nl\/wordpress\/wp-content\/uploads\/2021\/01\/wapen.jpg\" \/>\n<meta name=\"twitter:label1\" content=\"Szacowany czas czytania\" \/>\n\t<meta name=\"twitter:data1\" content=\"6 minut\" \/>\n<script type=\"application\/ld+json\" class=\"yoast-schema-graph\">{\"@context\":\"https:\\\/\\\/schema.org\",\"@graph\":[{\"@type\":\"WebPage\",\"@id\":\"https:\\\/\\\/www.driel-polen.nl\\\/stichting\\\/geschiedenis\\\/\",\"url\":\"https:\\\/\\\/www.driel-polen.nl\\\/stichting\\\/geschiedenis\\\/\",\"name\":\"Historia Fundacji - Stichting Driel-Polen\",\"isPartOf\":{\"@id\":\"https:\\\/\\\/www.driel-polen.nl\\\/nl\\\/#website\"},\"primaryImageOfPage\":{\"@id\":\"https:\\\/\\\/www.driel-polen.nl\\\/stichting\\\/geschiedenis\\\/#primaryimage\"},\"image\":{\"@id\":\"https:\\\/\\\/www.driel-polen.nl\\\/stichting\\\/geschiedenis\\\/#primaryimage\"},\"thumbnailUrl\":\"https:\\\/\\\/www.driel-polen.nl\\\/wordpress\\\/wp-content\\\/uploads\\\/2021\\\/01\\\/wapen.jpg\",\"datePublished\":\"2013-05-29T16:48:56+00:00\",\"dateModified\":\"2023-10-24T19:44:51+00:00\",\"breadcrumb\":{\"@id\":\"https:\\\/\\\/www.driel-polen.nl\\\/stichting\\\/geschiedenis\\\/#breadcrumb\"},\"inLanguage\":\"pl-PL\",\"potentialAction\":[{\"@type\":\"ReadAction\",\"target\":[\"https:\\\/\\\/www.driel-polen.nl\\\/stichting\\\/geschiedenis\\\/\"]}]},{\"@type\":\"ImageObject\",\"inLanguage\":\"pl-PL\",\"@id\":\"https:\\\/\\\/www.driel-polen.nl\\\/stichting\\\/geschiedenis\\\/#primaryimage\",\"url\":\"https:\\\/\\\/www.driel-polen.nl\\\/wordpress\\\/wp-content\\\/uploads\\\/2021\\\/01\\\/wapen.jpg\",\"contentUrl\":\"https:\\\/\\\/www.driel-polen.nl\\\/wordpress\\\/wp-content\\\/uploads\\\/2021\\\/01\\\/wapen.jpg\"},{\"@type\":\"BreadcrumbList\",\"@id\":\"https:\\\/\\\/www.driel-polen.nl\\\/stichting\\\/geschiedenis\\\/#breadcrumb\",\"itemListElement\":[{\"@type\":\"ListItem\",\"position\":1,\"name\":\"Stichting\",\"item\":\"https:\\\/\\\/www.driel-polen.nl\\\/stichting\\\/\"},{\"@type\":\"ListItem\",\"position\":2,\"name\":\"Geschiedenis Stichting\"}]},{\"@type\":\"WebSite\",\"@id\":\"https:\\\/\\\/www.driel-polen.nl\\\/nl\\\/#website\",\"url\":\"https:\\\/\\\/www.driel-polen.nl\\\/nl\\\/\",\"name\":\"Stichting Driel-Polen\",\"description\":\"General St. Sosabowski\",\"potentialAction\":[{\"@type\":\"SearchAction\",\"target\":{\"@type\":\"EntryPoint\",\"urlTemplate\":\"https:\\\/\\\/www.driel-polen.nl\\\/nl\\\/?s={search_term_string}\"},\"query-input\":{\"@type\":\"PropertyValueSpecification\",\"valueRequired\":true,\"valueName\":\"search_term_string\"}}],\"inLanguage\":\"pl-PL\"}]}<\/script>\n<!-- \/ Yoast SEO plugin. -->","yoast_head_json":{"title":"Historia Fundacji - Stichting Driel-Polen","robots":{"index":"index","follow":"follow","max-snippet":"max-snippet:-1","max-image-preview":"max-image-preview:large","max-video-preview":"max-video-preview:-1"},"canonical":"https:\/\/www.driel-polen.nl\/stichting\/geschiedenis\/","og_locale":"pl_PL","og_type":"article","og_title":"Historia Fundacji - Stichting Driel-Polen","og_description":"Dnia 21 wrze\u015bnia 1944 roku 1003 spadochroniarzy z 1. Polskiej Samodzielnej Brygady Spadochronowej wyl\u0105dowa\u0142o w Driel i okolicach, aby wzi\u0105\u0107 udzia\u0142 w Bitwie pod Arnhem. Rok p\u00f3\u017aniej za\u0142o\u017cono Komitet Driel \u2013 Polen (obecnie Fundacja Driel-Polen), kt\u00f3rego celem jest kultywowanie pami\u0119ci &hellip;","og_url":"https:\/\/www.driel-polen.nl\/stichting\/geschiedenis\/","og_site_name":"Stichting Driel-Polen","article_modified_time":"2023-10-24T19:44:51+00:00","og_image":[{"url":"https:\/\/www.driel-polen.nl\/wordpress\/wp-content\/uploads\/2021\/01\/wapen.jpg","type":"","width":"","height":""}],"twitter_misc":{"Szacowany czas czytania":"6 minut"},"schema":{"@context":"https:\/\/schema.org","@graph":[{"@type":"WebPage","@id":"https:\/\/www.driel-polen.nl\/stichting\/geschiedenis\/","url":"https:\/\/www.driel-polen.nl\/stichting\/geschiedenis\/","name":"Historia Fundacji - Stichting Driel-Polen","isPartOf":{"@id":"https:\/\/www.driel-polen.nl\/nl\/#website"},"primaryImageOfPage":{"@id":"https:\/\/www.driel-polen.nl\/stichting\/geschiedenis\/#primaryimage"},"image":{"@id":"https:\/\/www.driel-polen.nl\/stichting\/geschiedenis\/#primaryimage"},"thumbnailUrl":"https:\/\/www.driel-polen.nl\/wordpress\/wp-content\/uploads\/2021\/01\/wapen.jpg","datePublished":"2013-05-29T16:48:56+00:00","dateModified":"2023-10-24T19:44:51+00:00","breadcrumb":{"@id":"https:\/\/www.driel-polen.nl\/stichting\/geschiedenis\/#breadcrumb"},"inLanguage":"pl-PL","potentialAction":[{"@type":"ReadAction","target":["https:\/\/www.driel-polen.nl\/stichting\/geschiedenis\/"]}]},{"@type":"ImageObject","inLanguage":"pl-PL","@id":"https:\/\/www.driel-polen.nl\/stichting\/geschiedenis\/#primaryimage","url":"https:\/\/www.driel-polen.nl\/wordpress\/wp-content\/uploads\/2021\/01\/wapen.jpg","contentUrl":"https:\/\/www.driel-polen.nl\/wordpress\/wp-content\/uploads\/2021\/01\/wapen.jpg"},{"@type":"BreadcrumbList","@id":"https:\/\/www.driel-polen.nl\/stichting\/geschiedenis\/#breadcrumb","itemListElement":[{"@type":"ListItem","position":1,"name":"Stichting","item":"https:\/\/www.driel-polen.nl\/stichting\/"},{"@type":"ListItem","position":2,"name":"Geschiedenis Stichting"}]},{"@type":"WebSite","@id":"https:\/\/www.driel-polen.nl\/nl\/#website","url":"https:\/\/www.driel-polen.nl\/nl\/","name":"Stichting Driel-Polen","description":"General St. Sosabowski","potentialAction":[{"@type":"SearchAction","target":{"@type":"EntryPoint","urlTemplate":"https:\/\/www.driel-polen.nl\/nl\/?s={search_term_string}"},"query-input":{"@type":"PropertyValueSpecification","valueRequired":true,"valueName":"search_term_string"}}],"inLanguage":"pl-PL"}]}},"_links":{"self":[{"href":"https:\/\/www.driel-polen.nl\/pl\/wp-json\/wp\/v2\/pages\/78","targetHints":{"allow":["GET"]}}],"collection":[{"href":"https:\/\/www.driel-polen.nl\/pl\/wp-json\/wp\/v2\/pages"}],"about":[{"href":"https:\/\/www.driel-polen.nl\/pl\/wp-json\/wp\/v2\/types\/page"}],"author":[{"embeddable":true,"href":"https:\/\/www.driel-polen.nl\/pl\/wp-json\/wp\/v2\/users\/17"}],"replies":[{"embeddable":true,"href":"https:\/\/www.driel-polen.nl\/pl\/wp-json\/wp\/v2\/comments?post=78"}],"version-history":[{"count":10,"href":"https:\/\/www.driel-polen.nl\/pl\/wp-json\/wp\/v2\/pages\/78\/revisions"}],"predecessor-version":[{"id":8058,"href":"https:\/\/www.driel-polen.nl\/pl\/wp-json\/wp\/v2\/pages\/78\/revisions\/8058"}],"up":[{"embeddable":true,"href":"https:\/\/www.driel-polen.nl\/pl\/wp-json\/wp\/v2\/pages\/5"}],"wp:attachment":[{"href":"https:\/\/www.driel-polen.nl\/pl\/wp-json\/wp\/v2\/media?parent=78"}],"curies":[{"name":"wp","href":"https:\/\/api.w.org\/{rel}","templated":true}]}}