{"id":7787,"date":"2022-09-20T19:15:31","date_gmt":"2022-09-20T17:15:31","guid":{"rendered":"https:\/\/www.driel-polen.nl\/?page_id=7787"},"modified":"2024-01-16T21:35:41","modified_gmt":"2024-01-16T20:35:41","slug":"2022-toespraak-minister-j-j-kasprzyk","status":"publish","type":"page","link":"https:\/\/www.driel-polen.nl\/pl\/herdenkingen\/herdenkingen-2015-2024\/2022-toespraak-minister-j-j-kasprzyk\/","title":{"rendered":"2022: Przem\u00f3wienie Szefa Urz\u0119du ds. Kombatant\u00f3w i Os\u00f3b Represjonowanych, pana J.J. Kasprzyka"},"content":{"rendered":"<p><strong>Przem\u00f3wienie Szefa Urz\u0119du ds. Kombatant\u00f3w i Os\u00f3b Represjonowanych,\u00a0<\/strong><strong>pana J.J. Kasprzyka, <\/strong><strong>wyg\u0142oszone podczas 78. obchod\u00f3w upami\u0119tniaj\u0105cych udzia\u0142\u00a0<\/strong><strong>1. Polskiej Samodzielnej Brygady Spadochronowej <\/strong><strong>w operacji Market Garden.<\/strong><\/p>\n<p><strong>Driel, 17 wrze\u015bnia 2022<\/strong><\/p>\n<p>Szanowni Pa\u0144stwo,<br \/>\nwspominamy dzi\u015b wielk\u0105 bitw\u0119 i jej bohater\u00f3w. Dla Polak\u00f3w szczeg\u00f3lnie wa\u017cn\u0105 postaci\u0105 dramatu, jaki rozegra\u0142 si\u0119 w tym miejscu siedemdziesi\u0105t osiem lat temu jest genera\u0142 Stanis\u0142aw Sosabowski. D\u0142ugo przygotowywa\u0142 si\u0119 do tej roli i rozegra\u0142 j\u0105 po mistrzowsku, a mimo to wychyli\u0107 musia\u0142 niejeden kielich goryczy, p\u0142ac\u0105c nie za swoje b\u0142\u0119dy. W bitwie pod Arnhem \u017co\u0142nierze polskiej 1. Samodzielnej Brygady Spadochronowej wznie\u015bli si\u0119 na wy\u017cyny wojennej chwa\u0142y, ale by\u0142 to zarazem \u0142ab\u0119dzi \u015bpiew b\u0142yskotliwej kariery ich dow\u00f3dcy.<\/p>\n<p>\u201eOperacja \u201eMarket-Garden\u201d zako\u0144czy\u0142a si\u0119 fiaskiem i ogromnymi stratami. A mog\u0142o by\u0107 inaczej. Mo\u017cna by\u0142o odwr\u00f3ci\u0107 losy kampanii, gdyby tylko pos\u0142uchano rad genera\u0142a Sosabowskiego, przed i w trakcie bitwy. Jest prawd\u0105 niezmiennie aktualn\u0105, \u017ce g\u0142os odosobniony mo\u017ce by\u0107 g\u0142osem rozs\u0105dku, ale niekiedy g\u0142os taki bywa przy\u0107miony przez pewnych siebie decydent\u00f3w, wiod\u0105cych innych ku zgubie.<\/p>\n<p>Genera\u0142owi Sosabowskiemu wyrz\u0105dzono wielk\u0105 krzywd\u0119, kt\u00f3rej faktycznie za jego \u017cycia nigdy nie naprawiono. W jego historii ogniskuje si\u0119 los setek tysi\u0119cy polskich \u017co\u0142nierzy z czas\u00f3w II wojny \u015bwiatowej, tak\u017ce jego podkomendnych, kt\u00f3rych wykorzystano, a potem odstawiono na boczny tor. Odm\u00f3wiono im nawet udzia\u0142u w wielkiej Paradzie Zwyci\u0119stwa, a ich Ojczyzn\u0119 oddano pod w\u0142adanie Stalina. Chcieli wr\u00f3ci\u0107 do Polski \u201enajkr\u00f3tsz\u0105 drog\u0105\u201d, tymczasem droga do niepodleg\u0142o\u015bci okaza\u0142a si\u0119 d\u0142uga i wyboista.<\/p>\n<p>Dziejowe krzywdy s\u0105 cierniem w naszych sercach, ale nie przybyli\u015bmy wylewa\u0107 \u017cal\u00f3w, przeciwnie \u2013 chcemy wyrazi\u0107 rado\u015b\u0107, \u017ce mamy bohater\u00f3w, kt\u00f3rzy z fasonem i pewn\u0105 nonszalancj\u0105 przyjmowali wszystko, co zgotowa\u0142 im los.<\/p>\n<p>Wielki polski poeta Cyprian Kamil Norwid pisa\u0142:<br \/>\n\u201eWi\u0119c mniejsza o to, w jakiej spoczniesz urnie, (&#8230;)<br \/>\nBo gr\u00f3b tw\u00f3j jeszcze odemkn\u0105 powt\u00f3rnie,<br \/>\nInaczej b\u0119d\u0105 g\u0142osi\u0107 twe zas\u0142ugi\u201d.<\/p>\n<p>Mieszka\u0144cy Niderland\u00f3w potrafili okaza\u0107 wdzi\u0119czno\u015b\u0107 \u017co\u0142nierzom nios\u0105cym im wolno\u015b\u0107 i od pocz\u0105tku zabiegali o nale\u017cn\u0105 ocen\u0119 zas\u0142ug genera\u0142a Sosabowskiego. Z czasem do\u0142\u0105czyli do nich inni. W filmie \u201eO jeden most za daleko\u201d genera\u0142 Sosabowski, w znakomitej kreacji Gene\u2019a Hackmana jest bohaterem widz\u0105cym wi\u0119cej i dalej ni\u017c pozostali uczestnicy narad wojennych. O pami\u0119\u0107 o polskim generale zadbali r\u00f3wnie\u017c brytyjscy towarzysze broni, funduj\u0105c mu pomnik.<\/p>\n<p>Po latach mamy poczucie gorzkiej satysfakcji, \u017ce sprawiedliwo\u015b\u0107, cho\u0107 mocno sp\u00f3\u017aniona w ko\u0144cu zatriumfowa\u0142a.<\/p>\n<p>Jak\u017ce trafne okaza\u0142y si\u0119 s\u0142owa innego wielkiego Polaka Marsza\u0142ka J\u00f3zefa Pi\u0142sudskiego: \u201eZwyci\u0119\u017cy\u0107 i spocz\u0105\u0107 na laurach to kl\u0119ska, by\u0107 zwyci\u0119\u017conym i nie ulec to zwyci\u0119stwo\u201d.<\/p>\n<p>&nbsp;<\/p>\n<p>&nbsp;<\/p>","protected":false},"excerpt":{"rendered":"<p>Przem\u00f3wienie Szefa Urz\u0119du ds. Kombatant\u00f3w i Os\u00f3b Represjonowanych,\u00a0pana J.J. Kasprzyka, wyg\u0142oszone podczas 78. obchod\u00f3w upami\u0119tniaj\u0105cych udzia\u0142\u00a01. Polskiej Samodzielnej Brygady Spadochronowej w operacji Market Garden. Driel, 17 wrze\u015bnia 2022 Szanowni Pa\u0144stwo, wspominamy dzi\u015b wielk\u0105 bitw\u0119 i jej bohater\u00f3w. Dla Polak\u00f3w szczeg\u00f3lnie <span class=\"excerpt-dots\">&hellip;<\/span> <a class=\"more-link\" href=\"https:\/\/www.driel-polen.nl\/pl\/herdenkingen\/herdenkingen-2015-2024\/2022-toespraak-minister-j-j-kasprzyk\/\"><span class=\"more-msg\"><img decoding=\"async\" src=\"https:\/\/www.driel-polen.nl\/downloads\/lees-meer3.jpg\"><\/p>\n<hr class=\"wvrx-expand-full\" style=\"margin:0\"><\/span><\/a><\/p>\n","protected":false},"author":17,"featured_media":0,"parent":5633,"menu_order":0,"comment_status":"closed","ping_status":"closed","template":"","meta":{"_monsterinsights_skip_tracking":false,"_monsterinsights_sitenote_active":false,"_monsterinsights_sitenote_note":"","_monsterinsights_sitenote_category":0,"ngg_post_thumbnail":0,"footnotes":""},"class_list":["post-7787","page","type-page","status-publish","hentry"],"yoast_head":"<!-- This site is optimized with the Yoast SEO plugin v27.4 - https:\/\/yoast.com\/product\/yoast-seo-wordpress\/ -->\n<title>2022: Przem\u00f3wienie Szefa Urz\u0119du ds. Kombatant\u00f3w i Os\u00f3b Represjonowanych, pana J.J. Kasprzyka - Stichting Driel-Polen<\/title>\n<meta name=\"robots\" content=\"index, follow, max-snippet:-1, max-image-preview:large, max-video-preview:-1\" \/>\n<link rel=\"canonical\" href=\"https:\/\/www.driel-polen.nl\/herdenkingen\/herdenkingen-2015-2024\/2022-toespraak-minister-j-j-kasprzyk\/\" \/>\n<meta property=\"og:locale\" content=\"pl_PL\" \/>\n<meta property=\"og:type\" content=\"article\" \/>\n<meta property=\"og:title\" content=\"2022: Przem\u00f3wienie Szefa Urz\u0119du ds. Kombatant\u00f3w i Os\u00f3b Represjonowanych, pana J.J. Kasprzyka - Stichting Driel-Polen\" \/>\n<meta property=\"og:description\" content=\"Przem\u00f3wienie Szefa Urz\u0119du ds. Kombatant\u00f3w i Os\u00f3b Represjonowanych,\u00a0pana J.J. Kasprzyka, wyg\u0142oszone podczas 78. obchod\u00f3w upami\u0119tniaj\u0105cych udzia\u0142\u00a01. Polskiej Samodzielnej Brygady Spadochronowej w operacji Market Garden. Driel, 17 wrze\u015bnia 2022 Szanowni Pa\u0144stwo, wspominamy dzi\u015b wielk\u0105 bitw\u0119 i jej bohater\u00f3w. Dla Polak\u00f3w szczeg\u00f3lnie &hellip;\" \/>\n<meta property=\"og:url\" content=\"https:\/\/www.driel-polen.nl\/herdenkingen\/herdenkingen-2015-2024\/2022-toespraak-minister-j-j-kasprzyk\/\" \/>\n<meta property=\"og:site_name\" content=\"Stichting Driel-Polen\" \/>\n<meta property=\"article:modified_time\" content=\"2024-01-16T20:35:41+00:00\" \/>\n<meta name=\"twitter:label1\" content=\"Szacowany czas czytania\" \/>\n\t<meta name=\"twitter:data1\" content=\"2 minuty\" \/>\n<script type=\"application\/ld+json\" class=\"yoast-schema-graph\">{\"@context\":\"https:\\\/\\\/schema.org\",\"@graph\":[{\"@type\":\"WebPage\",\"@id\":\"https:\\\/\\\/www.driel-polen.nl\\\/herdenkingen\\\/herdenkingen-2015-2024\\\/2022-toespraak-minister-j-j-kasprzyk\\\/\",\"url\":\"https:\\\/\\\/www.driel-polen.nl\\\/herdenkingen\\\/herdenkingen-2015-2024\\\/2022-toespraak-minister-j-j-kasprzyk\\\/\",\"name\":\"2022: Przem\u00f3wienie Szefa Urz\u0119du ds. Kombatant\u00f3w i Os\u00f3b Represjonowanych, pana J.J. Kasprzyka - Stichting Driel-Polen\",\"isPartOf\":{\"@id\":\"https:\\\/\\\/www.driel-polen.nl\\\/nl\\\/#website\"},\"datePublished\":\"2022-09-20T17:15:31+00:00\",\"dateModified\":\"2024-01-16T20:35:41+00:00\",\"breadcrumb\":{\"@id\":\"https:\\\/\\\/www.driel-polen.nl\\\/herdenkingen\\\/herdenkingen-2015-2024\\\/2022-toespraak-minister-j-j-kasprzyk\\\/#breadcrumb\"},\"inLanguage\":\"pl-PL\",\"potentialAction\":[{\"@type\":\"ReadAction\",\"target\":[\"https:\\\/\\\/www.driel-polen.nl\\\/herdenkingen\\\/herdenkingen-2015-2024\\\/2022-toespraak-minister-j-j-kasprzyk\\\/\"]}]},{\"@type\":\"BreadcrumbList\",\"@id\":\"https:\\\/\\\/www.driel-polen.nl\\\/herdenkingen\\\/herdenkingen-2015-2024\\\/2022-toespraak-minister-j-j-kasprzyk\\\/#breadcrumb\",\"itemListElement\":[{\"@type\":\"ListItem\",\"position\":1,\"name\":\"Herdenkingen\",\"item\":\"https:\\\/\\\/www.driel-polen.nl\\\/herdenkingen\\\/\"},{\"@type\":\"ListItem\",\"position\":2,\"name\":\"Herdenkingen 2015-2024\",\"item\":\"https:\\\/\\\/www.driel-polen.nl\\\/herdenkingen\\\/herdenkingen-2015-2024\\\/\"},{\"@type\":\"ListItem\",\"position\":3,\"name\":\"2022 Toespraak Minister J.J. Kasprzyk\"}]},{\"@type\":\"WebSite\",\"@id\":\"https:\\\/\\\/www.driel-polen.nl\\\/nl\\\/#website\",\"url\":\"https:\\\/\\\/www.driel-polen.nl\\\/nl\\\/\",\"name\":\"Stichting Driel-Polen\",\"description\":\"General St. Sosabowski\",\"potentialAction\":[{\"@type\":\"SearchAction\",\"target\":{\"@type\":\"EntryPoint\",\"urlTemplate\":\"https:\\\/\\\/www.driel-polen.nl\\\/nl\\\/?s={search_term_string}\"},\"query-input\":{\"@type\":\"PropertyValueSpecification\",\"valueRequired\":true,\"valueName\":\"search_term_string\"}}],\"inLanguage\":\"pl-PL\"}]}<\/script>\n<!-- \/ Yoast SEO plugin. -->","yoast_head_json":{"title":"2022: Przem\u00f3wienie Szefa Urz\u0119du ds. Kombatant\u00f3w i Os\u00f3b Represjonowanych, pana J.J. Kasprzyka - Stichting Driel-Polen","robots":{"index":"index","follow":"follow","max-snippet":"max-snippet:-1","max-image-preview":"max-image-preview:large","max-video-preview":"max-video-preview:-1"},"canonical":"https:\/\/www.driel-polen.nl\/herdenkingen\/herdenkingen-2015-2024\/2022-toespraak-minister-j-j-kasprzyk\/","og_locale":"pl_PL","og_type":"article","og_title":"2022: Przem\u00f3wienie Szefa Urz\u0119du ds. Kombatant\u00f3w i Os\u00f3b Represjonowanych, pana J.J. Kasprzyka - Stichting Driel-Polen","og_description":"Przem\u00f3wienie Szefa Urz\u0119du ds. Kombatant\u00f3w i Os\u00f3b Represjonowanych,\u00a0pana J.J. Kasprzyka, wyg\u0142oszone podczas 78. obchod\u00f3w upami\u0119tniaj\u0105cych udzia\u0142\u00a01. Polskiej Samodzielnej Brygady Spadochronowej w operacji Market Garden. Driel, 17 wrze\u015bnia 2022 Szanowni Pa\u0144stwo, wspominamy dzi\u015b wielk\u0105 bitw\u0119 i jej bohater\u00f3w. Dla Polak\u00f3w szczeg\u00f3lnie &hellip;","og_url":"https:\/\/www.driel-polen.nl\/herdenkingen\/herdenkingen-2015-2024\/2022-toespraak-minister-j-j-kasprzyk\/","og_site_name":"Stichting Driel-Polen","article_modified_time":"2024-01-16T20:35:41+00:00","twitter_misc":{"Szacowany czas czytania":"2 minuty"},"schema":{"@context":"https:\/\/schema.org","@graph":[{"@type":"WebPage","@id":"https:\/\/www.driel-polen.nl\/herdenkingen\/herdenkingen-2015-2024\/2022-toespraak-minister-j-j-kasprzyk\/","url":"https:\/\/www.driel-polen.nl\/herdenkingen\/herdenkingen-2015-2024\/2022-toespraak-minister-j-j-kasprzyk\/","name":"2022: Przem\u00f3wienie Szefa Urz\u0119du ds. Kombatant\u00f3w i Os\u00f3b Represjonowanych, pana J.J. Kasprzyka - Stichting Driel-Polen","isPartOf":{"@id":"https:\/\/www.driel-polen.nl\/nl\/#website"},"datePublished":"2022-09-20T17:15:31+00:00","dateModified":"2024-01-16T20:35:41+00:00","breadcrumb":{"@id":"https:\/\/www.driel-polen.nl\/herdenkingen\/herdenkingen-2015-2024\/2022-toespraak-minister-j-j-kasprzyk\/#breadcrumb"},"inLanguage":"pl-PL","potentialAction":[{"@type":"ReadAction","target":["https:\/\/www.driel-polen.nl\/herdenkingen\/herdenkingen-2015-2024\/2022-toespraak-minister-j-j-kasprzyk\/"]}]},{"@type":"BreadcrumbList","@id":"https:\/\/www.driel-polen.nl\/herdenkingen\/herdenkingen-2015-2024\/2022-toespraak-minister-j-j-kasprzyk\/#breadcrumb","itemListElement":[{"@type":"ListItem","position":1,"name":"Herdenkingen","item":"https:\/\/www.driel-polen.nl\/herdenkingen\/"},{"@type":"ListItem","position":2,"name":"Herdenkingen 2015-2024","item":"https:\/\/www.driel-polen.nl\/herdenkingen\/herdenkingen-2015-2024\/"},{"@type":"ListItem","position":3,"name":"2022 Toespraak Minister J.J. Kasprzyk"}]},{"@type":"WebSite","@id":"https:\/\/www.driel-polen.nl\/nl\/#website","url":"https:\/\/www.driel-polen.nl\/nl\/","name":"Stichting Driel-Polen","description":"General St. Sosabowski","potentialAction":[{"@type":"SearchAction","target":{"@type":"EntryPoint","urlTemplate":"https:\/\/www.driel-polen.nl\/nl\/?s={search_term_string}"},"query-input":{"@type":"PropertyValueSpecification","valueRequired":true,"valueName":"search_term_string"}}],"inLanguage":"pl-PL"}]}},"_links":{"self":[{"href":"https:\/\/www.driel-polen.nl\/pl\/wp-json\/wp\/v2\/pages\/7787","targetHints":{"allow":["GET"]}}],"collection":[{"href":"https:\/\/www.driel-polen.nl\/pl\/wp-json\/wp\/v2\/pages"}],"about":[{"href":"https:\/\/www.driel-polen.nl\/pl\/wp-json\/wp\/v2\/types\/page"}],"author":[{"embeddable":true,"href":"https:\/\/www.driel-polen.nl\/pl\/wp-json\/wp\/v2\/users\/17"}],"replies":[{"embeddable":true,"href":"https:\/\/www.driel-polen.nl\/pl\/wp-json\/wp\/v2\/comments?post=7787"}],"version-history":[{"count":3,"href":"https:\/\/www.driel-polen.nl\/pl\/wp-json\/wp\/v2\/pages\/7787\/revisions"}],"predecessor-version":[{"id":8180,"href":"https:\/\/www.driel-polen.nl\/pl\/wp-json\/wp\/v2\/pages\/7787\/revisions\/8180"}],"up":[{"embeddable":true,"href":"https:\/\/www.driel-polen.nl\/pl\/wp-json\/wp\/v2\/pages\/5633"}],"wp:attachment":[{"href":"https:\/\/www.driel-polen.nl\/pl\/wp-json\/wp\/v2\/media?parent=7787"}],"curies":[{"name":"wp","href":"https:\/\/api.w.org\/{rel}","templated":true}]}}