{"id":629,"date":"2014-07-28T09:03:31","date_gmt":"2014-07-28T07:03:31","guid":{"rendered":"http:\/\/www.driel-polen.nl\/?page_id=629"},"modified":"2021-02-10T18:56:59","modified_gmt":"2021-02-10T17:56:59","slug":"colofon","status":"publish","type":"page","link":"https:\/\/www.driel-polen.nl\/pl\/historie\/colofon\/","title":{"rendered":"Colophon"},"content":{"rendered":"<p>De Polen van Driel weer in beeld.<br \/>\nBroszura towarzysz\u0105ca wystawie o tej samej nazwie, zorganizowanej przez Fundacj\u0119 Driel-Polen we wsp\u00f3\u0142pracy z Fundacj\u0105 Wojtek w Driel, z okazji 60. rocznicy bitwy pod Arnhem, wrzesie\u0144 2004 roku.<\/p>\n<p>Tekst:<br \/>\nS. Ba\u0142uk, redagowany przez W. Boersm\u0119.<\/p>\n<p>Literatura:<br \/>\nGeneraal-majoor Sosabowski: Ik vocht voor de vrijheid. A.W.Sijthoff, Lejda 1960.<br \/>\nJuliusz L. Englert: General Sosabowski. Caldra House, Sussex 1996-2001.<br \/>\nGeorge F. Cholewczynski: De Polen van Driel. Lunet, Naarden 1990.<br \/>\nRichard McMillan: Bloedende Betuwe. Elsevier, Amsterdam 1945.<br \/>\nWitold Bieganski: Poles in the battle of Western Europe. Interpress publishers, Warszawa, 1971.<br \/>\nJan Lorys: 1st Polish Independent Parachute Brigade Group. Institut Polski i museum im. Genera\u0142a Sikorskiege, Londyn 1987.<br \/>\nMartin Middlebrook: Arnhem Ooggetuigenverslagen van de Slag om Arnhem. Bosch &amp; Keuning, Baarn 1994.<\/p>","protected":false},"excerpt":{"rendered":"<p>De Polen van Driel weer in beeld. Broszura towarzysz\u0105ca wystawie o tej samej nazwie, zorganizowanej przez Fundacj\u0119 Driel-Polen we wsp\u00f3\u0142pracy z Fundacj\u0105 Wojtek w Driel, z okazji 60. rocznicy bitwy pod Arnhem, wrzesie\u0144 2004 roku. Tekst: S. Ba\u0142uk, redagowany przez <span class=\"excerpt-dots\">&hellip;<\/span> <a class=\"more-link\" href=\"https:\/\/www.driel-polen.nl\/pl\/historie\/colofon\/\"><span class=\"more-msg\"><img decoding=\"async\" src=\"https:\/\/www.driel-polen.nl\/downloads\/lees-meer3.jpg\"><\/p>\n<hr class=\"wvrx-expand-full\" style=\"margin:0\"><\/span><\/a><\/p>\n","protected":false},"author":17,"featured_media":0,"parent":17,"menu_order":10,"comment_status":"closed","ping_status":"open","template":"","meta":{"_monsterinsights_skip_tracking":false,"_monsterinsights_sitenote_active":false,"_monsterinsights_sitenote_note":"","_monsterinsights_sitenote_category":0,"ngg_post_thumbnail":0,"footnotes":""},"class_list":["post-629","page","type-page","status-publish","hentry"],"yoast_head":"<!-- This site is optimized with the Yoast SEO plugin v27.4 - https:\/\/yoast.com\/product\/yoast-seo-wordpress\/ -->\n<title>Colophon - Stichting Driel-Polen<\/title>\n<meta name=\"robots\" content=\"index, follow, max-snippet:-1, max-image-preview:large, max-video-preview:-1\" \/>\n<link rel=\"canonical\" href=\"https:\/\/www.driel-polen.nl\/en\/historie\/colofon\/\" \/>\n<meta property=\"og:locale\" content=\"pl_PL\" \/>\n<meta property=\"og:type\" content=\"article\" \/>\n<meta property=\"og:title\" content=\"Colophon - Stichting Driel-Polen\" \/>\n<meta property=\"og:description\" content=\"De Polen van Driel weer in beeld. Broszura towarzysz\u0105ca wystawie o tej samej nazwie, zorganizowanej przez Fundacj\u0119 Driel-Polen we wsp\u00f3\u0142pracy z Fundacj\u0105 Wojtek w Driel, z okazji 60. rocznicy bitwy pod Arnhem, wrzesie\u0144 2004 roku. Tekst: S. Ba\u0142uk, redagowany przez &hellip;\" \/>\n<meta property=\"og:url\" content=\"https:\/\/www.driel-polen.nl\/en\/historie\/colofon\/\" \/>\n<meta property=\"og:site_name\" content=\"Stichting Driel-Polen\" \/>\n<meta property=\"article:modified_time\" content=\"2021-02-10T17:56:59+00:00\" \/>\n<meta name=\"twitter:label1\" content=\"Szacowany czas czytania\" \/>\n\t<meta name=\"twitter:data1\" content=\"2 minuty\" \/>\n<script type=\"application\/ld+json\" class=\"yoast-schema-graph\">{\"@context\":\"https:\\\/\\\/schema.org\",\"@graph\":[{\"@type\":\"WebPage\",\"@id\":\"https:\\\/\\\/www.driel-polen.nl\\\/en\\\/historie\\\/colofon\\\/\",\"url\":\"https:\\\/\\\/www.driel-polen.nl\\\/en\\\/historie\\\/colofon\\\/\",\"name\":\"Colophon - Stichting Driel-Polen\",\"isPartOf\":{\"@id\":\"https:\\\/\\\/www.driel-polen.nl\\\/nl\\\/#website\"},\"datePublished\":\"2014-07-28T07:03:31+00:00\",\"dateModified\":\"2021-02-10T17:56:59+00:00\",\"breadcrumb\":{\"@id\":\"https:\\\/\\\/www.driel-polen.nl\\\/en\\\/historie\\\/colofon\\\/#breadcrumb\"},\"inLanguage\":\"pl-PL\",\"potentialAction\":[{\"@type\":\"ReadAction\",\"target\":[\"https:\\\/\\\/www.driel-polen.nl\\\/en\\\/historie\\\/colofon\\\/\"]}]},{\"@type\":\"BreadcrumbList\",\"@id\":\"https:\\\/\\\/www.driel-polen.nl\\\/en\\\/historie\\\/colofon\\\/#breadcrumb\",\"itemListElement\":[{\"@type\":\"ListItem\",\"position\":1,\"name\":\"History\",\"item\":\"https:\\\/\\\/www.driel-polen.nl\\\/en\\\/historie\\\/\"},{\"@type\":\"ListItem\",\"position\":2,\"name\":\"Colophon\"}]},{\"@type\":\"WebSite\",\"@id\":\"https:\\\/\\\/www.driel-polen.nl\\\/nl\\\/#website\",\"url\":\"https:\\\/\\\/www.driel-polen.nl\\\/nl\\\/\",\"name\":\"Stichting Driel-Polen\",\"description\":\"General St. Sosabowski\",\"potentialAction\":[{\"@type\":\"SearchAction\",\"target\":{\"@type\":\"EntryPoint\",\"urlTemplate\":\"https:\\\/\\\/www.driel-polen.nl\\\/nl\\\/?s={search_term_string}\"},\"query-input\":{\"@type\":\"PropertyValueSpecification\",\"valueRequired\":true,\"valueName\":\"search_term_string\"}}],\"inLanguage\":\"pl-PL\"}]}<\/script>\n<!-- \/ Yoast SEO plugin. -->","yoast_head_json":{"title":"Colophon - Stichting Driel-Polen","robots":{"index":"index","follow":"follow","max-snippet":"max-snippet:-1","max-image-preview":"max-image-preview:large","max-video-preview":"max-video-preview:-1"},"canonical":"https:\/\/www.driel-polen.nl\/en\/historie\/colofon\/","og_locale":"pl_PL","og_type":"article","og_title":"Colophon - Stichting Driel-Polen","og_description":"De Polen van Driel weer in beeld. Broszura towarzysz\u0105ca wystawie o tej samej nazwie, zorganizowanej przez Fundacj\u0119 Driel-Polen we wsp\u00f3\u0142pracy z Fundacj\u0105 Wojtek w Driel, z okazji 60. rocznicy bitwy pod Arnhem, wrzesie\u0144 2004 roku. Tekst: S. Ba\u0142uk, redagowany przez &hellip;","og_url":"https:\/\/www.driel-polen.nl\/en\/historie\/colofon\/","og_site_name":"Stichting Driel-Polen","article_modified_time":"2021-02-10T17:56:59+00:00","twitter_misc":{"Szacowany czas czytania":"2 minuty"},"schema":{"@context":"https:\/\/schema.org","@graph":[{"@type":"WebPage","@id":"https:\/\/www.driel-polen.nl\/en\/historie\/colofon\/","url":"https:\/\/www.driel-polen.nl\/en\/historie\/colofon\/","name":"Colophon - Stichting Driel-Polen","isPartOf":{"@id":"https:\/\/www.driel-polen.nl\/nl\/#website"},"datePublished":"2014-07-28T07:03:31+00:00","dateModified":"2021-02-10T17:56:59+00:00","breadcrumb":{"@id":"https:\/\/www.driel-polen.nl\/en\/historie\/colofon\/#breadcrumb"},"inLanguage":"pl-PL","potentialAction":[{"@type":"ReadAction","target":["https:\/\/www.driel-polen.nl\/en\/historie\/colofon\/"]}]},{"@type":"BreadcrumbList","@id":"https:\/\/www.driel-polen.nl\/en\/historie\/colofon\/#breadcrumb","itemListElement":[{"@type":"ListItem","position":1,"name":"History","item":"https:\/\/www.driel-polen.nl\/en\/historie\/"},{"@type":"ListItem","position":2,"name":"Colophon"}]},{"@type":"WebSite","@id":"https:\/\/www.driel-polen.nl\/nl\/#website","url":"https:\/\/www.driel-polen.nl\/nl\/","name":"Stichting Driel-Polen","description":"General St. Sosabowski","potentialAction":[{"@type":"SearchAction","target":{"@type":"EntryPoint","urlTemplate":"https:\/\/www.driel-polen.nl\/nl\/?s={search_term_string}"},"query-input":{"@type":"PropertyValueSpecification","valueRequired":true,"valueName":"search_term_string"}}],"inLanguage":"pl-PL"}]}},"_links":{"self":[{"href":"https:\/\/www.driel-polen.nl\/pl\/wp-json\/wp\/v2\/pages\/629","targetHints":{"allow":["GET"]}}],"collection":[{"href":"https:\/\/www.driel-polen.nl\/pl\/wp-json\/wp\/v2\/pages"}],"about":[{"href":"https:\/\/www.driel-polen.nl\/pl\/wp-json\/wp\/v2\/types\/page"}],"author":[{"embeddable":true,"href":"https:\/\/www.driel-polen.nl\/pl\/wp-json\/wp\/v2\/users\/17"}],"replies":[{"embeddable":true,"href":"https:\/\/www.driel-polen.nl\/pl\/wp-json\/wp\/v2\/comments?post=629"}],"version-history":[{"count":5,"href":"https:\/\/www.driel-polen.nl\/pl\/wp-json\/wp\/v2\/pages\/629\/revisions"}],"predecessor-version":[{"id":4269,"href":"https:\/\/www.driel-polen.nl\/pl\/wp-json\/wp\/v2\/pages\/629\/revisions\/4269"}],"up":[{"embeddable":true,"href":"https:\/\/www.driel-polen.nl\/pl\/wp-json\/wp\/v2\/pages\/17"}],"wp:attachment":[{"href":"https:\/\/www.driel-polen.nl\/pl\/wp-json\/wp\/v2\/media?parent=629"}],"curies":[{"name":"wp","href":"https:\/\/api.w.org\/{rel}","templated":true}]}}