{"id":54,"date":"2013-05-28T10:44:38","date_gmt":"2013-05-28T09:44:38","guid":{"rendered":"http:\/\/www.driel-polen.nl\/wordpress\/?page_id=54"},"modified":"2023-10-24T22:17:53","modified_gmt":"2023-10-24T20:17:53","slug":"eerherstel","status":"publish","type":"page","link":"https:\/\/www.driel-polen.nl\/pl\/historie\/eerherstel\/","title":{"rendered":"Przywr\u00f3cenie honoru"},"content":{"rendered":"<p><\/p>\n<table class=\" aligncenter\" style=\"width: 250px; border-collapse: collapse;\">\n<tbody>\n<tr>\n<td style=\"width: 50%;\"><img loading=\"lazy\" decoding=\"async\" class=\"alignleft wp-image-5923 size-full\" src=\"https:\/\/www.driel-polen.nl\/wordpress\/wp-content\/uploads\/2021\/01\/mwo.jpg\" alt=\"\" width=\"100\" height=\"145\" \/><\/td>\n<td style=\"width: 50%;\"><img loading=\"lazy\" decoding=\"async\" class=\"alignleft wp-image-5925 size-full\" src=\"https:\/\/www.driel-polen.nl\/wordpress\/wp-content\/uploads\/2021\/01\/bronzenleeuw.jpg\" alt=\"\" width=\"100\" height=\"145\" \/><\/td>\n<\/tr>\n<\/tbody>\n<\/table>\n<p>1. Raport merytoryczny dotycz\u0105cy wyr\u00f3\u017cnienia, maj 2006.<br \/>\n2. Order wojskowy im. kr\u00f3la Willema I<br \/>\n3. Order Br\u0105zowego Lwa<br \/>\n4. Wysokie odznaczenie RP dla Geertjana Lassche.<\/p>\n<table style=\"border-collapse: collapse; width: 100%; height: 110px;\">\n<tbody>\n<tr style=\"height: 22px;\">\n<td style=\"width: 33.3333%; background-color: #73191b; text-align: left; vertical-align: top; height: 22px;\"><span style=\"color: #ffffff;\"><strong>Foto&#8217;s eerherstel 2006<\/strong><\/span><\/td>\n<td style=\"width: 33.3333%; text-align: left; vertical-align: top; background-color: #73191b; height: 22px;\"><span style=\"color: #ffffff;\"><strong>Toespraken<\/strong><\/span><\/td>\n<td style=\"width: 33.3333%; text-align: left; vertical-align: top; background-color: #73191b; height: 22px;\"><\/td>\n<\/tr>\n<tr style=\"height: 22px;\">\n<td style=\"width: 33.3333%; text-align: left; vertical-align: top; height: 22px;\"><a href=\"https:\/\/www.driel-polen.nl\/historie\/eerherstel\/fotos\/2006-eerherstel-den-haag\/\">1-Haga<\/a><\/td>\n<td style=\"width: 33.3333%; text-align: left; vertical-align: top; height: 22px;\"><a href=\"https:\/\/www.driel-polen.nl\/historie\/eerherstel\/diverse-toespraken\/hms-koningin-beatrix\/\">1-Kr\u00f3lowa Beatrix<\/a><\/td>\n<td style=\"width: 33.3333%; text-align: left; vertical-align: top; height: 22px;\"><a href=\"https:\/\/www.driel-polen.nl\/historie\/eerherstel\/diverse-toespraken\/burgemeester-e-tuijnman\/\">5-Burmistrz E. Tuijnman<\/a><\/td>\n<\/tr>\n<tr style=\"height: 22px;\">\n<td style=\"width: 33.3333%; text-align: left; vertical-align: top; height: 22px;\"><a href=\"https:\/\/www.driel-polen.nl\/historie\/eerherstel\/fotos\/2006-eerherstel-polenplein\/\">2-Plac Polski, Driel<\/a><\/td>\n<td style=\"width: 33.3333%; text-align: left; vertical-align: top; height: 22px;\"><a href=\"https:\/\/www.driel-polen.nl\/historie\/eerherstel\/diverse-toespraken\/minister-h-kamp\/\">2-Minister H. Kamp (1)<\/a><\/td>\n<td style=\"width: 33.3333%; text-align: left; vertical-align: top; height: 22px;\"><a href=\"https:\/\/www.driel-polen.nl\/historie\/eerherstel\/diverse-toespraken\/ambassadeur\/\">6-Ambasador Polski<\/a><\/td>\n<\/tr>\n<tr style=\"height: 22px;\">\n<td style=\"width: 33.3333%; text-align: left; vertical-align: top; height: 22px;\"><a href=\"https:\/\/www.driel-polen.nl\/historie\/eerherstel\/fotos\/2006-eerherstel-oldenburg\/\">3-De Oldenburg, Driel<\/a><\/td>\n<td style=\"width: 33.3333%; text-align: left; vertical-align: top; height: 22px;\"><a href=\"https:\/\/www.driel-polen.nl\/historie\/eerherstel\/diverse-toespraken\/minister-h-kamp-2\/\">3-Minister H. Kamp (2)<\/a><\/td>\n<td style=\"width: 33.3333%; text-align: left; vertical-align: top; height: 22px;\"><a href=\"https:\/\/www.driel-polen.nl\/historie\/eerherstel\/diverse-toespraken\/min-r-sikorski\/\">7-Minister Obrony<\/a><\/td>\n<\/tr>\n<tr style=\"height: 22px;\">\n<td style=\"width: 33.3333%; text-align: left; vertical-align: top; height: 22px;\"><a href=\"https:\/\/www.driel-polen.nl\/historie\/eerherstel\/fotos\/2006-eerherstel-doorwerth\/\">4-Westerbouwing, Doorwerth<\/a><\/td>\n<td style=\"width: 33.3333%; text-align: left; vertical-align: top; height: 22px;\"><a href=\"https:\/\/www.driel-polen.nl\/historie\/eerherstel\/diverse-toespraken\/voorzitter-baltussen\/\">4-Przewodnicz\u0105cy A. Baltussen<\/a><\/td>\n<td style=\"width: 33.3333%; text-align: left; vertical-align: top; height: 22px;\"><a href=\"https:\/\/www.driel-polen.nl\/historie\/eerherstel\/diverse-toespraken\/voorzitter-baltussen-2\/\">8-Przewodnicz\u0105cy A Baltussen<\/a><\/td>\n<\/tr>\n<\/tbody>\n<\/table>\n<hr \/>\n<p><\/p>","protected":false},"excerpt":{"rendered":"<p>1. Raport merytoryczny dotycz\u0105cy wyr\u00f3\u017cnienia, maj 2006. 2. Order wojskowy im. kr\u00f3la Willema I 3. Order Br\u0105zowego Lwa 4. Wysokie odznaczenie RP dla Geertjana Lassche. Foto&#8217;s eerherstel 2006 Toespraken 1-Haga 1-Kr\u00f3lowa Beatrix 5-Burmistrz E. Tuijnman 2-Plac Polski, Driel 2-Minister H. <span class=\"excerpt-dots\">&hellip;<\/span> <a class=\"more-link\" href=\"https:\/\/www.driel-polen.nl\/pl\/historie\/eerherstel\/\"><span class=\"more-msg\"><img decoding=\"async\" src=\"https:\/\/www.driel-polen.nl\/downloads\/lees-meer3.jpg\"><\/p>\n<hr class=\"wvrx-expand-full\" style=\"margin:0\"><\/span><\/a><\/p>\n","protected":false},"author":17,"featured_media":0,"parent":17,"menu_order":7,"comment_status":"closed","ping_status":"open","template":"paget-posts.php","meta":{"_monsterinsights_skip_tracking":false,"_monsterinsights_sitenote_active":false,"_monsterinsights_sitenote_note":"","_monsterinsights_sitenote_category":0,"ngg_post_thumbnail":0,"footnotes":""},"class_list":["post-54","page","type-page","status-publish","hentry"],"yoast_head":"<!-- This site is optimized with the Yoast SEO plugin v27.4 - https:\/\/yoast.com\/product\/yoast-seo-wordpress\/ -->\n<title>Przywr\u00f3cenie honoru - Stichting Driel-Polen<\/title>\n<meta name=\"robots\" content=\"index, follow, max-snippet:-1, max-image-preview:large, max-video-preview:-1\" \/>\n<link rel=\"canonical\" href=\"https:\/\/www.driel-polen.nl\/historie\/eerherstel\/\" \/>\n<meta property=\"og:locale\" content=\"pl_PL\" \/>\n<meta property=\"og:type\" content=\"article\" \/>\n<meta property=\"og:title\" content=\"Przywr\u00f3cenie honoru - Stichting Driel-Polen\" \/>\n<meta property=\"og:description\" content=\"1. Raport merytoryczny dotycz\u0105cy wyr\u00f3\u017cnienia, maj 2006. 2. Order wojskowy im. kr\u00f3la Willema I 3. Order Br\u0105zowego Lwa 4. Wysokie odznaczenie RP dla Geertjana Lassche. Foto&#8217;s eerherstel 2006 Toespraken 1-Haga 1-Kr\u00f3lowa Beatrix 5-Burmistrz E. Tuijnman 2-Plac Polski, Driel 2-Minister H. &hellip;\" \/>\n<meta property=\"og:url\" content=\"https:\/\/www.driel-polen.nl\/historie\/eerherstel\/\" \/>\n<meta property=\"og:site_name\" content=\"Stichting Driel-Polen\" \/>\n<meta property=\"article:modified_time\" content=\"2023-10-24T20:17:53+00:00\" \/>\n<meta property=\"og:image\" content=\"https:\/\/www.driel-polen.nl\/wordpress\/wp-content\/uploads\/2021\/01\/mwo.jpg\" \/>\n<meta name=\"twitter:label1\" content=\"Szacowany czas czytania\" \/>\n\t<meta name=\"twitter:data1\" content=\"1 minuta\" \/>\n<script type=\"application\/ld+json\" class=\"yoast-schema-graph\">{\"@context\":\"https:\\\/\\\/schema.org\",\"@graph\":[{\"@type\":\"WebPage\",\"@id\":\"https:\\\/\\\/www.driel-polen.nl\\\/historie\\\/eerherstel\\\/\",\"url\":\"https:\\\/\\\/www.driel-polen.nl\\\/historie\\\/eerherstel\\\/\",\"name\":\"Przywr\u00f3cenie honoru - Stichting Driel-Polen\",\"isPartOf\":{\"@id\":\"https:\\\/\\\/www.driel-polen.nl\\\/nl\\\/#website\"},\"primaryImageOfPage\":{\"@id\":\"https:\\\/\\\/www.driel-polen.nl\\\/historie\\\/eerherstel\\\/#primaryimage\"},\"image\":{\"@id\":\"https:\\\/\\\/www.driel-polen.nl\\\/historie\\\/eerherstel\\\/#primaryimage\"},\"thumbnailUrl\":\"https:\\\/\\\/www.driel-polen.nl\\\/wordpress\\\/wp-content\\\/uploads\\\/2021\\\/01\\\/mwo.jpg\",\"datePublished\":\"2013-05-28T09:44:38+00:00\",\"dateModified\":\"2023-10-24T20:17:53+00:00\",\"breadcrumb\":{\"@id\":\"https:\\\/\\\/www.driel-polen.nl\\\/historie\\\/eerherstel\\\/#breadcrumb\"},\"inLanguage\":\"pl-PL\",\"potentialAction\":[{\"@type\":\"ReadAction\",\"target\":[\"https:\\\/\\\/www.driel-polen.nl\\\/historie\\\/eerherstel\\\/\"]}]},{\"@type\":\"ImageObject\",\"inLanguage\":\"pl-PL\",\"@id\":\"https:\\\/\\\/www.driel-polen.nl\\\/historie\\\/eerherstel\\\/#primaryimage\",\"url\":\"https:\\\/\\\/www.driel-polen.nl\\\/wordpress\\\/wp-content\\\/uploads\\\/2021\\\/01\\\/mwo.jpg\",\"contentUrl\":\"https:\\\/\\\/www.driel-polen.nl\\\/wordpress\\\/wp-content\\\/uploads\\\/2021\\\/01\\\/mwo.jpg\"},{\"@type\":\"BreadcrumbList\",\"@id\":\"https:\\\/\\\/www.driel-polen.nl\\\/historie\\\/eerherstel\\\/#breadcrumb\",\"itemListElement\":[{\"@type\":\"ListItem\",\"position\":1,\"name\":\"History\",\"item\":\"https:\\\/\\\/www.driel-polen.nl\\\/en\\\/historie\\\/\"},{\"@type\":\"ListItem\",\"position\":2,\"name\":\"Eerherstel\"}]},{\"@type\":\"WebSite\",\"@id\":\"https:\\\/\\\/www.driel-polen.nl\\\/nl\\\/#website\",\"url\":\"https:\\\/\\\/www.driel-polen.nl\\\/nl\\\/\",\"name\":\"Stichting Driel-Polen\",\"description\":\"General St. Sosabowski\",\"potentialAction\":[{\"@type\":\"SearchAction\",\"target\":{\"@type\":\"EntryPoint\",\"urlTemplate\":\"https:\\\/\\\/www.driel-polen.nl\\\/nl\\\/?s={search_term_string}\"},\"query-input\":{\"@type\":\"PropertyValueSpecification\",\"valueRequired\":true,\"valueName\":\"search_term_string\"}}],\"inLanguage\":\"pl-PL\"}]}<\/script>\n<!-- \/ Yoast SEO plugin. -->","yoast_head_json":{"title":"Przywr\u00f3cenie honoru - Stichting Driel-Polen","robots":{"index":"index","follow":"follow","max-snippet":"max-snippet:-1","max-image-preview":"max-image-preview:large","max-video-preview":"max-video-preview:-1"},"canonical":"https:\/\/www.driel-polen.nl\/historie\/eerherstel\/","og_locale":"pl_PL","og_type":"article","og_title":"Przywr\u00f3cenie honoru - Stichting Driel-Polen","og_description":"1. Raport merytoryczny dotycz\u0105cy wyr\u00f3\u017cnienia, maj 2006. 2. Order wojskowy im. kr\u00f3la Willema I 3. Order Br\u0105zowego Lwa 4. Wysokie odznaczenie RP dla Geertjana Lassche. Foto&#8217;s eerherstel 2006 Toespraken 1-Haga 1-Kr\u00f3lowa Beatrix 5-Burmistrz E. Tuijnman 2-Plac Polski, Driel 2-Minister H. &hellip;","og_url":"https:\/\/www.driel-polen.nl\/historie\/eerherstel\/","og_site_name":"Stichting Driel-Polen","article_modified_time":"2023-10-24T20:17:53+00:00","og_image":[{"url":"https:\/\/www.driel-polen.nl\/wordpress\/wp-content\/uploads\/2021\/01\/mwo.jpg","type":"","width":"","height":""}],"twitter_misc":{"Szacowany czas czytania":"1 minuta"},"schema":{"@context":"https:\/\/schema.org","@graph":[{"@type":"WebPage","@id":"https:\/\/www.driel-polen.nl\/historie\/eerherstel\/","url":"https:\/\/www.driel-polen.nl\/historie\/eerherstel\/","name":"Przywr\u00f3cenie honoru - Stichting Driel-Polen","isPartOf":{"@id":"https:\/\/www.driel-polen.nl\/nl\/#website"},"primaryImageOfPage":{"@id":"https:\/\/www.driel-polen.nl\/historie\/eerherstel\/#primaryimage"},"image":{"@id":"https:\/\/www.driel-polen.nl\/historie\/eerherstel\/#primaryimage"},"thumbnailUrl":"https:\/\/www.driel-polen.nl\/wordpress\/wp-content\/uploads\/2021\/01\/mwo.jpg","datePublished":"2013-05-28T09:44:38+00:00","dateModified":"2023-10-24T20:17:53+00:00","breadcrumb":{"@id":"https:\/\/www.driel-polen.nl\/historie\/eerherstel\/#breadcrumb"},"inLanguage":"pl-PL","potentialAction":[{"@type":"ReadAction","target":["https:\/\/www.driel-polen.nl\/historie\/eerherstel\/"]}]},{"@type":"ImageObject","inLanguage":"pl-PL","@id":"https:\/\/www.driel-polen.nl\/historie\/eerherstel\/#primaryimage","url":"https:\/\/www.driel-polen.nl\/wordpress\/wp-content\/uploads\/2021\/01\/mwo.jpg","contentUrl":"https:\/\/www.driel-polen.nl\/wordpress\/wp-content\/uploads\/2021\/01\/mwo.jpg"},{"@type":"BreadcrumbList","@id":"https:\/\/www.driel-polen.nl\/historie\/eerherstel\/#breadcrumb","itemListElement":[{"@type":"ListItem","position":1,"name":"History","item":"https:\/\/www.driel-polen.nl\/en\/historie\/"},{"@type":"ListItem","position":2,"name":"Eerherstel"}]},{"@type":"WebSite","@id":"https:\/\/www.driel-polen.nl\/nl\/#website","url":"https:\/\/www.driel-polen.nl\/nl\/","name":"Stichting Driel-Polen","description":"General St. Sosabowski","potentialAction":[{"@type":"SearchAction","target":{"@type":"EntryPoint","urlTemplate":"https:\/\/www.driel-polen.nl\/nl\/?s={search_term_string}"},"query-input":{"@type":"PropertyValueSpecification","valueRequired":true,"valueName":"search_term_string"}}],"inLanguage":"pl-PL"}]}},"_links":{"self":[{"href":"https:\/\/www.driel-polen.nl\/pl\/wp-json\/wp\/v2\/pages\/54","targetHints":{"allow":["GET"]}}],"collection":[{"href":"https:\/\/www.driel-polen.nl\/pl\/wp-json\/wp\/v2\/pages"}],"about":[{"href":"https:\/\/www.driel-polen.nl\/pl\/wp-json\/wp\/v2\/types\/page"}],"author":[{"embeddable":true,"href":"https:\/\/www.driel-polen.nl\/pl\/wp-json\/wp\/v2\/users\/17"}],"replies":[{"embeddable":true,"href":"https:\/\/www.driel-polen.nl\/pl\/wp-json\/wp\/v2\/comments?post=54"}],"version-history":[{"count":33,"href":"https:\/\/www.driel-polen.nl\/pl\/wp-json\/wp\/v2\/pages\/54\/revisions"}],"predecessor-version":[{"id":8079,"href":"https:\/\/www.driel-polen.nl\/pl\/wp-json\/wp\/v2\/pages\/54\/revisions\/8079"}],"up":[{"embeddable":true,"href":"https:\/\/www.driel-polen.nl\/pl\/wp-json\/wp\/v2\/pages\/17"}],"wp:attachment":[{"href":"https:\/\/www.driel-polen.nl\/pl\/wp-json\/wp\/v2\/media?parent=54"}],"curies":[{"name":"wp","href":"https:\/\/api.w.org\/{rel}","templated":true}]}}