{"id":525,"date":"2014-04-23T14:11:28","date_gmt":"2014-04-23T12:11:28","guid":{"rendered":"http:\/\/www.driel-polen.nl\/?page_id=525"},"modified":"2023-10-24T22:30:04","modified_gmt":"2023-10-24T20:30:04","slug":"voorzitter-baltussen-2","status":"publish","type":"page","link":"https:\/\/www.driel-polen.nl\/pl\/historie\/eerherstel\/diverse-toespraken\/voorzitter-baltussen-2\/","title":{"rendered":"Prezes Fundacji Driel-Polen, A. Baltussen"},"content":{"rendered":"<p>Szanowni Weterani, Wdowy po Weteranach, Rodzino Genera\u0142a Sosabowskiego, Ekscelencje, Panie i Panowie,<\/p>\n<p>Dobiega ju\u017c ko\u0144ca ceremonia, podczas kt\u00f3rej zaprezentowali\u015bmy Pa\u0144stwu Wojskowy Order Willema, wr\u0119czony wczoraj przez Jej Kr\u00f3lewsk\u0105 Mo\u015b\u0107 1. Samodzielnej Brygadzie Spadochronowej. Mieli\u015bmy r\u00f3wnie\u017c mo\u017cliwo\u015b\u0107 zaprezentowania Orderu Br\u0105zowego Lwa, przyznanego po\u015bmiertnie Genera\u0142owi Sosabowskiemu.<\/p>\n<p>Jako prezes Stowarzyszenia Driel-Polska, chcia\u0142bym podzi\u0119kowa\u0107 Ministerstwu Obrony za zorganizowanie wczorajszej<br \/>\nceremonii w Hadze oraz udost\u0119pnienie \u015brodk\u00f3w, kt\u00f3re umo\u017cliwi\u0142y przyjazd tak licznej grupy weteran\u00f3w i wd\u00f3w do Holandii, a tak\u017ce do Driel.<\/p>\n<p>Przebieg wydarze\u0144, kt\u00f3re doprowadzi\u0142y do nadania orderu Waszej Brygadzie oraz po\u015bmiertnie<br \/>\nGenera\u0142owi Brygady Stanis\u0142awowi Sosabowskiemu w ci\u0105gu ostatnich dni przedstawiony zosta\u0142 obszernie w prasie i telewizji. Z tego miejsca chcia\u0142bym podzi\u0119kowa\u0107 dziennikarzowi Geertjan Lassche z telewizji EO za opracowanie filmu<br \/>\ndokumentalnego, kt\u00f3ry obejrzeli\u015bmy w telewizji 14 wrze\u015bnia 2004 roku.<br \/>\nW tym filmie dokumentalnym pokazano pismo Kr\u00f3lowej Wilhelminy z 1946 roku, w kt\u00f3rym wyra\u017ca ona zgod\u0119 na nadanie kr\u00f3lewskiego odznaczenia za bohaterstwo dziesi\u0119ciu \u017co\u0142nierzom brygady genera\u0142a Sosabowskiego.<br \/>\nTo pismo oraz wywiad z Ksi\u0119ciem Bernardem, w kt\u00f3rym m\u00f3wi, \u017ce jego \u017cyczeniem jest, aby przyzna\u0107 jeszcze to<br \/>\nodznaczenie, sprawiaj\u0105, \u017ce rz\u0105d realizuje wniosek o ponowne wydanie opinii w sprawie po\u015bmiertnego przyznania odznaczenia, przyj\u0119ty jednog\u0142o\u015bnie przez drug\u0105 izb\u0119 parlamentu holenderskiego.<br \/>\nW grudniu 2004 do Kapitu\u0142y Wojskowego Orderu Willema wp\u0142ywa wniosek o wydanie opinii.<br \/>\n9 grudnia 2005 r. og\u0142oszone zostaje postanowienie rz\u0105du holenderskiego, kt\u00f3rego oficjalna realizacja nast\u0105pi\u0142a w<br \/>\ndniu wczorajszym.<\/p>\n<p>W imieniu naszego Stowarzyszenia chcia\u0142bym gor\u0105co podzi\u0119kowa\u0107 Panu Geertjan Lassche oraz programowi EO, jak r\u00f3wnie\u017c wszystkim, kt\u00f3rzy przyczynili si\u0119 do opracowania tego filmu dokumentalnego oraz wszelkich pozosta\u0142ych do\u0142\u0105czonych p\u00f3\u017aniej materia\u0142\u00f3w.<\/p>\n<p>Wszystko to doprowadzi\u0142o do tego, \u017ce w dniu dzisiejszym mogli\u015bmy si\u0119 tu wszyscy spotka\u0107, aby uczci\u0107 nadanie<br \/>\nobu odznacze\u0144 za bohaterstwo.<\/p>\n<p>Na zako\u0144czenie tej ceremonii za\u015bpiewamy wsp\u00f3lnie pie\u015b\u0144, w kt\u00f3rej Polacy prosz\u0105 Boga o wolno\u015b\u0107, powodzenie i<br \/>\nopiek\u0119:<\/p>\n<p>Bo\u017ce Co\u015b Polsk\u0119<\/p>\n<p>Po odmaszerowaniu 6stej Brygady Desantowo-Szturmowej ze sztandarem, zapraszamy wszystkich Pa\u0144stwa w imieniu<br \/>\nholenderskiego Ministerstwa Obrony na lunch w domu kultury Nieuwenhof. Lunch ten zosta\u0142 zorganizowany g\u0142\u00f3wnie po to, aby weterani, wdowy po weteranach i ich rodziny mogli si\u0119 spotka\u0107 z mieszka\u0144cami Driel.<br \/>\n<a>&lt;&lt; Wr\u00f3\u0107<\/a><\/p>","protected":false},"excerpt":{"rendered":"<p>Szanowni Weterani, Wdowy po Weteranach, Rodzino Genera\u0142a Sosabowskiego, Ekscelencje, Panie i Panowie, Dobiega ju\u017c ko\u0144ca ceremonia, podczas kt\u00f3rej zaprezentowali\u015bmy Pa\u0144stwu Wojskowy Order Willema, wr\u0119czony wczoraj przez Jej Kr\u00f3lewsk\u0105 Mo\u015b\u0107 1. Samodzielnej Brygadzie Spadochronowej. Mieli\u015bmy r\u00f3wnie\u017c mo\u017cliwo\u015b\u0107 zaprezentowania Orderu Br\u0105zowego Lwa, <span class=\"excerpt-dots\">&hellip;<\/span> <a class=\"more-link\" href=\"https:\/\/www.driel-polen.nl\/pl\/historie\/eerherstel\/diverse-toespraken\/voorzitter-baltussen-2\/\"><span class=\"more-msg\"><img decoding=\"async\" src=\"https:\/\/www.driel-polen.nl\/downloads\/lees-meer3.jpg\"><\/p>\n<hr class=\"wvrx-expand-full\" style=\"margin:0\"><\/span><\/a><\/p>\n","protected":false},"author":17,"featured_media":0,"parent":437,"menu_order":8,"comment_status":"closed","ping_status":"open","template":"","meta":{"_monsterinsights_skip_tracking":false,"_monsterinsights_sitenote_active":false,"_monsterinsights_sitenote_note":"","_monsterinsights_sitenote_category":0,"ngg_post_thumbnail":0,"footnotes":""},"class_list":["post-525","page","type-page","status-publish","hentry"],"yoast_head":"<!-- This site is optimized with the Yoast SEO plugin v27.4 - https:\/\/yoast.com\/product\/yoast-seo-wordpress\/ -->\n<title>Prezes Fundacji Driel-Polen, A. Baltussen - Stichting Driel-Polen<\/title>\n<meta name=\"robots\" content=\"index, follow, max-snippet:-1, max-image-preview:large, max-video-preview:-1\" \/>\n<link rel=\"canonical\" href=\"https:\/\/www.driel-polen.nl\/historie\/eerherstel\/diverse-toespraken\/voorzitter-baltussen-2\/\" \/>\n<meta property=\"og:locale\" content=\"pl_PL\" \/>\n<meta property=\"og:type\" content=\"article\" \/>\n<meta property=\"og:title\" content=\"Prezes Fundacji Driel-Polen, A. Baltussen - Stichting Driel-Polen\" \/>\n<meta property=\"og:description\" content=\"Szanowni Weterani, Wdowy po Weteranach, Rodzino Genera\u0142a Sosabowskiego, Ekscelencje, Panie i Panowie, Dobiega ju\u017c ko\u0144ca ceremonia, podczas kt\u00f3rej zaprezentowali\u015bmy Pa\u0144stwu Wojskowy Order Willema, wr\u0119czony wczoraj przez Jej Kr\u00f3lewsk\u0105 Mo\u015b\u0107 1. Samodzielnej Brygadzie Spadochronowej. Mieli\u015bmy r\u00f3wnie\u017c mo\u017cliwo\u015b\u0107 zaprezentowania Orderu Br\u0105zowego Lwa, &hellip;\" \/>\n<meta property=\"og:url\" content=\"https:\/\/www.driel-polen.nl\/historie\/eerherstel\/diverse-toespraken\/voorzitter-baltussen-2\/\" \/>\n<meta property=\"og:site_name\" content=\"Stichting Driel-Polen\" \/>\n<meta property=\"article:modified_time\" content=\"2023-10-24T20:30:04+00:00\" \/>\n<meta name=\"twitter:label1\" content=\"Szacowany czas czytania\" \/>\n\t<meta name=\"twitter:data1\" content=\"2 minuty\" \/>\n<script type=\"application\/ld+json\" class=\"yoast-schema-graph\">{\"@context\":\"https:\\\/\\\/schema.org\",\"@graph\":[{\"@type\":\"WebPage\",\"@id\":\"https:\\\/\\\/www.driel-polen.nl\\\/historie\\\/eerherstel\\\/diverse-toespraken\\\/voorzitter-baltussen-2\\\/\",\"url\":\"https:\\\/\\\/www.driel-polen.nl\\\/historie\\\/eerherstel\\\/diverse-toespraken\\\/voorzitter-baltussen-2\\\/\",\"name\":\"Prezes Fundacji Driel-Polen, A. Baltussen - Stichting Driel-Polen\",\"isPartOf\":{\"@id\":\"https:\\\/\\\/www.driel-polen.nl\\\/nl\\\/#website\"},\"datePublished\":\"2014-04-23T12:11:28+00:00\",\"dateModified\":\"2023-10-24T20:30:04+00:00\",\"breadcrumb\":{\"@id\":\"https:\\\/\\\/www.driel-polen.nl\\\/historie\\\/eerherstel\\\/diverse-toespraken\\\/voorzitter-baltussen-2\\\/#breadcrumb\"},\"inLanguage\":\"pl-PL\",\"potentialAction\":[{\"@type\":\"ReadAction\",\"target\":[\"https:\\\/\\\/www.driel-polen.nl\\\/historie\\\/eerherstel\\\/diverse-toespraken\\\/voorzitter-baltussen-2\\\/\"]}]},{\"@type\":\"BreadcrumbList\",\"@id\":\"https:\\\/\\\/www.driel-polen.nl\\\/historie\\\/eerherstel\\\/diverse-toespraken\\\/voorzitter-baltussen-2\\\/#breadcrumb\",\"itemListElement\":[{\"@type\":\"ListItem\",\"position\":1,\"name\":\"History\",\"item\":\"https:\\\/\\\/www.driel-polen.nl\\\/en\\\/historie\\\/\"},{\"@type\":\"ListItem\",\"position\":2,\"name\":\"Eerherstel\",\"item\":\"https:\\\/\\\/www.driel-polen.nl\\\/historie\\\/eerherstel\\\/\"},{\"@type\":\"ListItem\",\"position\":3,\"name\":\"Diverse toespraken\",\"item\":\"https:\\\/\\\/www.driel-polen.nl\\\/historie\\\/eerherstel\\\/diverse-toespraken\\\/\"},{\"@type\":\"ListItem\",\"position\":4,\"name\":\"Voorzitter A. Baltussen\"}]},{\"@type\":\"WebSite\",\"@id\":\"https:\\\/\\\/www.driel-polen.nl\\\/nl\\\/#website\",\"url\":\"https:\\\/\\\/www.driel-polen.nl\\\/nl\\\/\",\"name\":\"Stichting Driel-Polen\",\"description\":\"General St. Sosabowski\",\"potentialAction\":[{\"@type\":\"SearchAction\",\"target\":{\"@type\":\"EntryPoint\",\"urlTemplate\":\"https:\\\/\\\/www.driel-polen.nl\\\/nl\\\/?s={search_term_string}\"},\"query-input\":{\"@type\":\"PropertyValueSpecification\",\"valueRequired\":true,\"valueName\":\"search_term_string\"}}],\"inLanguage\":\"pl-PL\"}]}<\/script>\n<!-- \/ Yoast SEO plugin. -->","yoast_head_json":{"title":"Prezes Fundacji Driel-Polen, A. Baltussen - Stichting Driel-Polen","robots":{"index":"index","follow":"follow","max-snippet":"max-snippet:-1","max-image-preview":"max-image-preview:large","max-video-preview":"max-video-preview:-1"},"canonical":"https:\/\/www.driel-polen.nl\/historie\/eerherstel\/diverse-toespraken\/voorzitter-baltussen-2\/","og_locale":"pl_PL","og_type":"article","og_title":"Prezes Fundacji Driel-Polen, A. Baltussen - Stichting Driel-Polen","og_description":"Szanowni Weterani, Wdowy po Weteranach, Rodzino Genera\u0142a Sosabowskiego, Ekscelencje, Panie i Panowie, Dobiega ju\u017c ko\u0144ca ceremonia, podczas kt\u00f3rej zaprezentowali\u015bmy Pa\u0144stwu Wojskowy Order Willema, wr\u0119czony wczoraj przez Jej Kr\u00f3lewsk\u0105 Mo\u015b\u0107 1. Samodzielnej Brygadzie Spadochronowej. Mieli\u015bmy r\u00f3wnie\u017c mo\u017cliwo\u015b\u0107 zaprezentowania Orderu Br\u0105zowego Lwa, &hellip;","og_url":"https:\/\/www.driel-polen.nl\/historie\/eerherstel\/diverse-toespraken\/voorzitter-baltussen-2\/","og_site_name":"Stichting Driel-Polen","article_modified_time":"2023-10-24T20:30:04+00:00","twitter_misc":{"Szacowany czas czytania":"2 minuty"},"schema":{"@context":"https:\/\/schema.org","@graph":[{"@type":"WebPage","@id":"https:\/\/www.driel-polen.nl\/historie\/eerherstel\/diverse-toespraken\/voorzitter-baltussen-2\/","url":"https:\/\/www.driel-polen.nl\/historie\/eerherstel\/diverse-toespraken\/voorzitter-baltussen-2\/","name":"Prezes Fundacji Driel-Polen, A. Baltussen - Stichting Driel-Polen","isPartOf":{"@id":"https:\/\/www.driel-polen.nl\/nl\/#website"},"datePublished":"2014-04-23T12:11:28+00:00","dateModified":"2023-10-24T20:30:04+00:00","breadcrumb":{"@id":"https:\/\/www.driel-polen.nl\/historie\/eerherstel\/diverse-toespraken\/voorzitter-baltussen-2\/#breadcrumb"},"inLanguage":"pl-PL","potentialAction":[{"@type":"ReadAction","target":["https:\/\/www.driel-polen.nl\/historie\/eerherstel\/diverse-toespraken\/voorzitter-baltussen-2\/"]}]},{"@type":"BreadcrumbList","@id":"https:\/\/www.driel-polen.nl\/historie\/eerherstel\/diverse-toespraken\/voorzitter-baltussen-2\/#breadcrumb","itemListElement":[{"@type":"ListItem","position":1,"name":"History","item":"https:\/\/www.driel-polen.nl\/en\/historie\/"},{"@type":"ListItem","position":2,"name":"Eerherstel","item":"https:\/\/www.driel-polen.nl\/historie\/eerherstel\/"},{"@type":"ListItem","position":3,"name":"Diverse toespraken","item":"https:\/\/www.driel-polen.nl\/historie\/eerherstel\/diverse-toespraken\/"},{"@type":"ListItem","position":4,"name":"Voorzitter A. Baltussen"}]},{"@type":"WebSite","@id":"https:\/\/www.driel-polen.nl\/nl\/#website","url":"https:\/\/www.driel-polen.nl\/nl\/","name":"Stichting Driel-Polen","description":"General St. Sosabowski","potentialAction":[{"@type":"SearchAction","target":{"@type":"EntryPoint","urlTemplate":"https:\/\/www.driel-polen.nl\/nl\/?s={search_term_string}"},"query-input":{"@type":"PropertyValueSpecification","valueRequired":true,"valueName":"search_term_string"}}],"inLanguage":"pl-PL"}]}},"_links":{"self":[{"href":"https:\/\/www.driel-polen.nl\/pl\/wp-json\/wp\/v2\/pages\/525","targetHints":{"allow":["GET"]}}],"collection":[{"href":"https:\/\/www.driel-polen.nl\/pl\/wp-json\/wp\/v2\/pages"}],"about":[{"href":"https:\/\/www.driel-polen.nl\/pl\/wp-json\/wp\/v2\/types\/page"}],"author":[{"embeddable":true,"href":"https:\/\/www.driel-polen.nl\/pl\/wp-json\/wp\/v2\/users\/17"}],"replies":[{"embeddable":true,"href":"https:\/\/www.driel-polen.nl\/pl\/wp-json\/wp\/v2\/comments?post=525"}],"version-history":[{"count":5,"href":"https:\/\/www.driel-polen.nl\/pl\/wp-json\/wp\/v2\/pages\/525\/revisions"}],"predecessor-version":[{"id":8090,"href":"https:\/\/www.driel-polen.nl\/pl\/wp-json\/wp\/v2\/pages\/525\/revisions\/8090"}],"up":[{"embeddable":true,"href":"https:\/\/www.driel-polen.nl\/pl\/wp-json\/wp\/v2\/pages\/437"}],"wp:attachment":[{"href":"https:\/\/www.driel-polen.nl\/pl\/wp-json\/wp\/v2\/media?parent=525"}],"curies":[{"name":"wp","href":"https:\/\/api.w.org\/{rel}","templated":true}]}}