{"id":51,"date":"2013-05-28T10:36:36","date_gmt":"2013-05-28T09:36:36","guid":{"rendered":"http:\/\/www.driel-polen.nl\/wordpress\/?page_id=51"},"modified":"2022-02-18T18:00:00","modified_gmt":"2022-02-18T17:00:00","slug":"informatiecentrum","status":"publish","type":"page","link":"https:\/\/www.driel-polen.nl\/pl\/informatiecentrum\/","title":{"rendered":"Centr. Informacji"},"content":{"rendered":"<p><\/p>\n<h4 style=\"text-align: center;\"><span style=\"color: #993366;\"><em>\u2018Zwi\u0105zani przyja\u017ani\u0105 i wdzi\u0119czno\u015bci\u0105\u2019<\/em><\/span><\/h4>\n<p>Centrum Informacyjne: Polacy z Driel przybli\u017ca przebieg walk 1 Polskiej Samodzielnej Brygady Spadochronowej podczas operacji Market Garden w miejscowo\u015bci Driel i jej okolicach. Przedstawia ono r\u00f3wnie\u017c histori\u0119 powstania polskiej brygady, porusza temat niehonorowego potraktowania Polak\u00f3w po niepowodzeniu operacji i opowiada o przyjacielskiej wi\u0119zi powsta\u0142ej na bazie wdzi\u0119czno\u015bci pomi\u0119dzy mieszka\u0144cami Driel i polskimi spadochroniarzami.<\/p>\n<p>Centrum informacyjne znajduje si\u0119 na ty\u0142ach ko\u015bcio\u0142a rzymskokatolickiego w Driel. Otwarte jest codziennie w godzinach od 9.00 do 17.00. Kerkstraat 27, 6665 CE Driel.<br \/>\nWst\u0119p bezp\u0142atny.<br \/>\nNaprzeciwko ko\u015bcio\u0142a usytuowany jest przystanek autobusowy. Znajduj\u0105 si\u0119 tam r\u00f3wnie\u017c miejsca parkingowe dla samochod\u00f3w osobowych i autokar\u00f3w.<br \/>\n&gt; <a title=\"2014-ic-fotos-algemeen\" href=\"http:\/\/www.driel-polen.nl\/?page_id=1049&amp;lang=pl\">Foto&#8217;s<\/a><\/p>\n<hr \/>\n<p>&nbsp;<\/p>","protected":false},"excerpt":{"rendered":"<p>\u2018Zwi\u0105zani przyja\u017ani\u0105 i wdzi\u0119czno\u015bci\u0105\u2019 Centrum Informacyjne: Polacy z Driel przybli\u017ca przebieg walk 1 Polskiej Samodzielnej Brygady Spadochronowej podczas operacji Market Garden w miejscowo\u015bci Driel i jej okolicach. Przedstawia ono r\u00f3wnie\u017c histori\u0119 powstania polskiej brygady, porusza temat niehonorowego potraktowania Polak\u00f3w po <span class=\"excerpt-dots\">&hellip;<\/span> <a class=\"more-link\" href=\"https:\/\/www.driel-polen.nl\/pl\/informatiecentrum\/\"><span class=\"more-msg\"><img decoding=\"async\" src=\"https:\/\/www.driel-polen.nl\/downloads\/lees-meer3.jpg\"><\/p>\n<hr class=\"wvrx-expand-full\" style=\"margin:0\"><\/span><\/a><\/p>\n","protected":false},"author":17,"featured_media":0,"parent":0,"menu_order":4,"comment_status":"closed","ping_status":"closed","template":"paget-posts.php","meta":{"_monsterinsights_skip_tracking":false,"_monsterinsights_sitenote_active":false,"_monsterinsights_sitenote_note":"","_monsterinsights_sitenote_category":0,"ngg_post_thumbnail":0,"footnotes":""},"class_list":["post-51","page","type-page","status-publish","hentry"],"yoast_head":"<!-- This site is optimized with the Yoast SEO plugin v27.4 - https:\/\/yoast.com\/product\/yoast-seo-wordpress\/ -->\n<title>Informatiecentrum<\/title>\n<meta name=\"description\" content=\"Informatiecentrum De Polen van Driel belicht de strijd van de 1ste Poolse Onafhankelijke Parachutistenbrigade bij het dorp Driel tijdens Operatie Market Garden\" \/>\n<meta name=\"robots\" content=\"index, follow, max-snippet:-1, max-image-preview:large, max-video-preview:-1\" \/>\n<link rel=\"canonical\" href=\"https:\/\/www.driel-polen.nl\/informatiecentrum\/\" \/>\n<meta property=\"og:locale\" content=\"pl_PL\" \/>\n<meta property=\"og:type\" content=\"article\" \/>\n<meta property=\"og:title\" content=\"Informatiecentrum\" \/>\n<meta property=\"og:description\" content=\"Informatiecentrum De Polen van Driel belicht de strijd van de 1ste Poolse Onafhankelijke Parachutistenbrigade bij het dorp Driel tijdens Operatie Market Garden\" \/>\n<meta property=\"og:url\" content=\"https:\/\/www.driel-polen.nl\/informatiecentrum\/\" \/>\n<meta property=\"og:site_name\" content=\"Stichting Driel-Polen\" \/>\n<meta property=\"article:modified_time\" content=\"2022-02-18T17:00:00+00:00\" \/>\n<meta name=\"twitter:label1\" content=\"Szacowany czas czytania\" \/>\n\t<meta name=\"twitter:data1\" content=\"2 minuty\" \/>\n<script type=\"application\/ld+json\" class=\"yoast-schema-graph\">{\"@context\":\"https:\\\/\\\/schema.org\",\"@graph\":[{\"@type\":\"WebPage\",\"@id\":\"https:\\\/\\\/www.driel-polen.nl\\\/informatiecentrum\\\/\",\"url\":\"https:\\\/\\\/www.driel-polen.nl\\\/informatiecentrum\\\/\",\"name\":\"Informatiecentrum\",\"isPartOf\":{\"@id\":\"https:\\\/\\\/www.driel-polen.nl\\\/nl\\\/#website\"},\"datePublished\":\"2013-05-28T09:36:36+00:00\",\"dateModified\":\"2022-02-18T17:00:00+00:00\",\"description\":\"Informatiecentrum De Polen van Driel belicht de strijd van de 1ste Poolse Onafhankelijke Parachutistenbrigade bij het dorp Driel tijdens Operatie Market Garden\",\"inLanguage\":\"pl-PL\",\"potentialAction\":[{\"@type\":\"ReadAction\",\"target\":[\"https:\\\/\\\/www.driel-polen.nl\\\/informatiecentrum\\\/\"]}]},{\"@type\":\"WebSite\",\"@id\":\"https:\\\/\\\/www.driel-polen.nl\\\/nl\\\/#website\",\"url\":\"https:\\\/\\\/www.driel-polen.nl\\\/nl\\\/\",\"name\":\"Stichting Driel-Polen\",\"description\":\"General St. Sosabowski\",\"potentialAction\":[{\"@type\":\"SearchAction\",\"target\":{\"@type\":\"EntryPoint\",\"urlTemplate\":\"https:\\\/\\\/www.driel-polen.nl\\\/nl\\\/?s={search_term_string}\"},\"query-input\":{\"@type\":\"PropertyValueSpecification\",\"valueRequired\":true,\"valueName\":\"search_term_string\"}}],\"inLanguage\":\"pl-PL\"}]}<\/script>\n<!-- \/ Yoast SEO plugin. -->","yoast_head_json":{"title":"Informatiecentrum","description":"Informatiecentrum De Polen van Driel belicht de strijd van de 1ste Poolse Onafhankelijke Parachutistenbrigade bij het dorp Driel tijdens Operatie Market Garden","robots":{"index":"index","follow":"follow","max-snippet":"max-snippet:-1","max-image-preview":"max-image-preview:large","max-video-preview":"max-video-preview:-1"},"canonical":"https:\/\/www.driel-polen.nl\/informatiecentrum\/","og_locale":"pl_PL","og_type":"article","og_title":"Informatiecentrum","og_description":"Informatiecentrum De Polen van Driel belicht de strijd van de 1ste Poolse Onafhankelijke Parachutistenbrigade bij het dorp Driel tijdens Operatie Market Garden","og_url":"https:\/\/www.driel-polen.nl\/informatiecentrum\/","og_site_name":"Stichting Driel-Polen","article_modified_time":"2022-02-18T17:00:00+00:00","twitter_misc":{"Szacowany czas czytania":"2 minuty"},"schema":{"@context":"https:\/\/schema.org","@graph":[{"@type":"WebPage","@id":"https:\/\/www.driel-polen.nl\/informatiecentrum\/","url":"https:\/\/www.driel-polen.nl\/informatiecentrum\/","name":"Informatiecentrum","isPartOf":{"@id":"https:\/\/www.driel-polen.nl\/nl\/#website"},"datePublished":"2013-05-28T09:36:36+00:00","dateModified":"2022-02-18T17:00:00+00:00","description":"Informatiecentrum De Polen van Driel belicht de strijd van de 1ste Poolse Onafhankelijke Parachutistenbrigade bij het dorp Driel tijdens Operatie Market Garden","inLanguage":"pl-PL","potentialAction":[{"@type":"ReadAction","target":["https:\/\/www.driel-polen.nl\/informatiecentrum\/"]}]},{"@type":"WebSite","@id":"https:\/\/www.driel-polen.nl\/nl\/#website","url":"https:\/\/www.driel-polen.nl\/nl\/","name":"Stichting Driel-Polen","description":"General St. Sosabowski","potentialAction":[{"@type":"SearchAction","target":{"@type":"EntryPoint","urlTemplate":"https:\/\/www.driel-polen.nl\/nl\/?s={search_term_string}"},"query-input":{"@type":"PropertyValueSpecification","valueRequired":true,"valueName":"search_term_string"}}],"inLanguage":"pl-PL"}]}},"_links":{"self":[{"href":"https:\/\/www.driel-polen.nl\/pl\/wp-json\/wp\/v2\/pages\/51","targetHints":{"allow":["GET"]}}],"collection":[{"href":"https:\/\/www.driel-polen.nl\/pl\/wp-json\/wp\/v2\/pages"}],"about":[{"href":"https:\/\/www.driel-polen.nl\/pl\/wp-json\/wp\/v2\/types\/page"}],"author":[{"embeddable":true,"href":"https:\/\/www.driel-polen.nl\/pl\/wp-json\/wp\/v2\/users\/17"}],"replies":[{"embeddable":true,"href":"https:\/\/www.driel-polen.nl\/pl\/wp-json\/wp\/v2\/comments?post=51"}],"version-history":[{"count":22,"href":"https:\/\/www.driel-polen.nl\/pl\/wp-json\/wp\/v2\/pages\/51\/revisions"}],"predecessor-version":[{"id":7582,"href":"https:\/\/www.driel-polen.nl\/pl\/wp-json\/wp\/v2\/pages\/51\/revisions\/7582"}],"wp:attachment":[{"href":"https:\/\/www.driel-polen.nl\/pl\/wp-json\/wp\/v2\/media?parent=51"}],"curies":[{"name":"wp","href":"https:\/\/api.w.org\/{rel}","templated":true}]}}