{"id":5,"date":"2013-03-20T12:26:05","date_gmt":"2013-03-20T11:26:05","guid":{"rendered":"http:\/\/www.driel-polen.nl\/wordpress\/?page_id=5"},"modified":"2023-10-24T21:41:05","modified_gmt":"2023-10-24T19:41:05","slug":"stichting","status":"publish","type":"page","link":"https:\/\/www.driel-polen.nl\/pl\/stichting\/","title":{"rendered":"Fundacja"},"content":{"rendered":"<p>Dnia 21 wrze\u015bnia 1944 roku 1003 spadochroniarzy z 1. Polskiej Samodzielnej Brygady Spadochronowej wyl\u0105dowa\u0142o w Driel i okolicach, aby wzi\u0105\u0107 udzia\u0142 w Bitwie pod Arnhem.<br \/>\nRok p\u00f3\u017aniej za\u0142o\u017cono Komitet Driel \u2013 Polen (obecnie Fundacja Driel-Polen), kt\u00f3rego celem jest:<br \/>\n<i>Kultywowanie pami\u0119ci udzia\u0142u 1. Polskiej Samodzielnej Brygady Spadochronowej w Bitwie pod Arnhem poprzez organizowanie corocznych uroczysto\u015bci upami\u0119tniaj\u0105cych desant, rozpowszechnianie informacji na temat udzia\u0142u polskich \u017co\u0142nierzy w Bitwie pod Arnhem oraz anga\u017cowanie mieszka\u0144c\u00f3w Driel w uroczysto\u015bci<\/i>.<\/p>\n<ul>\n<li><a href=\"https:\/\/www.driel-polen.nl\/stichting\/bestuur\/\">Zarz\u0105d<\/a><\/li>\n<li><a href=\"https:\/\/www.driel-polen.nl\/stichting\/geschiedenis\/\">Historia Fundacji<\/a><\/li>\n<li><a href=\"https:\/\/www.driel-polen.nl\/stichting\/anbi-informatie\/\">ANBI informatie<\/a><\/li>\n<li><a href=\"https:\/\/www.driel-polen.nl\/stichting\/archief\/berichten-archief\/\">Archiwum<\/a><\/li>\n<\/ul>\n<blockquote><p><a href=\"https:\/\/www.driel-polen.nl\/stichting\/archief\/\">Archiwum wiadomo\u015bci<\/a><\/p><\/blockquote>\n<p><\/p>","protected":false},"excerpt":{"rendered":"<p>Dnia 21 wrze\u015bnia 1944 roku 1003 spadochroniarzy z 1. Polskiej Samodzielnej Brygady Spadochronowej wyl\u0105dowa\u0142o w Driel i okolicach, aby wzi\u0105\u0107 udzia\u0142 w Bitwie pod Arnhem. Rok p\u00f3\u017aniej za\u0142o\u017cono Komitet Driel \u2013 Polen (obecnie Fundacja Driel-Polen), kt\u00f3rego celem jest: Kultywowanie pami\u0119ci <span class=\"excerpt-dots\">&hellip;<\/span> <a class=\"more-link\" href=\"https:\/\/www.driel-polen.nl\/pl\/stichting\/\"><span class=\"more-msg\"><img decoding=\"async\" src=\"https:\/\/www.driel-polen.nl\/downloads\/lees-meer3.jpg\"><\/p>\n<hr class=\"wvrx-expand-full\" style=\"margin:0\"><\/span><\/a><\/p>\n","protected":false},"author":17,"featured_media":0,"parent":0,"menu_order":2,"comment_status":"closed","ping_status":"closed","template":"","meta":{"_monsterinsights_skip_tracking":false,"_monsterinsights_sitenote_active":false,"_monsterinsights_sitenote_note":"","_monsterinsights_sitenote_category":0,"ngg_post_thumbnail":0,"footnotes":""},"class_list":["post-5","page","type-page","status-publish","hentry"],"yoast_head":"<!-- This site is optimized with the Yoast SEO plugin v27.4 - https:\/\/yoast.com\/product\/yoast-seo-wordpress\/ -->\n<title>Fundacja - Stichting Driel-Polen<\/title>\n<meta name=\"robots\" content=\"index, follow, max-snippet:-1, max-image-preview:large, max-video-preview:-1\" \/>\n<link rel=\"canonical\" href=\"https:\/\/www.driel-polen.nl\/stichting\/\" \/>\n<meta property=\"og:locale\" content=\"pl_PL\" \/>\n<meta property=\"og:type\" content=\"article\" \/>\n<meta property=\"og:title\" content=\"Fundacja - Stichting Driel-Polen\" \/>\n<meta property=\"og:description\" content=\"Dnia 21 wrze\u015bnia 1944 roku 1003 spadochroniarzy z 1. Polskiej Samodzielnej Brygady Spadochronowej wyl\u0105dowa\u0142o w Driel i okolicach, aby wzi\u0105\u0107 udzia\u0142 w Bitwie pod Arnhem. Rok p\u00f3\u017aniej za\u0142o\u017cono Komitet Driel \u2013 Polen (obecnie Fundacja Driel-Polen), kt\u00f3rego celem jest: Kultywowanie pami\u0119ci &hellip;\" \/>\n<meta property=\"og:url\" content=\"https:\/\/www.driel-polen.nl\/stichting\/\" \/>\n<meta property=\"og:site_name\" content=\"Stichting Driel-Polen\" \/>\n<meta property=\"article:modified_time\" content=\"2023-10-24T19:41:05+00:00\" \/>\n<meta name=\"twitter:label1\" content=\"Szacowany czas czytania\" \/>\n\t<meta name=\"twitter:data1\" content=\"1 minuta\" \/>\n<script type=\"application\/ld+json\" class=\"yoast-schema-graph\">{\"@context\":\"https:\\\/\\\/schema.org\",\"@graph\":[{\"@type\":\"WebPage\",\"@id\":\"https:\\\/\\\/www.driel-polen.nl\\\/stichting\\\/\",\"url\":\"https:\\\/\\\/www.driel-polen.nl\\\/stichting\\\/\",\"name\":\"Fundacja - Stichting Driel-Polen\",\"isPartOf\":{\"@id\":\"https:\\\/\\\/www.driel-polen.nl\\\/nl\\\/#website\"},\"datePublished\":\"2013-03-20T11:26:05+00:00\",\"dateModified\":\"2023-10-24T19:41:05+00:00\",\"inLanguage\":\"pl-PL\",\"potentialAction\":[{\"@type\":\"ReadAction\",\"target\":[\"https:\\\/\\\/www.driel-polen.nl\\\/stichting\\\/\"]}]},{\"@type\":\"WebSite\",\"@id\":\"https:\\\/\\\/www.driel-polen.nl\\\/nl\\\/#website\",\"url\":\"https:\\\/\\\/www.driel-polen.nl\\\/nl\\\/\",\"name\":\"Stichting Driel-Polen\",\"description\":\"General St. Sosabowski\",\"potentialAction\":[{\"@type\":\"SearchAction\",\"target\":{\"@type\":\"EntryPoint\",\"urlTemplate\":\"https:\\\/\\\/www.driel-polen.nl\\\/nl\\\/?s={search_term_string}\"},\"query-input\":{\"@type\":\"PropertyValueSpecification\",\"valueRequired\":true,\"valueName\":\"search_term_string\"}}],\"inLanguage\":\"pl-PL\"}]}<\/script>\n<!-- \/ Yoast SEO plugin. -->","yoast_head_json":{"title":"Fundacja - Stichting Driel-Polen","robots":{"index":"index","follow":"follow","max-snippet":"max-snippet:-1","max-image-preview":"max-image-preview:large","max-video-preview":"max-video-preview:-1"},"canonical":"https:\/\/www.driel-polen.nl\/stichting\/","og_locale":"pl_PL","og_type":"article","og_title":"Fundacja - Stichting Driel-Polen","og_description":"Dnia 21 wrze\u015bnia 1944 roku 1003 spadochroniarzy z 1. Polskiej Samodzielnej Brygady Spadochronowej wyl\u0105dowa\u0142o w Driel i okolicach, aby wzi\u0105\u0107 udzia\u0142 w Bitwie pod Arnhem. Rok p\u00f3\u017aniej za\u0142o\u017cono Komitet Driel \u2013 Polen (obecnie Fundacja Driel-Polen), kt\u00f3rego celem jest: Kultywowanie pami\u0119ci &hellip;","og_url":"https:\/\/www.driel-polen.nl\/stichting\/","og_site_name":"Stichting Driel-Polen","article_modified_time":"2023-10-24T19:41:05+00:00","twitter_misc":{"Szacowany czas czytania":"1 minuta"},"schema":{"@context":"https:\/\/schema.org","@graph":[{"@type":"WebPage","@id":"https:\/\/www.driel-polen.nl\/stichting\/","url":"https:\/\/www.driel-polen.nl\/stichting\/","name":"Fundacja - Stichting Driel-Polen","isPartOf":{"@id":"https:\/\/www.driel-polen.nl\/nl\/#website"},"datePublished":"2013-03-20T11:26:05+00:00","dateModified":"2023-10-24T19:41:05+00:00","inLanguage":"pl-PL","potentialAction":[{"@type":"ReadAction","target":["https:\/\/www.driel-polen.nl\/stichting\/"]}]},{"@type":"WebSite","@id":"https:\/\/www.driel-polen.nl\/nl\/#website","url":"https:\/\/www.driel-polen.nl\/nl\/","name":"Stichting Driel-Polen","description":"General St. Sosabowski","potentialAction":[{"@type":"SearchAction","target":{"@type":"EntryPoint","urlTemplate":"https:\/\/www.driel-polen.nl\/nl\/?s={search_term_string}"},"query-input":{"@type":"PropertyValueSpecification","valueRequired":true,"valueName":"search_term_string"}}],"inLanguage":"pl-PL"}]}},"_links":{"self":[{"href":"https:\/\/www.driel-polen.nl\/pl\/wp-json\/wp\/v2\/pages\/5","targetHints":{"allow":["GET"]}}],"collection":[{"href":"https:\/\/www.driel-polen.nl\/pl\/wp-json\/wp\/v2\/pages"}],"about":[{"href":"https:\/\/www.driel-polen.nl\/pl\/wp-json\/wp\/v2\/types\/page"}],"author":[{"embeddable":true,"href":"https:\/\/www.driel-polen.nl\/pl\/wp-json\/wp\/v2\/users\/17"}],"replies":[{"embeddable":true,"href":"https:\/\/www.driel-polen.nl\/pl\/wp-json\/wp\/v2\/comments?post=5"}],"version-history":[{"count":20,"href":"https:\/\/www.driel-polen.nl\/pl\/wp-json\/wp\/v2\/pages\/5\/revisions"}],"predecessor-version":[{"id":8054,"href":"https:\/\/www.driel-polen.nl\/pl\/wp-json\/wp\/v2\/pages\/5\/revisions\/8054"}],"wp:attachment":[{"href":"https:\/\/www.driel-polen.nl\/pl\/wp-json\/wp\/v2\/media?parent=5"}],"curies":[{"name":"wp","href":"https:\/\/api.w.org\/{rel}","templated":true}]}}