{"id":495,"date":"2014-04-23T13:06:34","date_gmt":"2014-04-23T11:06:34","guid":{"rendered":"http:\/\/www.driel-polen.nl\/?page_id=495"},"modified":"2023-10-24T22:23:32","modified_gmt":"2023-10-24T20:23:32","slug":"minister-h-kamp","status":"publish","type":"page","link":"https:\/\/www.driel-polen.nl\/pl\/historie\/eerherstel\/diverse-toespraken\/minister-h-kamp\/","title":{"rendered":"Minister H. Kamp"},"content":{"rendered":"<p><img loading=\"lazy\" decoding=\"async\" class=\"alignleft size-full wp-image-533\" src=\"http:\/\/www.driel-polen.nl\/wordpress\/wp-content\/uploads\/2014\/04\/foto-henk-kamp.jpg\" alt=\"foto-henk-kamp\" width=\"175\" height=\"250\" \/>To dla mnie wielki zaszczyt, \u017ce mog\u0119 Pa\u0144stwa powita\u0107 na tym lunchu. Przede wszystkim weteran\u00f3w, kt\u00f3rzy przyczynili si\u0119 do wyzwolenia Holandii i ich najbli\u017cszych, kt\u00f3rzy tutaj s\u0105, aby uczci\u0107 pami\u0119\u0107 ich m\u0119\u017c\u00f3w, ojc\u00f3w lub przyjaci\u00f3\u0142 z pola walki. Dzisiaj rano wydarzy\u0142o si\u0119 co\u015b niezwyk\u0142ego. Waleczno\u015b\u0107 \u017co\u0142nierzy polskiej 1-ej Samodzielnej Brygady Spadochronowej zosta\u0142a dzisiaj, po 60-u latach przez Holandi\u0119 uhonorowana. R\u00f3wnie\u017c jej \u00f3wczesny dow\u00f3dca, genera\u0142 Stanis\u0142aw Sosabowski otrzyma\u0142 dzisiaj po\u015bmiertnie dow\u00f3d czci, na kt\u00f3ry on zas\u0142uguje.Historia polskiej Brygady Spadochronowej jest niezwyk\u0142a. Brygada by\u0142a szkolona, aby w odpowiednim momencie jej \u017co\u0142nierze mogli zosta\u0107 zrzuceni na ziemie polskie i w ten spos\u00f3b przyczyni\u0107 si\u0119 do wyzwolenia w\u0142asnej ojczyzny. Jak to cz\u0119sto w \u017cyciu bywa i tym razem sprawy potoczy\u0142y si\u0119 inaczej. Ostatecznie Polscy \u017co\u0142nierze walczyli o wyzwolenie naszego kraju i byli przygotowani na z\u0142o\u017cenie najwy\u017cej ofiary. Za to \u2013 my Holendrzy \u2013 jeste\u015bmy im jeszcze do chwili obecnej bardzo wdzi\u0119czni.Operacja, w kt\u00f3rej Pa\u0144stwo brali udzia\u0142, Market Garden, by\u0142a \u015bmia\u0142\u0105 operacj\u0105. To by\u0142a najwi\u0119ksza desantowa operacja, jak\u0105 \u015bwiat kiedykolwiek widzia\u0142. W czasie jednej operacji mia\u0142 zosta\u0107 przej\u0119ty ponad 100 km odcinek teren\u00f3w wroga. Kilka most\u00f3w na Renie mia\u0142o dosta\u0107 si\u0119 w ci\u0105gu kilku dni w r\u0119ce Sprzymierzonych. Dzi\u0119ki tej udanej akcji zako\u0144czenie wojny mia\u0142o zosta\u0107 znacznie przy\u015bpieszone.W czasie wojny musz\u0105 by\u0107 czasami podejmowane wielkie ryzyka, kt\u00f3rych rezultaty s\u0105 cz\u0119sto niepewne. Tak by\u0142o r\u00f3wnie\u017c z operacj\u0105 Market Garden. Dlaczego operacja si\u0119 nie powiod\u0142a jest wszystkim doskonale wiadome. Ale, mimo \u017ce most ko\u0142o Arnhem okaza\u0142 si\u0119 jednym mostem zbyt daleko, to ofiara polskich i brytyjskich \u017co\u0142nierzy nie by\u0142a daremna. Dzi\u0119ki Pa\u0144stwa odwa\u017cnej walce oddzia\u0142y niemieckie nie by\u0142y w stanie na czas wzmocni\u0107 swoich oddzia\u0142\u00f3w w Nijmegen i Eindhoven. Dlatego po\u0142udnie Holandii zosta\u0142o wcze\u015bniej wyzwolone i dzi\u0119ki temu ta cz\u0119\u015b\u0107 naszego kraju zosta\u0142a uchroniona od g\u0142odowej zimy. W jeszcze okupowanej cz\u0119\u015bci Holandii ta g\u0142odowa zima kosztowa\u0142a \u017cycie 20 000 mieszka\u0144c\u00f3w.Polska Brygada przyczyni\u0142a si\u0119 tak\u017ce do tego, \u017ce wielu brytyjskim \u017co\u0142nierzom uda\u0142o si\u0119 uciec z niemieckich oboz\u00f3w jenieckich. Ewakuacja tych \u017co\u0142nierzy z Oosterbeek nad Renem by\u0142a operacj\u0105 ryzykown\u0105, ale udan\u0105.Panie i Panowie,Podczas operacji Market Garden polscy \u017co\u0142nierze ponownie wykazali si\u0119 niezwyk\u0142ym uporem i odwag\u0105. Ju\u017c wcze\u015bniej, na frontach w\u0142oskim i francuskim udowodnili jak wiele s\u0105 warci. Dziewi\u0119\u0107dziesi\u0119ciu trzech (93) Polak\u00f3w straci\u0142o \u017cycie podczas operacji Market Garden.Odwa\u017cna walka \u017co\u0142nierzy przyczyni\u0142a si\u0119 do tego, \u017ce Kr\u00f3lowa odznaczy\u0142a Brygad\u0119 Orderem Wojskowym Kr\u00f3la Wilhelma. Mog\u0105 Pa\u0144stwo by\u0107 z tego odznaczenia dumni, bo jego nadanie s\u0142usznie nazywane jest wyj\u0105tkowym.Mianowicie to najstarsze i najwy\u017csze kr\u00f3lewskie odznaczenie zosta\u0142o po raz ostatni przyznane ju\u017c ponad 50 lat temu. Ostatnim zbrojnym konfliktem, kt\u00f3ry by\u0142 podstaw\u0105 do przyznania Orderu Wojskowego Kr\u00f3la Wilhelma by\u0142a wojna w Korei. Od 1940 tylko 199 os\u00f3b zosta\u0142o odznaczonych tym orderem, kt\u00f3ry wywodzi si\u0119 z 1815 roku. Jestem zaszczycony faktem, \u017ce od dzisiaj obok 82-ej Ameryka\u0144skiej Brygady Powietrznej, kt\u00f3ra ju\u017c wcze\u015bniej zosta\u0142a odznaczona Orderem Wojskowym Kr\u00f3la Wilhelma, r\u00f3wnie\u017c 6-a Polska Brygada Desantowo \u2013 Szturmowa, kt\u00f3ra kontynuuje tradycj\u0119 1-ej Samodzielnej Brygady Spadochronowej, jako jednostka zagraniczna mo\u017ce zalicza\u0107 si\u0119 do tej wyj\u0105tkowej kategorii.Opr\u00f3cz odznaczenia Brygady Orderem Wojskowym Kr\u00f3la Wilhelma, dzisiaj zostanie r\u00f3wnie\u017c odznaczony orderem Br\u0105zowego Lwa dow\u00f3dca genera\u0142 Sosabowski. To odznaczenie za czyny bohaterskie zosta\u0142o po raz ostatni przyznane w 1962 roku. Genera\u0142 by\u0142 znany jako inspiruj\u0105cy i dbaj\u0105cy o swoich ludzi dow\u00f3dca, kt\u00f3ry by\u0142 przez nich noszony na r\u0119kach. Dowodzi\u0142 Brygad\u0105 w niezwykle trudnych czasach. Jego odwaga i styl dowodzenia s\u0105 dla nas wszystkich \u017ar\u00f3d\u0142em inspiracji. Z ca\u0142\u0105 pewno\u015bci\u0105 zas\u0142uguje on na to odznaczenie.Obok odznaczenia Brygady i genera\u0142a Sosabowskiego, rz\u0105d holenderski pragnie wam weteranom i najbli\u017cszej rodzinie, jak r\u00f3wnie\u017c osobom, kt\u00f3re aktywnie dzia\u0142a\u0142y na rzecz odznaczenia polskich \u017co\u0142nierzy przekaza\u0107 pami\u0105tk\u0119 tego niezwyk\u0142ego dnia. Specjalnie na t\u0119 okazj\u0119 zosta\u0142 wybity pami\u0105tkowy medal, kt\u00f3ry teraz chcia\u0142bym Pa\u0144stwu wr\u0119czy\u0107. Mam nadziej\u0119, \u017ce tym medalem mo\u017cemy Pa\u0144stwu okaza\u0107 nasze uznanie i wdzi\u0119czno\u015b\u0107. Medal zostanie r\u00f3wnie\u017c wr\u0119czony kilku osobom, kt\u00f3re do\u0142o\u017cy\u0142y wszelkich stara\u0144, aby umo\u017cliwi\u0107 odznaczenie Brygady i genera\u0142a Sosabowskiego. Nie pomijaj\u0105c wk\u0142adu innych os\u00f3b chcia\u0142bym wymieni\u0107 dzi\u015b dwie osoby, kt\u00f3re s\u0105 tu z nami obecne: Pan Geertjan Lassche, redaktor programu na temat aktualnych wydarze\u0144 Netwerk (Telewizja Ewangelicka), kt\u00f3ry nakr\u0119ci\u0142 przejmuj\u0105cy program o roli polskiej Brygady i genera\u0142a Sosabowskiego i Prezes Kancelarii ds. Order\u00f3w Niderlandzkich Pan De Kleyn, kt\u00f3ry przygotowa\u0142 pozytywn\u0105 opini\u0119, kt\u00f3ra doprowadzi\u0142a do przyznania w dniu dzisiejszym odznaczenia.Program nie ko\u0144czy si\u0119 na tej uroczysto\u015bci. Jutro wielu z was wr\u00f3ci w rejon, gdzie ponad 60 lat temu Brygada dzielnie toczy\u0142a walk\u0119. To na pewno b\u0119dzie dla Pa\u0144stwa emocjonalne wydarzenie. Wiele wspomnie\u0144 powr\u00f3ci. Ale r\u00f3wnie\u017c teraz mieszka\u0144cy powitaj\u0105 Pa\u0144stwa z otwartymi ramionami. Bo jedno jest pewne: Holendrzy nigdy nie zapomn\u0105 kto wyzwoli\u0142 ich kraj!<\/p>\n<p>Dzi\u0119kuj\u0119!<br \/>\n<a>&lt;&lt; Wr\u00f3\u0107<\/a><\/p>","protected":false},"excerpt":{"rendered":"<p>To dla mnie wielki zaszczyt, \u017ce mog\u0119 Pa\u0144stwa powita\u0107 na tym lunchu. Przede wszystkim weteran\u00f3w, kt\u00f3rzy przyczynili si\u0119 do wyzwolenia Holandii i ich najbli\u017cszych, kt\u00f3rzy tutaj s\u0105, aby uczci\u0107 pami\u0119\u0107 ich m\u0119\u017c\u00f3w, ojc\u00f3w lub przyjaci\u00f3\u0142 z pola walki. Dzisiaj rano <span class=\"excerpt-dots\">&hellip;<\/span> <a class=\"more-link\" href=\"https:\/\/www.driel-polen.nl\/pl\/historie\/eerherstel\/diverse-toespraken\/minister-h-kamp\/\"><span class=\"more-msg\"><img decoding=\"async\" src=\"https:\/\/www.driel-polen.nl\/downloads\/lees-meer3.jpg\"><\/p>\n<hr class=\"wvrx-expand-full\" style=\"margin:0\"><\/span><\/a><\/p>\n","protected":false},"author":17,"featured_media":0,"parent":437,"menu_order":2,"comment_status":"closed","ping_status":"open","template":"","meta":{"_monsterinsights_skip_tracking":false,"_monsterinsights_sitenote_active":false,"_monsterinsights_sitenote_note":"","_monsterinsights_sitenote_category":0,"ngg_post_thumbnail":0,"footnotes":""},"class_list":["post-495","page","type-page","status-publish","hentry"],"yoast_head":"<!-- This site is optimized with the Yoast SEO plugin v27.4 - https:\/\/yoast.com\/product\/yoast-seo-wordpress\/ -->\n<title>Minister H. Kamp - Stichting Driel-Polen<\/title>\n<meta name=\"robots\" content=\"index, follow, max-snippet:-1, max-image-preview:large, max-video-preview:-1\" \/>\n<link rel=\"canonical\" href=\"https:\/\/www.driel-polen.nl\/historie\/eerherstel\/diverse-toespraken\/minister-h-kamp\/\" \/>\n<meta property=\"og:locale\" content=\"pl_PL\" \/>\n<meta property=\"og:type\" content=\"article\" \/>\n<meta property=\"og:title\" content=\"Minister H. Kamp - Stichting Driel-Polen\" \/>\n<meta property=\"og:description\" content=\"To dla mnie wielki zaszczyt, \u017ce mog\u0119 Pa\u0144stwa powita\u0107 na tym lunchu. Przede wszystkim weteran\u00f3w, kt\u00f3rzy przyczynili si\u0119 do wyzwolenia Holandii i ich najbli\u017cszych, kt\u00f3rzy tutaj s\u0105, aby uczci\u0107 pami\u0119\u0107 ich m\u0119\u017c\u00f3w, ojc\u00f3w lub przyjaci\u00f3\u0142 z pola walki. Dzisiaj rano &hellip;\" \/>\n<meta property=\"og:url\" content=\"https:\/\/www.driel-polen.nl\/historie\/eerherstel\/diverse-toespraken\/minister-h-kamp\/\" \/>\n<meta property=\"og:site_name\" content=\"Stichting Driel-Polen\" \/>\n<meta property=\"article:modified_time\" content=\"2023-10-24T20:23:32+00:00\" \/>\n<meta property=\"og:image\" content=\"http:\/\/www.driel-polen.nl\/wordpress\/wp-content\/uploads\/2014\/04\/foto-henk-kamp.jpg\" \/>\n<meta name=\"twitter:label1\" content=\"Szacowany czas czytania\" \/>\n\t<meta name=\"twitter:data1\" content=\"5 minut\" \/>\n<script type=\"application\/ld+json\" class=\"yoast-schema-graph\">{\"@context\":\"https:\\\/\\\/schema.org\",\"@graph\":[{\"@type\":\"WebPage\",\"@id\":\"https:\\\/\\\/www.driel-polen.nl\\\/historie\\\/eerherstel\\\/diverse-toespraken\\\/minister-h-kamp\\\/\",\"url\":\"https:\\\/\\\/www.driel-polen.nl\\\/historie\\\/eerherstel\\\/diverse-toespraken\\\/minister-h-kamp\\\/\",\"name\":\"Minister H. Kamp - Stichting Driel-Polen\",\"isPartOf\":{\"@id\":\"https:\\\/\\\/www.driel-polen.nl\\\/nl\\\/#website\"},\"primaryImageOfPage\":{\"@id\":\"https:\\\/\\\/www.driel-polen.nl\\\/historie\\\/eerherstel\\\/diverse-toespraken\\\/minister-h-kamp\\\/#primaryimage\"},\"image\":{\"@id\":\"https:\\\/\\\/www.driel-polen.nl\\\/historie\\\/eerherstel\\\/diverse-toespraken\\\/minister-h-kamp\\\/#primaryimage\"},\"thumbnailUrl\":\"http:\\\/\\\/www.driel-polen.nl\\\/wordpress\\\/wp-content\\\/uploads\\\/2014\\\/04\\\/foto-henk-kamp.jpg\",\"datePublished\":\"2014-04-23T11:06:34+00:00\",\"dateModified\":\"2023-10-24T20:23:32+00:00\",\"breadcrumb\":{\"@id\":\"https:\\\/\\\/www.driel-polen.nl\\\/historie\\\/eerherstel\\\/diverse-toespraken\\\/minister-h-kamp\\\/#breadcrumb\"},\"inLanguage\":\"pl-PL\",\"potentialAction\":[{\"@type\":\"ReadAction\",\"target\":[\"https:\\\/\\\/www.driel-polen.nl\\\/historie\\\/eerherstel\\\/diverse-toespraken\\\/minister-h-kamp\\\/\"]}]},{\"@type\":\"ImageObject\",\"inLanguage\":\"pl-PL\",\"@id\":\"https:\\\/\\\/www.driel-polen.nl\\\/historie\\\/eerherstel\\\/diverse-toespraken\\\/minister-h-kamp\\\/#primaryimage\",\"url\":\"http:\\\/\\\/www.driel-polen.nl\\\/wordpress\\\/wp-content\\\/uploads\\\/2014\\\/04\\\/foto-henk-kamp.jpg\",\"contentUrl\":\"http:\\\/\\\/www.driel-polen.nl\\\/wordpress\\\/wp-content\\\/uploads\\\/2014\\\/04\\\/foto-henk-kamp.jpg\"},{\"@type\":\"BreadcrumbList\",\"@id\":\"https:\\\/\\\/www.driel-polen.nl\\\/historie\\\/eerherstel\\\/diverse-toespraken\\\/minister-h-kamp\\\/#breadcrumb\",\"itemListElement\":[{\"@type\":\"ListItem\",\"position\":1,\"name\":\"History\",\"item\":\"https:\\\/\\\/www.driel-polen.nl\\\/en\\\/historie\\\/\"},{\"@type\":\"ListItem\",\"position\":2,\"name\":\"Eerherstel\",\"item\":\"https:\\\/\\\/www.driel-polen.nl\\\/historie\\\/eerherstel\\\/\"},{\"@type\":\"ListItem\",\"position\":3,\"name\":\"Diverse toespraken\",\"item\":\"https:\\\/\\\/www.driel-polen.nl\\\/historie\\\/eerherstel\\\/diverse-toespraken\\\/\"},{\"@type\":\"ListItem\",\"position\":4,\"name\":\"Minister H. Kamp (1)\"}]},{\"@type\":\"WebSite\",\"@id\":\"https:\\\/\\\/www.driel-polen.nl\\\/nl\\\/#website\",\"url\":\"https:\\\/\\\/www.driel-polen.nl\\\/nl\\\/\",\"name\":\"Stichting Driel-Polen\",\"description\":\"General St. Sosabowski\",\"potentialAction\":[{\"@type\":\"SearchAction\",\"target\":{\"@type\":\"EntryPoint\",\"urlTemplate\":\"https:\\\/\\\/www.driel-polen.nl\\\/nl\\\/?s={search_term_string}\"},\"query-input\":{\"@type\":\"PropertyValueSpecification\",\"valueRequired\":true,\"valueName\":\"search_term_string\"}}],\"inLanguage\":\"pl-PL\"}]}<\/script>\n<!-- \/ Yoast SEO plugin. -->","yoast_head_json":{"title":"Minister H. Kamp - Stichting Driel-Polen","robots":{"index":"index","follow":"follow","max-snippet":"max-snippet:-1","max-image-preview":"max-image-preview:large","max-video-preview":"max-video-preview:-1"},"canonical":"https:\/\/www.driel-polen.nl\/historie\/eerherstel\/diverse-toespraken\/minister-h-kamp\/","og_locale":"pl_PL","og_type":"article","og_title":"Minister H. Kamp - Stichting Driel-Polen","og_description":"To dla mnie wielki zaszczyt, \u017ce mog\u0119 Pa\u0144stwa powita\u0107 na tym lunchu. Przede wszystkim weteran\u00f3w, kt\u00f3rzy przyczynili si\u0119 do wyzwolenia Holandii i ich najbli\u017cszych, kt\u00f3rzy tutaj s\u0105, aby uczci\u0107 pami\u0119\u0107 ich m\u0119\u017c\u00f3w, ojc\u00f3w lub przyjaci\u00f3\u0142 z pola walki. Dzisiaj rano &hellip;","og_url":"https:\/\/www.driel-polen.nl\/historie\/eerherstel\/diverse-toespraken\/minister-h-kamp\/","og_site_name":"Stichting Driel-Polen","article_modified_time":"2023-10-24T20:23:32+00:00","og_image":[{"url":"http:\/\/www.driel-polen.nl\/wordpress\/wp-content\/uploads\/2014\/04\/foto-henk-kamp.jpg","type":"","width":"","height":""}],"twitter_misc":{"Szacowany czas czytania":"5 minut"},"schema":{"@context":"https:\/\/schema.org","@graph":[{"@type":"WebPage","@id":"https:\/\/www.driel-polen.nl\/historie\/eerherstel\/diverse-toespraken\/minister-h-kamp\/","url":"https:\/\/www.driel-polen.nl\/historie\/eerherstel\/diverse-toespraken\/minister-h-kamp\/","name":"Minister H. Kamp - Stichting Driel-Polen","isPartOf":{"@id":"https:\/\/www.driel-polen.nl\/nl\/#website"},"primaryImageOfPage":{"@id":"https:\/\/www.driel-polen.nl\/historie\/eerherstel\/diverse-toespraken\/minister-h-kamp\/#primaryimage"},"image":{"@id":"https:\/\/www.driel-polen.nl\/historie\/eerherstel\/diverse-toespraken\/minister-h-kamp\/#primaryimage"},"thumbnailUrl":"http:\/\/www.driel-polen.nl\/wordpress\/wp-content\/uploads\/2014\/04\/foto-henk-kamp.jpg","datePublished":"2014-04-23T11:06:34+00:00","dateModified":"2023-10-24T20:23:32+00:00","breadcrumb":{"@id":"https:\/\/www.driel-polen.nl\/historie\/eerherstel\/diverse-toespraken\/minister-h-kamp\/#breadcrumb"},"inLanguage":"pl-PL","potentialAction":[{"@type":"ReadAction","target":["https:\/\/www.driel-polen.nl\/historie\/eerherstel\/diverse-toespraken\/minister-h-kamp\/"]}]},{"@type":"ImageObject","inLanguage":"pl-PL","@id":"https:\/\/www.driel-polen.nl\/historie\/eerherstel\/diverse-toespraken\/minister-h-kamp\/#primaryimage","url":"http:\/\/www.driel-polen.nl\/wordpress\/wp-content\/uploads\/2014\/04\/foto-henk-kamp.jpg","contentUrl":"http:\/\/www.driel-polen.nl\/wordpress\/wp-content\/uploads\/2014\/04\/foto-henk-kamp.jpg"},{"@type":"BreadcrumbList","@id":"https:\/\/www.driel-polen.nl\/historie\/eerherstel\/diverse-toespraken\/minister-h-kamp\/#breadcrumb","itemListElement":[{"@type":"ListItem","position":1,"name":"History","item":"https:\/\/www.driel-polen.nl\/en\/historie\/"},{"@type":"ListItem","position":2,"name":"Eerherstel","item":"https:\/\/www.driel-polen.nl\/historie\/eerherstel\/"},{"@type":"ListItem","position":3,"name":"Diverse toespraken","item":"https:\/\/www.driel-polen.nl\/historie\/eerherstel\/diverse-toespraken\/"},{"@type":"ListItem","position":4,"name":"Minister H. Kamp (1)"}]},{"@type":"WebSite","@id":"https:\/\/www.driel-polen.nl\/nl\/#website","url":"https:\/\/www.driel-polen.nl\/nl\/","name":"Stichting Driel-Polen","description":"General St. Sosabowski","potentialAction":[{"@type":"SearchAction","target":{"@type":"EntryPoint","urlTemplate":"https:\/\/www.driel-polen.nl\/nl\/?s={search_term_string}"},"query-input":{"@type":"PropertyValueSpecification","valueRequired":true,"valueName":"search_term_string"}}],"inLanguage":"pl-PL"}]}},"_links":{"self":[{"href":"https:\/\/www.driel-polen.nl\/pl\/wp-json\/wp\/v2\/pages\/495","targetHints":{"allow":["GET"]}}],"collection":[{"href":"https:\/\/www.driel-polen.nl\/pl\/wp-json\/wp\/v2\/pages"}],"about":[{"href":"https:\/\/www.driel-polen.nl\/pl\/wp-json\/wp\/v2\/types\/page"}],"author":[{"embeddable":true,"href":"https:\/\/www.driel-polen.nl\/pl\/wp-json\/wp\/v2\/users\/17"}],"replies":[{"embeddable":true,"href":"https:\/\/www.driel-polen.nl\/pl\/wp-json\/wp\/v2\/comments?post=495"}],"version-history":[{"count":5,"href":"https:\/\/www.driel-polen.nl\/pl\/wp-json\/wp\/v2\/pages\/495\/revisions"}],"predecessor-version":[{"id":8084,"href":"https:\/\/www.driel-polen.nl\/pl\/wp-json\/wp\/v2\/pages\/495\/revisions\/8084"}],"up":[{"embeddable":true,"href":"https:\/\/www.driel-polen.nl\/pl\/wp-json\/wp\/v2\/pages\/437"}],"wp:attachment":[{"href":"https:\/\/www.driel-polen.nl\/pl\/wp-json\/wp\/v2\/media?parent=495"}],"curies":[{"name":"wp","href":"https:\/\/api.w.org\/{rel}","templated":true}]}}