{"id":4905,"date":"2020-10-02T18:55:01","date_gmt":"2020-10-02T16:55:01","guid":{"rendered":"https:\/\/www.driel-polen.nl\/?page_id=4905"},"modified":"2021-01-12T14:17:43","modified_gmt":"2021-01-12T13:17:43","slug":"2020-2","status":"publish","type":"page","link":"https:\/\/www.driel-polen.nl\/pl\/herdenkingen\/herdenkingen-2015-2024\/2020-2\/","title":{"rendered":"2020 Przem\u00f3wienie z okazji ods\u0142oni\u0119cia popiersia genera\u0142a Sosabowskiego Radna gminy Overbetuwe i inicjatorka C\u00e9cile de Boer"},"content":{"rendered":"<p><\/p>\n<p style=\"text-align: center;\"><strong>Przem\u00f3wienie z okazji ods\u0142oni\u0119cia popiersia genera\u0142a Sosabowskiego<br \/>\n<\/strong><strong>Radna gminy Overbetuwe i inicjatorka C\u00e9cile de Boer<br \/>\n<\/strong><strong>Pi\u0105tek 18 wrze\u015bnia 2020<\/strong><\/p>\n<p><strong>Szanowni Zaproszeni i Obecni, drodzy mieszka\u0144cy Driel,<\/strong><\/p>\n<p>dzisiaj jest szczeg\u00f3lny dzie\u0144; to szczeg\u00f3lna chwila i wyj\u0105tkowy zaszczyt, \u017ce tego s\u0142onecznego popo\u0142udnia w imieniu ca\u0142ej rady gminy Overbetuwe mog\u0119 ods\u0142oni\u0107 w Driel popiersie genera\u0142a Sosabowskiego.<\/p>\n<p>Zanim przejd\u0119 do ods\u0142oni\u0119cia (to dla mnie r\u00f3wnie emocjonuj\u0105cy moment, bo to nale\u017cy zrobi\u0107 dobrze za pierwszym razem), chc\u0119 Pa\u0144stwu w skr\u00f3cie opowiedzie\u0107, jak to wszystko dosz\u0142o do skutku.<\/p>\n<p>Podczas bardzo deszczowych obchod\u00f3w rocznicowych na Placu Polskim we wrze\u015bniu 2018 roku siedzia\u0142am \u2013 jako \u015bwie\u017co upieczona radna gminy Overbetuwe \u2013 obok artysty Martina Abspoela, z kt\u00f3rym nawi\u0105za\u0142am rozmow\u0119. Martin opowiedzia\u0142, \u017ce rok wcze\u015bniej by\u0142 obecny w Warszawie na ods\u0142oni\u0119ciu popiersia genera\u0142a Sosabowskiego. Uroczysto\u015b\u0107 w Warszawie wygl\u0105da\u0142a niezwykle imponuj\u0105co. Martin wyzna\u0142, \u017ce nad stworzeniem popiersia genera\u0142a Sosabowskiego \u2013 na jego cze\u015b\u0107 \u2013 my\u015bla\u0142 ju\u017c od 2004 roku i by\u0142 szcz\u0119\u015bliwy oraz dumny, \u017ce w ko\u0144cu si\u0119 uda\u0142o i pomnik zosta\u0142 z wielk\u0105 ceremoni\u0105 ods\u0142oni\u0119ty w Warszawie.<\/p>\n<p>Powiedzia\u0142 te\u017c, \u017ce nadal ma w swojej pracowni oryginalny odlew popiersia z wosku i \u017ce ponad 10 lat temu wystawi\u0142 glinian\u0105 rze\u017ab\u0119 genera\u0142a majora Sosabowskiego w ko\u015bciele stoj\u0105cym przy placu w centrum w Driel. Po uroczysto\u015bciach polscy weterani odwiedzili ko\u015bci\u00f3\u0142 i byli wzruszeni, widz\u0105c t\u0119 rze\u017ab\u0119. Powiedzieli Martinowi, jak wiele znaczy\u0142 dla nich genera\u0142 i jakim by\u0142 odwa\u017cnym cz\u0142owiekiem<\/p>\n<p>Opowie\u015b\u0107 Martina zainspirowa\u0142a mnie do tego, by zaproponowa\u0107 radzie gminy umieszczenie popiersia genera\u0142a w Driel:<\/p>\n<ul>\n<li>aby has\u0142o \u201ePami\u0119ta\u0107 \u2013 U\u015bwiadamia\u0107 sobie \u2013 Do\u015bwiadcza\u0107\u201d r\u00f3wnie\u017c dla m\u0142odych pokole\u0144 by\u0142o zrozumia\u0142e i namacalne;<\/li>\n<li>aby podzi\u0119kowa\u0107 genera\u0142owi Sosabowskiemu i jego 1 Samodzielnej Brygadzie Spadochronowej za ich wyj\u0105tkowy wk\u0142ad,<\/li>\n<li>aby dalej opowiada\u0107 histori\u0119 II wojny \u015bwiatowej i<\/li>\n<li>aby cieszy\u0107 si\u0119 wolno\u015bci\u0105!<\/li>\n<\/ul>\n<p>&nbsp;<\/p>\n<p>Kiedy w zesz\u0142ym roku rozmawia\u0142am z wnukiem genera\u0142a majora Sosabowskiego podczas specjalnych obchod\u00f3w nad brzegiem Renu w Driel, by\u0142 mile zaskoczony, dowiedziawszy si\u0119, \u017ce w lipcu 2019 roku rada gminy Overbetuwe przeg\u0142osowa\u0142a pomys\u0142 i postanowi\u0142a umie\u015bci\u0107 popiersie jego dziadka w Driel. Nie trzeba dodawa\u0107, \u017ce on i jego rodzina chcieli tu dzi\u015b by\u0107, ale niestety nie jest to mo\u017cliwe z powodu pandemii. Mamy nadziej\u0119, \u017ce we wrze\u015bniu przysz\u0142ego roku b\u0119dziemy mogli z\u0142o\u017cy\u0107 z nimi kwiaty pod popiersiem genera\u0142a.<\/p>\n<p>Mam te\u017c nadziej\u0119, \u017ce wielu m\u0142odych wybierze si\u0119 na w\u0119dr\u00f3wk\u0119 szlakiem \u201eLiberation Route\u201d, odwiedzi popiersie w Driel i zrozumie, \u017ce nasz\u0105 wolno\u015b\u0107 zawdzi\u0119czamy odwa\u017cnym ludziom, takim jak genera\u0142 Sosabowski.<\/p>\n<p>\u201eAll men are brothers\u201d \u2013 podkre\u015bla\u0142a Cora Baltussen w filmie dokumentalnym, kt\u00f3ry Pa\u0144stwo b\u0119d\u0105 mogli za chwil\u0119 obejrze\u0107 w ko\u015bciele. Nie przestawajmy opowiada\u0107 tej historii i przekazujmy nasz\u0105 wolno\u015b\u0107 kolejnym pokoleniom.<\/p>","protected":false},"excerpt":{"rendered":"<p>Przem\u00f3wienie z okazji ods\u0142oni\u0119cia popiersia genera\u0142a Sosabowskiego Radna gminy Overbetuwe i inicjatorka C\u00e9cile de Boer Pi\u0105tek 18 wrze\u015bnia 2020 Szanowni Zaproszeni i Obecni, drodzy mieszka\u0144cy Driel, dzisiaj jest szczeg\u00f3lny dzie\u0144; to szczeg\u00f3lna chwila i wyj\u0105tkowy zaszczyt, \u017ce tego s\u0142onecznego popo\u0142udnia <span class=\"excerpt-dots\">&hellip;<\/span> <a class=\"more-link\" href=\"https:\/\/www.driel-polen.nl\/pl\/herdenkingen\/herdenkingen-2015-2024\/2020-2\/\"><span class=\"more-msg\"><img decoding=\"async\" src=\"https:\/\/www.driel-polen.nl\/downloads\/lees-meer3.jpg\"><\/p>\n<hr class=\"wvrx-expand-full\" style=\"margin:0\"><\/span><\/a><\/p>\n","protected":false},"author":17,"featured_media":0,"parent":5633,"menu_order":0,"comment_status":"closed","ping_status":"closed","template":"","meta":{"_monsterinsights_skip_tracking":false,"_monsterinsights_sitenote_active":false,"_monsterinsights_sitenote_note":"","_monsterinsights_sitenote_category":0,"ngg_post_thumbnail":0,"footnotes":""},"class_list":["post-4905","page","type-page","status-publish","hentry"],"yoast_head":"<!-- This site is optimized with the Yoast SEO plugin v27.4 - https:\/\/yoast.com\/product\/yoast-seo-wordpress\/ -->\n<title>2020 Przem\u00f3wienie z okazji ods\u0142oni\u0119cia popiersia genera\u0142a Sosabowskiego Radna gminy Overbetuwe i inicjatorka C\u00e9cile de Boer - Stichting Driel-Polen<\/title>\n<meta name=\"robots\" content=\"index, follow, max-snippet:-1, max-image-preview:large, max-video-preview:-1\" \/>\n<link rel=\"canonical\" href=\"https:\/\/www.driel-polen.nl\/herdenkingen\/herdenkingen-2015-2024\/2020-2\/\" \/>\n<meta property=\"og:locale\" content=\"pl_PL\" \/>\n<meta property=\"og:type\" content=\"article\" \/>\n<meta property=\"og:title\" content=\"2020 Przem\u00f3wienie z okazji ods\u0142oni\u0119cia popiersia genera\u0142a Sosabowskiego Radna gminy Overbetuwe i inicjatorka C\u00e9cile de Boer - Stichting Driel-Polen\" \/>\n<meta property=\"og:description\" content=\"Przem\u00f3wienie z okazji ods\u0142oni\u0119cia popiersia genera\u0142a Sosabowskiego Radna gminy Overbetuwe i inicjatorka C\u00e9cile de Boer Pi\u0105tek 18 wrze\u015bnia 2020 Szanowni Zaproszeni i Obecni, drodzy mieszka\u0144cy Driel, dzisiaj jest szczeg\u00f3lny dzie\u0144; to szczeg\u00f3lna chwila i wyj\u0105tkowy zaszczyt, \u017ce tego s\u0142onecznego popo\u0142udnia &hellip;\" \/>\n<meta property=\"og:url\" content=\"https:\/\/www.driel-polen.nl\/herdenkingen\/herdenkingen-2015-2024\/2020-2\/\" \/>\n<meta property=\"og:site_name\" content=\"Stichting Driel-Polen\" \/>\n<meta property=\"article:modified_time\" content=\"2021-01-12T13:17:43+00:00\" \/>\n<meta name=\"twitter:label1\" content=\"Szacowany czas czytania\" \/>\n\t<meta name=\"twitter:data1\" content=\"8 minut\" \/>\n<script type=\"application\/ld+json\" class=\"yoast-schema-graph\">{\"@context\":\"https:\\\/\\\/schema.org\",\"@graph\":[{\"@type\":\"WebPage\",\"@id\":\"https:\\\/\\\/www.driel-polen.nl\\\/herdenkingen\\\/herdenkingen-2015-2024\\\/2020-2\\\/\",\"url\":\"https:\\\/\\\/www.driel-polen.nl\\\/herdenkingen\\\/herdenkingen-2015-2024\\\/2020-2\\\/\",\"name\":\"2020 Przem\u00f3wienie z okazji ods\u0142oni\u0119cia popiersia genera\u0142a Sosabowskiego Radna gminy Overbetuwe i inicjatorka C\u00e9cile de Boer - Stichting Driel-Polen\",\"isPartOf\":{\"@id\":\"https:\\\/\\\/www.driel-polen.nl\\\/nl\\\/#website\"},\"datePublished\":\"2020-10-02T16:55:01+00:00\",\"dateModified\":\"2021-01-12T13:17:43+00:00\",\"breadcrumb\":{\"@id\":\"https:\\\/\\\/www.driel-polen.nl\\\/herdenkingen\\\/herdenkingen-2015-2024\\\/2020-2\\\/#breadcrumb\"},\"inLanguage\":\"pl-PL\",\"potentialAction\":[{\"@type\":\"ReadAction\",\"target\":[\"https:\\\/\\\/www.driel-polen.nl\\\/herdenkingen\\\/herdenkingen-2015-2024\\\/2020-2\\\/\"]}]},{\"@type\":\"BreadcrumbList\",\"@id\":\"https:\\\/\\\/www.driel-polen.nl\\\/herdenkingen\\\/herdenkingen-2015-2024\\\/2020-2\\\/#breadcrumb\",\"itemListElement\":[{\"@type\":\"ListItem\",\"position\":1,\"name\":\"Herdenkingen\",\"item\":\"https:\\\/\\\/www.driel-polen.nl\\\/herdenkingen\\\/\"},{\"@type\":\"ListItem\",\"position\":2,\"name\":\"Herdenkingen 2015-2024\",\"item\":\"https:\\\/\\\/www.driel-polen.nl\\\/herdenkingen\\\/herdenkingen-2015-2024\\\/\"},{\"@type\":\"ListItem\",\"position\":3,\"name\":\"2020 Przem\u00f3wienie z okazji ods\u0142oni\u0119cia popiersia genera\u0142a Sosabowskiego Radna gminy Overbetuwe i inicjatorka C\u00e9cile de Boer\"}]},{\"@type\":\"WebSite\",\"@id\":\"https:\\\/\\\/www.driel-polen.nl\\\/nl\\\/#website\",\"url\":\"https:\\\/\\\/www.driel-polen.nl\\\/nl\\\/\",\"name\":\"Stichting Driel-Polen\",\"description\":\"General St. Sosabowski\",\"potentialAction\":[{\"@type\":\"SearchAction\",\"target\":{\"@type\":\"EntryPoint\",\"urlTemplate\":\"https:\\\/\\\/www.driel-polen.nl\\\/nl\\\/?s={search_term_string}\"},\"query-input\":{\"@type\":\"PropertyValueSpecification\",\"valueRequired\":true,\"valueName\":\"search_term_string\"}}],\"inLanguage\":\"pl-PL\"}]}<\/script>\n<!-- \/ Yoast SEO plugin. -->","yoast_head_json":{"title":"2020 Przem\u00f3wienie z okazji ods\u0142oni\u0119cia popiersia genera\u0142a Sosabowskiego Radna gminy Overbetuwe i inicjatorka C\u00e9cile de Boer - Stichting Driel-Polen","robots":{"index":"index","follow":"follow","max-snippet":"max-snippet:-1","max-image-preview":"max-image-preview:large","max-video-preview":"max-video-preview:-1"},"canonical":"https:\/\/www.driel-polen.nl\/herdenkingen\/herdenkingen-2015-2024\/2020-2\/","og_locale":"pl_PL","og_type":"article","og_title":"2020 Przem\u00f3wienie z okazji ods\u0142oni\u0119cia popiersia genera\u0142a Sosabowskiego Radna gminy Overbetuwe i inicjatorka C\u00e9cile de Boer - Stichting Driel-Polen","og_description":"Przem\u00f3wienie z okazji ods\u0142oni\u0119cia popiersia genera\u0142a Sosabowskiego Radna gminy Overbetuwe i inicjatorka C\u00e9cile de Boer Pi\u0105tek 18 wrze\u015bnia 2020 Szanowni Zaproszeni i Obecni, drodzy mieszka\u0144cy Driel, dzisiaj jest szczeg\u00f3lny dzie\u0144; to szczeg\u00f3lna chwila i wyj\u0105tkowy zaszczyt, \u017ce tego s\u0142onecznego popo\u0142udnia &hellip;","og_url":"https:\/\/www.driel-polen.nl\/herdenkingen\/herdenkingen-2015-2024\/2020-2\/","og_site_name":"Stichting Driel-Polen","article_modified_time":"2021-01-12T13:17:43+00:00","twitter_misc":{"Szacowany czas czytania":"8 minut"},"schema":{"@context":"https:\/\/schema.org","@graph":[{"@type":"WebPage","@id":"https:\/\/www.driel-polen.nl\/herdenkingen\/herdenkingen-2015-2024\/2020-2\/","url":"https:\/\/www.driel-polen.nl\/herdenkingen\/herdenkingen-2015-2024\/2020-2\/","name":"2020 Przem\u00f3wienie z okazji ods\u0142oni\u0119cia popiersia genera\u0142a Sosabowskiego Radna gminy Overbetuwe i inicjatorka C\u00e9cile de Boer - Stichting Driel-Polen","isPartOf":{"@id":"https:\/\/www.driel-polen.nl\/nl\/#website"},"datePublished":"2020-10-02T16:55:01+00:00","dateModified":"2021-01-12T13:17:43+00:00","breadcrumb":{"@id":"https:\/\/www.driel-polen.nl\/herdenkingen\/herdenkingen-2015-2024\/2020-2\/#breadcrumb"},"inLanguage":"pl-PL","potentialAction":[{"@type":"ReadAction","target":["https:\/\/www.driel-polen.nl\/herdenkingen\/herdenkingen-2015-2024\/2020-2\/"]}]},{"@type":"BreadcrumbList","@id":"https:\/\/www.driel-polen.nl\/herdenkingen\/herdenkingen-2015-2024\/2020-2\/#breadcrumb","itemListElement":[{"@type":"ListItem","position":1,"name":"Herdenkingen","item":"https:\/\/www.driel-polen.nl\/herdenkingen\/"},{"@type":"ListItem","position":2,"name":"Herdenkingen 2015-2024","item":"https:\/\/www.driel-polen.nl\/herdenkingen\/herdenkingen-2015-2024\/"},{"@type":"ListItem","position":3,"name":"2020 Przem\u00f3wienie z okazji ods\u0142oni\u0119cia popiersia genera\u0142a Sosabowskiego Radna gminy Overbetuwe i inicjatorka C\u00e9cile de Boer"}]},{"@type":"WebSite","@id":"https:\/\/www.driel-polen.nl\/nl\/#website","url":"https:\/\/www.driel-polen.nl\/nl\/","name":"Stichting Driel-Polen","description":"General St. Sosabowski","potentialAction":[{"@type":"SearchAction","target":{"@type":"EntryPoint","urlTemplate":"https:\/\/www.driel-polen.nl\/nl\/?s={search_term_string}"},"query-input":{"@type":"PropertyValueSpecification","valueRequired":true,"valueName":"search_term_string"}}],"inLanguage":"pl-PL"}]}},"_links":{"self":[{"href":"https:\/\/www.driel-polen.nl\/pl\/wp-json\/wp\/v2\/pages\/4905","targetHints":{"allow":["GET"]}}],"collection":[{"href":"https:\/\/www.driel-polen.nl\/pl\/wp-json\/wp\/v2\/pages"}],"about":[{"href":"https:\/\/www.driel-polen.nl\/pl\/wp-json\/wp\/v2\/types\/page"}],"author":[{"embeddable":true,"href":"https:\/\/www.driel-polen.nl\/pl\/wp-json\/wp\/v2\/users\/17"}],"replies":[{"embeddable":true,"href":"https:\/\/www.driel-polen.nl\/pl\/wp-json\/wp\/v2\/comments?post=4905"}],"version-history":[{"count":2,"href":"https:\/\/www.driel-polen.nl\/pl\/wp-json\/wp\/v2\/pages\/4905\/revisions"}],"predecessor-version":[{"id":4909,"href":"https:\/\/www.driel-polen.nl\/pl\/wp-json\/wp\/v2\/pages\/4905\/revisions\/4909"}],"up":[{"embeddable":true,"href":"https:\/\/www.driel-polen.nl\/pl\/wp-json\/wp\/v2\/pages\/5633"}],"wp:attachment":[{"href":"https:\/\/www.driel-polen.nl\/pl\/wp-json\/wp\/v2\/media?parent=4905"}],"curies":[{"name":"wp","href":"https:\/\/api.w.org\/{rel}","templated":true}]}}