{"id":4709,"date":"2020-09-18T19:29:58","date_gmt":"2020-09-18T17:29:58","guid":{"rendered":"https:\/\/www.driel-polen.nl\/?page_id=4709"},"modified":"2021-01-12T14:11:23","modified_gmt":"2021-01-12T13:11:23","slug":"2020-dankwoord-onthulling-buste-generaal-sosabowski-voorzitter-stichting-driel-polen","status":"publish","type":"page","link":"https:\/\/www.driel-polen.nl\/pl\/herdenkingen\/herdenkingen-2015-2024\/2020-dankwoord-onthulling-buste-generaal-sosabowski-voorzitter-stichting-driel-polen\/","title":{"rendered":"2020 S\u0142owo podzi\u0119kowania z okazji ods\u0142oni\u0119cia popiersia Genera\u0142a Sosabowskiego Prezes Fundacji Driel-Polen"},"content":{"rendered":"<p><\/p>\n<p style=\"text-align: center;\"><strong>S\u0142owo podzi\u0119kowania z okazji ods\u0142oni\u0119cia popiersia Genera\u0142a Sosabowskiego<br \/>\n<\/strong><strong>Prezes Fundacji Driel-Polen<br \/>\n<\/strong><strong>18 wrze\u015bnia 2020<\/strong><\/p>\n<p>Panie Generale, Pani Burmistrz, Panie i Panowie,<\/p>\n<p>we wrze\u015bniu 2017 roku w Warszawie dokonano ods\u0142oni\u0119cia popiersia Genera\u0142a Sosabowskiego. Mniej wi\u0119cej trzy lata p\u00f3\u017aniej stoimy w Driel, gdzie w\u0142a\u015bnie mia\u0142o miejsce ods\u0142oni\u0119cie repliki tej rze\u017aby.<\/p>\n<p>Oba popiersia stan\u0119\u0142y w historycznych miejscach.<\/p>\n<p>W Warszawie w miejscu, w kt\u00f3rym za kilka lat zostanie otwarte odnowione Muzeum Wojska Polskiego oddalone o nieca\u0142e 100 metr\u00f3w od dawnego domu genera\u0142a.<\/p>\n<p>Tutaj, w Driel, naprzeciwko domu, kt\u00f3ry we wrze\u015bniu 1944 roku przez oko\u0142o 5 dni s\u0142u\u017cy\u0142 za jego kwater\u0119.<\/p>\n<p>Zarz\u0105d Fundacji Driel-Polen jest bardzo wdzi\u0119czny radzie gminy za t\u0119 inicjatyw\u0119 i dzi\u0119kuje Ko\u0142u Historycznemu Driel za sugesti\u0119 umieszczenia popiersia w tym miejscu.<\/p>\n<p>W ramach projektu finansowanego przez Gelderland Herdenkt i we wsp\u00f3\u0142pracy z czterema gminami Airborne oraz z Liberation Route Europe wyznaczono specjalne historyczne trasy. To spe\u0142nienie wieloletnich \u017cycze\u0144 naszej fundacji.<\/p>\n<p>Jeszcze przed ko\u0144cem tego miesi\u0105ca rozpoczn\u0105 si\u0119 przygotowania opracowanej ju\u017c trasy przebiegaj\u0105cej przez Driel i okolice. Trasa po\u0142\u0105czy si\u0119 z tzw. \u201eszlakiem pami\u0119ci\u201d, kt\u00f3ry z inicjatywy Liberation Route Europe prowadzi przez du\u017c\u0105 cz\u0119\u015b\u0107 Europy, wiedzie z Anglii do Francji, nast\u0119pnie przebiega przez inne kraje i ko\u0144czy si\u0119 w Polsce.<\/p>\n<p>By\u0142a kwatera genera\u0142a b\u0119dzie jednym z jego najwa\u017cniejszych punkt\u00f3w.<\/p>\n<p>Ufamy, \u017ce w najbli\u017cszych latach wielu zwiedzaj\u0105cych Centrum Informacyjne b\u0119dzie korzysta\u0142o z tej trasy, aby uzyska\u0107 wi\u0119cej informacji o udziale 1 Samodzielnej Brygady Spadochronowej w operacji Market Garden.<\/p>\n<p>Dzi\u0119kuj\u0119 za uwag\u0119!<\/p>","protected":false},"excerpt":{"rendered":"<p>S\u0142owo podzi\u0119kowania z okazji ods\u0142oni\u0119cia popiersia Genera\u0142a Sosabowskiego Prezes Fundacji Driel-Polen 18 wrze\u015bnia 2020 Panie Generale, Pani Burmistrz, Panie i Panowie, we wrze\u015bniu 2017 roku w Warszawie dokonano ods\u0142oni\u0119cia popiersia Genera\u0142a Sosabowskiego. Mniej wi\u0119cej trzy lata p\u00f3\u017aniej stoimy w Driel, <span class=\"excerpt-dots\">&hellip;<\/span> <a class=\"more-link\" href=\"https:\/\/www.driel-polen.nl\/pl\/herdenkingen\/herdenkingen-2015-2024\/2020-dankwoord-onthulling-buste-generaal-sosabowski-voorzitter-stichting-driel-polen\/\"><span class=\"more-msg\"><img decoding=\"async\" src=\"https:\/\/www.driel-polen.nl\/downloads\/lees-meer3.jpg\"><\/p>\n<hr class=\"wvrx-expand-full\" style=\"margin:0\"><\/span><\/a><\/p>\n","protected":false},"author":17,"featured_media":0,"parent":5633,"menu_order":0,"comment_status":"closed","ping_status":"closed","template":"","meta":{"_monsterinsights_skip_tracking":false,"_monsterinsights_sitenote_active":false,"_monsterinsights_sitenote_note":"","_monsterinsights_sitenote_category":0,"ngg_post_thumbnail":0,"footnotes":""},"class_list":["post-4709","page","type-page","status-publish","hentry"],"yoast_head":"<!-- This site is optimized with the Yoast SEO plugin v27.4 - https:\/\/yoast.com\/product\/yoast-seo-wordpress\/ -->\n<title>2020 S\u0142owo podzi\u0119kowania z okazji ods\u0142oni\u0119cia popiersia Genera\u0142a Sosabowskiego Prezes Fundacji Driel-Polen - Stichting Driel-Polen<\/title>\n<meta name=\"robots\" content=\"index, follow, max-snippet:-1, max-image-preview:large, max-video-preview:-1\" \/>\n<link rel=\"canonical\" href=\"https:\/\/www.driel-polen.nl\/herdenkingen\/herdenkingen-2015-2024\/2020-dankwoord-onthulling-buste-generaal-sosabowski-voorzitter-stichting-driel-polen\/\" \/>\n<meta property=\"og:locale\" content=\"pl_PL\" \/>\n<meta property=\"og:type\" content=\"article\" \/>\n<meta property=\"og:title\" content=\"2020 S\u0142owo podzi\u0119kowania z okazji ods\u0142oni\u0119cia popiersia Genera\u0142a Sosabowskiego Prezes Fundacji Driel-Polen - Stichting Driel-Polen\" \/>\n<meta property=\"og:description\" content=\"S\u0142owo podzi\u0119kowania z okazji ods\u0142oni\u0119cia popiersia Genera\u0142a Sosabowskiego Prezes Fundacji Driel-Polen 18 wrze\u015bnia 2020 Panie Generale, Pani Burmistrz, Panie i Panowie, we wrze\u015bniu 2017 roku w Warszawie dokonano ods\u0142oni\u0119cia popiersia Genera\u0142a Sosabowskiego. Mniej wi\u0119cej trzy lata p\u00f3\u017aniej stoimy w Driel, &hellip;\" \/>\n<meta property=\"og:url\" content=\"https:\/\/www.driel-polen.nl\/herdenkingen\/herdenkingen-2015-2024\/2020-dankwoord-onthulling-buste-generaal-sosabowski-voorzitter-stichting-driel-polen\/\" \/>\n<meta property=\"og:site_name\" content=\"Stichting Driel-Polen\" \/>\n<meta property=\"article:modified_time\" content=\"2021-01-12T13:11:23+00:00\" \/>\n<meta name=\"twitter:label1\" content=\"Szacowany czas czytania\" \/>\n\t<meta name=\"twitter:data1\" content=\"4 minuty\" \/>\n<script type=\"application\/ld+json\" class=\"yoast-schema-graph\">{\"@context\":\"https:\\\/\\\/schema.org\",\"@graph\":[{\"@type\":\"WebPage\",\"@id\":\"https:\\\/\\\/www.driel-polen.nl\\\/herdenkingen\\\/herdenkingen-2015-2024\\\/2020-dankwoord-onthulling-buste-generaal-sosabowski-voorzitter-stichting-driel-polen\\\/\",\"url\":\"https:\\\/\\\/www.driel-polen.nl\\\/herdenkingen\\\/herdenkingen-2015-2024\\\/2020-dankwoord-onthulling-buste-generaal-sosabowski-voorzitter-stichting-driel-polen\\\/\",\"name\":\"2020 S\u0142owo podzi\u0119kowania z okazji ods\u0142oni\u0119cia popiersia Genera\u0142a Sosabowskiego Prezes Fundacji Driel-Polen - Stichting Driel-Polen\",\"isPartOf\":{\"@id\":\"https:\\\/\\\/www.driel-polen.nl\\\/nl\\\/#website\"},\"datePublished\":\"2020-09-18T17:29:58+00:00\",\"dateModified\":\"2021-01-12T13:11:23+00:00\",\"breadcrumb\":{\"@id\":\"https:\\\/\\\/www.driel-polen.nl\\\/herdenkingen\\\/herdenkingen-2015-2024\\\/2020-dankwoord-onthulling-buste-generaal-sosabowski-voorzitter-stichting-driel-polen\\\/#breadcrumb\"},\"inLanguage\":\"pl-PL\",\"potentialAction\":[{\"@type\":\"ReadAction\",\"target\":[\"https:\\\/\\\/www.driel-polen.nl\\\/herdenkingen\\\/herdenkingen-2015-2024\\\/2020-dankwoord-onthulling-buste-generaal-sosabowski-voorzitter-stichting-driel-polen\\\/\"]}]},{\"@type\":\"BreadcrumbList\",\"@id\":\"https:\\\/\\\/www.driel-polen.nl\\\/herdenkingen\\\/herdenkingen-2015-2024\\\/2020-dankwoord-onthulling-buste-generaal-sosabowski-voorzitter-stichting-driel-polen\\\/#breadcrumb\",\"itemListElement\":[{\"@type\":\"ListItem\",\"position\":1,\"name\":\"Herdenkingen\",\"item\":\"https:\\\/\\\/www.driel-polen.nl\\\/herdenkingen\\\/\"},{\"@type\":\"ListItem\",\"position\":2,\"name\":\"Herdenkingen 2015-2024\",\"item\":\"https:\\\/\\\/www.driel-polen.nl\\\/herdenkingen\\\/herdenkingen-2015-2024\\\/\"},{\"@type\":\"ListItem\",\"position\":3,\"name\":\"2020 S\u0142owo podzi\u0119kowania z okazji ods\u0142oni\u0119cia popiersia Genera\u0142a Sosabowskiego Prezes Fundacji Driel-Polen\"}]},{\"@type\":\"WebSite\",\"@id\":\"https:\\\/\\\/www.driel-polen.nl\\\/nl\\\/#website\",\"url\":\"https:\\\/\\\/www.driel-polen.nl\\\/nl\\\/\",\"name\":\"Stichting Driel-Polen\",\"description\":\"General St. Sosabowski\",\"potentialAction\":[{\"@type\":\"SearchAction\",\"target\":{\"@type\":\"EntryPoint\",\"urlTemplate\":\"https:\\\/\\\/www.driel-polen.nl\\\/nl\\\/?s={search_term_string}\"},\"query-input\":{\"@type\":\"PropertyValueSpecification\",\"valueRequired\":true,\"valueName\":\"search_term_string\"}}],\"inLanguage\":\"pl-PL\"}]}<\/script>\n<!-- \/ Yoast SEO plugin. -->","yoast_head_json":{"title":"2020 S\u0142owo podzi\u0119kowania z okazji ods\u0142oni\u0119cia popiersia Genera\u0142a Sosabowskiego Prezes Fundacji Driel-Polen - Stichting Driel-Polen","robots":{"index":"index","follow":"follow","max-snippet":"max-snippet:-1","max-image-preview":"max-image-preview:large","max-video-preview":"max-video-preview:-1"},"canonical":"https:\/\/www.driel-polen.nl\/herdenkingen\/herdenkingen-2015-2024\/2020-dankwoord-onthulling-buste-generaal-sosabowski-voorzitter-stichting-driel-polen\/","og_locale":"pl_PL","og_type":"article","og_title":"2020 S\u0142owo podzi\u0119kowania z okazji ods\u0142oni\u0119cia popiersia Genera\u0142a Sosabowskiego Prezes Fundacji Driel-Polen - Stichting Driel-Polen","og_description":"S\u0142owo podzi\u0119kowania z okazji ods\u0142oni\u0119cia popiersia Genera\u0142a Sosabowskiego Prezes Fundacji Driel-Polen 18 wrze\u015bnia 2020 Panie Generale, Pani Burmistrz, Panie i Panowie, we wrze\u015bniu 2017 roku w Warszawie dokonano ods\u0142oni\u0119cia popiersia Genera\u0142a Sosabowskiego. Mniej wi\u0119cej trzy lata p\u00f3\u017aniej stoimy w Driel, &hellip;","og_url":"https:\/\/www.driel-polen.nl\/herdenkingen\/herdenkingen-2015-2024\/2020-dankwoord-onthulling-buste-generaal-sosabowski-voorzitter-stichting-driel-polen\/","og_site_name":"Stichting Driel-Polen","article_modified_time":"2021-01-12T13:11:23+00:00","twitter_misc":{"Szacowany czas czytania":"4 minuty"},"schema":{"@context":"https:\/\/schema.org","@graph":[{"@type":"WebPage","@id":"https:\/\/www.driel-polen.nl\/herdenkingen\/herdenkingen-2015-2024\/2020-dankwoord-onthulling-buste-generaal-sosabowski-voorzitter-stichting-driel-polen\/","url":"https:\/\/www.driel-polen.nl\/herdenkingen\/herdenkingen-2015-2024\/2020-dankwoord-onthulling-buste-generaal-sosabowski-voorzitter-stichting-driel-polen\/","name":"2020 S\u0142owo podzi\u0119kowania z okazji ods\u0142oni\u0119cia popiersia Genera\u0142a Sosabowskiego Prezes Fundacji Driel-Polen - Stichting Driel-Polen","isPartOf":{"@id":"https:\/\/www.driel-polen.nl\/nl\/#website"},"datePublished":"2020-09-18T17:29:58+00:00","dateModified":"2021-01-12T13:11:23+00:00","breadcrumb":{"@id":"https:\/\/www.driel-polen.nl\/herdenkingen\/herdenkingen-2015-2024\/2020-dankwoord-onthulling-buste-generaal-sosabowski-voorzitter-stichting-driel-polen\/#breadcrumb"},"inLanguage":"pl-PL","potentialAction":[{"@type":"ReadAction","target":["https:\/\/www.driel-polen.nl\/herdenkingen\/herdenkingen-2015-2024\/2020-dankwoord-onthulling-buste-generaal-sosabowski-voorzitter-stichting-driel-polen\/"]}]},{"@type":"BreadcrumbList","@id":"https:\/\/www.driel-polen.nl\/herdenkingen\/herdenkingen-2015-2024\/2020-dankwoord-onthulling-buste-generaal-sosabowski-voorzitter-stichting-driel-polen\/#breadcrumb","itemListElement":[{"@type":"ListItem","position":1,"name":"Herdenkingen","item":"https:\/\/www.driel-polen.nl\/herdenkingen\/"},{"@type":"ListItem","position":2,"name":"Herdenkingen 2015-2024","item":"https:\/\/www.driel-polen.nl\/herdenkingen\/herdenkingen-2015-2024\/"},{"@type":"ListItem","position":3,"name":"2020 S\u0142owo podzi\u0119kowania z okazji ods\u0142oni\u0119cia popiersia Genera\u0142a Sosabowskiego Prezes Fundacji Driel-Polen"}]},{"@type":"WebSite","@id":"https:\/\/www.driel-polen.nl\/nl\/#website","url":"https:\/\/www.driel-polen.nl\/nl\/","name":"Stichting Driel-Polen","description":"General St. Sosabowski","potentialAction":[{"@type":"SearchAction","target":{"@type":"EntryPoint","urlTemplate":"https:\/\/www.driel-polen.nl\/nl\/?s={search_term_string}"},"query-input":{"@type":"PropertyValueSpecification","valueRequired":true,"valueName":"search_term_string"}}],"inLanguage":"pl-PL"}]}},"_links":{"self":[{"href":"https:\/\/www.driel-polen.nl\/pl\/wp-json\/wp\/v2\/pages\/4709","targetHints":{"allow":["GET"]}}],"collection":[{"href":"https:\/\/www.driel-polen.nl\/pl\/wp-json\/wp\/v2\/pages"}],"about":[{"href":"https:\/\/www.driel-polen.nl\/pl\/wp-json\/wp\/v2\/types\/page"}],"author":[{"embeddable":true,"href":"https:\/\/www.driel-polen.nl\/pl\/wp-json\/wp\/v2\/users\/17"}],"replies":[{"embeddable":true,"href":"https:\/\/www.driel-polen.nl\/pl\/wp-json\/wp\/v2\/comments?post=4709"}],"version-history":[{"count":1,"href":"https:\/\/www.driel-polen.nl\/pl\/wp-json\/wp\/v2\/pages\/4709\/revisions"}],"predecessor-version":[{"id":4711,"href":"https:\/\/www.driel-polen.nl\/pl\/wp-json\/wp\/v2\/pages\/4709\/revisions\/4711"}],"up":[{"embeddable":true,"href":"https:\/\/www.driel-polen.nl\/pl\/wp-json\/wp\/v2\/pages\/5633"}],"wp:attachment":[{"href":"https:\/\/www.driel-polen.nl\/pl\/wp-json\/wp\/v2\/media?parent=4709"}],"curies":[{"name":"wp","href":"https:\/\/api.w.org\/{rel}","templated":true}]}}