{"id":4697,"date":"2020-09-18T19:18:54","date_gmt":"2020-09-18T17:18:54","guid":{"rendered":"https:\/\/www.driel-polen.nl\/?page_id=4697"},"modified":"2021-01-12T14:19:26","modified_gmt":"2021-01-12T13:19:26","slug":"2020-welkom-onthulling-buste-generaal-sosabowski-remco-janssen-chef-kabinet-gemeente-overbetuwe","status":"publish","type":"page","link":"https:\/\/www.driel-polen.nl\/pl\/herdenkingen\/herdenkingen-2015-2024\/2020-welkom-onthulling-buste-generaal-sosabowski-remco-janssen-chef-kabinet-gemeente-overbetuwe\/","title":{"rendered":"2020 S\u0142owo powitania na uroczysto\u015bci ods\u0142oni\u0119cia popiersia Genera\u0142a Sosabowskiego Remco Janssen, kierownik biura burmistrza gminy Overbetuwe"},"content":{"rendered":"<p><\/p>\n<p style=\"text-align: center;\"><strong>S\u0142owo powitania na uroczysto\u015bci ods\u0142oni\u0119cia popiersia Genera\u0142a Sosabowskiego<br \/>\n<\/strong><strong>Remco Janssen, kierownik biura burmistrza gminy Overbetuwe<br \/>\n<\/strong><strong>18 wrze\u015bnia 2020<\/strong><\/p>\n<p><strong>Panie Generale, Pani Burmistrz, Panie i Panowie,<\/strong><\/p>\n<p>witam na tej kr\u00f3tkiej, uroczystej ceremonii, na kt\u00f3rej ods\u0142onimy popiersie Genera\u0142a Sosabowskiego tutaj, na rogu ulic Vogelenzangsestraat i Baltussenweg. Autorem popiersia jest Martin Abspoel, r\u00f3wnie\u017c tu obecny. Z tego miejsca Martinie serdecznie Ci dzi\u0119kuj\u0119 za t\u0119 pi\u0119kn\u0105 rze\u017ab\u0119 i za mi\u0142\u0105 wsp\u00f3\u0142prac\u0119 podczas realizacji pomys\u0142u.<\/p>\n<p>Pani burmistrz za chwil\u0119 wyja\u015bni w swoim przem\u00f3wieniu, dlaczego popiersie stan\u0119\u0142o w\u0142a\u015bnie tutaj. Nast\u0119pnie pan Hanno Krijgsman i pani Cecile de Boer ods\u0142oni\u0105 pomnik, kieruj\u0105c do Pa\u0144stwa kilka s\u0142\u00f3w. Oboje s\u0105 radnymi gminy Overbetuwe, dlatego to oni w imieniu rady gminy dokonaj\u0105 ods\u0142oni\u0119cia. W zwi\u0105zku z obecn\u0105 sytuacj\u0105 zwi\u0105zan\u0105 z COVID-19 zadecydowano, \u017ce rada gminy nie b\u0119dzie dzi\u015b obecna w pe\u0142nym sk\u0142adzie. Miejmy nadziej\u0119, \u017ce w przysz\u0142ym roku, podczas 77. rocznicy operacji Market Garden, b\u0119dzie okazja, by rada gminy razem z rodzin\u0105 Sosabowskich z\u0142o\u017cy\u0142a wizyt\u0119 popiersiu.<\/p>\n<p>Po jego ods\u0142oni\u0119ciu genera\u0142 brygady, pan Grodzki, z\u0142o\u017cy pod nim kwiaty. Pomnikowi temu towarzyszy dzi\u015b chor\u0105giew 6 Brygady Powietrznodesantowej odznaczona Wojskowym Orderem Wilhelma.<\/p>\n<p>Po z\u0142o\u017ceniu kwiat\u00f3w przem\u00f3wienie wyg\u0142osi Arno Baltussen z Fundacji Driel-Polen i tym zako\u0144czymy t\u0119 ceremoni\u0119. Chcia\u0142bym Pa\u0144stwa prosi\u0107, by Pa\u0144stwo wstawali i przechodzili za barierki dopiero na m\u00f3j znak albo na znak moich wsp\u00f3\u0142pracownik\u00f3w.<\/p>\n<p>&nbsp;<\/p>","protected":false},"excerpt":{"rendered":"<p>S\u0142owo powitania na uroczysto\u015bci ods\u0142oni\u0119cia popiersia Genera\u0142a Sosabowskiego Remco Janssen, kierownik biura burmistrza gminy Overbetuwe 18 wrze\u015bnia 2020 Panie Generale, Pani Burmistrz, Panie i Panowie, witam na tej kr\u00f3tkiej, uroczystej ceremonii, na kt\u00f3rej ods\u0142onimy popiersie Genera\u0142a Sosabowskiego tutaj, na rogu <span class=\"excerpt-dots\">&hellip;<\/span> <a class=\"more-link\" href=\"https:\/\/www.driel-polen.nl\/pl\/herdenkingen\/herdenkingen-2015-2024\/2020-welkom-onthulling-buste-generaal-sosabowski-remco-janssen-chef-kabinet-gemeente-overbetuwe\/\"><span class=\"more-msg\"><img decoding=\"async\" src=\"https:\/\/www.driel-polen.nl\/downloads\/lees-meer3.jpg\"><\/p>\n<hr class=\"wvrx-expand-full\" style=\"margin:0\"><\/span><\/a><\/p>\n","protected":false},"author":17,"featured_media":0,"parent":5633,"menu_order":0,"comment_status":"closed","ping_status":"closed","template":"","meta":{"_monsterinsights_skip_tracking":false,"_monsterinsights_sitenote_active":false,"_monsterinsights_sitenote_note":"","_monsterinsights_sitenote_category":0,"ngg_post_thumbnail":0,"footnotes":""},"class_list":["post-4697","page","type-page","status-publish","hentry"],"yoast_head":"<!-- This site is optimized with the Yoast SEO plugin v27.4 - https:\/\/yoast.com\/product\/yoast-seo-wordpress\/ -->\n<title>2020 S\u0142owo powitania na uroczysto\u015bci ods\u0142oni\u0119cia popiersia Genera\u0142a Sosabowskiego Remco Janssen, kierownik biura burmistrza gminy Overbetuwe - Stichting Driel-Polen<\/title>\n<meta name=\"robots\" content=\"index, follow, max-snippet:-1, max-image-preview:large, max-video-preview:-1\" \/>\n<link rel=\"canonical\" href=\"https:\/\/www.driel-polen.nl\/herdenkingen\/herdenkingen-2015-2024\/2020-welkom-onthulling-buste-generaal-sosabowski-remco-janssen-chef-kabinet-gemeente-overbetuwe\/\" \/>\n<meta property=\"og:locale\" content=\"pl_PL\" \/>\n<meta property=\"og:type\" content=\"article\" \/>\n<meta property=\"og:title\" content=\"2020 S\u0142owo powitania na uroczysto\u015bci ods\u0142oni\u0119cia popiersia Genera\u0142a Sosabowskiego Remco Janssen, kierownik biura burmistrza gminy Overbetuwe - Stichting Driel-Polen\" \/>\n<meta property=\"og:description\" content=\"S\u0142owo powitania na uroczysto\u015bci ods\u0142oni\u0119cia popiersia Genera\u0142a Sosabowskiego Remco Janssen, kierownik biura burmistrza gminy Overbetuwe 18 wrze\u015bnia 2020 Panie Generale, Pani Burmistrz, Panie i Panowie, witam na tej kr\u00f3tkiej, uroczystej ceremonii, na kt\u00f3rej ods\u0142onimy popiersie Genera\u0142a Sosabowskiego tutaj, na rogu &hellip;\" \/>\n<meta property=\"og:url\" content=\"https:\/\/www.driel-polen.nl\/herdenkingen\/herdenkingen-2015-2024\/2020-welkom-onthulling-buste-generaal-sosabowski-remco-janssen-chef-kabinet-gemeente-overbetuwe\/\" \/>\n<meta property=\"og:site_name\" content=\"Stichting Driel-Polen\" \/>\n<meta property=\"article:modified_time\" content=\"2021-01-12T13:19:26+00:00\" \/>\n<meta name=\"twitter:label1\" content=\"Szacowany czas czytania\" \/>\n\t<meta name=\"twitter:data1\" content=\"4 minuty\" \/>\n<script type=\"application\/ld+json\" class=\"yoast-schema-graph\">{\"@context\":\"https:\\\/\\\/schema.org\",\"@graph\":[{\"@type\":\"WebPage\",\"@id\":\"https:\\\/\\\/www.driel-polen.nl\\\/herdenkingen\\\/herdenkingen-2015-2024\\\/2020-welkom-onthulling-buste-generaal-sosabowski-remco-janssen-chef-kabinet-gemeente-overbetuwe\\\/\",\"url\":\"https:\\\/\\\/www.driel-polen.nl\\\/herdenkingen\\\/herdenkingen-2015-2024\\\/2020-welkom-onthulling-buste-generaal-sosabowski-remco-janssen-chef-kabinet-gemeente-overbetuwe\\\/\",\"name\":\"2020 S\u0142owo powitania na uroczysto\u015bci ods\u0142oni\u0119cia popiersia Genera\u0142a Sosabowskiego Remco Janssen, kierownik biura burmistrza gminy Overbetuwe - Stichting Driel-Polen\",\"isPartOf\":{\"@id\":\"https:\\\/\\\/www.driel-polen.nl\\\/nl\\\/#website\"},\"datePublished\":\"2020-09-18T17:18:54+00:00\",\"dateModified\":\"2021-01-12T13:19:26+00:00\",\"breadcrumb\":{\"@id\":\"https:\\\/\\\/www.driel-polen.nl\\\/herdenkingen\\\/herdenkingen-2015-2024\\\/2020-welkom-onthulling-buste-generaal-sosabowski-remco-janssen-chef-kabinet-gemeente-overbetuwe\\\/#breadcrumb\"},\"inLanguage\":\"pl-PL\",\"potentialAction\":[{\"@type\":\"ReadAction\",\"target\":[\"https:\\\/\\\/www.driel-polen.nl\\\/herdenkingen\\\/herdenkingen-2015-2024\\\/2020-welkom-onthulling-buste-generaal-sosabowski-remco-janssen-chef-kabinet-gemeente-overbetuwe\\\/\"]}]},{\"@type\":\"BreadcrumbList\",\"@id\":\"https:\\\/\\\/www.driel-polen.nl\\\/herdenkingen\\\/herdenkingen-2015-2024\\\/2020-welkom-onthulling-buste-generaal-sosabowski-remco-janssen-chef-kabinet-gemeente-overbetuwe\\\/#breadcrumb\",\"itemListElement\":[{\"@type\":\"ListItem\",\"position\":1,\"name\":\"Herdenkingen\",\"item\":\"https:\\\/\\\/www.driel-polen.nl\\\/herdenkingen\\\/\"},{\"@type\":\"ListItem\",\"position\":2,\"name\":\"Herdenkingen 2015-2024\",\"item\":\"https:\\\/\\\/www.driel-polen.nl\\\/herdenkingen\\\/herdenkingen-2015-2024\\\/\"},{\"@type\":\"ListItem\",\"position\":3,\"name\":\"2020 S\u0142owo powitania na uroczysto\u015bci ods\u0142oni\u0119cia popiersia Genera\u0142a Sosabowskiego Remco Janssen, kierownik biura burmistrza gminy Overbetuwe\"}]},{\"@type\":\"WebSite\",\"@id\":\"https:\\\/\\\/www.driel-polen.nl\\\/nl\\\/#website\",\"url\":\"https:\\\/\\\/www.driel-polen.nl\\\/nl\\\/\",\"name\":\"Stichting Driel-Polen\",\"description\":\"General St. Sosabowski\",\"potentialAction\":[{\"@type\":\"SearchAction\",\"target\":{\"@type\":\"EntryPoint\",\"urlTemplate\":\"https:\\\/\\\/www.driel-polen.nl\\\/nl\\\/?s={search_term_string}\"},\"query-input\":{\"@type\":\"PropertyValueSpecification\",\"valueRequired\":true,\"valueName\":\"search_term_string\"}}],\"inLanguage\":\"pl-PL\"}]}<\/script>\n<!-- \/ Yoast SEO plugin. -->","yoast_head_json":{"title":"2020 S\u0142owo powitania na uroczysto\u015bci ods\u0142oni\u0119cia popiersia Genera\u0142a Sosabowskiego Remco Janssen, kierownik biura burmistrza gminy Overbetuwe - Stichting Driel-Polen","robots":{"index":"index","follow":"follow","max-snippet":"max-snippet:-1","max-image-preview":"max-image-preview:large","max-video-preview":"max-video-preview:-1"},"canonical":"https:\/\/www.driel-polen.nl\/herdenkingen\/herdenkingen-2015-2024\/2020-welkom-onthulling-buste-generaal-sosabowski-remco-janssen-chef-kabinet-gemeente-overbetuwe\/","og_locale":"pl_PL","og_type":"article","og_title":"2020 S\u0142owo powitania na uroczysto\u015bci ods\u0142oni\u0119cia popiersia Genera\u0142a Sosabowskiego Remco Janssen, kierownik biura burmistrza gminy Overbetuwe - Stichting Driel-Polen","og_description":"S\u0142owo powitania na uroczysto\u015bci ods\u0142oni\u0119cia popiersia Genera\u0142a Sosabowskiego Remco Janssen, kierownik biura burmistrza gminy Overbetuwe 18 wrze\u015bnia 2020 Panie Generale, Pani Burmistrz, Panie i Panowie, witam na tej kr\u00f3tkiej, uroczystej ceremonii, na kt\u00f3rej ods\u0142onimy popiersie Genera\u0142a Sosabowskiego tutaj, na rogu &hellip;","og_url":"https:\/\/www.driel-polen.nl\/herdenkingen\/herdenkingen-2015-2024\/2020-welkom-onthulling-buste-generaal-sosabowski-remco-janssen-chef-kabinet-gemeente-overbetuwe\/","og_site_name":"Stichting Driel-Polen","article_modified_time":"2021-01-12T13:19:26+00:00","twitter_misc":{"Szacowany czas czytania":"4 minuty"},"schema":{"@context":"https:\/\/schema.org","@graph":[{"@type":"WebPage","@id":"https:\/\/www.driel-polen.nl\/herdenkingen\/herdenkingen-2015-2024\/2020-welkom-onthulling-buste-generaal-sosabowski-remco-janssen-chef-kabinet-gemeente-overbetuwe\/","url":"https:\/\/www.driel-polen.nl\/herdenkingen\/herdenkingen-2015-2024\/2020-welkom-onthulling-buste-generaal-sosabowski-remco-janssen-chef-kabinet-gemeente-overbetuwe\/","name":"2020 S\u0142owo powitania na uroczysto\u015bci ods\u0142oni\u0119cia popiersia Genera\u0142a Sosabowskiego Remco Janssen, kierownik biura burmistrza gminy Overbetuwe - Stichting Driel-Polen","isPartOf":{"@id":"https:\/\/www.driel-polen.nl\/nl\/#website"},"datePublished":"2020-09-18T17:18:54+00:00","dateModified":"2021-01-12T13:19:26+00:00","breadcrumb":{"@id":"https:\/\/www.driel-polen.nl\/herdenkingen\/herdenkingen-2015-2024\/2020-welkom-onthulling-buste-generaal-sosabowski-remco-janssen-chef-kabinet-gemeente-overbetuwe\/#breadcrumb"},"inLanguage":"pl-PL","potentialAction":[{"@type":"ReadAction","target":["https:\/\/www.driel-polen.nl\/herdenkingen\/herdenkingen-2015-2024\/2020-welkom-onthulling-buste-generaal-sosabowski-remco-janssen-chef-kabinet-gemeente-overbetuwe\/"]}]},{"@type":"BreadcrumbList","@id":"https:\/\/www.driel-polen.nl\/herdenkingen\/herdenkingen-2015-2024\/2020-welkom-onthulling-buste-generaal-sosabowski-remco-janssen-chef-kabinet-gemeente-overbetuwe\/#breadcrumb","itemListElement":[{"@type":"ListItem","position":1,"name":"Herdenkingen","item":"https:\/\/www.driel-polen.nl\/herdenkingen\/"},{"@type":"ListItem","position":2,"name":"Herdenkingen 2015-2024","item":"https:\/\/www.driel-polen.nl\/herdenkingen\/herdenkingen-2015-2024\/"},{"@type":"ListItem","position":3,"name":"2020 S\u0142owo powitania na uroczysto\u015bci ods\u0142oni\u0119cia popiersia Genera\u0142a Sosabowskiego Remco Janssen, kierownik biura burmistrza gminy Overbetuwe"}]},{"@type":"WebSite","@id":"https:\/\/www.driel-polen.nl\/nl\/#website","url":"https:\/\/www.driel-polen.nl\/nl\/","name":"Stichting Driel-Polen","description":"General St. Sosabowski","potentialAction":[{"@type":"SearchAction","target":{"@type":"EntryPoint","urlTemplate":"https:\/\/www.driel-polen.nl\/nl\/?s={search_term_string}"},"query-input":{"@type":"PropertyValueSpecification","valueRequired":true,"valueName":"search_term_string"}}],"inLanguage":"pl-PL"}]}},"_links":{"self":[{"href":"https:\/\/www.driel-polen.nl\/pl\/wp-json\/wp\/v2\/pages\/4697","targetHints":{"allow":["GET"]}}],"collection":[{"href":"https:\/\/www.driel-polen.nl\/pl\/wp-json\/wp\/v2\/pages"}],"about":[{"href":"https:\/\/www.driel-polen.nl\/pl\/wp-json\/wp\/v2\/types\/page"}],"author":[{"embeddable":true,"href":"https:\/\/www.driel-polen.nl\/pl\/wp-json\/wp\/v2\/users\/17"}],"replies":[{"embeddable":true,"href":"https:\/\/www.driel-polen.nl\/pl\/wp-json\/wp\/v2\/comments?post=4697"}],"version-history":[{"count":2,"href":"https:\/\/www.driel-polen.nl\/pl\/wp-json\/wp\/v2\/pages\/4697\/revisions"}],"predecessor-version":[{"id":4707,"href":"https:\/\/www.driel-polen.nl\/pl\/wp-json\/wp\/v2\/pages\/4697\/revisions\/4707"}],"up":[{"embeddable":true,"href":"https:\/\/www.driel-polen.nl\/pl\/wp-json\/wp\/v2\/pages\/5633"}],"wp:attachment":[{"href":"https:\/\/www.driel-polen.nl\/pl\/wp-json\/wp\/v2\/media?parent=4697"}],"curies":[{"name":"wp","href":"https:\/\/api.w.org\/{rel}","templated":true}]}}