{"id":4681,"date":"2020-09-18T18:40:45","date_gmt":"2020-09-18T16:40:45","guid":{"rendered":"https:\/\/www.driel-polen.nl\/?page_id=4681"},"modified":"2021-01-12T14:13:18","modified_gmt":"2021-01-12T13:13:18","slug":"2020-onthulling-gerestaureerde-glas-in-lood-raam-vertegenwoordiger-rksv-frans-essers","status":"publish","type":"page","link":"https:\/\/www.driel-polen.nl\/pl\/herdenkingen\/herdenkingen-2015-2024\/2020-onthulling-gerestaureerde-glas-in-lood-raam-vertegenwoordiger-rksv-frans-essers\/","title":{"rendered":"2020 Ods\u0142oni\u0119cie odrestaurowanego witra\u017ca Przedstawiciel RKSV \u2013 Frans Essers"},"content":{"rendered":"<p><\/p>\n<p style=\"text-align: center;\"><strong>Ods\u0142oni\u0119cie odrestaurowanego witra\u017ca<br \/>\n<\/strong><strong>Przedstawiciel RKSV \u2013 Frans Essers<br \/>\n<\/strong><strong>18 wrze\u015bnia 2020<\/strong><\/p>\n<p>Szanowni Zgromadzeni,<\/p>\n<p>w\u0142a\u015bciwie to do\u015b\u0107 szczeg\u00f3lne, \u017ce tutaj stoj\u0119.<br \/>\nNie, nie jestem weteranem.<br \/>\nSam nie do\u015bwiadczy\u0142em wojny.<br \/>\nNie wzi\u0105\u0142em nawet udzia\u0142u w akcji pisania kartek \u015bwi\u0105tecznych przez m\u0142odzie\u017c z Driel w 1946 roku.<br \/>\nUrodzi\u0142em si\u0119 ju\u017c w nieco lepszych czasach.<\/p>\n<p>Nie, nie reprezentuj\u0119 oficjalnych instancji.<br \/>\nJestem tylko przedstawicielem klubu pi\u0142karskiego.<br \/>\nKlubu pi\u0142karskiego, kt\u00f3rego \u0142\u0105czy specjalna wi\u0119\u017a z polskimi spadochroniarzami.<br \/>\nDlatego to szczeg\u00f3lny zaszczyt, \u017ce mog\u0119 tutaj by\u0107.<\/p>\n<p>W tym dziwnym czasie, w kt\u00f3rym wiele zgromadze\u0144 zosta\u0142o odwo\u0142anych, my mo\u017cemy si\u0119 spotka\u0107. To r\u00f3wnie\u017c jest szczeg\u00f3lne.<br \/>\nA mo\u017ce jednak nie jest?<br \/>\nBo mamy wyj\u0105tkow\u0105 okazj\u0119, by ze sob\u0105 poby\u0107.<br \/>\nMo\u017ce \u0142\u0105czy nas wi\u0119cej, ni\u017c mog\u0142oby si\u0119 na pierwszy rzut oka wydawa\u0107?<\/p>\n<p>Tak, my\u015bl\u0119, \u017ce \u0142\u0105czy nas wi\u0119cej, ni\u017c nam si\u0119 wydaje.<br \/>\nDziwne s\u0105 czasy, w kt\u00f3rych przysz\u0142o nam teraz \u017cy\u0107.<br \/>\nNo tak, ale 76 lat temu czasy, w kt\u00f3rych przysz\u0142o ludziom \u017cy\u0107, te\u017c by\u0142y dziwne.<br \/>\nTo by\u0142y czasy, kt\u00f3re utkwi\u0142y w pami\u0119ci i zapisa\u0142y si\u0119 dzi\u0119ki obchodom rocznicowym w p\u00f3\u017aniejszych latach.<br \/>\nW pami\u0119ci o tym, co negatywne i okre\u015blane s\u0142owem \u201ewojna\u201d.<br \/>\nDlatego obecnie, ciesz\u0105c si\u0119 wolno\u015bci\u0105, upami\u0119tniamy wydarzenia, kt\u00f3rych nigdy wi\u0119cej nie chcieliby\u015bmy do\u015bwiadczy\u0107.<\/p>\n<p>Ale tak\u017ce \u2013 nad tym zbyt rzadko si\u0119 zastanawiamy \u2013 zatrzymujemy si\u0119 w my\u015blach przy tym, \u017ce negatywne wydarzenia mog\u0105 mie\u0107 te\u017c pozytywne skutki.<br \/>\nWe\u017amy na przyk\u0142ad ksi\u0119dza Poelmana, kt\u00f3ry pod koniec wojny, jeszcze pod obecno\u015b\u0107 polskiej brygady spadochronowej, martwi\u0142 si\u0119 o przysz\u0142o\u015b\u0107 m\u0142odzie\u017cy z Driel.<br \/>\nKsi\u0119dza Poelmana, kt\u00f3ry \u2013 mo\u017ce nawet tutaj, w miejscu, w kt\u00f3rym stoimy \u2013 pr\u00f3bowa\u0142 skonkretyzowa\u0107 pomys\u0142y maj\u0105ce zapewni\u0107 dobr\u0105 przysz\u0142o\u015b\u0107 miejscowej m\u0142odzie\u017cy.<br \/>\nPrzysz\u0142o\u015b\u0107 z perspektyw\u0105.<br \/>\nPrzysz\u0142o\u015b\u0107, kt\u00f3r\u0105 umo\u017cliwili mi\u0119dzy innymi Pa\u0144stwo \u2013 1 Samodzielna Brygada Spadochronowa.<br \/>\nBo 75 lat temu nadszed\u0142 koniec wojny i wreszcie poczuli\u015bmy si\u0119 wolni.<br \/>\nWolno nam by\u0142o si\u0119 znowu stowarzysza\u0107.<\/p>\n<p>Gdy tylko sta\u0142o si\u0119 to mo\u017cliwe, za\u0142o\u017cono klub sportowy.<br \/>\nS\u0142owo \u201cstowarzysza\u0107 si\u0119\u201d m\u00f3wi w\u0142a\u015bciwie wszystko o tym, co ksi\u0105dz Poelman i pozostali za\u0142o\u017cyciele naszego klubu, panowie<br \/>\nBaltussen, Kock i Hoogsteder mieli przed oczami, a mianowicie:<br \/>\nwsp\u00f3lne dzia\u0142anie,<br \/>\nwsp\u00f3lny cel,<br \/>\na przede wszystkim wsp\u00f3ln\u0105 aktywno\u015b\u0107 sportow\u0105.<\/p>\n<p>Niew\u0105tpliwie to samo, co genera\u0142 Stanis\u0142aw Sosabowski i jego oddzia\u0142y musieli mie\u0107 przed oczami.<br \/>\nWsp\u00f3\u0142prac\u0119, zjednoczenie si\u0142 i wsp\u00f3lne d\u0105\u017cenie do celu.<br \/>\nIch celem by\u0142o uwolnienie Warszawy spod okupacji i budowanie przysz\u0142o\u015bci.<br \/>\nCelem za\u0142o\u017cycieli naszego stowarzyszenia by\u0142o poczucie wolno\u015bci i wdzi\u0119czno\u015b\u0107 za ofiarowan\u0105 przysz\u0142o\u015b\u0107.<br \/>\nZa\u0142o\u017cyciele naszego stowarzyszenia jako kolory klubu wybieraj\u0105 kolor bia\u0142y i czerwony.<br \/>\nBarwy polskiej flagi.<\/p>\n<p>Do tego liter\u0119 \u201eV\u201d na piersi od s\u0142owa \u201evictoria\u201d \u2013 zwyci\u0119stwo.<br \/>\nJeszcze przed pierwszymi obchodami rocznicowymi organizowanymi przez komitet Driel-Polska, zwi\u0105zek pi\u0142karski uhonorowa\u0142 polskich wyzwolicieli, wybieraj\u0105c swoje barwy klubowe.<br \/>\nP\u00f3\u017aniej do logo klubu dodano posta\u0107 spadochroniarza.<br \/>\nI obraz ten nierozerwalnie zwi\u0105zany jest z naszym stowarzyszeniem \u2013 RKSV Driel.<br \/>\nNawet w wy\u017cszych kr\u0119gach holenderskiego zwi\u0105zku pi\u0142karskiego uwa\u017ca si\u0119 to za wyj\u0105tkowe.<\/p>\n<p>We wrze\u015bniu 2019 roku Kr\u00f3lewski Holenderski Zwi\u0105zek Pi\u0142ki No\u017cnej (KNVB) po\u015bwi\u0119ci\u0142 temu wiele uwagi w obszernym artykule o szczeg\u00f3lnym zwi\u0105zku naszego klubu z polsk\u0105 brygad\u0105 spadochronow\u0105.<\/p>\n<p>W artykule pod tytu\u0142em <strong>\u201eRKSV Driel nigdy nie zapomni o swoich polskich wyzwolicielach\u201d<\/strong> opisano wsp\u00f3ln\u0105 histori\u0119 1 Samodzielnej Brygady Spadochronowej i naszego klubu pi\u0142karskiego RKSV Driel.<br \/>\nW pierwszej kolejno\u015bci skupia si\u0119 on na barwach klubowych naszego stowarzyszenia.<br \/>\nUwaga w dalszej cz\u0119\u015bci artyku\u0142u brzmi \u2013 cytuj\u0119 \u2013 \u201eCzterdzie\u015bci lat p\u00f3\u017aniej do logo klubu zostaje do\u0142\u0105czony spadochroniarz. Ten obraz pozostaje przed oczami podczas spaceru po terenie RKSV Driel. Widnieje wsz\u0119dzie: od fili\u017canki do kawy, przez kranik do nalewania do piwa, flag\u0119 mistrza po jubileuszow\u0105 koszulk\u0119\u201d \u2013 koniec cytatu<\/p>\n<p>Nie da si\u0119 mocniej wyrazi\u0107 wi\u0119z\u00f3w.<br \/>\nNasze stowarzyszenie R.K.S.V. Driel to skr\u00f3t od \u201eRzymsko-Katolickie Stowarzyszenie Sportowe\u201d Driel.<br \/>\nNale\u017ca\u0142o wyja\u015bni\u0107 m\u0142odzie\u017cy, \u017ce wsp\u00f3lne uprawianie sportu i aktywno\u015b\u0107 to podstawa lepszej i zdrowszej przysz\u0142o\u015bci.<br \/>\nZe wzgl\u0119du na szczeg\u00f3lny czas, w jakim teraz \u017cyjemy, odwo\u0142ano wielkie obchody 75-lecia odzyskania wolno\u015bci.<br \/>\nTo, \u017ce nasze spotykanie \u2013 w niewielkim gronie \u2013 mo\u017ce si\u0119 odby\u0107, jest naszym zdaniem s\u0142uszne.<\/p>\n<p>Bo ju\u017c w\u00f3wczas chodzi\u0142o o m\u0142odzie\u017c i przysz\u0142o\u015b\u0107.<br \/>\nPrzysz\u0142o\u015b\u0107 nie stoi w miejscu.<br \/>\nDowiedli tego wyzwoliciele w 1945 roku.<br \/>\nPokaza\u0142y nam to dzieci z Driel w 1946 na przyk\u0142adzie kartek \u015bwi\u0105tecznych pisanych do polskich wyzwolicieli.<br \/>\nPokazali to polscy \u017co\u0142nierze swoim wk\u0142adem w odbudow\u0119 zniszczonej szko\u0142y dla ch\u0142opc\u00f3w, w kt\u00f3rej wcze\u015bniej przebywali.<br \/>\nDowiod\u0142a tego pani Cora Baltussen poprzez swoje niezachwiane wsparcie dla 1 Polskiej Samodzielnej Brygady Spadochronowej i jej genera\u0142a Stanis\u0142awa Sosabowskiego.<\/p>\n<p>Tego, \u017ce przysz\u0142o\u015b\u0107 nie stoi w miejscu, jasno dowodzi nasz klub RKSV Driel.<br \/>\nPodczas gdy ksi\u0105dz Poelman i za\u0142o\u017cyciele naszego stowarzyszenia chcieli ponownie zapewni\u0107 m\u0142odzie\u017cy aktywn\u0105 i sportow\u0105 przysz\u0142o\u015b\u0107, polscy weterani zadbali o niema\u0142y wk\u0142ad finansowy w budow\u0119 nowej szko\u0142y\u2026o to, \u017ceby przed m\u0142odzie\u017c\u0105 otworzy\u0142a si\u0119 na nowo bogata w perspektywy przysz\u0142o\u015b\u0107.<br \/>\nA to wszystko nale\u017cy doda\u0107 do ich osi\u0105gni\u0119\u0107 w walkach toczonych w Driel i okolicach.<\/p>\n<p>75 lat wolno\u015bci \u2026\u2026\u2026\u2026\u2026\u2026\u2026.75 lat istnienia RKSV Driel.<br \/>\nDwa nierozerwalne kamienie milowe.<br \/>\nDwa kamienie milowe z\u0142\u0105czone ze sob\u0105 w witra\u017cu, kt\u00f3ry za chwil\u0119 znowu b\u0119dziemy mogli podziwia\u0107 w jego pe\u0142nej krasie.<br \/>\nWitra\u017c, kt\u00f3ry symbolizuje uznanie.<br \/>\nUznanie, kt\u00f3re cz\u0119\u015bciowo dzi\u0119ki RKSV Driel nabiera na nowo kszta\u0142tu.<br \/>\nWitra\u017c, przed kt\u00f3rym otwiera si\u0119 przysz\u0142o\u015b\u0107 w tym Centrum Informacyjnym.<\/p>\n<p>Nasze stowarzyszenie o bia\u0142o-czerwonym sercu os\u0142oni\u0119tym spadochronem przez 75 lat istnienia nieodmiennie stanowi\u0142o punkt odniesienia i istotn\u0105 warto\u015b\u0107 naszej wsp\u00f3lnoty w Driel.<br \/>\nZnajduje to cz\u0119\u015bciowo odzwierciedlenie w du\u017cej liczbie m\u0142odych cz\u0142onk\u00f3w naszego stowarzyszenia.<br \/>\nM\u0142odzie\u017cy, kt\u00f3ra jest zawsze obecna podczas corocznych obchod\u00f3w.<br \/>\nI kt\u00f3rej teraz te\u017c nie brakuje.<br \/>\nR\u00f3wnie\u017c i w tym nasze stowarzyszenie demonstruje swoje spo\u0142eczne zaanga\u017cowanie i solidarno\u015b\u0107.<br \/>\nNasze spo\u0142eczne zaanga\u017cowanie, kt\u00f3re znalaz\u0142o tak\u017ce wyraz w przeprowadzonej renowacji tego wyj\u0105tkowego witra\u017cu.<\/p>\n<p>75 lat wolno\u015bci \u2026\u2026\u2026\u2026\u2026\u2026\u2026.75 lat istnienia RKSV Driel.<br \/>\nAkcja pisania kartek \u015bwi\u0105tecznych przez m\u0142odzie\u017c.<br \/>\nBudz\u0105ca nadziej\u0119 odpowied\u017a polskich \u017co\u0142nierzy.<br \/>\nNieprzemijaj\u0105ce upami\u0119tnienie w witra\u017cu.<br \/>\nBarwne szk\u0142o, kt\u00f3re przy zmieniaj\u0105cym si\u0119 \u015bwietle wywo\u0142uje r\u00f3\u017cne nastroje.<br \/>\nOdzwierciedla historii w przysz\u0142o\u015bci.<br \/>\nCudownie to widzie\u0107.<br \/>\nTo jest rzeczywi\u015bcie do\u015b\u0107 szczeg\u00f3lne.<\/p>\n<p>I bior\u0105c pod uwag\u0119 wszystko, co si\u0119 wydarzy\u0142o i czego dokonali\u015bmy\u2026<br \/>\nI wszystko, co nas \u0142\u0105czy i budzi emocje, nie przestan\u0119 \u2013 a ze mn\u0105 z pewno\u015bci\u0105 wielu \u2013<\/p>\n<p><strong>ogl\u0105da\u0107 si\u0119 wstecz z podziwem.<\/strong><\/p>\n<p>Dzi\u0119kuj\u0119 za uwag\u0119<br \/>\nFrans Essers<br \/>\nw imieniu RKSV Driel<\/p>","protected":false},"excerpt":{"rendered":"<p>Ods\u0142oni\u0119cie odrestaurowanego witra\u017ca Przedstawiciel RKSV \u2013 Frans Essers 18 wrze\u015bnia 2020 Szanowni Zgromadzeni, w\u0142a\u015bciwie to do\u015b\u0107 szczeg\u00f3lne, \u017ce tutaj stoj\u0119. Nie, nie jestem weteranem. Sam nie do\u015bwiadczy\u0142em wojny. Nie wzi\u0105\u0142em nawet udzia\u0142u w akcji pisania kartek \u015bwi\u0105tecznych przez m\u0142odzie\u017c z <span class=\"excerpt-dots\">&hellip;<\/span> <a class=\"more-link\" href=\"https:\/\/www.driel-polen.nl\/pl\/herdenkingen\/herdenkingen-2015-2024\/2020-onthulling-gerestaureerde-glas-in-lood-raam-vertegenwoordiger-rksv-frans-essers\/\"><span class=\"more-msg\"><img decoding=\"async\" src=\"https:\/\/www.driel-polen.nl\/downloads\/lees-meer3.jpg\"><\/p>\n<hr class=\"wvrx-expand-full\" style=\"margin:0\"><\/span><\/a><\/p>\n","protected":false},"author":17,"featured_media":0,"parent":5633,"menu_order":0,"comment_status":"closed","ping_status":"closed","template":"","meta":{"_monsterinsights_skip_tracking":false,"_monsterinsights_sitenote_active":false,"_monsterinsights_sitenote_note":"","_monsterinsights_sitenote_category":0,"ngg_post_thumbnail":0,"footnotes":""},"class_list":["post-4681","page","type-page","status-publish","hentry"],"yoast_head":"<!-- This site is optimized with the Yoast SEO plugin v27.4 - https:\/\/yoast.com\/product\/yoast-seo-wordpress\/ -->\n<title>2020 Ods\u0142oni\u0119cie odrestaurowanego witra\u017ca Przedstawiciel RKSV \u2013 Frans Essers - Stichting Driel-Polen<\/title>\n<meta name=\"robots\" content=\"index, follow, max-snippet:-1, max-image-preview:large, max-video-preview:-1\" \/>\n<link rel=\"canonical\" href=\"https:\/\/www.driel-polen.nl\/herdenkingen\/herdenkingen-2015-2024\/2020-onthulling-gerestaureerde-glas-in-lood-raam-vertegenwoordiger-rksv-frans-essers\/\" \/>\n<meta property=\"og:locale\" content=\"pl_PL\" \/>\n<meta property=\"og:type\" content=\"article\" \/>\n<meta property=\"og:title\" content=\"2020 Ods\u0142oni\u0119cie odrestaurowanego witra\u017ca Przedstawiciel RKSV \u2013 Frans Essers - Stichting Driel-Polen\" \/>\n<meta property=\"og:description\" content=\"Ods\u0142oni\u0119cie odrestaurowanego witra\u017ca Przedstawiciel RKSV \u2013 Frans Essers 18 wrze\u015bnia 2020 Szanowni Zgromadzeni, w\u0142a\u015bciwie to do\u015b\u0107 szczeg\u00f3lne, \u017ce tutaj stoj\u0119. Nie, nie jestem weteranem. Sam nie do\u015bwiadczy\u0142em wojny. Nie wzi\u0105\u0142em nawet udzia\u0142u w akcji pisania kartek \u015bwi\u0105tecznych przez m\u0142odzie\u017c z &hellip;\" \/>\n<meta property=\"og:url\" content=\"https:\/\/www.driel-polen.nl\/herdenkingen\/herdenkingen-2015-2024\/2020-onthulling-gerestaureerde-glas-in-lood-raam-vertegenwoordiger-rksv-frans-essers\/\" \/>\n<meta property=\"og:site_name\" content=\"Stichting Driel-Polen\" \/>\n<meta property=\"article:modified_time\" content=\"2021-01-12T13:13:18+00:00\" \/>\n<meta name=\"twitter:label1\" content=\"Szacowany czas czytania\" \/>\n\t<meta name=\"twitter:data1\" content=\"18 minut\" \/>\n<script type=\"application\/ld+json\" class=\"yoast-schema-graph\">{\"@context\":\"https:\\\/\\\/schema.org\",\"@graph\":[{\"@type\":\"WebPage\",\"@id\":\"https:\\\/\\\/www.driel-polen.nl\\\/herdenkingen\\\/herdenkingen-2015-2024\\\/2020-onthulling-gerestaureerde-glas-in-lood-raam-vertegenwoordiger-rksv-frans-essers\\\/\",\"url\":\"https:\\\/\\\/www.driel-polen.nl\\\/herdenkingen\\\/herdenkingen-2015-2024\\\/2020-onthulling-gerestaureerde-glas-in-lood-raam-vertegenwoordiger-rksv-frans-essers\\\/\",\"name\":\"2020 Ods\u0142oni\u0119cie odrestaurowanego witra\u017ca Przedstawiciel RKSV \u2013 Frans Essers - Stichting Driel-Polen\",\"isPartOf\":{\"@id\":\"https:\\\/\\\/www.driel-polen.nl\\\/nl\\\/#website\"},\"datePublished\":\"2020-09-18T16:40:45+00:00\",\"dateModified\":\"2021-01-12T13:13:18+00:00\",\"breadcrumb\":{\"@id\":\"https:\\\/\\\/www.driel-polen.nl\\\/herdenkingen\\\/herdenkingen-2015-2024\\\/2020-onthulling-gerestaureerde-glas-in-lood-raam-vertegenwoordiger-rksv-frans-essers\\\/#breadcrumb\"},\"inLanguage\":\"pl-PL\",\"potentialAction\":[{\"@type\":\"ReadAction\",\"target\":[\"https:\\\/\\\/www.driel-polen.nl\\\/herdenkingen\\\/herdenkingen-2015-2024\\\/2020-onthulling-gerestaureerde-glas-in-lood-raam-vertegenwoordiger-rksv-frans-essers\\\/\"]}]},{\"@type\":\"BreadcrumbList\",\"@id\":\"https:\\\/\\\/www.driel-polen.nl\\\/herdenkingen\\\/herdenkingen-2015-2024\\\/2020-onthulling-gerestaureerde-glas-in-lood-raam-vertegenwoordiger-rksv-frans-essers\\\/#breadcrumb\",\"itemListElement\":[{\"@type\":\"ListItem\",\"position\":1,\"name\":\"Herdenkingen\",\"item\":\"https:\\\/\\\/www.driel-polen.nl\\\/herdenkingen\\\/\"},{\"@type\":\"ListItem\",\"position\":2,\"name\":\"Herdenkingen 2015-2024\",\"item\":\"https:\\\/\\\/www.driel-polen.nl\\\/herdenkingen\\\/herdenkingen-2015-2024\\\/\"},{\"@type\":\"ListItem\",\"position\":3,\"name\":\"2020 Ods\u0142oni\u0119cie odrestaurowanego witra\u017ca Przedstawiciel RKSV \u2013 Frans Essers\"}]},{\"@type\":\"WebSite\",\"@id\":\"https:\\\/\\\/www.driel-polen.nl\\\/nl\\\/#website\",\"url\":\"https:\\\/\\\/www.driel-polen.nl\\\/nl\\\/\",\"name\":\"Stichting Driel-Polen\",\"description\":\"General St. Sosabowski\",\"potentialAction\":[{\"@type\":\"SearchAction\",\"target\":{\"@type\":\"EntryPoint\",\"urlTemplate\":\"https:\\\/\\\/www.driel-polen.nl\\\/nl\\\/?s={search_term_string}\"},\"query-input\":{\"@type\":\"PropertyValueSpecification\",\"valueRequired\":true,\"valueName\":\"search_term_string\"}}],\"inLanguage\":\"pl-PL\"}]}<\/script>\n<!-- \/ Yoast SEO plugin. -->","yoast_head_json":{"title":"2020 Ods\u0142oni\u0119cie odrestaurowanego witra\u017ca Przedstawiciel RKSV \u2013 Frans Essers - Stichting Driel-Polen","robots":{"index":"index","follow":"follow","max-snippet":"max-snippet:-1","max-image-preview":"max-image-preview:large","max-video-preview":"max-video-preview:-1"},"canonical":"https:\/\/www.driel-polen.nl\/herdenkingen\/herdenkingen-2015-2024\/2020-onthulling-gerestaureerde-glas-in-lood-raam-vertegenwoordiger-rksv-frans-essers\/","og_locale":"pl_PL","og_type":"article","og_title":"2020 Ods\u0142oni\u0119cie odrestaurowanego witra\u017ca Przedstawiciel RKSV \u2013 Frans Essers - Stichting Driel-Polen","og_description":"Ods\u0142oni\u0119cie odrestaurowanego witra\u017ca Przedstawiciel RKSV \u2013 Frans Essers 18 wrze\u015bnia 2020 Szanowni Zgromadzeni, w\u0142a\u015bciwie to do\u015b\u0107 szczeg\u00f3lne, \u017ce tutaj stoj\u0119. Nie, nie jestem weteranem. Sam nie do\u015bwiadczy\u0142em wojny. Nie wzi\u0105\u0142em nawet udzia\u0142u w akcji pisania kartek \u015bwi\u0105tecznych przez m\u0142odzie\u017c z &hellip;","og_url":"https:\/\/www.driel-polen.nl\/herdenkingen\/herdenkingen-2015-2024\/2020-onthulling-gerestaureerde-glas-in-lood-raam-vertegenwoordiger-rksv-frans-essers\/","og_site_name":"Stichting Driel-Polen","article_modified_time":"2021-01-12T13:13:18+00:00","twitter_misc":{"Szacowany czas czytania":"18 minut"},"schema":{"@context":"https:\/\/schema.org","@graph":[{"@type":"WebPage","@id":"https:\/\/www.driel-polen.nl\/herdenkingen\/herdenkingen-2015-2024\/2020-onthulling-gerestaureerde-glas-in-lood-raam-vertegenwoordiger-rksv-frans-essers\/","url":"https:\/\/www.driel-polen.nl\/herdenkingen\/herdenkingen-2015-2024\/2020-onthulling-gerestaureerde-glas-in-lood-raam-vertegenwoordiger-rksv-frans-essers\/","name":"2020 Ods\u0142oni\u0119cie odrestaurowanego witra\u017ca Przedstawiciel RKSV \u2013 Frans Essers - Stichting Driel-Polen","isPartOf":{"@id":"https:\/\/www.driel-polen.nl\/nl\/#website"},"datePublished":"2020-09-18T16:40:45+00:00","dateModified":"2021-01-12T13:13:18+00:00","breadcrumb":{"@id":"https:\/\/www.driel-polen.nl\/herdenkingen\/herdenkingen-2015-2024\/2020-onthulling-gerestaureerde-glas-in-lood-raam-vertegenwoordiger-rksv-frans-essers\/#breadcrumb"},"inLanguage":"pl-PL","potentialAction":[{"@type":"ReadAction","target":["https:\/\/www.driel-polen.nl\/herdenkingen\/herdenkingen-2015-2024\/2020-onthulling-gerestaureerde-glas-in-lood-raam-vertegenwoordiger-rksv-frans-essers\/"]}]},{"@type":"BreadcrumbList","@id":"https:\/\/www.driel-polen.nl\/herdenkingen\/herdenkingen-2015-2024\/2020-onthulling-gerestaureerde-glas-in-lood-raam-vertegenwoordiger-rksv-frans-essers\/#breadcrumb","itemListElement":[{"@type":"ListItem","position":1,"name":"Herdenkingen","item":"https:\/\/www.driel-polen.nl\/herdenkingen\/"},{"@type":"ListItem","position":2,"name":"Herdenkingen 2015-2024","item":"https:\/\/www.driel-polen.nl\/herdenkingen\/herdenkingen-2015-2024\/"},{"@type":"ListItem","position":3,"name":"2020 Ods\u0142oni\u0119cie odrestaurowanego witra\u017ca Przedstawiciel RKSV \u2013 Frans Essers"}]},{"@type":"WebSite","@id":"https:\/\/www.driel-polen.nl\/nl\/#website","url":"https:\/\/www.driel-polen.nl\/nl\/","name":"Stichting Driel-Polen","description":"General St. Sosabowski","potentialAction":[{"@type":"SearchAction","target":{"@type":"EntryPoint","urlTemplate":"https:\/\/www.driel-polen.nl\/nl\/?s={search_term_string}"},"query-input":{"@type":"PropertyValueSpecification","valueRequired":true,"valueName":"search_term_string"}}],"inLanguage":"pl-PL"}]}},"_links":{"self":[{"href":"https:\/\/www.driel-polen.nl\/pl\/wp-json\/wp\/v2\/pages\/4681","targetHints":{"allow":["GET"]}}],"collection":[{"href":"https:\/\/www.driel-polen.nl\/pl\/wp-json\/wp\/v2\/pages"}],"about":[{"href":"https:\/\/www.driel-polen.nl\/pl\/wp-json\/wp\/v2\/types\/page"}],"author":[{"embeddable":true,"href":"https:\/\/www.driel-polen.nl\/pl\/wp-json\/wp\/v2\/users\/17"}],"replies":[{"embeddable":true,"href":"https:\/\/www.driel-polen.nl\/pl\/wp-json\/wp\/v2\/comments?post=4681"}],"version-history":[{"count":3,"href":"https:\/\/www.driel-polen.nl\/pl\/wp-json\/wp\/v2\/pages\/4681\/revisions"}],"predecessor-version":[{"id":4693,"href":"https:\/\/www.driel-polen.nl\/pl\/wp-json\/wp\/v2\/pages\/4681\/revisions\/4693"}],"up":[{"embeddable":true,"href":"https:\/\/www.driel-polen.nl\/pl\/wp-json\/wp\/v2\/pages\/5633"}],"wp:attachment":[{"href":"https:\/\/www.driel-polen.nl\/pl\/wp-json\/wp\/v2\/media?parent=4681"}],"curies":[{"name":"wp","href":"https:\/\/api.w.org\/{rel}","templated":true}]}}