{"id":4625,"date":"2020-09-16T19:10:38","date_gmt":"2020-09-16T17:10:38","guid":{"rendered":"https:\/\/www.driel-polen.nl\/?page_id=4625"},"modified":"2023-10-24T21:53:59","modified_gmt":"2023-10-24T19:53:59","slug":"archief","status":"publish","type":"page","link":"https:\/\/www.driel-polen.nl\/pl\/stichting\/archief\/","title":{"rendered":"Archiwum"},"content":{"rendered":"<p><\/p>\n<h1><span style=\"color: #ff0000;\"><em>Wesprzyj cyfryzacj\u0119 Naszego archiwum!<\/em><\/span><\/h1>\n<p>Od owych burzliwych dni w 1944 roku polskich spadochroniarzy i mieszka\u0144c\u00f3w regionu \u0142\u0105czy serdeczna wi\u0119\u017a, kt\u00f3rej centrum jest Driel. Nasza fundacja Driel-Polen odegra\u0142a \u2013 i wci\u0105\u017c odgrywa \u2013 kluczow\u0105 rol\u0119 w podtrzymywaniu tych relacji, organizuj\u0105c coroczne obchody i realizacj\u0119 \u2013 w 2014 roku \u2013 naszego Centrum Informacyjnego \u201ePolacy z Driel\u201d.<\/p>\n<p><strong><span style=\"color: #ff0000;\">Nasze archiwum<img loading=\"lazy\" decoding=\"async\" class=\"alignright size-medium wp-image-4855\" src=\"https:\/\/www.driel-polen.nl\/wordpress\/wp-content\/uploads\/2020\/09\/archive-1850170_1920-300x200.jpg\" alt=\"\" width=\"300\" height=\"200\" srcset=\"https:\/\/www.driel-polen.nl\/wordpress\/wp-content\/uploads\/2020\/09\/archive-1850170_1920-300x200.jpg 300w, https:\/\/www.driel-polen.nl\/wordpress\/wp-content\/uploads\/2020\/09\/archive-1850170_1920-1024x683.jpg 1024w, https:\/\/www.driel-polen.nl\/wordpress\/wp-content\/uploads\/2020\/09\/archive-1850170_1920-768x512.jpg 768w, https:\/\/www.driel-polen.nl\/wordpress\/wp-content\/uploads\/2020\/09\/archive-1850170_1920-1536x1024.jpg 1536w, https:\/\/www.driel-polen.nl\/wordpress\/wp-content\/uploads\/2020\/09\/archive-1850170_1920.jpg 1920w\" sizes=\"auto, (max-width: 300px) 100vw, 300px\" \/><br \/>\n<\/span><\/strong>Fundacja na przestrzeni lat stworzy\u0142a archiwum, kt\u00f3re zawiera m.in. korespondencj\u0119 z weteranami i ich wspomnienia.<br \/>\nArchiwum jest trudno dost\u0119pne dla os\u00f3b niezwi\u0105zanych bezpo\u015brednio z nasz\u0105 fundacj\u0105. Ponadto w pomieszczeniu, w kt\u00f3rym si\u0119 znajduje, nie ma klimatyzacji, co \u017ale wp\u0142ywa na stan niekt\u00f3rych dokument\u00f3w.<\/p>\n<p><span style=\"color: #ff0000;\"><strong>Digitalizacja \u2013 zachowanie i dost\u0119pno\u015b\u0107<br \/>\n<\/strong><\/span>Chcemy przeprowadzi\u0107 digitalizacj\u0119 archiwum, aby sta\u0142o si\u0119 ono dost\u0119pne tak\u017ce dla zainteresowanych za granic\u0105.<br \/>\nW celu konserwacji przeka\u017cemy dokumenty do \u201eHet Gelders Archief\u201d, gdzie zainteresowane strony b\u0119d\u0105 si\u0119 mog\u0142y z nimi zapozna\u0107.<\/p>\n<p><span style=\"color: #ff0000;\"><strong>M\u0142odzie\u017c<br \/>\n<\/strong><\/span>Opr\u00f3cz wy\u017cej wspomnianej digitalizacji planujemy opracowanie programu edukacyjnego dla uczni\u00f3w w wieku 10-15 lat. W tym programie po\u0142\u0105czymy wydarzenia z 1944 roku z aktualnymi tematami, takimi jak wolno\u015b\u0107, migracja i dyskryminacja.<\/p>\n<p><span style=\"color: #ff0000;\"><strong>Wesprzyj nasz\u0105 prac\u0119<img loading=\"lazy\" decoding=\"async\" class=\"alignright size-medium wp-image-4859\" src=\"https:\/\/www.driel-polen.nl\/wordpress\/wp-content\/uploads\/2020\/09\/donation-3804415_1920-300x121.jpg\" alt=\"\" width=\"300\" height=\"121\" srcset=\"https:\/\/www.driel-polen.nl\/wordpress\/wp-content\/uploads\/2020\/09\/donation-3804415_1920-300x121.jpg 300w, https:\/\/www.driel-polen.nl\/wordpress\/wp-content\/uploads\/2020\/09\/donation-3804415_1920-1024x413.jpg 1024w, https:\/\/www.driel-polen.nl\/wordpress\/wp-content\/uploads\/2020\/09\/donation-3804415_1920-768x310.jpg 768w, https:\/\/www.driel-polen.nl\/wordpress\/wp-content\/uploads\/2020\/09\/donation-3804415_1920-1536x620.jpg 1536w, https:\/\/www.driel-polen.nl\/wordpress\/wp-content\/uploads\/2020\/09\/donation-3804415_1920.jpg 1920w\" sizes=\"auto, (max-width: 300px) 100vw, 300px\" \/><br \/>\n<\/strong><\/span>I Ty mo\u017cesz nam w tym pom\u00f3c. Zarejestruj si\u0119 jako wolontariusz do pracy przy badaniach i digitalizacji. Skorzystaj z naszego <a href=\"https:\/\/www.driel-polen.nl\/pl\/contact\/\">formularza<\/a>, aby si\u0119 z nami skontaktowa\u0107.<br \/>\nMo\u017cesz nam r\u00f3wnie\u017c pom\u00f3c wp\u0142acaj\u0105c kwot\u0119 na nasze konto.<\/p>\n<p><span style=\"color: #ff0000;\"><em><strong>Wp\u0142a\u0107 teraz!<br \/>\n<\/strong><\/em><\/span>Wp\u0142aty prosimy przekazywa\u0107 na konto<br \/>\nIBAN NL67 RABO 0315 1131 46 i BIC RABONL2U<br \/>\nz dopiskiem \u201edigitalizacja archiwum\u201d.<br \/>\n<img loading=\"lazy\" decoding=\"async\" class=\"aligncenter size-full wp-image-4863\" src=\"https:\/\/www.driel-polen.nl\/wordpress\/wp-content\/uploads\/2020\/09\/remember-1750119_1920.jpg\" alt=\"\" width=\"1920\" height=\"300\" srcset=\"https:\/\/www.driel-polen.nl\/wordpress\/wp-content\/uploads\/2020\/09\/remember-1750119_1920.jpg 1920w, https:\/\/www.driel-polen.nl\/wordpress\/wp-content\/uploads\/2020\/09\/remember-1750119_1920-300x47.jpg 300w, https:\/\/www.driel-polen.nl\/wordpress\/wp-content\/uploads\/2020\/09\/remember-1750119_1920-1024x160.jpg 1024w, https:\/\/www.driel-polen.nl\/wordpress\/wp-content\/uploads\/2020\/09\/remember-1750119_1920-768x120.jpg 768w, https:\/\/www.driel-polen.nl\/wordpress\/wp-content\/uploads\/2020\/09\/remember-1750119_1920-1536x240.jpg 1536w\" sizes=\"auto, (max-width: 1920px) 100vw, 1920px\" \/><\/p>\n<p>&nbsp;<\/p>","protected":false},"excerpt":{"rendered":"<p>Wesprzyj cyfryzacj\u0119 Naszego archiwum! Od owych burzliwych dni w 1944 roku polskich spadochroniarzy i mieszka\u0144c\u00f3w regionu \u0142\u0105czy serdeczna wi\u0119\u017a, kt\u00f3rej centrum jest Driel. Nasza fundacja Driel-Polen odegra\u0142a \u2013 i wci\u0105\u017c odgrywa \u2013 kluczow\u0105 rol\u0119 w podtrzymywaniu tych relacji, organizuj\u0105c coroczne <span class=\"excerpt-dots\">&hellip;<\/span> <a class=\"more-link\" href=\"https:\/\/www.driel-polen.nl\/pl\/stichting\/archief\/\"><span class=\"more-msg\"><img decoding=\"async\" src=\"https:\/\/www.driel-polen.nl\/downloads\/lees-meer3.jpg\"><\/p>\n<hr class=\"wvrx-expand-full\" style=\"margin:0\"><\/span><\/a><\/p>\n","protected":false},"author":17,"featured_media":0,"parent":5,"menu_order":5,"comment_status":"closed","ping_status":"closed","template":"","meta":{"_monsterinsights_skip_tracking":false,"_monsterinsights_sitenote_active":false,"_monsterinsights_sitenote_note":"","_monsterinsights_sitenote_category":0,"ngg_post_thumbnail":0,"footnotes":""},"class_list":["post-4625","page","type-page","status-publish","hentry"],"yoast_head":"<!-- This site is optimized with the Yoast SEO plugin v27.6 - https:\/\/yoast.com\/product\/yoast-seo-wordpress\/ -->\n<title>Archiwum - Stichting Driel-Polen<\/title>\n<meta name=\"robots\" content=\"index, follow, max-snippet:-1, max-image-preview:large, max-video-preview:-1\" \/>\n<link rel=\"canonical\" href=\"https:\/\/www.driel-polen.nl\/stichting\/archief\/\" \/>\n<meta property=\"og:locale\" content=\"pl_PL\" \/>\n<meta property=\"og:type\" content=\"article\" \/>\n<meta property=\"og:title\" content=\"Archiwum - Stichting Driel-Polen\" \/>\n<meta property=\"og:description\" content=\"Wesprzyj cyfryzacj\u0119 Naszego archiwum! Od owych burzliwych dni w 1944 roku polskich spadochroniarzy i mieszka\u0144c\u00f3w regionu \u0142\u0105czy serdeczna wi\u0119\u017a, kt\u00f3rej centrum jest Driel. Nasza fundacja Driel-Polen odegra\u0142a \u2013 i wci\u0105\u017c odgrywa \u2013 kluczow\u0105 rol\u0119 w podtrzymywaniu tych relacji, organizuj\u0105c coroczne &hellip;\" \/>\n<meta property=\"og:url\" content=\"https:\/\/www.driel-polen.nl\/stichting\/archief\/\" \/>\n<meta property=\"og:site_name\" content=\"Stichting Driel-Polen\" \/>\n<meta property=\"article:modified_time\" content=\"2023-10-24T19:53:59+00:00\" \/>\n<meta property=\"og:image\" content=\"https:\/\/www.driel-polen.nl\/wordpress\/wp-content\/uploads\/2020\/09\/archive-1850170_1920-300x200.jpg\" \/>\n<meta name=\"twitter:label1\" content=\"Szacowany czas czytania\" \/>\n\t<meta name=\"twitter:data1\" content=\"2 minuty\" \/>\n<script type=\"application\/ld+json\" class=\"yoast-schema-graph\">{\"@context\":\"https:\\\/\\\/schema.org\",\"@graph\":[{\"@type\":\"WebPage\",\"@id\":\"https:\\\/\\\/www.driel-polen.nl\\\/stichting\\\/archief\\\/\",\"url\":\"https:\\\/\\\/www.driel-polen.nl\\\/stichting\\\/archief\\\/\",\"name\":\"Archiwum - Stichting Driel-Polen\",\"isPartOf\":{\"@id\":\"https:\\\/\\\/www.driel-polen.nl\\\/nl\\\/#website\"},\"primaryImageOfPage\":{\"@id\":\"https:\\\/\\\/www.driel-polen.nl\\\/stichting\\\/archief\\\/#primaryimage\"},\"image\":{\"@id\":\"https:\\\/\\\/www.driel-polen.nl\\\/stichting\\\/archief\\\/#primaryimage\"},\"thumbnailUrl\":\"https:\\\/\\\/www.driel-polen.nl\\\/wordpress\\\/wp-content\\\/uploads\\\/2020\\\/09\\\/archive-1850170_1920-300x200.jpg\",\"datePublished\":\"2020-09-16T17:10:38+00:00\",\"dateModified\":\"2023-10-24T19:53:59+00:00\",\"breadcrumb\":{\"@id\":\"https:\\\/\\\/www.driel-polen.nl\\\/stichting\\\/archief\\\/#breadcrumb\"},\"inLanguage\":\"pl-PL\",\"potentialAction\":[{\"@type\":\"ReadAction\",\"target\":[\"https:\\\/\\\/www.driel-polen.nl\\\/stichting\\\/archief\\\/\"]}]},{\"@type\":\"ImageObject\",\"inLanguage\":\"pl-PL\",\"@id\":\"https:\\\/\\\/www.driel-polen.nl\\\/stichting\\\/archief\\\/#primaryimage\",\"url\":\"https:\\\/\\\/www.driel-polen.nl\\\/wordpress\\\/wp-content\\\/uploads\\\/2020\\\/09\\\/archive-1850170_1920-300x200.jpg\",\"contentUrl\":\"https:\\\/\\\/www.driel-polen.nl\\\/wordpress\\\/wp-content\\\/uploads\\\/2020\\\/09\\\/archive-1850170_1920-300x200.jpg\"},{\"@type\":\"BreadcrumbList\",\"@id\":\"https:\\\/\\\/www.driel-polen.nl\\\/stichting\\\/archief\\\/#breadcrumb\",\"itemListElement\":[{\"@type\":\"ListItem\",\"position\":1,\"name\":\"Stichting\",\"item\":\"https:\\\/\\\/www.driel-polen.nl\\\/stichting\\\/\"},{\"@type\":\"ListItem\",\"position\":2,\"name\":\"Archief\"}]},{\"@type\":\"WebSite\",\"@id\":\"https:\\\/\\\/www.driel-polen.nl\\\/nl\\\/#website\",\"url\":\"https:\\\/\\\/www.driel-polen.nl\\\/nl\\\/\",\"name\":\"Stichting Driel-Polen\",\"description\":\"General St. Sosabowski\",\"potentialAction\":[{\"@type\":\"SearchAction\",\"target\":{\"@type\":\"EntryPoint\",\"urlTemplate\":\"https:\\\/\\\/www.driel-polen.nl\\\/nl\\\/?s={search_term_string}\"},\"query-input\":{\"@type\":\"PropertyValueSpecification\",\"valueRequired\":true,\"valueName\":\"search_term_string\"}}],\"inLanguage\":\"pl-PL\"}]}<\/script>\n<!-- \/ Yoast SEO plugin. -->","yoast_head_json":{"title":"Archiwum - Stichting Driel-Polen","robots":{"index":"index","follow":"follow","max-snippet":"max-snippet:-1","max-image-preview":"max-image-preview:large","max-video-preview":"max-video-preview:-1"},"canonical":"https:\/\/www.driel-polen.nl\/stichting\/archief\/","og_locale":"pl_PL","og_type":"article","og_title":"Archiwum - Stichting Driel-Polen","og_description":"Wesprzyj cyfryzacj\u0119 Naszego archiwum! Od owych burzliwych dni w 1944 roku polskich spadochroniarzy i mieszka\u0144c\u00f3w regionu \u0142\u0105czy serdeczna wi\u0119\u017a, kt\u00f3rej centrum jest Driel. Nasza fundacja Driel-Polen odegra\u0142a \u2013 i wci\u0105\u017c odgrywa \u2013 kluczow\u0105 rol\u0119 w podtrzymywaniu tych relacji, organizuj\u0105c coroczne &hellip;","og_url":"https:\/\/www.driel-polen.nl\/stichting\/archief\/","og_site_name":"Stichting Driel-Polen","article_modified_time":"2023-10-24T19:53:59+00:00","og_image":[{"url":"https:\/\/www.driel-polen.nl\/wordpress\/wp-content\/uploads\/2020\/09\/archive-1850170_1920-300x200.jpg","type":"","width":"","height":""}],"twitter_misc":{"Szacowany czas czytania":"2 minuty"},"schema":{"@context":"https:\/\/schema.org","@graph":[{"@type":"WebPage","@id":"https:\/\/www.driel-polen.nl\/stichting\/archief\/","url":"https:\/\/www.driel-polen.nl\/stichting\/archief\/","name":"Archiwum - Stichting Driel-Polen","isPartOf":{"@id":"https:\/\/www.driel-polen.nl\/nl\/#website"},"primaryImageOfPage":{"@id":"https:\/\/www.driel-polen.nl\/stichting\/archief\/#primaryimage"},"image":{"@id":"https:\/\/www.driel-polen.nl\/stichting\/archief\/#primaryimage"},"thumbnailUrl":"https:\/\/www.driel-polen.nl\/wordpress\/wp-content\/uploads\/2020\/09\/archive-1850170_1920-300x200.jpg","datePublished":"2020-09-16T17:10:38+00:00","dateModified":"2023-10-24T19:53:59+00:00","breadcrumb":{"@id":"https:\/\/www.driel-polen.nl\/stichting\/archief\/#breadcrumb"},"inLanguage":"pl-PL","potentialAction":[{"@type":"ReadAction","target":["https:\/\/www.driel-polen.nl\/stichting\/archief\/"]}]},{"@type":"ImageObject","inLanguage":"pl-PL","@id":"https:\/\/www.driel-polen.nl\/stichting\/archief\/#primaryimage","url":"https:\/\/www.driel-polen.nl\/wordpress\/wp-content\/uploads\/2020\/09\/archive-1850170_1920-300x200.jpg","contentUrl":"https:\/\/www.driel-polen.nl\/wordpress\/wp-content\/uploads\/2020\/09\/archive-1850170_1920-300x200.jpg"},{"@type":"BreadcrumbList","@id":"https:\/\/www.driel-polen.nl\/stichting\/archief\/#breadcrumb","itemListElement":[{"@type":"ListItem","position":1,"name":"Stichting","item":"https:\/\/www.driel-polen.nl\/stichting\/"},{"@type":"ListItem","position":2,"name":"Archief"}]},{"@type":"WebSite","@id":"https:\/\/www.driel-polen.nl\/nl\/#website","url":"https:\/\/www.driel-polen.nl\/nl\/","name":"Stichting Driel-Polen","description":"General St. Sosabowski","potentialAction":[{"@type":"SearchAction","target":{"@type":"EntryPoint","urlTemplate":"https:\/\/www.driel-polen.nl\/nl\/?s={search_term_string}"},"query-input":{"@type":"PropertyValueSpecification","valueRequired":true,"valueName":"search_term_string"}}],"inLanguage":"pl-PL"}]}},"_links":{"self":[{"href":"https:\/\/www.driel-polen.nl\/pl\/wp-json\/wp\/v2\/pages\/4625","targetHints":{"allow":["GET"]}}],"collection":[{"href":"https:\/\/www.driel-polen.nl\/pl\/wp-json\/wp\/v2\/pages"}],"about":[{"href":"https:\/\/www.driel-polen.nl\/pl\/wp-json\/wp\/v2\/types\/page"}],"author":[{"embeddable":true,"href":"https:\/\/www.driel-polen.nl\/pl\/wp-json\/wp\/v2\/users\/17"}],"replies":[{"embeddable":true,"href":"https:\/\/www.driel-polen.nl\/pl\/wp-json\/wp\/v2\/comments?post=4625"}],"version-history":[{"count":16,"href":"https:\/\/www.driel-polen.nl\/pl\/wp-json\/wp\/v2\/pages\/4625\/revisions"}],"predecessor-version":[{"id":8062,"href":"https:\/\/www.driel-polen.nl\/pl\/wp-json\/wp\/v2\/pages\/4625\/revisions\/8062"}],"up":[{"embeddable":true,"href":"https:\/\/www.driel-polen.nl\/pl\/wp-json\/wp\/v2\/pages\/5"}],"wp:attachment":[{"href":"https:\/\/www.driel-polen.nl\/pl\/wp-json\/wp\/v2\/media?parent=4625"}],"curies":[{"name":"wp","href":"https:\/\/api.w.org\/{rel}","templated":true}]}}