{"id":441,"date":"2014-04-18T20:03:58","date_gmt":"2014-04-18T18:03:58","guid":{"rendered":"http:\/\/www.driel-polen.nl\/?page_id=441"},"modified":"2023-10-24T22:31:39","modified_gmt":"2023-10-24T20:31:39","slug":"polski-wysokie-odznaczenia-rp-dla-geertjana-lassche","status":"publish","type":"page","link":"https:\/\/www.driel-polen.nl\/pl\/historie\/eerherstel\/polski-wysokie-odznaczenia-rp-dla-geertjana-lassche\/","title":{"rendered":"Wysokie odznaczenie RP Geertjana Lassche"},"content":{"rendered":"<p><img loading=\"lazy\" decoding=\"async\" class=\"alignright size-full wp-image-463\" src=\"http:\/\/www.driel-polen.nl\/wordpress\/wp-content\/uploads\/2014\/04\/lassche3.jpg\" alt=\"lassche(3)\" width=\"250\" height=\"400\" srcset=\"https:\/\/www.driel-polen.nl\/wordpress\/wp-content\/uploads\/2014\/04\/lassche3.jpg 250w, https:\/\/www.driel-polen.nl\/wordpress\/wp-content\/uploads\/2014\/04\/lassche3-187x300.jpg 187w\" sizes=\"auto, (max-width: 250px) 100vw, 250px\" \/><br \/>\n30-go stycznia 2007 r., Ambasador RP w Holandii Jan Micha\u0142owski odznaczy\u0142 Z\u0142otym Krzy\u017cem Zas\u0142ugi RP i Br\u0105zowym Medalem Wojska Polskiego pana Geertjana Lassche.<\/p>\n<p>Geertjan Lassche (30 lat) jest dziennikarzem holenderskiej tv publicznej EO. Jego film dokumentalny \u201eGod bless Montgomery &#8211; Zapomnieni bohaterowie bitwy pod Arnhem&#8221;, nadany w 2004 r., wzbudzi\u0142 ogromne zainteresowanie opinii publicznej losem polskich \u017co\u0142nierzy walcz\u0105cych pod Arnhem w 1944 r.<\/p>\n<p>Przeczytaj <a href=\"http:\/\/www.driel-polen.nl\/?page_id=466&amp;lang=pl\">tutaj przem\u00f3wienie<\/a> Lassche wyg\u0142oszone w Hadze, 30 stycznia 2007 r.<\/p>","protected":false},"excerpt":{"rendered":"<p>30-go stycznia 2007 r., Ambasador RP w Holandii Jan Micha\u0142owski odznaczy\u0142 Z\u0142otym Krzy\u017cem Zas\u0142ugi RP i Br\u0105zowym Medalem Wojska Polskiego pana Geertjana Lassche. Geertjan Lassche (30 lat) jest dziennikarzem holenderskiej tv publicznej EO. Jego film dokumentalny \u201eGod bless Montgomery &#8211; <span class=\"excerpt-dots\">&hellip;<\/span> <a class=\"more-link\" href=\"https:\/\/www.driel-polen.nl\/pl\/historie\/eerherstel\/polski-wysokie-odznaczenia-rp-dla-geertjana-lassche\/\"><span class=\"more-msg\"><img decoding=\"async\" src=\"https:\/\/www.driel-polen.nl\/downloads\/lees-meer3.jpg\"><\/p>\n<hr class=\"wvrx-expand-full\" style=\"margin:0\"><\/span><\/a><\/p>\n","protected":false},"author":17,"featured_media":0,"parent":54,"menu_order":6,"comment_status":"closed","ping_status":"open","template":"","meta":{"_monsterinsights_skip_tracking":false,"_monsterinsights_sitenote_active":false,"_monsterinsights_sitenote_note":"","_monsterinsights_sitenote_category":0,"ngg_post_thumbnail":0,"footnotes":""},"class_list":["post-441","page","type-page","status-publish","hentry"],"yoast_head":"<!-- This site is optimized with the Yoast SEO plugin v27.4 - https:\/\/yoast.com\/product\/yoast-seo-wordpress\/ -->\n<title>Wysokie odznaczenie RP Geertjana Lassche - Stichting Driel-Polen<\/title>\n<meta name=\"description\" content=\"Poolse onderscheidingen voor Netwerk-journalist Geertjan Lassche\" \/>\n<meta name=\"robots\" content=\"index, follow, max-snippet:-1, max-image-preview:large, max-video-preview:-1\" \/>\n<link rel=\"canonical\" href=\"https:\/\/www.driel-polen.nl\/historie\/eerherstel\/polski-wysokie-odznaczenia-rp-dla-geertjana-lassche\/\" \/>\n<meta property=\"og:locale\" content=\"pl_PL\" \/>\n<meta property=\"og:type\" content=\"article\" \/>\n<meta property=\"og:title\" content=\"Wysokie odznaczenie RP Geertjana Lassche - Stichting Driel-Polen\" \/>\n<meta property=\"og:description\" content=\"Poolse onderscheidingen voor Netwerk-journalist Geertjan Lassche\" \/>\n<meta property=\"og:url\" content=\"https:\/\/www.driel-polen.nl\/historie\/eerherstel\/polski-wysokie-odznaczenia-rp-dla-geertjana-lassche\/\" \/>\n<meta property=\"og:site_name\" content=\"Stichting Driel-Polen\" \/>\n<meta property=\"article:modified_time\" content=\"2023-10-24T20:31:39+00:00\" \/>\n<meta property=\"og:image\" content=\"http:\/\/www.driel-polen.nl\/wordpress\/wp-content\/uploads\/2014\/04\/lassche3.jpg\" \/>\n<meta name=\"twitter:label1\" content=\"Szacowany czas czytania\" \/>\n\t<meta name=\"twitter:data1\" content=\"1 minuta\" \/>\n<script type=\"application\/ld+json\" class=\"yoast-schema-graph\">{\"@context\":\"https:\\\/\\\/schema.org\",\"@graph\":[{\"@type\":\"WebPage\",\"@id\":\"https:\\\/\\\/www.driel-polen.nl\\\/historie\\\/eerherstel\\\/polski-wysokie-odznaczenia-rp-dla-geertjana-lassche\\\/\",\"url\":\"https:\\\/\\\/www.driel-polen.nl\\\/historie\\\/eerherstel\\\/polski-wysokie-odznaczenia-rp-dla-geertjana-lassche\\\/\",\"name\":\"Wysokie odznaczenie RP Geertjana Lassche - Stichting Driel-Polen\",\"isPartOf\":{\"@id\":\"https:\\\/\\\/www.driel-polen.nl\\\/nl\\\/#website\"},\"primaryImageOfPage\":{\"@id\":\"https:\\\/\\\/www.driel-polen.nl\\\/historie\\\/eerherstel\\\/polski-wysokie-odznaczenia-rp-dla-geertjana-lassche\\\/#primaryimage\"},\"image\":{\"@id\":\"https:\\\/\\\/www.driel-polen.nl\\\/historie\\\/eerherstel\\\/polski-wysokie-odznaczenia-rp-dla-geertjana-lassche\\\/#primaryimage\"},\"thumbnailUrl\":\"http:\\\/\\\/www.driel-polen.nl\\\/wordpress\\\/wp-content\\\/uploads\\\/2014\\\/04\\\/lassche3.jpg\",\"datePublished\":\"2014-04-18T18:03:58+00:00\",\"dateModified\":\"2023-10-24T20:31:39+00:00\",\"description\":\"Poolse onderscheidingen voor Netwerk-journalist Geertjan Lassche\",\"breadcrumb\":{\"@id\":\"https:\\\/\\\/www.driel-polen.nl\\\/historie\\\/eerherstel\\\/polski-wysokie-odznaczenia-rp-dla-geertjana-lassche\\\/#breadcrumb\"},\"inLanguage\":\"pl-PL\",\"potentialAction\":[{\"@type\":\"ReadAction\",\"target\":[\"https:\\\/\\\/www.driel-polen.nl\\\/historie\\\/eerherstel\\\/polski-wysokie-odznaczenia-rp-dla-geertjana-lassche\\\/\"]}]},{\"@type\":\"ImageObject\",\"inLanguage\":\"pl-PL\",\"@id\":\"https:\\\/\\\/www.driel-polen.nl\\\/historie\\\/eerherstel\\\/polski-wysokie-odznaczenia-rp-dla-geertjana-lassche\\\/#primaryimage\",\"url\":\"http:\\\/\\\/www.driel-polen.nl\\\/wordpress\\\/wp-content\\\/uploads\\\/2014\\\/04\\\/lassche3.jpg\",\"contentUrl\":\"http:\\\/\\\/www.driel-polen.nl\\\/wordpress\\\/wp-content\\\/uploads\\\/2014\\\/04\\\/lassche3.jpg\"},{\"@type\":\"BreadcrumbList\",\"@id\":\"https:\\\/\\\/www.driel-polen.nl\\\/historie\\\/eerherstel\\\/polski-wysokie-odznaczenia-rp-dla-geertjana-lassche\\\/#breadcrumb\",\"itemListElement\":[{\"@type\":\"ListItem\",\"position\":1,\"name\":\"History\",\"item\":\"https:\\\/\\\/www.driel-polen.nl\\\/en\\\/historie\\\/\"},{\"@type\":\"ListItem\",\"position\":2,\"name\":\"Eerherstel\",\"item\":\"https:\\\/\\\/www.driel-polen.nl\\\/historie\\\/eerherstel\\\/\"},{\"@type\":\"ListItem\",\"position\":3,\"name\":\"Poolse onderscheidingen Geertjan Lassche\"}]},{\"@type\":\"WebSite\",\"@id\":\"https:\\\/\\\/www.driel-polen.nl\\\/nl\\\/#website\",\"url\":\"https:\\\/\\\/www.driel-polen.nl\\\/nl\\\/\",\"name\":\"Stichting Driel-Polen\",\"description\":\"General St. Sosabowski\",\"potentialAction\":[{\"@type\":\"SearchAction\",\"target\":{\"@type\":\"EntryPoint\",\"urlTemplate\":\"https:\\\/\\\/www.driel-polen.nl\\\/nl\\\/?s={search_term_string}\"},\"query-input\":{\"@type\":\"PropertyValueSpecification\",\"valueRequired\":true,\"valueName\":\"search_term_string\"}}],\"inLanguage\":\"pl-PL\"}]}<\/script>\n<!-- \/ Yoast SEO plugin. -->","yoast_head_json":{"title":"Wysokie odznaczenie RP Geertjana Lassche - Stichting Driel-Polen","description":"Poolse onderscheidingen voor Netwerk-journalist Geertjan Lassche","robots":{"index":"index","follow":"follow","max-snippet":"max-snippet:-1","max-image-preview":"max-image-preview:large","max-video-preview":"max-video-preview:-1"},"canonical":"https:\/\/www.driel-polen.nl\/historie\/eerherstel\/polski-wysokie-odznaczenia-rp-dla-geertjana-lassche\/","og_locale":"pl_PL","og_type":"article","og_title":"Wysokie odznaczenie RP Geertjana Lassche - Stichting Driel-Polen","og_description":"Poolse onderscheidingen voor Netwerk-journalist Geertjan Lassche","og_url":"https:\/\/www.driel-polen.nl\/historie\/eerherstel\/polski-wysokie-odznaczenia-rp-dla-geertjana-lassche\/","og_site_name":"Stichting Driel-Polen","article_modified_time":"2023-10-24T20:31:39+00:00","og_image":[{"url":"http:\/\/www.driel-polen.nl\/wordpress\/wp-content\/uploads\/2014\/04\/lassche3.jpg","type":"","width":"","height":""}],"twitter_misc":{"Szacowany czas czytania":"1 minuta"},"schema":{"@context":"https:\/\/schema.org","@graph":[{"@type":"WebPage","@id":"https:\/\/www.driel-polen.nl\/historie\/eerherstel\/polski-wysokie-odznaczenia-rp-dla-geertjana-lassche\/","url":"https:\/\/www.driel-polen.nl\/historie\/eerherstel\/polski-wysokie-odznaczenia-rp-dla-geertjana-lassche\/","name":"Wysokie odznaczenie RP Geertjana Lassche - Stichting Driel-Polen","isPartOf":{"@id":"https:\/\/www.driel-polen.nl\/nl\/#website"},"primaryImageOfPage":{"@id":"https:\/\/www.driel-polen.nl\/historie\/eerherstel\/polski-wysokie-odznaczenia-rp-dla-geertjana-lassche\/#primaryimage"},"image":{"@id":"https:\/\/www.driel-polen.nl\/historie\/eerherstel\/polski-wysokie-odznaczenia-rp-dla-geertjana-lassche\/#primaryimage"},"thumbnailUrl":"http:\/\/www.driel-polen.nl\/wordpress\/wp-content\/uploads\/2014\/04\/lassche3.jpg","datePublished":"2014-04-18T18:03:58+00:00","dateModified":"2023-10-24T20:31:39+00:00","description":"Poolse onderscheidingen voor Netwerk-journalist Geertjan Lassche","breadcrumb":{"@id":"https:\/\/www.driel-polen.nl\/historie\/eerherstel\/polski-wysokie-odznaczenia-rp-dla-geertjana-lassche\/#breadcrumb"},"inLanguage":"pl-PL","potentialAction":[{"@type":"ReadAction","target":["https:\/\/www.driel-polen.nl\/historie\/eerherstel\/polski-wysokie-odznaczenia-rp-dla-geertjana-lassche\/"]}]},{"@type":"ImageObject","inLanguage":"pl-PL","@id":"https:\/\/www.driel-polen.nl\/historie\/eerherstel\/polski-wysokie-odznaczenia-rp-dla-geertjana-lassche\/#primaryimage","url":"http:\/\/www.driel-polen.nl\/wordpress\/wp-content\/uploads\/2014\/04\/lassche3.jpg","contentUrl":"http:\/\/www.driel-polen.nl\/wordpress\/wp-content\/uploads\/2014\/04\/lassche3.jpg"},{"@type":"BreadcrumbList","@id":"https:\/\/www.driel-polen.nl\/historie\/eerherstel\/polski-wysokie-odznaczenia-rp-dla-geertjana-lassche\/#breadcrumb","itemListElement":[{"@type":"ListItem","position":1,"name":"History","item":"https:\/\/www.driel-polen.nl\/en\/historie\/"},{"@type":"ListItem","position":2,"name":"Eerherstel","item":"https:\/\/www.driel-polen.nl\/historie\/eerherstel\/"},{"@type":"ListItem","position":3,"name":"Poolse onderscheidingen Geertjan Lassche"}]},{"@type":"WebSite","@id":"https:\/\/www.driel-polen.nl\/nl\/#website","url":"https:\/\/www.driel-polen.nl\/nl\/","name":"Stichting Driel-Polen","description":"General St. Sosabowski","potentialAction":[{"@type":"SearchAction","target":{"@type":"EntryPoint","urlTemplate":"https:\/\/www.driel-polen.nl\/nl\/?s={search_term_string}"},"query-input":{"@type":"PropertyValueSpecification","valueRequired":true,"valueName":"search_term_string"}}],"inLanguage":"pl-PL"}]}},"_links":{"self":[{"href":"https:\/\/www.driel-polen.nl\/pl\/wp-json\/wp\/v2\/pages\/441","targetHints":{"allow":["GET"]}}],"collection":[{"href":"https:\/\/www.driel-polen.nl\/pl\/wp-json\/wp\/v2\/pages"}],"about":[{"href":"https:\/\/www.driel-polen.nl\/pl\/wp-json\/wp\/v2\/types\/page"}],"author":[{"embeddable":true,"href":"https:\/\/www.driel-polen.nl\/pl\/wp-json\/wp\/v2\/users\/17"}],"replies":[{"embeddable":true,"href":"https:\/\/www.driel-polen.nl\/pl\/wp-json\/wp\/v2\/comments?post=441"}],"version-history":[{"count":3,"href":"https:\/\/www.driel-polen.nl\/pl\/wp-json\/wp\/v2\/pages\/441\/revisions"}],"predecessor-version":[{"id":8091,"href":"https:\/\/www.driel-polen.nl\/pl\/wp-json\/wp\/v2\/pages\/441\/revisions\/8091"}],"up":[{"embeddable":true,"href":"https:\/\/www.driel-polen.nl\/pl\/wp-json\/wp\/v2\/pages\/54"}],"wp:attachment":[{"href":"https:\/\/www.driel-polen.nl\/pl\/wp-json\/wp\/v2\/media?parent=441"}],"curies":[{"name":"wp","href":"https:\/\/api.w.org\/{rel}","templated":true}]}}