{"id":431,"date":"2014-04-18T19:35:49","date_gmt":"2014-04-18T17:35:49","guid":{"rendered":"http:\/\/www.driel-polen.nl\/?page_id=431"},"modified":"2020-04-24T15:04:02","modified_gmt":"2020-04-24T13:04:02","slug":"bronzen-leeuw","status":"publish","type":"page","link":"https:\/\/www.driel-polen.nl\/pl\/historie\/eerherstel\/bronzen-leeuw\/","title":{"rendered":"Order Br\u0105zowego Lwa"},"content":{"rendered":"<p><img loading=\"lazy\" decoding=\"async\" class=\"alignleft size-full wp-image-445\" src=\"http:\/\/www.driel-polen.nl\/wordpress\/wp-content\/uploads\/2013\/05\/bronzenleeuw.gif\" alt=\"bronzenleeuw\" width=\"165\" height=\"240\" \/><br \/>\nDo 1940 roku Holandia zna\u0142a tylko dwa kr\u00f3lewskie odznaczenia za m\u0119stwo, mianowicie Order Wojskowy im. kr\u00f3la Willema I oraz ustanowiona w 1877 roku Honorowa Wzmianka[Eervolle Vermelding.]<br \/>\nDruga Wojna \u015awiatowa przynios\u0142a w tej kwestii zmian\u0119. I tak, ju\u017c 11 czerwca 1940 roku Dekretem Kr\u00f3lewskim zosta\u0142 ustanowiony Br\u0105zowy Krzy\u017c za &#8222;dzielne i roztropne dzia\u0142anie przeciwko wrogowi&#8221;.<br \/>\nP\u00f3\u017aniej do\u0142\u0105czono Krzy\u017c Zas\u0142ugi i Krzy\u017c Lotnika.<br \/>\nPoniewa\u017c w praktyce okaza\u0142o si\u0119, \u017ce jest luka pomi\u0119dzy regu\u0142ami przyznawania Orderu Wojskowego im. kr\u00f3la Willema I., a Br\u0105zowym Krzy\u017cem, rz\u0105d w Londynie podj\u0105\u0142 w roku 1944 decyzj\u0119 o ustanowieniu jeszcze jednego odznaczenia za waleczno\u015b\u0107, Orderu Br\u0105zowego Lwa. Uczyniono tym samym zado\u015b\u0107 \u017cyczeniu kr\u00f3lowej Wilhelminy.<\/p>\n<p>Ustanowienie Orderu Br\u0105zowego Lwa odby\u0142o si\u0119 Dekretem Kr\u00f3lewskim z 30 marca 1944 roku.<br \/>\nArtyku\u0142 2 Dekretu Kr\u00f3lewskiego brzmi jak nast\u0119puje:<br \/>\n&#8222;Order Br\u0105zowego Lwa zostaje przez Nas przyznany wojskowym w s\u0142u\u017cbie Kr\u00f3lestwa Niderland\u00f3w, kt\u00f3rzy w walce z nieprzyjacielem odznaczyli si\u0119 czynami m\u0119\u017cnymi i roztropnymi&#8221;.<br \/>\nArtyku\u0142 3 dodaje do tego:<br \/>\n&#8222;Order Br\u0105zowego Lwa mo\u017ce by\u0107, z powod\u00f3w, wymienionych w Artykule 2, przyznany:<br \/>\n1. nie \u2013wojskowym, Holendrom i holenderskim poddanym;<br \/>\n2. cudzoziemcom, o ile ich czyny s\u0142u\u017cy\u0142y dobru Pa\u0144stwa Holenderskiego&#8221;.<br \/>\nOrder Br\u0105zowego Lwa zast\u0105pi\u0142 Eervolle Vermelding. W hierarchii holenderskich odznacze\u0144 za m\u0119stwo zajmuje drugie miejsce po Orderze Wojskowym im. kr\u00f3la Willema I.<br \/>\nDo tej pory Order Br\u0105zowego Lwa przyznano \u0142\u0105cznie 1.205 osobom, z czego 336 cudzoziemcom.<br \/>\nOstatnie odznaczenia, w liczbie trzech, zosta\u0142y przyznane w 1962 roku w zwi\u0105zku z konfliktem z Indonezj\u0105 o Now\u0105 Gwine\u0119.<br \/>\nTylko jeden raz przyznano Order Br\u0105zowego Lwa sztandarowi jednostki. Dekretem Kr\u00f3lewskim z 9 maja 1950 roku postanowiono, \u017ce to odznaczenie zostanie nadane 2ieme i 3ieme Regiment Chasseurs Parachutistes armii francuskiej w zwi\u0105zku z ich zas\u0142ugami w wyzwalaniu Holandii w kwietniu 1945 roku.<\/p>","protected":false},"excerpt":{"rendered":"<p>Do 1940 roku Holandia zna\u0142a tylko dwa kr\u00f3lewskie odznaczenia za m\u0119stwo, mianowicie Order Wojskowy im. kr\u00f3la Willema I oraz ustanowiona w 1877 roku Honorowa Wzmianka[Eervolle Vermelding.] Druga Wojna \u015awiatowa przynios\u0142a w tej kwestii zmian\u0119. I tak, ju\u017c 11 czerwca 1940 <span class=\"excerpt-dots\">&hellip;<\/span> <a class=\"more-link\" href=\"https:\/\/www.driel-polen.nl\/pl\/historie\/eerherstel\/bronzen-leeuw\/\"><span class=\"more-msg\"><img decoding=\"async\" src=\"https:\/\/www.driel-polen.nl\/downloads\/lees-meer3.jpg\"><\/p>\n<hr class=\"wvrx-expand-full\" style=\"margin:0\"><\/span><\/a><\/p>\n","protected":false},"author":17,"featured_media":0,"parent":54,"menu_order":3,"comment_status":"closed","ping_status":"open","template":"","meta":{"_monsterinsights_skip_tracking":false,"_monsterinsights_sitenote_active":false,"_monsterinsights_sitenote_note":"","_monsterinsights_sitenote_category":0,"ngg_post_thumbnail":0,"footnotes":""},"class_list":["post-431","page","type-page","status-publish","hentry"],"yoast_head":"<!-- This site is optimized with the Yoast SEO plugin v27.4 - https:\/\/yoast.com\/product\/yoast-seo-wordpress\/ -->\n<title>De bronzen Leeuw<\/title>\n<meta name=\"description\" content=\"Tot 1940 kende Nederland slechts twee koninklijke dapperheidsonderscheidingen, te weten de Militaire Willems-Orde en de in 1877 ingestelde Eervolle Vermelding.\" \/>\n<meta name=\"robots\" content=\"index, follow, max-snippet:-1, max-image-preview:large, max-video-preview:-1\" \/>\n<link rel=\"canonical\" href=\"https:\/\/www.driel-polen.nl\/historie\/eerherstel\/bronzen-leeuw\/\" \/>\n<meta property=\"og:locale\" content=\"pl_PL\" \/>\n<meta property=\"og:type\" content=\"article\" \/>\n<meta property=\"og:title\" content=\"De bronzen Leeuw\" \/>\n<meta property=\"og:description\" content=\"Tot 1940 kende Nederland slechts twee koninklijke dapperheidsonderscheidingen, te weten de Militaire Willems-Orde en de in 1877 ingestelde Eervolle Vermelding.\" \/>\n<meta property=\"og:url\" content=\"https:\/\/www.driel-polen.nl\/historie\/eerherstel\/bronzen-leeuw\/\" \/>\n<meta property=\"og:site_name\" content=\"Stichting Driel-Polen\" \/>\n<meta property=\"article:modified_time\" content=\"2020-04-24T13:04:02+00:00\" \/>\n<meta property=\"og:image\" content=\"http:\/\/www.driel-polen.nl\/wordpress\/wp-content\/uploads\/2013\/05\/bronzenleeuw.gif\" \/>\n<meta name=\"twitter:label1\" content=\"Szacowany czas czytania\" \/>\n\t<meta name=\"twitter:data1\" content=\"5 minut\" \/>\n<script type=\"application\/ld+json\" class=\"yoast-schema-graph\">{\"@context\":\"https:\\\/\\\/schema.org\",\"@graph\":[{\"@type\":\"WebPage\",\"@id\":\"https:\\\/\\\/www.driel-polen.nl\\\/historie\\\/eerherstel\\\/bronzen-leeuw\\\/\",\"url\":\"https:\\\/\\\/www.driel-polen.nl\\\/historie\\\/eerherstel\\\/bronzen-leeuw\\\/\",\"name\":\"De bronzen Leeuw\",\"isPartOf\":{\"@id\":\"https:\\\/\\\/www.driel-polen.nl\\\/nl\\\/#website\"},\"primaryImageOfPage\":{\"@id\":\"https:\\\/\\\/www.driel-polen.nl\\\/historie\\\/eerherstel\\\/bronzen-leeuw\\\/#primaryimage\"},\"image\":{\"@id\":\"https:\\\/\\\/www.driel-polen.nl\\\/historie\\\/eerherstel\\\/bronzen-leeuw\\\/#primaryimage\"},\"thumbnailUrl\":\"http:\\\/\\\/www.driel-polen.nl\\\/wordpress\\\/wp-content\\\/uploads\\\/2013\\\/05\\\/bronzenleeuw.gif\",\"datePublished\":\"2014-04-18T17:35:49+00:00\",\"dateModified\":\"2020-04-24T13:04:02+00:00\",\"description\":\"Tot 1940 kende Nederland slechts twee koninklijke dapperheidsonderscheidingen, te weten de Militaire Willems-Orde en de in 1877 ingestelde Eervolle Vermelding.\",\"breadcrumb\":{\"@id\":\"https:\\\/\\\/www.driel-polen.nl\\\/historie\\\/eerherstel\\\/bronzen-leeuw\\\/#breadcrumb\"},\"inLanguage\":\"pl-PL\",\"potentialAction\":[{\"@type\":\"ReadAction\",\"target\":[\"https:\\\/\\\/www.driel-polen.nl\\\/historie\\\/eerherstel\\\/bronzen-leeuw\\\/\"]}]},{\"@type\":\"ImageObject\",\"inLanguage\":\"pl-PL\",\"@id\":\"https:\\\/\\\/www.driel-polen.nl\\\/historie\\\/eerherstel\\\/bronzen-leeuw\\\/#primaryimage\",\"url\":\"http:\\\/\\\/www.driel-polen.nl\\\/wordpress\\\/wp-content\\\/uploads\\\/2013\\\/05\\\/bronzenleeuw.gif\",\"contentUrl\":\"http:\\\/\\\/www.driel-polen.nl\\\/wordpress\\\/wp-content\\\/uploads\\\/2013\\\/05\\\/bronzenleeuw.gif\"},{\"@type\":\"BreadcrumbList\",\"@id\":\"https:\\\/\\\/www.driel-polen.nl\\\/historie\\\/eerherstel\\\/bronzen-leeuw\\\/#breadcrumb\",\"itemListElement\":[{\"@type\":\"ListItem\",\"position\":1,\"name\":\"History\",\"item\":\"https:\\\/\\\/www.driel-polen.nl\\\/en\\\/historie\\\/\"},{\"@type\":\"ListItem\",\"position\":2,\"name\":\"Eerherstel\",\"item\":\"https:\\\/\\\/www.driel-polen.nl\\\/historie\\\/eerherstel\\\/\"},{\"@type\":\"ListItem\",\"position\":3,\"name\":\"The Bronze LionOrder\"}]},{\"@type\":\"WebSite\",\"@id\":\"https:\\\/\\\/www.driel-polen.nl\\\/nl\\\/#website\",\"url\":\"https:\\\/\\\/www.driel-polen.nl\\\/nl\\\/\",\"name\":\"Stichting Driel-Polen\",\"description\":\"General St. Sosabowski\",\"potentialAction\":[{\"@type\":\"SearchAction\",\"target\":{\"@type\":\"EntryPoint\",\"urlTemplate\":\"https:\\\/\\\/www.driel-polen.nl\\\/nl\\\/?s={search_term_string}\"},\"query-input\":{\"@type\":\"PropertyValueSpecification\",\"valueRequired\":true,\"valueName\":\"search_term_string\"}}],\"inLanguage\":\"pl-PL\"}]}<\/script>\n<!-- \/ Yoast SEO plugin. -->","yoast_head_json":{"title":"De bronzen Leeuw","description":"Tot 1940 kende Nederland slechts twee koninklijke dapperheidsonderscheidingen, te weten de Militaire Willems-Orde en de in 1877 ingestelde Eervolle Vermelding.","robots":{"index":"index","follow":"follow","max-snippet":"max-snippet:-1","max-image-preview":"max-image-preview:large","max-video-preview":"max-video-preview:-1"},"canonical":"https:\/\/www.driel-polen.nl\/historie\/eerherstel\/bronzen-leeuw\/","og_locale":"pl_PL","og_type":"article","og_title":"De bronzen Leeuw","og_description":"Tot 1940 kende Nederland slechts twee koninklijke dapperheidsonderscheidingen, te weten de Militaire Willems-Orde en de in 1877 ingestelde Eervolle Vermelding.","og_url":"https:\/\/www.driel-polen.nl\/historie\/eerherstel\/bronzen-leeuw\/","og_site_name":"Stichting Driel-Polen","article_modified_time":"2020-04-24T13:04:02+00:00","og_image":[{"url":"http:\/\/www.driel-polen.nl\/wordpress\/wp-content\/uploads\/2013\/05\/bronzenleeuw.gif","type":"","width":"","height":""}],"twitter_misc":{"Szacowany czas czytania":"5 minut"},"schema":{"@context":"https:\/\/schema.org","@graph":[{"@type":"WebPage","@id":"https:\/\/www.driel-polen.nl\/historie\/eerherstel\/bronzen-leeuw\/","url":"https:\/\/www.driel-polen.nl\/historie\/eerherstel\/bronzen-leeuw\/","name":"De bronzen Leeuw","isPartOf":{"@id":"https:\/\/www.driel-polen.nl\/nl\/#website"},"primaryImageOfPage":{"@id":"https:\/\/www.driel-polen.nl\/historie\/eerherstel\/bronzen-leeuw\/#primaryimage"},"image":{"@id":"https:\/\/www.driel-polen.nl\/historie\/eerherstel\/bronzen-leeuw\/#primaryimage"},"thumbnailUrl":"http:\/\/www.driel-polen.nl\/wordpress\/wp-content\/uploads\/2013\/05\/bronzenleeuw.gif","datePublished":"2014-04-18T17:35:49+00:00","dateModified":"2020-04-24T13:04:02+00:00","description":"Tot 1940 kende Nederland slechts twee koninklijke dapperheidsonderscheidingen, te weten de Militaire Willems-Orde en de in 1877 ingestelde Eervolle Vermelding.","breadcrumb":{"@id":"https:\/\/www.driel-polen.nl\/historie\/eerherstel\/bronzen-leeuw\/#breadcrumb"},"inLanguage":"pl-PL","potentialAction":[{"@type":"ReadAction","target":["https:\/\/www.driel-polen.nl\/historie\/eerherstel\/bronzen-leeuw\/"]}]},{"@type":"ImageObject","inLanguage":"pl-PL","@id":"https:\/\/www.driel-polen.nl\/historie\/eerherstel\/bronzen-leeuw\/#primaryimage","url":"http:\/\/www.driel-polen.nl\/wordpress\/wp-content\/uploads\/2013\/05\/bronzenleeuw.gif","contentUrl":"http:\/\/www.driel-polen.nl\/wordpress\/wp-content\/uploads\/2013\/05\/bronzenleeuw.gif"},{"@type":"BreadcrumbList","@id":"https:\/\/www.driel-polen.nl\/historie\/eerherstel\/bronzen-leeuw\/#breadcrumb","itemListElement":[{"@type":"ListItem","position":1,"name":"History","item":"https:\/\/www.driel-polen.nl\/en\/historie\/"},{"@type":"ListItem","position":2,"name":"Eerherstel","item":"https:\/\/www.driel-polen.nl\/historie\/eerherstel\/"},{"@type":"ListItem","position":3,"name":"The Bronze LionOrder"}]},{"@type":"WebSite","@id":"https:\/\/www.driel-polen.nl\/nl\/#website","url":"https:\/\/www.driel-polen.nl\/nl\/","name":"Stichting Driel-Polen","description":"General St. Sosabowski","potentialAction":[{"@type":"SearchAction","target":{"@type":"EntryPoint","urlTemplate":"https:\/\/www.driel-polen.nl\/nl\/?s={search_term_string}"},"query-input":{"@type":"PropertyValueSpecification","valueRequired":true,"valueName":"search_term_string"}}],"inLanguage":"pl-PL"}]}},"_links":{"self":[{"href":"https:\/\/www.driel-polen.nl\/pl\/wp-json\/wp\/v2\/pages\/431","targetHints":{"allow":["GET"]}}],"collection":[{"href":"https:\/\/www.driel-polen.nl\/pl\/wp-json\/wp\/v2\/pages"}],"about":[{"href":"https:\/\/www.driel-polen.nl\/pl\/wp-json\/wp\/v2\/types\/page"}],"author":[{"embeddable":true,"href":"https:\/\/www.driel-polen.nl\/pl\/wp-json\/wp\/v2\/users\/17"}],"replies":[{"embeddable":true,"href":"https:\/\/www.driel-polen.nl\/pl\/wp-json\/wp\/v2\/comments?post=431"}],"version-history":[{"count":3,"href":"https:\/\/www.driel-polen.nl\/pl\/wp-json\/wp\/v2\/pages\/431\/revisions"}],"predecessor-version":[{"id":4283,"href":"https:\/\/www.driel-polen.nl\/pl\/wp-json\/wp\/v2\/pages\/431\/revisions\/4283"}],"up":[{"embeddable":true,"href":"https:\/\/www.driel-polen.nl\/pl\/wp-json\/wp\/v2\/pages\/54"}],"wp:attachment":[{"href":"https:\/\/www.driel-polen.nl\/pl\/wp-json\/wp\/v2\/media?parent=431"}],"curies":[{"name":"wp","href":"https:\/\/api.w.org\/{rel}","templated":true}]}}