{"id":4035,"date":"2019-09-25T19:03:35","date_gmt":"2019-09-25T17:03:35","guid":{"rendered":"https:\/\/www.driel-polen.nl\/?page_id=4035"},"modified":"2021-01-12T14:37:07","modified_gmt":"2021-01-12T13:37:07","slug":"2019-minister-van-defensie-republiek-polen","status":"publish","type":"page","link":"https:\/\/www.driel-polen.nl\/pl\/herdenkingen\/herdenkingen-2015-2024\/2019-minister-van-defensie-republiek-polen\/","title":{"rendered":"2019-Przem\u00f3wienie wiceministra Obrony Narodowej RP"},"content":{"rendered":"<p><\/p>\n<h4 style=\"text-align: center;\">Przem\u00f3wienie wiceministra Obrony Narodowej RP, podsekretarza stanu do<br \/>\nspraw mi\u0119dzynarodowych pana Paw\u0142a Wo\u017anego,<br \/>\nwyg\u0142oszone podczas 75. obchod\u00f3w upami\u0119tniaj\u0105cych udzia\u0142<br \/>\n1 Polskiej Samodzielnej Brygady Spadochronowej<br \/>\nw operacji Market Garden<br \/>\nDriel, 21 wrze\u015bnia 2019<\/h4>\n<p><em><strong>PANIE I PANOWIE,<\/strong><\/em><\/p>\n<p>przede wszystkim witam serdecznie przedstawicieli holenderskiego rz\u0105du \u2013 gospodarzy dzisiejszego spotkania. S\u0142owa powitania kieruj\u0119 r\u00f3wnie\u017c do szacownych go\u015bci, Jego Kr\u00f3lewskiej Wysoko\u015bci Ksi\u0119cia Karola, Ksi\u0119cia Walii&#8230;<\/p>\n<p>W tym roku obchodzimy osiemdziesi\u0105t\u0105 rocznic\u0119 wybuchu II wojny \u015bwiatowej. Polska by\u0142a pierwsz\u0105 ofiar\u0105 napa\u015bci Niemiec hitlerowskich. Polscy \u017co\u0142nierze opierali si\u0119 niemieckiej i sowieckiej agresji, broni\u0105c niepodleg\u0142o\u015bci swojej ojczyzny. W kolejnych latach tego krwawego konfliktu polscy \u017co\u0142nierze walczyli rami\u0119 w rami\u0119 z wojskami alianckimi, by broni\u0107 wolno\u015bci innych kraj\u00f3w. Przyczynili si\u0119 r\u00f3wnie\u017c do wyzwolenia Europejskich narod\u00f3w spod niemieckiej okupacji.<\/p>\n<p>Pomniki upami\u0119tniaj\u0105ce heroiczn\u0105 walk\u0119 polskich oddzia\u0142\u00f3w mo\u017cna znale\u017a\u0107 nie tylko w Polsce, ale w ca\u0142ej Europie, a nawet na innych kontynentach. Narwik w Norwegii, Tobruk w Libii, Monte Cassino w W\u0142oszech, Falaise we Francji, Breda w Holandii oraz Driel, w kt\u00f3rym dzisiaj jeste\u015bmy \u2013 by wymieni\u0107 zaledwie kilka z nich \u2212 s\u0105 oznak\u0105 s\u0142awy polskich si\u0142 zbrojnych. Nape\u0142niaj\u0105 nas one dum\u0105 i odzwierciedlaj\u0105 nasz\u0105 lojalno\u015b\u0107 wobec aliant\u00f3w. Symbolizuj\u0105 walk\u0119 naszych przodk\u00f3w o wolno\u015b\u0107 nasz\u0105 i Wasz\u0105.<\/p>\n<p>Mieszka\u0144cy Driel, kt\u00f3rzy 75 lat temu, 21 wrze\u015bnia 1944 roku, spogl\u0105dali w niebo, widzieli szczeg\u00f3ln\u0105 scen\u0119: setki czasz spadochronowych i samoloty. To miejsce, w kt\u00f3rym l\u0105dowali \u017co\u0142nierze 1 Samodzielnej Brygady Spadochronowej bior\u0105cy udzia\u0142 w najwi\u0119kszej w historii operacji powietrznol\u0105dowej\u2026 Zar\u00f3wno podczas l\u0105dowania, jak i podczas walk naziemnych dostali si\u0119 oni pod silny ostrza\u0142 Niemc\u00f3w i ponie\u015bli du\u017ce straty. Odwa\u017cnie walczyli z przewa\u017caj\u0105cymi si\u0142ami wroga, zdeterminowani, by wesprze\u0107 brytyjskie oddzia\u0142y na drugim brzegu Renu.<\/p>\n<p>Jestem dumny i wzruszony, \u017ce, patrz\u0105c dzisiaj w niebo nad Driel, widz\u0119 polskich spadochroniarzy, podobnie jak widzieli ich jego mieszka\u0144cy 75 lat temu. Dzisiaj l\u0105duj\u0105 na holenderskiej ziemi \u017co\u0142nierze 6 Brygady Powietrznodesantowej. S\u0105 oni spadkobiercami bohater\u00f3w, kt\u00f3rzy we wrze\u015bniu 1944 roku l\u0105dowali w Driel. W ten spos\u00f3b sk\u0142adaj\u0105 ho\u0142d swoim poprzednikom i kontynuuj\u0105 ich chlubne tradycje.<\/p>\n<p>Stoj\u0119 tutaj przed pomnikiem upami\u0119tniaj\u0105cym dow\u00f3dc\u0119 1 Samodzielnej Brygady Spadochronowej i spogl\u0105dam na wszystkich obecnych. Zebrali si\u0119 tutaj przedstawiciele Polski i Holandii, weterani oraz mieszka\u0144cy Driel i Arnhem. Dzisiejsza uroczysto\u015b\u0107 jest wspania\u0142\u0105 okazj\u0105, by odda\u0107 honor polskim \u017co\u0142nierzom i uczci\u0107 pami\u0119\u0107 poleg\u0142ych. Czcimy pami\u0119\u0107 genera\u0142a Sosabowskiego, kt\u00f3remu honor zosta\u0142 zwr\u00f3cony a zas\u0142ugi uznane dopiero wiele lat po wojnie. Nie wolno nam zapomina\u0107, \u017ce wielu obywateli Holandii podejmowa\u0142o starania, by w nale\u017cyty spos\u00f3b upami\u0119tni\u0107 zas\u0142ugi polskich spadochroniarzy i ich dow\u00f3dcy. Z nazwiska chcemy wymieni\u0107 Cor\u0119 Baltussen, kt\u00f3rej gr\u00f3b odwiedzi\u0142a polska delegacja. W 1944 roku w wielu holenderskich miastach mo\u017cna by\u0142o natrafi\u0107 na zapisane po polsku zdanie \u201eDzi\u0119kujemy Wam, Polacy!\u201d. Liczni Holendrzy nosz\u0105 Polak\u00f3w w swoim sercu i o nich nie zapominaj\u0105. Cora Baltussen jest symbolem wdzi\u0119czno\u015bci Holendr\u00f3w \u017cywionej do Polak\u00f3w, za kt\u00f3r\u0105 chcia\u0142bym podzi\u0119kowa\u0107 w imieniu Polski i polskich Si\u0142 Zbrojnych.<\/p>\n<p>Chc\u0119 r\u00f3wnie\u017c podzi\u0119kowa\u0107 holenderskim w\u0142adzom, a w szczeg\u00f3lno\u015bci mieszka\u0144com Driel, za podtrzymywanie pami\u0119ci o generale Sosabowskim i jego wojskowych osi\u0105gni\u0119ciach oraz za opiek\u0119 nad miejscami pami\u0119ci, takimi jak liczne cmentarze, na kt\u00f3rych le\u017c\u0105 pochowani polscy \u017co\u0142nierze.<\/p>\n<p>Jestem przekonany, \u017ce dzisiejsza uroczysto\u015b\u0107 upami\u0119tniaj\u0105ca nasz\u0105 wsp\u00f3ln\u0105 histori\u0119, wzmocni wsp\u00f3\u0142prac\u0119 pomi\u0119dzy Kr\u00f3lestwem Niderland\u00f3w a Rzeczpospolit\u0105 Polsk\u0105, a tak\u017ce pog\u0142\u0119bi przyja\u017a\u0144 i wsp\u00f3\u0142prac\u0119 pomi\u0119dzy naszymi \u017co\u0142nierzami, kt\u00f3rzy dzia\u0142aj\u0105 w jednym sojuszu.<\/p>\n<p>Przeprowadzane w Polsce \u0107wiczenia NATO, takie jak Tiger Meet w 2018 roku i Noble Jump w 2019 roku, mo\u017cna uzna\u0107 za przyk\u0142ad naszej przyja\u017ani \/ naszego sojuszu. Dodam do tego, \u017ce doskona\u0142ym przyk\u0142adem naszej pog\u0142\u0119bionej wsp\u00f3\u0142pracy jest niedawne otwarcie biura holenderskiego attach\u00e9 w Polsce. Fakt, \u017ce wreszcie ze sob\u0105 wsp\u00f3\u0142dzia\u0142amy w jednym sojuszu, napawa mnie ogromn\u0105 rado\u015bci\u0105.<\/p>\n<p>&nbsp;<\/p>","protected":false},"excerpt":{"rendered":"<p>Przem\u00f3wienie wiceministra Obrony Narodowej RP, podsekretarza stanu do spraw mi\u0119dzynarodowych pana Paw\u0142a Wo\u017anego, wyg\u0142oszone podczas 75. obchod\u00f3w upami\u0119tniaj\u0105cych udzia\u0142 1 Polskiej Samodzielnej Brygady Spadochronowej w operacji Market Garden Driel, 21 wrze\u015bnia 2019 PANIE I PANOWIE, przede wszystkim witam serdecznie przedstawicieli <span class=\"excerpt-dots\">&hellip;<\/span> <a class=\"more-link\" href=\"https:\/\/www.driel-polen.nl\/pl\/herdenkingen\/herdenkingen-2015-2024\/2019-minister-van-defensie-republiek-polen\/\"><span class=\"more-msg\"><img decoding=\"async\" src=\"https:\/\/www.driel-polen.nl\/downloads\/lees-meer3.jpg\"><\/p>\n<hr class=\"wvrx-expand-full\" style=\"margin:0\"><\/span><\/a><\/p>\n","protected":false},"author":17,"featured_media":0,"parent":5633,"menu_order":0,"comment_status":"closed","ping_status":"closed","template":"","meta":{"_monsterinsights_skip_tracking":false,"_monsterinsights_sitenote_active":false,"_monsterinsights_sitenote_note":"","_monsterinsights_sitenote_category":0,"ngg_post_thumbnail":0,"footnotes":""},"class_list":["post-4035","page","type-page","status-publish","hentry"],"yoast_head":"<!-- This site is optimized with the Yoast SEO plugin v27.4 - https:\/\/yoast.com\/product\/yoast-seo-wordpress\/ -->\n<title>2019-Przem\u00f3wienie wiceministra Obrony Narodowej RP - Stichting Driel-Polen<\/title>\n<meta name=\"robots\" content=\"index, follow, max-snippet:-1, max-image-preview:large, max-video-preview:-1\" \/>\n<link rel=\"canonical\" href=\"https:\/\/www.driel-polen.nl\/herdenkingen\/herdenkingen-2015-2024\/2019-minister-van-defensie-republiek-polen\/\" \/>\n<meta property=\"og:locale\" content=\"pl_PL\" \/>\n<meta property=\"og:type\" content=\"article\" \/>\n<meta property=\"og:title\" content=\"2019-Przem\u00f3wienie wiceministra Obrony Narodowej RP - Stichting Driel-Polen\" \/>\n<meta property=\"og:description\" content=\"Przem\u00f3wienie wiceministra Obrony Narodowej RP, podsekretarza stanu do spraw mi\u0119dzynarodowych pana Paw\u0142a Wo\u017anego, wyg\u0142oszone podczas 75. obchod\u00f3w upami\u0119tniaj\u0105cych udzia\u0142 1 Polskiej Samodzielnej Brygady Spadochronowej w operacji Market Garden Driel, 21 wrze\u015bnia 2019 PANIE I PANOWIE, przede wszystkim witam serdecznie przedstawicieli &hellip;\" \/>\n<meta property=\"og:url\" content=\"https:\/\/www.driel-polen.nl\/herdenkingen\/herdenkingen-2015-2024\/2019-minister-van-defensie-republiek-polen\/\" \/>\n<meta property=\"og:site_name\" content=\"Stichting Driel-Polen\" \/>\n<meta property=\"article:modified_time\" content=\"2021-01-12T13:37:07+00:00\" \/>\n<meta name=\"twitter:label1\" content=\"Szacowany czas czytania\" \/>\n\t<meta name=\"twitter:data1\" content=\"11 minut\" \/>\n<script type=\"application\/ld+json\" class=\"yoast-schema-graph\">{\"@context\":\"https:\\\/\\\/schema.org\",\"@graph\":[{\"@type\":\"WebPage\",\"@id\":\"https:\\\/\\\/www.driel-polen.nl\\\/herdenkingen\\\/herdenkingen-2015-2024\\\/2019-minister-van-defensie-republiek-polen\\\/\",\"url\":\"https:\\\/\\\/www.driel-polen.nl\\\/herdenkingen\\\/herdenkingen-2015-2024\\\/2019-minister-van-defensie-republiek-polen\\\/\",\"name\":\"2019-Przem\u00f3wienie wiceministra Obrony Narodowej RP - Stichting Driel-Polen\",\"isPartOf\":{\"@id\":\"https:\\\/\\\/www.driel-polen.nl\\\/nl\\\/#website\"},\"datePublished\":\"2019-09-25T17:03:35+00:00\",\"dateModified\":\"2021-01-12T13:37:07+00:00\",\"breadcrumb\":{\"@id\":\"https:\\\/\\\/www.driel-polen.nl\\\/herdenkingen\\\/herdenkingen-2015-2024\\\/2019-minister-van-defensie-republiek-polen\\\/#breadcrumb\"},\"inLanguage\":\"pl-PL\",\"potentialAction\":[{\"@type\":\"ReadAction\",\"target\":[\"https:\\\/\\\/www.driel-polen.nl\\\/herdenkingen\\\/herdenkingen-2015-2024\\\/2019-minister-van-defensie-republiek-polen\\\/\"]}]},{\"@type\":\"BreadcrumbList\",\"@id\":\"https:\\\/\\\/www.driel-polen.nl\\\/herdenkingen\\\/herdenkingen-2015-2024\\\/2019-minister-van-defensie-republiek-polen\\\/#breadcrumb\",\"itemListElement\":[{\"@type\":\"ListItem\",\"position\":1,\"name\":\"Herdenkingen\",\"item\":\"https:\\\/\\\/www.driel-polen.nl\\\/herdenkingen\\\/\"},{\"@type\":\"ListItem\",\"position\":2,\"name\":\"Herdenkingen 2015-2024\",\"item\":\"https:\\\/\\\/www.driel-polen.nl\\\/herdenkingen\\\/herdenkingen-2015-2024\\\/\"},{\"@type\":\"ListItem\",\"position\":3,\"name\":\"2019-Przem\u00f3wienie wiceministra Obrony Narodowej RP\"}]},{\"@type\":\"WebSite\",\"@id\":\"https:\\\/\\\/www.driel-polen.nl\\\/nl\\\/#website\",\"url\":\"https:\\\/\\\/www.driel-polen.nl\\\/nl\\\/\",\"name\":\"Stichting Driel-Polen\",\"description\":\"General St. Sosabowski\",\"potentialAction\":[{\"@type\":\"SearchAction\",\"target\":{\"@type\":\"EntryPoint\",\"urlTemplate\":\"https:\\\/\\\/www.driel-polen.nl\\\/nl\\\/?s={search_term_string}\"},\"query-input\":{\"@type\":\"PropertyValueSpecification\",\"valueRequired\":true,\"valueName\":\"search_term_string\"}}],\"inLanguage\":\"pl-PL\"}]}<\/script>\n<!-- \/ Yoast SEO plugin. -->","yoast_head_json":{"title":"2019-Przem\u00f3wienie wiceministra Obrony Narodowej RP - Stichting Driel-Polen","robots":{"index":"index","follow":"follow","max-snippet":"max-snippet:-1","max-image-preview":"max-image-preview:large","max-video-preview":"max-video-preview:-1"},"canonical":"https:\/\/www.driel-polen.nl\/herdenkingen\/herdenkingen-2015-2024\/2019-minister-van-defensie-republiek-polen\/","og_locale":"pl_PL","og_type":"article","og_title":"2019-Przem\u00f3wienie wiceministra Obrony Narodowej RP - Stichting Driel-Polen","og_description":"Przem\u00f3wienie wiceministra Obrony Narodowej RP, podsekretarza stanu do spraw mi\u0119dzynarodowych pana Paw\u0142a Wo\u017anego, wyg\u0142oszone podczas 75. obchod\u00f3w upami\u0119tniaj\u0105cych udzia\u0142 1 Polskiej Samodzielnej Brygady Spadochronowej w operacji Market Garden Driel, 21 wrze\u015bnia 2019 PANIE I PANOWIE, przede wszystkim witam serdecznie przedstawicieli &hellip;","og_url":"https:\/\/www.driel-polen.nl\/herdenkingen\/herdenkingen-2015-2024\/2019-minister-van-defensie-republiek-polen\/","og_site_name":"Stichting Driel-Polen","article_modified_time":"2021-01-12T13:37:07+00:00","twitter_misc":{"Szacowany czas czytania":"11 minut"},"schema":{"@context":"https:\/\/schema.org","@graph":[{"@type":"WebPage","@id":"https:\/\/www.driel-polen.nl\/herdenkingen\/herdenkingen-2015-2024\/2019-minister-van-defensie-republiek-polen\/","url":"https:\/\/www.driel-polen.nl\/herdenkingen\/herdenkingen-2015-2024\/2019-minister-van-defensie-republiek-polen\/","name":"2019-Przem\u00f3wienie wiceministra Obrony Narodowej RP - Stichting Driel-Polen","isPartOf":{"@id":"https:\/\/www.driel-polen.nl\/nl\/#website"},"datePublished":"2019-09-25T17:03:35+00:00","dateModified":"2021-01-12T13:37:07+00:00","breadcrumb":{"@id":"https:\/\/www.driel-polen.nl\/herdenkingen\/herdenkingen-2015-2024\/2019-minister-van-defensie-republiek-polen\/#breadcrumb"},"inLanguage":"pl-PL","potentialAction":[{"@type":"ReadAction","target":["https:\/\/www.driel-polen.nl\/herdenkingen\/herdenkingen-2015-2024\/2019-minister-van-defensie-republiek-polen\/"]}]},{"@type":"BreadcrumbList","@id":"https:\/\/www.driel-polen.nl\/herdenkingen\/herdenkingen-2015-2024\/2019-minister-van-defensie-republiek-polen\/#breadcrumb","itemListElement":[{"@type":"ListItem","position":1,"name":"Herdenkingen","item":"https:\/\/www.driel-polen.nl\/herdenkingen\/"},{"@type":"ListItem","position":2,"name":"Herdenkingen 2015-2024","item":"https:\/\/www.driel-polen.nl\/herdenkingen\/herdenkingen-2015-2024\/"},{"@type":"ListItem","position":3,"name":"2019-Przem\u00f3wienie wiceministra Obrony Narodowej RP"}]},{"@type":"WebSite","@id":"https:\/\/www.driel-polen.nl\/nl\/#website","url":"https:\/\/www.driel-polen.nl\/nl\/","name":"Stichting Driel-Polen","description":"General St. Sosabowski","potentialAction":[{"@type":"SearchAction","target":{"@type":"EntryPoint","urlTemplate":"https:\/\/www.driel-polen.nl\/nl\/?s={search_term_string}"},"query-input":{"@type":"PropertyValueSpecification","valueRequired":true,"valueName":"search_term_string"}}],"inLanguage":"pl-PL"}]}},"_links":{"self":[{"href":"https:\/\/www.driel-polen.nl\/pl\/wp-json\/wp\/v2\/pages\/4035","targetHints":{"allow":["GET"]}}],"collection":[{"href":"https:\/\/www.driel-polen.nl\/pl\/wp-json\/wp\/v2\/pages"}],"about":[{"href":"https:\/\/www.driel-polen.nl\/pl\/wp-json\/wp\/v2\/types\/page"}],"author":[{"embeddable":true,"href":"https:\/\/www.driel-polen.nl\/pl\/wp-json\/wp\/v2\/users\/17"}],"replies":[{"embeddable":true,"href":"https:\/\/www.driel-polen.nl\/pl\/wp-json\/wp\/v2\/comments?post=4035"}],"version-history":[{"count":3,"href":"https:\/\/www.driel-polen.nl\/pl\/wp-json\/wp\/v2\/pages\/4035\/revisions"}],"predecessor-version":[{"id":4041,"href":"https:\/\/www.driel-polen.nl\/pl\/wp-json\/wp\/v2\/pages\/4035\/revisions\/4041"}],"up":[{"embeddable":true,"href":"https:\/\/www.driel-polen.nl\/pl\/wp-json\/wp\/v2\/pages\/5633"}],"wp:attachment":[{"href":"https:\/\/www.driel-polen.nl\/pl\/wp-json\/wp\/v2\/media?parent=4035"}],"curies":[{"name":"wp","href":"https:\/\/api.w.org\/{rel}","templated":true}]}}