{"id":3801,"date":"2019-09-18T22:44:09","date_gmt":"2019-09-18T20:44:09","guid":{"rendered":"https:\/\/www.driel-polen.nl\/?page_id=3801"},"modified":"2021-01-12T14:29:11","modified_gmt":"2021-01-12T13:29:11","slug":"2019-burgemeester-overbetuwe","status":"publish","type":"page","link":"https:\/\/www.driel-polen.nl\/pl\/herdenkingen\/herdenkingen-2015-2024\/2019-burgemeester-overbetuwe\/","title":{"rendered":"2019 Burmistrz gminy Overbetuwe,"},"content":{"rendered":"<p><\/p>\n<h4 style=\"text-align: center;\">Przem\u00f3wienie burmistrz gminy Overbetuwe,<br \/>\npani Patricii Hoytink-Roubos,<br \/>\nwyg\u0142oszone podczas 75. obchod\u00f3w upami\u0119tniaj\u0105cych udzia\u0142<br \/>\n1 Polskiej Samodzielnej Brygady Spadochronowej<br \/>\nw operacji Market Garden<br \/>\nDriel, 21 wrze\u015bnia 2019<\/h4>\n<p><strong><em>Your Royal Highness,<\/em><\/strong><strong><br \/>\n<em>Your Excellencies<\/em>,<br \/>\n<em>Dear veterans,<br \/>\n<\/em><\/strong><strong><em>Mr. Cisek, Mr. Kubi\u0144ski and Mr. Staszkiewicz,<\/em><\/strong><\/p>\n<p><em>To co\u015b wyj\u0105tkowego, \u017ce mog\u0119 spojrze\u0107 dzisiaj w Wasze oczy\u2026<br \/>\n\u2026 zdaj\u0105c sobie spraw\u0119 z tego, \u017ce te same oczy\u2026<br \/>\n\u2026widzia\u0142y koszmar II wojny \u015bwiatowej\u2026<br \/>\n\u202675 lat temu.\u00a0 <\/em><\/p>\n<p><em>Wasza obecno\u015b\u0107 tyle dla nas znaczy.<br \/>\nJeste\u015bmy Wam g\u0142\u0119boko wdzi\u0119czni!<br \/>\nTo Wasz\u0105 histori\u0119 dzisiaj upami\u0119tniamy.<br \/>\nProsz\u0119 pozwoli\u0107, \u017ce b\u0119d\u0119 kontynuowa\u0142a po niderlandzku.<\/em><\/p>\n<p>Szanowni Pa\u0144stwo,<\/p>\n<p>gdy kapral Staszkiewicz 21 wrze\u015bnia 1944 roku lecia\u0142 nad naszym krajem\u2026<br \/>\n\u2026obserwowa\u0142 w dole skutki ci\u0119\u017ckich walk<br \/>\nOgarni\u0119te po\u017carem budynki, leje po granatach\u2026<br \/>\n\u2026i dym unosz\u0105cy si\u0119 nad p\u0142on\u0105cymi pojazdami wojskowymi na <em>Hells Highway.<\/em><br \/>\nOperacja Market Garden trwa\u0142a ju\u017c przecie\u017c od czterech dni\u2026<br \/>\n\u2026i przez ca\u0142y ten czas on\u2026<br \/>\n\u2026wraz z towarzyszami broni z 1 Samodzielnej Brygady Spadochronowej\u2026<br \/>\n\u2026czeka\u0142 z niecierpliwo\u015bci\u0105 na moment, kiedy zostan\u0105 rzuceni\u2026<br \/>\n\u2026 do walki z wrogiem.<\/p>\n<p>Stanowczy, cho\u0107 bardzo zdenerwowany, czeka\u0142, a\u017c zapali si\u0119 zielona lampka i b\u0119dzie m\u00f3g\u0142 skoczy\u0107.<br \/>\nP\u00f3\u017anym popo\u0142udniem przysz\u0142a na niego kolej.<br \/>\nOpieraj\u0105c si\u0119 pr\u0105dowi powietrza, kapral Staszkiewicz postawi\u0142 krok w nico\u015b\u0107.<br \/>\n<em>\u201eSpadali\u015bmy jak dojrza\u0142e jesienne jab\u0142ka\u201d\u2026<\/em><br \/>\n\u2026jak niezwykle trafnie opisa\u0142 to jeden z jego koleg\u00f3w.<\/p>\n<p>Kapral Staszkiewicz wyl\u0105dowa\u0142 w pobli\u017cu sadu\u2026<br \/>\n\u2026na obrze\u017cach Driel\u2026<br \/>\n\u2026i wci\u0105\u017c doskonale pami\u0119ta\u2026<br \/>\n\u2026\u017ce z nerw\u00f3w bardzo zachcia\u0142o mu si\u0119 pi\u0107\u2026<br \/>\n\u2026i dlatego zerwa\u0142 w sadzie jab\u0142ko.<br \/>\nW tym momencie obieca\u0142 sobie, \u017ce p\u00f3\u017aniej za nie zap\u0142aci\u2026<br \/>\n\u2026tak si\u0119 jednak nie sta\u0142o.<br \/>\nSzanowny Panie Staszkiewicz, prosz\u0119 zatrzyma\u0107 to jab\u0142ko\u2026 ?<\/p>\n<p>Niekt\u00f3rzy z Pa\u0144stwa byli, jako mieszka\u0144cy Driel, \u015bwiadkami przybycia polskich \u017co\u0142nierzy.<br \/>\nNa przyk\u0142ad Joke Gerritsen-Martens.<br \/>\nJest tutaj obecna.<br \/>\nJoke mia\u0142a we wrze\u015bniu 1944 13 lat i mieszka\u0142a przy Leedjes, niedaleko terenu desantowego Polak\u00f3w.<\/p>\n<p>Wsp\u00f3lnie z dwoma s\u0105siadami wykopali schron.<br \/>\nBy\u0142 to du\u017cy, g\u0142\u0119boki d\u00f3\u0142 z wy\u0142o\u017con\u0105 chodnikami pod\u0142og\u0105 i drewnianym sufitem.<br \/>\nGdy polscy spadochroniarze tam zeszli\u2026<br \/>\n\u2026 Joke przebywa\u0142a w schronie w grupie dziesi\u0119ciu os\u00f3b ju\u017c od trzech dni.<\/p>\n<p>Wieczorem 21 wrze\u015bnia przy wej\u015bciu zjawi\u0142a si\u0119 niespodziewanie Cora Baltussen<br \/>\n\u2026z kilkoma polskimi \u017co\u0142nierzami.<br \/>\nJoke wci\u0105\u017c ma ten obraz przed oczami.<br \/>\nCora poprosi\u0142a jej ojca, \u017ceby zaprowadzi\u0142 polskich spadochroniarzy do promu w Driel.<br \/>\nW przeciwie\u0144stwie do taty Joke si\u0119 nie ba\u0142a, z\u0142apa\u0142a ojca za r\u0119k\u0119 i posz\u0142a z nimi&#8230;<br \/>\n\u2026przez wyschni\u0119ty r\u00f3w melioracyjny w stron\u0119 wa\u0142u przeciwpowodziowego.<\/p>\n<p>Ostatecznie okaza\u0142o si\u0119, \u017ce promu nie ma\u2026<br \/>\n\u2026i zaledwie garstce \u017co\u0142nierzy uda\u0142o si\u0119 przeprawi\u0107 na drugi brzeg Renu.<\/p>\n<p>Mimo to polski wk\u0142ad w walk\u0119 jest w nieoceniony.<br \/>\nPrzybycie Polak\u00f3w niezwykle podnios\u0142o na duchu otoczonych brytyjskich spadochroniarzy.<br \/>\nPoza tym przez cztery dni bronili oni tutaj, w Driel, przycz\u00f3\u0142ka, dzi\u0119ki czemu liczne oddzia\u0142y aliant\u00f3w mog\u0142y dokona\u0107 ewakuacji przez Ren.<br \/>\nBez ich zdecydowanego dzia\u0142ania, by\u0142yby one stracone.<\/p>\n<p>Panie i Panowie,<\/p>\n<p>75 p\u00f3\u017aniej wspomnienia polskich weteran\u00f3w wci\u0105\u017c s\u0105 dla nas inspiracj\u0105.<br \/>\nOsoby te napawaj\u0105 nas dum\u0105.<br \/>\nObdarzaj\u0105 nadziej\u0105.<br \/>\nPrzypominaj\u0105 o znaczeniu dawnych warto\u015bci takich jak odwaga, wierno\u015b\u0107, po\u015bwi\u0119cenie i jedno\u015b\u0107.<br \/>\nZach\u0119caj\u0105, by te warto\u015bci wci\u0105\u017c odnawia\u0107 i piel\u0119gnowa\u0107.<br \/>\nAby budowa\u0107 spo\u0142eczno\u015b\u0107, w kt\u00f3rej o siebie na wzajem dbamy, ze sob\u0105 wsp\u00f3\u0142pracujemy<br \/>\ni w kt\u00f3rej ka\u017cdy ma prawo czu\u0107 si\u0119 jej cz\u0119\u015bci\u0105.<\/p>\n<p>To s\u0105 warto\u015bci, o kt\u00f3re walczyli.<br \/>\nDzi\u0119ki ich po\u015bwi\u0119ceniu ju\u017c od 75 lat zrywamy owoce wolno\u015bci.<br \/>\nWielu \u017co\u0142nierzy odda\u0142o za to swoje \u017cycie.<\/p>\n<p>Pan Staszkiewicz powraca ju\u017c od trzydziestu lat do Holandii, aby z\u0142o\u017cy\u0107 im ho\u0142d.<br \/>\nZatrzymuje si\u0119 tutaj, w Driel, u pa\u0144stwa Kaihatu.<br \/>\nOdwiedza w Oosterbeek mogi\u0142y poleg\u0142ych towarzyszy.<br \/>\nI za ka\u017cdym razem dochodz\u0105 od g\u0142osu emocje.<br \/>\nOn o nich nie zapomni&#8230;<br \/>\n\u2026tak jak i my b\u0119dziemy o nich pami\u0119ta\u0107.<\/p>\n<p><strong>Weterani,<br \/>\n<\/strong>Nasza wdzi\u0119czno\u015b\u0107 jest wielka!<\/p>\n<p>Dzi\u0119kuj\u0119 bardzo!<\/p>","protected":false},"excerpt":{"rendered":"<p>Przem\u00f3wienie burmistrz gminy Overbetuwe, pani Patricii Hoytink-Roubos, wyg\u0142oszone podczas 75. obchod\u00f3w upami\u0119tniaj\u0105cych udzia\u0142 1 Polskiej Samodzielnej Brygady Spadochronowej w operacji Market Garden Driel, 21 wrze\u015bnia 2019 Your Royal Highness, Your Excellencies, Dear veterans, Mr. Cisek, Mr. Kubi\u0144ski and Mr. Staszkiewicz, <span class=\"excerpt-dots\">&hellip;<\/span> <a class=\"more-link\" href=\"https:\/\/www.driel-polen.nl\/pl\/herdenkingen\/herdenkingen-2015-2024\/2019-burgemeester-overbetuwe\/\"><span class=\"more-msg\"><img decoding=\"async\" src=\"https:\/\/www.driel-polen.nl\/downloads\/lees-meer3.jpg\"><\/p>\n<hr class=\"wvrx-expand-full\" style=\"margin:0\"><\/span><\/a><\/p>\n","protected":false},"author":17,"featured_media":0,"parent":5633,"menu_order":0,"comment_status":"closed","ping_status":"closed","template":"","meta":{"_monsterinsights_skip_tracking":false,"_monsterinsights_sitenote_active":false,"_monsterinsights_sitenote_note":"","_monsterinsights_sitenote_category":0,"ngg_post_thumbnail":0,"footnotes":""},"class_list":["post-3801","page","type-page","status-publish","hentry"],"yoast_head":"<!-- This site is optimized with the Yoast SEO plugin v27.4 - https:\/\/yoast.com\/product\/yoast-seo-wordpress\/ -->\n<title>2019 Burmistrz gminy Overbetuwe, - Stichting Driel-Polen<\/title>\n<meta name=\"robots\" content=\"index, follow, max-snippet:-1, max-image-preview:large, max-video-preview:-1\" \/>\n<link rel=\"canonical\" href=\"https:\/\/www.driel-polen.nl\/herdenkingen\/herdenkingen-2015-2024\/2019-burgemeester-overbetuwe\/\" \/>\n<meta property=\"og:locale\" content=\"pl_PL\" \/>\n<meta property=\"og:type\" content=\"article\" \/>\n<meta property=\"og:title\" content=\"2019 Burmistrz gminy Overbetuwe, - Stichting Driel-Polen\" \/>\n<meta property=\"og:description\" content=\"Przem\u00f3wienie burmistrz gminy Overbetuwe, pani Patricii Hoytink-Roubos, wyg\u0142oszone podczas 75. obchod\u00f3w upami\u0119tniaj\u0105cych udzia\u0142 1 Polskiej Samodzielnej Brygady Spadochronowej w operacji Market Garden Driel, 21 wrze\u015bnia 2019 Your Royal Highness, Your Excellencies, Dear veterans, Mr. Cisek, Mr. Kubi\u0144ski and Mr. Staszkiewicz, &hellip;\" \/>\n<meta property=\"og:url\" content=\"https:\/\/www.driel-polen.nl\/herdenkingen\/herdenkingen-2015-2024\/2019-burgemeester-overbetuwe\/\" \/>\n<meta property=\"og:site_name\" content=\"Stichting Driel-Polen\" \/>\n<meta property=\"article:modified_time\" content=\"2021-01-12T13:29:11+00:00\" \/>\n<meta name=\"twitter:label1\" content=\"Szacowany czas czytania\" \/>\n\t<meta name=\"twitter:data1\" content=\"11 minut\" \/>\n<script type=\"application\/ld+json\" class=\"yoast-schema-graph\">{\"@context\":\"https:\\\/\\\/schema.org\",\"@graph\":[{\"@type\":\"WebPage\",\"@id\":\"https:\\\/\\\/www.driel-polen.nl\\\/herdenkingen\\\/herdenkingen-2015-2024\\\/2019-burgemeester-overbetuwe\\\/\",\"url\":\"https:\\\/\\\/www.driel-polen.nl\\\/herdenkingen\\\/herdenkingen-2015-2024\\\/2019-burgemeester-overbetuwe\\\/\",\"name\":\"2019 Burmistrz gminy Overbetuwe, - Stichting Driel-Polen\",\"isPartOf\":{\"@id\":\"https:\\\/\\\/www.driel-polen.nl\\\/nl\\\/#website\"},\"datePublished\":\"2019-09-18T20:44:09+00:00\",\"dateModified\":\"2021-01-12T13:29:11+00:00\",\"breadcrumb\":{\"@id\":\"https:\\\/\\\/www.driel-polen.nl\\\/herdenkingen\\\/herdenkingen-2015-2024\\\/2019-burgemeester-overbetuwe\\\/#breadcrumb\"},\"inLanguage\":\"pl-PL\",\"potentialAction\":[{\"@type\":\"ReadAction\",\"target\":[\"https:\\\/\\\/www.driel-polen.nl\\\/herdenkingen\\\/herdenkingen-2015-2024\\\/2019-burgemeester-overbetuwe\\\/\"]}]},{\"@type\":\"BreadcrumbList\",\"@id\":\"https:\\\/\\\/www.driel-polen.nl\\\/herdenkingen\\\/herdenkingen-2015-2024\\\/2019-burgemeester-overbetuwe\\\/#breadcrumb\",\"itemListElement\":[{\"@type\":\"ListItem\",\"position\":1,\"name\":\"Herdenkingen\",\"item\":\"https:\\\/\\\/www.driel-polen.nl\\\/herdenkingen\\\/\"},{\"@type\":\"ListItem\",\"position\":2,\"name\":\"Herdenkingen 2015-2024\",\"item\":\"https:\\\/\\\/www.driel-polen.nl\\\/herdenkingen\\\/herdenkingen-2015-2024\\\/\"},{\"@type\":\"ListItem\",\"position\":3,\"name\":\"2019 Burmistrz gminy Overbetuwe,\"}]},{\"@type\":\"WebSite\",\"@id\":\"https:\\\/\\\/www.driel-polen.nl\\\/nl\\\/#website\",\"url\":\"https:\\\/\\\/www.driel-polen.nl\\\/nl\\\/\",\"name\":\"Stichting Driel-Polen\",\"description\":\"General St. Sosabowski\",\"potentialAction\":[{\"@type\":\"SearchAction\",\"target\":{\"@type\":\"EntryPoint\",\"urlTemplate\":\"https:\\\/\\\/www.driel-polen.nl\\\/nl\\\/?s={search_term_string}\"},\"query-input\":{\"@type\":\"PropertyValueSpecification\",\"valueRequired\":true,\"valueName\":\"search_term_string\"}}],\"inLanguage\":\"pl-PL\"}]}<\/script>\n<!-- \/ Yoast SEO plugin. -->","yoast_head_json":{"title":"2019 Burmistrz gminy Overbetuwe, - Stichting Driel-Polen","robots":{"index":"index","follow":"follow","max-snippet":"max-snippet:-1","max-image-preview":"max-image-preview:large","max-video-preview":"max-video-preview:-1"},"canonical":"https:\/\/www.driel-polen.nl\/herdenkingen\/herdenkingen-2015-2024\/2019-burgemeester-overbetuwe\/","og_locale":"pl_PL","og_type":"article","og_title":"2019 Burmistrz gminy Overbetuwe, - Stichting Driel-Polen","og_description":"Przem\u00f3wienie burmistrz gminy Overbetuwe, pani Patricii Hoytink-Roubos, wyg\u0142oszone podczas 75. obchod\u00f3w upami\u0119tniaj\u0105cych udzia\u0142 1 Polskiej Samodzielnej Brygady Spadochronowej w operacji Market Garden Driel, 21 wrze\u015bnia 2019 Your Royal Highness, Your Excellencies, Dear veterans, Mr. Cisek, Mr. Kubi\u0144ski and Mr. Staszkiewicz, &hellip;","og_url":"https:\/\/www.driel-polen.nl\/herdenkingen\/herdenkingen-2015-2024\/2019-burgemeester-overbetuwe\/","og_site_name":"Stichting Driel-Polen","article_modified_time":"2021-01-12T13:29:11+00:00","twitter_misc":{"Szacowany czas czytania":"11 minut"},"schema":{"@context":"https:\/\/schema.org","@graph":[{"@type":"WebPage","@id":"https:\/\/www.driel-polen.nl\/herdenkingen\/herdenkingen-2015-2024\/2019-burgemeester-overbetuwe\/","url":"https:\/\/www.driel-polen.nl\/herdenkingen\/herdenkingen-2015-2024\/2019-burgemeester-overbetuwe\/","name":"2019 Burmistrz gminy Overbetuwe, - Stichting Driel-Polen","isPartOf":{"@id":"https:\/\/www.driel-polen.nl\/nl\/#website"},"datePublished":"2019-09-18T20:44:09+00:00","dateModified":"2021-01-12T13:29:11+00:00","breadcrumb":{"@id":"https:\/\/www.driel-polen.nl\/herdenkingen\/herdenkingen-2015-2024\/2019-burgemeester-overbetuwe\/#breadcrumb"},"inLanguage":"pl-PL","potentialAction":[{"@type":"ReadAction","target":["https:\/\/www.driel-polen.nl\/herdenkingen\/herdenkingen-2015-2024\/2019-burgemeester-overbetuwe\/"]}]},{"@type":"BreadcrumbList","@id":"https:\/\/www.driel-polen.nl\/herdenkingen\/herdenkingen-2015-2024\/2019-burgemeester-overbetuwe\/#breadcrumb","itemListElement":[{"@type":"ListItem","position":1,"name":"Herdenkingen","item":"https:\/\/www.driel-polen.nl\/herdenkingen\/"},{"@type":"ListItem","position":2,"name":"Herdenkingen 2015-2024","item":"https:\/\/www.driel-polen.nl\/herdenkingen\/herdenkingen-2015-2024\/"},{"@type":"ListItem","position":3,"name":"2019 Burmistrz gminy Overbetuwe,"}]},{"@type":"WebSite","@id":"https:\/\/www.driel-polen.nl\/nl\/#website","url":"https:\/\/www.driel-polen.nl\/nl\/","name":"Stichting Driel-Polen","description":"General St. Sosabowski","potentialAction":[{"@type":"SearchAction","target":{"@type":"EntryPoint","urlTemplate":"https:\/\/www.driel-polen.nl\/nl\/?s={search_term_string}"},"query-input":{"@type":"PropertyValueSpecification","valueRequired":true,"valueName":"search_term_string"}}],"inLanguage":"pl-PL"}]}},"_links":{"self":[{"href":"https:\/\/www.driel-polen.nl\/pl\/wp-json\/wp\/v2\/pages\/3801","targetHints":{"allow":["GET"]}}],"collection":[{"href":"https:\/\/www.driel-polen.nl\/pl\/wp-json\/wp\/v2\/pages"}],"about":[{"href":"https:\/\/www.driel-polen.nl\/pl\/wp-json\/wp\/v2\/types\/page"}],"author":[{"embeddable":true,"href":"https:\/\/www.driel-polen.nl\/pl\/wp-json\/wp\/v2\/users\/17"}],"replies":[{"embeddable":true,"href":"https:\/\/www.driel-polen.nl\/pl\/wp-json\/wp\/v2\/comments?post=3801"}],"version-history":[{"count":8,"href":"https:\/\/www.driel-polen.nl\/pl\/wp-json\/wp\/v2\/pages\/3801\/revisions"}],"predecessor-version":[{"id":4031,"href":"https:\/\/www.driel-polen.nl\/pl\/wp-json\/wp\/v2\/pages\/3801\/revisions\/4031"}],"up":[{"embeddable":true,"href":"https:\/\/www.driel-polen.nl\/pl\/wp-json\/wp\/v2\/pages\/5633"}],"wp:attachment":[{"href":"https:\/\/www.driel-polen.nl\/pl\/wp-json\/wp\/v2\/media?parent=3801"}],"curies":[{"name":"wp","href":"https:\/\/api.w.org\/{rel}","templated":true}]}}