{"id":3709,"date":"2019-06-12T12:27:47","date_gmt":"2019-06-12T10:27:47","guid":{"rendered":"https:\/\/www.driel-polen.nl\/?page_id=3709"},"modified":"2021-01-12T15:06:16","modified_gmt":"2021-01-12T14:06:16","slug":"2018-gedicht","status":"publish","type":"page","link":"https:\/\/www.driel-polen.nl\/pl\/herdenkingen\/herdenkingen-2015-2024\/2018-gedicht\/","title":{"rendered":"2018 Wierz"},"content":{"rendered":"<p><strong>Pierwsza Polska \u015bmier\u0107 nad Arnhem<\/strong><\/p>\n<p>stoj\u0119 na dr\u017c\u0105cych nogach<br \/>\nspadochron ci\u0105\u017cy na barkach<br \/>\nhuk silnika wdziera si\u0119 we mnie<br \/>\nbezceremonialnie przeszywaj\u0105c mi serce<br \/>\nmy\u015bla\u0142em &#8211; to dobrze \u017ce tu jestem<br \/>\nlecz gdy czerwie\u0144 lampy dotyka mych oczu,<br \/>\nnic ju\u017c nie wiem<\/p>\n<p>rampa si\u0119 opu\u015bci\u0142a &#8211; spadam<br \/>\nspadam inaczej ni\u017c zawsze<br \/>\nspadam ostatecznie<br \/>\npowietrze bije nie w twarz<br \/>\na w ka\u017cd\u0105 cz\u0105stk\u0119 duszy najg\u0142\u0119biej<\/p>\n<p>wszechobecno\u015b\u0107 strachu we mgle dooko\u0142a<br \/>\npowoli odrywa ode mnie wielkie idee<br \/>\nmialem walczy\u0107 o wolno\u015b\u0107<br \/>\na nie widz\u0119 ju\u017c siebie<\/p>\n<p>czy boj\u0119 si\u0119?<br \/>\nczy wiem co b\u0119dzie?<br \/>\ns\u0142ysz\u0119 zaledwie \u015bwist kuli lec\u0105cej we mnie<\/p>\n<p>Author: Miko\u0142aj Wito\u0144ski<br \/>\nVI LO from Gdynia<\/p>","protected":false},"excerpt":{"rendered":"<p>Pierwsza Polska \u015bmier\u0107 nad Arnhem stoj\u0119 na dr\u017c\u0105cych nogach spadochron ci\u0105\u017cy na barkach huk silnika wdziera si\u0119 we mnie bezceremonialnie przeszywaj\u0105c mi serce my\u015bla\u0142em &#8211; to dobrze \u017ce tu jestem lecz gdy czerwie\u0144 lampy dotyka mych oczu, nic ju\u017c nie <span class=\"excerpt-dots\">&hellip;<\/span> <a class=\"more-link\" href=\"https:\/\/www.driel-polen.nl\/pl\/herdenkingen\/herdenkingen-2015-2024\/2018-gedicht\/\"><span class=\"more-msg\"><img decoding=\"async\" src=\"https:\/\/www.driel-polen.nl\/downloads\/lees-meer3.jpg\"><\/p>\n<hr class=\"wvrx-expand-full\" style=\"margin:0\"><\/span><\/a><\/p>\n","protected":false},"author":17,"featured_media":0,"parent":5633,"menu_order":0,"comment_status":"closed","ping_status":"closed","template":"","meta":{"_monsterinsights_skip_tracking":false,"_monsterinsights_sitenote_active":false,"_monsterinsights_sitenote_note":"","_monsterinsights_sitenote_category":0,"ngg_post_thumbnail":0,"footnotes":""},"class_list":["post-3709","page","type-page","status-publish","hentry"],"yoast_head":"<!-- This site is optimized with the Yoast SEO plugin v27.4 - https:\/\/yoast.com\/product\/yoast-seo-wordpress\/ -->\n<title>2018 Wierz - Stichting Driel-Polen<\/title>\n<meta name=\"robots\" content=\"index, follow, max-snippet:-1, max-image-preview:large, max-video-preview:-1\" \/>\n<link rel=\"canonical\" href=\"https:\/\/www.driel-polen.nl\/herdenkingen\/herdenkingen-2015-2024\/2018-gedicht\/\" \/>\n<meta property=\"og:locale\" content=\"pl_PL\" \/>\n<meta property=\"og:type\" content=\"article\" \/>\n<meta property=\"og:title\" content=\"2018 Wierz - Stichting Driel-Polen\" \/>\n<meta property=\"og:description\" content=\"Pierwsza Polska \u015bmier\u0107 nad Arnhem stoj\u0119 na dr\u017c\u0105cych nogach spadochron ci\u0105\u017cy na barkach huk silnika wdziera si\u0119 we mnie bezceremonialnie przeszywaj\u0105c mi serce my\u015bla\u0142em &#8211; to dobrze \u017ce tu jestem lecz gdy czerwie\u0144 lampy dotyka mych oczu, nic ju\u017c nie &hellip;\" \/>\n<meta property=\"og:url\" content=\"https:\/\/www.driel-polen.nl\/herdenkingen\/herdenkingen-2015-2024\/2018-gedicht\/\" \/>\n<meta property=\"og:site_name\" content=\"Stichting Driel-Polen\" \/>\n<meta property=\"article:modified_time\" content=\"2021-01-12T14:06:16+00:00\" \/>\n<meta name=\"twitter:label1\" content=\"Szacowany czas czytania\" \/>\n\t<meta name=\"twitter:data1\" content=\"2 minuty\" \/>\n<script type=\"application\/ld+json\" class=\"yoast-schema-graph\">{\"@context\":\"https:\\\/\\\/schema.org\",\"@graph\":[{\"@type\":\"WebPage\",\"@id\":\"https:\\\/\\\/www.driel-polen.nl\\\/herdenkingen\\\/herdenkingen-2015-2024\\\/2018-gedicht\\\/\",\"url\":\"https:\\\/\\\/www.driel-polen.nl\\\/herdenkingen\\\/herdenkingen-2015-2024\\\/2018-gedicht\\\/\",\"name\":\"2018 Wierz - Stichting Driel-Polen\",\"isPartOf\":{\"@id\":\"https:\\\/\\\/www.driel-polen.nl\\\/nl\\\/#website\"},\"datePublished\":\"2019-06-12T10:27:47+00:00\",\"dateModified\":\"2021-01-12T14:06:16+00:00\",\"breadcrumb\":{\"@id\":\"https:\\\/\\\/www.driel-polen.nl\\\/herdenkingen\\\/herdenkingen-2015-2024\\\/2018-gedicht\\\/#breadcrumb\"},\"inLanguage\":\"pl-PL\",\"potentialAction\":[{\"@type\":\"ReadAction\",\"target\":[\"https:\\\/\\\/www.driel-polen.nl\\\/herdenkingen\\\/herdenkingen-2015-2024\\\/2018-gedicht\\\/\"]}]},{\"@type\":\"BreadcrumbList\",\"@id\":\"https:\\\/\\\/www.driel-polen.nl\\\/herdenkingen\\\/herdenkingen-2015-2024\\\/2018-gedicht\\\/#breadcrumb\",\"itemListElement\":[{\"@type\":\"ListItem\",\"position\":1,\"name\":\"Herdenkingen\",\"item\":\"https:\\\/\\\/www.driel-polen.nl\\\/herdenkingen\\\/\"},{\"@type\":\"ListItem\",\"position\":2,\"name\":\"Herdenkingen 2015-2024\",\"item\":\"https:\\\/\\\/www.driel-polen.nl\\\/herdenkingen\\\/herdenkingen-2015-2024\\\/\"},{\"@type\":\"ListItem\",\"position\":3,\"name\":\"2018 Wierz\"}]},{\"@type\":\"WebSite\",\"@id\":\"https:\\\/\\\/www.driel-polen.nl\\\/nl\\\/#website\",\"url\":\"https:\\\/\\\/www.driel-polen.nl\\\/nl\\\/\",\"name\":\"Stichting Driel-Polen\",\"description\":\"General St. Sosabowski\",\"potentialAction\":[{\"@type\":\"SearchAction\",\"target\":{\"@type\":\"EntryPoint\",\"urlTemplate\":\"https:\\\/\\\/www.driel-polen.nl\\\/nl\\\/?s={search_term_string}\"},\"query-input\":{\"@type\":\"PropertyValueSpecification\",\"valueRequired\":true,\"valueName\":\"search_term_string\"}}],\"inLanguage\":\"pl-PL\"}]}<\/script>\n<!-- \/ Yoast SEO plugin. -->","yoast_head_json":{"title":"2018 Wierz - Stichting Driel-Polen","robots":{"index":"index","follow":"follow","max-snippet":"max-snippet:-1","max-image-preview":"max-image-preview:large","max-video-preview":"max-video-preview:-1"},"canonical":"https:\/\/www.driel-polen.nl\/herdenkingen\/herdenkingen-2015-2024\/2018-gedicht\/","og_locale":"pl_PL","og_type":"article","og_title":"2018 Wierz - Stichting Driel-Polen","og_description":"Pierwsza Polska \u015bmier\u0107 nad Arnhem stoj\u0119 na dr\u017c\u0105cych nogach spadochron ci\u0105\u017cy na barkach huk silnika wdziera si\u0119 we mnie bezceremonialnie przeszywaj\u0105c mi serce my\u015bla\u0142em &#8211; to dobrze \u017ce tu jestem lecz gdy czerwie\u0144 lampy dotyka mych oczu, nic ju\u017c nie &hellip;","og_url":"https:\/\/www.driel-polen.nl\/herdenkingen\/herdenkingen-2015-2024\/2018-gedicht\/","og_site_name":"Stichting Driel-Polen","article_modified_time":"2021-01-12T14:06:16+00:00","twitter_misc":{"Szacowany czas czytania":"2 minuty"},"schema":{"@context":"https:\/\/schema.org","@graph":[{"@type":"WebPage","@id":"https:\/\/www.driel-polen.nl\/herdenkingen\/herdenkingen-2015-2024\/2018-gedicht\/","url":"https:\/\/www.driel-polen.nl\/herdenkingen\/herdenkingen-2015-2024\/2018-gedicht\/","name":"2018 Wierz - Stichting Driel-Polen","isPartOf":{"@id":"https:\/\/www.driel-polen.nl\/nl\/#website"},"datePublished":"2019-06-12T10:27:47+00:00","dateModified":"2021-01-12T14:06:16+00:00","breadcrumb":{"@id":"https:\/\/www.driel-polen.nl\/herdenkingen\/herdenkingen-2015-2024\/2018-gedicht\/#breadcrumb"},"inLanguage":"pl-PL","potentialAction":[{"@type":"ReadAction","target":["https:\/\/www.driel-polen.nl\/herdenkingen\/herdenkingen-2015-2024\/2018-gedicht\/"]}]},{"@type":"BreadcrumbList","@id":"https:\/\/www.driel-polen.nl\/herdenkingen\/herdenkingen-2015-2024\/2018-gedicht\/#breadcrumb","itemListElement":[{"@type":"ListItem","position":1,"name":"Herdenkingen","item":"https:\/\/www.driel-polen.nl\/herdenkingen\/"},{"@type":"ListItem","position":2,"name":"Herdenkingen 2015-2024","item":"https:\/\/www.driel-polen.nl\/herdenkingen\/herdenkingen-2015-2024\/"},{"@type":"ListItem","position":3,"name":"2018 Wierz"}]},{"@type":"WebSite","@id":"https:\/\/www.driel-polen.nl\/nl\/#website","url":"https:\/\/www.driel-polen.nl\/nl\/","name":"Stichting Driel-Polen","description":"General St. Sosabowski","potentialAction":[{"@type":"SearchAction","target":{"@type":"EntryPoint","urlTemplate":"https:\/\/www.driel-polen.nl\/nl\/?s={search_term_string}"},"query-input":{"@type":"PropertyValueSpecification","valueRequired":true,"valueName":"search_term_string"}}],"inLanguage":"pl-PL"}]}},"_links":{"self":[{"href":"https:\/\/www.driel-polen.nl\/pl\/wp-json\/wp\/v2\/pages\/3709","targetHints":{"allow":["GET"]}}],"collection":[{"href":"https:\/\/www.driel-polen.nl\/pl\/wp-json\/wp\/v2\/pages"}],"about":[{"href":"https:\/\/www.driel-polen.nl\/pl\/wp-json\/wp\/v2\/types\/page"}],"author":[{"embeddable":true,"href":"https:\/\/www.driel-polen.nl\/pl\/wp-json\/wp\/v2\/users\/17"}],"replies":[{"embeddable":true,"href":"https:\/\/www.driel-polen.nl\/pl\/wp-json\/wp\/v2\/comments?post=3709"}],"version-history":[{"count":4,"href":"https:\/\/www.driel-polen.nl\/pl\/wp-json\/wp\/v2\/pages\/3709\/revisions"}],"predecessor-version":[{"id":5669,"href":"https:\/\/www.driel-polen.nl\/pl\/wp-json\/wp\/v2\/pages\/3709\/revisions\/5669"}],"up":[{"embeddable":true,"href":"https:\/\/www.driel-polen.nl\/pl\/wp-json\/wp\/v2\/pages\/5633"}],"wp:attachment":[{"href":"https:\/\/www.driel-polen.nl\/pl\/wp-json\/wp\/v2\/media?parent=3709"}],"curies":[{"name":"wp","href":"https:\/\/api.w.org\/{rel}","templated":true}]}}