{"id":359,"date":"2013-12-24T14:12:46","date_gmt":"2013-12-24T13:12:46","guid":{"rendered":"http:\/\/www.driel-polen.nl\/wordpress\/?page_id=359"},"modified":"2021-01-12T19:46:08","modified_gmt":"2021-01-12T18:46:08","slug":"2012-gedicht","status":"publish","type":"page","link":"https:\/\/www.driel-polen.nl\/pl\/herdenkingen\/herdenkingen-2005-2014\/2012-gedicht\/","title":{"rendered":"2012 Recytacja wiersza"},"content":{"rendered":"<p><span style=\"font-size: large; color: #ff0000;\">Recytacja wiersza<\/span><br \/>\nWIERNO\u015a\u0106<\/p>\n<p>Odesz\u0142ym i \u017cywym spadochroniarzom<\/p>\n<p>Lat nie zgonisz. Cho\u0107 spe\u0142g\u0142y kadzid\u0142a z o\u0142tarzy<br \/>\nPami\u0119\u0107 \u017cyje \u2013 przesz\u0142o\u015bci samotny falochron,<br \/>\nKwiaty zwi\u0119dn\u0105, obeschnie s\u0142ona \u0142za na twarzy,<br \/>\nNie uwi\u0119dnie i zblaknie tak \u0142atwo spadochron.<\/p>\n<p>Ka\u017cdy \u017co\u0142nierz ma prawo do ran i do s\u0142awy,<br \/>\nPoeta snem otuli sojusz szpady z chlebem,<br \/>\nSpadochroniarz jedyny staj\u0105c do rozprawy<br \/>\nZiemi\u0119 grudn\u0105 po\u0142\u0105czy\u0142 z obiecanym niebem.<\/p>\n<p>Nie chcemy wini\u0107 los\u00f3w za ten zaw\u00f3d srogi,<br \/>\n\u017be wr\u00f3ci\u0107 nam nie dano jak ptakom z wyraju \u2013<br \/>\nRozstrzeli\u0142y si\u0119 szlaki, a z najkr\u00f3tszej drogi<br \/>\nZcich\u0142o echo: by\u015bcie walcz\u0105c pierwsi byli w kraju.<\/p>\n<p>\u0106ier\u0107wiecze. Cho\u0107 historia szarf blichtru si\u0119 boi<br \/>\nPielgrzymka jak co roku wspomnienia przyzywa,<br \/>\nW Arnhem r\u0119ka dzieci\u0119ca zn\u00f3w groby przystroi,<br \/>\nKwiecie z tej d\u0142oni ma\u0142ej niby \u0142aska sp\u0142ywa.<\/p>\n<p>Gdy si\u0119 wrze\u015bnie i blaski na przesz\u0142o\u015b\u0107 pok\u0142ad\u0105,<br \/>\nGdy nacichnie matczyne westchnienie i m\u0119ka \u2013<br \/>\nMy si\u0119 zawsze skrzykniemy t\u0105 swoj\u0105 brygad\u0105 ,<br \/>\nPrzy sztandarze z Warszawy, przed kt\u00f3rym si\u0119 kl\u0119ka.<br \/>\nTadeusz S.Roy-Rojewski<\/p>","protected":false},"excerpt":{"rendered":"<p>Recytacja wiersza WIERNO\u015a\u0106 Odesz\u0142ym i \u017cywym spadochroniarzom Lat nie zgonisz. Cho\u0107 spe\u0142g\u0142y kadzid\u0142a z o\u0142tarzy Pami\u0119\u0107 \u017cyje \u2013 przesz\u0142o\u015bci samotny falochron, Kwiaty zwi\u0119dn\u0105, obeschnie s\u0142ona \u0142za na twarzy, Nie uwi\u0119dnie i zblaknie tak \u0142atwo spadochron. Ka\u017cdy \u017co\u0142nierz ma prawo do <span class=\"excerpt-dots\">&hellip;<\/span> <a class=\"more-link\" href=\"https:\/\/www.driel-polen.nl\/pl\/herdenkingen\/herdenkingen-2005-2014\/2012-gedicht\/\"><span class=\"more-msg\"><img decoding=\"async\" src=\"https:\/\/www.driel-polen.nl\/downloads\/lees-meer3.jpg\"><\/p>\n<hr class=\"wvrx-expand-full\" style=\"margin:0\"><\/span><\/a><\/p>\n","protected":false},"author":17,"featured_media":0,"parent":5637,"menu_order":4,"comment_status":"closed","ping_status":"open","template":"","meta":{"_monsterinsights_skip_tracking":false,"_monsterinsights_sitenote_active":false,"_monsterinsights_sitenote_note":"","_monsterinsights_sitenote_category":0,"ngg_post_thumbnail":0,"footnotes":""},"class_list":["post-359","page","type-page","status-publish","hentry"],"yoast_head":"<!-- This site is optimized with the Yoast SEO plugin v27.4 - https:\/\/yoast.com\/product\/yoast-seo-wordpress\/ -->\n<title>2012 Recytacja wiersza - Stichting Driel-Polen<\/title>\n<meta name=\"robots\" content=\"index, follow, max-snippet:-1, max-image-preview:large, max-video-preview:-1\" \/>\n<link rel=\"canonical\" href=\"https:\/\/www.driel-polen.nl\/herdenkingen\/herdenkingen-2005-2014\/2012-gedicht\/\" \/>\n<meta property=\"og:locale\" content=\"pl_PL\" \/>\n<meta property=\"og:type\" content=\"article\" \/>\n<meta property=\"og:title\" content=\"2012 Recytacja wiersza - Stichting Driel-Polen\" \/>\n<meta property=\"og:description\" content=\"Recytacja wiersza WIERNO\u015a\u0106 Odesz\u0142ym i \u017cywym spadochroniarzom Lat nie zgonisz. Cho\u0107 spe\u0142g\u0142y kadzid\u0142a z o\u0142tarzy Pami\u0119\u0107 \u017cyje \u2013 przesz\u0142o\u015bci samotny falochron, Kwiaty zwi\u0119dn\u0105, obeschnie s\u0142ona \u0142za na twarzy, Nie uwi\u0119dnie i zblaknie tak \u0142atwo spadochron. Ka\u017cdy \u017co\u0142nierz ma prawo do &hellip;\" \/>\n<meta property=\"og:url\" content=\"https:\/\/www.driel-polen.nl\/herdenkingen\/herdenkingen-2005-2014\/2012-gedicht\/\" \/>\n<meta property=\"og:site_name\" content=\"Stichting Driel-Polen\" \/>\n<meta property=\"article:modified_time\" content=\"2021-01-12T18:46:08+00:00\" \/>\n<meta name=\"twitter:label1\" content=\"Szacowany czas czytania\" \/>\n\t<meta name=\"twitter:data1\" content=\"3 minuty\" \/>\n<script type=\"application\/ld+json\" class=\"yoast-schema-graph\">{\"@context\":\"https:\\\/\\\/schema.org\",\"@graph\":[{\"@type\":\"WebPage\",\"@id\":\"https:\\\/\\\/www.driel-polen.nl\\\/herdenkingen\\\/herdenkingen-2005-2014\\\/2012-gedicht\\\/\",\"url\":\"https:\\\/\\\/www.driel-polen.nl\\\/herdenkingen\\\/herdenkingen-2005-2014\\\/2012-gedicht\\\/\",\"name\":\"2012 Recytacja wiersza - Stichting Driel-Polen\",\"isPartOf\":{\"@id\":\"https:\\\/\\\/www.driel-polen.nl\\\/nl\\\/#website\"},\"datePublished\":\"2013-12-24T13:12:46+00:00\",\"dateModified\":\"2021-01-12T18:46:08+00:00\",\"breadcrumb\":{\"@id\":\"https:\\\/\\\/www.driel-polen.nl\\\/herdenkingen\\\/herdenkingen-2005-2014\\\/2012-gedicht\\\/#breadcrumb\"},\"inLanguage\":\"pl-PL\",\"potentialAction\":[{\"@type\":\"ReadAction\",\"target\":[\"https:\\\/\\\/www.driel-polen.nl\\\/herdenkingen\\\/herdenkingen-2005-2014\\\/2012-gedicht\\\/\"]}]},{\"@type\":\"BreadcrumbList\",\"@id\":\"https:\\\/\\\/www.driel-polen.nl\\\/herdenkingen\\\/herdenkingen-2005-2014\\\/2012-gedicht\\\/#breadcrumb\",\"itemListElement\":[{\"@type\":\"ListItem\",\"position\":1,\"name\":\"Herdenkingen\",\"item\":\"https:\\\/\\\/www.driel-polen.nl\\\/herdenkingen\\\/\"},{\"@type\":\"ListItem\",\"position\":2,\"name\":\"Herdenkingen 2005-2014\",\"item\":\"https:\\\/\\\/www.driel-polen.nl\\\/herdenkingen\\\/herdenkingen-2005-2014\\\/\"},{\"@type\":\"ListItem\",\"position\":3,\"name\":\"2012 Recytacja wiersza\"}]},{\"@type\":\"WebSite\",\"@id\":\"https:\\\/\\\/www.driel-polen.nl\\\/nl\\\/#website\",\"url\":\"https:\\\/\\\/www.driel-polen.nl\\\/nl\\\/\",\"name\":\"Stichting Driel-Polen\",\"description\":\"General St. Sosabowski\",\"potentialAction\":[{\"@type\":\"SearchAction\",\"target\":{\"@type\":\"EntryPoint\",\"urlTemplate\":\"https:\\\/\\\/www.driel-polen.nl\\\/nl\\\/?s={search_term_string}\"},\"query-input\":{\"@type\":\"PropertyValueSpecification\",\"valueRequired\":true,\"valueName\":\"search_term_string\"}}],\"inLanguage\":\"pl-PL\"}]}<\/script>\n<!-- \/ Yoast SEO plugin. -->","yoast_head_json":{"title":"2012 Recytacja wiersza - Stichting Driel-Polen","robots":{"index":"index","follow":"follow","max-snippet":"max-snippet:-1","max-image-preview":"max-image-preview:large","max-video-preview":"max-video-preview:-1"},"canonical":"https:\/\/www.driel-polen.nl\/herdenkingen\/herdenkingen-2005-2014\/2012-gedicht\/","og_locale":"pl_PL","og_type":"article","og_title":"2012 Recytacja wiersza - Stichting Driel-Polen","og_description":"Recytacja wiersza WIERNO\u015a\u0106 Odesz\u0142ym i \u017cywym spadochroniarzom Lat nie zgonisz. Cho\u0107 spe\u0142g\u0142y kadzid\u0142a z o\u0142tarzy Pami\u0119\u0107 \u017cyje \u2013 przesz\u0142o\u015bci samotny falochron, Kwiaty zwi\u0119dn\u0105, obeschnie s\u0142ona \u0142za na twarzy, Nie uwi\u0119dnie i zblaknie tak \u0142atwo spadochron. Ka\u017cdy \u017co\u0142nierz ma prawo do &hellip;","og_url":"https:\/\/www.driel-polen.nl\/herdenkingen\/herdenkingen-2005-2014\/2012-gedicht\/","og_site_name":"Stichting Driel-Polen","article_modified_time":"2021-01-12T18:46:08+00:00","twitter_misc":{"Szacowany czas czytania":"3 minuty"},"schema":{"@context":"https:\/\/schema.org","@graph":[{"@type":"WebPage","@id":"https:\/\/www.driel-polen.nl\/herdenkingen\/herdenkingen-2005-2014\/2012-gedicht\/","url":"https:\/\/www.driel-polen.nl\/herdenkingen\/herdenkingen-2005-2014\/2012-gedicht\/","name":"2012 Recytacja wiersza - Stichting Driel-Polen","isPartOf":{"@id":"https:\/\/www.driel-polen.nl\/nl\/#website"},"datePublished":"2013-12-24T13:12:46+00:00","dateModified":"2021-01-12T18:46:08+00:00","breadcrumb":{"@id":"https:\/\/www.driel-polen.nl\/herdenkingen\/herdenkingen-2005-2014\/2012-gedicht\/#breadcrumb"},"inLanguage":"pl-PL","potentialAction":[{"@type":"ReadAction","target":["https:\/\/www.driel-polen.nl\/herdenkingen\/herdenkingen-2005-2014\/2012-gedicht\/"]}]},{"@type":"BreadcrumbList","@id":"https:\/\/www.driel-polen.nl\/herdenkingen\/herdenkingen-2005-2014\/2012-gedicht\/#breadcrumb","itemListElement":[{"@type":"ListItem","position":1,"name":"Herdenkingen","item":"https:\/\/www.driel-polen.nl\/herdenkingen\/"},{"@type":"ListItem","position":2,"name":"Herdenkingen 2005-2014","item":"https:\/\/www.driel-polen.nl\/herdenkingen\/herdenkingen-2005-2014\/"},{"@type":"ListItem","position":3,"name":"2012 Recytacja wiersza"}]},{"@type":"WebSite","@id":"https:\/\/www.driel-polen.nl\/nl\/#website","url":"https:\/\/www.driel-polen.nl\/nl\/","name":"Stichting Driel-Polen","description":"General St. Sosabowski","potentialAction":[{"@type":"SearchAction","target":{"@type":"EntryPoint","urlTemplate":"https:\/\/www.driel-polen.nl\/nl\/?s={search_term_string}"},"query-input":{"@type":"PropertyValueSpecification","valueRequired":true,"valueName":"search_term_string"}}],"inLanguage":"pl-PL"}]}},"_links":{"self":[{"href":"https:\/\/www.driel-polen.nl\/pl\/wp-json\/wp\/v2\/pages\/359","targetHints":{"allow":["GET"]}}],"collection":[{"href":"https:\/\/www.driel-polen.nl\/pl\/wp-json\/wp\/v2\/pages"}],"about":[{"href":"https:\/\/www.driel-polen.nl\/pl\/wp-json\/wp\/v2\/types\/page"}],"author":[{"embeddable":true,"href":"https:\/\/www.driel-polen.nl\/pl\/wp-json\/wp\/v2\/users\/17"}],"replies":[{"embeddable":true,"href":"https:\/\/www.driel-polen.nl\/pl\/wp-json\/wp\/v2\/comments?post=359"}],"version-history":[{"count":1,"href":"https:\/\/www.driel-polen.nl\/pl\/wp-json\/wp\/v2\/pages\/359\/revisions"}],"predecessor-version":[{"id":2835,"href":"https:\/\/www.driel-polen.nl\/pl\/wp-json\/wp\/v2\/pages\/359\/revisions\/2835"}],"up":[{"embeddable":true,"href":"https:\/\/www.driel-polen.nl\/pl\/wp-json\/wp\/v2\/pages\/5637"}],"wp:attachment":[{"href":"https:\/\/www.driel-polen.nl\/pl\/wp-json\/wp\/v2\/media?parent=359"}],"curies":[{"name":"wp","href":"https:\/\/api.w.org\/{rel}","templated":true}]}}