{"id":355,"date":"2013-12-24T14:08:41","date_gmt":"2013-12-24T13:08:41","guid":{"rendered":"http:\/\/www.driel-polen.nl\/wordpress\/?page_id=355"},"modified":"2023-10-24T21:13:52","modified_gmt":"2023-10-24T19:13:52","slug":"2012-voorzitter-st-driel-polen-dhr-a-baltussen","status":"publish","type":"page","link":"https:\/\/www.driel-polen.nl\/pl\/herdenkingen\/herdenkingen-2005-2014\/2012-voorzitter-st-driel-polen-dhr-a-baltussen\/","title":{"rendered":"2012 Prezes Fundacji Driel-Polen: A.J.M. Baltussen"},"content":{"rendered":"<p><span style=\"font-size: large; color: #ff0000;\">Prezes Fundacji Driel-Polen: A.J.M. Baltussen<\/span><br \/>\n<img loading=\"lazy\" decoding=\"async\" class=\"alignleft size-full wp-image-3065\" src=\"https:\/\/www.driel-polen.nl\/wordpress\/wp-content\/uploads\/2018\/10\/Fotos-toespraken-2012-ArnoBaltussen.jpg\" alt=\"\" width=\"175\" height=\"250\" \/>Panie i Panowie<\/p>\n<p>W imieniu Fundacji Driel-Polen Foundation chcia\u0142bym zaprosi\u0107 wszystkich Pa\u0144stwa na niniejsz\u0105 uroczysto\u015b\u0107, podczas kt\u00f3rej zwracamy szczeg\u00f3ln\u0105 uwag\u0119 na udzia\u0142 1.Polskiej Samodzielnej Brygady Spadochronowej w Bitwie pod Arnhem \u2013 68 lat temu.<br \/>\nSzczeg\u00f3lnie witamy<\/p>\n<p>8 polskich weteran\u00f3w, kt\u00f3rym uda\u0142o si\u0119 dotrze\u0107 do Driel z Wielkiej Brytanii, Stan\u00f3w Zjednoczonych i Holandii oraz Pana Forda, pilota, kt\u00f3ry zrzuci\u0142 kilku z weteran\u00f3w pod Driel.<br \/>\na tak\u017ce wdowy po polskich weteranach, kt\u00f3re przyby\u0142y z Polski, Anglii i Holandii.<br \/>\nWiceministra Spraw Zagranicznych Rzeczypospolitej Polskiej, Jego Ekscelencj\u0119 Pana Janusza Ciska<br \/>\nAmbasadora Rzeczypospolitej Polskiej, Jego Ekscelencj\u0119 Pana Borkowskiego i Pani\u0105 Borowsk\u0105<br \/>\nAmbasadora Wielkiej Brytanii, a tak\u017ce przedstawicieli ze Stan\u00f3w Zjednoczonych Ameryki oraz z Kanady.<br \/>\nPrzedstawiciela komisarza kr\u00f3lowej z naszej prowincji, pana Markinka.<br \/>\nPani\u0105 Burmistrz tego miasta, pani\u0105 Tuijnman.<br \/>\nPrzedstawicieli Brygady Genera\u0142a S.F. Sosabowskiego 6. Brygady Powietrznodesantowej \u2013 Maj. Ciborowski<br \/>\nPrzedstawicieli rodziny Sosabowskich, pana Jeremy&#8217;ego Sosabowskiego<br \/>\nPrzedstawiciela brytyjskich weteran\u00f3w, podpu\u0142kownika Davida Russella<br \/>\nBurmistrz\u00f3w gmin partnerskich Overbetuwe w Niemczech oraz w Polsce<br \/>\nPana Wernarda z Usingen w Niemczech<br \/>\nPana Bergmanna z Zulpich w Niemczech<br \/>\noraz z Boleszkowic w Polsce, pana Krzywickiego<\/p>\n<p>Wszystkich weteran\u00f3w brytyjskich, kt\u00f3rzy s\u0105 dzisiaj obecni.<br \/>\nPanie i Panowie, ch\u0142opcy i dziewczynki<\/p>\n<p>R\u00f3wnie\u017c serdecznie witam Pa\u0144stwa w dzisiejsze popo\u0142udnie, podczas kt\u00f3rego uwag\u0119 po\u015bwi\u0119camy udzia\u0142owi 1. Polskiej Samodzielnej Brygady Spadochronowej w Bitwie pod Arnhem 68 lat temu.<\/p>\n<p>9 maja tego roku, w dniu 120. urodzin genera\u0142a Stanis\u0142awa Franciszka Sosabowskiego, Senat Rzeczypospolitej Polskiej postanowi\u0142 og\u0142osi\u0107 wrzesie\u0144 2012 r. miesi\u0105cem upami\u0119tniaj\u0105cym.<br \/>\nNa ko\u0144cu owego postanowienia jest napisane:<br \/>\n\u201eta decyzja zosta\u0142a podj\u0119ta w celu upami\u0119tnienia jednego z najlepszych polskich dow\u00f3dc\u00f3w podczas II wojny \u015bwiatowej i uhonorowania zas\u0142ug genera\u0142a, jego \u017co\u0142nierzy z 1. Polskiej Samodzielnej Brygady Spadochronowej oraz zwi\u0105zanych z nimi Cichociemnymi spadochroniarzami. Decyzja ta stanowi tak\u017ce dow\u00f3d uznania i podzi\u0119kowania dla w\u0142adz i mieszka\u0144c\u00f3w Kr\u00f3lestwa Niderland\u00f3w za godne uczczenie genera\u0142a Sosabowskiego i jego za\u0142ogi\u201d. Koniec cytatu<\/p>\n<p>Dzisiaj zebrali\u015bmy si\u0119, aby uczci\u0107 udzia\u0142 genera\u0142a i jego Brygady podczas Bitwy pod Arnhem.<\/p>\n<p>Dziewczynki i ch\u0142opcy z ch\u00f3ru. To fantastycznie, \u017ce jeste\u015bcie ze swoj\u0105 grup\u0105 tutaj dzisiaj z nami.<br \/>\nTematem wiod\u0105cym podczas uroczysto\u015bci upami\u0119tniaj\u0105cych nasze wyzwolenie w maju tego roku by\u0142o: \u201ewolno\u015b\u0107 przekazuje si\u0119 dalej\u201d.<br \/>\nDzi\u0119ki Waszej obecno\u015bci oraz wszystkich dzieci z Driel, kt\u00f3re Was poprzedzi\u0142y od pierwszych uroczysto\u015bci w Driel w 1946 r., przyczyniamy si\u0119 do tego. \u201eWolno\u015b\u0107 przekazuje si\u0119 dalej\u201d!!!!!!!<\/p>\n<p>By\u0142em u Was w szkole, aby opowiedzie\u0107 o historii i o rocznicy. Mo\u017ce jeszcze pami\u0119tacie, \u017ce opowiada\u0142em o tym, jak Polska zosta\u0142a okupowana w 1939 r. i wiele rodzin zosta\u0142o zmuszonych do wyjazdu na dalek\u0105 p\u00f3\u0142noc Rosji. Jak przyk\u0142ad poda\u0142em Wam histori\u0119 jednego z weteran\u00f3w, kt\u00f3rzy s\u0105 tutaj dzisiaj obecni. Pokaza\u0142em Wam te\u017c jego zdj\u0119cie. W czasie uroczysto\u015bci spr\u00f3bujcie go wypatrzy\u0107 w pierwszym rz\u0119dzie po Waszej lewej stronie i przypomnijcie sobie, jak\u0105 musia\u0142 odby\u0107 podr\u00f3\u017c, aby wreszcie we wrze\u015bniu 1944 r. zosta\u0107 zrzuconym tutaj pod Driel. Podobna historia by\u0142a udzia\u0142em pozosta\u0142ych polskich weteran\u00f3w, kt\u00f3ry siedz\u0105 w tym rz\u0119dzie.<br \/>\nDla nas wszystkich, a z pewno\u015bci\u0105 dla tych weteran\u00f3w, to \u017ce za\u015bpiewacie dzisiaj po polsku 2 pie\u015bni, jest szczeg\u00f3lne. Niezwyk\u0142e jest tak\u017ce to, \u017ce towarzysz\u0105 Wam przy tym r\u00f3wie\u015bnicy z Polski.<br \/>\n\u017bycz\u0119 Wam powodzenia!<\/p>\n<p>Panie i panowie,<br \/>\nOd kilku lat m\u0142odzi ludzie z Airborne International Youth Conference deklamuj\u0105 wiersz oraz jeste\u015bmy wspomagani przez jedn\u0105 z tych os\u00f3b w odczytywaniu polskich tekst\u00f3w. Jeste\u015bmy im za to niezmiernie wdzi\u0119czni. W tym roku polskie teksty czyta Adriana Korzeniowska.<\/p>\n<p>Za chwil\u0119 ch\u00f3r m\u0142odzie\u017cowy za\u015bpiewa dla nas, przy akompaniamencie orkiestry wraz z ich r\u00f3wie\u015bnikami z Krakowa \u2013 \u201ePromykami Krakowa\u201d pie\u015b\u0144 \u201ePi\u0119kna nasza Polska ca\u0142a\u201d, co mo\u017cna t\u0142umaczy\u0107 jako \u201enasza pi\u0119kna Polska\u201d.<\/p>","protected":false},"excerpt":{"rendered":"<p>Prezes Fundacji Driel-Polen: A.J.M. Baltussen Panie i Panowie W imieniu Fundacji Driel-Polen Foundation chcia\u0142bym zaprosi\u0107 wszystkich Pa\u0144stwa na niniejsz\u0105 uroczysto\u015b\u0107, podczas kt\u00f3rej zwracamy szczeg\u00f3ln\u0105 uwag\u0119 na udzia\u0142 1.Polskiej Samodzielnej Brygady Spadochronowej w Bitwie pod Arnhem \u2013 68 lat temu. Szczeg\u00f3lnie <span class=\"excerpt-dots\">&hellip;<\/span> <a class=\"more-link\" href=\"https:\/\/www.driel-polen.nl\/pl\/herdenkingen\/herdenkingen-2005-2014\/2012-voorzitter-st-driel-polen-dhr-a-baltussen\/\"><span class=\"more-msg\"><img decoding=\"async\" src=\"https:\/\/www.driel-polen.nl\/downloads\/lees-meer3.jpg\"><\/p>\n<hr class=\"wvrx-expand-full\" style=\"margin:0\"><\/span><\/a><\/p>\n","protected":false},"author":17,"featured_media":0,"parent":5637,"menu_order":1,"comment_status":"closed","ping_status":"open","template":"","meta":{"_monsterinsights_skip_tracking":false,"_monsterinsights_sitenote_active":false,"_monsterinsights_sitenote_note":"","_monsterinsights_sitenote_category":0,"ngg_post_thumbnail":0,"footnotes":""},"class_list":["post-355","page","type-page","status-publish","hentry"],"yoast_head":"<!-- This site is optimized with the Yoast SEO plugin v27.4 - https:\/\/yoast.com\/product\/yoast-seo-wordpress\/ -->\n<title>2012 Prezes Fundacji Driel-Polen: A.J.M. Baltussen - Stichting Driel-Polen<\/title>\n<meta name=\"robots\" content=\"index, follow, max-snippet:-1, max-image-preview:large, max-video-preview:-1\" \/>\n<link rel=\"canonical\" href=\"https:\/\/www.driel-polen.nl\/herdenkingen\/herdenkingen-2005-2014\/2012-voorzitter-st-driel-polen-dhr-a-baltussen\/\" \/>\n<meta property=\"og:locale\" content=\"pl_PL\" \/>\n<meta property=\"og:type\" content=\"article\" \/>\n<meta property=\"og:title\" content=\"2012 Prezes Fundacji Driel-Polen: A.J.M. Baltussen - Stichting Driel-Polen\" \/>\n<meta property=\"og:description\" content=\"Prezes Fundacji Driel-Polen: A.J.M. Baltussen Panie i Panowie W imieniu Fundacji Driel-Polen Foundation chcia\u0142bym zaprosi\u0107 wszystkich Pa\u0144stwa na niniejsz\u0105 uroczysto\u015b\u0107, podczas kt\u00f3rej zwracamy szczeg\u00f3ln\u0105 uwag\u0119 na udzia\u0142 1.Polskiej Samodzielnej Brygady Spadochronowej w Bitwie pod Arnhem \u2013 68 lat temu. Szczeg\u00f3lnie &hellip;\" \/>\n<meta property=\"og:url\" content=\"https:\/\/www.driel-polen.nl\/herdenkingen\/herdenkingen-2005-2014\/2012-voorzitter-st-driel-polen-dhr-a-baltussen\/\" \/>\n<meta property=\"og:site_name\" content=\"Stichting Driel-Polen\" \/>\n<meta property=\"article:modified_time\" content=\"2023-10-24T19:13:52+00:00\" \/>\n<meta property=\"og:image\" content=\"https:\/\/www.driel-polen.nl\/wordpress\/wp-content\/uploads\/2018\/10\/Fotos-toespraken-2012-ArnoBaltussen.jpg\" \/>\n<meta name=\"twitter:label1\" content=\"Szacowany czas czytania\" \/>\n\t<meta name=\"twitter:data1\" content=\"4 minuty\" \/>\n<script type=\"application\/ld+json\" class=\"yoast-schema-graph\">{\"@context\":\"https:\\\/\\\/schema.org\",\"@graph\":[{\"@type\":\"WebPage\",\"@id\":\"https:\\\/\\\/www.driel-polen.nl\\\/herdenkingen\\\/herdenkingen-2005-2014\\\/2012-voorzitter-st-driel-polen-dhr-a-baltussen\\\/\",\"url\":\"https:\\\/\\\/www.driel-polen.nl\\\/herdenkingen\\\/herdenkingen-2005-2014\\\/2012-voorzitter-st-driel-polen-dhr-a-baltussen\\\/\",\"name\":\"2012 Prezes Fundacji Driel-Polen: A.J.M. Baltussen - Stichting Driel-Polen\",\"isPartOf\":{\"@id\":\"https:\\\/\\\/www.driel-polen.nl\\\/nl\\\/#website\"},\"primaryImageOfPage\":{\"@id\":\"https:\\\/\\\/www.driel-polen.nl\\\/herdenkingen\\\/herdenkingen-2005-2014\\\/2012-voorzitter-st-driel-polen-dhr-a-baltussen\\\/#primaryimage\"},\"image\":{\"@id\":\"https:\\\/\\\/www.driel-polen.nl\\\/herdenkingen\\\/herdenkingen-2005-2014\\\/2012-voorzitter-st-driel-polen-dhr-a-baltussen\\\/#primaryimage\"},\"thumbnailUrl\":\"https:\\\/\\\/www.driel-polen.nl\\\/wordpress\\\/wp-content\\\/uploads\\\/2018\\\/10\\\/Fotos-toespraken-2012-ArnoBaltussen.jpg\",\"datePublished\":\"2013-12-24T13:08:41+00:00\",\"dateModified\":\"2023-10-24T19:13:52+00:00\",\"breadcrumb\":{\"@id\":\"https:\\\/\\\/www.driel-polen.nl\\\/herdenkingen\\\/herdenkingen-2005-2014\\\/2012-voorzitter-st-driel-polen-dhr-a-baltussen\\\/#breadcrumb\"},\"inLanguage\":\"pl-PL\",\"potentialAction\":[{\"@type\":\"ReadAction\",\"target\":[\"https:\\\/\\\/www.driel-polen.nl\\\/herdenkingen\\\/herdenkingen-2005-2014\\\/2012-voorzitter-st-driel-polen-dhr-a-baltussen\\\/\"]}]},{\"@type\":\"ImageObject\",\"inLanguage\":\"pl-PL\",\"@id\":\"https:\\\/\\\/www.driel-polen.nl\\\/herdenkingen\\\/herdenkingen-2005-2014\\\/2012-voorzitter-st-driel-polen-dhr-a-baltussen\\\/#primaryimage\",\"url\":\"https:\\\/\\\/www.driel-polen.nl\\\/wordpress\\\/wp-content\\\/uploads\\\/2018\\\/10\\\/Fotos-toespraken-2012-ArnoBaltussen.jpg\",\"contentUrl\":\"https:\\\/\\\/www.driel-polen.nl\\\/wordpress\\\/wp-content\\\/uploads\\\/2018\\\/10\\\/Fotos-toespraken-2012-ArnoBaltussen.jpg\"},{\"@type\":\"BreadcrumbList\",\"@id\":\"https:\\\/\\\/www.driel-polen.nl\\\/herdenkingen\\\/herdenkingen-2005-2014\\\/2012-voorzitter-st-driel-polen-dhr-a-baltussen\\\/#breadcrumb\",\"itemListElement\":[{\"@type\":\"ListItem\",\"position\":1,\"name\":\"Herdenkingen\",\"item\":\"https:\\\/\\\/www.driel-polen.nl\\\/herdenkingen\\\/\"},{\"@type\":\"ListItem\",\"position\":2,\"name\":\"Herdenkingen 2005-2014\",\"item\":\"https:\\\/\\\/www.driel-polen.nl\\\/herdenkingen\\\/herdenkingen-2005-2014\\\/\"},{\"@type\":\"ListItem\",\"position\":3,\"name\":\"2012 Voorzitter St. Driel-Polen, dhr. A.J.M. Baltussen\"}]},{\"@type\":\"WebSite\",\"@id\":\"https:\\\/\\\/www.driel-polen.nl\\\/nl\\\/#website\",\"url\":\"https:\\\/\\\/www.driel-polen.nl\\\/nl\\\/\",\"name\":\"Stichting Driel-Polen\",\"description\":\"General St. Sosabowski\",\"potentialAction\":[{\"@type\":\"SearchAction\",\"target\":{\"@type\":\"EntryPoint\",\"urlTemplate\":\"https:\\\/\\\/www.driel-polen.nl\\\/nl\\\/?s={search_term_string}\"},\"query-input\":{\"@type\":\"PropertyValueSpecification\",\"valueRequired\":true,\"valueName\":\"search_term_string\"}}],\"inLanguage\":\"pl-PL\"}]}<\/script>\n<!-- \/ Yoast SEO plugin. -->","yoast_head_json":{"title":"2012 Prezes Fundacji Driel-Polen: A.J.M. Baltussen - Stichting Driel-Polen","robots":{"index":"index","follow":"follow","max-snippet":"max-snippet:-1","max-image-preview":"max-image-preview:large","max-video-preview":"max-video-preview:-1"},"canonical":"https:\/\/www.driel-polen.nl\/herdenkingen\/herdenkingen-2005-2014\/2012-voorzitter-st-driel-polen-dhr-a-baltussen\/","og_locale":"pl_PL","og_type":"article","og_title":"2012 Prezes Fundacji Driel-Polen: A.J.M. Baltussen - Stichting Driel-Polen","og_description":"Prezes Fundacji Driel-Polen: A.J.M. Baltussen Panie i Panowie W imieniu Fundacji Driel-Polen Foundation chcia\u0142bym zaprosi\u0107 wszystkich Pa\u0144stwa na niniejsz\u0105 uroczysto\u015b\u0107, podczas kt\u00f3rej zwracamy szczeg\u00f3ln\u0105 uwag\u0119 na udzia\u0142 1.Polskiej Samodzielnej Brygady Spadochronowej w Bitwie pod Arnhem \u2013 68 lat temu. Szczeg\u00f3lnie &hellip;","og_url":"https:\/\/www.driel-polen.nl\/herdenkingen\/herdenkingen-2005-2014\/2012-voorzitter-st-driel-polen-dhr-a-baltussen\/","og_site_name":"Stichting Driel-Polen","article_modified_time":"2023-10-24T19:13:52+00:00","og_image":[{"url":"https:\/\/www.driel-polen.nl\/wordpress\/wp-content\/uploads\/2018\/10\/Fotos-toespraken-2012-ArnoBaltussen.jpg","type":"","width":"","height":""}],"twitter_misc":{"Szacowany czas czytania":"4 minuty"},"schema":{"@context":"https:\/\/schema.org","@graph":[{"@type":"WebPage","@id":"https:\/\/www.driel-polen.nl\/herdenkingen\/herdenkingen-2005-2014\/2012-voorzitter-st-driel-polen-dhr-a-baltussen\/","url":"https:\/\/www.driel-polen.nl\/herdenkingen\/herdenkingen-2005-2014\/2012-voorzitter-st-driel-polen-dhr-a-baltussen\/","name":"2012 Prezes Fundacji Driel-Polen: A.J.M. Baltussen - Stichting Driel-Polen","isPartOf":{"@id":"https:\/\/www.driel-polen.nl\/nl\/#website"},"primaryImageOfPage":{"@id":"https:\/\/www.driel-polen.nl\/herdenkingen\/herdenkingen-2005-2014\/2012-voorzitter-st-driel-polen-dhr-a-baltussen\/#primaryimage"},"image":{"@id":"https:\/\/www.driel-polen.nl\/herdenkingen\/herdenkingen-2005-2014\/2012-voorzitter-st-driel-polen-dhr-a-baltussen\/#primaryimage"},"thumbnailUrl":"https:\/\/www.driel-polen.nl\/wordpress\/wp-content\/uploads\/2018\/10\/Fotos-toespraken-2012-ArnoBaltussen.jpg","datePublished":"2013-12-24T13:08:41+00:00","dateModified":"2023-10-24T19:13:52+00:00","breadcrumb":{"@id":"https:\/\/www.driel-polen.nl\/herdenkingen\/herdenkingen-2005-2014\/2012-voorzitter-st-driel-polen-dhr-a-baltussen\/#breadcrumb"},"inLanguage":"pl-PL","potentialAction":[{"@type":"ReadAction","target":["https:\/\/www.driel-polen.nl\/herdenkingen\/herdenkingen-2005-2014\/2012-voorzitter-st-driel-polen-dhr-a-baltussen\/"]}]},{"@type":"ImageObject","inLanguage":"pl-PL","@id":"https:\/\/www.driel-polen.nl\/herdenkingen\/herdenkingen-2005-2014\/2012-voorzitter-st-driel-polen-dhr-a-baltussen\/#primaryimage","url":"https:\/\/www.driel-polen.nl\/wordpress\/wp-content\/uploads\/2018\/10\/Fotos-toespraken-2012-ArnoBaltussen.jpg","contentUrl":"https:\/\/www.driel-polen.nl\/wordpress\/wp-content\/uploads\/2018\/10\/Fotos-toespraken-2012-ArnoBaltussen.jpg"},{"@type":"BreadcrumbList","@id":"https:\/\/www.driel-polen.nl\/herdenkingen\/herdenkingen-2005-2014\/2012-voorzitter-st-driel-polen-dhr-a-baltussen\/#breadcrumb","itemListElement":[{"@type":"ListItem","position":1,"name":"Herdenkingen","item":"https:\/\/www.driel-polen.nl\/herdenkingen\/"},{"@type":"ListItem","position":2,"name":"Herdenkingen 2005-2014","item":"https:\/\/www.driel-polen.nl\/herdenkingen\/herdenkingen-2005-2014\/"},{"@type":"ListItem","position":3,"name":"2012 Voorzitter St. Driel-Polen, dhr. A.J.M. Baltussen"}]},{"@type":"WebSite","@id":"https:\/\/www.driel-polen.nl\/nl\/#website","url":"https:\/\/www.driel-polen.nl\/nl\/","name":"Stichting Driel-Polen","description":"General St. Sosabowski","potentialAction":[{"@type":"SearchAction","target":{"@type":"EntryPoint","urlTemplate":"https:\/\/www.driel-polen.nl\/nl\/?s={search_term_string}"},"query-input":{"@type":"PropertyValueSpecification","valueRequired":true,"valueName":"search_term_string"}}],"inLanguage":"pl-PL"}]}},"_links":{"self":[{"href":"https:\/\/www.driel-polen.nl\/pl\/wp-json\/wp\/v2\/pages\/355","targetHints":{"allow":["GET"]}}],"collection":[{"href":"https:\/\/www.driel-polen.nl\/pl\/wp-json\/wp\/v2\/pages"}],"about":[{"href":"https:\/\/www.driel-polen.nl\/pl\/wp-json\/wp\/v2\/types\/page"}],"author":[{"embeddable":true,"href":"https:\/\/www.driel-polen.nl\/pl\/wp-json\/wp\/v2\/users\/17"}],"replies":[{"embeddable":true,"href":"https:\/\/www.driel-polen.nl\/pl\/wp-json\/wp\/v2\/comments?post=355"}],"version-history":[{"count":5,"href":"https:\/\/www.driel-polen.nl\/pl\/wp-json\/wp\/v2\/pages\/355\/revisions"}],"predecessor-version":[{"id":8027,"href":"https:\/\/www.driel-polen.nl\/pl\/wp-json\/wp\/v2\/pages\/355\/revisions\/8027"}],"up":[{"embeddable":true,"href":"https:\/\/www.driel-polen.nl\/pl\/wp-json\/wp\/v2\/pages\/5637"}],"wp:attachment":[{"href":"https:\/\/www.driel-polen.nl\/pl\/wp-json\/wp\/v2\/media?parent=355"}],"curies":[{"name":"wp","href":"https:\/\/api.w.org\/{rel}","templated":true}]}}