{"id":3511,"date":"2018-11-13T10:54:12","date_gmt":"2018-11-13T09:54:12","guid":{"rendered":"https:\/\/www.driel-polen.nl\/?page_id=3511"},"modified":"2021-01-12T14:46:35","modified_gmt":"2021-01-12T13:46:35","slug":"2018-ambassadeur-van-polen-prof-marcin-czepelak","status":"publish","type":"page","link":"https:\/\/www.driel-polen.nl\/pl\/herdenkingen\/herdenkingen-2015-2024\/2018-ambassadeur-van-polen-prof-marcin-czepelak\/","title":{"rendered":"2018 Ambassadeur van Polen, Prof. Marcin Czepelak"},"content":{"rendered":"<p><\/p>\n<h4 style=\"text-align: center;\">Przem\u00f3wienie Ambasadora Rzeczypospolitej Polskiej w Kr\u00f3lestwie Niderland\u00f3w,<br \/>\nPana professor Marcina Czepelaka,<br \/>\npodczas uroczysto\u015bci upami\u0119tniaj\u0105cych udzia\u0142 1 Samodzielnej Brygady padochronowej<br \/>\nw operacji Market Garden, 74 lat temu<br \/>\nDriel, 22 wrze\u015bnia 2018 roku<\/h4>\n<p><em><strong>Szanowny Panie Burmistrzu,<\/strong><\/em><br \/>\n<em><strong>Ekscelencje,<\/strong><\/em><br \/>\n<em><strong>Szanowni Pa\u0144stwo,<\/strong><\/em><br \/>\n<em><strong>Drodzy holenderscy Przyjaciele,<\/strong><\/em><br \/>\nPami\u0119tam, jak przyjecha\u0142em do Driel rok temu \u2013 na samym pocz\u0105tku mojej misji dyplomatycznej w Kr\u00f3lestwie Niderland\u00f3w. Dobrze zapami\u0119ta\u0142em ten dzie\u0144. Przez ten rok poznawa\u0142em Was i Wasz\u0105 Ojczyzn\u0119. I musz\u0119 przyzna\u0107, \u017ce nie przestajecie mnie zaskakiwa\u0107.<\/p>\n<p>By\u0142em bardzo zaskoczony, kiedy w ubieg\u0142ym tygodniu uda\u0142em si\u0119 na spotkanie z Anthony Beevorem \u2013 autorem ksi\u0105\u017cki \u201eBitwa o Arnhem\u201d. W pi\u0105tek wiecz\u00f3r sala Hartenstein Aiborne Museum w Oosterbeek by\u0142a pe\u0142na. Zastanawia\u0142em si\u0119, co pragmatyczni Holendrzy robi\u0105 w pi\u0105tek wiecz\u00f3r na takim spotkaniu. Dlaczego nie wybrali pubu, w kt\u00f3rym podaj\u0105 dobre piwo, krokiety i bitterballs?<\/p>\n<p>S\u0142uchaj\u0105c pyta\u0144 by\u0142em jeszcze bardziej zdziwiony \u2013 wszyscy znali histori\u0119 bitwy o Arnhem, jakby byli zawodowymi historykami. Wielu pyta\u0142o o polskich \u017co\u0142nierzy i genera\u0142a Sosabowskiego. Ale to jeszcze nie koniec.<\/p>\n<p>Po spotkaniu podesz\u0142a do mnie pewna m\u0142oda kobieta i powiedzia\u0142a: \u201ePanie Ambasadorze, my nigdy nie zapomnimy o Polakach.\u201d. A kiedy m\u00f3wi\u0142a, w jej oczach widzia\u0142em wzruszenie.<\/p>\n<p>Zada\u0142em sobie pytanie: co si\u0119 tutaj sta\u0142o, \u017ce 74 lata po operacji wojskowej, kt\u00f3ra zako\u0144czy\u0142a si\u0119 ca\u0142kowit\u0105 kl\u0119sk\u0105, i kt\u00f3ra kosztowa\u0142a \u017cycie prawie 2000 tysi\u0119cy alianckich \u017co\u0142nierzy oraz oko\u0142o 500 Holendr\u00f3w, pozosta\u0142a pami\u0119\u0107 o Polakach? Jakie by\u0142o to zaskakuj\u0105ce spotkanie Polak\u00f3w i Holendr\u00f3w? Kim byli ci polscy \u017co\u0142nierze, \u017ce Wy \u2013 drodzy holenderscy Przyjaciele jeszcze o nich pami\u0119tacie?<\/p>\n<p>Pomy\u015bla\u0142em wtedy o dow\u00f3dcy polskich spadochroniarzy \u2013 generale Stanis\u0142awie Sosabowskim. To on by\u0142 tw\u00f3rc\u0105 Pierwszej Polskiej Samodzielnej Brygady Spadochronowej. To on ukszta\u0142towa\u0142 jej \u017co\u0142nierzy a jego charakter ukszta\u0142towa\u0142 charakter ca\u0142ej Brygady.<\/p>\n<p>Wiemy, \u017ce podstawowe cechy charakteru wyrabiaj\u0105 si\u0119 w dzieci\u0144stwie. Dzieci\u0144stwo Sosabowskiego nie by\u0142o \u0142atwe. Wcze\u015bnie straci\u0142 ojca. Mia\u0142 wtedy jedena\u015bcie lat; jego brat \u2013 siedem, siostra \u2013 cztery. Jak sam napisa\u0142: \u201e\u015amier\u0107 ojca sta\u0142a si\u0119 przyczyn\u0105 mojej przedwczesnej dojrza\u0142o\u015bci. Utraci\u0142em beztrosk\u0119 i rado\u015b\u0107 dzieci\u0144stwa i m\u0142odo\u015bci. Pensja wdowia matki nie wystarcza\u0142a na nasze potrzeby\u201d. Rzeczywi\u015bcie Stanis\u0142aw by\u0142 biedny jak mysz ko\u015bcielna. Nie mia\u0142 nawet p\u0142aszcza i w zimie po prostu bieg\u0142 do szko\u0142y, gdzie dalej trz\u0105s\u0142 si\u0119 z zimna. Pom\u00f3g\u0142 mu ksi\u0105dz, kt\u00f3ry by\u0142 jednym z nauczycieli. Dzi\u0119ki niemu Sosabowski dosta\u0142 p\u0142aszcz i zacz\u0105\u0142 zarabia\u0107 udzielaj\u0105c lekcji matematyki i francuskiego. Zarobione pieni\u0105dze oddawa\u0142 matce.<\/p>\n<p>Ju\u017c wtedy Sosabowski by\u0142 twardy i nieust\u0119pliwy. Przyda\u0142o mu si\u0119 to, kiedy sta\u0142 si\u0119 dow\u00f3dc\u0105 polskiego wojska. Wierzcie mi, polscy \u017co\u0142nierze to nie anio\u0142ki. Ale wytrwa\u0142o\u015b\u0107 pomog\u0142a mu przezwyci\u0119\u017cy\u0107 du\u017co wi\u0119ksze wyzwania, jakich los mu nie szcz\u0119dzi\u0142.<\/p>\n<p>Stanis\u0142aw Sosabowski urodzi\u0142 si\u0119 w 1892 r. w Stanis\u0142awowie. By\u0142o to polskie miasto \u2013 twierdza, kt\u00f3ra broni\u0142a Polski przed Tatarami i Turkami. Dzi\u015b jest na Ukrainie. Wtedy \u2013 w 1892 r. Stanis\u0142aw\u00f3w by\u0142 okupowany przez Austri\u0119 a Sosabowski zosta\u0142 wcielony do austriackiej armii. Walczy\u0142 m\u0119\u017cnie. Po roku walk z 250 \u017co\u0142nierzy, kt\u00f3rzy z Sosabowskim wyruszyli na front prze\u017cy\u0142o trzech. On sam zosta\u0142 ci\u0119\u017cko ranny w kolano z pora\u017ceniem nerwu. Nie m\u00f3g\u0142 chodzi\u0107. \u015alub bra\u0142 wspieraj\u0105c si\u0119 na kulach. Czy kto\u015b by wtedy uwierzy\u0142, \u017ce to w\u0142a\u015bnie on w wieku 52-lat b\u0119dzie skaka\u0142 ze spadochronem?<\/p>\n<p>A jednak by\u0142 moment w \u017cyciu genera\u0142a Sosabowskiego, w kt\u00f3rym si\u0119 za\u0142ama\u0142. W wypadku zgin\u0105\u0142 jego m\u0142odszy syn Jacek. Wcze\u015bniej wypadkowi uleg\u0142 jego tak\u017ce starszy syn \u2013 nosz\u0105cy to samo imi\u0119 co ojciec \u2013 Stanis\u0142aw. W tym wypadku utraci\u0142 lewe oko. Ten syn genera\u0142a zosta\u0142 lekarzem i \u017co\u0142nierzem polskiej podziemnej Armii Krajowej. 1\u00a0sierpnia 1944 r. \u2013 czyli w pierwszym dniu powstania warszawskiego m\u0142ody porucznik Sosabowski dowodzi\u0142 oddzia\u0142em, kt\u00f3ry uwolni\u0142 z wi\u0119zienia SS 50 \u017byd\u00f3w. Niestety, wkr\u00f3tce potem zosta\u0142 ci\u0119\u017cko ranny i straci\u0142 wzrok tak\u017ce w prawym oku. Wkr\u00f3tce potem jego ojciec \u2013 Genera\u0142 Sosabowski wyl\u0105dowa\u0142 w Driel.<\/p>\n<p>Bior\u0105c pod uwag\u0119 wszystkie ciosy, jakich genera\u0142owi nie szcz\u0119dzi\u0142 los, zdumiewa mnie jego wiara w cz\u0142owieka. To prawda, \u017ce by\u0142 wymagaj\u0105cy, ale nie by\u0142 despot\u0105. Liczy\u0142 na ambicj\u0119 swoich \u017co\u0142nierzy, umia\u0142 ich motywowa\u0107 i kszta\u0142towa\u0107 ich charaktery. Taki by\u0142 zawsze \u2013 kiedy uciek\u0142 spod okupacji niemieckiej i rosyjskiej na W\u0119gry, nast\u0119pnie do Francji, kt\u00f3ra wkr\u00f3tce skapitulowa\u0142a a stamt\u0105d do Wielkiej Brytanii.<\/p>\n<p>Gdziekolwiek si\u0119 pojawia\u0142 genera\u0142 Sosabowski pokazywa\u0142 wytrzyma\u0142o\u015b\u0107, wiar\u0119 w cz\u0142owieka i\u00a0g\u0142ow\u0119 otwart\u0105 na nowe pomys\u0142y. Pomaga\u0142o mu jeszcze i to, \u017ce kocha\u0142 sport.<\/p>\n<p>Kiedy w 1940 r. w Szkocji jego \u017co\u0142nierzy zasta\u0142a surowa zima \u2013 zamiast si\u0119 martwi\u0107, zorganizowa\u0142 dla nich kurs narciarski. Sam by\u0142 instruktorem narciarskim. Nie ma nart? To nie problem! Sosabowski po\u017cyczy\u0142 je od norweskich koleg\u00f3w-\u017co\u0142nierzy. I ka\u017cdy polski oficer wyje\u017cd\u017ca\u0142 na 2 tygodniowy kurs narciarski, wracaj\u0105c opalony i w znakomitej kondycji fizycznej \u2013 mimo, \u017ce \u2013 jak wspomina Genera\u0142 Sosabowski \u2013 niekt\u00f3rzy byli ju\u017c po 40. To akurat jest bardzo wa\u017cne dla mnie, w\u0142a\u015bnie sko\u0144czy\u0142em 40 lat.<\/p>\n<p>I kiedy nikt nie wiedzia\u0142, co zrobi\u0107 z jego \u017co\u0142nierzami on pewnego wieczora wpad\u0142 na pomys\u0142 \u2013 skoro mog\u0105 by\u0107 kursy narciarskie, mog\u0105 by\u0107 te\u017c spadochronowe.<\/p>\n<p>Ju\u017c wiecie co si\u0119 sta\u0142o dalej. Jak by\u0142o w Driel, jak by\u0142o w Arnhem i jak zosta\u0142 oskar\u017cony. Za swoj\u0105 s\u0142u\u017cb\u0119 nie dosta\u0142 nawet prawa do emerytury i pracowa\u0142 praktycznie a\u017c do \u015bmierci jako zwyk\u0142y magazynier. Zosta\u0142 bez pomocy, bez stopnia generalskiego, bez pieni\u0119dzy. I bez s\u0142owa skargi.<\/p>\n<p>Pomy\u015blmy teraz o generale Sosabowskim \u2013 o jego odwadze, wytrwa\u0142o\u015bci, oddaniu ojczy\u017anie, po\u015bwi\u0119ceniu i poczuciu niezale\u017cno\u015bci. Te wszystkie warto\u015bci przekazywa\u0142 swoim \u017co\u0142nierzom \u2013 tym kt\u00f3rzy wyl\u0105dowali tu 74 lata temu.<\/p>\n<p>Kiedy dzi\u015b wielu polityk\u00f3w m\u00f3wi dzi\u015b o Europie warto\u015bci, my\u015bl\u0119, \u017ce najlepiej warto\u015bci pokazuje ten, kto nimi napraw\u0119 \u017cyje. Tych warto\u015bci nie trzeba wymy\u015bla\u0107 na nowo. Mo\u017cna je zobaczy\u0107 tutaj. Wystarczy troch\u0119 wyobra\u017ani. Wystarczy zamkn\u0105\u0107 oczy i zobaczy\u0107 na wrze\u015bniowym niebie czasze spadochron\u00f3w. Spr\u00f3bujecie\u2026<\/p>\n<p>&nbsp;<\/p>","protected":false},"excerpt":{"rendered":"<p>Przem\u00f3wienie Ambasadora Rzeczypospolitej Polskiej w Kr\u00f3lestwie Niderland\u00f3w, Pana professor Marcina Czepelaka, podczas uroczysto\u015bci upami\u0119tniaj\u0105cych udzia\u0142 1 Samodzielnej Brygady padochronowej w operacji Market Garden, 74 lat temu Driel, 22 wrze\u015bnia 2018 roku Szanowny Panie Burmistrzu, Ekscelencje, Szanowni Pa\u0144stwo, Drodzy holenderscy Przyjaciele, <span class=\"excerpt-dots\">&hellip;<\/span> <a class=\"more-link\" href=\"https:\/\/www.driel-polen.nl\/pl\/herdenkingen\/herdenkingen-2015-2024\/2018-ambassadeur-van-polen-prof-marcin-czepelak\/\"><span class=\"more-msg\"><img decoding=\"async\" src=\"https:\/\/www.driel-polen.nl\/downloads\/lees-meer3.jpg\"><\/p>\n<hr class=\"wvrx-expand-full\" style=\"margin:0\"><\/span><\/a><\/p>\n","protected":false},"author":17,"featured_media":0,"parent":5633,"menu_order":1,"comment_status":"closed","ping_status":"closed","template":"","meta":{"_monsterinsights_skip_tracking":false,"_monsterinsights_sitenote_active":false,"_monsterinsights_sitenote_note":"","_monsterinsights_sitenote_category":0,"ngg_post_thumbnail":0,"footnotes":""},"class_list":["post-3511","page","type-page","status-publish","hentry"],"yoast_head":"<!-- This site is optimized with the Yoast SEO plugin v27.4 - https:\/\/yoast.com\/product\/yoast-seo-wordpress\/ -->\n<title>2018 Ambassadeur van Polen, Prof. Marcin Czepelak - Stichting Driel-Polen<\/title>\n<meta name=\"robots\" content=\"index, follow, max-snippet:-1, max-image-preview:large, max-video-preview:-1\" \/>\n<link rel=\"canonical\" href=\"https:\/\/www.driel-polen.nl\/herdenkingen\/herdenkingen-2015-2024\/2018-ambassadeur-van-polen-prof-marcin-czepelak\/\" \/>\n<meta property=\"og:locale\" content=\"pl_PL\" \/>\n<meta property=\"og:type\" content=\"article\" \/>\n<meta property=\"og:title\" content=\"2018 Ambassadeur van Polen, Prof. Marcin Czepelak - Stichting Driel-Polen\" \/>\n<meta property=\"og:description\" content=\"Przem\u00f3wienie Ambasadora Rzeczypospolitej Polskiej w Kr\u00f3lestwie Niderland\u00f3w, Pana professor Marcina Czepelaka, podczas uroczysto\u015bci upami\u0119tniaj\u0105cych udzia\u0142 1 Samodzielnej Brygady padochronowej w operacji Market Garden, 74 lat temu Driel, 22 wrze\u015bnia 2018 roku Szanowny Panie Burmistrzu, Ekscelencje, Szanowni Pa\u0144stwo, Drodzy holenderscy Przyjaciele, &hellip;\" \/>\n<meta property=\"og:url\" content=\"https:\/\/www.driel-polen.nl\/herdenkingen\/herdenkingen-2015-2024\/2018-ambassadeur-van-polen-prof-marcin-czepelak\/\" \/>\n<meta property=\"og:site_name\" content=\"Stichting Driel-Polen\" \/>\n<meta property=\"article:modified_time\" content=\"2021-01-12T13:46:35+00:00\" \/>\n<meta name=\"twitter:label1\" content=\"Szacowany czas czytania\" \/>\n\t<meta name=\"twitter:data1\" content=\"17 minut\" \/>\n<script type=\"application\/ld+json\" class=\"yoast-schema-graph\">{\"@context\":\"https:\\\/\\\/schema.org\",\"@graph\":[{\"@type\":\"WebPage\",\"@id\":\"https:\\\/\\\/www.driel-polen.nl\\\/herdenkingen\\\/herdenkingen-2015-2024\\\/2018-ambassadeur-van-polen-prof-marcin-czepelak\\\/\",\"url\":\"https:\\\/\\\/www.driel-polen.nl\\\/herdenkingen\\\/herdenkingen-2015-2024\\\/2018-ambassadeur-van-polen-prof-marcin-czepelak\\\/\",\"name\":\"2018 Ambassadeur van Polen, Prof. Marcin Czepelak - Stichting Driel-Polen\",\"isPartOf\":{\"@id\":\"https:\\\/\\\/www.driel-polen.nl\\\/nl\\\/#website\"},\"datePublished\":\"2018-11-13T09:54:12+00:00\",\"dateModified\":\"2021-01-12T13:46:35+00:00\",\"breadcrumb\":{\"@id\":\"https:\\\/\\\/www.driel-polen.nl\\\/herdenkingen\\\/herdenkingen-2015-2024\\\/2018-ambassadeur-van-polen-prof-marcin-czepelak\\\/#breadcrumb\"},\"inLanguage\":\"pl-PL\",\"potentialAction\":[{\"@type\":\"ReadAction\",\"target\":[\"https:\\\/\\\/www.driel-polen.nl\\\/herdenkingen\\\/herdenkingen-2015-2024\\\/2018-ambassadeur-van-polen-prof-marcin-czepelak\\\/\"]}]},{\"@type\":\"BreadcrumbList\",\"@id\":\"https:\\\/\\\/www.driel-polen.nl\\\/herdenkingen\\\/herdenkingen-2015-2024\\\/2018-ambassadeur-van-polen-prof-marcin-czepelak\\\/#breadcrumb\",\"itemListElement\":[{\"@type\":\"ListItem\",\"position\":1,\"name\":\"Herdenkingen\",\"item\":\"https:\\\/\\\/www.driel-polen.nl\\\/herdenkingen\\\/\"},{\"@type\":\"ListItem\",\"position\":2,\"name\":\"Herdenkingen 2015-2024\",\"item\":\"https:\\\/\\\/www.driel-polen.nl\\\/herdenkingen\\\/herdenkingen-2015-2024\\\/\"},{\"@type\":\"ListItem\",\"position\":3,\"name\":\"2018 Ambassadeur van Polen, Prof. Marcin Czepelak\"}]},{\"@type\":\"WebSite\",\"@id\":\"https:\\\/\\\/www.driel-polen.nl\\\/nl\\\/#website\",\"url\":\"https:\\\/\\\/www.driel-polen.nl\\\/nl\\\/\",\"name\":\"Stichting Driel-Polen\",\"description\":\"General St. Sosabowski\",\"potentialAction\":[{\"@type\":\"SearchAction\",\"target\":{\"@type\":\"EntryPoint\",\"urlTemplate\":\"https:\\\/\\\/www.driel-polen.nl\\\/nl\\\/?s={search_term_string}\"},\"query-input\":{\"@type\":\"PropertyValueSpecification\",\"valueRequired\":true,\"valueName\":\"search_term_string\"}}],\"inLanguage\":\"pl-PL\"}]}<\/script>\n<!-- \/ Yoast SEO plugin. -->","yoast_head_json":{"title":"2018 Ambassadeur van Polen, Prof. Marcin Czepelak - Stichting Driel-Polen","robots":{"index":"index","follow":"follow","max-snippet":"max-snippet:-1","max-image-preview":"max-image-preview:large","max-video-preview":"max-video-preview:-1"},"canonical":"https:\/\/www.driel-polen.nl\/herdenkingen\/herdenkingen-2015-2024\/2018-ambassadeur-van-polen-prof-marcin-czepelak\/","og_locale":"pl_PL","og_type":"article","og_title":"2018 Ambassadeur van Polen, Prof. Marcin Czepelak - Stichting Driel-Polen","og_description":"Przem\u00f3wienie Ambasadora Rzeczypospolitej Polskiej w Kr\u00f3lestwie Niderland\u00f3w, Pana professor Marcina Czepelaka, podczas uroczysto\u015bci upami\u0119tniaj\u0105cych udzia\u0142 1 Samodzielnej Brygady padochronowej w operacji Market Garden, 74 lat temu Driel, 22 wrze\u015bnia 2018 roku Szanowny Panie Burmistrzu, Ekscelencje, Szanowni Pa\u0144stwo, Drodzy holenderscy Przyjaciele, &hellip;","og_url":"https:\/\/www.driel-polen.nl\/herdenkingen\/herdenkingen-2015-2024\/2018-ambassadeur-van-polen-prof-marcin-czepelak\/","og_site_name":"Stichting Driel-Polen","article_modified_time":"2021-01-12T13:46:35+00:00","twitter_misc":{"Szacowany czas czytania":"17 minut"},"schema":{"@context":"https:\/\/schema.org","@graph":[{"@type":"WebPage","@id":"https:\/\/www.driel-polen.nl\/herdenkingen\/herdenkingen-2015-2024\/2018-ambassadeur-van-polen-prof-marcin-czepelak\/","url":"https:\/\/www.driel-polen.nl\/herdenkingen\/herdenkingen-2015-2024\/2018-ambassadeur-van-polen-prof-marcin-czepelak\/","name":"2018 Ambassadeur van Polen, Prof. Marcin Czepelak - Stichting Driel-Polen","isPartOf":{"@id":"https:\/\/www.driel-polen.nl\/nl\/#website"},"datePublished":"2018-11-13T09:54:12+00:00","dateModified":"2021-01-12T13:46:35+00:00","breadcrumb":{"@id":"https:\/\/www.driel-polen.nl\/herdenkingen\/herdenkingen-2015-2024\/2018-ambassadeur-van-polen-prof-marcin-czepelak\/#breadcrumb"},"inLanguage":"pl-PL","potentialAction":[{"@type":"ReadAction","target":["https:\/\/www.driel-polen.nl\/herdenkingen\/herdenkingen-2015-2024\/2018-ambassadeur-van-polen-prof-marcin-czepelak\/"]}]},{"@type":"BreadcrumbList","@id":"https:\/\/www.driel-polen.nl\/herdenkingen\/herdenkingen-2015-2024\/2018-ambassadeur-van-polen-prof-marcin-czepelak\/#breadcrumb","itemListElement":[{"@type":"ListItem","position":1,"name":"Herdenkingen","item":"https:\/\/www.driel-polen.nl\/herdenkingen\/"},{"@type":"ListItem","position":2,"name":"Herdenkingen 2015-2024","item":"https:\/\/www.driel-polen.nl\/herdenkingen\/herdenkingen-2015-2024\/"},{"@type":"ListItem","position":3,"name":"2018 Ambassadeur van Polen, Prof. Marcin Czepelak"}]},{"@type":"WebSite","@id":"https:\/\/www.driel-polen.nl\/nl\/#website","url":"https:\/\/www.driel-polen.nl\/nl\/","name":"Stichting Driel-Polen","description":"General St. Sosabowski","potentialAction":[{"@type":"SearchAction","target":{"@type":"EntryPoint","urlTemplate":"https:\/\/www.driel-polen.nl\/nl\/?s={search_term_string}"},"query-input":{"@type":"PropertyValueSpecification","valueRequired":true,"valueName":"search_term_string"}}],"inLanguage":"pl-PL"}]}},"_links":{"self":[{"href":"https:\/\/www.driel-polen.nl\/pl\/wp-json\/wp\/v2\/pages\/3511","targetHints":{"allow":["GET"]}}],"collection":[{"href":"https:\/\/www.driel-polen.nl\/pl\/wp-json\/wp\/v2\/pages"}],"about":[{"href":"https:\/\/www.driel-polen.nl\/pl\/wp-json\/wp\/v2\/types\/page"}],"author":[{"embeddable":true,"href":"https:\/\/www.driel-polen.nl\/pl\/wp-json\/wp\/v2\/users\/17"}],"replies":[{"embeddable":true,"href":"https:\/\/www.driel-polen.nl\/pl\/wp-json\/wp\/v2\/comments?post=3511"}],"version-history":[{"count":8,"href":"https:\/\/www.driel-polen.nl\/pl\/wp-json\/wp\/v2\/pages\/3511\/revisions"}],"predecessor-version":[{"id":5673,"href":"https:\/\/www.driel-polen.nl\/pl\/wp-json\/wp\/v2\/pages\/3511\/revisions\/5673"}],"up":[{"embeddable":true,"href":"https:\/\/www.driel-polen.nl\/pl\/wp-json\/wp\/v2\/pages\/5633"}],"wp:attachment":[{"href":"https:\/\/www.driel-polen.nl\/pl\/wp-json\/wp\/v2\/media?parent=3511"}],"curies":[{"name":"wp","href":"https:\/\/api.w.org\/{rel}","templated":true}]}}