{"id":351,"date":"2013-12-24T14:03:35","date_gmt":"2013-12-24T13:03:35","guid":{"rendered":"http:\/\/www.driel-polen.nl\/wordpress\/?page_id=351"},"modified":"2021-01-12T19:51:30","modified_gmt":"2021-01-12T18:51:30","slug":"2012-burgemeester-mevr-e-tuijnman","status":"publish","type":"page","link":"https:\/\/www.driel-polen.nl\/pl\/herdenkingen\/herdenkingen-2005-2014\/2012-burgemeester-mevr-e-tuijnman\/","title":{"rendered":"Burmistrz gminy Overbetuwe: Pani E. Tuijnman"},"content":{"rendered":"<p><span style=\"font-size: large; color: #ff0000;\">Burmistrz gminy Overbetuwe: Pani E. Tuijnman<\/span><br \/>\n<img loading=\"lazy\" decoding=\"async\" class=\"alignleft size-full wp-image-3069\" src=\"https:\/\/www.driel-polen.nl\/wordpress\/wp-content\/uploads\/2018\/10\/Fotos-toespraken-2012-Tuijnman.jpg\" alt=\"\" width=\"175\" height=\"250\" \/>Wiersz po tytu\u0142em \u201eKoniec i pocz\u0105tek\u201d Wis\u0142awy Szymborskiej, polskiej poetki, kt\u00f3ra otrzyma\u0142a w 1996 r. nagrod\u0119 Nobla w dziedzinie literatury, zaczyna si\u0119 tak:<br \/>\nPo ka\u017cdej wojnie<br \/>\nkto\u015b musi posprz\u0105ta\u0107.<br \/>\nJaki taki porz\u0105dek<br \/>\nsam si\u0119 przecie\u017c nie zrobi.<\/p>\n<p>W pi\u0119kny i plastyczny spos\u00f3b opowiada, w jaki spos\u00f3b ludzie zabieraj\u0105 si\u0119 do pracy.<br \/>\nI dalej:<br \/>\nAle ju\u017c w ich pobli\u017cu<br \/>\nzaczn\u0105 kr\u0119ci\u0107 si\u0119 tacy,<br \/>\nkt\u00f3rych to b\u0119dzie nudzi\u0107.<\/p>\n<p>Kto\u015b czasem jeszcze<br \/>\nwykopie spod krzaka<br \/>\nprze\u017carte rdz\u0105 argumenty<br \/>\ni poprzenosi je na stos odpadk\u00f3w.<\/p>\n<p>Ci, co wiedzieli<br \/>\no co tutaj sz\u0142o,<br \/>\nmusz\u0105 ust\u0105pi\u0107 miejsca tym,<br \/>\nco wiedz\u0105 ma\u0142o.<br \/>\nI mniej ni\u017c ma\u0142o.<br \/>\nI wreszcie tyle co nic.<\/p>\n<p>Gdyby\u015bmy tego nie upami\u0119tniali, gdyby\u015bmy co roku tutaj na Placu Polskim nie rozpami\u0119tywali tych czarnych dni wrze\u015bniowych z 1944 roku, gdyby\u015bmy nie pami\u0119tali o Generale Sosabowskim i jego \u017co\u0142nierzach z 1. Polskiej Samodzielnej Brygady Spadochronowej, w\u00f3wczas historia z wolna znikn\u0119\u0142aby z naszych my\u015bli.<br \/>\nUst\u0105pi\u0107 miejsca tym, co wiedz\u0105 ma\u0142o.<br \/>\nI mniej ni\u017c ma\u0142o.<br \/>\nI wreszcie tyle co nic.<\/p>\n<p>Ale w 2012 roku, 68 lat p\u00f3\u017aniej, mieszka\u0144cy Driel nadal maj\u0105 t\u0119 histori\u0119 wyra\u017anie przed oczyma.<br \/>\nCiep\u0142o wspominaj\u0105 swoich polskich \u017co\u0142nierzy, kt\u00f3rzy oddali \u017cycie za nasz\u0105 wolno\u015b\u0107.<br \/>\nRaz po raz opowiada si\u0119 dzieciom o tych wydarzeniach.<br \/>\nNie jako z\u0142y sen, lecz po to, by wyja\u015bni\u0107, \u017ce wolno\u015b\u0107, kt\u00f3r\u0105 cieszymy si\u0119 w naszym kraju, nie jest czym\u015b oczywistym.<br \/>\nTak\u017ce po to, aby nauczy\u0107 m\u0142odych ludzi wsp\u00f3\u0142odpowiedzialno\u015bci i pracy nad nasz\u0105 demokracj\u0105.<br \/>\nPo to, by p\u00f3\u017aniej samemu nie\u015b\u0107 dalej przes\u0142anie i budowa\u0107 most do przysz\u0142o\u015bci.<br \/>\nZdaj\u0105c sobie spraw\u0119 z tego, \u017ce ka\u017cdy ma prawo do wolno\u015bci i bezpiecze\u0144stwa, prawo do po\u017cywienia i nauki, prawo do wolno\u015bci my\u015blenia.<\/p>\n<p>Dlatego w naszej gminie nie da si\u0119 zapomnie\u0107 1. Polskiej Samodzielnej Brygady Spadochronowej.<br \/>\nNie ust\u0119pujemy miejsca tym, co wiedz\u0105 ma\u0142o.<br \/>\nI nie za mniej ni\u017c ma\u0142o.<br \/>\nI wreszcie nie za tyle co nic.<\/p>\n<p>Dlatego z wielk\u0105 wdzi\u0119czno\u015bci\u0105 w tym roku ponownie rozpami\u0119tujemy zaanga\u017cowanie Polak\u00f3w oraz upami\u0119tniamy tych, kt\u00f3rzy polegli.<\/p>","protected":false},"excerpt":{"rendered":"<p>Burmistrz gminy Overbetuwe: Pani E. Tuijnman Wiersz po tytu\u0142em \u201eKoniec i pocz\u0105tek\u201d Wis\u0142awy Szymborskiej, polskiej poetki, kt\u00f3ra otrzyma\u0142a w 1996 r. nagrod\u0119 Nobla w dziedzinie literatury, zaczyna si\u0119 tak: Po ka\u017cdej wojnie kto\u015b musi posprz\u0105ta\u0107. Jaki taki porz\u0105dek sam si\u0119 <span class=\"excerpt-dots\">&hellip;<\/span> <a class=\"more-link\" href=\"https:\/\/www.driel-polen.nl\/pl\/herdenkingen\/herdenkingen-2005-2014\/2012-burgemeester-mevr-e-tuijnman\/\"><span class=\"more-msg\"><img decoding=\"async\" src=\"https:\/\/www.driel-polen.nl\/downloads\/lees-meer3.jpg\"><\/p>\n<hr class=\"wvrx-expand-full\" style=\"margin:0\"><\/span><\/a><\/p>\n","protected":false},"author":17,"featured_media":0,"parent":5637,"menu_order":2,"comment_status":"closed","ping_status":"open","template":"","meta":{"_monsterinsights_skip_tracking":false,"_monsterinsights_sitenote_active":false,"_monsterinsights_sitenote_note":"","_monsterinsights_sitenote_category":0,"ngg_post_thumbnail":0,"footnotes":""},"class_list":["post-351","page","type-page","status-publish","hentry"],"yoast_head":"<!-- This site is optimized with the Yoast SEO plugin v27.4 - https:\/\/yoast.com\/product\/yoast-seo-wordpress\/ -->\n<title>Burmistrz gminy Overbetuwe: Pani E. Tuijnman - Stichting Driel-Polen<\/title>\n<meta name=\"robots\" content=\"index, follow, max-snippet:-1, max-image-preview:large, max-video-preview:-1\" \/>\n<link rel=\"canonical\" href=\"https:\/\/www.driel-polen.nl\/herdenkingen\/herdenkingen-2005-2014\/2012-burgemeester-mevr-e-tuijnman\/\" \/>\n<meta property=\"og:locale\" content=\"pl_PL\" \/>\n<meta property=\"og:type\" content=\"article\" \/>\n<meta property=\"og:title\" content=\"Burmistrz gminy Overbetuwe: Pani E. Tuijnman - Stichting Driel-Polen\" \/>\n<meta property=\"og:description\" content=\"Burmistrz gminy Overbetuwe: Pani E. Tuijnman Wiersz po tytu\u0142em \u201eKoniec i pocz\u0105tek\u201d Wis\u0142awy Szymborskiej, polskiej poetki, kt\u00f3ra otrzyma\u0142a w 1996 r. nagrod\u0119 Nobla w dziedzinie literatury, zaczyna si\u0119 tak: Po ka\u017cdej wojnie kto\u015b musi posprz\u0105ta\u0107. Jaki taki porz\u0105dek sam si\u0119 &hellip;\" \/>\n<meta property=\"og:url\" content=\"https:\/\/www.driel-polen.nl\/herdenkingen\/herdenkingen-2005-2014\/2012-burgemeester-mevr-e-tuijnman\/\" \/>\n<meta property=\"og:site_name\" content=\"Stichting Driel-Polen\" \/>\n<meta property=\"article:modified_time\" content=\"2021-01-12T18:51:30+00:00\" \/>\n<meta property=\"og:image\" content=\"https:\/\/www.driel-polen.nl\/wordpress\/wp-content\/uploads\/2018\/10\/Fotos-toespraken-2012-Tuijnman.jpg\" \/>\n<meta name=\"twitter:label1\" content=\"Szacowany czas czytania\" \/>\n\t<meta name=\"twitter:data1\" content=\"6 minut\" \/>\n<script type=\"application\/ld+json\" class=\"yoast-schema-graph\">{\"@context\":\"https:\\\/\\\/schema.org\",\"@graph\":[{\"@type\":\"WebPage\",\"@id\":\"https:\\\/\\\/www.driel-polen.nl\\\/herdenkingen\\\/herdenkingen-2005-2014\\\/2012-burgemeester-mevr-e-tuijnman\\\/\",\"url\":\"https:\\\/\\\/www.driel-polen.nl\\\/herdenkingen\\\/herdenkingen-2005-2014\\\/2012-burgemeester-mevr-e-tuijnman\\\/\",\"name\":\"Burmistrz gminy Overbetuwe: Pani E. Tuijnman - Stichting Driel-Polen\",\"isPartOf\":{\"@id\":\"https:\\\/\\\/www.driel-polen.nl\\\/nl\\\/#website\"},\"primaryImageOfPage\":{\"@id\":\"https:\\\/\\\/www.driel-polen.nl\\\/herdenkingen\\\/herdenkingen-2005-2014\\\/2012-burgemeester-mevr-e-tuijnman\\\/#primaryimage\"},\"image\":{\"@id\":\"https:\\\/\\\/www.driel-polen.nl\\\/herdenkingen\\\/herdenkingen-2005-2014\\\/2012-burgemeester-mevr-e-tuijnman\\\/#primaryimage\"},\"thumbnailUrl\":\"https:\\\/\\\/www.driel-polen.nl\\\/wordpress\\\/wp-content\\\/uploads\\\/2018\\\/10\\\/Fotos-toespraken-2012-Tuijnman.jpg\",\"datePublished\":\"2013-12-24T13:03:35+00:00\",\"dateModified\":\"2021-01-12T18:51:30+00:00\",\"breadcrumb\":{\"@id\":\"https:\\\/\\\/www.driel-polen.nl\\\/herdenkingen\\\/herdenkingen-2005-2014\\\/2012-burgemeester-mevr-e-tuijnman\\\/#breadcrumb\"},\"inLanguage\":\"pl-PL\",\"potentialAction\":[{\"@type\":\"ReadAction\",\"target\":[\"https:\\\/\\\/www.driel-polen.nl\\\/herdenkingen\\\/herdenkingen-2005-2014\\\/2012-burgemeester-mevr-e-tuijnman\\\/\"]}]},{\"@type\":\"ImageObject\",\"inLanguage\":\"pl-PL\",\"@id\":\"https:\\\/\\\/www.driel-polen.nl\\\/herdenkingen\\\/herdenkingen-2005-2014\\\/2012-burgemeester-mevr-e-tuijnman\\\/#primaryimage\",\"url\":\"https:\\\/\\\/www.driel-polen.nl\\\/wordpress\\\/wp-content\\\/uploads\\\/2018\\\/10\\\/Fotos-toespraken-2012-Tuijnman.jpg\",\"contentUrl\":\"https:\\\/\\\/www.driel-polen.nl\\\/wordpress\\\/wp-content\\\/uploads\\\/2018\\\/10\\\/Fotos-toespraken-2012-Tuijnman.jpg\"},{\"@type\":\"BreadcrumbList\",\"@id\":\"https:\\\/\\\/www.driel-polen.nl\\\/herdenkingen\\\/herdenkingen-2005-2014\\\/2012-burgemeester-mevr-e-tuijnman\\\/#breadcrumb\",\"itemListElement\":[{\"@type\":\"ListItem\",\"position\":1,\"name\":\"Herdenkingen\",\"item\":\"https:\\\/\\\/www.driel-polen.nl\\\/herdenkingen\\\/\"},{\"@type\":\"ListItem\",\"position\":2,\"name\":\"Herdenkingen 2005-2014\",\"item\":\"https:\\\/\\\/www.driel-polen.nl\\\/herdenkingen\\\/herdenkingen-2005-2014\\\/\"},{\"@type\":\"ListItem\",\"position\":3,\"name\":\"Burmistrz gminy Overbetuwe: Pani E. Tuijnman\"}]},{\"@type\":\"WebSite\",\"@id\":\"https:\\\/\\\/www.driel-polen.nl\\\/nl\\\/#website\",\"url\":\"https:\\\/\\\/www.driel-polen.nl\\\/nl\\\/\",\"name\":\"Stichting Driel-Polen\",\"description\":\"General St. Sosabowski\",\"potentialAction\":[{\"@type\":\"SearchAction\",\"target\":{\"@type\":\"EntryPoint\",\"urlTemplate\":\"https:\\\/\\\/www.driel-polen.nl\\\/nl\\\/?s={search_term_string}\"},\"query-input\":{\"@type\":\"PropertyValueSpecification\",\"valueRequired\":true,\"valueName\":\"search_term_string\"}}],\"inLanguage\":\"pl-PL\"}]}<\/script>\n<!-- \/ Yoast SEO plugin. -->","yoast_head_json":{"title":"Burmistrz gminy Overbetuwe: Pani E. Tuijnman - Stichting Driel-Polen","robots":{"index":"index","follow":"follow","max-snippet":"max-snippet:-1","max-image-preview":"max-image-preview:large","max-video-preview":"max-video-preview:-1"},"canonical":"https:\/\/www.driel-polen.nl\/herdenkingen\/herdenkingen-2005-2014\/2012-burgemeester-mevr-e-tuijnman\/","og_locale":"pl_PL","og_type":"article","og_title":"Burmistrz gminy Overbetuwe: Pani E. Tuijnman - Stichting Driel-Polen","og_description":"Burmistrz gminy Overbetuwe: Pani E. Tuijnman Wiersz po tytu\u0142em \u201eKoniec i pocz\u0105tek\u201d Wis\u0142awy Szymborskiej, polskiej poetki, kt\u00f3ra otrzyma\u0142a w 1996 r. nagrod\u0119 Nobla w dziedzinie literatury, zaczyna si\u0119 tak: Po ka\u017cdej wojnie kto\u015b musi posprz\u0105ta\u0107. Jaki taki porz\u0105dek sam si\u0119 &hellip;","og_url":"https:\/\/www.driel-polen.nl\/herdenkingen\/herdenkingen-2005-2014\/2012-burgemeester-mevr-e-tuijnman\/","og_site_name":"Stichting Driel-Polen","article_modified_time":"2021-01-12T18:51:30+00:00","og_image":[{"url":"https:\/\/www.driel-polen.nl\/wordpress\/wp-content\/uploads\/2018\/10\/Fotos-toespraken-2012-Tuijnman.jpg","type":"","width":"","height":""}],"twitter_misc":{"Szacowany czas czytania":"6 minut"},"schema":{"@context":"https:\/\/schema.org","@graph":[{"@type":"WebPage","@id":"https:\/\/www.driel-polen.nl\/herdenkingen\/herdenkingen-2005-2014\/2012-burgemeester-mevr-e-tuijnman\/","url":"https:\/\/www.driel-polen.nl\/herdenkingen\/herdenkingen-2005-2014\/2012-burgemeester-mevr-e-tuijnman\/","name":"Burmistrz gminy Overbetuwe: Pani E. Tuijnman - Stichting Driel-Polen","isPartOf":{"@id":"https:\/\/www.driel-polen.nl\/nl\/#website"},"primaryImageOfPage":{"@id":"https:\/\/www.driel-polen.nl\/herdenkingen\/herdenkingen-2005-2014\/2012-burgemeester-mevr-e-tuijnman\/#primaryimage"},"image":{"@id":"https:\/\/www.driel-polen.nl\/herdenkingen\/herdenkingen-2005-2014\/2012-burgemeester-mevr-e-tuijnman\/#primaryimage"},"thumbnailUrl":"https:\/\/www.driel-polen.nl\/wordpress\/wp-content\/uploads\/2018\/10\/Fotos-toespraken-2012-Tuijnman.jpg","datePublished":"2013-12-24T13:03:35+00:00","dateModified":"2021-01-12T18:51:30+00:00","breadcrumb":{"@id":"https:\/\/www.driel-polen.nl\/herdenkingen\/herdenkingen-2005-2014\/2012-burgemeester-mevr-e-tuijnman\/#breadcrumb"},"inLanguage":"pl-PL","potentialAction":[{"@type":"ReadAction","target":["https:\/\/www.driel-polen.nl\/herdenkingen\/herdenkingen-2005-2014\/2012-burgemeester-mevr-e-tuijnman\/"]}]},{"@type":"ImageObject","inLanguage":"pl-PL","@id":"https:\/\/www.driel-polen.nl\/herdenkingen\/herdenkingen-2005-2014\/2012-burgemeester-mevr-e-tuijnman\/#primaryimage","url":"https:\/\/www.driel-polen.nl\/wordpress\/wp-content\/uploads\/2018\/10\/Fotos-toespraken-2012-Tuijnman.jpg","contentUrl":"https:\/\/www.driel-polen.nl\/wordpress\/wp-content\/uploads\/2018\/10\/Fotos-toespraken-2012-Tuijnman.jpg"},{"@type":"BreadcrumbList","@id":"https:\/\/www.driel-polen.nl\/herdenkingen\/herdenkingen-2005-2014\/2012-burgemeester-mevr-e-tuijnman\/#breadcrumb","itemListElement":[{"@type":"ListItem","position":1,"name":"Herdenkingen","item":"https:\/\/www.driel-polen.nl\/herdenkingen\/"},{"@type":"ListItem","position":2,"name":"Herdenkingen 2005-2014","item":"https:\/\/www.driel-polen.nl\/herdenkingen\/herdenkingen-2005-2014\/"},{"@type":"ListItem","position":3,"name":"Burmistrz gminy Overbetuwe: Pani E. Tuijnman"}]},{"@type":"WebSite","@id":"https:\/\/www.driel-polen.nl\/nl\/#website","url":"https:\/\/www.driel-polen.nl\/nl\/","name":"Stichting Driel-Polen","description":"General St. Sosabowski","potentialAction":[{"@type":"SearchAction","target":{"@type":"EntryPoint","urlTemplate":"https:\/\/www.driel-polen.nl\/nl\/?s={search_term_string}"},"query-input":{"@type":"PropertyValueSpecification","valueRequired":true,"valueName":"search_term_string"}}],"inLanguage":"pl-PL"}]}},"_links":{"self":[{"href":"https:\/\/www.driel-polen.nl\/pl\/wp-json\/wp\/v2\/pages\/351","targetHints":{"allow":["GET"]}}],"collection":[{"href":"https:\/\/www.driel-polen.nl\/pl\/wp-json\/wp\/v2\/pages"}],"about":[{"href":"https:\/\/www.driel-polen.nl\/pl\/wp-json\/wp\/v2\/types\/page"}],"author":[{"embeddable":true,"href":"https:\/\/www.driel-polen.nl\/pl\/wp-json\/wp\/v2\/users\/17"}],"replies":[{"embeddable":true,"href":"https:\/\/www.driel-polen.nl\/pl\/wp-json\/wp\/v2\/comments?post=351"}],"version-history":[{"count":2,"href":"https:\/\/www.driel-polen.nl\/pl\/wp-json\/wp\/v2\/pages\/351\/revisions"}],"predecessor-version":[{"id":3071,"href":"https:\/\/www.driel-polen.nl\/pl\/wp-json\/wp\/v2\/pages\/351\/revisions\/3071"}],"up":[{"embeddable":true,"href":"https:\/\/www.driel-polen.nl\/pl\/wp-json\/wp\/v2\/pages\/5637"}],"wp:attachment":[{"href":"https:\/\/www.driel-polen.nl\/pl\/wp-json\/wp\/v2\/media?parent=351"}],"curies":[{"name":"wp","href":"https:\/\/api.w.org\/{rel}","templated":true}]}}