{"id":3499,"date":"2018-11-13T10:34:15","date_gmt":"2018-11-13T09:34:15","guid":{"rendered":"https:\/\/www.driel-polen.nl\/?page_id=3499"},"modified":"2021-01-12T14:44:32","modified_gmt":"2021-01-12T13:44:32","slug":"2018-voorzitter-st-driel-polen-dhr-a-j-m-baltussen","status":"publish","type":"page","link":"https:\/\/www.driel-polen.nl\/pl\/herdenkingen\/herdenkingen-2015-2024\/2018-voorzitter-st-driel-polen-dhr-a-j-m-baltussen\/","title":{"rendered":"2018 przez przewodnicz\u0105cego Fundacji Driel-Polen, pana A.J.M. Baltussena podczas uroczysto\u015bci"},"content":{"rendered":"<p><\/p>\n<h4 style=\"text-align: center;\"><strong>Przem\u00f3wienie wyg\u0142oszone przez przewodnicz\u0105cego Fundacji Driel-Polen,<br \/>\n<\/strong><strong>pana A.J.M. Baltussena<br \/>\n<\/strong><strong>podczas uroczysto\u015bci upami\u0119tniaj\u0105cych udzia\u0142<br \/>\n<\/strong><strong>1 Samodzielnej Brygady Spadochronowej <\/strong><strong>w operacji Market Garden, 74 lata temu<br \/>\n<\/strong><strong>Driel, 22 wrze\u015bnia 2018 roku<\/strong><\/h4>\n<p><em><strong>Panie i Panowie,<\/strong><\/em><br \/>\nPa\u0144stwa r\u00f3wnie\u017c witam bardzo serdecznie w dniu, w kt\u00f3rym upami\u0119tniamy rol\u0119, jak\u0105 1 Samodzielna Brygada Spadochronowa odegra\u0142a 74 lat temu w operacji Market Garden.<\/p>\n<p>Tematem tegorocznych obchod\u00f3w rocznicowych jest \u201cop\u00f3r\u201d. Podczas II wojny \u015bwiatowej zjawisko oporu mia\u0142o miejsce we wszystkich okupowanych krajach. Przyjmowa\u0142o ono r\u00f3\u017cne formy: od czytania niezale\u017cnych gazet, przez ukrywanie lotnik\u00f3w z rozbitych samolot\u00f3w po zbrojn\u0105 walk\u0119 przeciw okupantowi. W wielu krajach istnia\u0142y ugrupowania, kt\u00f3rych zadaniem by\u0142o stawianie oporu Niemcom.<\/p>\n<p>Tak\u017ce i w tym regionie istnia\u0142y r\u00f3\u017cne formy oporu. Kilka dni temu kto\u015b opowiedzia\u0142 mi histori\u0119 swojego ojca.<\/p>\n<p>Gdy 14 wrze\u015bnie 1944 roku sko\u0144czy\u0142 osiemna\u015bcie lat, odwiedzili go niemieccy \u017co\u0142nierze z nakazem stawienia si\u0119 do transportu na roboty do Niemiec. Poniewa\u017c ojciec osiemnastolatka by\u0142 piekarzem, ch\u0142opakowi pozwolono piec chleb dla okupanta na miejscu. Ch\u0119tnie skorzysta\u0142 z tej mo\u017cliwo\u015bci. Rozwo\u017c\u0105c chleb, notowa\u0142 i robi\u0142 zapiski o adresach i przekazywa\u0142 je grupom oporu w jego miejscowo\u015bci. Wydawa\u0142oby si\u0119, \u017ce to nic wielkiego, by\u0142o to jednak niebezpieczne. To zaledwie jedna z wielu akcji, kt\u00f3rych si\u0119 podj\u0105\u0142.<\/p>\n<p>W tym samym okresie w Warszawie mia\u0142a miejsce niepor\u00f3wnywalnie wi\u0119ksza forma oporu \u2013 powstanie zorganizowane przez polskie podziemie, Armi\u0119 Krajow\u0105, maj\u0105ce na celu wyzwolenie Warszawy spod niemieckiej okupacji. W walkach wzi\u0119\u0142o udzia\u0142 30 tysi\u0119cy powsta\u0144c\u00f3w, w g\u0142\u00f3wnej mierze bardzo m\u0142odych ludzi, z kt\u00f3rych zaledwie 10 procent posiada\u0142o bro\u0144.<\/p>\n<p>Powstanie wybuch\u0142o, gdy Armia Czerwona zbli\u017ca\u0142a si\u0119 do Warszawy. 10 wrze\u015bnia dotar\u0142a do wschodniej cz\u0119\u015bci miasta. Nie podj\u0119\u0142a jednak \u017cadnych dzia\u0142a\u0144, \u017ceby pom\u00f3c walcz\u0105cej po drugiej stronie rzeki Armii Krajowej, przez co Niemcom uda\u0142o si\u0119 w ko\u0144cu st\u0142umi\u0107 powstanie. Szacuje si\u0119, \u017ce 85 procent miasta zosta\u0142o zniszczone. 2 pa\u017adziernika powsta\u0144cy z\u0142o\u017cyli bro\u0144.<\/p>\n<p>Wszystko to zacz\u0119\u0142o si\u0119 w okresie, gdy 1 Samodzielna Brygada Spadochronowa przygotowywa\u0142a si\u0119 do operacji Market Garden.<br \/>\nTworzona brygada przybra\u0142a za motto \u201enajkr\u00f3tsz\u0105 drog\u0105\u201d, co oznacza\u0142o, \u017ce celem \u017co\u0142nierzy by\u0142o wyzwolenie Warszawy.<br \/>\nMimo wielkiego rozczarowania z powodu tego, \u017ce 21 wrze\u015bnia 1944 roku nie polecieli na Warszaw\u0119, Polacy w pe\u0142ni zaanga\u017cowali si\u0119 w pomoc kolegom z brytyjskiej 1 Dywizji Powietrznodesantowej. Uda\u0142o im si\u0119 utrzyma\u0107 korytarz, przez kt\u00f3ry wycofa\u0142o si\u0119 2300 \u017co\u0142nierzy.<br \/>\nW drodze powrotnej do Wielkiej Brytanii dowiedzieli si\u0119, \u017ce ich rodacy zostali zmuszeni do zawieszenia oporu.<\/p>\n<p>Dwa przyk\u0142ady form oporu;<\/p>\n<ul>\n<li>Pierwszy przyk\u0142ad: wykorzystanie szansy unikni\u0119cia deportacji i pomoc innym poprzez gromadzenie danych.<\/li>\n<li><\/li>\n<li>Drugi przyk\u0142ad: postawienie sobie za cel pomoc rodakom, a w momencie, kiedy po pi\u0119ciu latach czekania przychodzi nadzieja na spotkanie z w\u0142asnym narodem, podj\u0119cie walki w Holandii. I to z pe\u0142nym zaanga\u017cowaniem.<\/li>\n<\/ul>\n<p>74 lata temu nikt nie zdawa\u0142 sobie sprawy z tego, \u017ce \u00f3w drugi przejaw oporu przyczyni si\u0119 do tego, \u017ce wci\u0105\u017c uroczy\u015bcie obchodzimy powstanie przyja\u017ani, kt\u00f3ra si\u0119 w\u00f3wczas zawi\u0105za\u0142a.<\/p>\n<p><strong>Ch\u0142opcy i dziewcz\u0119ta z ch\u00f3ru<\/strong>. Wspaniale, \u017ce znowu jeste\u015bcie tutaj obecni ca\u0142\u0105 grup\u0105, by za\u015bpiewa\u0107 i wraz z orkiestr\u0105 Promyki Krakowa z\u0142o\u017cy\u0107 kwiaty w wyrazie szacunku dla polskich \u017co\u0142nierzy. Witamy serdecznie tak\u017ce <strong>m\u0142odzie\u017c z klubu pi\u0142karskiego<\/strong> w strojach sportowych w kolorach polskiej flagi i emblematem spadochroniarza. Cieszymy si\u0119, \u017ce za chwil\u0119 b\u0119dziecie towarzyszy\u0107 w sk\u0142adaniu wie\u0144c\u00f3w.<\/p>\n<p>To dla nas, a przede wszystkim dla obecnych tutaj trzech weteran\u00f3w, szczeg\u00f3lne, \u017ce za\u015bpiewacie dzisiaj w towarzyszeniu polskich r\u00f3wie\u015bnik\u00f3w dwie pie\u015bni po polsku.<\/p>\n<p>Jeste\u015bmy r\u00f3wnie\u017c bardzo wdzi\u0119czni za udzia\u0142 m\u0142odzie\u017cy z klubu pi\u0142karskiego w dzisiejszej uroczysto\u015bci.<\/p>\n<p>Powodzenia!<\/p>","protected":false},"excerpt":{"rendered":"<p>Przem\u00f3wienie wyg\u0142oszone przez przewodnicz\u0105cego Fundacji Driel-Polen, pana A.J.M. Baltussena podczas uroczysto\u015bci upami\u0119tniaj\u0105cych udzia\u0142 1 Samodzielnej Brygady Spadochronowej w operacji Market Garden, 74 lata temu Driel, 22 wrze\u015bnia 2018 roku Panie i Panowie, Pa\u0144stwa r\u00f3wnie\u017c witam bardzo serdecznie w dniu, w <span class=\"excerpt-dots\">&hellip;<\/span> <a class=\"more-link\" href=\"https:\/\/www.driel-polen.nl\/pl\/herdenkingen\/herdenkingen-2015-2024\/2018-voorzitter-st-driel-polen-dhr-a-j-m-baltussen\/\"><span class=\"more-msg\"><img decoding=\"async\" src=\"https:\/\/www.driel-polen.nl\/downloads\/lees-meer3.jpg\"><\/p>\n<hr class=\"wvrx-expand-full\" style=\"margin:0\"><\/span><\/a><\/p>\n","protected":false},"author":17,"featured_media":0,"parent":5633,"menu_order":1,"comment_status":"closed","ping_status":"closed","template":"","meta":{"_monsterinsights_skip_tracking":false,"_monsterinsights_sitenote_active":false,"_monsterinsights_sitenote_note":"","_monsterinsights_sitenote_category":0,"ngg_post_thumbnail":0,"footnotes":""},"class_list":["post-3499","page","type-page","status-publish","hentry"],"yoast_head":"<!-- This site is optimized with the Yoast SEO plugin v27.4 - https:\/\/yoast.com\/product\/yoast-seo-wordpress\/ -->\n<title>2018 przez przewodnicz\u0105cego Fundacji Driel-Polen, pana A.J.M. Baltussena podczas uroczysto\u015bci - Stichting Driel-Polen<\/title>\n<meta name=\"robots\" content=\"index, follow, max-snippet:-1, max-image-preview:large, max-video-preview:-1\" \/>\n<link rel=\"canonical\" href=\"https:\/\/www.driel-polen.nl\/herdenkingen\/herdenkingen-2015-2024\/2018-voorzitter-st-driel-polen-dhr-a-j-m-baltussen\/\" \/>\n<meta property=\"og:locale\" content=\"pl_PL\" \/>\n<meta property=\"og:type\" content=\"article\" \/>\n<meta property=\"og:title\" content=\"2018 przez przewodnicz\u0105cego Fundacji Driel-Polen, pana A.J.M. Baltussena podczas uroczysto\u015bci - Stichting Driel-Polen\" \/>\n<meta property=\"og:description\" content=\"Przem\u00f3wienie wyg\u0142oszone przez przewodnicz\u0105cego Fundacji Driel-Polen, pana A.J.M. Baltussena podczas uroczysto\u015bci upami\u0119tniaj\u0105cych udzia\u0142 1 Samodzielnej Brygady Spadochronowej w operacji Market Garden, 74 lata temu Driel, 22 wrze\u015bnia 2018 roku Panie i Panowie, Pa\u0144stwa r\u00f3wnie\u017c witam bardzo serdecznie w dniu, w &hellip;\" \/>\n<meta property=\"og:url\" content=\"https:\/\/www.driel-polen.nl\/herdenkingen\/herdenkingen-2015-2024\/2018-voorzitter-st-driel-polen-dhr-a-j-m-baltussen\/\" \/>\n<meta property=\"og:site_name\" content=\"Stichting Driel-Polen\" \/>\n<meta property=\"article:modified_time\" content=\"2021-01-12T13:44:32+00:00\" \/>\n<meta name=\"twitter:label1\" content=\"Szacowany czas czytania\" \/>\n\t<meta name=\"twitter:data1\" content=\"10 minut\" \/>\n<script type=\"application\/ld+json\" class=\"yoast-schema-graph\">{\"@context\":\"https:\\\/\\\/schema.org\",\"@graph\":[{\"@type\":\"WebPage\",\"@id\":\"https:\\\/\\\/www.driel-polen.nl\\\/herdenkingen\\\/herdenkingen-2015-2024\\\/2018-voorzitter-st-driel-polen-dhr-a-j-m-baltussen\\\/\",\"url\":\"https:\\\/\\\/www.driel-polen.nl\\\/herdenkingen\\\/herdenkingen-2015-2024\\\/2018-voorzitter-st-driel-polen-dhr-a-j-m-baltussen\\\/\",\"name\":\"2018 przez przewodnicz\u0105cego Fundacji Driel-Polen, pana A.J.M. Baltussena podczas uroczysto\u015bci - Stichting Driel-Polen\",\"isPartOf\":{\"@id\":\"https:\\\/\\\/www.driel-polen.nl\\\/nl\\\/#website\"},\"datePublished\":\"2018-11-13T09:34:15+00:00\",\"dateModified\":\"2021-01-12T13:44:32+00:00\",\"breadcrumb\":{\"@id\":\"https:\\\/\\\/www.driel-polen.nl\\\/herdenkingen\\\/herdenkingen-2015-2024\\\/2018-voorzitter-st-driel-polen-dhr-a-j-m-baltussen\\\/#breadcrumb\"},\"inLanguage\":\"pl-PL\",\"potentialAction\":[{\"@type\":\"ReadAction\",\"target\":[\"https:\\\/\\\/www.driel-polen.nl\\\/herdenkingen\\\/herdenkingen-2015-2024\\\/2018-voorzitter-st-driel-polen-dhr-a-j-m-baltussen\\\/\"]}]},{\"@type\":\"BreadcrumbList\",\"@id\":\"https:\\\/\\\/www.driel-polen.nl\\\/herdenkingen\\\/herdenkingen-2015-2024\\\/2018-voorzitter-st-driel-polen-dhr-a-j-m-baltussen\\\/#breadcrumb\",\"itemListElement\":[{\"@type\":\"ListItem\",\"position\":1,\"name\":\"Herdenkingen\",\"item\":\"https:\\\/\\\/www.driel-polen.nl\\\/herdenkingen\\\/\"},{\"@type\":\"ListItem\",\"position\":2,\"name\":\"Herdenkingen 2015-2024\",\"item\":\"https:\\\/\\\/www.driel-polen.nl\\\/herdenkingen\\\/herdenkingen-2015-2024\\\/\"},{\"@type\":\"ListItem\",\"position\":3,\"name\":\"2018 przez przewodnicz\u0105cego Fundacji Driel-Polen, pana A.J.M. Baltussena podczas uroczysto\u015bci\"}]},{\"@type\":\"WebSite\",\"@id\":\"https:\\\/\\\/www.driel-polen.nl\\\/nl\\\/#website\",\"url\":\"https:\\\/\\\/www.driel-polen.nl\\\/nl\\\/\",\"name\":\"Stichting Driel-Polen\",\"description\":\"General St. Sosabowski\",\"potentialAction\":[{\"@type\":\"SearchAction\",\"target\":{\"@type\":\"EntryPoint\",\"urlTemplate\":\"https:\\\/\\\/www.driel-polen.nl\\\/nl\\\/?s={search_term_string}\"},\"query-input\":{\"@type\":\"PropertyValueSpecification\",\"valueRequired\":true,\"valueName\":\"search_term_string\"}}],\"inLanguage\":\"pl-PL\"}]}<\/script>\n<!-- \/ Yoast SEO plugin. -->","yoast_head_json":{"title":"2018 przez przewodnicz\u0105cego Fundacji Driel-Polen, pana A.J.M. Baltussena podczas uroczysto\u015bci - Stichting Driel-Polen","robots":{"index":"index","follow":"follow","max-snippet":"max-snippet:-1","max-image-preview":"max-image-preview:large","max-video-preview":"max-video-preview:-1"},"canonical":"https:\/\/www.driel-polen.nl\/herdenkingen\/herdenkingen-2015-2024\/2018-voorzitter-st-driel-polen-dhr-a-j-m-baltussen\/","og_locale":"pl_PL","og_type":"article","og_title":"2018 przez przewodnicz\u0105cego Fundacji Driel-Polen, pana A.J.M. Baltussena podczas uroczysto\u015bci - Stichting Driel-Polen","og_description":"Przem\u00f3wienie wyg\u0142oszone przez przewodnicz\u0105cego Fundacji Driel-Polen, pana A.J.M. Baltussena podczas uroczysto\u015bci upami\u0119tniaj\u0105cych udzia\u0142 1 Samodzielnej Brygady Spadochronowej w operacji Market Garden, 74 lata temu Driel, 22 wrze\u015bnia 2018 roku Panie i Panowie, Pa\u0144stwa r\u00f3wnie\u017c witam bardzo serdecznie w dniu, w &hellip;","og_url":"https:\/\/www.driel-polen.nl\/herdenkingen\/herdenkingen-2015-2024\/2018-voorzitter-st-driel-polen-dhr-a-j-m-baltussen\/","og_site_name":"Stichting Driel-Polen","article_modified_time":"2021-01-12T13:44:32+00:00","twitter_misc":{"Szacowany czas czytania":"10 minut"},"schema":{"@context":"https:\/\/schema.org","@graph":[{"@type":"WebPage","@id":"https:\/\/www.driel-polen.nl\/herdenkingen\/herdenkingen-2015-2024\/2018-voorzitter-st-driel-polen-dhr-a-j-m-baltussen\/","url":"https:\/\/www.driel-polen.nl\/herdenkingen\/herdenkingen-2015-2024\/2018-voorzitter-st-driel-polen-dhr-a-j-m-baltussen\/","name":"2018 przez przewodnicz\u0105cego Fundacji Driel-Polen, pana A.J.M. Baltussena podczas uroczysto\u015bci - Stichting Driel-Polen","isPartOf":{"@id":"https:\/\/www.driel-polen.nl\/nl\/#website"},"datePublished":"2018-11-13T09:34:15+00:00","dateModified":"2021-01-12T13:44:32+00:00","breadcrumb":{"@id":"https:\/\/www.driel-polen.nl\/herdenkingen\/herdenkingen-2015-2024\/2018-voorzitter-st-driel-polen-dhr-a-j-m-baltussen\/#breadcrumb"},"inLanguage":"pl-PL","potentialAction":[{"@type":"ReadAction","target":["https:\/\/www.driel-polen.nl\/herdenkingen\/herdenkingen-2015-2024\/2018-voorzitter-st-driel-polen-dhr-a-j-m-baltussen\/"]}]},{"@type":"BreadcrumbList","@id":"https:\/\/www.driel-polen.nl\/herdenkingen\/herdenkingen-2015-2024\/2018-voorzitter-st-driel-polen-dhr-a-j-m-baltussen\/#breadcrumb","itemListElement":[{"@type":"ListItem","position":1,"name":"Herdenkingen","item":"https:\/\/www.driel-polen.nl\/herdenkingen\/"},{"@type":"ListItem","position":2,"name":"Herdenkingen 2015-2024","item":"https:\/\/www.driel-polen.nl\/herdenkingen\/herdenkingen-2015-2024\/"},{"@type":"ListItem","position":3,"name":"2018 przez przewodnicz\u0105cego Fundacji Driel-Polen, pana A.J.M. Baltussena podczas uroczysto\u015bci"}]},{"@type":"WebSite","@id":"https:\/\/www.driel-polen.nl\/nl\/#website","url":"https:\/\/www.driel-polen.nl\/nl\/","name":"Stichting Driel-Polen","description":"General St. Sosabowski","potentialAction":[{"@type":"SearchAction","target":{"@type":"EntryPoint","urlTemplate":"https:\/\/www.driel-polen.nl\/nl\/?s={search_term_string}"},"query-input":{"@type":"PropertyValueSpecification","valueRequired":true,"valueName":"search_term_string"}}],"inLanguage":"pl-PL"}]}},"_links":{"self":[{"href":"https:\/\/www.driel-polen.nl\/pl\/wp-json\/wp\/v2\/pages\/3499","targetHints":{"allow":["GET"]}}],"collection":[{"href":"https:\/\/www.driel-polen.nl\/pl\/wp-json\/wp\/v2\/pages"}],"about":[{"href":"https:\/\/www.driel-polen.nl\/pl\/wp-json\/wp\/v2\/types\/page"}],"author":[{"embeddable":true,"href":"https:\/\/www.driel-polen.nl\/pl\/wp-json\/wp\/v2\/users\/17"}],"replies":[{"embeddable":true,"href":"https:\/\/www.driel-polen.nl\/pl\/wp-json\/wp\/v2\/comments?post=3499"}],"version-history":[{"count":4,"href":"https:\/\/www.driel-polen.nl\/pl\/wp-json\/wp\/v2\/pages\/3499\/revisions"}],"predecessor-version":[{"id":5667,"href":"https:\/\/www.driel-polen.nl\/pl\/wp-json\/wp\/v2\/pages\/3499\/revisions\/5667"}],"up":[{"embeddable":true,"href":"https:\/\/www.driel-polen.nl\/pl\/wp-json\/wp\/v2\/pages\/5633"}],"wp:attachment":[{"href":"https:\/\/www.driel-polen.nl\/pl\/wp-json\/wp\/v2\/media?parent=3499"}],"curies":[{"name":"wp","href":"https:\/\/api.w.org\/{rel}","templated":true}]}}