{"id":346,"date":"2013-12-24T13:58:13","date_gmt":"2013-12-24T12:58:13","guid":{"rendered":"http:\/\/www.driel-polen.nl\/wordpress\/?page_id=346"},"modified":"2021-01-12T19:53:15","modified_gmt":"2021-01-12T18:53:15","slug":"2012-staatssecretaris-buitenlandse-zaken-polen-prof-janusz-cisek","status":"publish","type":"page","link":"https:\/\/www.driel-polen.nl\/pl\/herdenkingen\/herdenkingen-2005-2014\/2012-staatssecretaris-buitenlandse-zaken-polen-prof-janusz-cisek\/","title":{"rendered":"2012 Wyst\u0105pienie Prof. Janusza Ciska Podsekretarza Stanu w Ministerstwie Spraw Zagranicznych"},"content":{"rendered":"<p><span style=\"font-size: large;\"><span style=\"color: #ff0000;\">Wyst\u0105pienie Prof. Janusza Ciska Podsekretarza Stanu w Ministerstwie Spraw Zagranicznych<\/span><br \/>\n<\/span><img loading=\"lazy\" decoding=\"async\" class=\"alignleft size-full wp-image-3075\" src=\"https:\/\/www.driel-polen.nl\/wordpress\/wp-content\/uploads\/2018\/10\/Fotos-toespraken-2012-Cizek.jpg\" alt=\"\" width=\"175\" height=\"250\" \/>Szanowna Pani Burmistrz,<br \/>\nEkscelencje,<br \/>\nSzanowni weterani,<br \/>\nDrodzy cz\u0142onkowie rodzin Genera\u0142a Sosabowskiego i Cory Baltussen,<br \/>\nSzanowni Pa\u0144stwo,<br \/>\n68 lat temu, w\u0142a\u015bnie tutaj w okolicach Arnhem, mia\u0142a miejsce najwi\u0119ksza powietrzna operacja II wojny \u015bwiatowej zwana Market Garden. Ponad 40 000 ameryka\u0144skich, brytyjskich oraz polskich spadochroniarzy zosta\u0142o zaanga\u017cowanych w t\u0119 akcj\u0119. Jak co roku zebrali\u015bmy si\u0119 tutaj, w Driel, aby upami\u0119tni\u0107 to wielkie wydarzenie i z\u0142o\u017cy\u0107 ho\u0142d zar\u00f3wno poleg\u0142ym jak i \u017cyj\u0105cym bohaterom bitwy po Arnhem. Jednak tegoroczna rocznica wydaje si\u0119 by\u0107 wyj\u0105tkowa poniewa\u017c wrzesie\u0144 2012 r. zosta\u0142 og\u0142oszony przez polski senat miesi\u0105cem Genera\u0142a Sosabowskiego w zwi\u0105zku z przypadaj\u0105c\u0105 w tym roku 120 rocznic\u0105 urodzin Genera\u0142a. Jest to r\u00f3wnie\u017c jeden z kilku powod\u00f3w dlaczego zdecydowa\u0142em si\u0119 uczestniczy\u0107 w tegorocznych obchodach.<\/p>\n<p>Szanowni weterani,<br \/>\n1 Samodzielna Brygada Spadochronowa wype\u0142ni\u0142a swoje jak\u017ce trudne i niemal\u017ce niewykonalne zadanie pod Arnhem. Mimo i\u017c operacja Market Garden nie powiod\u0142a si\u0119, Brygada Genera\u0142a Sosabowskiego pozosta\u0142a niepokonana na polu bitwy. Wielu cz\u0142onk\u00f3w Brygady straci\u0142o \u017cycie \u2013 ponad 20% \u017co\u0142nierzy poleg\u0142o. Nie uda\u0142o si\u0119 jednak z\u0142ama\u0107 ducha walki w szeregach Brygady. Genera\u0142 Sosabowski okaza\u0142 si\u0119 by\u0107 wspania\u0142ym dow\u00f3dc\u0105, kt\u00f3ry potrafi\u0142 zmobilizowa\u0107 swoich \u017co\u0142nierzy. Cz\u0142onkowie Brygady wykazali si\u0119 najwy\u017cszymi cechami dobrego \u017co\u0142nierza: dyscyplin\u0105, odwag\u0105 i po\u015bwi\u0119ceniem. Brygada zapisa\u0142a si\u0119 na kartach historii jako pierwsza polska jednostka spadochronowa zaanga\u017cowana w walk\u0119. Oddaj\u0119 wam cze\u015b\u0107 za Wasz\u0105 niezr\u00f3wnan\u0105 odwag\u0119, patriotyzm i determinacj\u0119. Wzi\u0119li\u015bcie udzia\u0142 w morderczej walce, aby\u015bmy my mogli cieszy\u0107 si\u0119 pokojem i demokracj\u0105.<br \/>\nWasza wola walki i odwaga, kt\u00f3rymi wykazali\u015bcie si\u0119 68 lat temu s\u0105 najlepszym przyk\u0142adem oraz inspiracj\u0105 do tego, aby podejmowa\u0107 wszelkie dzia\u0142ania w celu utrzymania pokoju i bezpiecze\u0144stwa w Europie oraz na ca\u0142ym \u015bwiecie. Pami\u0119tajmy, i\u017c Unia Europejska, do kt\u00f3rej Polska do\u0142\u0105czy\u0142a zaledwie kilka lat temu, zrodzi\u0142a si\u0119 z gorzkiej lekcji historii, kt\u00f3r\u0105 okaza\u0142a si\u0119 by\u0107 II wojna \u015bwiatowa. Unia Europejska jest wyj\u0105tkowym projektem gwarantuj\u0105cym nam i przysz\u0142ym pokoleniom europejczyk\u00f3w pok\u00f3j oraz dobrobyt. Unia jest naszym wsp\u00f3lnym domem, kt\u00f3ry musimy chroni\u0107 czasami nawet poprzez stawianie wsp\u00f3lnego dobra nad dobro poszczeg\u00f3lnych pa\u0144stw.<\/p>\n<p>Szanowni holenderscy przyjaciele,<br \/>\nPragn\u0119 wyrazi\u0107 najszczersze podzi\u0119kowania za podtrzymywanie pami\u0119ci i wdzi\u0119czno\u015bci. Jestem szczeg\u00f3lnie wdzi\u0119czny mieszka\u0144com Driel i innych miast w Holandii, gdzie walczyli Polacy, dzi\u0119kuj\u0119 ca\u0142emu narodowi holenderskiemu. Szczeg\u00f3lne wyrazy uznania kieruj\u0119 w stron\u0119 Cory Baltussen, za\u0142o\u017cycielki Fundacji Driel-Polen oraz jej rodziny i wszystkich tych, kt\u00f3rzy kultywuj\u0105 pami\u0119\u0107 o \u017co\u0142nierzach Genera\u0142a Sosabowskiego w Kr\u00f3lestwie Niderland\u00f3w. Wiele ju\u017c razy pad\u0142o s\u0142owo wdzi\u0119czno\u015b\u0107. To w\u0142a\u015bnie s\u0142owo wydaje si\u0119 by\u0107 kluczem do zrozumienia dorocznych obchod\u00f3w bitwy pod Arnhem. Niech mi wolno b\u0119dzie przywo\u0142a\u0107 francuskie przys\u0142owie, kt\u00f3re bardzo lubi\u0119: \u201ewdzi\u0119czno\u015b\u0107 jest pami\u0119ci\u0105 zapisan\u0105 w sercu\u201d.<br \/>\nWczoraj, Ambasador RP w Hadze, dr Jan Borkowski, w imieniu Prezydenta RP, nada\u0142 medale wszystkim cz\u0142onkom Kapitu\u0142y Orderu Wilhema z 2006 roku. Zostali oni odznaczeni za ich trud w uhonorowanie sztandaru 1 Samodzielnej Brygady Spadochronowej Wojskowym Orderem Wilhema. Przyczynili si\u0119 r\u00f3wnie\u017c do po\u015bmiertnego przyznania Genera\u0142owi Sosabowskiemu Orderu Br\u0105zowego Lwa.<br \/>\nCa\u0142y proces uhonorowania polskich \u017co\u0142nierzy trwa\u0142 niezmiernie d\u0142ugo ze wzgl\u0119du na uwarunkowania historyczne. Jednak\u017ce zosta\u0142 on ostatecznie sfinalizowany, poniewa\u017c pami\u0119\u0107 przechowywana w sercu a nie tylko w umy\u015ble poderwa\u0142a was, Holendr\u00f3w, do dzia\u0142ania. Nie trwali\u015bcie w milczeniu i bezczynno\u015bci dop\u00f3ki Genera\u0142 Sosabowski i jego \u017co\u0142nierze nie zostali sprawiedliwie uhonorowani. Dzi\u0119ki przeprowadzonemu procesowi dokumentacji odwaga i wola walki polskich \u017co\u0142nierzy i ich dow\u00f3dcy zosta\u0142a dowiedziona ponad wszelk\u0105 w\u0105tpliwo\u015b\u0107, co nie by\u0142o oczywiste dla prze\u0142o\u017conych Genera\u0142a Sosabowskiego w \u00f3wczesnym czasie.<\/p>\n<p>Szanowni Pa\u0144stwo<br \/>\nNaturaln\u0105 kolej\u0105 rzeczy jest, i\u017c wspomnienia blakn\u0105 wraz z up\u0142ywem czasu. Musimy by\u0107 wdzi\u0119czni wszystkim tym, kt\u00f3rzy pragn\u0105 wspomnienia zatrzyma\u0107. \u201eWdzi\u0119czno\u015b\u0107 jest pami\u0119ci\u0105 zapisan\u0105 w sercu\u201d. Wdzi\u0119czno\u015b\u0107 pozwala nam zrozumie\u0107 przesz\u0142o\u015b\u0107, przynosi pok\u00f3j dzisiaj i kreuje wizje dotycz\u0105ce jutra. Zanurzmy si\u0119 w nurcie historii i wspomnijmy tych, kt\u00f3rzy dali nam szans\u0119 na \u017cycie w pokoju i dobrobycie.<br \/>\nPragn\u0119 jeszcze raz podzi\u0119kowa\u0107 wszystkim tym, kt\u00f3rzy zaanga\u017cowali si\u0119 w organizacj\u0119 tegorocznych obchod\u00f3w, kt\u00f3re \u2013 jak zawsze \u2013 poruszy\u0142y serca i umys\u0142y wszystkich uczestnik\u00f3w.<\/p>\n<p>Dzi\u0119kuj\u0119 za uwag\u0119.<\/p>","protected":false},"excerpt":{"rendered":"<p>Wyst\u0105pienie Prof. Janusza Ciska Podsekretarza Stanu w Ministerstwie Spraw Zagranicznych Szanowna Pani Burmistrz, Ekscelencje, Szanowni weterani, Drodzy cz\u0142onkowie rodzin Genera\u0142a Sosabowskiego i Cory Baltussen, Szanowni Pa\u0144stwo, 68 lat temu, w\u0142a\u015bnie tutaj w okolicach Arnhem, mia\u0142a miejsce najwi\u0119ksza powietrzna operacja II <span class=\"excerpt-dots\">&hellip;<\/span> <a class=\"more-link\" href=\"https:\/\/www.driel-polen.nl\/pl\/herdenkingen\/herdenkingen-2005-2014\/2012-staatssecretaris-buitenlandse-zaken-polen-prof-janusz-cisek\/\"><span class=\"more-msg\"><img decoding=\"async\" src=\"https:\/\/www.driel-polen.nl\/downloads\/lees-meer3.jpg\"><\/p>\n<hr class=\"wvrx-expand-full\" style=\"margin:0\"><\/span><\/a><\/p>\n","protected":false},"author":17,"featured_media":0,"parent":5637,"menu_order":3,"comment_status":"closed","ping_status":"open","template":"","meta":{"_monsterinsights_skip_tracking":false,"_monsterinsights_sitenote_active":false,"_monsterinsights_sitenote_note":"","_monsterinsights_sitenote_category":0,"ngg_post_thumbnail":0,"footnotes":""},"class_list":["post-346","page","type-page","status-publish","hentry"],"yoast_head":"<!-- This site is optimized with the Yoast SEO plugin v27.4 - https:\/\/yoast.com\/product\/yoast-seo-wordpress\/ -->\n<title>2012 Wyst\u0105pienie Prof. Janusza Ciska Podsekretarza Stanu w Ministerstwie Spraw Zagranicznych - Stichting Driel-Polen<\/title>\n<meta name=\"robots\" content=\"index, follow, max-snippet:-1, max-image-preview:large, max-video-preview:-1\" \/>\n<link rel=\"canonical\" href=\"https:\/\/www.driel-polen.nl\/herdenkingen\/herdenkingen-2005-2014\/2012-staatssecretaris-buitenlandse-zaken-polen-prof-janusz-cisek\/\" \/>\n<meta property=\"og:locale\" content=\"pl_PL\" \/>\n<meta property=\"og:type\" content=\"article\" \/>\n<meta property=\"og:title\" content=\"2012 Wyst\u0105pienie Prof. Janusza Ciska Podsekretarza Stanu w Ministerstwie Spraw Zagranicznych - Stichting Driel-Polen\" \/>\n<meta property=\"og:description\" content=\"Wyst\u0105pienie Prof. Janusza Ciska Podsekretarza Stanu w Ministerstwie Spraw Zagranicznych Szanowna Pani Burmistrz, Ekscelencje, Szanowni weterani, Drodzy cz\u0142onkowie rodzin Genera\u0142a Sosabowskiego i Cory Baltussen, Szanowni Pa\u0144stwo, 68 lat temu, w\u0142a\u015bnie tutaj w okolicach Arnhem, mia\u0142a miejsce najwi\u0119ksza powietrzna operacja II &hellip;\" \/>\n<meta property=\"og:url\" content=\"https:\/\/www.driel-polen.nl\/herdenkingen\/herdenkingen-2005-2014\/2012-staatssecretaris-buitenlandse-zaken-polen-prof-janusz-cisek\/\" \/>\n<meta property=\"og:site_name\" content=\"Stichting Driel-Polen\" \/>\n<meta property=\"article:modified_time\" content=\"2021-01-12T18:53:15+00:00\" \/>\n<meta property=\"og:image\" content=\"https:\/\/www.driel-polen.nl\/wordpress\/wp-content\/uploads\/2018\/10\/Fotos-toespraken-2012-Cizek.jpg\" \/>\n<meta name=\"twitter:label1\" content=\"Szacowany czas czytania\" \/>\n\t<meta name=\"twitter:data1\" content=\"11 minut\" \/>\n<script type=\"application\/ld+json\" class=\"yoast-schema-graph\">{\"@context\":\"https:\\\/\\\/schema.org\",\"@graph\":[{\"@type\":\"WebPage\",\"@id\":\"https:\\\/\\\/www.driel-polen.nl\\\/herdenkingen\\\/herdenkingen-2005-2014\\\/2012-staatssecretaris-buitenlandse-zaken-polen-prof-janusz-cisek\\\/\",\"url\":\"https:\\\/\\\/www.driel-polen.nl\\\/herdenkingen\\\/herdenkingen-2005-2014\\\/2012-staatssecretaris-buitenlandse-zaken-polen-prof-janusz-cisek\\\/\",\"name\":\"2012 Wyst\u0105pienie Prof. Janusza Ciska Podsekretarza Stanu w Ministerstwie Spraw Zagranicznych - Stichting Driel-Polen\",\"isPartOf\":{\"@id\":\"https:\\\/\\\/www.driel-polen.nl\\\/nl\\\/#website\"},\"primaryImageOfPage\":{\"@id\":\"https:\\\/\\\/www.driel-polen.nl\\\/herdenkingen\\\/herdenkingen-2005-2014\\\/2012-staatssecretaris-buitenlandse-zaken-polen-prof-janusz-cisek\\\/#primaryimage\"},\"image\":{\"@id\":\"https:\\\/\\\/www.driel-polen.nl\\\/herdenkingen\\\/herdenkingen-2005-2014\\\/2012-staatssecretaris-buitenlandse-zaken-polen-prof-janusz-cisek\\\/#primaryimage\"},\"thumbnailUrl\":\"https:\\\/\\\/www.driel-polen.nl\\\/wordpress\\\/wp-content\\\/uploads\\\/2018\\\/10\\\/Fotos-toespraken-2012-Cizek.jpg\",\"datePublished\":\"2013-12-24T12:58:13+00:00\",\"dateModified\":\"2021-01-12T18:53:15+00:00\",\"breadcrumb\":{\"@id\":\"https:\\\/\\\/www.driel-polen.nl\\\/herdenkingen\\\/herdenkingen-2005-2014\\\/2012-staatssecretaris-buitenlandse-zaken-polen-prof-janusz-cisek\\\/#breadcrumb\"},\"inLanguage\":\"pl-PL\",\"potentialAction\":[{\"@type\":\"ReadAction\",\"target\":[\"https:\\\/\\\/www.driel-polen.nl\\\/herdenkingen\\\/herdenkingen-2005-2014\\\/2012-staatssecretaris-buitenlandse-zaken-polen-prof-janusz-cisek\\\/\"]}]},{\"@type\":\"ImageObject\",\"inLanguage\":\"pl-PL\",\"@id\":\"https:\\\/\\\/www.driel-polen.nl\\\/herdenkingen\\\/herdenkingen-2005-2014\\\/2012-staatssecretaris-buitenlandse-zaken-polen-prof-janusz-cisek\\\/#primaryimage\",\"url\":\"https:\\\/\\\/www.driel-polen.nl\\\/wordpress\\\/wp-content\\\/uploads\\\/2018\\\/10\\\/Fotos-toespraken-2012-Cizek.jpg\",\"contentUrl\":\"https:\\\/\\\/www.driel-polen.nl\\\/wordpress\\\/wp-content\\\/uploads\\\/2018\\\/10\\\/Fotos-toespraken-2012-Cizek.jpg\"},{\"@type\":\"BreadcrumbList\",\"@id\":\"https:\\\/\\\/www.driel-polen.nl\\\/herdenkingen\\\/herdenkingen-2005-2014\\\/2012-staatssecretaris-buitenlandse-zaken-polen-prof-janusz-cisek\\\/#breadcrumb\",\"itemListElement\":[{\"@type\":\"ListItem\",\"position\":1,\"name\":\"Herdenkingen\",\"item\":\"https:\\\/\\\/www.driel-polen.nl\\\/herdenkingen\\\/\"},{\"@type\":\"ListItem\",\"position\":2,\"name\":\"Herdenkingen 2005-2014\",\"item\":\"https:\\\/\\\/www.driel-polen.nl\\\/herdenkingen\\\/herdenkingen-2005-2014\\\/\"},{\"@type\":\"ListItem\",\"position\":3,\"name\":\"2012 Wyst\u0105pienie Prof. Janusza Ciska Podsekretarza Stanu w Ministerstwie Spraw Zagranicznych\"}]},{\"@type\":\"WebSite\",\"@id\":\"https:\\\/\\\/www.driel-polen.nl\\\/nl\\\/#website\",\"url\":\"https:\\\/\\\/www.driel-polen.nl\\\/nl\\\/\",\"name\":\"Stichting Driel-Polen\",\"description\":\"General St. Sosabowski\",\"potentialAction\":[{\"@type\":\"SearchAction\",\"target\":{\"@type\":\"EntryPoint\",\"urlTemplate\":\"https:\\\/\\\/www.driel-polen.nl\\\/nl\\\/?s={search_term_string}\"},\"query-input\":{\"@type\":\"PropertyValueSpecification\",\"valueRequired\":true,\"valueName\":\"search_term_string\"}}],\"inLanguage\":\"pl-PL\"}]}<\/script>\n<!-- \/ Yoast SEO plugin. -->","yoast_head_json":{"title":"2012 Wyst\u0105pienie Prof. Janusza Ciska Podsekretarza Stanu w Ministerstwie Spraw Zagranicznych - Stichting Driel-Polen","robots":{"index":"index","follow":"follow","max-snippet":"max-snippet:-1","max-image-preview":"max-image-preview:large","max-video-preview":"max-video-preview:-1"},"canonical":"https:\/\/www.driel-polen.nl\/herdenkingen\/herdenkingen-2005-2014\/2012-staatssecretaris-buitenlandse-zaken-polen-prof-janusz-cisek\/","og_locale":"pl_PL","og_type":"article","og_title":"2012 Wyst\u0105pienie Prof. Janusza Ciska Podsekretarza Stanu w Ministerstwie Spraw Zagranicznych - Stichting Driel-Polen","og_description":"Wyst\u0105pienie Prof. Janusza Ciska Podsekretarza Stanu w Ministerstwie Spraw Zagranicznych Szanowna Pani Burmistrz, Ekscelencje, Szanowni weterani, Drodzy cz\u0142onkowie rodzin Genera\u0142a Sosabowskiego i Cory Baltussen, Szanowni Pa\u0144stwo, 68 lat temu, w\u0142a\u015bnie tutaj w okolicach Arnhem, mia\u0142a miejsce najwi\u0119ksza powietrzna operacja II &hellip;","og_url":"https:\/\/www.driel-polen.nl\/herdenkingen\/herdenkingen-2005-2014\/2012-staatssecretaris-buitenlandse-zaken-polen-prof-janusz-cisek\/","og_site_name":"Stichting Driel-Polen","article_modified_time":"2021-01-12T18:53:15+00:00","og_image":[{"url":"https:\/\/www.driel-polen.nl\/wordpress\/wp-content\/uploads\/2018\/10\/Fotos-toespraken-2012-Cizek.jpg","type":"","width":"","height":""}],"twitter_misc":{"Szacowany czas czytania":"11 minut"},"schema":{"@context":"https:\/\/schema.org","@graph":[{"@type":"WebPage","@id":"https:\/\/www.driel-polen.nl\/herdenkingen\/herdenkingen-2005-2014\/2012-staatssecretaris-buitenlandse-zaken-polen-prof-janusz-cisek\/","url":"https:\/\/www.driel-polen.nl\/herdenkingen\/herdenkingen-2005-2014\/2012-staatssecretaris-buitenlandse-zaken-polen-prof-janusz-cisek\/","name":"2012 Wyst\u0105pienie Prof. Janusza Ciska Podsekretarza Stanu w Ministerstwie Spraw Zagranicznych - Stichting Driel-Polen","isPartOf":{"@id":"https:\/\/www.driel-polen.nl\/nl\/#website"},"primaryImageOfPage":{"@id":"https:\/\/www.driel-polen.nl\/herdenkingen\/herdenkingen-2005-2014\/2012-staatssecretaris-buitenlandse-zaken-polen-prof-janusz-cisek\/#primaryimage"},"image":{"@id":"https:\/\/www.driel-polen.nl\/herdenkingen\/herdenkingen-2005-2014\/2012-staatssecretaris-buitenlandse-zaken-polen-prof-janusz-cisek\/#primaryimage"},"thumbnailUrl":"https:\/\/www.driel-polen.nl\/wordpress\/wp-content\/uploads\/2018\/10\/Fotos-toespraken-2012-Cizek.jpg","datePublished":"2013-12-24T12:58:13+00:00","dateModified":"2021-01-12T18:53:15+00:00","breadcrumb":{"@id":"https:\/\/www.driel-polen.nl\/herdenkingen\/herdenkingen-2005-2014\/2012-staatssecretaris-buitenlandse-zaken-polen-prof-janusz-cisek\/#breadcrumb"},"inLanguage":"pl-PL","potentialAction":[{"@type":"ReadAction","target":["https:\/\/www.driel-polen.nl\/herdenkingen\/herdenkingen-2005-2014\/2012-staatssecretaris-buitenlandse-zaken-polen-prof-janusz-cisek\/"]}]},{"@type":"ImageObject","inLanguage":"pl-PL","@id":"https:\/\/www.driel-polen.nl\/herdenkingen\/herdenkingen-2005-2014\/2012-staatssecretaris-buitenlandse-zaken-polen-prof-janusz-cisek\/#primaryimage","url":"https:\/\/www.driel-polen.nl\/wordpress\/wp-content\/uploads\/2018\/10\/Fotos-toespraken-2012-Cizek.jpg","contentUrl":"https:\/\/www.driel-polen.nl\/wordpress\/wp-content\/uploads\/2018\/10\/Fotos-toespraken-2012-Cizek.jpg"},{"@type":"BreadcrumbList","@id":"https:\/\/www.driel-polen.nl\/herdenkingen\/herdenkingen-2005-2014\/2012-staatssecretaris-buitenlandse-zaken-polen-prof-janusz-cisek\/#breadcrumb","itemListElement":[{"@type":"ListItem","position":1,"name":"Herdenkingen","item":"https:\/\/www.driel-polen.nl\/herdenkingen\/"},{"@type":"ListItem","position":2,"name":"Herdenkingen 2005-2014","item":"https:\/\/www.driel-polen.nl\/herdenkingen\/herdenkingen-2005-2014\/"},{"@type":"ListItem","position":3,"name":"2012 Wyst\u0105pienie Prof. Janusza Ciska Podsekretarza Stanu w Ministerstwie Spraw Zagranicznych"}]},{"@type":"WebSite","@id":"https:\/\/www.driel-polen.nl\/nl\/#website","url":"https:\/\/www.driel-polen.nl\/nl\/","name":"Stichting Driel-Polen","description":"General St. Sosabowski","potentialAction":[{"@type":"SearchAction","target":{"@type":"EntryPoint","urlTemplate":"https:\/\/www.driel-polen.nl\/nl\/?s={search_term_string}"},"query-input":{"@type":"PropertyValueSpecification","valueRequired":true,"valueName":"search_term_string"}}],"inLanguage":"pl-PL"}]}},"_links":{"self":[{"href":"https:\/\/www.driel-polen.nl\/pl\/wp-json\/wp\/v2\/pages\/346","targetHints":{"allow":["GET"]}}],"collection":[{"href":"https:\/\/www.driel-polen.nl\/pl\/wp-json\/wp\/v2\/pages"}],"about":[{"href":"https:\/\/www.driel-polen.nl\/pl\/wp-json\/wp\/v2\/types\/page"}],"author":[{"embeddable":true,"href":"https:\/\/www.driel-polen.nl\/pl\/wp-json\/wp\/v2\/users\/17"}],"replies":[{"embeddable":true,"href":"https:\/\/www.driel-polen.nl\/pl\/wp-json\/wp\/v2\/comments?post=346"}],"version-history":[{"count":2,"href":"https:\/\/www.driel-polen.nl\/pl\/wp-json\/wp\/v2\/pages\/346\/revisions"}],"predecessor-version":[{"id":3077,"href":"https:\/\/www.driel-polen.nl\/pl\/wp-json\/wp\/v2\/pages\/346\/revisions\/3077"}],"up":[{"embeddable":true,"href":"https:\/\/www.driel-polen.nl\/pl\/wp-json\/wp\/v2\/pages\/5637"}],"wp:attachment":[{"href":"https:\/\/www.driel-polen.nl\/pl\/wp-json\/wp\/v2\/media?parent=346"}],"curies":[{"name":"wp","href":"https:\/\/api.w.org\/{rel}","templated":true}]}}