{"id":2953,"date":"2018-10-16T19:33:18","date_gmt":"2018-10-16T17:33:18","guid":{"rendered":"https:\/\/www.driel-polen.nl\/?page_id=2953"},"modified":"2021-01-13T19:25:36","modified_gmt":"2021-01-13T18:25:36","slug":"2007-gedicht","status":"publish","type":"page","link":"https:\/\/www.driel-polen.nl\/pl\/herdenkingen\/herdenkingen-2005-2014\/2007-gedicht\/","title":{"rendered":"2007 gedicht"},"content":{"rendered":"<p>NA PO\u00ffEGNANIE GENERA\u00ffA SOSABOWSKIEGO<\/p>\n<p>To ostatni by\u00ff skok, Generale.<br \/>\nWiatr uderzy\u00ff i wyrwa\u00ff Ci\u00ff z drzwi.<br \/>\nI na pewno skoczy\u00ffe\u00ff wspaniale,<br \/>\nJakby siarki kto\u00ff doda\u00ff do krwi.<\/p>\n<p>Ta\u00ffma \u00ffycia wydar\u00ffa trzask z wn\u00fftrza<br \/>\nSpadochronu \u2013 zbyteczny ju\u00ff dysk.<br \/>\nPrzestrze\u00ff nag\u00ffa za Tob\u00ff si\u00ff spi\u00fftrza<br \/>\nA przed Tob\u00ff cel jasny jak b\u00ffysk.<\/p>\n<p>Wyzwolony pr\u00ffd w czasz\u00ff si\u00ff wbija<br \/>\nI w niej ka\u00ffdy napina si\u00ff klin.<br \/>\nA z Twej g\u00ffowy i ramion i szyi<br \/>\nW g\u00f3r\u00ff tryska spr\u00ff\u00ffony snop lin.<\/p>\n<p>Zanurzy\u00ffe\u00ff si\u00ff w noc cichociemn\u00ff<br \/>\nI sp\u00ffyn\u00ff\u00ffe\u00ff na skraj Swoich \u00ff\u00ffk,<br \/>\nAby wreszcie wy\u00ffnion\u00ff, bezcenn\u00ff<br \/>\nGrudk\u00ff ziemi przytuli\u00ff do r\u00ffk.<\/p>\n<p>Ku Warszawie ruszy\u00ffe\u00ff na prze\u00ffaj,<br \/>\nT\u00ff najkr\u00f3tsz\u00ff ze wszystkich Swych dr\u00f3g<br \/>\nPodgwizduj\u00ffc, \u00ffe jest\u2026 nie zgin\u00ff\u00ffa\u2026<br \/>\nCzuj\u00ffc skrzyd\u00ffa przypi\u00ffte do n\u00f3g.<\/p>\n<p>Eugeniusz Romiszewski &#8211; Londyn 1967<\/p>\n<p>Gen. Stanis\u00ffaw Sosabowski zmar\u00ff w Londynie w dniu 25 wrze\u00ffnia 1967 r.<br \/>\nJego prochy spocz\u00ff\u00ffy na Pow\u00ffzkach w Warszawie w dniu 14 pa\u00ffdziernika 1967r.<br \/>\n-Voorgedragen door Edyta Kowalska<\/p>","protected":false},"excerpt":{"rendered":"<p>NA PO\u00ffEGNANIE GENERA\u00ffA SOSABOWSKIEGO To ostatni by\u00ff skok, Generale. Wiatr uderzy\u00ff i wyrwa\u00ff Ci\u00ff z drzwi. I na pewno skoczy\u00ffe\u00ff wspaniale, Jakby siarki kto\u00ff doda\u00ff do krwi. Ta\u00ffma \u00ffycia wydar\u00ffa trzask z wn\u00fftrza Spadochronu \u2013 zbyteczny ju\u00ff dysk. Przestrze\u00ff nag\u00ffa <span class=\"excerpt-dots\">&hellip;<\/span> <a class=\"more-link\" href=\"https:\/\/www.driel-polen.nl\/pl\/herdenkingen\/herdenkingen-2005-2014\/2007-gedicht\/\"><span class=\"more-msg\"><img decoding=\"async\" src=\"https:\/\/www.driel-polen.nl\/downloads\/lees-meer3.jpg\"><\/p>\n<hr class=\"wvrx-expand-full\" style=\"margin:0\"><\/span><\/a><\/p>\n","protected":false},"author":17,"featured_media":0,"parent":5637,"menu_order":0,"comment_status":"closed","ping_status":"closed","template":"","meta":{"_monsterinsights_skip_tracking":false,"_monsterinsights_sitenote_active":false,"_monsterinsights_sitenote_note":"","_monsterinsights_sitenote_category":0,"ngg_post_thumbnail":0,"footnotes":""},"class_list":["post-2953","page","type-page","status-publish","hentry"],"yoast_head":"<!-- This site is optimized with the Yoast SEO plugin v27.4 - https:\/\/yoast.com\/product\/yoast-seo-wordpress\/ -->\n<title>2007 gedicht - Stichting Driel-Polen<\/title>\n<meta name=\"robots\" content=\"index, follow, max-snippet:-1, max-image-preview:large, max-video-preview:-1\" \/>\n<link rel=\"canonical\" href=\"https:\/\/www.driel-polen.nl\/herdenkingen\/herdenkingen-2005-2014\/2007-gedicht\/\" \/>\n<meta property=\"og:locale\" content=\"pl_PL\" \/>\n<meta property=\"og:type\" content=\"article\" \/>\n<meta property=\"og:title\" content=\"2007 gedicht - Stichting Driel-Polen\" \/>\n<meta property=\"og:description\" content=\"NA PO\u00ffEGNANIE GENERA\u00ffA SOSABOWSKIEGO To ostatni by\u00ff skok, Generale. Wiatr uderzy\u00ff i wyrwa\u00ff Ci\u00ff z drzwi. I na pewno skoczy\u00ffe\u00ff wspaniale, Jakby siarki kto\u00ff doda\u00ff do krwi. Ta\u00ffma \u00ffycia wydar\u00ffa trzask z wn\u00fftrza Spadochronu \u2013 zbyteczny ju\u00ff dysk. Przestrze\u00ff nag\u00ffa &hellip;\" \/>\n<meta property=\"og:url\" content=\"https:\/\/www.driel-polen.nl\/herdenkingen\/herdenkingen-2005-2014\/2007-gedicht\/\" \/>\n<meta property=\"og:site_name\" content=\"Stichting Driel-Polen\" \/>\n<meta property=\"article:modified_time\" content=\"2021-01-13T18:25:36+00:00\" \/>\n<meta name=\"twitter:label1\" content=\"Szacowany czas czytania\" \/>\n\t<meta name=\"twitter:data1\" content=\"3 minuty\" \/>\n<script type=\"application\/ld+json\" class=\"yoast-schema-graph\">{\"@context\":\"https:\\\/\\\/schema.org\",\"@graph\":[{\"@type\":\"WebPage\",\"@id\":\"https:\\\/\\\/www.driel-polen.nl\\\/herdenkingen\\\/herdenkingen-2005-2014\\\/2007-gedicht\\\/\",\"url\":\"https:\\\/\\\/www.driel-polen.nl\\\/herdenkingen\\\/herdenkingen-2005-2014\\\/2007-gedicht\\\/\",\"name\":\"2007 gedicht - Stichting Driel-Polen\",\"isPartOf\":{\"@id\":\"https:\\\/\\\/www.driel-polen.nl\\\/nl\\\/#website\"},\"datePublished\":\"2018-10-16T17:33:18+00:00\",\"dateModified\":\"2021-01-13T18:25:36+00:00\",\"breadcrumb\":{\"@id\":\"https:\\\/\\\/www.driel-polen.nl\\\/herdenkingen\\\/herdenkingen-2005-2014\\\/2007-gedicht\\\/#breadcrumb\"},\"inLanguage\":\"pl-PL\",\"potentialAction\":[{\"@type\":\"ReadAction\",\"target\":[\"https:\\\/\\\/www.driel-polen.nl\\\/herdenkingen\\\/herdenkingen-2005-2014\\\/2007-gedicht\\\/\"]}]},{\"@type\":\"BreadcrumbList\",\"@id\":\"https:\\\/\\\/www.driel-polen.nl\\\/herdenkingen\\\/herdenkingen-2005-2014\\\/2007-gedicht\\\/#breadcrumb\",\"itemListElement\":[{\"@type\":\"ListItem\",\"position\":1,\"name\":\"Herdenkingen\",\"item\":\"https:\\\/\\\/www.driel-polen.nl\\\/herdenkingen\\\/\"},{\"@type\":\"ListItem\",\"position\":2,\"name\":\"Herdenkingen 2005-2014\",\"item\":\"https:\\\/\\\/www.driel-polen.nl\\\/herdenkingen\\\/herdenkingen-2005-2014\\\/\"},{\"@type\":\"ListItem\",\"position\":3,\"name\":\"2007 gedicht\"}]},{\"@type\":\"WebSite\",\"@id\":\"https:\\\/\\\/www.driel-polen.nl\\\/nl\\\/#website\",\"url\":\"https:\\\/\\\/www.driel-polen.nl\\\/nl\\\/\",\"name\":\"Stichting Driel-Polen\",\"description\":\"General St. Sosabowski\",\"potentialAction\":[{\"@type\":\"SearchAction\",\"target\":{\"@type\":\"EntryPoint\",\"urlTemplate\":\"https:\\\/\\\/www.driel-polen.nl\\\/nl\\\/?s={search_term_string}\"},\"query-input\":{\"@type\":\"PropertyValueSpecification\",\"valueRequired\":true,\"valueName\":\"search_term_string\"}}],\"inLanguage\":\"pl-PL\"}]}<\/script>\n<!-- \/ Yoast SEO plugin. -->","yoast_head_json":{"title":"2007 gedicht - Stichting Driel-Polen","robots":{"index":"index","follow":"follow","max-snippet":"max-snippet:-1","max-image-preview":"max-image-preview:large","max-video-preview":"max-video-preview:-1"},"canonical":"https:\/\/www.driel-polen.nl\/herdenkingen\/herdenkingen-2005-2014\/2007-gedicht\/","og_locale":"pl_PL","og_type":"article","og_title":"2007 gedicht - Stichting Driel-Polen","og_description":"NA PO\u00ffEGNANIE GENERA\u00ffA SOSABOWSKIEGO To ostatni by\u00ff skok, Generale. Wiatr uderzy\u00ff i wyrwa\u00ff Ci\u00ff z drzwi. I na pewno skoczy\u00ffe\u00ff wspaniale, Jakby siarki kto\u00ff doda\u00ff do krwi. Ta\u00ffma \u00ffycia wydar\u00ffa trzask z wn\u00fftrza Spadochronu \u2013 zbyteczny ju\u00ff dysk. Przestrze\u00ff nag\u00ffa &hellip;","og_url":"https:\/\/www.driel-polen.nl\/herdenkingen\/herdenkingen-2005-2014\/2007-gedicht\/","og_site_name":"Stichting Driel-Polen","article_modified_time":"2021-01-13T18:25:36+00:00","twitter_misc":{"Szacowany czas czytania":"3 minuty"},"schema":{"@context":"https:\/\/schema.org","@graph":[{"@type":"WebPage","@id":"https:\/\/www.driel-polen.nl\/herdenkingen\/herdenkingen-2005-2014\/2007-gedicht\/","url":"https:\/\/www.driel-polen.nl\/herdenkingen\/herdenkingen-2005-2014\/2007-gedicht\/","name":"2007 gedicht - Stichting Driel-Polen","isPartOf":{"@id":"https:\/\/www.driel-polen.nl\/nl\/#website"},"datePublished":"2018-10-16T17:33:18+00:00","dateModified":"2021-01-13T18:25:36+00:00","breadcrumb":{"@id":"https:\/\/www.driel-polen.nl\/herdenkingen\/herdenkingen-2005-2014\/2007-gedicht\/#breadcrumb"},"inLanguage":"pl-PL","potentialAction":[{"@type":"ReadAction","target":["https:\/\/www.driel-polen.nl\/herdenkingen\/herdenkingen-2005-2014\/2007-gedicht\/"]}]},{"@type":"BreadcrumbList","@id":"https:\/\/www.driel-polen.nl\/herdenkingen\/herdenkingen-2005-2014\/2007-gedicht\/#breadcrumb","itemListElement":[{"@type":"ListItem","position":1,"name":"Herdenkingen","item":"https:\/\/www.driel-polen.nl\/herdenkingen\/"},{"@type":"ListItem","position":2,"name":"Herdenkingen 2005-2014","item":"https:\/\/www.driel-polen.nl\/herdenkingen\/herdenkingen-2005-2014\/"},{"@type":"ListItem","position":3,"name":"2007 gedicht"}]},{"@type":"WebSite","@id":"https:\/\/www.driel-polen.nl\/nl\/#website","url":"https:\/\/www.driel-polen.nl\/nl\/","name":"Stichting Driel-Polen","description":"General St. Sosabowski","potentialAction":[{"@type":"SearchAction","target":{"@type":"EntryPoint","urlTemplate":"https:\/\/www.driel-polen.nl\/nl\/?s={search_term_string}"},"query-input":{"@type":"PropertyValueSpecification","valueRequired":true,"valueName":"search_term_string"}}],"inLanguage":"pl-PL"}]}},"_links":{"self":[{"href":"https:\/\/www.driel-polen.nl\/pl\/wp-json\/wp\/v2\/pages\/2953","targetHints":{"allow":["GET"]}}],"collection":[{"href":"https:\/\/www.driel-polen.nl\/pl\/wp-json\/wp\/v2\/pages"}],"about":[{"href":"https:\/\/www.driel-polen.nl\/pl\/wp-json\/wp\/v2\/types\/page"}],"author":[{"embeddable":true,"href":"https:\/\/www.driel-polen.nl\/pl\/wp-json\/wp\/v2\/users\/17"}],"replies":[{"embeddable":true,"href":"https:\/\/www.driel-polen.nl\/pl\/wp-json\/wp\/v2\/comments?post=2953"}],"version-history":[{"count":2,"href":"https:\/\/www.driel-polen.nl\/pl\/wp-json\/wp\/v2\/pages\/2953\/revisions"}],"predecessor-version":[{"id":2957,"href":"https:\/\/www.driel-polen.nl\/pl\/wp-json\/wp\/v2\/pages\/2953\/revisions\/2957"}],"up":[{"embeddable":true,"href":"https:\/\/www.driel-polen.nl\/pl\/wp-json\/wp\/v2\/pages\/5637"}],"wp:attachment":[{"href":"https:\/\/www.driel-polen.nl\/pl\/wp-json\/wp\/v2\/media?parent=2953"}],"curies":[{"name":"wp","href":"https:\/\/api.w.org\/{rel}","templated":true}]}}