{"id":2945,"date":"2018-10-16T19:26:29","date_gmt":"2018-10-16T17:26:29","guid":{"rendered":"https:\/\/www.driel-polen.nl\/?page_id=2945"},"modified":"2021-01-13T19:26:05","modified_gmt":"2021-01-13T18:26:05","slug":"2007-toespraak-burgemeester","status":"publish","type":"page","link":"https:\/\/www.driel-polen.nl\/pl\/herdenkingen\/herdenkingen-2005-2014\/2007-toespraak-burgemeester\/","title":{"rendered":"2007 toespraak burgemeester"},"content":{"rendered":"<p>Szanowni Weterani, Panie i Panowie,<\/p>\n<p>Polska 1. Samodzielna Brygada Spadochronowa, pod dow\u00f3dztwem genera\u0142a Sosabowskiego, zapad\u0142a g\u0142\u0119boko w serca mieszka\u0144c\u00f3w Driel, jednej z jedenastu miejscowo\u015bci gminy Overbetuwe.<br \/>\nRodzice i dziadkowie opowiadali o swoich prze\u017cyciach dzieciom i wnukom, a one p\u00f3\u017aniej przekazywa\u0142y te wspomnienia nast\u0119pnym pokoleniom.<br \/>\nNie jako barwne opowie\u015bci wojenne, ale by da\u0107 wyraz swemu zdumieniu i podziwowi dla tych \u2013 w wi\u0119kszo\u015bci m\u0142odych \u2013 \u017co\u0142nierzy, kt\u00f3rzy mieli tyle odwagi, by da\u0107 si\u0119 przerzuci\u0107 na nieznany teren obcego kraju.<br \/>\nWielu z nich nie do\u017cy\u0142o chwili, kiedy mogliby opowiedzie\u0107 o tym w\u0142asnym dzieciom.<\/p>\n<p>Wa\u017cne jest, \u017ceby tutejsza m\u0142odzie\u017c zna\u0142a t\u0119 histori\u0119 i cho\u0107 w cz\u0119\u015bci by\u0142a w stanie zrozumie\u0107 wydarzenia, kt\u00f3rym zawdzi\u0119czaj\u0105 wolno\u015b\u0107.<br \/>\nNie jest to \u0142atwe dla wsp\u00f3\u0142czesnych dzieci, kt\u00f3re nigdy nie dozna\u0142y nawet gro\u017aby wojny czy braku demokracji.<br \/>\nKt\u00f3re nie wiedz\u0105, co to g\u0142\u00f3d.<br \/>\nKt\u00f3re nie wiedz\u0105, co znaczy l\u0119k przed wojn\u0105.<br \/>\nA jednak to w\u0142a\u015bnie ci m\u0142odzi ludzie musz\u0105 piel\u0119gnowa\u0107 pami\u0119\u0107 tamtych wrze\u015bniowych dni 1944 roku i czerpa\u0107 nauk\u0119 z tej bolesnej lekcji historii.<br \/>\n\u017beby ten jeden most za daleko sta\u0142 si\u0119 mostem do przysz\u0142o\u015bci.<br \/>\nDlatego te\u017c tak wa\u017cne jest, by\u015bmy po\u015bwi\u0119cali wiele uwagi dorocznej Mi\u0119dzynarodowej Konferencji M\u0142odzie\u017cy Airborne, w kt\u00f3rej bierze udzia\u0142 mi\u0119dzy innymi m\u0142odzie\u017c z miast partnerskich czterech gmin Airborne.<\/p>\n<p>Z mieszanin\u0105 smutku i rado\u015bci uczestniczy\u0142am w zesz\u0142ym roku w uroczysto\u015bciach z okazji rehabilitacji genera\u0142a Sosabowskiego i jego \u017co\u0142nierzy.<br \/>\nSmutku, poniewa\u017c tak d\u0142ugo przysz\u0142o czeka\u0107 na t\u0119 chwil\u0119 i wielu Polak\u00f3w ju\u017c jej nie doczeka\u0142o. Rado\u015bci, poniewa\u017c wreszcie oddano im sprawiedliwo\u015b\u0107.<br \/>\nMoja rado\u015b\u0107 bra\u0142a si\u0119 tak\u017ce z faktu, \u017ce angielscy weterani w pe\u0142ni poparli t\u0119 decyzj\u0119 rz\u0105du holenderskiego, o czym \u015bwiadczy ods\u0142oni\u0119ta w zesz\u0142ym roku tablica pami\u0105tkowa ufundowana przez British Airborne Forces.<br \/>\nDlatego wspominaj\u0105c polski desant pragn\u0119 upami\u0119tni\u0107 te\u017c jednostki l\u0105dowe z 4. Dorset Regiment, jedynego pu\u0142ku, kt\u00f3ry dotar\u0142 z Nijmegen pod Driel, \u017ceby udzieli\u0107 wsparcia Polakom i os\u0142ania\u0107 ich przepraw\u0119 na drugi brzeg Renu. R\u00f3wnie\u017c z nich niewielu wr\u00f3ci\u0142o do dom\u00f3w.<\/p>\n<p>Szanowni Pa\u0144stwo,<br \/>\nCoraz mniej jest w\u015br\u00f3d nas tych, kt\u00f3rzy mog\u0105 opowiedzie\u0107 o wydarzeniach tamtych wrze\u015bniowych dni na podstawie w\u0142asnych do\u015bwiadcze\u0144.<br \/>\nDo\u015bwiadczenia \u00f3wczesnych wydarze\u0144, o czym \u015bwiadcz\u0105 docieraj\u0105ce do nas codziennie obrazy wojny i terroru, nie s\u0105 w stanie zapobiec przemocy we wsp\u00f3\u0142czesnym \u015bwiecie.<br \/>\nNiech to jednak nie b\u0119dzie dla nas powodem, by kiedykolwiek zaniecha\u0107 walki o pok\u00f3j i demokracj\u0119.<br \/>\nNiestrudzenie musimy broni\u0107 tych warto\u015bci.<br \/>\nDajemy tym dow\u00f3d naszej wdzi\u0119czno\u015bci wobec poleg\u0142ych, by ich walka i wysi\u0142ki nie posz\u0142y na marne.<\/p>\n<p>&nbsp;<\/p>\n<p>&nbsp;<\/p>","protected":false},"excerpt":{"rendered":"<p>Szanowni Weterani, Panie i Panowie, Polska 1. Samodzielna Brygada Spadochronowa, pod dow\u00f3dztwem genera\u0142a Sosabowskiego, zapad\u0142a g\u0142\u0119boko w serca mieszka\u0144c\u00f3w Driel, jednej z jedenastu miejscowo\u015bci gminy Overbetuwe. Rodzice i dziadkowie opowiadali o swoich prze\u017cyciach dzieciom i wnukom, a one p\u00f3\u017aniej przekazywa\u0142y <span class=\"excerpt-dots\">&hellip;<\/span> <a class=\"more-link\" href=\"https:\/\/www.driel-polen.nl\/pl\/herdenkingen\/herdenkingen-2005-2014\/2007-toespraak-burgemeester\/\"><span class=\"more-msg\"><img decoding=\"async\" src=\"https:\/\/www.driel-polen.nl\/downloads\/lees-meer3.jpg\"><\/p>\n<hr class=\"wvrx-expand-full\" style=\"margin:0\"><\/span><\/a><\/p>\n","protected":false},"author":17,"featured_media":0,"parent":5637,"menu_order":0,"comment_status":"closed","ping_status":"closed","template":"","meta":{"_monsterinsights_skip_tracking":false,"_monsterinsights_sitenote_active":false,"_monsterinsights_sitenote_note":"","_monsterinsights_sitenote_category":0,"ngg_post_thumbnail":0,"footnotes":""},"class_list":["post-2945","page","type-page","status-publish","hentry"],"yoast_head":"<!-- This site is optimized with the Yoast SEO plugin v27.4 - https:\/\/yoast.com\/product\/yoast-seo-wordpress\/ -->\n<title>2007 toespraak burgemeester - Stichting Driel-Polen<\/title>\n<meta name=\"robots\" content=\"index, follow, max-snippet:-1, max-image-preview:large, max-video-preview:-1\" \/>\n<link rel=\"canonical\" href=\"https:\/\/www.driel-polen.nl\/herdenkingen\/herdenkingen-2005-2014\/2007-toespraak-burgemeester\/\" \/>\n<meta property=\"og:locale\" content=\"pl_PL\" \/>\n<meta property=\"og:type\" content=\"article\" \/>\n<meta property=\"og:title\" content=\"2007 toespraak burgemeester - Stichting Driel-Polen\" \/>\n<meta property=\"og:description\" content=\"Szanowni Weterani, Panie i Panowie, Polska 1. Samodzielna Brygada Spadochronowa, pod dow\u00f3dztwem genera\u0142a Sosabowskiego, zapad\u0142a g\u0142\u0119boko w serca mieszka\u0144c\u00f3w Driel, jednej z jedenastu miejscowo\u015bci gminy Overbetuwe. Rodzice i dziadkowie opowiadali o swoich prze\u017cyciach dzieciom i wnukom, a one p\u00f3\u017aniej przekazywa\u0142y &hellip;\" \/>\n<meta property=\"og:url\" content=\"https:\/\/www.driel-polen.nl\/herdenkingen\/herdenkingen-2005-2014\/2007-toespraak-burgemeester\/\" \/>\n<meta property=\"og:site_name\" content=\"Stichting Driel-Polen\" \/>\n<meta property=\"article:modified_time\" content=\"2021-01-13T18:26:05+00:00\" \/>\n<meta name=\"twitter:label1\" content=\"Szacowany czas czytania\" \/>\n\t<meta name=\"twitter:data1\" content=\"7 minut\" \/>\n<script type=\"application\/ld+json\" class=\"yoast-schema-graph\">{\"@context\":\"https:\\\/\\\/schema.org\",\"@graph\":[{\"@type\":\"WebPage\",\"@id\":\"https:\\\/\\\/www.driel-polen.nl\\\/herdenkingen\\\/herdenkingen-2005-2014\\\/2007-toespraak-burgemeester\\\/\",\"url\":\"https:\\\/\\\/www.driel-polen.nl\\\/herdenkingen\\\/herdenkingen-2005-2014\\\/2007-toespraak-burgemeester\\\/\",\"name\":\"2007 toespraak burgemeester - Stichting Driel-Polen\",\"isPartOf\":{\"@id\":\"https:\\\/\\\/www.driel-polen.nl\\\/nl\\\/#website\"},\"datePublished\":\"2018-10-16T17:26:29+00:00\",\"dateModified\":\"2021-01-13T18:26:05+00:00\",\"breadcrumb\":{\"@id\":\"https:\\\/\\\/www.driel-polen.nl\\\/herdenkingen\\\/herdenkingen-2005-2014\\\/2007-toespraak-burgemeester\\\/#breadcrumb\"},\"inLanguage\":\"pl-PL\",\"potentialAction\":[{\"@type\":\"ReadAction\",\"target\":[\"https:\\\/\\\/www.driel-polen.nl\\\/herdenkingen\\\/herdenkingen-2005-2014\\\/2007-toespraak-burgemeester\\\/\"]}]},{\"@type\":\"BreadcrumbList\",\"@id\":\"https:\\\/\\\/www.driel-polen.nl\\\/herdenkingen\\\/herdenkingen-2005-2014\\\/2007-toespraak-burgemeester\\\/#breadcrumb\",\"itemListElement\":[{\"@type\":\"ListItem\",\"position\":1,\"name\":\"Herdenkingen\",\"item\":\"https:\\\/\\\/www.driel-polen.nl\\\/herdenkingen\\\/\"},{\"@type\":\"ListItem\",\"position\":2,\"name\":\"Herdenkingen 2005-2014\",\"item\":\"https:\\\/\\\/www.driel-polen.nl\\\/herdenkingen\\\/herdenkingen-2005-2014\\\/\"},{\"@type\":\"ListItem\",\"position\":3,\"name\":\"2007 toespraak burgemeester\"}]},{\"@type\":\"WebSite\",\"@id\":\"https:\\\/\\\/www.driel-polen.nl\\\/nl\\\/#website\",\"url\":\"https:\\\/\\\/www.driel-polen.nl\\\/nl\\\/\",\"name\":\"Stichting Driel-Polen\",\"description\":\"General St. Sosabowski\",\"potentialAction\":[{\"@type\":\"SearchAction\",\"target\":{\"@type\":\"EntryPoint\",\"urlTemplate\":\"https:\\\/\\\/www.driel-polen.nl\\\/nl\\\/?s={search_term_string}\"},\"query-input\":{\"@type\":\"PropertyValueSpecification\",\"valueRequired\":true,\"valueName\":\"search_term_string\"}}],\"inLanguage\":\"pl-PL\"}]}<\/script>\n<!-- \/ Yoast SEO plugin. -->","yoast_head_json":{"title":"2007 toespraak burgemeester - Stichting Driel-Polen","robots":{"index":"index","follow":"follow","max-snippet":"max-snippet:-1","max-image-preview":"max-image-preview:large","max-video-preview":"max-video-preview:-1"},"canonical":"https:\/\/www.driel-polen.nl\/herdenkingen\/herdenkingen-2005-2014\/2007-toespraak-burgemeester\/","og_locale":"pl_PL","og_type":"article","og_title":"2007 toespraak burgemeester - Stichting Driel-Polen","og_description":"Szanowni Weterani, Panie i Panowie, Polska 1. Samodzielna Brygada Spadochronowa, pod dow\u00f3dztwem genera\u0142a Sosabowskiego, zapad\u0142a g\u0142\u0119boko w serca mieszka\u0144c\u00f3w Driel, jednej z jedenastu miejscowo\u015bci gminy Overbetuwe. Rodzice i dziadkowie opowiadali o swoich prze\u017cyciach dzieciom i wnukom, a one p\u00f3\u017aniej przekazywa\u0142y &hellip;","og_url":"https:\/\/www.driel-polen.nl\/herdenkingen\/herdenkingen-2005-2014\/2007-toespraak-burgemeester\/","og_site_name":"Stichting Driel-Polen","article_modified_time":"2021-01-13T18:26:05+00:00","twitter_misc":{"Szacowany czas czytania":"7 minut"},"schema":{"@context":"https:\/\/schema.org","@graph":[{"@type":"WebPage","@id":"https:\/\/www.driel-polen.nl\/herdenkingen\/herdenkingen-2005-2014\/2007-toespraak-burgemeester\/","url":"https:\/\/www.driel-polen.nl\/herdenkingen\/herdenkingen-2005-2014\/2007-toespraak-burgemeester\/","name":"2007 toespraak burgemeester - Stichting Driel-Polen","isPartOf":{"@id":"https:\/\/www.driel-polen.nl\/nl\/#website"},"datePublished":"2018-10-16T17:26:29+00:00","dateModified":"2021-01-13T18:26:05+00:00","breadcrumb":{"@id":"https:\/\/www.driel-polen.nl\/herdenkingen\/herdenkingen-2005-2014\/2007-toespraak-burgemeester\/#breadcrumb"},"inLanguage":"pl-PL","potentialAction":[{"@type":"ReadAction","target":["https:\/\/www.driel-polen.nl\/herdenkingen\/herdenkingen-2005-2014\/2007-toespraak-burgemeester\/"]}]},{"@type":"BreadcrumbList","@id":"https:\/\/www.driel-polen.nl\/herdenkingen\/herdenkingen-2005-2014\/2007-toespraak-burgemeester\/#breadcrumb","itemListElement":[{"@type":"ListItem","position":1,"name":"Herdenkingen","item":"https:\/\/www.driel-polen.nl\/herdenkingen\/"},{"@type":"ListItem","position":2,"name":"Herdenkingen 2005-2014","item":"https:\/\/www.driel-polen.nl\/herdenkingen\/herdenkingen-2005-2014\/"},{"@type":"ListItem","position":3,"name":"2007 toespraak burgemeester"}]},{"@type":"WebSite","@id":"https:\/\/www.driel-polen.nl\/nl\/#website","url":"https:\/\/www.driel-polen.nl\/nl\/","name":"Stichting Driel-Polen","description":"General St. Sosabowski","potentialAction":[{"@type":"SearchAction","target":{"@type":"EntryPoint","urlTemplate":"https:\/\/www.driel-polen.nl\/nl\/?s={search_term_string}"},"query-input":{"@type":"PropertyValueSpecification","valueRequired":true,"valueName":"search_term_string"}}],"inLanguage":"pl-PL"}]}},"_links":{"self":[{"href":"https:\/\/www.driel-polen.nl\/pl\/wp-json\/wp\/v2\/pages\/2945","targetHints":{"allow":["GET"]}}],"collection":[{"href":"https:\/\/www.driel-polen.nl\/pl\/wp-json\/wp\/v2\/pages"}],"about":[{"href":"https:\/\/www.driel-polen.nl\/pl\/wp-json\/wp\/v2\/types\/page"}],"author":[{"embeddable":true,"href":"https:\/\/www.driel-polen.nl\/pl\/wp-json\/wp\/v2\/users\/17"}],"replies":[{"embeddable":true,"href":"https:\/\/www.driel-polen.nl\/pl\/wp-json\/wp\/v2\/comments?post=2945"}],"version-history":[{"count":1,"href":"https:\/\/www.driel-polen.nl\/pl\/wp-json\/wp\/v2\/pages\/2945\/revisions"}],"predecessor-version":[{"id":2947,"href":"https:\/\/www.driel-polen.nl\/pl\/wp-json\/wp\/v2\/pages\/2945\/revisions\/2947"}],"up":[{"embeddable":true,"href":"https:\/\/www.driel-polen.nl\/pl\/wp-json\/wp\/v2\/pages\/5637"}],"wp:attachment":[{"href":"https:\/\/www.driel-polen.nl\/pl\/wp-json\/wp\/v2\/media?parent=2945"}],"curies":[{"name":"wp","href":"https:\/\/api.w.org\/{rel}","templated":true}]}}