{"id":2941,"date":"2018-10-16T19:21:17","date_gmt":"2018-10-16T17:21:17","guid":{"rendered":"https:\/\/www.driel-polen.nl\/?page_id=2941"},"modified":"2021-01-13T19:27:10","modified_gmt":"2021-01-13T18:27:10","slug":"2007-toespraak-voorzitter","status":"publish","type":"page","link":"https:\/\/www.driel-polen.nl\/pl\/herdenkingen\/herdenkingen-2005-2014\/2007-toespraak-voorzitter\/","title":{"rendered":"2007 Toespraak voorzitter"},"content":{"rendered":"<p>Przem\u00f3wienie w j\u0119zyku polskim pana Arno Baltussena Przewodnicz\u0105cego Stowarzyszenia Driel-Polska<\/p>\n<p>Szanowni Pa\u0144stwo!<\/p>\n<p>W tym roku na uroczysto\u015bciach w Driel po raz pierwszy obecnych jest tylko czterech kombatant\u00f3w Pierwszej Samodzielnej Brygady Spadochronowej genera\u0142a Stanis\u0142awa Sosabowskiego.<br \/>\nNadchodz\u0105ce lata raczej nie zmieni\u0105 tego stanu rzeczy.<\/p>\n<p>W ubieg\u0142ym roku Zwi\u0105zek Polskich Spadochroniarzy, zrzeszaj\u0105cy kombatant\u00f3w Brygady w Wielkiej Brytanii, zosta\u0142 rozwi\u0105zany. W zwi\u0105zku z tym nie mogli\u015bmy na czas powiadomi\u0107 kombatant\u00f3w i wdowy po \u017co\u0142nierzach o dzisiejszych uroczysto\u015bciach. W nast\u0119pnym roku powiadomimy wszystkich &#8211; kombatant\u00f3w i wdowy &#8211; zar\u00f3wno w Polsce, jak i w Anglii. Mamy nadziej\u0119, \u017ce jeszcze przez wiele lat b\u0119dziemy mogli liczy\u0107 na ich obecno\u015b\u0107 tutaj, w Driel.<br \/>\nW ubieg\u0142ym roku \u2013 z inicjatywy brytyjskich kombatant\u00f3w \u2013 w Driel stan\u0105\u0142 pomnik genera\u0142a Sosabowskiego. Wczoraj przy tym pomniku odby\u0142a si\u0119 uroczysto\u015b\u0107 ods\u0142oni\u0119cia p\u0142yty pami\u0105tkowej. Informuje ona w trzech j\u0119zykach o kr\u00f3tkiej historii jego powstania. Z tego miejsca chcia\u0142bym gor\u0105co podzi\u0119kowa\u0107 brytyjskim pomys\u0142odawcom za ich inicjatyw\u0119.<\/p>\n<p>W tym roku dwie wa\u017cne daty z historii Brygady zas\u0142uguj\u0105 na nasz\u0105 uwag\u0119.<br \/>\n60 lat temu, 18 lipca 1947 roku, Pierwsza Samodzielna Brygada Spadochronowa zosta\u0142a rozwi\u0105zana.<br \/>\nSpadkobierczyni\u0105 tradycji po Brygadzie Spadochronowej jest obecnie 6. Brygada Desantowo-Szturmowa z Krakowa. W ubieg\u0142ym roku brygada ta odebra\u0142a z r\u0105k kr\u00f3lowej Holandii Beatrix najwy\u017csze odznaczenie wojskowe tego kraju \u2013 Order Wojskowy Wilhelma.<\/p>\n<p>Drug\u0105 wa\u017cn\u0105 dat\u0105 jest 25 wrze\u015bnia 1967 roku. W tym dniu \u2013 40 lat temu \u2013 odszed\u0142 na wieczn\u0105 wart\u0119 genera\u0142 brygady Stanis\u0142aw Sosabowski.<br \/>\nNa pogrzebie genera\u0142a odczytany zosta\u0142 wiersz Eugeniusza Romiszewskiego &#8211; jednego z towarzyszy broni. Wiersz ten autor zadedykowa\u0142 pami\u0119ci ich dow\u00f3dcy.<\/p>\n<p>W trakcie dzisiejszej uroczysto\u015bci trzech m\u0142odych ludzi: z Polski, Holandii i Anglii przypomni nam ten okoliczno\u015bciowy wiersz.<\/p>\n<p>Dzi\u0119kuj\u0119 Pa\u0144stwu za uwag\u0119.<\/p>","protected":false},"excerpt":{"rendered":"<p>Przem\u00f3wienie w j\u0119zyku polskim pana Arno Baltussena Przewodnicz\u0105cego Stowarzyszenia Driel-Polska Szanowni Pa\u0144stwo! W tym roku na uroczysto\u015bciach w Driel po raz pierwszy obecnych jest tylko czterech kombatant\u00f3w Pierwszej Samodzielnej Brygady Spadochronowej genera\u0142a Stanis\u0142awa Sosabowskiego. Nadchodz\u0105ce lata raczej nie zmieni\u0105 tego <span class=\"excerpt-dots\">&hellip;<\/span> <a class=\"more-link\" href=\"https:\/\/www.driel-polen.nl\/pl\/herdenkingen\/herdenkingen-2005-2014\/2007-toespraak-voorzitter\/\"><span class=\"more-msg\"><img decoding=\"async\" src=\"https:\/\/www.driel-polen.nl\/downloads\/lees-meer3.jpg\"><\/p>\n<hr class=\"wvrx-expand-full\" style=\"margin:0\"><\/span><\/a><\/p>\n","protected":false},"author":17,"featured_media":0,"parent":5637,"menu_order":0,"comment_status":"closed","ping_status":"closed","template":"","meta":{"_monsterinsights_skip_tracking":false,"_monsterinsights_sitenote_active":false,"_monsterinsights_sitenote_note":"","_monsterinsights_sitenote_category":0,"ngg_post_thumbnail":0,"footnotes":""},"class_list":["post-2941","page","type-page","status-publish","hentry"],"yoast_head":"<!-- This site is optimized with the Yoast SEO plugin v27.4 - https:\/\/yoast.com\/product\/yoast-seo-wordpress\/ -->\n<title>2007 Toespraak voorzitter - Stichting Driel-Polen<\/title>\n<meta name=\"robots\" content=\"index, follow, max-snippet:-1, max-image-preview:large, max-video-preview:-1\" \/>\n<link rel=\"canonical\" href=\"https:\/\/www.driel-polen.nl\/herdenkingen\/herdenkingen-2005-2014\/2007-toespraak-voorzitter\/\" \/>\n<meta property=\"og:locale\" content=\"pl_PL\" \/>\n<meta property=\"og:type\" content=\"article\" \/>\n<meta property=\"og:title\" content=\"2007 Toespraak voorzitter - Stichting Driel-Polen\" \/>\n<meta property=\"og:description\" content=\"Przem\u00f3wienie w j\u0119zyku polskim pana Arno Baltussena Przewodnicz\u0105cego Stowarzyszenia Driel-Polska Szanowni Pa\u0144stwo! W tym roku na uroczysto\u015bciach w Driel po raz pierwszy obecnych jest tylko czterech kombatant\u00f3w Pierwszej Samodzielnej Brygady Spadochronowej genera\u0142a Stanis\u0142awa Sosabowskiego. Nadchodz\u0105ce lata raczej nie zmieni\u0105 tego &hellip;\" \/>\n<meta property=\"og:url\" content=\"https:\/\/www.driel-polen.nl\/herdenkingen\/herdenkingen-2005-2014\/2007-toespraak-voorzitter\/\" \/>\n<meta property=\"og:site_name\" content=\"Stichting Driel-Polen\" \/>\n<meta property=\"article:modified_time\" content=\"2021-01-13T18:27:10+00:00\" \/>\n<meta name=\"twitter:label1\" content=\"Szacowany czas czytania\" \/>\n\t<meta name=\"twitter:data1\" content=\"6 minut\" \/>\n<script type=\"application\/ld+json\" class=\"yoast-schema-graph\">{\"@context\":\"https:\\\/\\\/schema.org\",\"@graph\":[{\"@type\":\"WebPage\",\"@id\":\"https:\\\/\\\/www.driel-polen.nl\\\/herdenkingen\\\/herdenkingen-2005-2014\\\/2007-toespraak-voorzitter\\\/\",\"url\":\"https:\\\/\\\/www.driel-polen.nl\\\/herdenkingen\\\/herdenkingen-2005-2014\\\/2007-toespraak-voorzitter\\\/\",\"name\":\"2007 Toespraak voorzitter - Stichting Driel-Polen\",\"isPartOf\":{\"@id\":\"https:\\\/\\\/www.driel-polen.nl\\\/nl\\\/#website\"},\"datePublished\":\"2018-10-16T17:21:17+00:00\",\"dateModified\":\"2021-01-13T18:27:10+00:00\",\"breadcrumb\":{\"@id\":\"https:\\\/\\\/www.driel-polen.nl\\\/herdenkingen\\\/herdenkingen-2005-2014\\\/2007-toespraak-voorzitter\\\/#breadcrumb\"},\"inLanguage\":\"pl-PL\",\"potentialAction\":[{\"@type\":\"ReadAction\",\"target\":[\"https:\\\/\\\/www.driel-polen.nl\\\/herdenkingen\\\/herdenkingen-2005-2014\\\/2007-toespraak-voorzitter\\\/\"]}]},{\"@type\":\"BreadcrumbList\",\"@id\":\"https:\\\/\\\/www.driel-polen.nl\\\/herdenkingen\\\/herdenkingen-2005-2014\\\/2007-toespraak-voorzitter\\\/#breadcrumb\",\"itemListElement\":[{\"@type\":\"ListItem\",\"position\":1,\"name\":\"Herdenkingen\",\"item\":\"https:\\\/\\\/www.driel-polen.nl\\\/herdenkingen\\\/\"},{\"@type\":\"ListItem\",\"position\":2,\"name\":\"Herdenkingen 2005-2014\",\"item\":\"https:\\\/\\\/www.driel-polen.nl\\\/herdenkingen\\\/herdenkingen-2005-2014\\\/\"},{\"@type\":\"ListItem\",\"position\":3,\"name\":\"2007 Toespraak voorzitter\"}]},{\"@type\":\"WebSite\",\"@id\":\"https:\\\/\\\/www.driel-polen.nl\\\/nl\\\/#website\",\"url\":\"https:\\\/\\\/www.driel-polen.nl\\\/nl\\\/\",\"name\":\"Stichting Driel-Polen\",\"description\":\"General St. Sosabowski\",\"potentialAction\":[{\"@type\":\"SearchAction\",\"target\":{\"@type\":\"EntryPoint\",\"urlTemplate\":\"https:\\\/\\\/www.driel-polen.nl\\\/nl\\\/?s={search_term_string}\"},\"query-input\":{\"@type\":\"PropertyValueSpecification\",\"valueRequired\":true,\"valueName\":\"search_term_string\"}}],\"inLanguage\":\"pl-PL\"}]}<\/script>\n<!-- \/ Yoast SEO plugin. -->","yoast_head_json":{"title":"2007 Toespraak voorzitter - Stichting Driel-Polen","robots":{"index":"index","follow":"follow","max-snippet":"max-snippet:-1","max-image-preview":"max-image-preview:large","max-video-preview":"max-video-preview:-1"},"canonical":"https:\/\/www.driel-polen.nl\/herdenkingen\/herdenkingen-2005-2014\/2007-toespraak-voorzitter\/","og_locale":"pl_PL","og_type":"article","og_title":"2007 Toespraak voorzitter - Stichting Driel-Polen","og_description":"Przem\u00f3wienie w j\u0119zyku polskim pana Arno Baltussena Przewodnicz\u0105cego Stowarzyszenia Driel-Polska Szanowni Pa\u0144stwo! W tym roku na uroczysto\u015bciach w Driel po raz pierwszy obecnych jest tylko czterech kombatant\u00f3w Pierwszej Samodzielnej Brygady Spadochronowej genera\u0142a Stanis\u0142awa Sosabowskiego. Nadchodz\u0105ce lata raczej nie zmieni\u0105 tego &hellip;","og_url":"https:\/\/www.driel-polen.nl\/herdenkingen\/herdenkingen-2005-2014\/2007-toespraak-voorzitter\/","og_site_name":"Stichting Driel-Polen","article_modified_time":"2021-01-13T18:27:10+00:00","twitter_misc":{"Szacowany czas czytania":"6 minut"},"schema":{"@context":"https:\/\/schema.org","@graph":[{"@type":"WebPage","@id":"https:\/\/www.driel-polen.nl\/herdenkingen\/herdenkingen-2005-2014\/2007-toespraak-voorzitter\/","url":"https:\/\/www.driel-polen.nl\/herdenkingen\/herdenkingen-2005-2014\/2007-toespraak-voorzitter\/","name":"2007 Toespraak voorzitter - Stichting Driel-Polen","isPartOf":{"@id":"https:\/\/www.driel-polen.nl\/nl\/#website"},"datePublished":"2018-10-16T17:21:17+00:00","dateModified":"2021-01-13T18:27:10+00:00","breadcrumb":{"@id":"https:\/\/www.driel-polen.nl\/herdenkingen\/herdenkingen-2005-2014\/2007-toespraak-voorzitter\/#breadcrumb"},"inLanguage":"pl-PL","potentialAction":[{"@type":"ReadAction","target":["https:\/\/www.driel-polen.nl\/herdenkingen\/herdenkingen-2005-2014\/2007-toespraak-voorzitter\/"]}]},{"@type":"BreadcrumbList","@id":"https:\/\/www.driel-polen.nl\/herdenkingen\/herdenkingen-2005-2014\/2007-toespraak-voorzitter\/#breadcrumb","itemListElement":[{"@type":"ListItem","position":1,"name":"Herdenkingen","item":"https:\/\/www.driel-polen.nl\/herdenkingen\/"},{"@type":"ListItem","position":2,"name":"Herdenkingen 2005-2014","item":"https:\/\/www.driel-polen.nl\/herdenkingen\/herdenkingen-2005-2014\/"},{"@type":"ListItem","position":3,"name":"2007 Toespraak voorzitter"}]},{"@type":"WebSite","@id":"https:\/\/www.driel-polen.nl\/nl\/#website","url":"https:\/\/www.driel-polen.nl\/nl\/","name":"Stichting Driel-Polen","description":"General St. Sosabowski","potentialAction":[{"@type":"SearchAction","target":{"@type":"EntryPoint","urlTemplate":"https:\/\/www.driel-polen.nl\/nl\/?s={search_term_string}"},"query-input":{"@type":"PropertyValueSpecification","valueRequired":true,"valueName":"search_term_string"}}],"inLanguage":"pl-PL"}]}},"_links":{"self":[{"href":"https:\/\/www.driel-polen.nl\/pl\/wp-json\/wp\/v2\/pages\/2941","targetHints":{"allow":["GET"]}}],"collection":[{"href":"https:\/\/www.driel-polen.nl\/pl\/wp-json\/wp\/v2\/pages"}],"about":[{"href":"https:\/\/www.driel-polen.nl\/pl\/wp-json\/wp\/v2\/types\/page"}],"author":[{"embeddable":true,"href":"https:\/\/www.driel-polen.nl\/pl\/wp-json\/wp\/v2\/users\/17"}],"replies":[{"embeddable":true,"href":"https:\/\/www.driel-polen.nl\/pl\/wp-json\/wp\/v2\/comments?post=2941"}],"version-history":[{"count":1,"href":"https:\/\/www.driel-polen.nl\/pl\/wp-json\/wp\/v2\/pages\/2941\/revisions"}],"predecessor-version":[{"id":2943,"href":"https:\/\/www.driel-polen.nl\/pl\/wp-json\/wp\/v2\/pages\/2941\/revisions\/2943"}],"up":[{"embeddable":true,"href":"https:\/\/www.driel-polen.nl\/pl\/wp-json\/wp\/v2\/pages\/5637"}],"wp:attachment":[{"href":"https:\/\/www.driel-polen.nl\/pl\/wp-json\/wp\/v2\/media?parent=2941"}],"curies":[{"name":"wp","href":"https:\/\/api.w.org\/{rel}","templated":true}]}}