{"id":272,"date":"2013-12-23T12:28:24","date_gmt":"2013-12-23T11:28:24","guid":{"rendered":"http:\/\/www.driel-polen.nl\/wordpress\/?page_id=272"},"modified":"2021-01-12T19:36:21","modified_gmt":"2021-01-12T18:36:21","slug":"burgemeester-dhr-a-s-f-asseldonk","status":"publish","type":"page","link":"https:\/\/www.driel-polen.nl\/pl\/herdenkingen\/herdenkingen-2005-2014\/burgemeester-dhr-a-s-f-asseldonk\/","title":{"rendered":"2013 Burmistrz gminy Pana A.S.F. van Asseldonk"},"content":{"rendered":"<p><span style=\"font-size: large; color: #ff0000;\">Burmistrz gminy Overbetuwe: Pana A.S.F. van Asseldonk <\/span><br \/>\n<img loading=\"lazy\" decoding=\"async\" class=\"alignleft size-full wp-image-2995\" src=\"https:\/\/www.driel-polen.nl\/wordpress\/wp-content\/uploads\/2018\/10\/Fotos-toespraken-2013-Asseldonk.jpg\" alt=\"\" width=\"175\" height=\"250\" \/>\u201eBring my love to my country, bring my love to Poland\u201d<br \/>\nTo by\u0142y ostatnie s\u0142owa wypowiedziane przez umieraj\u0105cego \u017co\u0142nierza 1. Polskiej Samodzielnej Brygady Spadochronowej we wrze\u015bniu 1944 roku. By\u0142y one skierowane do Cory Baltussen.<\/p>\n<p>S\u0142owa, kt\u00f3re niedawno po raz pierwszy us\u0142ysza\u0142em jako burmistrz gminy Overbetuwe. Zaledwie jedno zdanie sk\u0142adaj\u0105ce si\u0119 z kilku wyraz\u00f3w, ale takich, kt\u00f3re wypowiedziane w tym kontek\u015bcie, dog\u0142\u0119bnie wzruszaj\u0105. S\u0142owa mi\u0142o\u015bci. Mi\u0142o\u015bci do kraju, w kt\u00f3rym si\u0119 urodzi\u0142 i wychowa\u0142. Kraju, kt\u00f3ry na jego oczach znalaz\u0142 si\u0119 pod okupacj\u0105 Niemiec w 1939 roku.<br \/>\nS\u0142owa do tych, kt\u00f3rych kocha\u0142, kt\u00f3rych musia\u0142 zostawi\u0107 i kt\u00f3rych nigdy wi\u0119cej nie by\u0142o mu dane zobaczy\u0107. Ale tak\u017ce wielu z jego towarzyszy broni, kt\u00f3rzy prze\u017cyli II wojn\u0119 \u015bwiatow\u0105, nie zobaczy\u0142o ju\u017c swojej ojczyzny, swoich rodzin i ukochanych os\u00f3b.<\/p>\n<p>W 1941 roku zosta\u0142a sformowana 1. Polska Samodzielna Brygada Spadochronowa. Wyszkolona w Szkocji, aby razem z polskim ruchem oporu walczy\u0107 z niemieckim okupantem za umi\u0142owan\u0105 Polsk\u0119. Gdy w sierpniu 1944 roku wybuch\u0142o Powstanie Warszawskie, by\u0142a nadzieja na szybkie dzia\u0142ania w ojczy\u017anie. Nadzieja ta szybko si\u0119 jednak rozwia\u0142a. Nie dosz\u0142o do zrzutu i walk w Warszawie, lecz w holenderskiej miejscowo\u015bci Driel pod Arnhem. 1. Polska Samodzielna Brygada Spadochronowa, a wi\u0119c tak\u017ce \u017co\u0142nierz, kt\u00f3ry wypowiedzia\u0142 te s\u0142owa, otrzyma\u0142a rozkaz l\u0105dowania tutaj w Driel, przekroczenia Renu i wzmocnienia 1. Brytyjskiej Dywizji Powietrzno-Desantowej okr\u0105\u017conej w Oosterbeek. Zrzut tych polskich \u017co\u0142nierzy nast\u0105pi\u0142 21 wrze\u015bnia 1944 roku. Dok\u0142adnie 69 lat temu.<\/p>\n<p>Dla tych \u017co\u0142nierzy nie by\u0142o drogi powrotnej do Polski. Ani te\u017c po kapitulacji nazistowskich Niemiec w maju 1945 roku. 1. Polska Samodzielna Brygada Spadochronowa, bez naszego nieznanego \u017co\u0142nierza, wyruszy\u0142a do Niemiec jako cz\u0119\u015b\u0107 si\u0142 okupacyjnych, aby w 1947 roku zosta\u0107 rozwi\u0105zan\u0105. Lecz nawet potem wi\u0119kszo\u015b\u0107 \u017co\u0142nierzy nie wr\u00f3ci\u0142a. Pomimo zapewnie\u0144 rz\u0105du brytyjskiego, \u017ce mog\u0105 bezpiecznie wr\u00f3ci\u0107 do wyzwolonej ojczyzny. Wielu z nich, w tym genera\u0142 Sosabowski, postanowi\u0142o rozpocz\u0105\u0107 nowe \u017cycie w Holandii, Belgii, Anglii, Ameryce albo w Kanadzie. Nie powr\u00f3ciwszy nigdy albo dopiero po wielu latach do ukochanej Polski, z kt\u00f3r\u0105 tak d\u0142ugo byli roz\u0142\u0105czeni.<\/p>\n<p>Wspomniany wcze\u015bniej umieraj\u0105cy \u017co\u0142nierz i jego towarzysze z 1. Polskiej Samodzielnej Brygady Spadochronowej walczyli tutaj 69 lat temu z okupantem, aby zwr\u00f3ci\u0107 nam nasz\u0105 wolno\u015b\u0107. By\u0107 mo\u017ce nawet zadaj\u0105c sobie pytanie, czy sami kiedy\u015b b\u0119d\u0105 mogli zobaczy\u0107 swoj\u0105 wyzwolon\u0105 ojczyzn\u0119. Pytanie, na kt\u00f3re odpowiedzi mog\u0105 udzieli\u0107 wy\u0142\u0105cznie \u017co\u0142nierze brygady, o\u015bmiu spo\u015br\u00f3d kt\u00f3rych jest dzisiaj w\u015br\u00f3d nas.<\/p>\n<p>Do nich i do wszystkich polskich uczestnik\u00f3w uroczysto\u015bci upami\u0119tniaj\u0105cych chcia\u0142bym si\u0119 zwr\u00f3ci\u0107 ostatnimi s\u0142owami umieraj\u0105cego polskiego \u017co\u0142nierza: \u201eBring my love to my country, bring my love to Poland\u201c (Pozdr\u00f3w m\u00f3j kraj, pozdr\u00f3w moj\u0105 Polsk\u0119), poniewa\u017c jeste\u015bmy Pa\u0144stwu dozgonnie wdzi\u0119czni za dan\u0105 nam wolno\u015b\u0107.<\/p>","protected":false},"excerpt":{"rendered":"<p>Burmistrz gminy Overbetuwe: Pana A.S.F. van Asseldonk \u201eBring my love to my country, bring my love to Poland\u201d To by\u0142y ostatnie s\u0142owa wypowiedziane przez umieraj\u0105cego \u017co\u0142nierza 1. Polskiej Samodzielnej Brygady Spadochronowej we wrze\u015bniu 1944 roku. By\u0142y one skierowane do Cory <span class=\"excerpt-dots\">&hellip;<\/span> <a class=\"more-link\" href=\"https:\/\/www.driel-polen.nl\/pl\/herdenkingen\/herdenkingen-2005-2014\/burgemeester-dhr-a-s-f-asseldonk\/\"><span class=\"more-msg\"><img decoding=\"async\" src=\"https:\/\/www.driel-polen.nl\/downloads\/lees-meer3.jpg\"><\/p>\n<hr class=\"wvrx-expand-full\" style=\"margin:0\"><\/span><\/a><\/p>\n","protected":false},"author":17,"featured_media":0,"parent":5637,"menu_order":7,"comment_status":"closed","ping_status":"open","template":"","meta":{"_monsterinsights_skip_tracking":false,"_monsterinsights_sitenote_active":false,"_monsterinsights_sitenote_note":"","_monsterinsights_sitenote_category":0,"ngg_post_thumbnail":0,"footnotes":""},"class_list":["post-272","page","type-page","status-publish","hentry"],"yoast_head":"<!-- This site is optimized with the Yoast SEO plugin v27.4 - https:\/\/yoast.com\/product\/yoast-seo-wordpress\/ -->\n<title>2013 Burmistrz gminy Pana A.S.F. van Asseldonk - Stichting Driel-Polen<\/title>\n<meta name=\"robots\" content=\"index, follow, max-snippet:-1, max-image-preview:large, max-video-preview:-1\" \/>\n<link rel=\"canonical\" href=\"https:\/\/www.driel-polen.nl\/herdenkingen\/herdenkingen-2005-2014\/burgemeester-dhr-a-s-f-asseldonk\/\" \/>\n<meta property=\"og:locale\" content=\"pl_PL\" \/>\n<meta property=\"og:type\" content=\"article\" \/>\n<meta property=\"og:title\" content=\"2013 Burmistrz gminy Pana A.S.F. van Asseldonk - Stichting Driel-Polen\" \/>\n<meta property=\"og:description\" content=\"Burmistrz gminy Overbetuwe: Pana A.S.F. van Asseldonk \u201eBring my love to my country, bring my love to Poland\u201d To by\u0142y ostatnie s\u0142owa wypowiedziane przez umieraj\u0105cego \u017co\u0142nierza 1. Polskiej Samodzielnej Brygady Spadochronowej we wrze\u015bniu 1944 roku. By\u0142y one skierowane do Cory &hellip;\" \/>\n<meta property=\"og:url\" content=\"https:\/\/www.driel-polen.nl\/herdenkingen\/herdenkingen-2005-2014\/burgemeester-dhr-a-s-f-asseldonk\/\" \/>\n<meta property=\"og:site_name\" content=\"Stichting Driel-Polen\" \/>\n<meta property=\"article:modified_time\" content=\"2021-01-12T18:36:21+00:00\" \/>\n<meta property=\"og:image\" content=\"https:\/\/www.driel-polen.nl\/wordpress\/wp-content\/uploads\/2018\/10\/Fotos-toespraken-2013-Asseldonk.jpg\" \/>\n<meta name=\"twitter:label1\" content=\"Szacowany czas czytania\" \/>\n\t<meta name=\"twitter:data1\" content=\"8 minut\" \/>\n<script type=\"application\/ld+json\" class=\"yoast-schema-graph\">{\"@context\":\"https:\\\/\\\/schema.org\",\"@graph\":[{\"@type\":\"WebPage\",\"@id\":\"https:\\\/\\\/www.driel-polen.nl\\\/herdenkingen\\\/herdenkingen-2005-2014\\\/burgemeester-dhr-a-s-f-asseldonk\\\/\",\"url\":\"https:\\\/\\\/www.driel-polen.nl\\\/herdenkingen\\\/herdenkingen-2005-2014\\\/burgemeester-dhr-a-s-f-asseldonk\\\/\",\"name\":\"2013 Burmistrz gminy Pana A.S.F. van Asseldonk - Stichting Driel-Polen\",\"isPartOf\":{\"@id\":\"https:\\\/\\\/www.driel-polen.nl\\\/nl\\\/#website\"},\"primaryImageOfPage\":{\"@id\":\"https:\\\/\\\/www.driel-polen.nl\\\/herdenkingen\\\/herdenkingen-2005-2014\\\/burgemeester-dhr-a-s-f-asseldonk\\\/#primaryimage\"},\"image\":{\"@id\":\"https:\\\/\\\/www.driel-polen.nl\\\/herdenkingen\\\/herdenkingen-2005-2014\\\/burgemeester-dhr-a-s-f-asseldonk\\\/#primaryimage\"},\"thumbnailUrl\":\"https:\\\/\\\/www.driel-polen.nl\\\/wordpress\\\/wp-content\\\/uploads\\\/2018\\\/10\\\/Fotos-toespraken-2013-Asseldonk.jpg\",\"datePublished\":\"2013-12-23T11:28:24+00:00\",\"dateModified\":\"2021-01-12T18:36:21+00:00\",\"breadcrumb\":{\"@id\":\"https:\\\/\\\/www.driel-polen.nl\\\/herdenkingen\\\/herdenkingen-2005-2014\\\/burgemeester-dhr-a-s-f-asseldonk\\\/#breadcrumb\"},\"inLanguage\":\"pl-PL\",\"potentialAction\":[{\"@type\":\"ReadAction\",\"target\":[\"https:\\\/\\\/www.driel-polen.nl\\\/herdenkingen\\\/herdenkingen-2005-2014\\\/burgemeester-dhr-a-s-f-asseldonk\\\/\"]}]},{\"@type\":\"ImageObject\",\"inLanguage\":\"pl-PL\",\"@id\":\"https:\\\/\\\/www.driel-polen.nl\\\/herdenkingen\\\/herdenkingen-2005-2014\\\/burgemeester-dhr-a-s-f-asseldonk\\\/#primaryimage\",\"url\":\"https:\\\/\\\/www.driel-polen.nl\\\/wordpress\\\/wp-content\\\/uploads\\\/2018\\\/10\\\/Fotos-toespraken-2013-Asseldonk.jpg\",\"contentUrl\":\"https:\\\/\\\/www.driel-polen.nl\\\/wordpress\\\/wp-content\\\/uploads\\\/2018\\\/10\\\/Fotos-toespraken-2013-Asseldonk.jpg\"},{\"@type\":\"BreadcrumbList\",\"@id\":\"https:\\\/\\\/www.driel-polen.nl\\\/herdenkingen\\\/herdenkingen-2005-2014\\\/burgemeester-dhr-a-s-f-asseldonk\\\/#breadcrumb\",\"itemListElement\":[{\"@type\":\"ListItem\",\"position\":1,\"name\":\"Herdenkingen\",\"item\":\"https:\\\/\\\/www.driel-polen.nl\\\/herdenkingen\\\/\"},{\"@type\":\"ListItem\",\"position\":2,\"name\":\"Herdenkingen 2005-2014\",\"item\":\"https:\\\/\\\/www.driel-polen.nl\\\/herdenkingen\\\/herdenkingen-2005-2014\\\/\"},{\"@type\":\"ListItem\",\"position\":3,\"name\":\"2013 Burmistrz gminy Pana A.S.F. van Asseldonk\"}]},{\"@type\":\"WebSite\",\"@id\":\"https:\\\/\\\/www.driel-polen.nl\\\/nl\\\/#website\",\"url\":\"https:\\\/\\\/www.driel-polen.nl\\\/nl\\\/\",\"name\":\"Stichting Driel-Polen\",\"description\":\"General St. Sosabowski\",\"potentialAction\":[{\"@type\":\"SearchAction\",\"target\":{\"@type\":\"EntryPoint\",\"urlTemplate\":\"https:\\\/\\\/www.driel-polen.nl\\\/nl\\\/?s={search_term_string}\"},\"query-input\":{\"@type\":\"PropertyValueSpecification\",\"valueRequired\":true,\"valueName\":\"search_term_string\"}}],\"inLanguage\":\"pl-PL\"}]}<\/script>\n<!-- \/ Yoast SEO plugin. -->","yoast_head_json":{"title":"2013 Burmistrz gminy Pana A.S.F. van Asseldonk - Stichting Driel-Polen","robots":{"index":"index","follow":"follow","max-snippet":"max-snippet:-1","max-image-preview":"max-image-preview:large","max-video-preview":"max-video-preview:-1"},"canonical":"https:\/\/www.driel-polen.nl\/herdenkingen\/herdenkingen-2005-2014\/burgemeester-dhr-a-s-f-asseldonk\/","og_locale":"pl_PL","og_type":"article","og_title":"2013 Burmistrz gminy Pana A.S.F. van Asseldonk - Stichting Driel-Polen","og_description":"Burmistrz gminy Overbetuwe: Pana A.S.F. van Asseldonk \u201eBring my love to my country, bring my love to Poland\u201d To by\u0142y ostatnie s\u0142owa wypowiedziane przez umieraj\u0105cego \u017co\u0142nierza 1. Polskiej Samodzielnej Brygady Spadochronowej we wrze\u015bniu 1944 roku. By\u0142y one skierowane do Cory &hellip;","og_url":"https:\/\/www.driel-polen.nl\/herdenkingen\/herdenkingen-2005-2014\/burgemeester-dhr-a-s-f-asseldonk\/","og_site_name":"Stichting Driel-Polen","article_modified_time":"2021-01-12T18:36:21+00:00","og_image":[{"url":"https:\/\/www.driel-polen.nl\/wordpress\/wp-content\/uploads\/2018\/10\/Fotos-toespraken-2013-Asseldonk.jpg","type":"","width":"","height":""}],"twitter_misc":{"Szacowany czas czytania":"8 minut"},"schema":{"@context":"https:\/\/schema.org","@graph":[{"@type":"WebPage","@id":"https:\/\/www.driel-polen.nl\/herdenkingen\/herdenkingen-2005-2014\/burgemeester-dhr-a-s-f-asseldonk\/","url":"https:\/\/www.driel-polen.nl\/herdenkingen\/herdenkingen-2005-2014\/burgemeester-dhr-a-s-f-asseldonk\/","name":"2013 Burmistrz gminy Pana A.S.F. van Asseldonk - Stichting Driel-Polen","isPartOf":{"@id":"https:\/\/www.driel-polen.nl\/nl\/#website"},"primaryImageOfPage":{"@id":"https:\/\/www.driel-polen.nl\/herdenkingen\/herdenkingen-2005-2014\/burgemeester-dhr-a-s-f-asseldonk\/#primaryimage"},"image":{"@id":"https:\/\/www.driel-polen.nl\/herdenkingen\/herdenkingen-2005-2014\/burgemeester-dhr-a-s-f-asseldonk\/#primaryimage"},"thumbnailUrl":"https:\/\/www.driel-polen.nl\/wordpress\/wp-content\/uploads\/2018\/10\/Fotos-toespraken-2013-Asseldonk.jpg","datePublished":"2013-12-23T11:28:24+00:00","dateModified":"2021-01-12T18:36:21+00:00","breadcrumb":{"@id":"https:\/\/www.driel-polen.nl\/herdenkingen\/herdenkingen-2005-2014\/burgemeester-dhr-a-s-f-asseldonk\/#breadcrumb"},"inLanguage":"pl-PL","potentialAction":[{"@type":"ReadAction","target":["https:\/\/www.driel-polen.nl\/herdenkingen\/herdenkingen-2005-2014\/burgemeester-dhr-a-s-f-asseldonk\/"]}]},{"@type":"ImageObject","inLanguage":"pl-PL","@id":"https:\/\/www.driel-polen.nl\/herdenkingen\/herdenkingen-2005-2014\/burgemeester-dhr-a-s-f-asseldonk\/#primaryimage","url":"https:\/\/www.driel-polen.nl\/wordpress\/wp-content\/uploads\/2018\/10\/Fotos-toespraken-2013-Asseldonk.jpg","contentUrl":"https:\/\/www.driel-polen.nl\/wordpress\/wp-content\/uploads\/2018\/10\/Fotos-toespraken-2013-Asseldonk.jpg"},{"@type":"BreadcrumbList","@id":"https:\/\/www.driel-polen.nl\/herdenkingen\/herdenkingen-2005-2014\/burgemeester-dhr-a-s-f-asseldonk\/#breadcrumb","itemListElement":[{"@type":"ListItem","position":1,"name":"Herdenkingen","item":"https:\/\/www.driel-polen.nl\/herdenkingen\/"},{"@type":"ListItem","position":2,"name":"Herdenkingen 2005-2014","item":"https:\/\/www.driel-polen.nl\/herdenkingen\/herdenkingen-2005-2014\/"},{"@type":"ListItem","position":3,"name":"2013 Burmistrz gminy Pana A.S.F. van Asseldonk"}]},{"@type":"WebSite","@id":"https:\/\/www.driel-polen.nl\/nl\/#website","url":"https:\/\/www.driel-polen.nl\/nl\/","name":"Stichting Driel-Polen","description":"General St. Sosabowski","potentialAction":[{"@type":"SearchAction","target":{"@type":"EntryPoint","urlTemplate":"https:\/\/www.driel-polen.nl\/nl\/?s={search_term_string}"},"query-input":{"@type":"PropertyValueSpecification","valueRequired":true,"valueName":"search_term_string"}}],"inLanguage":"pl-PL"}]}},"_links":{"self":[{"href":"https:\/\/www.driel-polen.nl\/pl\/wp-json\/wp\/v2\/pages\/272","targetHints":{"allow":["GET"]}}],"collection":[{"href":"https:\/\/www.driel-polen.nl\/pl\/wp-json\/wp\/v2\/pages"}],"about":[{"href":"https:\/\/www.driel-polen.nl\/pl\/wp-json\/wp\/v2\/types\/page"}],"author":[{"embeddable":true,"href":"https:\/\/www.driel-polen.nl\/pl\/wp-json\/wp\/v2\/users\/17"}],"replies":[{"embeddable":true,"href":"https:\/\/www.driel-polen.nl\/pl\/wp-json\/wp\/v2\/comments?post=272"}],"version-history":[{"count":2,"href":"https:\/\/www.driel-polen.nl\/pl\/wp-json\/wp\/v2\/pages\/272\/revisions"}],"predecessor-version":[{"id":2997,"href":"https:\/\/www.driel-polen.nl\/pl\/wp-json\/wp\/v2\/pages\/272\/revisions\/2997"}],"up":[{"embeddable":true,"href":"https:\/\/www.driel-polen.nl\/pl\/wp-json\/wp\/v2\/pages\/5637"}],"wp:attachment":[{"href":"https:\/\/www.driel-polen.nl\/pl\/wp-json\/wp\/v2\/media?parent=272"}],"curies":[{"name":"wp","href":"https:\/\/api.w.org\/{rel}","templated":true}]}}