{"id":218,"date":"2013-12-19T15:02:56","date_gmt":"2013-12-19T14:02:56","guid":{"rendered":"http:\/\/www.driel-polen.nl\/wordpress\/?page_id=218"},"modified":"2021-02-23T13:57:12","modified_gmt":"2021-02-23T12:57:12","slug":"cora-baltussen","status":"publish","type":"page","link":"https:\/\/www.driel-polen.nl\/pl\/historie\/cora-baltussen\/","title":{"rendered":"Cora Baltussen"},"content":{"rendered":"<p><img loading=\"lazy\" decoding=\"async\" class=\"alignleft\" src=\"http:\/\/www.driel-polen.nl\/wordpress\/wp-content\/uploads\/2013\/12\/cora-baltussen.jpg\" alt=\"cora-baltussen\" width=\"150\" height=\"218\" \/><em><strong>1912-2005, pracownik pomocy spo\u0142ecznej, dzia\u0142aczka spo\u0142eczna<\/strong><\/em><\/p>\n<p>Cornelia Wilhelmina Maria Baltussen urodzi\u0142a si\u0119 19 stycznia 1912 roku w Driel (Over-Betuwe) jako c\u00f3rka Katarzyny Wilhelminy van der Horst (ur.18.09.1880 w Cothen; zm. 20.01.1968 w Driel) i Arnolda Johannesa Balthussena (ur. 3.03.1971 w Driel; zm. 19.10.1943 w Driel). Nigdy nie wysz\u0142a za m\u0105\u017c i zmar\u0142a 18 listopada 2005 roku w Heelsum.<\/p>\n<p>Cora Baltussen wychowywa\u0142a si\u0119 w Driel. Przysz\u0142a na \u015bwiat jako si\u00f3dme dziecko w wielodzietnej rodzinie, licz\u0105cej pi\u0119tna\u015bcioro dzieci: siedmiu syn\u00f3w i osiem c\u00f3rek. Jej ojciec by\u0142 w\u0142a\u015bcicielem fabryki d\u017cem\u00f3w i konserw, nale\u017ca\u0142 do znanych osobisto\u015bci w mie\u015bcie. Matka opiekowa\u0142a si\u0119 rodzin\u0105. Lata najwcze\u015bniejszego dzieci\u0144stwa Cory przydpad\u0142y na okres I wojny \u015bwiatowej.<br \/>\nW\u015br\u00f3d jej pierwszych wspomnie\u0144 by\u0142 obraz grupy belgijskich uchod\u017ac\u00f3w id\u0105cych pieszo z dworca w Elst, do przygotowanej dla nich jako schronienie szko\u0142y podstawowej w Driel.<br \/>\nSmutek i pustka w oczach tej grupy uchod\u017ac\u00f3w wywar\u0142a g\u0142\u0119bokie wra\u017cenie na niespe\u0142na sze\u015bcioletniej wtedy dziewczynce i uwra\u017cliwi\u0142y j\u0105 na krzywd\u0119 spo\u0142eczn\u0105. Rodzina Balhtussen\u00f3w by\u0142a wyznania katolickiego.<br \/>\nW Driel nie by\u0142o katolickiej szko\u0142y podstawowej wi\u0119c Cora, podobnie jak starsze dzieci w jej rodzinie, posz\u0142a do szko\u0142y w Lent. W ci\u0105gu tygodnia mieszka\u0142a w internacie, w Domu \u015awi\u0119tego J\u00f3zefa Si\u00f3str Opatrzno\u015bci Bo\u017cej. Po uko\u0144czeniu szko\u0142y podstawowej kontynuowa\u0142a nauk\u0119 w szkole \u015bredniej w Steijl, ko\u0142o Venlo, nale\u017c\u0105cej do tych samych si\u00f3str. Dyplom uzyska\u0142a w 1928 roku. Kilka nast\u0119pnych lat sp\u0119dzi\u0142a w domu pomagaj\u0105c matce, podobnie jak robi\u0142y to jej starsze siostry.<\/p>\n<p>Ojciec, kt\u00f3ry mia\u0142 decyduj\u0105cy g\u0142os w rodzinie, zach\u0119ca\u0142 wszystkie dzieci, r\u00f3wnie\u017c c\u00f3rki, do kontynuowania nauki lub wyuczenia zawodu, tak, \u017ceby mog\u0142y samodzielnie zarabia\u0107 na \u017cycie. W okresie kiedy Cora pomaga\u0142a matce w domu, uzyska\u0142a dyplom fryzjerki w Arnhem., Wraz z dwiema kole\u017cankami za\u0142o\u017cy\u0142a w Driel oddzia\u0142 organizacji M\u0142odych Kobiet Katolickich (KJV). Praca spo\u0142eczna i emancypacja kobiet by\u0142y dla niej bardzo wa\u017cne.<br \/>\nPrawdopodobnie pod wp\u0142ywem szkole\u0144 w KJV w pa\u017adzierniku 1932 roku Cora rozpocz\u0119\u0142a szkolenie dla Oblat\u00f3w w o\u015brodku Schotenhof, u si\u00f3str Benedyktynek, w Schoten niedaleko Antwerpii. W tym samym okresie uczy\u0142a si\u0119 w szkole dla pracownik\u00f3w pomocy spo\u0142ecznej w Brukseli. Tam te\u017c, a p\u00f3\u017aniej w Londynie i Rzymie, uczestniczy\u0142a w ko\u015bcielnych projektach pomocy dla biednych. W 1939 roku porzuci\u0142a szko\u0142\u0119 Oblat\u00f3w i wr\u00f3ci\u0142a do Holandii.<br \/>\nZnajomi pomogli jej znale\u017a\u0107 prac\u0119 w fabryce tekstyli\u00f3w w Helmond, gdzie do1944 roku pe\u0142ni\u0142a funkcj\u0119 pracownika d\/s socjalnych, do momentu, kiedy wydarzenia wojenne zdezorganizowa\u0142y \u017cycie Cory i ca\u0142ej wsi.<\/p>\n<p>Kiedy 17. wrze\u015bnia alianci rozpocz\u0119li operacj\u0119 Market Garden, Cora obchodzi\u0142a urodziny matki w domu w Driel. Stamt\u0105d mo\u017cna by\u0142o \u015bwietnie obserwowa\u0107 desant spadochroniarzy na wrzosowisku Ginkelse Heide po drugiej stronie Renu, pomi\u0119dzy miejscowo\u015bciami Renkum i Wolfheze. 19. wrze\u015bnia na nadbrze\u017ce rzeki blisko wsi spad\u0142 zestrzelony samolot brytyjski. Cora wraz z bratem i siostr\u0105, kt\u00f3rzy dopiero co przeszli kurs pierwszej pomocy, dotarli szybko na miejsce katastrofy i udzielali pomocy rannym. Ranni przewo\u017ceni byli furmank\u0105 do domu parafialnego w Driel, przerobionego tymczasowo na punkt pierwszej pomocy. Na plebanii by\u0142o dosy\u0107 miejsca, poniewa\u017c s\u0142u\u017cy\u0142a ona za lokum dla ewakuowanych.<br \/>\nRanni otrzymywali tam dalsz\u0105 pomoc i opiek\u0119.<br \/>\nW dniu 21. wrze\u015bnia, dok\u0142adnie na niemieckie linie w Driel wyl\u0105dowa\u0142o ponad tysi\u0105c polskich spadochroniarzy z Pierwszej Samodzielnej Brygady Spadochronowej pod dow\u00f3dztwem genera\u0142a Sosabowskiego (1892-1967). Wielu z nich l\u0105dowa\u0142o w pobli\u017cu domu rodzinnego Cory, le\u017c\u0105cego troch\u0119 poza centrum wsi.<br \/>\nDzi\u0119ki temu Cora szybko nawi\u0105za\u0142a kontakt z genera\u0142em Sosabowskim. M\u00f3wi\u0142a dobrze po angielsku i po\u015bredniczy\u0142a w kontaktach mi\u0119dzy Polakami a miejscow\u0105 ludno\u015bci\u0105. Wraz z innymi udziela\u0142a w domu parafialnym pierwszej pomocy licznym rannym. Po l\u0105dowaniu polscy spadochroniarze mieli przep\u0142yn\u0105\u0107 promem z Driel przez Dolny Ren, lecz gdy tam dotarli, promu nie by\u0142o. Mimo tego przez kolejne noce pr\u00f3bowali przeprawi\u0107 si\u0119 przez rzek\u0119, by przyj\u015b\u0107 z pomoc\u0105 oddzia\u0142om w Oosterbeek. Podczas tych pr\u00f3b, w wyniku ostrza\u0142u artyleryjskiego, pad\u0142y liczne ofiary.<br \/>\nCora i jej koledzy przez trzy dni i noce udzielali pomocy i opiekowali si\u0119 rannymi \u017co\u0142nierzami. 26 wrze\u015bnia bitwa pod Arnhem zako\u0144czy\u0142a si\u0119 fiaskiem i przegran\u0105 aliant\u00f3w. Cora zosta\u0142a w Driel wraz z rannymi, a\u017c do ewakuacji wsi na pocz\u0105tku pa\u017adziernika 1944 roku. P\u00f3\u017aniej, po kr\u00f3tkiej tu\u0142aczce, trafi\u0142a z rodzin\u0105 do znajomych w Gemert.<\/p>\n<p>Po wyzwoleniu, w kwietniu-maju 1945 roku Cora wst\u0105pi\u0142a do Czerwonego Krzy\u017ca, gdzie pracowa\u0142a do roku 1948. Zajmowa\u0142a si\u0119 pomoc\u0105 dla powracaj\u0105cych z ewakuacji mieszka\u0144c\u00f3w, oraz odbudow\u0105 zniszcze\u0144 i szk\u00f3d wojennych. Najpierw pracowa\u0142a w Oosterhout, gdzie by\u0142a zaanga\u017cowana w akcj\u0119 \u201eOdbudowa Betuwe\u201d, a nast\u0119pnie w Utrechcie, gdzie by\u0142a odpowiedzialna za zabezpieczenie dostaw \u017cywno\u015bci dla miasta. W 1948 roku z ramienia Czerwonego Krzy\u017ca wyjecha\u0142a do Stan\u00f3w Zjednoczonych, aby propagowa\u0107 wysy\u0142anie pomocy dla Europy.<br \/>\nZaraz potem pojecha\u0142a do Niemiec do pracy w obozach dla dzieci i wygna\u0144c\u00f3w. D\u0142ugotrwa\u0142y pobyt zagranic\u0105 nie przeszkodzi\u0142 jej w dzia\u0142alno\u015bci politycznej. We wrze\u015bniu 1946 roku, id\u0105c w \u015blady ojca i brata, zosta\u0142a wybrana z ramienia Katolickiej Partii Ludowej (KVP) na radn\u0105 gminy Heteren, do kt\u00f3rej nale\u017cy Driel.<br \/>\nKiedy w 1949 roku zrezygnowa\u0142a z ponownej kandydatury na radn\u0105, burmistrz, ca\u0142kiem s\u0142usznie wed\u0142ug Cory, wytkn\u0105\u0142 jej cz\u0119st\u0105 nieobecno\u015b\u0107.<\/p>\n<p>W 1950 roku Cora wr\u00f3ci\u0142a do Holandii. Rozpocz\u0119\u0142a studia na wydziale psychologii\u00a0 uniwersytetu w Nijmegen, i zda\u0142a egzaminy licencjackie. W 1953 roku otrzyma\u0142a stypendium ONZ.<br \/>\nNa zlecenie Ministerstwa Pomocy Spo\u0142ecznej mia\u0142a zapozna\u0107 si\u0119 z \u201esocial case study\u201d w Stanach Zjednoczonych. Wyniki swojej pracy opublikowa\u0142a w specjalnym, angielskoj\u0119zycznym raporcie dla ministerstwa. W 1955 roku dosta\u0142a propozycj\u0119 za\u0142o\u017cenia w Nijmegen Centrum Studi\u00f3w Pomocy Spo\u0142ecznej, gdzie do 1962 roku pe\u0142ni\u0142a funkcj\u0119 dyrektorki. Centrum to, kt\u00f3re by\u0142o inicjatyw\u0105 katolick\u0105, specjalizowa\u0142o si\u0119 w profesjonalnym szkoleniu pracownik\u00f3w dla katolickich organ\u00f3w pomocy spo\u0142ecznej. By\u0142o poprzednikiem szk\u00f3\u0142 \u015brednich, kszta\u0142c\u0105cych na kierunkach \u201ePomoc spo\u0142eczna\u201d oraz \u201eZmiana wzorc\u00f3w zachowa\u0144\u201d. Od 1962 roku a\u017c do emerytury w 1975 roku Cora prowadzi\u0142a podobn\u0105 dzia\u0142alno\u015b\u0107 w Niemczech, w biskupstwie M\u00fcnster i w Kolonii.<br \/>\nProwadzi\u0142a kursy i nadzorowa\u0142a \u201estudy case work\u201d pracownik\u00f3w organizacji humanitarnych. Jej praca u\u0142atwia\u0142a przejmowanie przez pa\u0144stwo i s\u0142u\u017cby obywatelskie tego typu aktywno\u015bci od instytucji ko\u015bcielnych. Ca\u0142y czas mieszka\u0142a w Holandii, najpierw w Driel, a po \u015bmierci matki w 1968 roku, w Nijmegen.<\/p>\n<p>Opr\u00f3cz pracy zawodowej Cora podj\u0119\u0142a si\u0119 jeszcze innego zadania, kt\u00f3re z czasem, w spos\u00f3b niezamierzony, sta\u0142o si\u0119 jej \u017cyciow\u0105 misj\u0105. Stara\u0142a si\u0119 o rehabilitacj\u0119 imienia polskich \u017co\u0142nierzy walcz\u0105cych w Driel w 1944 roku. Zgin\u0119\u0142o wtedy 98 \u017co\u0142nierzy brygady, a wielu zosta\u0142o rannych lub wzi\u0119tych do niemieckiej niewoli.<br \/>\nPo zako\u0144czeniu operacji dow\u00f3dztwo armii brytyjskiej oskar\u017cy\u0142o Polak\u00f3w o z\u0142e przygotowanie i s\u0142abe zaanga\u017cowanie w walk\u0119. Cora Balthussen by\u0142a tym tak oburzona, \u017ce natychmiast po wyzwoleniu zacz\u0119\u0142a stara\u0107 si\u0119 o przywr\u00f3cenie Polakom nale\u017cnego im honoru. Przy jej wsp\u00f3\u0142udziale powsta\u0142a fundacja Driel-Polska.<\/p>\n<p>Polegli Polacy zostali najpierw pochowani w Driel, nast\u0119pnie ich groby przeniesiono do Oosterbeek. Mieszka\u0144cy Driel wzi\u0119li na siebie obowi\u0105zek opieki nad nimi.<\/p>\n<p>W dniu 21 wrze\u015bnia 1946 roku ods\u0142oni\u0119to w Driel tymczasowy pomnik, upami\u0119tniaj\u0105cy polskich \u017co\u0142nierzy. W 1961 roku zast\u0105piono go obecnym pomnikiem. Co roku odbywaj\u0105 si\u0119 przy nim obchody bitwy pod Arnhem. Cora przez ca\u0142y czas utrzymywa\u0142a kontakty z weteranami, kt\u00f3rzy uwa\u017cali j\u0105 za \u201ematk\u0119 brygady\u201d.<\/p>\n<p>Jednak poza Driel sprawa polskich \u017co\u0142nierzy nie zyska\u0142a rozg\u0142osu. List kr\u00f3lowej Wilhelminy z 13. grudnia 1946 roku, w kt\u00f3rym wyst\u0119puje o przyznanie dziesi\u0119ciu Polakom order\u00f3w za m\u0119stwo, popad\u0142 w zapomnienie. List Cory Balthussen z 1961 roku, w kt\u00f3rym ponownie prosi kr\u00f3low\u0105 Julian\u0119 o odznaczenia dla Polak\u00f3w, zosta\u0142 odrzucony przez ministerstwo obrony z przyczyn politycznych. Nawet po 1989 roku, po upadku komunizmu, mimo poprawy stosunk\u00f3w z Polsk\u0105, w\u0142adze holenderskie odmawia\u0142y przyznania medali, zas\u0142aniaj\u0105c si\u0119 przepisami.<br \/>\nW 1952 roku rz\u0105d zdecydowa\u0142, \u017ce nikt wi\u0119cej nie mo\u017ce zosta\u0107 odznaczony za \u201eczyny dokonane w czasie wojny\u201d. W ko\u0144cu, po ponad sze\u015b\u0107dziesi\u0119ciu latach, starania dziennikarza Geertjana Lassche oraz ksi\u0119cia Bernarda, ojca kr\u00f3lowej Beatrix, przyczyni\u0142y si\u0119 do zmiany stanowiska rz\u0105du. Dzi\u0119ki nim w 2004 roku odnaleziono list kr\u00f3lowej Wilhelminy z 1946 roku, co sta\u0142o si\u0119 podstaw\u0105 przyznania Polakom odznacze\u0144.<\/p>\n<p>Cora Balthussen zmar\u0142a 18 listopada 2005 roku, a trzy tygodnie p\u00f3\u017aniej, 9 grudnia, rz\u0105d og\u0142osi\u0142 przyznanie Pierwszej Samodzielnej Brygadzie Spadochronowej najwy\u017cszego holenderskiego odznaczenia wojskowego, Orderu Kr\u00f3la Wilhelma, za wykazan\u0105 odwag\u0119, a Genera\u0142owi Sosabowskiemu, po\u015bmiertnie, Medalu Br\u0105zowego Lwa.<br \/>\nW dniu 31 maja 2006 roku kr\u00f3lowa Beatrix uroczy\u015bcie wr\u0119czy\u0142a odznaczenia. Rehabilitacja Polak\u00f3w sta\u0142a si\u0119 faktem.<\/p>\n<p>Cora Balthussen nie potrafi\u0142a siedzie\u0107 bezczynnie, na emeryturze wci\u0105\u017c by\u0142a aktywna. Zainteresowa\u0142a si\u0119 islamem i zacz\u0119\u0142a uczy\u0107 j\u0119zyka arabskiego na uniwersytecie w Nijmegen. Lubi\u0142a gotowa\u0107 i cz\u0119sto zaprasza\u0142a m\u0142odzie\u017c na w\u0142asnor\u0119cznie przygotowywane obiady, kt\u00f3re by\u0142y jednocze\u015bnie okazj\u0105 do \u017cywych dyskusji.<br \/>\nDo listopada 2004 roku mieszka\u0142a w Nijmegen. Potem przeprowadzi\u0142a si\u0119 do mieszkania w domu opieki w Heelsum, gdzie sp\u0119dzi\u0142a ostatni rok \u017cycia. By\u0142a sprawna umys\u0142owo, ale uwa\u017ca\u0142a, \u017ce jest ju\u017c dostatecznie wiekowa i \u015bmier\u0107 powinna przyj\u015b\u0107 szybko. By\u0142a bardzo religijna i przekonana, \u017ce w niebie \u201eczeka ju\u017c na ni\u0105 odpowiednie krzes\u0142o\u201d.<br \/>\nCora Balthussen zmar\u0142a 18 listopada 2005 roku w wieku 93 lat. W dniu 25 listopada zosta\u0142a pochowana na cmentarzu w Driel.<\/p>\n<p>Spogl\u0105daj\u0105c wstecz na jej \u017cycie i dokonania mo\u017cna powiedzie\u0107, \u017ce w wielu sprawach odnios\u0142a sukces, zar\u00f3wno w najbli\u017cszym otoczeniu jak i zagranic\u0105. Jej niestrudzone wysi\u0142ki na rzecz przywr\u00f3cenia honoru Polakom przynios\u0142y jej najwi\u0119ksz\u0105 popularno\u015b\u0107, ale i w swojej pracy zawodowej by\u0142a niezmiernie ceniona.<br \/>\nBy\u0142a jedn\u0105 z os\u00f3b, kt\u00f3re przyczyni\u0142y si\u0119 do innowacji w dziedzinie pomocy spo\u0142ecznej. Za \u017cycia zosta\u0142a uhonorowana odznaczeniami zar\u00f3wno przez Mi\u0119dzynarodowy Czerwony Krzy\u017c, jak i polski rz\u0105d, od kt\u00f3rego otrzyma\u0142a najwy\u017csze odznaczenie przyznawane obcokrajowcom.<\/p>\n<p>Cora Balthussen by\u0142a niezwyk\u0142\u0105 i intryguj\u0105c\u0105 kobiet\u0105, \u0142\u0105czy\u0142a w sobie cechy rzadko wyst\u0119puj\u0105ce razem. Z jednej strony by\u0142a bardzo towarzyska i pe\u0142na wsp\u00f3\u0142czucia dla innych. \u0141atwo nawi\u0105zywa\u0142a kontakty z lud\u017ami, zar\u00f3wno w rodzinnej miejscowo\u015bci Driel, jak i podczas licznych pobyt\u00f3w zagranic\u0105.<br \/>\nBy\u0142a inteligentna, szybko zjednywa\u0142a sobie ludzi, potrafi\u0142a ich przekona\u0107 do swoich projekt\u00f3w i zwi\u0105za\u0107 ze sob\u0105. Z drugiej strony by\u0142a skromna i niewiele m\u00f3wi\u0142a o sobie.<br \/>\nUwa\u017ca\u0142a, \u017ce inni ludzie s\u0105 bardziej interesuj\u0105cy od niej samej. By\u0142a uparta, potrafi\u0142a inspirowa\u0107 innych, przekonywa\u0107 do swojego zdania i nie dawa\u0142a zbi\u0107 si\u0119 z tropu.<br \/>\nRola pioniera i tw\u00f3rcy nowych rozwi\u0105za\u0144 odpowiada\u0142a jej najbardziej. Wsp\u00f3\u0142praca w nazbyt sztywnych strukturach oraz zbyt \u015bcis\u0142e przestrzeganie przepis\u00f3w sprawia\u0142o jej trudno\u015bci. By\u0142a kobiet\u0105 odwa\u017cn\u0105 i honorow\u0105.<br \/>\nDawa\u0142a temu wyraz zar\u00f3wno w czasie wojny, kt\u00f3ra mia\u0142a decyduj\u0105cy wp\u0142yw na formowanie charakteru ludzi jej pokolenia, jak i po wojnie. Swoim bratankom i siostrze\u0144com powtarza\u0142a cz\u0119sto \u201enigdy nie uginajcie karku\u201d i sama te\u017c stosowa\u0142a si\u0119 do tej zasady.<\/p>\n<p>To jej zawdzi\u0119czamy fakt, \u017ce m\u0119\u017cny udzia\u0142 Polak\u00f3w w bitwie pod Arnhem i ich wk\u0142ad w wyzwolenie obcego im kraju nie odszed\u0142 w niepami\u0119\u0107, lecz zosta\u0142 w Holandii doceniony.<br \/>\nJak wida\u0107 poczucie sprawiedliwo\u015bci zaledwie jednego cz\u0142owieka jest w stanie wp\u0142yn\u0105\u0107 na zmian\u0119 biegu zdarze\u0144.<\/p>\n<p><i>\u00a0A.M.A.J. Driessen<\/i><\/p>\n<p>Prace:<br \/>\n&#8211; <i>Raport. Studium przeprowadzone w dniach: 5. 01.1953 \u2013 30.06.1954 w USA\u00a0 w ramach programu &#8222;United Nations Social Welfare Scholarships Programme&#8221; na temat: Social Casework Methods and Methods of Supervision<\/i>, wyd.: Ministerie van Maatschappelijk Werk (afdeling Maatschappelijk Opbouwwerk), Serie A No 29<\/p>\n<p>Bibliografia:<br \/>\n&#8211; Middlebrook, Martin, <i>Arnhem. Ooggetuigenverslagen van de Slag om Arnhem, 17-26 september 1944<\/i>, <i>(Arnhem, zeznania naocznych \u015bwiadk\u00f3w w bitwie pod Arnhem 17-26 wrze\u015bnia 1944 roku).<\/i> Baarn, 2004, 383-397<br \/>\n&#8211; Ryan, Cornelius, <i>A Bridge Too Far<\/i>,\u00a0 London, 1974, passim<\/p>\n<p>\u0179r\u00f3d\u0142a:<br \/>\n&#8211; Film dokumentalny <i>God Bless Montgomery \u2013 Zapomniani Polacy w bitwie pod Arnhem,<\/i> 16 wrze\u015bnia 2004<br \/>\n\u2013 Program zosta\u0142 przygotowany przez rozg\u0142o\u015bni\u0119 ewangelick\u0105, dziennikarz i re\u017cyser: Geertjan Lassche, kamera:Menno Mennes, d\u017awi\u0119k: Jan Smelik, redaktor naczelny: Jan Kriek<br \/>\n&#8211; Fundacja Driel-Polen<\/p>","protected":false},"excerpt":{"rendered":"<p>1912-2005, pracownik pomocy spo\u0142ecznej, dzia\u0142aczka spo\u0142eczna Cornelia Wilhelmina Maria Baltussen urodzi\u0142a si\u0119 19 stycznia 1912 roku w Driel (Over-Betuwe) jako c\u00f3rka Katarzyny Wilhelminy van der Horst (ur.18.09.1880 w Cothen; zm. 20.01.1968 w Driel) i Arnolda Johannesa Balthussena (ur. 3.03.1971 w <span class=\"excerpt-dots\">&hellip;<\/span> <a class=\"more-link\" href=\"https:\/\/www.driel-polen.nl\/pl\/historie\/cora-baltussen\/\"><span class=\"more-msg\"><img decoding=\"async\" src=\"https:\/\/www.driel-polen.nl\/downloads\/lees-meer3.jpg\"><\/p>\n<hr class=\"wvrx-expand-full\" style=\"margin:0\"><\/span><\/a><\/p>\n","protected":false},"author":17,"featured_media":0,"parent":17,"menu_order":7,"comment_status":"closed","ping_status":"open","template":"","meta":{"_monsterinsights_skip_tracking":false,"_monsterinsights_sitenote_active":false,"_monsterinsights_sitenote_note":"","_monsterinsights_sitenote_category":0,"ngg_post_thumbnail":0,"footnotes":""},"class_list":["post-218","page","type-page","status-publish","hentry"],"yoast_head":"<!-- This site is optimized with the Yoast SEO plugin v27.4 - https:\/\/yoast.com\/product\/yoast-seo-wordpress\/ -->\n<title>Cora Baltussen<\/title>\n<meta name=\"description\" content=\"Cornelia Wilhelmina Maria Baltussen werd op 19 januari 1912 in Driel (Over-Betuwe) geboren als dochter van Arnoldus Johannes Baltussen (Driel 3 februari 1871-Driel 19 oktober 1943) en Catharina Wilhelmina van der Horst (Cothen 18 september 1880-Driel 20 januari 1968).\" \/>\n<meta name=\"robots\" content=\"index, follow, max-snippet:-1, max-image-preview:large, max-video-preview:-1\" \/>\n<link rel=\"canonical\" href=\"https:\/\/www.driel-polen.nl\/en\/historie\/cora-baltussen\/\" \/>\n<meta property=\"og:locale\" content=\"pl_PL\" \/>\n<meta property=\"og:type\" content=\"article\" \/>\n<meta property=\"og:title\" content=\"Cora Baltussen\" \/>\n<meta property=\"og:description\" content=\"Cornelia Wilhelmina Maria Baltussen werd op 19 januari 1912 in Driel (Over-Betuwe) geboren als dochter van Arnoldus Johannes Baltussen (Driel 3 februari 1871-Driel 19 oktober 1943) en Catharina Wilhelmina van der Horst (Cothen 18 september 1880-Driel 20 januari 1968).\" \/>\n<meta property=\"og:url\" content=\"https:\/\/www.driel-polen.nl\/en\/historie\/cora-baltussen\/\" \/>\n<meta property=\"og:site_name\" content=\"Stichting Driel-Polen\" \/>\n<meta property=\"article:modified_time\" content=\"2021-02-23T12:57:12+00:00\" \/>\n<meta property=\"og:image\" content=\"https:\/\/www.driel-polen.nl\/wordpress\/wp-content\/uploads\/2013\/12\/cora-baltussen.jpg\" \/>\n<meta name=\"twitter:label1\" content=\"Szacowany czas czytania\" \/>\n\t<meta name=\"twitter:data1\" content=\"9 minut\" \/>\n<script type=\"application\/ld+json\" class=\"yoast-schema-graph\">{\"@context\":\"https:\\\/\\\/schema.org\",\"@graph\":[{\"@type\":\"WebPage\",\"@id\":\"https:\\\/\\\/www.driel-polen.nl\\\/en\\\/historie\\\/cora-baltussen\\\/\",\"url\":\"https:\\\/\\\/www.driel-polen.nl\\\/en\\\/historie\\\/cora-baltussen\\\/\",\"name\":\"Cora Baltussen\",\"isPartOf\":{\"@id\":\"https:\\\/\\\/www.driel-polen.nl\\\/nl\\\/#website\"},\"primaryImageOfPage\":{\"@id\":\"https:\\\/\\\/www.driel-polen.nl\\\/en\\\/historie\\\/cora-baltussen\\\/#primaryimage\"},\"image\":{\"@id\":\"https:\\\/\\\/www.driel-polen.nl\\\/en\\\/historie\\\/cora-baltussen\\\/#primaryimage\"},\"thumbnailUrl\":\"https:\\\/\\\/www.driel-polen.nl\\\/wordpress\\\/wp-content\\\/uploads\\\/2013\\\/12\\\/cora-baltussen.jpg\",\"datePublished\":\"2013-12-19T14:02:56+00:00\",\"dateModified\":\"2021-02-23T12:57:12+00:00\",\"description\":\"Cornelia Wilhelmina Maria Baltussen werd op 19 januari 1912 in Driel (Over-Betuwe) geboren als dochter van Arnoldus Johannes Baltussen (Driel 3 februari 1871-Driel 19 oktober 1943) en Catharina Wilhelmina van der Horst (Cothen 18 september 1880-Driel 20 januari 1968).\",\"breadcrumb\":{\"@id\":\"https:\\\/\\\/www.driel-polen.nl\\\/en\\\/historie\\\/cora-baltussen\\\/#breadcrumb\"},\"inLanguage\":\"pl-PL\",\"potentialAction\":[{\"@type\":\"ReadAction\",\"target\":[\"https:\\\/\\\/www.driel-polen.nl\\\/en\\\/historie\\\/cora-baltussen\\\/\"]}]},{\"@type\":\"ImageObject\",\"inLanguage\":\"pl-PL\",\"@id\":\"https:\\\/\\\/www.driel-polen.nl\\\/en\\\/historie\\\/cora-baltussen\\\/#primaryimage\",\"url\":\"https:\\\/\\\/www.driel-polen.nl\\\/wordpress\\\/wp-content\\\/uploads\\\/2013\\\/12\\\/cora-baltussen.jpg\",\"contentUrl\":\"https:\\\/\\\/www.driel-polen.nl\\\/wordpress\\\/wp-content\\\/uploads\\\/2013\\\/12\\\/cora-baltussen.jpg\"},{\"@type\":\"BreadcrumbList\",\"@id\":\"https:\\\/\\\/www.driel-polen.nl\\\/en\\\/historie\\\/cora-baltussen\\\/#breadcrumb\",\"itemListElement\":[{\"@type\":\"ListItem\",\"position\":1,\"name\":\"History\",\"item\":\"https:\\\/\\\/www.driel-polen.nl\\\/en\\\/historie\\\/\"},{\"@type\":\"ListItem\",\"position\":2,\"name\":\"Cora Baltussen\"}]},{\"@type\":\"WebSite\",\"@id\":\"https:\\\/\\\/www.driel-polen.nl\\\/nl\\\/#website\",\"url\":\"https:\\\/\\\/www.driel-polen.nl\\\/nl\\\/\",\"name\":\"Stichting Driel-Polen\",\"description\":\"General St. Sosabowski\",\"potentialAction\":[{\"@type\":\"SearchAction\",\"target\":{\"@type\":\"EntryPoint\",\"urlTemplate\":\"https:\\\/\\\/www.driel-polen.nl\\\/nl\\\/?s={search_term_string}\"},\"query-input\":{\"@type\":\"PropertyValueSpecification\",\"valueRequired\":true,\"valueName\":\"search_term_string\"}}],\"inLanguage\":\"pl-PL\"}]}<\/script>\n<!-- \/ Yoast SEO plugin. -->","yoast_head_json":{"title":"Cora Baltussen","description":"Cornelia Wilhelmina Maria Baltussen werd op 19 januari 1912 in Driel (Over-Betuwe) geboren als dochter van Arnoldus Johannes Baltussen (Driel 3 februari 1871-Driel 19 oktober 1943) en Catharina Wilhelmina van der Horst (Cothen 18 september 1880-Driel 20 januari 1968).","robots":{"index":"index","follow":"follow","max-snippet":"max-snippet:-1","max-image-preview":"max-image-preview:large","max-video-preview":"max-video-preview:-1"},"canonical":"https:\/\/www.driel-polen.nl\/en\/historie\/cora-baltussen\/","og_locale":"pl_PL","og_type":"article","og_title":"Cora Baltussen","og_description":"Cornelia Wilhelmina Maria Baltussen werd op 19 januari 1912 in Driel (Over-Betuwe) geboren als dochter van Arnoldus Johannes Baltussen (Driel 3 februari 1871-Driel 19 oktober 1943) en Catharina Wilhelmina van der Horst (Cothen 18 september 1880-Driel 20 januari 1968).","og_url":"https:\/\/www.driel-polen.nl\/en\/historie\/cora-baltussen\/","og_site_name":"Stichting Driel-Polen","article_modified_time":"2021-02-23T12:57:12+00:00","og_image":[{"url":"https:\/\/www.driel-polen.nl\/wordpress\/wp-content\/uploads\/2013\/12\/cora-baltussen.jpg","type":"","width":"","height":""}],"twitter_misc":{"Szacowany czas czytania":"9 minut"},"schema":{"@context":"https:\/\/schema.org","@graph":[{"@type":"WebPage","@id":"https:\/\/www.driel-polen.nl\/en\/historie\/cora-baltussen\/","url":"https:\/\/www.driel-polen.nl\/en\/historie\/cora-baltussen\/","name":"Cora Baltussen","isPartOf":{"@id":"https:\/\/www.driel-polen.nl\/nl\/#website"},"primaryImageOfPage":{"@id":"https:\/\/www.driel-polen.nl\/en\/historie\/cora-baltussen\/#primaryimage"},"image":{"@id":"https:\/\/www.driel-polen.nl\/en\/historie\/cora-baltussen\/#primaryimage"},"thumbnailUrl":"https:\/\/www.driel-polen.nl\/wordpress\/wp-content\/uploads\/2013\/12\/cora-baltussen.jpg","datePublished":"2013-12-19T14:02:56+00:00","dateModified":"2021-02-23T12:57:12+00:00","description":"Cornelia Wilhelmina Maria Baltussen werd op 19 januari 1912 in Driel (Over-Betuwe) geboren als dochter van Arnoldus Johannes Baltussen (Driel 3 februari 1871-Driel 19 oktober 1943) en Catharina Wilhelmina van der Horst (Cothen 18 september 1880-Driel 20 januari 1968).","breadcrumb":{"@id":"https:\/\/www.driel-polen.nl\/en\/historie\/cora-baltussen\/#breadcrumb"},"inLanguage":"pl-PL","potentialAction":[{"@type":"ReadAction","target":["https:\/\/www.driel-polen.nl\/en\/historie\/cora-baltussen\/"]}]},{"@type":"ImageObject","inLanguage":"pl-PL","@id":"https:\/\/www.driel-polen.nl\/en\/historie\/cora-baltussen\/#primaryimage","url":"https:\/\/www.driel-polen.nl\/wordpress\/wp-content\/uploads\/2013\/12\/cora-baltussen.jpg","contentUrl":"https:\/\/www.driel-polen.nl\/wordpress\/wp-content\/uploads\/2013\/12\/cora-baltussen.jpg"},{"@type":"BreadcrumbList","@id":"https:\/\/www.driel-polen.nl\/en\/historie\/cora-baltussen\/#breadcrumb","itemListElement":[{"@type":"ListItem","position":1,"name":"History","item":"https:\/\/www.driel-polen.nl\/en\/historie\/"},{"@type":"ListItem","position":2,"name":"Cora Baltussen"}]},{"@type":"WebSite","@id":"https:\/\/www.driel-polen.nl\/nl\/#website","url":"https:\/\/www.driel-polen.nl\/nl\/","name":"Stichting Driel-Polen","description":"General St. Sosabowski","potentialAction":[{"@type":"SearchAction","target":{"@type":"EntryPoint","urlTemplate":"https:\/\/www.driel-polen.nl\/nl\/?s={search_term_string}"},"query-input":{"@type":"PropertyValueSpecification","valueRequired":true,"valueName":"search_term_string"}}],"inLanguage":"pl-PL"}]}},"_links":{"self":[{"href":"https:\/\/www.driel-polen.nl\/pl\/wp-json\/wp\/v2\/pages\/218","targetHints":{"allow":["GET"]}}],"collection":[{"href":"https:\/\/www.driel-polen.nl\/pl\/wp-json\/wp\/v2\/pages"}],"about":[{"href":"https:\/\/www.driel-polen.nl\/pl\/wp-json\/wp\/v2\/types\/page"}],"author":[{"embeddable":true,"href":"https:\/\/www.driel-polen.nl\/pl\/wp-json\/wp\/v2\/users\/17"}],"replies":[{"embeddable":true,"href":"https:\/\/www.driel-polen.nl\/pl\/wp-json\/wp\/v2\/comments?post=218"}],"version-history":[{"count":8,"href":"https:\/\/www.driel-polen.nl\/pl\/wp-json\/wp\/v2\/pages\/218\/revisions"}],"predecessor-version":[{"id":6067,"href":"https:\/\/www.driel-polen.nl\/pl\/wp-json\/wp\/v2\/pages\/218\/revisions\/6067"}],"up":[{"embeddable":true,"href":"https:\/\/www.driel-polen.nl\/pl\/wp-json\/wp\/v2\/pages\/17"}],"wp:attachment":[{"href":"https:\/\/www.driel-polen.nl\/pl\/wp-json\/wp\/v2\/media?parent=218"}],"curies":[{"name":"wp","href":"https:\/\/api.w.org\/{rel}","templated":true}]}}