{"id":217,"date":"2013-12-19T15:01:30","date_gmt":"2013-12-19T14:01:30","guid":{"rendered":"http:\/\/www.driel-polen.nl\/wordpress\/?page_id=217"},"modified":"2023-10-24T22:01:57","modified_gmt":"2023-10-24T20:01:57","slug":"sosabowski","status":"publish","type":"page","link":"https:\/\/www.driel-polen.nl\/pl\/historie\/sosabowski\/","title":{"rendered":"Stanis\u0142aw Sosabowski"},"content":{"rendered":"<p><img loading=\"lazy\" decoding=\"async\" class=\"alignleft wp-image-3521\" src=\"https:\/\/www.driel-polen.nl\/wordpress\/wp-content\/uploads\/2018\/12\/gen-sosabowski.jpg\" alt=\"Generaal-majoor Sosabowski\" width=\"200\" height=\"280\" srcset=\"https:\/\/www.driel-polen.nl\/wordpress\/wp-content\/uploads\/2018\/12\/gen-sosabowski.jpg 250w, https:\/\/www.driel-polen.nl\/wordpress\/wp-content\/uploads\/2018\/12\/gen-sosabowski-214x300.jpg 214w\" sizes=\"auto, (max-width: 200px) 100vw, 200px\" \/>Gen. bryg Stanis\u0142aw Franciszek Sosabowski (ur. 8 maja 1892 w Stanis\u0142awowie, zm. 25 wrze\u015bnia 1967 w Londynie) \u2013 polski genera\u0142, najbardziej znany z dowodzenia w latach 1941-1944 1 Samodzieln\u0105 Brygad\u0105 Spadochronow\u0105.<br \/>\nKarier\u0119 wojskow\u0105 rozpocz\u0105\u0142 w trakcie I wojny \u015bwiatowej w armii austro-w\u0119gierskiej. Od 1918 r. s\u0142u\u017cy\u0142 w Wojsku Polskim. W czasie kampanii wrze\u015bniowej w 1939 r. dowodzi\u0142 w stopniu pu\u0142kownika 8 Dywizj\u0105 Piechoty, kt\u00f3ra bra\u0142a udzia\u0142 w bitwie pod M\u0142aw\u0105 i obronie Twierdzy Modlin.<\/p>\n<p>Po upadku Polski przedosta\u0142 si\u0119 najpierw do Francji a potem do Wielkiej Brytanii. W Wielkiej Brytanii stworzy\u0142 elitarn\u0105 1 Samodzieln\u0105 Brygad\u0119 Spadochronow\u0105, kt\u00f3ra pod jego dow\u00f3dztwem bra\u0142a udzia\u0142 w Operacji Market Garden.<br \/>\nMimo, \u017ce niewinny, Sosabowski zosta\u0142 oskar\u017cony o przyczynienie si\u0119 do pora\u017cki tej operacji, na skutek czego odebrano mu dow\u00f3dztwo Brygady i przeniesiono na drugorz\u0119dne stanowisko.<\/p>\n<p>W 1948 r. Sosabowski zosta\u0142 zdemobilizowany. Pozosta\u0142 w Wielkiej Brytanii, gdzie pracowa\u0142 jako robotnik magazynowy. Po jego \u015bmierci, \u017co\u0142nierze 1 Brygady sprowadzili jego zw\u0142oki do Polski, gdzie pochowano go z honorami na Pow\u0105zkach.<br \/>\nBiografia<br \/>\nUrodzi\u0142 si\u0119 w Stanis\u0142awowie 8 maja 1892 w rodzinie kolejarskiej. Od dzieci\u0144stwa dzia\u0142a\u0142 w lokalnym ruchu skautowym, a nast\u0119pnie w Zarzewiu. W 1910 rozpocz\u0105\u0142 studia ekonomiczne w Krakowie, lecz \u015bmier\u0107 ojca i konieczno\u015b\u0107 utrzymania rodziny zmusi\u0142y go do powrotu do rodzinnego miasta. Szybko wst\u0105pi\u0142 do Dru\u017cyn Strzeleckich, gdzie dos\u0142u\u017cy\u0142 si\u0119 rangi komendanta.<\/p>\n<p>I wojna \u015bwiatowa<br \/>\nW 1913 zosta\u0142 powo\u0142any do armii austro-w\u0119gierskiej. W stopniu kaprala uczestniczy\u0142 w walkach 58 pu\u0142ku piechoty w Galicji, m.in. w bitwie pod Rzeszowem, walkach o Prze\u0142\u0119cz Dukielsk\u0105 i bitwie pod Gorlicami. Za m\u0119stwo okazane w boju zosta\u0142 odznaczony kilkoma medalami oraz awansowany do stopnia porucznika. W po\u0142owie 1915 zosta\u0142 ranny w boju i skierowany na leczenie, z kt\u00f3rego ju\u017c do CK armii nie powr\u00f3ci\u0142.<\/p>\n<p>W listopadzie 1918 zg\u0142osi\u0142 si\u0119 do Wojska Polskiego, jednak przez wzgl\u0105d na wci\u0105\u017c niezagojone rany wojenne, zosta\u0142 skierowany jako oficer do specjalnych porucze\u0144 do Ministerstwa Spraw Wojskowych.<\/p>\n<p>Okres mi\u0119dzywojenny<br \/>\nPo wojnie zosta\u0142 zweryfikowany w stopniu majora. W 1922 rozpocz\u0105\u0142 studia w Wy\u017cszej Szkole Wojennej w Warszawie. Po uko\u0144czeniu studi\u00f3w s\u0142u\u017cy\u0142 w Sztabie Generalnym, a w 1928 zosta\u0142 awansowany do stopnia podpu\u0142kownika i przydzielony do 75 pu\u0142ku piechoty jako dow\u00f3dca jednego z batalion\u00f3w. W 1929 uzyska\u0142 przeniesienie na stanowisko zast\u0119pcy dow\u00f3dcy 3 pu\u0142ku Strzelc\u00f3w Podhala\u0144skich. W 1930 zosta\u0142 wyk\u0142adowc\u0105 logistyki w Wy\u017cszej Szkole Wojennej.<\/p>\n<p>W 1937 uzyska\u0142 awans do stopnia pu\u0142kownika oraz przydzia\u0142 dow\u00f3dczy w 9 pu\u0142ku piechoty Legion\u00f3w stacjonuj\u0105cym w Zamo\u015bciu. Pe\u0142ni\u0142 t\u0119 funkcj\u0119 a\u017c do stycznia 1939, kiedy to uzyska\u0142 przeniesienie na stanowisko dow\u00f3dcy 21 pu\u0142ku piechoty Dzieci Warszawy rozlokowanego w warszawskiej Cytadeli.<\/p>\n<p>Wojna obronna Polski 1939<br \/>\nBitwa pod M\u0142aw\u0105<br \/>\nZgodnie z polskim planem mobilizacyjnym 21 pp zosta\u0142 przydzielony do 8 Dywizji Piechoty pu\u0142kownika Teodora Furgalskiego. Dywizj\u0119 ze\u015brodkowano jako odw\u00f3d Armii Modlin na zach\u00f3d od Ciechanowa. 2 wrze\u015bnia wraz z ca\u0142\u0105 dywizj\u0105 pu\u0142k zosta\u0142 skierowany przez dow\u00f3dc\u0119 Armii Modlin do wsparcia wojsk walcz\u0105cych w rejonie M\u0142awy (patrz: bitwa pod M\u0142aw\u0105). Dywizja dotar\u0142a w rejon ze\u015brodkowania o \u015bwicie 3 wrze\u015bnia. Tam 21 pp otrzyma\u0142 rozkaz uderzenia na Przasnysz w celu odci\u0105\u017cenia Mazowieckiej Brygady Kawalerii. Na skutek cz\u0119sto zmienianych rozkaz\u00f3w, braku kontaktu z oddzia\u0142ami dywizji a tak\u017ce dzia\u0142a\u0144 dywersant\u00f3w na ty\u0142ach, 8 Dywizja Piechoty zosta\u0142a rozbita. Jedynie 21 pp zdo\u0142a\u0142 opanowa\u0107 wyznaczone mu cele. Brak kontaktu z dow\u00f3dztwem oraz wycofanie si\u0119 pozosta\u0142ych si\u0142 polskich zmusi\u0142y p\u0142k. Sosabowskiego do wydania rozkazu o odwrocie podleg\u0142ych mu si\u0142 w kierunku operacyjnym na Warszaw\u0119.<\/p>\n<p>Twierdza Modlin<br \/>\nW nocy z 7 na 8 wrze\u015bnia pu\u0142k dotar\u0142 w rejon Modlina, gdzie wszed\u0142 w kontakt z resztkami swej dywizji. Dow\u00f3dca obrony twierdzy wyda\u0142 rozkaz o odtworzeniu dywizji, jednak 21 pp zosta\u0142 przydzielony do Grupy Operacyjnej Zulaufa. Pocz\u0105tkowo obsadza\u0142 pozycje obronne w rejonie twierdzy, jednak ju\u017c po kilku dniach, wraz z ca\u0142\u0105 GO, rozpocz\u0105\u0142 marsz w kierunku Warszawy.<\/p>\n<p>Obrona Warszawy<br \/>\n15 wrze\u015bnia o \u015bwicie pu\u0142k dotar\u0142 wraz z Grup\u0105 Operacyjn\u0105 do Warszawy i z marszu obsadzi\u0142 odcinek obronny w rejonie Grochowa na przedmo\u015bciu praskim. Elementy pu\u0142ku pocz\u0105tkowo bra\u0142y udzia\u0142 w odpieraniu atak\u00f3w niemieckiej 10 Dywizji Piechoty Wehrmachtu. 16 wrze\u015bnia, podczas generalnego szturmu Pragi, elementy 21 pp doszcz\u0119tnie rozbi\u0142y wielokrotnie silniejszy 23 pu\u0142k piechoty Wehrmachtu.<br \/>\nPo tym sukcesie Sosabowskiemu powierzono dow\u00f3dztwo nad wszystkimi polskimi oddzia\u0142ami w rejonie &#8222;Pododcinka Groch\u00f3w&#8221;. W nast\u0119pnych dniach, dzi\u0119ki doskona\u0142emu dowodzeniu, p\u0142k. Sosabowskiemu uda\u0142o si\u0119 utrzyma\u0107 pozycje obronne przy stosunkowo niewielkich stratach w\u0142asnych. 26 wrze\u015bnia jego 21 pu\u0142k piechoty z powodzeniem odpar\u0142 ostatni atak niemiecki. Nast\u0119pnego dnia rozpocz\u0119\u0142o si\u0119 zawieszenie broni, a 27 wrze\u015bnia podpisano akt kapitulacji stolicy. 29 wrze\u015bnia, ostatniego dnia przed wymarszem do niewoli, 21 pu\u0142k piechoty &#8222;Dzieci Warszawy&#8221; oraz jego dow\u00f3dca zostali odznaczeni przez gen. Juliusza R\u00f3mmla orderami Virtuti Militari III klasy.<\/p>\n<p>Na obczy\u017anie<br \/>\nFrancja<br \/>\nPo zako\u0144czeniu walk pu\u0142kownik Sosabowski przeszed\u0142 do konspiracji i wst\u0105pi\u0142 do S\u0142u\u017cby Zwyci\u0119stwu Polski. Tam otrzyma\u0142 zadanie przedarcia si\u0119 przez W\u0119gry i Rumuni\u0119 do Francji, by przekaza\u0107 meldunki o sytuacji w kraju rz\u0105dowi na wychod\u017astwie. Pod fa\u0142szywym nazwiskiem Emil Helm, Sosabowski dotar\u0142 do Pary\u017ca, gdzie otrzyma\u0142 przydzia\u0142 na dow\u00f3dc\u0119 piechoty dywizyjnej w odtwarzanej 4 Dywizji Piechoty.<br \/>\nW kwietniu 1940 dywizja przenios\u0142a si\u0119 do obozu w Parthenay. Tam zasta\u0142 j\u0105 pocz\u0105tek dzia\u0142a\u0144 na froncie zachodnim. Mimo nalega\u0144 dow\u00f3dc\u00f3w jednostki i polskiego rz\u0105du, Francja zwleka\u0142a z dostarczeniem niezb\u0119dnego zaopatrzenia. Gdy w ko\u0144cu sprz\u0119t dotar\u0142, nie by\u0142o ju\u017c czasu na wyszkolenie rekrut\u00f3w. Do wybuchu dzia\u0142a\u0144 wojennych jedynie ok. 3150 \u017co\u0142nierzy (spo\u015br\u00f3d 11 000) otrzyma\u0142o bro\u0144. Wobec tego dow\u00f3dca dywizji gen. bryg. Rudolf Dreszer podj\u0105\u0142 16 czerwca decyzj\u0119 o przebijaniu si\u0119 jednostki w kierunku port\u00f3w atlantyckich. 19 czerwca Sosabowskiemu uda\u0142o si\u0119 dotrze\u0107 do portu w La Pallice, sk\u0105d wraz z 6000 \u017co\u0142nierzy Dywizji zosta\u0142 ewakuowany do Wielkiej Brytanii.<\/p>\n<p>Wielka Brytania<br \/>\nNatychmiast po dotarciu do Wielkiej Brytanii Sosabowski zg\u0142osi\u0142 si\u0119 do polskiego sztabu, gdzie otrzyma\u0142 przydzia\u0142 na dow\u00f3dc\u0119 formuj\u0105cej si\u0119 w\u0142a\u015bnie 4 Kadrowej Brygady Strzelc\u00f3w. Pocz\u0105tkowo planowano jej przeniesienie na jaki\u015b czas do Kanady, gdzie mia\u0142a zosta\u0107 uzupe\u0142niona ochotnikami spo\u015br\u00f3d tamtejszej Polonii. Jednak wkr\u00f3tce okaza\u0142o si\u0119, \u017ce wyjazd skadrowanej brygady za ocean jest nie tylko trudny z powod\u00f3w logistycznych i transportowych, ale te\u017c bezcelowy: nie by\u0142o tam wystarczaj\u0105cej liczby Polak\u00f3w.<\/p>\n<p>Sosabowski postanowi\u0142 ze swej brygady utworzy\u0107 pierwsz\u0105 w historii Wojska Polskiego jednostk\u0119 spadochronow\u0105. Powsta\u0142 o\u015brodek szkoleniowy w Largo House zwany &#8222;ma\u0142pim gajem&#8221;, w kt\u00f3rym prowadzono szkolenia, natomiast skoki spadochronowe odbywa\u0142y si\u0119 na lotnisku Ringway. W pa\u017adzierniku 1942 rozkaz Naczelnego Wodza nada\u0142 jej nazw\u0119 1 Samodzielnej Brygady Spadochronowej i pozostawi\u0142 j\u0105 do swej wy\u0142\u0105cznej dyspozycji.<\/p>\n<p>Has\u0142em brygady by\u0142o &#8222;Najkr\u00f3tsz\u0105 drog\u0105!&#8221;, co znaczy, \u017ce jako pierwsi powr\u00f3c\u0105 do Polski t\u0105 w\u0142a\u015bnie drog\u0105 \u2013 na spadochronach. Wszyscy w brygadzie wierzyli w to g\u0142\u0119boko, od dow\u00f3dcy do najm\u0142odszego \u017co\u0142nierza. Dow\u00f3dc\u0119 za\u015b \u2013 jako znakomitego fachowca \u2013 wysoko cenili tak\u017ce Brytyjczycy, zwykle bardzo niech\u0119tni obcokrajowcom. We wrze\u015bniu 1943 gen. Browning, wysoki oficer brytyjskich wojsk powietrzno-desantowych, z\u0142o\u017cy\u0142 p\u0142k. Sosabowskiemu wr\u0119cz niezwyk\u0142\u0105 propozycj\u0119: zaproponowa\u0142 mu obj\u0119cie dow\u00f3dztwa brytyjsko-polskiej dywizji spadochronowej. Brygada liczy\u0142a w\u00f3wczas ok. tysi\u0105ca \u017co\u0142nierzy. Reszt\u0119 \u2013 11 tysi\u0119cy \u2013 mieli stanowi\u0107 Brytyjczycy, a p\u0142k Sosabowski mia\u0142 otrzyma\u0107 automatycznie awans na genera\u0142a. Sosabowski odm\u00f3wi\u0142. 15 czerwca 1944 p\u0142k Sosabowski awansowa\u0142 do stopnia genera\u0142a brygady.<\/p>\n<p>W pierwszych dniach sierpnia przysz\u0142a wiadomo\u015b\u0107 o wybuchu powstania w Warszawie. W brygadzie zawrza\u0142o, gdy\u017c wszyscy byli gotowi do lotu nad Warszaw\u0119. Rozkazu do wylotu ze strony Brytyjczyk\u00f3w jednak nie by\u0142o, zar\u00f3wno z przyczyn wojskowych, jak i politycznych. Wraz z up\u0142ywaj\u0105cymi kolejnymi dniami powstania narasta\u0142a w Brygadzie atmosfera buntu, kt\u00f3rego zarzewie w kilku kompaniach genera\u0142 musia\u0142 gasi\u0107 swoim autorytetem. Jeszcze nie wiedzia\u0142, \u017ce jego syn \u2013 lekarz, porucznik AK i dow\u00f3dca plutonu &#8222;Stasinek&#8221; utraci\u0142 w powsta\u0144czych walkach wzrok. Brytyjczycy zagrozili rozbrojeniem brygady. Nowy W\u00f3dz Naczelny gen. Sosnkowski odda\u0142 w ko\u0144cu 1 SBS do ich dyspozycji.<\/p>\n<p>Operacja Market-Garden<br \/>\nOstatecznie Brygada wzi\u0119\u0142a udzia\u0142 w najwi\u0119kszej w II wojnie \u015bwiatowej operacji powietrzno-desantowej sprzymierzonych. Polacy skakali pod Driel naprzeciw Arnhem, na przeciwleg\u0142ym, po\u0142udniowym brzegu Renu. Tak przewidywa\u0142y rozkazy, kt\u00f3re nakazywa\u0142y te\u017c natychmiastow\u0105 przepraw\u0119, aby p\u00f3j\u015b\u0107 z pomoc\u0105 okr\u0105\u017conym Brytyjczykom. Z powodu pogody desant odby\u0142 si\u0119 jednak z dwudniowym op\u00f3\u017anieniem i \u017co\u0142nierze skakali wprost na niemieckie lufy. W istniej\u0105cej ju\u017c sytuacji pos\u0142anie w b\u00f3j 1 SBS nie mia\u0142o w\u0142a\u015bciwie sensu. Ponad p\u00f3\u0142tora tysi\u0105ca polskich spadochroniarzy nie mog\u0142o ju\u017c przechyli\u0107 szali ani odwr\u00f3ci\u0107 nieuchronnej kl\u0119ski.<\/p>\n<p>21 wrze\u015bnia skaka\u0142a pod Driel jedynie cz\u0119\u015b\u0107 brygady z gen. Sosabowskim, bo reszta nadlecia\u0142a dopiero za trzy dni i l\u0105dowa\u0142a w do\u015b\u0107 odleg\u0142ym Grave. Polscy spadochroniarze zdani byli tylko na bro\u0144 osobist\u0105, gdy\u017c artyleria przeciwpancerna brygady odlecia\u0142a w pierwszym dniu operacji rzutem szybowc\u00f3w wraz z Brytyjczykami i walczy\u0142a pod Arnhem u ich boku do ko\u0144ca, ponosz\u0105c ogromne straty, haubice za\u015b mia\u0142y nadej\u015b\u0107 morzem. Okr\u0105\u017ceni pod Driel, odpierali niemieckie ataki i jedynie talentom dow\u00f3dczym genera\u0142a i wielkiej bitno\u015bci \u017co\u0142nierzy zawdzi\u0119cza\u0107 mo\u017cna, i\u017c polskie kompanie jeszcze dwukrotnie forsowa\u0142y Ren na zaimprowizowanych \u0142\u00f3dkach. Prom przewidywany w planach operacji ostatecznie nie dotar\u0142. W ostatniej fazie bitwy \u2013 noc\u0105 z 25 na 26 wrze\u015bnia \u2013 w\u0142a\u015bnie Polacy os\u0142aniali odwr\u00f3t niedobitk\u00f3w brytyjskich spadochroniarzy z 1 DPD \u2013 do ko\u0144ca. Straty 1 SBS si\u0119gn\u0119\u0142y blisko 40% stan\u00f3w osobowych tych oddzia\u0142\u00f3w, kt\u00f3re walczy\u0142y pod Arnhem i Driel.<\/p>\n<p>Jednak &#8222;s\u0105d&#8221; nad genera\u0142em odby\u0142 si\u0119 ju\u017c wcze\u015bniej, bo 24 wrze\u015bnia w Valburgu, podczas odprawy z wy\u017cszymi dow\u00f3dcami brytyjskimi.<\/p>\n<p>Gen. Sosabowski przekonywa\u0142 ich, \u017ce bitw\u0119 mo\u017cna jeszcze wygra\u0107, je\u015bli forsowanie rzeki podejm\u0105 wi\u0119ksze si\u0142y 30 Korpusu wraz z 1 SBS, ale Brytyjczycy nie chcieli ju\u017c walczy\u0107. Uznali bitw\u0119 za przegran\u0105 i chcieli jedynie wycofa\u0107 si\u0119 z &#8222;twarz\u0105&#8221;.<br \/>\nPotrzebny by\u0142 te\u017c kozio\u0142 ofiarny, kt\u00f3rego mo\u017cna by obarczy\u0107 win\u0105 za niepowodzenie. Wybrali genera\u0142a Sosabowskiego. Sprawa wygl\u0105da\u0142a na ukartowan\u0105 z g\u00f3ry. Znali jego wybuchowe usposobienie i starali si\u0119 go sprowokowa\u0107 \u2013 co te\u017c si\u0119 uda\u0142o. Oburzenie polskiego genera\u0142a uznano za niedopuszczaln\u0105 krytyk\u0119 brytyjskiego marsza\u0142ka i genera\u0142\u00f3w. To wystarczy\u0142o. Tym bardziej \u017ce niepokorny Polak mia\u0142 rzeczywi\u015bcie racj\u0119.<br \/>\nPo powrocie brygady do Anglii gen. Sosabowski zosta\u0142 2 grudnia 1944 wezwany do szefa Sztabu Generalnego, gen. Kopa\u0144skiego. Ten zakomunikowa\u0142 mu, \u017ce Brytyjczycy \u017cycz\u0105 sobie, aby odda\u0142 dow\u00f3dztwo brygady, t\u0142umacz\u0105c to trudno\u015bciami dalszej wsp\u00f3\u0142pracy z genera\u0142em, a nawet sugerowali osob\u0119 nast\u0119pcy. Gen. Kopa\u0144ski bez wahania popar\u0142 &#8222;\u017cyczenia&#8221; Brytyjczyk\u00f3w. Pisemne odwo\u0142anie si\u0119 gen. Sosabowskiego do prezydenta RP r\u00f3wnie\u017c nie odnios\u0142o skutku. Prezydent W\u0142adys\u0142aw Raczkiewicz nie pr\u00f3bowa\u0142 nawet wyja\u015bni\u0107 sytuacji ani broni\u0107 polskiego, przecie\u017c i tak zas\u0142u\u017conego oficera. Rozkazem z 27 grudnia 1944 1 SBS zosta\u0142a odebrana jej tw\u00f3rcy i dow\u00f3dcy, a gen. Sosabowskiego mianowano inspektorem Jednostek Etapowych i Wartowniczych. Za bitw\u0119 pod Arnhem zosta\u0142 odznaczony jedynie Krzy\u017cem Walecznych.<\/p>\n<p>Lata powojenne<br \/>\nW lipcu 1948 gen. Stanis\u0142aw Sosabowski zosta\u0142 zdemobilizowany. Mia\u0142 ju\u017c wtedy przy sobie ociemnia\u0142ego syna wraz z \u017con\u0105, kt\u00f3rych uda\u0142o si\u0119 \u015bci\u0105gn\u0105\u0107 z Polski. Mia\u0142 tak\u017ce za sob\u0105 dalsze upokorzenie: w lutym 1946 rz\u0105d w Warszawie og\u0142osi\u0142, \u017ce \u017co\u0142nierzy Polskich Si\u0142 Zbrojnych na Zachodzie nie uznaje za polskich.<br \/>\nGenera\u0142 Sosabowski pozosta\u0142 na emigracji w Wielkiej Brytanii i pracowa\u0142 jako robotnik magazynowy w fabryce silnik\u00f3w elektrycznych. Zmar\u0142 na zawa\u0142 serca 25 wrze\u015bnia 1967 w Londynie w Wielkiej Brytanii. W 1969 wci\u0105\u017c wierni swemu dow\u00f3dcy spadochroniarze genera\u0142a przywie\u017ali jego prochy do Polski, gdzie spocz\u0119\u0142y \u2013 zgodnie z jego wol\u0105 \u2013 na warszawskim cmentarzu Wojskowym na Pow\u0105zkach.<\/p>","protected":false},"excerpt":{"rendered":"<p>Gen. bryg Stanis\u0142aw Franciszek Sosabowski (ur. 8 maja 1892 w Stanis\u0142awowie, zm. 25 wrze\u015bnia 1967 w Londynie) \u2013 polski genera\u0142, najbardziej znany z dowodzenia w latach 1941-1944 1 Samodzieln\u0105 Brygad\u0105 Spadochronow\u0105. Karier\u0119 wojskow\u0105 rozpocz\u0105\u0142 w trakcie I wojny \u015bwiatowej w <span class=\"excerpt-dots\">&hellip;<\/span> <a class=\"more-link\" href=\"https:\/\/www.driel-polen.nl\/pl\/historie\/sosabowski\/\"><span class=\"more-msg\"><img decoding=\"async\" src=\"https:\/\/www.driel-polen.nl\/downloads\/lees-meer3.jpg\"><\/p>\n<hr class=\"wvrx-expand-full\" style=\"margin:0\"><\/span><\/a><\/p>\n","protected":false},"author":17,"featured_media":0,"parent":17,"menu_order":6,"comment_status":"closed","ping_status":"open","template":"","meta":{"_monsterinsights_skip_tracking":false,"_monsterinsights_sitenote_active":false,"_monsterinsights_sitenote_note":"","_monsterinsights_sitenote_category":0,"ngg_post_thumbnail":0,"footnotes":""},"class_list":["post-217","page","type-page","status-publish","hentry"],"yoast_head":"<!-- This site is optimized with the Yoast SEO plugin v27.4 - https:\/\/yoast.com\/product\/yoast-seo-wordpress\/ -->\n<title>Stanislaw Sosabowski<\/title>\n<meta name=\"description\" content=\"Stanislaw Sosabowski werd op 8 mei 1892 geboren in Stanislawow. In 1910 slaagde hij voor het eindexamen gymnasium en studeerde vervolgens aan de Hogere Handelsschool te Krakow.\" \/>\n<meta name=\"robots\" content=\"index, follow, max-snippet:-1, max-image-preview:large, max-video-preview:-1\" \/>\n<link rel=\"canonical\" href=\"https:\/\/www.driel-polen.nl\/historie\/sosabowski\/\" \/>\n<meta property=\"og:locale\" content=\"pl_PL\" \/>\n<meta property=\"og:type\" content=\"article\" \/>\n<meta property=\"og:title\" content=\"Stanislaw Sosabowski\" \/>\n<meta property=\"og:description\" content=\"Stanislaw Sosabowski werd op 8 mei 1892 geboren in Stanislawow. In 1910 slaagde hij voor het eindexamen gymnasium en studeerde vervolgens aan de Hogere Handelsschool te Krakow.\" \/>\n<meta property=\"og:url\" content=\"https:\/\/www.driel-polen.nl\/historie\/sosabowski\/\" \/>\n<meta property=\"og:site_name\" content=\"Stichting Driel-Polen\" \/>\n<meta property=\"article:modified_time\" content=\"2023-10-24T20:01:57+00:00\" \/>\n<meta property=\"og:image\" content=\"https:\/\/www.driel-polen.nl\/wordpress\/wp-content\/uploads\/2018\/12\/gen-sosabowski.jpg\" \/>\n<meta name=\"twitter:label1\" content=\"Szacowany czas czytania\" \/>\n\t<meta name=\"twitter:data1\" content=\"9 minut\" \/>\n<script type=\"application\/ld+json\" class=\"yoast-schema-graph\">{\"@context\":\"https:\\\/\\\/schema.org\",\"@graph\":[{\"@type\":\"WebPage\",\"@id\":\"https:\\\/\\\/www.driel-polen.nl\\\/historie\\\/sosabowski\\\/\",\"url\":\"https:\\\/\\\/www.driel-polen.nl\\\/historie\\\/sosabowski\\\/\",\"name\":\"Stanislaw Sosabowski\",\"isPartOf\":{\"@id\":\"https:\\\/\\\/www.driel-polen.nl\\\/nl\\\/#website\"},\"primaryImageOfPage\":{\"@id\":\"https:\\\/\\\/www.driel-polen.nl\\\/historie\\\/sosabowski\\\/#primaryimage\"},\"image\":{\"@id\":\"https:\\\/\\\/www.driel-polen.nl\\\/historie\\\/sosabowski\\\/#primaryimage\"},\"thumbnailUrl\":\"https:\\\/\\\/www.driel-polen.nl\\\/wordpress\\\/wp-content\\\/uploads\\\/2018\\\/12\\\/gen-sosabowski.jpg\",\"datePublished\":\"2013-12-19T14:01:30+00:00\",\"dateModified\":\"2023-10-24T20:01:57+00:00\",\"description\":\"Stanislaw Sosabowski werd op 8 mei 1892 geboren in Stanislawow. In 1910 slaagde hij voor het eindexamen gymnasium en studeerde vervolgens aan de Hogere Handelsschool te Krakow.\",\"breadcrumb\":{\"@id\":\"https:\\\/\\\/www.driel-polen.nl\\\/historie\\\/sosabowski\\\/#breadcrumb\"},\"inLanguage\":\"pl-PL\",\"potentialAction\":[{\"@type\":\"ReadAction\",\"target\":[\"https:\\\/\\\/www.driel-polen.nl\\\/historie\\\/sosabowski\\\/\"]}]},{\"@type\":\"ImageObject\",\"inLanguage\":\"pl-PL\",\"@id\":\"https:\\\/\\\/www.driel-polen.nl\\\/historie\\\/sosabowski\\\/#primaryimage\",\"url\":\"https:\\\/\\\/www.driel-polen.nl\\\/wordpress\\\/wp-content\\\/uploads\\\/2018\\\/12\\\/gen-sosabowski.jpg\",\"contentUrl\":\"https:\\\/\\\/www.driel-polen.nl\\\/wordpress\\\/wp-content\\\/uploads\\\/2018\\\/12\\\/gen-sosabowski.jpg\"},{\"@type\":\"BreadcrumbList\",\"@id\":\"https:\\\/\\\/www.driel-polen.nl\\\/historie\\\/sosabowski\\\/#breadcrumb\",\"itemListElement\":[{\"@type\":\"ListItem\",\"position\":1,\"name\":\"History\",\"item\":\"https:\\\/\\\/www.driel-polen.nl\\\/en\\\/historie\\\/\"},{\"@type\":\"ListItem\",\"position\":2,\"name\":\"Stanis\u0142aw Sosabowski\"}]},{\"@type\":\"WebSite\",\"@id\":\"https:\\\/\\\/www.driel-polen.nl\\\/nl\\\/#website\",\"url\":\"https:\\\/\\\/www.driel-polen.nl\\\/nl\\\/\",\"name\":\"Stichting Driel-Polen\",\"description\":\"General St. Sosabowski\",\"potentialAction\":[{\"@type\":\"SearchAction\",\"target\":{\"@type\":\"EntryPoint\",\"urlTemplate\":\"https:\\\/\\\/www.driel-polen.nl\\\/nl\\\/?s={search_term_string}\"},\"query-input\":{\"@type\":\"PropertyValueSpecification\",\"valueRequired\":true,\"valueName\":\"search_term_string\"}}],\"inLanguage\":\"pl-PL\"}]}<\/script>\n<!-- \/ Yoast SEO plugin. -->","yoast_head_json":{"title":"Stanislaw Sosabowski","description":"Stanislaw Sosabowski werd op 8 mei 1892 geboren in Stanislawow. In 1910 slaagde hij voor het eindexamen gymnasium en studeerde vervolgens aan de Hogere Handelsschool te Krakow.","robots":{"index":"index","follow":"follow","max-snippet":"max-snippet:-1","max-image-preview":"max-image-preview:large","max-video-preview":"max-video-preview:-1"},"canonical":"https:\/\/www.driel-polen.nl\/historie\/sosabowski\/","og_locale":"pl_PL","og_type":"article","og_title":"Stanislaw Sosabowski","og_description":"Stanislaw Sosabowski werd op 8 mei 1892 geboren in Stanislawow. In 1910 slaagde hij voor het eindexamen gymnasium en studeerde vervolgens aan de Hogere Handelsschool te Krakow.","og_url":"https:\/\/www.driel-polen.nl\/historie\/sosabowski\/","og_site_name":"Stichting Driel-Polen","article_modified_time":"2023-10-24T20:01:57+00:00","og_image":[{"url":"https:\/\/www.driel-polen.nl\/wordpress\/wp-content\/uploads\/2018\/12\/gen-sosabowski.jpg","type":"","width":"","height":""}],"twitter_misc":{"Szacowany czas czytania":"9 minut"},"schema":{"@context":"https:\/\/schema.org","@graph":[{"@type":"WebPage","@id":"https:\/\/www.driel-polen.nl\/historie\/sosabowski\/","url":"https:\/\/www.driel-polen.nl\/historie\/sosabowski\/","name":"Stanislaw Sosabowski","isPartOf":{"@id":"https:\/\/www.driel-polen.nl\/nl\/#website"},"primaryImageOfPage":{"@id":"https:\/\/www.driel-polen.nl\/historie\/sosabowski\/#primaryimage"},"image":{"@id":"https:\/\/www.driel-polen.nl\/historie\/sosabowski\/#primaryimage"},"thumbnailUrl":"https:\/\/www.driel-polen.nl\/wordpress\/wp-content\/uploads\/2018\/12\/gen-sosabowski.jpg","datePublished":"2013-12-19T14:01:30+00:00","dateModified":"2023-10-24T20:01:57+00:00","description":"Stanislaw Sosabowski werd op 8 mei 1892 geboren in Stanislawow. In 1910 slaagde hij voor het eindexamen gymnasium en studeerde vervolgens aan de Hogere Handelsschool te Krakow.","breadcrumb":{"@id":"https:\/\/www.driel-polen.nl\/historie\/sosabowski\/#breadcrumb"},"inLanguage":"pl-PL","potentialAction":[{"@type":"ReadAction","target":["https:\/\/www.driel-polen.nl\/historie\/sosabowski\/"]}]},{"@type":"ImageObject","inLanguage":"pl-PL","@id":"https:\/\/www.driel-polen.nl\/historie\/sosabowski\/#primaryimage","url":"https:\/\/www.driel-polen.nl\/wordpress\/wp-content\/uploads\/2018\/12\/gen-sosabowski.jpg","contentUrl":"https:\/\/www.driel-polen.nl\/wordpress\/wp-content\/uploads\/2018\/12\/gen-sosabowski.jpg"},{"@type":"BreadcrumbList","@id":"https:\/\/www.driel-polen.nl\/historie\/sosabowski\/#breadcrumb","itemListElement":[{"@type":"ListItem","position":1,"name":"History","item":"https:\/\/www.driel-polen.nl\/en\/historie\/"},{"@type":"ListItem","position":2,"name":"Stanis\u0142aw Sosabowski"}]},{"@type":"WebSite","@id":"https:\/\/www.driel-polen.nl\/nl\/#website","url":"https:\/\/www.driel-polen.nl\/nl\/","name":"Stichting Driel-Polen","description":"General St. Sosabowski","potentialAction":[{"@type":"SearchAction","target":{"@type":"EntryPoint","urlTemplate":"https:\/\/www.driel-polen.nl\/nl\/?s={search_term_string}"},"query-input":{"@type":"PropertyValueSpecification","valueRequired":true,"valueName":"search_term_string"}}],"inLanguage":"pl-PL"}]}},"_links":{"self":[{"href":"https:\/\/www.driel-polen.nl\/pl\/wp-json\/wp\/v2\/pages\/217","targetHints":{"allow":["GET"]}}],"collection":[{"href":"https:\/\/www.driel-polen.nl\/pl\/wp-json\/wp\/v2\/pages"}],"about":[{"href":"https:\/\/www.driel-polen.nl\/pl\/wp-json\/wp\/v2\/types\/page"}],"author":[{"embeddable":true,"href":"https:\/\/www.driel-polen.nl\/pl\/wp-json\/wp\/v2\/users\/17"}],"replies":[{"embeddable":true,"href":"https:\/\/www.driel-polen.nl\/pl\/wp-json\/wp\/v2\/comments?post=217"}],"version-history":[{"count":10,"href":"https:\/\/www.driel-polen.nl\/pl\/wp-json\/wp\/v2\/pages\/217\/revisions"}],"predecessor-version":[{"id":8068,"href":"https:\/\/www.driel-polen.nl\/pl\/wp-json\/wp\/v2\/pages\/217\/revisions\/8068"}],"up":[{"embeddable":true,"href":"https:\/\/www.driel-polen.nl\/pl\/wp-json\/wp\/v2\/pages\/17"}],"wp:attachment":[{"href":"https:\/\/www.driel-polen.nl\/pl\/wp-json\/wp\/v2\/media?parent=217"}],"curies":[{"name":"wp","href":"https:\/\/api.w.org\/{rel}","templated":true}]}}