{"id":213,"date":"2013-12-19T14:57:21","date_gmt":"2013-12-19T13:57:21","guid":{"rendered":"http:\/\/www.driel-polen.nl\/wordpress\/?page_id=213"},"modified":"2020-04-24T14:51:32","modified_gmt":"2020-04-24T12:51:32","slug":"poolse-strijd","status":"publish","type":"page","link":"https:\/\/www.driel-polen.nl\/pl\/historie\/poolse-strijd\/","title":{"rendered":"Polscy Spadochroniarze"},"content":{"rendered":"<p>Z inicjatywy licz\u0105cej p\u00f3\u0142tora miliona cz\u0142onk\u00f3w Ligi Obrony Powietrznej i Przeciwgazowej, polska s\u0142u\u017cba ochrony lotnictwa w 1937 roku zapocz\u0105tkowa\u0142a skoki spadochronowe w Polsce. 5 wrze\u015bnia 1937 roku w obecno\u015bci licznej grupy widz\u00f3w spadochroniarze zostali zrzuceni z Fokkera E-VIIE\/3m w okolicy Legionowa. Nast\u0119pnie rozpocz\u0105\u0142 si\u0119 pierwszy wojskowy konkurs skok\u00f3w spadochronowych.<\/p>\n<p>Po militarnej kl\u0119sce we wrze\u015bniu 1939 roku polska armia zosta\u0142a na nowo uformowana we Francji. 13 listopada 1939 roku Polski Komitet Ministr\u00f3w potajemnie za\u0142o\u017cy\u0142 Zwi\u0105zek Walki Zbrojnej. Celem organizacji by\u0142o: \u201etworzenie o\u015brodk\u00f3w rzeczywistego oporu narodowego, prowadzenie dzia\u0142a\u0144 zbrojnych przeciwko okupantowi oraz przygotowywanie narodowego powstania na ty\u0142ach frontu w chwili, gdy regularna armia polska dotrze do granic Polski\u201d. Kontakty z Polsk\u0105 mia\u0142y by\u0107 podtrzymywane poprzez zrzuty spadochroniarzy. Z powodu kapitulacji Francji wykonanie tego ambitnego planu sta\u0142o si\u0119 prawie niemo\u017cliwe.<\/p>\n<p>Po kapitulacji Francji prezydent Polski, naczelny w\u00f3dz si\u0142 zbrojnych oraz rz\u0105d przenie\u015bli si\u0119 do Anglii, aby tam kontynuowa\u0107 walk\u0119 po stronie Wielkiej Brytanii. 29 czerwca 1940 roku genera\u0142 W\u0142adys\u0142aw Sikorski, Naczelny W\u00f3dz Polskich Si\u0142 Zbrojnych utworzy\u0142 w Anglii Zwi\u0105zek Walki Zbrojnej. W protokole z czerwca 1940 roku dotycz\u0105cym w\u0142\u0105czenia si\u0142 powietrznych oraz armii do wsparcia powstania w Polsce postulowano utworzenie o\u015brodk\u00f3w szkoleniowych dla oficer\u00f3w \u0142\u0105cznikowych, specjalist\u00f3w do spraw sabota\u017cu oraz  spadochroniarzy. Wzywano te\u017c do formowania jednostek spadochronowych, kt\u00f3re mog\u0142yby zosta\u0107 szybko zrzucone nad Polsk\u0105.<\/p>\n<p>23 sierpnia 1940 roku w obozie wojskowym Kanadyjskich Oficer\u00f3w w Eliock w Szkocji utworzono 4 Brygad\u0119 Kadrow\u0105 Strzelc\u00f3w (4BSK). Jej dow\u00f3dc\u0105 zosta\u0142 pu\u0142kownik Sosabowski. We wrze\u015bniu 1940 roku rozpocz\u0119\u0142y si\u0119 szkolenia specjalist\u00f3w do spraw sabota\u017cu, kt\u00f3rzy mieli zosta\u0107 rozmieszczeni w Polsce. Pierwsza grupa oficer\u00f3w 4 Brygady Kadrowej Strzelc\u00f3w (4BKS) uczestniczy\u0142a w kursie sabota\u017cu w o\u015brodku szkoleniowym Kierownictwa Operacji Specjalnych (SOE) w Inverlochy Castle (Szkocja).<\/p>\n<p>10 pa\u017adziernika 1940 roku genera\u0142 Sikorski wyda\u0142 rozkaz dzienny o przygotowaniach do powstania w Polsce. Rozkaz zawiera\u0142 konkretne instrukcje dotycz\u0105ce wsparcia i ochrony walcz\u0105cych z powietrza oraz zrzutu spadochroniarzy. Pierwsze polskie szkolenia dla spadochroniarzy w brytyjskim o\u015brodku szkoleniowym w Ringway pod Manchester rozpocz\u0119\u0142y si\u0119 28 pa\u017adziernika 1940 roku. To tutaj szkolono spadochroniarzy Armii Krajowej, kt\u00f3rzy nast\u0119pnie w styczniu 1941 roku przeszli kurs sabota\u017cu w o\u015brodku Kierownictwa Operacji Specjalnych (SOE) w Briggens. W nocy z 15 na 16 lutego 1941 roku wystartowa\u0142 pierwszy samolot z Anglii do Polski z trzema polskimi spadochroniarzami na pok\u0142adzie. Zostali oni zrzuceni w okolicach Skoczkowa. Ich zadaniem by\u0142o wsparcie ruchu oporu.<\/p>\n<p>15 marca 1941 roku 4 Brygada Kadrowa Strzelc\u00f3w otworzy\u0142a o\u015brodek szkoleniowy dla spadochroniarzy w Largo House (Szkocja). To centrum szkoleniowe by\u0142o znane pod nazw\u0105 \u201eMa\u0142pi Gaj\u201d.<\/p>\n<p>Polacy zbudowali w sierpniu w Lundin Links, w okolicy Largo House, wie\u017c\u0119 \u0107wiczebn\u0105, z kt\u00f3rej mo\u017cna by\u0142o oddawa\u0107 skoki. Ten typ wie\u017cy \u0107wiczebnej pos\u0142u\u017cy\u0142 jako przyk\u0142ad dla Brytyjskich szkole\u0144 spadochronowych.<\/p>\n<p>20 czerwca 1941 roku genera\u0142 Sikorski zatwierdzi\u0142 projekt polskiego Znaku Spadochronowego. Projekt \u00f3w zosta\u0142 wykonany przez znanego polskiego grafika, sier\u017canta Mariana Walentynowicza.<\/p>\n<p>Przedstawia on or\u0142a w locie nurkowym z wygrawerowan\u0105 na rewersie dewiz\u0105: \u201eTobie Ojczyzno\u201d. Odznaka ta by\u0142a przeznaczona dla spadochroniarzy, kt\u00f3rzy uko\u0144czyli szkolenie. Do odznaki dla spadochroniarzy, kt\u00f3rzy brali udzia\u0142 w walkach, dodawano z\u0142oty wieniec, kt\u00f3ry nurkuj\u0105cy orze\u0142 trzyma w szponach.<\/p>\n<p>23 wrze\u015bnia 1941 roku w Kincraig w Szkocji odby\u0142y si\u0119 pierwsze prawdziwe spadochronowe \u0107wiczenia bojowe, podczas kt\u00f3rych w obecno\u015bci genera\u0142a Sikorskiego zosta\u0142 zrzucona ca\u0142a 4 Brygada.<\/p>\n<p>Po udanych \u0107wiczeniach genera\u0142 Sikorski zdecydowa\u0142 zmieni\u0107 nazw\u0119 4 Brygady Kadrowej Strzelc\u00f3w na Brygad\u0119 Spadochronow\u0105,z przeznaczeniem do dzia\u0142a\u0144 zbrojnych w Polsce. Przyznano wtedy r\u00f3wnie\u017c po raz pierwszy Znaki Spadochronowe. 23 wrze\u015bnia zosta\u0142 ustanowiony \u201eDniem Brygady\u201d. 9 pa\u017adziernika Genera\u0142 Sikorski wyda\u0142 rozkaz, na podstawie kt\u00f3rego polska Brygada Spadochronowa zosta\u0142a oficjalnie uformowana. Jej dow\u00f3dc\u0105 zosta\u0142 pu\u0142kownik Stanis\u0142aw Sosabowski.<\/p>\n<p>8 wrze\u015bnia 1942 roku dow\u00f3dca Armii Krajowej (AK), genera\u0142 brygady Stefan Rowecki, podpisa\u0142 raport operacyjny nr 154 dotycz\u0105cy powstania powszechnego. Przyj\u0119to w nim, \u017ce ewentualne powstanie w Polsce zostanie wsparte z Zachodu przez polskich spadochroniarzy.<\/p>\n<p>20 pa\u017adziernika 1942 roku brygadzie przyznano oficjaln\u0105 nazw\u0119 \u201e1 Samodzielna Brygada Spadochronowa\u201d (1SBS). Podlega\u0142a ona Naczelnemu Dow\u00f3dcy Polskich Si\u0142 Zbrojnych.<\/p>\n<p>Polska szko\u0142a spadochroniarzy zdobywa\u0142a coraz wi\u0119ksze do\u015bwiadczenie. Wypracowa\u0142a nowy system szkoleniowy i zosta\u0142a lepiej wyposa\u017cona. R\u00f3\u017cne narodowo\u015bci m.in. Holendrzy, z powodzeniem korzysta\u0142y z polskich o\u015brodk\u00f3w szkoleniowych.<\/p>\n<p><\/p>","protected":false},"excerpt":{"rendered":"<p>Z inicjatywy licz\u0105cej p\u00f3\u0142tora miliona cz\u0142onk\u00f3w Ligi Obrony Powietrznej i Przeciwgazowej, polska s\u0142u\u017cba ochrony lotnictwa w 1937 roku zapocz\u0105tkowa\u0142a skoki spadochronowe w Polsce. 5 wrze\u015bnia 1937 roku w obecno\u015bci licznej grupy widz\u00f3w spadochroniarze zostali zrzuceni z Fokkera E-VIIE\/3m w okolicy <span class=\"excerpt-dots\">&hellip;<\/span> <a class=\"more-link\" href=\"https:\/\/www.driel-polen.nl\/pl\/historie\/poolse-strijd\/\"><span class=\"more-msg\"><img decoding=\"async\" src=\"https:\/\/www.driel-polen.nl\/downloads\/lees-meer3.jpg\"><\/p>\n<hr class=\"wvrx-expand-full\" style=\"margin:0\"><\/span><\/a><\/p>\n","protected":false},"author":17,"featured_media":0,"parent":17,"menu_order":1,"comment_status":"closed","ping_status":"open","template":"","meta":{"_monsterinsights_skip_tracking":false,"_monsterinsights_sitenote_active":false,"_monsterinsights_sitenote_note":"","_monsterinsights_sitenote_category":0,"ngg_post_thumbnail":0,"footnotes":""},"class_list":["post-213","page","type-page","status-publish","hentry"],"yoast_head":"<!-- This site is optimized with the Yoast SEO plugin v27.4 - https:\/\/yoast.com\/product\/yoast-seo-wordpress\/ -->\n<title>Poolse Parachutisten<\/title>\n<meta name=\"description\" content=\"Poolse Parachutisten - Op initiatief van de Liga Obrony Powietrznej I Przeciwgazowej, werd in 1937 begonnen met parachutespringen\" \/>\n<meta name=\"robots\" content=\"index, follow, max-snippet:-1, max-image-preview:large, max-video-preview:-1\" \/>\n<link rel=\"canonical\" href=\"https:\/\/www.driel-polen.nl\/en\/historie\/poolse-strijd\/\" \/>\n<meta property=\"og:locale\" content=\"pl_PL\" \/>\n<meta property=\"og:type\" content=\"article\" \/>\n<meta property=\"og:title\" content=\"Poolse Parachutisten\" \/>\n<meta property=\"og:description\" content=\"Poolse Parachutisten - Op initiatief van de Liga Obrony Powietrznej I Przeciwgazowej, werd in 1937 begonnen met parachutespringen\" \/>\n<meta property=\"og:url\" content=\"https:\/\/www.driel-polen.nl\/en\/historie\/poolse-strijd\/\" \/>\n<meta property=\"og:site_name\" content=\"Stichting Driel-Polen\" \/>\n<meta property=\"article:modified_time\" content=\"2020-04-24T12:51:32+00:00\" \/>\n<meta name=\"twitter:label1\" content=\"Szacowany czas czytania\" \/>\n\t<meta name=\"twitter:data1\" content=\"12 minut\" \/>\n<script type=\"application\/ld+json\" class=\"yoast-schema-graph\">{\"@context\":\"https:\\\/\\\/schema.org\",\"@graph\":[{\"@type\":\"WebPage\",\"@id\":\"https:\\\/\\\/www.driel-polen.nl\\\/en\\\/historie\\\/poolse-strijd\\\/\",\"url\":\"https:\\\/\\\/www.driel-polen.nl\\\/en\\\/historie\\\/poolse-strijd\\\/\",\"name\":\"Poolse Parachutisten\",\"isPartOf\":{\"@id\":\"https:\\\/\\\/www.driel-polen.nl\\\/nl\\\/#website\"},\"datePublished\":\"2013-12-19T13:57:21+00:00\",\"dateModified\":\"2020-04-24T12:51:32+00:00\",\"description\":\"Poolse Parachutisten - Op initiatief van de Liga Obrony Powietrznej I Przeciwgazowej, werd in 1937 begonnen met parachutespringen\",\"breadcrumb\":{\"@id\":\"https:\\\/\\\/www.driel-polen.nl\\\/en\\\/historie\\\/poolse-strijd\\\/#breadcrumb\"},\"inLanguage\":\"pl-PL\",\"potentialAction\":[{\"@type\":\"ReadAction\",\"target\":[\"https:\\\/\\\/www.driel-polen.nl\\\/en\\\/historie\\\/poolse-strijd\\\/\"]}]},{\"@type\":\"BreadcrumbList\",\"@id\":\"https:\\\/\\\/www.driel-polen.nl\\\/en\\\/historie\\\/poolse-strijd\\\/#breadcrumb\",\"itemListElement\":[{\"@type\":\"ListItem\",\"position\":1,\"name\":\"History\",\"item\":\"https:\\\/\\\/www.driel-polen.nl\\\/en\\\/historie\\\/\"},{\"@type\":\"ListItem\",\"position\":2,\"name\":\"Polish Paratroopers\"}]},{\"@type\":\"WebSite\",\"@id\":\"https:\\\/\\\/www.driel-polen.nl\\\/nl\\\/#website\",\"url\":\"https:\\\/\\\/www.driel-polen.nl\\\/nl\\\/\",\"name\":\"Stichting Driel-Polen\",\"description\":\"General St. Sosabowski\",\"potentialAction\":[{\"@type\":\"SearchAction\",\"target\":{\"@type\":\"EntryPoint\",\"urlTemplate\":\"https:\\\/\\\/www.driel-polen.nl\\\/nl\\\/?s={search_term_string}\"},\"query-input\":{\"@type\":\"PropertyValueSpecification\",\"valueRequired\":true,\"valueName\":\"search_term_string\"}}],\"inLanguage\":\"pl-PL\"}]}<\/script>\n<!-- \/ Yoast SEO plugin. -->","yoast_head_json":{"title":"Poolse Parachutisten","description":"Poolse Parachutisten - Op initiatief van de Liga Obrony Powietrznej I Przeciwgazowej, werd in 1937 begonnen met parachutespringen","robots":{"index":"index","follow":"follow","max-snippet":"max-snippet:-1","max-image-preview":"max-image-preview:large","max-video-preview":"max-video-preview:-1"},"canonical":"https:\/\/www.driel-polen.nl\/en\/historie\/poolse-strijd\/","og_locale":"pl_PL","og_type":"article","og_title":"Poolse Parachutisten","og_description":"Poolse Parachutisten - Op initiatief van de Liga Obrony Powietrznej I Przeciwgazowej, werd in 1937 begonnen met parachutespringen","og_url":"https:\/\/www.driel-polen.nl\/en\/historie\/poolse-strijd\/","og_site_name":"Stichting Driel-Polen","article_modified_time":"2020-04-24T12:51:32+00:00","twitter_misc":{"Szacowany czas czytania":"12 minut"},"schema":{"@context":"https:\/\/schema.org","@graph":[{"@type":"WebPage","@id":"https:\/\/www.driel-polen.nl\/en\/historie\/poolse-strijd\/","url":"https:\/\/www.driel-polen.nl\/en\/historie\/poolse-strijd\/","name":"Poolse Parachutisten","isPartOf":{"@id":"https:\/\/www.driel-polen.nl\/nl\/#website"},"datePublished":"2013-12-19T13:57:21+00:00","dateModified":"2020-04-24T12:51:32+00:00","description":"Poolse Parachutisten - Op initiatief van de Liga Obrony Powietrznej I Przeciwgazowej, werd in 1937 begonnen met parachutespringen","breadcrumb":{"@id":"https:\/\/www.driel-polen.nl\/en\/historie\/poolse-strijd\/#breadcrumb"},"inLanguage":"pl-PL","potentialAction":[{"@type":"ReadAction","target":["https:\/\/www.driel-polen.nl\/en\/historie\/poolse-strijd\/"]}]},{"@type":"BreadcrumbList","@id":"https:\/\/www.driel-polen.nl\/en\/historie\/poolse-strijd\/#breadcrumb","itemListElement":[{"@type":"ListItem","position":1,"name":"History","item":"https:\/\/www.driel-polen.nl\/en\/historie\/"},{"@type":"ListItem","position":2,"name":"Polish Paratroopers"}]},{"@type":"WebSite","@id":"https:\/\/www.driel-polen.nl\/nl\/#website","url":"https:\/\/www.driel-polen.nl\/nl\/","name":"Stichting Driel-Polen","description":"General St. Sosabowski","potentialAction":[{"@type":"SearchAction","target":{"@type":"EntryPoint","urlTemplate":"https:\/\/www.driel-polen.nl\/nl\/?s={search_term_string}"},"query-input":{"@type":"PropertyValueSpecification","valueRequired":true,"valueName":"search_term_string"}}],"inLanguage":"pl-PL"}]}},"_links":{"self":[{"href":"https:\/\/www.driel-polen.nl\/pl\/wp-json\/wp\/v2\/pages\/213","targetHints":{"allow":["GET"]}}],"collection":[{"href":"https:\/\/www.driel-polen.nl\/pl\/wp-json\/wp\/v2\/pages"}],"about":[{"href":"https:\/\/www.driel-polen.nl\/pl\/wp-json\/wp\/v2\/types\/page"}],"author":[{"embeddable":true,"href":"https:\/\/www.driel-polen.nl\/pl\/wp-json\/wp\/v2\/users\/17"}],"replies":[{"embeddable":true,"href":"https:\/\/www.driel-polen.nl\/pl\/wp-json\/wp\/v2\/comments?post=213"}],"version-history":[{"count":6,"href":"https:\/\/www.driel-polen.nl\/pl\/wp-json\/wp\/v2\/pages\/213\/revisions"}],"predecessor-version":[{"id":4255,"href":"https:\/\/www.driel-polen.nl\/pl\/wp-json\/wp\/v2\/pages\/213\/revisions\/4255"}],"up":[{"embeddable":true,"href":"https:\/\/www.driel-polen.nl\/pl\/wp-json\/wp\/v2\/pages\/17"}],"wp:attachment":[{"href":"https:\/\/www.driel-polen.nl\/pl\/wp-json\/wp\/v2\/media?parent=213"}],"curies":[{"name":"wp","href":"https:\/\/api.w.org\/{rel}","templated":true}]}}