{"id":211,"date":"2013-12-19T14:54:50","date_gmt":"2013-12-19T13:54:50","guid":{"rendered":"http:\/\/www.driel-polen.nl\/wordpress\/?page_id=211"},"modified":"2024-07-05T19:53:27","modified_gmt":"2024-07-05T17:53:27","slug":"geschiedenis-brigade","status":"publish","type":"page","link":"https:\/\/www.driel-polen.nl\/pl\/historie\/geschiedenis-brigade\/","title":{"rendered":"Samodzielna Brygada"},"content":{"rendered":"<p>14 listopada 1941 pu\u0142kownik Sosabowski z\u0142o\u017cy\u0142 wizyt\u0119 genera\u0142owi Frederickowi A.M. Browiningowi \u2013 dow\u00f3dcy brytyjskich wojsk spadochronowych oraz, od 1944 roku, dow\u00f3dcy 1 Korpusu Powietrznego.<br \/>\nPodczas rewizyty genera\u0142a Browninga 17 maja 1943 r. w 1 Samodzielnej Brygadzie Spadochronowej, Browning z\u0142o\u017cy\u0142 Sosabowskiemu propozycj\u0119 w obecno\u015bci jego adiutanta i t\u0142umacza Dyrdy, kt\u00f3ra dot\u0105d nie mia\u0142a precedensu w armii angielskiej: pod dow\u00f3dztwem Sosabowskiego powsta\u0142aby mieszana brytyjsko-polska dywizja lotnicza, w wyniku czego Sosabowskiemu nadano by w\u00f3wczas rang\u0119 genera\u0142a angielskiego.<\/p>\n<p>Ku wielkiemu zaskoczeniu Browninga, Sosabowski nie przyj\u0105\u0142 tej bardzo kusz\u0105cej propozycji. Od tamtej chwili stosunki mi\u0119dzy pu\u0142kownikiem Sosabowskim, a genera\u0142em Browningiem och\u0142odzi\u0142y si\u0119.<\/p>\n<p>1 Samodzielna Brygada Spadochronowa nie stanowi\u0142a cz\u0119\u015bci 1 Korpusu w Anglii. Od momentu za\u0142o\u017cenia brygada by\u0142a do dyspozycji Naczelnego Wodza Polskich Sil Zbrojnych i mia\u0142a zosta\u0107 wykorzystana do wsparcia powstania powszechnego w Polsce. Niestety \u2013 jak uczy historia \u2013 nigdy nie dotar\u0142a tak daleko.<\/p>\n<p>Gdy genera\u0142 Kazimierz Sosnkowski, po \u015bmierci genera\u0142a Sikorskiego pod Gibraltarem, zosta\u0142 Naczelnym Wodzem Polskich Si\u0142 Zbrojnych, brygada spadochronowa by\u0142a w toku przygotowa\u0144 do umieszczenia w Polsce. Brytyjczycy pr\u00f3bowali na wszelkie sposoby podporz\u0105dkowa\u0107 sobie brygad\u0119 swojemu dow\u00f3dztwu. Cel, dla kt\u00f3rego zosta\u0142a stworzona brygada, mia\u0142 przez to ulec zmianie. Sosabowski w swoich wspomnieniach podkre\u015bla, \u017ce genera\u0142 Sosnkowski zrobi\u0142 wszystko, co w jego mocy, by odwie\u015b\u0107 Brytyjczyk\u00f3w od tych zamiar\u00f3w.<\/p>\n<p>W drugiej po\u0142owie lutego 1944 r. szef sekcji \u0142\u0105czno\u015bci SHAEF wys\u0142a\u0142 do Sosnkowskiego wiadomo\u015b\u0107 z informacj\u0105, \u017ce Sosnkowski wkr\u00f3tce mo\u017ce spodziewa\u0107 si\u0119 oficjalnego wniosku o umieszczenie brygady pod dow\u00f3dztwem marsza\u0142ka polnego Montgomery&#8217;ego. Brytyjsko-polskie rozmowy na ten temat rozpocz\u0119\u0142y si\u0119 11 marca. Od samego pocz\u0105tku rozmowy prowadzone by\u0142y podwielk\u0105 presj\u0105 ze strony Montgomery&#8217;ego. Po inspekcji brygady 13 marca 1944 r. by\u0142 on prawie pewien, \u017ce osi\u0105gn\u0105\u0142 sw\u00f3j cel.<\/p>\n<p>6 czerwca, w dniu inwazji na Normandi\u0119, Sosnkowski poinformowa\u0142 Grasset\u0119, \u017ce Rz\u0105d Polski doszed\u0142 do wniosku, i\u017c 1 Samodzielna Brygada Spadochronowa r\u00f3wnie\u017c powinna uczestniczy\u0107 w inwazji. Dlatego te\u017c udost\u0119pni\u0142 brygad\u0119 Naczelnemu Dow\u00f3dcy Alianckich Si\u0142 Ekspedycyjnych , genera\u0142owi Dwightowi Eisenhowerowi. Od tamtej pory genera\u0142 Browning podejmowa\u0142 wszelkiego rodzaju pr\u00f3by maj\u0105ce na celu jak najszybsze sprowadzenie brygady na front. Aby zmniejszy\u0107 straty przed umieszczeniem brygady w Polsce, Sosabowski usi\u0142owa\u0142 odsun\u0105\u0107 to z kolei jak najd\u0142u\u017cej w czasie.<\/p>","protected":false},"excerpt":{"rendered":"<p>14 listopada 1941 pu\u0142kownik Sosabowski z\u0142o\u017cy\u0142 wizyt\u0119 genera\u0142owi Frederickowi A.M. Browiningowi \u2013 dow\u00f3dcy brytyjskich wojsk spadochronowych oraz, od 1944 roku, dow\u00f3dcy 1 Korpusu Powietrznego. Podczas rewizyty genera\u0142a Browninga 17 maja 1943 r. w 1 Samodzielnej Brygadzie Spadochronowej, Browning z\u0142o\u017cy\u0142 Sosabowskiemu <span class=\"excerpt-dots\">&hellip;<\/span> <a class=\"more-link\" href=\"https:\/\/www.driel-polen.nl\/pl\/historie\/geschiedenis-brigade\/\"><span class=\"more-msg\"><img decoding=\"async\" src=\"https:\/\/www.driel-polen.nl\/downloads\/lees-meer3.jpg\"><\/p>\n<hr class=\"wvrx-expand-full\" style=\"margin:0\"><\/span><\/a><\/p>\n","protected":false},"author":17,"featured_media":0,"parent":17,"menu_order":3,"comment_status":"closed","ping_status":"open","template":"","meta":{"_monsterinsights_skip_tracking":false,"_monsterinsights_sitenote_active":false,"_monsterinsights_sitenote_note":"","_monsterinsights_sitenote_category":0,"ngg_post_thumbnail":0,"footnotes":""},"class_list":["post-211","page","type-page","status-publish","hentry"],"yoast_head":"<!-- This site is optimized with the Yoast SEO plugin v27.4 - https:\/\/yoast.com\/product\/yoast-seo-wordpress\/ -->\n<title>De 1e Poolse Onafhankelijke Parachutisten Brigade<\/title>\n<meta name=\"description\" content=\"De 1e Poolse Onafhankelijke Parachutisten Brigade was geen onderdeel van het 1e Poolse Korps in Engeland\" \/>\n<meta name=\"robots\" content=\"index, follow, max-snippet:-1, max-image-preview:large, max-video-preview:-1\" \/>\n<link rel=\"canonical\" href=\"https:\/\/www.driel-polen.nl\/historie\/geschiedenis-brigade\/\" \/>\n<meta property=\"og:locale\" content=\"pl_PL\" \/>\n<meta property=\"og:type\" content=\"article\" \/>\n<meta property=\"og:title\" content=\"De 1e Poolse Onafhankelijke Parachutisten Brigade\" \/>\n<meta property=\"og:description\" content=\"De 1e Poolse Onafhankelijke Parachutisten Brigade was geen onderdeel van het 1e Poolse Korps in Engeland\" \/>\n<meta property=\"og:url\" content=\"https:\/\/www.driel-polen.nl\/historie\/geschiedenis-brigade\/\" \/>\n<meta property=\"og:site_name\" content=\"Stichting Driel-Polen\" \/>\n<meta property=\"article:modified_time\" content=\"2024-07-05T17:53:27+00:00\" \/>\n<meta name=\"twitter:label1\" content=\"Szacowany czas czytania\" \/>\n\t<meta name=\"twitter:data1\" content=\"6 minut\" \/>\n<script type=\"application\/ld+json\" class=\"yoast-schema-graph\">{\"@context\":\"https:\\\/\\\/schema.org\",\"@graph\":[{\"@type\":\"WebPage\",\"@id\":\"https:\\\/\\\/www.driel-polen.nl\\\/historie\\\/geschiedenis-brigade\\\/\",\"url\":\"https:\\\/\\\/www.driel-polen.nl\\\/historie\\\/geschiedenis-brigade\\\/\",\"name\":\"De 1e Poolse Onafhankelijke Parachutisten Brigade\",\"isPartOf\":{\"@id\":\"https:\\\/\\\/www.driel-polen.nl\\\/nl\\\/#website\"},\"datePublished\":\"2013-12-19T13:54:50+00:00\",\"dateModified\":\"2024-07-05T17:53:27+00:00\",\"description\":\"De 1e Poolse Onafhankelijke Parachutisten Brigade was geen onderdeel van het 1e Poolse Korps in Engeland\",\"breadcrumb\":{\"@id\":\"https:\\\/\\\/www.driel-polen.nl\\\/historie\\\/geschiedenis-brigade\\\/#breadcrumb\"},\"inLanguage\":\"pl-PL\",\"potentialAction\":[{\"@type\":\"ReadAction\",\"target\":[\"https:\\\/\\\/www.driel-polen.nl\\\/historie\\\/geschiedenis-brigade\\\/\"]}]},{\"@type\":\"BreadcrumbList\",\"@id\":\"https:\\\/\\\/www.driel-polen.nl\\\/historie\\\/geschiedenis-brigade\\\/#breadcrumb\",\"itemListElement\":[{\"@type\":\"ListItem\",\"position\":1,\"name\":\"History\",\"item\":\"https:\\\/\\\/www.driel-polen.nl\\\/en\\\/historie\\\/\"},{\"@type\":\"ListItem\",\"position\":2,\"name\":\"Onafhankelijke Brigade\"}]},{\"@type\":\"WebSite\",\"@id\":\"https:\\\/\\\/www.driel-polen.nl\\\/nl\\\/#website\",\"url\":\"https:\\\/\\\/www.driel-polen.nl\\\/nl\\\/\",\"name\":\"Stichting Driel-Polen\",\"description\":\"General St. Sosabowski\",\"potentialAction\":[{\"@type\":\"SearchAction\",\"target\":{\"@type\":\"EntryPoint\",\"urlTemplate\":\"https:\\\/\\\/www.driel-polen.nl\\\/nl\\\/?s={search_term_string}\"},\"query-input\":{\"@type\":\"PropertyValueSpecification\",\"valueRequired\":true,\"valueName\":\"search_term_string\"}}],\"inLanguage\":\"pl-PL\"}]}<\/script>\n<!-- \/ Yoast SEO plugin. -->","yoast_head_json":{"title":"De 1e Poolse Onafhankelijke Parachutisten Brigade","description":"De 1e Poolse Onafhankelijke Parachutisten Brigade was geen onderdeel van het 1e Poolse Korps in Engeland","robots":{"index":"index","follow":"follow","max-snippet":"max-snippet:-1","max-image-preview":"max-image-preview:large","max-video-preview":"max-video-preview:-1"},"canonical":"https:\/\/www.driel-polen.nl\/historie\/geschiedenis-brigade\/","og_locale":"pl_PL","og_type":"article","og_title":"De 1e Poolse Onafhankelijke Parachutisten Brigade","og_description":"De 1e Poolse Onafhankelijke Parachutisten Brigade was geen onderdeel van het 1e Poolse Korps in Engeland","og_url":"https:\/\/www.driel-polen.nl\/historie\/geschiedenis-brigade\/","og_site_name":"Stichting Driel-Polen","article_modified_time":"2024-07-05T17:53:27+00:00","twitter_misc":{"Szacowany czas czytania":"6 minut"},"schema":{"@context":"https:\/\/schema.org","@graph":[{"@type":"WebPage","@id":"https:\/\/www.driel-polen.nl\/historie\/geschiedenis-brigade\/","url":"https:\/\/www.driel-polen.nl\/historie\/geschiedenis-brigade\/","name":"De 1e Poolse Onafhankelijke Parachutisten Brigade","isPartOf":{"@id":"https:\/\/www.driel-polen.nl\/nl\/#website"},"datePublished":"2013-12-19T13:54:50+00:00","dateModified":"2024-07-05T17:53:27+00:00","description":"De 1e Poolse Onafhankelijke Parachutisten Brigade was geen onderdeel van het 1e Poolse Korps in Engeland","breadcrumb":{"@id":"https:\/\/www.driel-polen.nl\/historie\/geschiedenis-brigade\/#breadcrumb"},"inLanguage":"pl-PL","potentialAction":[{"@type":"ReadAction","target":["https:\/\/www.driel-polen.nl\/historie\/geschiedenis-brigade\/"]}]},{"@type":"BreadcrumbList","@id":"https:\/\/www.driel-polen.nl\/historie\/geschiedenis-brigade\/#breadcrumb","itemListElement":[{"@type":"ListItem","position":1,"name":"History","item":"https:\/\/www.driel-polen.nl\/en\/historie\/"},{"@type":"ListItem","position":2,"name":"Onafhankelijke Brigade"}]},{"@type":"WebSite","@id":"https:\/\/www.driel-polen.nl\/nl\/#website","url":"https:\/\/www.driel-polen.nl\/nl\/","name":"Stichting Driel-Polen","description":"General St. Sosabowski","potentialAction":[{"@type":"SearchAction","target":{"@type":"EntryPoint","urlTemplate":"https:\/\/www.driel-polen.nl\/nl\/?s={search_term_string}"},"query-input":{"@type":"PropertyValueSpecification","valueRequired":true,"valueName":"search_term_string"}}],"inLanguage":"pl-PL"}]}},"_links":{"self":[{"href":"https:\/\/www.driel-polen.nl\/pl\/wp-json\/wp\/v2\/pages\/211","targetHints":{"allow":["GET"]}}],"collection":[{"href":"https:\/\/www.driel-polen.nl\/pl\/wp-json\/wp\/v2\/pages"}],"about":[{"href":"https:\/\/www.driel-polen.nl\/pl\/wp-json\/wp\/v2\/types\/page"}],"author":[{"embeddable":true,"href":"https:\/\/www.driel-polen.nl\/pl\/wp-json\/wp\/v2\/users\/17"}],"replies":[{"embeddable":true,"href":"https:\/\/www.driel-polen.nl\/pl\/wp-json\/wp\/v2\/comments?post=211"}],"version-history":[{"count":9,"href":"https:\/\/www.driel-polen.nl\/pl\/wp-json\/wp\/v2\/pages\/211\/revisions"}],"predecessor-version":[{"id":8264,"href":"https:\/\/www.driel-polen.nl\/pl\/wp-json\/wp\/v2\/pages\/211\/revisions\/8264"}],"up":[{"embeddable":true,"href":"https:\/\/www.driel-polen.nl\/pl\/wp-json\/wp\/v2\/pages\/17"}],"wp:attachment":[{"href":"https:\/\/www.driel-polen.nl\/pl\/wp-json\/wp\/v2\/media?parent=211"}],"curies":[{"name":"wp","href":"https:\/\/api.w.org\/{rel}","templated":true}]}}